{"id":429058,"date":"2026-01-28T05:32:53","date_gmt":"2026-01-28T05:32:53","guid":{"rendered":"https:\/\/www.purejewels.com\/?post_type=product&#038;p=429058"},"modified":"2026-04-28T09:06:00","modified_gmt":"2026-04-28T08:06:00","slug":"22ct-sonnenaufgang-gold-blutenblatt-ring-55478","status":"publish","type":"product","link":"https:\/\/www.purejewels.com\/de\/product\/22ct-sunrise-gold-petal-ring-55478\/","title":{"rendered":"22ct Sunrise Gold Bl\u00fctenblatt Ring"},"content":{"rendered":"<h3 data-section-id=\"1l8pjws\" data-start=\"33\" data-end=\"60\">Inspiration und Geschichte<\/h3>\n<p data-start=\"62\" data-end=\"341\">Die <strong data-start=\"66\" data-end=\"80\">Bl\u00fctenblatt Ring<\/strong> ist eine Feier der stillen Sch\u00f6nheit, der Erneuerung und der Eleganz, die in der sich entfaltenden Reise des Lebens liegt. Inspiriert von der Lotusblume - einem zeitlosen Symbol f\u00fcr Reinheit und Widerstandsf\u00e4higkeit - f\u00e4ngt dieses Design die anmutige Silhouette eines einzelnen Bl\u00fctenblatts ein, das gerade zu bl\u00fchen beginnt.<\/p>\n<p data-start=\"343\" data-end=\"737\">W\u00e4hrend die volle Lotusbl\u00fcte f\u00fcr die Vollendung steht, symbolisiert das Bl\u00fctenblatt das erste Kapitel: einen neuen Anfang, ein bedeutungsvolles Versprechen oder das sanfte Erwachen von etwas Sch\u00f6nem. Als Teil unserer Signatur <strong data-start=\"539\" data-end=\"559\">Lotus-Kollektion<\/strong>, Der Petal Ring ehrt Momente des Wachstums, der Selbstentdeckung und der Liebe in ihrer fr\u00fchesten und kostbarsten Form. Er erinnert daran, dass jede gro\u00dfe Geschichte mit einem zarten Schritt beginnt.<\/p>\n<h3 data-section-id=\"1qb94gn\" data-start=\"744\" data-end=\"776\">Material und Handwerkskunst<\/h3>\n<p data-start=\"778\" data-end=\"1074\">Der in London von Meisterhandwerkern gefertigte Ring wird in der exklusiven PureJewels <strong data-start=\"858\" data-end=\"879\">22ct Sonnenaufgang Gold<\/strong>, die f\u00fcr ihren satten Goldton und ihre strahlende W\u00e4rme bekannt ist. Das polierte Bl\u00fctenblattmotiv ist mit flie\u00dfenden Konturen und weichen Kanten geformt und spiegelt nat\u00fcrliche Anmut und moderne Raffinesse wider.<\/p>\n<p data-start=\"1076\" data-end=\"1359\">Die elegante, offene Struktur sorgt f\u00fcr eine leichte und moderne Silhouette, w\u00e4hrend das komfortable Band f\u00fcr m\u00fcheloses Tragen den ganzen Tag \u00fcber sorgt. Jede Kurve wird von Hand verfeinert, so dass ein Gleichgewicht zwischen St\u00e4rke und Weichheit entsteht - ein Markenzeichen der \u00fcber Generationen weitergegebenen Handwerkskunst von PureJewels.<\/p>\n<p data-start=\"1361\" data-end=\"1478\">Das Ergebnis ist ein Ring, der sich sowohl luxuri\u00f6s als auch sehr pers\u00f6nlich anf\u00fchlt: zeitlos in seiner Reinheit und modern im Ausdruck.<\/p>\n<h3 data-section-id=\"lvxqx6\" data-start=\"1485\" data-end=\"1503\">Styling-Tipps<\/h3>\n<p data-start=\"1505\" data-end=\"1750\">Perfekt als allt\u00e4gliches Erkennungsmerkmal oder bedeutungsvolles Geschenk ist das <strong data-start=\"1568\" data-end=\"1582\">Bl\u00fctenblatt Ring<\/strong> bringt unaufdringliche Eleganz in jede Schmuckgarderobe. Tragen Sie ihn allein, um ein klares und raffiniertes Statement abzugeben, oder kombinieren Sie ihn mit schmalen Goldb\u00e4ndern f\u00fcr einen modernen Lagenlook. Er l\u00e4sst sich wunderbar mit anderen Designs aus der <strong data-start=\"1801\" data-end=\"1821\">Lotus-Kollektion<\/strong>, Besonders beliebt sind von Bl\u00fctenbl\u00e4ttern inspirierte Ohrringe, zarte Anh\u00e4nger oder Armreifen aus strukturiertem Gold. Egal, ob Sie sich f\u00fcr einen Meilenstein entscheiden, Ihr pers\u00f6nliches Wachstum feiern oder einfach nur ein anmutiges Design bevorzugen, der Petal Ring erz\u00e4hlt mit jeder Geste eine Geschichte.<\/p>","protected":false},"excerpt":{"rendered":"<p><a class=\"js-click-ue-trigger\" style=\"display: inline-flex; align-items: center; text-decoration: none; color: #ffffff; cursor: pointer; background: #665f28; padding: 0px 20px 0px 0px; border-radius: 10px; border: 1px solid #665f28;\"><br \/>\n<img decoding=\"async\" style=\"width: 35px; height: auto;\" src=\"https:\/\/static.purejewels.com\/wp-content\/uploads\/2025\/09\/DDP_Down_Small.svg\" alt=\"Spur_Herkunft_Logo\" \/><br \/>\n<span style=\"font-size: 18px; line-height: 1;\">Spur Herkunft \u2192<\/span><br \/>\n<\/a><\/p>\n<p>Ein anmutiger Ausdruck der Sch\u00f6nheit der Natur, der <strong data-start=\"398\" data-end=\"430\">22ct Sunrise Gold Bl\u00fctenblatt Ring<\/strong> ist von der zarten Silhouette einer Lotusbl\u00fcte inspiriert. Dieser raffinierte Ring aus strahlendem 22-kar\u00e4tigem Sunrise Gold zelebriert Eleganz, Erneuerung und die stille Kraft, die in jeder Reise steckt.<\/p>\n<p><strong>Material:<\/strong> 22ct Sonnenaufgang Gold<br \/>\n<strong>Wahrzeichen:<\/strong> Britisches G\u00fctesiegel<br \/>\n<strong>Bruttogewicht:<\/strong>\u00a0 3 Gramm<br \/>\n<strong>SKU: <\/strong>55478<\/p>\n<p><strong>Preis und Lieferung:<\/strong> Inklusive Mehrwertsteuer und Lieferkosten<br \/>\n<strong>Anmerkung: <\/strong>Dieser Ring ist in allen Fingergr\u00f6\u00dfen erh\u00e4ltlich. Bitte <strong id=\"btn_TawkLink\">sich melden <\/strong>um die perfekte Passform f\u00fcr Sie zu bestellen.<br \/>\n<a href=\"https:\/\/www.purejewels.com\/de\/ruckgabepolitik\/\">R\u00fcckgabepolitik<\/a><\/p>","protected":false},"featured_media":429059,"comment_status":"closed","ping_status":"closed","template":"","meta":{"_eb_attr":"","_crsspst_to_jayantr4sg-hostcom":false},"product_brand":[],"product_cat":[1791,236,1229,1235,1783,1633,6050,1786,6081,1569,1574,5349],"product_tag":[],"class_list":{"0":"post-429058","1":"product","2":"type-product","3":"status-publish","4":"has-post-thumbnail","6":"product_cat-anniversary-gifts","7":"product_cat-collections","8":"product_cat-22ct-gold-jewellery","9":"product_cat-gold-rings","10":"product_cat-ladies-rings","11":"product_cat-lotus-collections","12":"product_cat-lotus-ring","13":"product_cat-occasional-wear-rings","14":"product_cat-sunrise-gold","15":"product_cat-valentine-day-gifts","16":"product_cat-womens-jewellery","17":"product_cat-yellow-gold-jewellery","19":"first","20":"instock","21":"taxable","22":"shipping-taxable","23":"purchasable","24":"product-type-simple","25":"add-to-wishlist-before_image"},"yoast_head":"<!-- This site is optimized with the Yoast SEO plugin v27.5 - https:\/\/yoast.com\/product\/yoast-seo-wordpress\/ -->\n<title>22ct Sunrise Gold Petal Ring | Lotus Collection | PureJewels<\/title>\n<meta name=\"description\" content=\"Discover the 22ct Sunrise Gold Petal Ring from the Lotus Collection by PureJewels. Inspired by the lotus flower, this elegant gold ring symbolises grace, renewal.\" \/>\n<meta name=\"robots\" content=\"index, follow, max-snippet:-1, max-image-preview:large, max-video-preview:-1\" \/>\n<link rel=\"canonical\" href=\"https:\/\/www.purejewels.com\/de\/produkt-2\/22ct-sonnenaufgang-gold-blutenblatt-ring-55478\/\" \/>\n<meta property=\"og:locale\" content=\"de_DE\" \/>\n<meta property=\"og:type\" content=\"article\" \/>\n<meta property=\"og:title\" content=\"22ct Sunrise Gold Petal Ring | Lotus Collection | PureJewels\" \/>\n<meta property=\"og:description\" content=\"Discover the 22ct Sunrise Gold Petal Ring from the Lotus Collection by PureJewels. Inspired by the lotus flower, this elegant gold ring symbolises grace, renewal.\" \/>\n<meta property=\"og:url\" content=\"https:\/\/www.purejewels.com\/de\/produkt-2\/22ct-sonnenaufgang-gold-blutenblatt-ring-55478\/\" \/>\n<meta property=\"og:site_name\" content=\"PureJewels UK\" \/>\n<meta property=\"article:modified_time\" content=\"2026-04-28T08:06:00+00:00\" \/>\n<meta property=\"og:image\" content=\"https:\/\/static.purejewels.com\/wp-content\/uploads\/2026\/04\/lotus-55478.jpg\" \/>\n\t<meta property=\"og:image:width\" content=\"1000\" \/>\n\t<meta property=\"og:image:height\" content=\"1000\" \/>\n\t<meta property=\"og:image:type\" content=\"image\/jpeg\" \/>\n<meta name=\"twitter:card\" content=\"summary_large_image\" \/>\n<meta name=\"twitter:label1\" content=\"Gesch\u00e4tzte Lesezeit\" \/>\n\t<meta name=\"twitter:data1\" content=\"2\u00a0Minuten\" \/>\n<script type=\"application\/ld+json\" class=\"yoast-schema-graph\">{\"@context\":\"https:\\\/\\\/schema.org\",\"@graph\":[{\"@type\":[\"WebPage\",\"ItemPage\"],\"@id\":\"https:\\\/\\\/www.purejewels.com\\\/product\\\/22ct-sunrise-gold-petal-ring-55478\\\/\",\"url\":\"https:\\\/\\\/www.purejewels.com\\\/product\\\/22ct-sunrise-gold-petal-ring-55478\\\/\",\"name\":\"22ct Sunrise Gold Petal Ring | Lotus Collection | PureJewels\",\"isPartOf\":{\"@id\":\"https:\\\/\\\/www.purejewels.com\\\/#website\"},\"primaryImageOfPage\":{\"@id\":\"https:\\\/\\\/www.purejewels.com\\\/product\\\/22ct-sunrise-gold-petal-ring-55478\\\/#primaryimage\"},\"image\":{\"@id\":\"https:\\\/\\\/www.purejewels.com\\\/product\\\/22ct-sunrise-gold-petal-ring-55478\\\/#primaryimage\"},\"thumbnailUrl\":\"https:\\\/\\\/static.purejewels.com\\\/wp-content\\\/uploads\\\/2026\\\/04\\\/lotus-55478.jpg\",\"datePublished\":\"2026-01-28T05:32:53+00:00\",\"dateModified\":\"2026-04-28T08:06:00+00:00\",\"description\":\"Discover the 22ct Sunrise Gold Petal Ring from the Lotus Collection by PureJewels. Inspired by the lotus flower, this elegant gold ring symbolises grace, renewal.\",\"breadcrumb\":{\"@id\":\"https:\\\/\\\/www.purejewels.com\\\/product\\\/22ct-sunrise-gold-petal-ring-55478\\\/#breadcrumb\"},\"inLanguage\":\"de\",\"potentialAction\":[{\"@type\":\"ReadAction\",\"target\":[\"https:\\\/\\\/www.purejewels.com\\\/product\\\/22ct-sunrise-gold-petal-ring-55478\\\/\"]}]},{\"@type\":\"ImageObject\",\"inLanguage\":\"de\",\"@id\":\"https:\\\/\\\/www.purejewels.com\\\/product\\\/22ct-sunrise-gold-petal-ring-55478\\\/#primaryimage\",\"url\":\"https:\\\/\\\/static.purejewels.com\\\/wp-content\\\/uploads\\\/2026\\\/04\\\/lotus-55478.jpg\",\"contentUrl\":\"https:\\\/\\\/static.purejewels.com\\\/wp-content\\\/uploads\\\/2026\\\/04\\\/lotus-55478.jpg\",\"width\":1000,\"height\":1000,\"caption\":\"22ct Sunrise Gold Petal Ring\"},{\"@type\":\"BreadcrumbList\",\"@id\":\"https:\\\/\\\/www.purejewels.com\\\/product\\\/22ct-sunrise-gold-petal-ring-55478\\\/#breadcrumb\",\"itemListElement\":[{\"@type\":\"ListItem\",\"position\":1,\"name\":\"Home\",\"item\":\"https:\\\/\\\/www.purejewels.com\\\/\"},{\"@type\":\"ListItem\",\"position\":2,\"name\":\"Shop\",\"item\":\"https:\\\/\\\/www.purejewels.com\\\/shop\\\/\"},{\"@type\":\"ListItem\",\"position\":3,\"name\":\"22ct Sunrise Gold Petal Ring\"}]},{\"@type\":\"WebSite\",\"@id\":\"https:\\\/\\\/www.purejewels.com\\\/#website\",\"url\":\"https:\\\/\\\/www.purejewels.com\\\/\",\"name\":\"PureJewels UK\",\"description\":\"Share the Love\",\"publisher\":{\"@id\":\"https:\\\/\\\/www.purejewels.com\\\/#organization\"},\"potentialAction\":[{\"@type\":\"SearchAction\",\"target\":{\"@type\":\"EntryPoint\",\"urlTemplate\":\"https:\\\/\\\/www.purejewels.com\\\/?s={search_term_string}\"},\"query-input\":{\"@type\":\"PropertyValueSpecification\",\"valueRequired\":true,\"valueName\":\"search_term_string\"}}],\"inLanguage\":\"de\"},{\"@type\":\"Organization\",\"@id\":\"https:\\\/\\\/www.purejewels.com\\\/#organization\",\"name\":\"PureJewels UK\",\"url\":\"https:\\\/\\\/www.purejewels.com\\\/\",\"logo\":{\"@type\":\"ImageObject\",\"inLanguage\":\"de\",\"@id\":\"https:\\\/\\\/www.purejewels.com\\\/#\\\/schema\\\/logo\\\/image\\\/\",\"url\":\"https:\\\/\\\/static.purejewels.com\\\/wp-content\\\/uploads\\\/2020\\\/11\\\/Logo-PJ-New-1.png\",\"contentUrl\":\"https:\\\/\\\/static.purejewels.com\\\/wp-content\\\/uploads\\\/2020\\\/11\\\/Logo-PJ-New-1.png\",\"width\":150,\"height\":80,\"caption\":\"PureJewels UK\"},\"image\":{\"@id\":\"https:\\\/\\\/www.purejewels.com\\\/#\\\/schema\\\/logo\\\/image\\\/\"}}]}<\/script>\n<!-- \/ Yoast SEO plugin. -->","yoast_head_json":{"title":"22ct Sunrise Gold Petal Ring | Lotus Kollektion | PureJewels","description":"Entdecken Sie den 22ct Sunrise Gold Petal Ring aus der Lotus Kollektion von PureJewels. Inspiriert von der Lotusblume, symbolisiert dieser elegante Goldring Anmut und Erneuerung.","robots":{"index":"index","follow":"follow","max-snippet":"max-snippet:-1","max-image-preview":"max-image-preview:large","max-video-preview":"max-video-preview:-1"},"canonical":"https:\/\/www.purejewels.com\/de\/produkt-2\/22ct-sonnenaufgang-gold-blutenblatt-ring-55478\/","og_locale":"de_DE","og_type":"article","og_title":"22ct Sunrise Gold Petal Ring | Lotus Collection | PureJewels","og_description":"Discover the 22ct Sunrise Gold Petal Ring from the Lotus Collection by PureJewels. Inspired by the lotus flower, this elegant gold ring symbolises grace, renewal.","og_url":"https:\/\/www.purejewels.com\/de\/produkt-2\/22ct-sonnenaufgang-gold-blutenblatt-ring-55478\/","og_site_name":"PureJewels UK","article_modified_time":"2026-04-28T08:06:00+00:00","og_image":[{"width":1000,"height":1000,"url":"https:\/\/static.purejewels.com\/wp-content\/uploads\/2026\/04\/lotus-55478.jpg","type":"image\/jpeg"}],"twitter_card":"summary_large_image","twitter_misc":{"Gesch\u00e4tzte Lesezeit":"2\u00a0Minuten"},"schema":{"@context":"https:\/\/schema.org","@graph":[{"@type":["WebPage","ItemPage"],"@id":"https:\/\/www.purejewels.com\/product\/22ct-sunrise-gold-petal-ring-55478\/","url":"https:\/\/www.purejewels.com\/product\/22ct-sunrise-gold-petal-ring-55478\/","name":"22ct Sunrise Gold Petal Ring | Lotus Kollektion | PureJewels","isPartOf":{"@id":"https:\/\/www.purejewels.com\/#website"},"primaryImageOfPage":{"@id":"https:\/\/www.purejewels.com\/product\/22ct-sunrise-gold-petal-ring-55478\/#primaryimage"},"image":{"@id":"https:\/\/www.purejewels.com\/product\/22ct-sunrise-gold-petal-ring-55478\/#primaryimage"},"thumbnailUrl":"https:\/\/static.purejewels.com\/wp-content\/uploads\/2026\/04\/lotus-55478.jpg","datePublished":"2026-01-28T05:32:53+00:00","dateModified":"2026-04-28T08:06:00+00:00","description":"Entdecken Sie den 22ct Sunrise Gold Petal Ring aus der Lotus Kollektion von PureJewels. Inspiriert von der Lotusblume, symbolisiert dieser elegante Goldring Anmut und Erneuerung.","breadcrumb":{"@id":"https:\/\/www.purejewels.com\/product\/22ct-sunrise-gold-petal-ring-55478\/#breadcrumb"},"inLanguage":"de","potentialAction":[{"@type":"ReadAction","target":["https:\/\/www.purejewels.com\/product\/22ct-sunrise-gold-petal-ring-55478\/"]}]},{"@type":"ImageObject","inLanguage":"de","@id":"https:\/\/www.purejewels.com\/product\/22ct-sunrise-gold-petal-ring-55478\/#primaryimage","url":"https:\/\/static.purejewels.com\/wp-content\/uploads\/2026\/04\/lotus-55478.jpg","contentUrl":"https:\/\/static.purejewels.com\/wp-content\/uploads\/2026\/04\/lotus-55478.jpg","width":1000,"height":1000,"caption":"22ct Sunrise Gold Petal Ring"},{"@type":"BreadcrumbList","@id":"https:\/\/www.purejewels.com\/product\/22ct-sunrise-gold-petal-ring-55478\/#breadcrumb","itemListElement":[{"@type":"ListItem","position":1,"name":"Home","item":"https:\/\/www.purejewels.com\/"},{"@type":"ListItem","position":2,"name":"Shop","item":"https:\/\/www.purejewels.com\/shop\/"},{"@type":"ListItem","position":3,"name":"22ct Sunrise Gold Petal Ring"}]},{"@type":"WebSite","@id":"https:\/\/www.purejewels.com\/#website","url":"https:\/\/www.purejewels.com\/","name":"PureJewels UK","description":"Teile die Liebe","publisher":{"@id":"https:\/\/www.purejewels.com\/#organization"},"potentialAction":[{"@type":"SearchAction","target":{"@type":"EntryPoint","urlTemplate":"https:\/\/www.purejewels.com\/?s={search_term_string}"},"query-input":{"@type":"PropertyValueSpecification","valueRequired":true,"valueName":"search_term_string"}}],"inLanguage":"de"},{"@type":"Organization","@id":"https:\/\/www.purejewels.com\/#organization","name":"PureJewels UK","url":"https:\/\/www.purejewels.com\/","logo":{"@type":"ImageObject","inLanguage":"de","@id":"https:\/\/www.purejewels.com\/#\/schema\/logo\/image\/","url":"https:\/\/static.purejewels.com\/wp-content\/uploads\/2020\/11\/Logo-PJ-New-1.png","contentUrl":"https:\/\/static.purejewels.com\/wp-content\/uploads\/2020\/11\/Logo-PJ-New-1.png","width":150,"height":80,"caption":"PureJewels UK"},"image":{"@id":"https:\/\/www.purejewels.com\/#\/schema\/logo\/image\/"}}]}},"_links":{"self":[{"href":"https:\/\/www.purejewels.com\/de\/wp-json\/wp\/v2\/product\/429058","targetHints":{"allow":["GET"]}}],"collection":[{"href":"https:\/\/www.purejewels.com\/de\/wp-json\/wp\/v2\/product"}],"about":[{"href":"https:\/\/www.purejewels.com\/de\/wp-json\/wp\/v2\/types\/product"}],"replies":[{"embeddable":true,"href":"https:\/\/www.purejewels.com\/de\/wp-json\/wp\/v2\/comments?post=429058"}],"version-history":[{"count":2,"href":"https:\/\/www.purejewels.com\/de\/wp-json\/wp\/v2\/product\/429058\/revisions"}],"predecessor-version":[{"id":429062,"href":"https:\/\/www.purejewels.com\/de\/wp-json\/wp\/v2\/product\/429058\/revisions\/429062"}],"wp:featuredmedia":[{"embeddable":true,"href":"https:\/\/www.purejewels.com\/de\/wp-json\/wp\/v2\/media\/429059"}],"wp:attachment":[{"href":"https:\/\/www.purejewels.com\/de\/wp-json\/wp\/v2\/media?parent=429058"}],"wp:term":[{"taxonomy":"product_brand","embeddable":true,"href":"https:\/\/www.purejewels.com\/de\/wp-json\/wp\/v2\/product_brand?post=429058"},{"taxonomy":"product_cat","embeddable":true,"href":"https:\/\/www.purejewels.com\/de\/wp-json\/wp\/v2\/product_cat?post=429058"},{"taxonomy":"product_tag","embeddable":true,"href":"https:\/\/www.purejewels.com\/de\/wp-json\/wp\/v2\/product_tag?post=429058"}],"curies":[{"name":"wp","href":"https:\/\/api.w.org\/{rel}","templated":true}]}}