{"id":429286,"date":"2026-03-04T06:07:19","date_gmt":"2026-03-04T06:07:19","guid":{"rendered":"https:\/\/www.purejewels.com\/?post_type=product&#038;p=429286"},"modified":"2026-05-04T06:30:42","modified_gmt":"2026-05-04T05:30:42","slug":"quadratischer-anhanger-mit-rosette-aus-22-karat-gold-46925","status":"publish","type":"product","link":"https:\/\/www.purejewels.com\/de\/product\/22ct-gold-rosette-square-pendant-46925\/","title":{"rendered":"22ct Gold Rosette Quadratischer Anh\u00e4nger"},"content":{"rendered":"<p data-start=\"276\" data-end=\"823\"><strong data-start=\"276\" data-end=\"316\">Designkonzept\u00a0<\/strong><br data-start=\"316\" data-end=\"319\" \/>Das Herzst\u00fcck dieses Anh\u00e4ngers ist die Rosette - ein best\u00e4ndiges Symbol f\u00fcr Feierlichkeiten, Wachstum und das sich in Schichten entfaltende Leben. Eingerahmt von einer strukturierten, quadratischen Silhouette, vereint das Design bl\u00fchende Blumen, von Paisley inspirierte Elemente und weiche, flie\u00dfende Formen, die den Rhythmus der Natur widerspiegeln. Jedes Motiv wurde sorgf\u00e4ltig arrangiert, um eine harmonische Komposition zu schaffen, die die PureJewels-Philosophie widerspiegelt, dass jede Reise durch eine Sammlung von bedeutungsvollen Momenten gepr\u00e4gt ist. Der quadratische Rahmen vermittelt ein Gef\u00fchl von Ausgewogenheit und St\u00e4rke, w\u00e4hrend die filigranen Details im Inneren f\u00fcr Weichheit und Flie\u00dff\u00e4higkeit sorgen - so entsteht ein St\u00fcck, das sowohl geerdet als auch ausdrucksstark ist.<\/p>\n<p data-start=\"1009\" data-end=\"1390\"><strong data-start=\"1009\" data-end=\"1053\">Handwerkliches K\u00f6nnen\u00a0<\/strong><br data-start=\"1053\" data-end=\"1056\" \/>Dieser aus reichem 22-kar\u00e4tigem Gold gefertigte Anh\u00e4nger zeigt die Sch\u00f6nheit der traditionellen Die Stamp Handwerkskunst. Jedes Element wurde sorgf\u00e4ltig geformt, um Tiefe, Textur und Klarheit des Designs zu erreichen. Die feinen Reliefs, die zarte K\u00f6rnung und die handgefertigten Verzierungen erwecken die Motive zum Leben und lassen das Licht sanft \u00fcber die Oberfl\u00e4che spielen. Dies ist Handwerkskunst, die \u00fcber Generationen weitergegeben wird - wo Pr\u00e4zisionstechnik auf die Sensibilit\u00e4t der Handwerkerhand trifft, um sicherzustellen, dass jedes Detail beabsichtigt und dauerhaft ist.<\/p>\n<p data-start=\"1566\" data-end=\"1953\"><strong data-start=\"1566\" data-end=\"1606\">Styling-Ideen\u00a0<\/strong><br data-start=\"1606\" data-end=\"1609\" \/>Dieser auff\u00e4llige und zugleich vielseitige Anh\u00e4nger ist daf\u00fcr gedacht, als zentrales Element getragen zu werden. Kombinieren Sie ihn mit einer klassischen Goldkette f\u00fcr ein elegantes, allt\u00e4gliches Statement oder kombinieren Sie ihn mit mehrlagigen Halsketten f\u00fcr einen modernen, kuratierten Look. Er passt zu festlichen Anl\u00e4ssen ebenso wie zu eleganter Abendgarderobe und verleiht jedem Ensemble W\u00e4rme und Charakter. F\u00fcr ein stimmiges Gesamtbild l\u00e4sst sie sich m\u00fchelos mit anderen St\u00fccken aus der Rosette-Kollektion kombinieren, so dass Sie einen pers\u00f6nlichen und kompletten Look kreieren k\u00f6nnen.<\/p>","protected":false},"excerpt":{"rendered":"<p>Als skulpturaler Ausdruck von Symmetrie und Bl\u00fcte zeigt dieser quadratische Rosettenanh\u00e4nger aus 22 Karat Gold ein Mosaik aus floralen Motiven - reich an Details, raffiniert in der Form und entworfen, um Ihre Reise mit zeitloser Eleganz zu feiern.<\/p>\n<p><strong>Material:<\/strong> 22ct Gold (91,6% reines Gold)<strong><br \/>\nWahrzeichen:\u00a0<\/strong>Britisches G\u00fctesiegel<strong><br \/>\n<\/strong><strong>Bruttogewicht: <\/strong>8,80 Gramm<br \/>\n<strong>L\u00e4nge : <\/strong>1,5 Zoll<br \/>\n<strong>SKU: <\/strong>46925<\/p>\n<p><strong>Preis und Lieferung<\/strong>: Inklusive Mehrwertsteuer und Lieferkosten<br \/>\n<strong>Anmerkung:<\/strong> Kette ist nicht im Preis enthalten<br \/>\n<a href=\"https:\/\/www.purejewels.com\/de\/ruckgabepolitik\/\">R\u00fcckgabepolitik<\/a><\/p>","protected":false},"featured_media":429307,"comment_status":"closed","ping_status":"closed","template":"","meta":{"_eb_attr":"","_crsspst_to_jayantr4sg-hostcom":false},"product_brand":[],"product_cat":[1791,236,1793,1770,1792,1790,1229,1255,1767,1570,5585,1656,1574,5349],"product_tag":[],"class_list":{"0":"post-429286","1":"product","2":"type-product","3":"status-publish","4":"has-post-thumbnail","6":"product_cat-anniversary-gifts","7":"product_cat-collections","8":"product_cat-diwali-gifts","9":"product_cat-fancy-pendants","10":"product_cat-festival-gifts","11":"product_cat-for-whom-when","12":"product_cat-22ct-gold-jewellery","13":"product_cat-gold-pendants","14":"product_cat-ladies-pendants","15":"product_cat-mothers-day-gifts","16":"product_cat-rosette-pendant","17":"product_cat-rosettes-collections","18":"product_cat-womens-jewellery","19":"product_cat-yellow-gold-jewellery","21":"first","22":"instock","23":"taxable","24":"shipping-taxable","25":"purchasable","26":"product-type-simple","27":"add-to-wishlist-before_image"},"yoast_head":"<!-- This site is optimized with the Yoast SEO plugin v27.5 - https:\/\/yoast.com\/product\/yoast-seo-wordpress\/ -->\n<title>22ct Gold Rosette Square Pendant \u2013 Intricate Floral Gold Pendant<\/title>\n<meta name=\"description\" content=\"Discover the 22ct Gold Rosette Square Pendant by PureJewels. Crafted with intricate floral motifs and heritage artistry, this elegant gold pendant celebrates timeless design.\" \/>\n<meta name=\"robots\" content=\"index, follow, max-snippet:-1, max-image-preview:large, max-video-preview:-1\" \/>\n<link rel=\"canonical\" href=\"https:\/\/www.purejewels.com\/de\/produkt-2\/quadratischer-anhanger-mit-rosette-aus-22-karat-gold-46925\/\" \/>\n<meta property=\"og:locale\" content=\"de_DE\" \/>\n<meta property=\"og:type\" content=\"article\" \/>\n<meta property=\"og:title\" content=\"22ct Gold Rosette Square Pendant \u2013 Intricate Floral Gold Pendant\" \/>\n<meta property=\"og:description\" content=\"Discover the 22ct Gold Rosette Square Pendant by PureJewels. Crafted with intricate floral motifs and heritage artistry, this elegant gold pendant celebrates timeless design.\" \/>\n<meta property=\"og:url\" content=\"https:\/\/www.purejewels.com\/de\/produkt-2\/quadratischer-anhanger-mit-rosette-aus-22-karat-gold-46925\/\" \/>\n<meta property=\"og:site_name\" content=\"PureJewels UK\" \/>\n<meta property=\"article:modified_time\" content=\"2026-05-04T05:30:42+00:00\" \/>\n<meta property=\"og:image\" content=\"https:\/\/static.purejewels.com\/wp-content\/uploads\/2026\/03\/JWPNSPRS024.jpg\" \/>\n\t<meta property=\"og:image:width\" content=\"1000\" \/>\n\t<meta property=\"og:image:height\" content=\"1000\" \/>\n\t<meta property=\"og:image:type\" content=\"image\/jpeg\" \/>\n<meta name=\"twitter:card\" content=\"summary_large_image\" \/>\n<meta name=\"twitter:label1\" content=\"Gesch\u00e4tzte Lesezeit\" \/>\n\t<meta name=\"twitter:data1\" content=\"2\u00a0Minuten\" \/>\n<script type=\"application\/ld+json\" class=\"yoast-schema-graph\">{\"@context\":\"https:\\\/\\\/schema.org\",\"@graph\":[{\"@type\":[\"WebPage\",\"ItemPage\"],\"@id\":\"https:\\\/\\\/www.purejewels.com\\\/product\\\/22ct-gold-rosette-square-pendant-46925\\\/\",\"url\":\"https:\\\/\\\/www.purejewels.com\\\/product\\\/22ct-gold-rosette-square-pendant-46925\\\/\",\"name\":\"22ct Gold Rosette Square Pendant \u2013 Intricate Floral Gold Pendant\",\"isPartOf\":{\"@id\":\"https:\\\/\\\/www.purejewels.com\\\/#website\"},\"primaryImageOfPage\":{\"@id\":\"https:\\\/\\\/www.purejewels.com\\\/product\\\/22ct-gold-rosette-square-pendant-46925\\\/#primaryimage\"},\"image\":{\"@id\":\"https:\\\/\\\/www.purejewels.com\\\/product\\\/22ct-gold-rosette-square-pendant-46925\\\/#primaryimage\"},\"thumbnailUrl\":\"https:\\\/\\\/static.purejewels.com\\\/wp-content\\\/uploads\\\/2026\\\/03\\\/JWPNSPRS024.jpg\",\"datePublished\":\"2026-03-04T06:07:19+00:00\",\"dateModified\":\"2026-05-04T05:30:42+00:00\",\"description\":\"Discover the 22ct Gold Rosette Square Pendant by PureJewels. Crafted with intricate floral motifs and heritage artistry, this elegant gold pendant celebrates timeless design.\",\"breadcrumb\":{\"@id\":\"https:\\\/\\\/www.purejewels.com\\\/product\\\/22ct-gold-rosette-square-pendant-46925\\\/#breadcrumb\"},\"inLanguage\":\"de\",\"potentialAction\":[{\"@type\":\"ReadAction\",\"target\":[\"https:\\\/\\\/www.purejewels.com\\\/product\\\/22ct-gold-rosette-square-pendant-46925\\\/\"]}]},{\"@type\":\"ImageObject\",\"inLanguage\":\"de\",\"@id\":\"https:\\\/\\\/www.purejewels.com\\\/product\\\/22ct-gold-rosette-square-pendant-46925\\\/#primaryimage\",\"url\":\"https:\\\/\\\/static.purejewels.com\\\/wp-content\\\/uploads\\\/2026\\\/03\\\/JWPNSPRS024.jpg\",\"contentUrl\":\"https:\\\/\\\/static.purejewels.com\\\/wp-content\\\/uploads\\\/2026\\\/03\\\/JWPNSPRS024.jpg\",\"width\":1000,\"height\":1000,\"caption\":\"Stacked from 6 images. Method=B (R=8,S=4)\"},{\"@type\":\"BreadcrumbList\",\"@id\":\"https:\\\/\\\/www.purejewels.com\\\/product\\\/22ct-gold-rosette-square-pendant-46925\\\/#breadcrumb\",\"itemListElement\":[{\"@type\":\"ListItem\",\"position\":1,\"name\":\"Home\",\"item\":\"https:\\\/\\\/www.purejewels.com\\\/\"},{\"@type\":\"ListItem\",\"position\":2,\"name\":\"Shop\",\"item\":\"https:\\\/\\\/www.purejewels.com\\\/shop\\\/\"},{\"@type\":\"ListItem\",\"position\":3,\"name\":\"22ct Gold Rosette Square Pendant\"}]},{\"@type\":\"WebSite\",\"@id\":\"https:\\\/\\\/www.purejewels.com\\\/#website\",\"url\":\"https:\\\/\\\/www.purejewels.com\\\/\",\"name\":\"PureJewels UK\",\"description\":\"Share the Love\",\"publisher\":{\"@id\":\"https:\\\/\\\/www.purejewels.com\\\/#organization\"},\"potentialAction\":[{\"@type\":\"SearchAction\",\"target\":{\"@type\":\"EntryPoint\",\"urlTemplate\":\"https:\\\/\\\/www.purejewels.com\\\/?s={search_term_string}\"},\"query-input\":{\"@type\":\"PropertyValueSpecification\",\"valueRequired\":true,\"valueName\":\"search_term_string\"}}],\"inLanguage\":\"de\"},{\"@type\":\"Organization\",\"@id\":\"https:\\\/\\\/www.purejewels.com\\\/#organization\",\"name\":\"PureJewels UK\",\"url\":\"https:\\\/\\\/www.purejewels.com\\\/\",\"logo\":{\"@type\":\"ImageObject\",\"inLanguage\":\"de\",\"@id\":\"https:\\\/\\\/www.purejewels.com\\\/#\\\/schema\\\/logo\\\/image\\\/\",\"url\":\"https:\\\/\\\/static.purejewels.com\\\/wp-content\\\/uploads\\\/2020\\\/11\\\/Logo-PJ-New-1.png\",\"contentUrl\":\"https:\\\/\\\/static.purejewels.com\\\/wp-content\\\/uploads\\\/2020\\\/11\\\/Logo-PJ-New-1.png\",\"width\":150,\"height\":80,\"caption\":\"PureJewels UK\"},\"image\":{\"@id\":\"https:\\\/\\\/www.purejewels.com\\\/#\\\/schema\\\/logo\\\/image\\\/\"}}]}<\/script>\n<!-- \/ Yoast SEO plugin. -->","yoast_head_json":{"title":"22ct Gold Rosette Square Anh\u00e4nger - Komplizierter floraler Goldanh\u00e4nger","description":"Entdecken Sie den 22ct Gold Rosette Square Anh\u00e4nger von PureJewels. Dieser elegante Goldanh\u00e4nger mit komplizierten Blumenmotiven und historischer Kunstfertigkeit zelebriert zeitloses Design.","robots":{"index":"index","follow":"follow","max-snippet":"max-snippet:-1","max-image-preview":"max-image-preview:large","max-video-preview":"max-video-preview:-1"},"canonical":"https:\/\/www.purejewels.com\/de\/produkt-2\/quadratischer-anhanger-mit-rosette-aus-22-karat-gold-46925\/","og_locale":"de_DE","og_type":"article","og_title":"22ct Gold Rosette Square Pendant \u2013 Intricate Floral Gold Pendant","og_description":"Discover the 22ct Gold Rosette Square Pendant by PureJewels. Crafted with intricate floral motifs and heritage artistry, this elegant gold pendant celebrates timeless design.","og_url":"https:\/\/www.purejewels.com\/de\/produkt-2\/quadratischer-anhanger-mit-rosette-aus-22-karat-gold-46925\/","og_site_name":"PureJewels UK","article_modified_time":"2026-05-04T05:30:42+00:00","og_image":[{"width":1000,"height":1000,"url":"https:\/\/static.purejewels.com\/wp-content\/uploads\/2026\/03\/JWPNSPRS024.jpg","type":"image\/jpeg"}],"twitter_card":"summary_large_image","twitter_misc":{"Gesch\u00e4tzte Lesezeit":"2\u00a0Minuten"},"schema":{"@context":"https:\/\/schema.org","@graph":[{"@type":["WebPage","ItemPage"],"@id":"https:\/\/www.purejewels.com\/product\/22ct-gold-rosette-square-pendant-46925\/","url":"https:\/\/www.purejewels.com\/product\/22ct-gold-rosette-square-pendant-46925\/","name":"22ct Gold Rosette Square Anh\u00e4nger - Komplizierter floraler Goldanh\u00e4nger","isPartOf":{"@id":"https:\/\/www.purejewels.com\/#website"},"primaryImageOfPage":{"@id":"https:\/\/www.purejewels.com\/product\/22ct-gold-rosette-square-pendant-46925\/#primaryimage"},"image":{"@id":"https:\/\/www.purejewels.com\/product\/22ct-gold-rosette-square-pendant-46925\/#primaryimage"},"thumbnailUrl":"https:\/\/static.purejewels.com\/wp-content\/uploads\/2026\/03\/JWPNSPRS024.jpg","datePublished":"2026-03-04T06:07:19+00:00","dateModified":"2026-05-04T05:30:42+00:00","description":"Entdecken Sie den 22ct Gold Rosette Square Anh\u00e4nger von PureJewels. Dieser elegante Goldanh\u00e4nger mit komplizierten Blumenmotiven und historischer Kunstfertigkeit zelebriert zeitloses Design.","breadcrumb":{"@id":"https:\/\/www.purejewels.com\/product\/22ct-gold-rosette-square-pendant-46925\/#breadcrumb"},"inLanguage":"de","potentialAction":[{"@type":"ReadAction","target":["https:\/\/www.purejewels.com\/product\/22ct-gold-rosette-square-pendant-46925\/"]}]},{"@type":"ImageObject","inLanguage":"de","@id":"https:\/\/www.purejewels.com\/product\/22ct-gold-rosette-square-pendant-46925\/#primaryimage","url":"https:\/\/static.purejewels.com\/wp-content\/uploads\/2026\/03\/JWPNSPRS024.jpg","contentUrl":"https:\/\/static.purejewels.com\/wp-content\/uploads\/2026\/03\/JWPNSPRS024.jpg","width":1000,"height":1000,"caption":"Stacked from 6 images. Method=B (R=8,S=4)"},{"@type":"BreadcrumbList","@id":"https:\/\/www.purejewels.com\/product\/22ct-gold-rosette-square-pendant-46925\/#breadcrumb","itemListElement":[{"@type":"ListItem","position":1,"name":"Home","item":"https:\/\/www.purejewels.com\/"},{"@type":"ListItem","position":2,"name":"Shop","item":"https:\/\/www.purejewels.com\/shop\/"},{"@type":"ListItem","position":3,"name":"22ct Gold Rosette Square Pendant"}]},{"@type":"WebSite","@id":"https:\/\/www.purejewels.com\/#website","url":"https:\/\/www.purejewels.com\/","name":"PureJewels UK","description":"Teile die Liebe","publisher":{"@id":"https:\/\/www.purejewels.com\/#organization"},"potentialAction":[{"@type":"SearchAction","target":{"@type":"EntryPoint","urlTemplate":"https:\/\/www.purejewels.com\/?s={search_term_string}"},"query-input":{"@type":"PropertyValueSpecification","valueRequired":true,"valueName":"search_term_string"}}],"inLanguage":"de"},{"@type":"Organization","@id":"https:\/\/www.purejewels.com\/#organization","name":"PureJewels UK","url":"https:\/\/www.purejewels.com\/","logo":{"@type":"ImageObject","inLanguage":"de","@id":"https:\/\/www.purejewels.com\/#\/schema\/logo\/image\/","url":"https:\/\/static.purejewels.com\/wp-content\/uploads\/2020\/11\/Logo-PJ-New-1.png","contentUrl":"https:\/\/static.purejewels.com\/wp-content\/uploads\/2020\/11\/Logo-PJ-New-1.png","width":150,"height":80,"caption":"PureJewels UK"},"image":{"@id":"https:\/\/www.purejewels.com\/#\/schema\/logo\/image\/"}}]}},"_links":{"self":[{"href":"https:\/\/www.purejewels.com\/de\/wp-json\/wp\/v2\/product\/429286","targetHints":{"allow":["GET"]}}],"collection":[{"href":"https:\/\/www.purejewels.com\/de\/wp-json\/wp\/v2\/product"}],"about":[{"href":"https:\/\/www.purejewels.com\/de\/wp-json\/wp\/v2\/types\/product"}],"replies":[{"embeddable":true,"href":"https:\/\/www.purejewels.com\/de\/wp-json\/wp\/v2\/comments?post=429286"}],"version-history":[{"count":3,"href":"https:\/\/www.purejewels.com\/de\/wp-json\/wp\/v2\/product\/429286\/revisions"}],"predecessor-version":[{"id":429313,"href":"https:\/\/www.purejewels.com\/de\/wp-json\/wp\/v2\/product\/429286\/revisions\/429313"}],"wp:featuredmedia":[{"embeddable":true,"href":"https:\/\/www.purejewels.com\/de\/wp-json\/wp\/v2\/media\/429307"}],"wp:attachment":[{"href":"https:\/\/www.purejewels.com\/de\/wp-json\/wp\/v2\/media?parent=429286"}],"wp:term":[{"taxonomy":"product_brand","embeddable":true,"href":"https:\/\/www.purejewels.com\/de\/wp-json\/wp\/v2\/product_brand?post=429286"},{"taxonomy":"product_cat","embeddable":true,"href":"https:\/\/www.purejewels.com\/de\/wp-json\/wp\/v2\/product_cat?post=429286"},{"taxonomy":"product_tag","embeddable":true,"href":"https:\/\/www.purejewels.com\/de\/wp-json\/wp\/v2\/product_tag?post=429286"}],"curies":[{"name":"wp","href":"https:\/\/api.w.org\/{rel}","templated":true}]}}