{"id":429321,"date":"2026-02-04T06:46:49","date_gmt":"2026-02-04T06:46:49","guid":{"rendered":"https:\/\/www.purejewels.com\/?post_type=product&#038;p=429321"},"modified":"2026-05-04T07:00:08","modified_gmt":"2026-05-04T06:00:08","slug":"22-karat-gold-rosette-maang-tikka-50569","status":"publish","type":"product","link":"https:\/\/www.purejewels.com\/de\/product\/22ct-gold-rosette-maang-tikka-50569\/","title":{"rendered":"22ct Gold Rosette Maang Tikka"},"content":{"rendered":"<p data-start=\"268\" data-end=\"622\"><strong data-start=\"268\" data-end=\"309\">Designkonzept\u00a0<\/strong><br data-start=\"309\" data-end=\"312\" \/>Ausgehend von der Philosophie, dass jede Reise eine Ansammlung von bedeutungsvollen Momenten ist, erweckt dieses Maang Tikka das Rosettenmotiv in einer wundersch\u00f6n geschichteten Komposition zum Leben. Im Mittelpunkt stehen symmetrisch angeordnete, skulpturale Blumenformen, die von filigranen Paisleymustern und botanischen Details umgeben sind und den Rhythmus der Natur widerspiegeln. Die sanfte Kaskade aus goldenen Tropfen sorgt f\u00fcr Bewegung und Weichheit, w\u00e4hrend das strukturierte obere Element ein Gleichgewicht schafft - das Ergebnis ist ein Design, das sowohl k\u00f6niglich als auch flie\u00dfend wirkt. Es ist eine Hommage an Weiblichkeit, Tradition und die stille Sch\u00f6nheit des Werdens.<\/p>\n<p data-start=\"915\" data-end=\"1202\"><strong data-start=\"915\" data-end=\"959\">Handwerkliches K\u00f6nnen\u00a0<\/strong><br data-start=\"959\" data-end=\"962\" \/>Diese aus reichhaltigem 22-kar\u00e4tigem Gold gefertigte Brauttikka zeigt au\u00dfergew\u00f6hnliche Handwerkskunst durch detaillierte, gepr\u00e4gte Elemente und raffinierte Handarbeit. Jedes Bl\u00fctenblatt, jede Kurve und jeder granulierte Akzent wurde sorgf\u00e4ltig modelliert, um Tiefe und Textur zu erzeugen. Die zarten, baumelnden Perlen sind pr\u00e4zise zusammengesetzt, um eine flie\u00dfende Bewegung zu gew\u00e4hrleisten, die bei jedem Schritt das Licht einf\u00e4ngt. Dies ist Schmuck, der durch traditionelle Techniken geformt wurde - wo die Meisterschaft der Handwerker Gold in tragbare Kunst verwandelt.<\/p>\n<p data-start=\"1432\" data-end=\"1717\"><strong data-start=\"1432\" data-end=\"1470\">Styling-Ideen\u00a0<\/strong><br data-start=\"1470\" data-end=\"1473\" \/>Dieses Maang Tikka sitzt anmutig am Haaransatz und wird zum Blickfang Ihres Brautlooks. Kombinieren Sie es mit der passenden Rosette-Halskette und den Ohrringen f\u00fcr ein harmonisches Set oder lassen Sie es alleine gl\u00e4nzen f\u00fcr dezente Eleganz. Sein warmer Goldton passt wunderbar zu traditionellen Brautkleidern - ob zu reich bestickten Lehengas oder klassischen Seidensari - und verleiht ihnen einen Hauch traditioneller Raffinesse.<\/p>","protected":false},"excerpt":{"rendered":"<table class=\"sh_desc\">\n<tbody>\n<tr>\n<td>SKU<\/td>\n<td>50569<\/td>\n<\/tr>\n<tr>\n<td>Gewicht<\/td>\n<td>19,70 Gramm<\/td>\n<\/tr>\n<tr>\n<td>Durchmesser<\/td>\n<td>38mm Durchmesser des Anh\u00e4ngers<\/td>\n<\/tr>\n<tr>\n<td>Wahrzeichen<\/td>\n<td>22ct Gold gestempelt von London Assay Office<\/td>\n<\/tr>\n<tr>\n<td>Entgelte<\/td>\n<td>Lieferung und Mehrwertsteuer inbegriffen<\/td>\n<\/tr>\n<tr>\n<td>Verpackung<\/td>\n<td>Mit Pr\u00e4sentationsbox<\/td>\n<\/tr>\n<tr>\n<td>Mehr Informationen<\/td>\n<td>\n<ul>\n<li>Live-Chat mit uns f\u00fcr Verf\u00fcgbarkeit und weitere Bilder von Gold Tikka<\/li>\n<\/ul>\n<\/td>\n<\/tr>\n<\/tbody>\n<\/table>\n<div class=\"btn-atc atc-slide\"><\/div>\n<div class=\"product_meta\"><\/div>","protected":false},"featured_media":429322,"comment_status":"closed","ping_status":"closed","template":"","meta":{"_eb_attr":"","_crsspst_to_jayantr4sg-hostcom":false},"product_brand":[],"product_cat":[1761,1229,1656,5655],"product_tag":[1833],"class_list":{"0":"post-429321","1":"product","2":"type-product","3":"status-publish","4":"has-post-thumbnail","6":"product_cat-gold-bridal-tikka","7":"product_cat-22ct-gold-jewellery","8":"product_cat-rosettes-collections","9":"product_cat-rosettes-tikka","10":"product_tag-gold-tikka","12":"first","13":"instock","14":"taxable","15":"shipping-taxable","16":"purchasable","17":"product-type-simple","18":"add-to-wishlist-before_image"},"yoast_head":"<!-- This site is optimized with the Yoast SEO plugin v27.5 - https:\/\/yoast.com\/product\/yoast-seo-wordpress\/ -->\n<title>22ct Gold Rosette Maang Tikka \u2013 Bridal Floral Headpie<\/title>\n<meta name=\"description\" content=\"Discover the 22ct Gold Rosette Maang Tikka by PureJewels. An intricate floral bridal headpiece crafted in rich gold, celebrating heritage, elegance, and timeless beauty.\" \/>\n<meta name=\"robots\" content=\"index, follow, max-snippet:-1, max-image-preview:large, max-video-preview:-1\" \/>\n<link rel=\"canonical\" href=\"https:\/\/www.purejewels.com\/de\/produkt-2\/22-karat-gold-rosette-maang-tikka-50569\/\" \/>\n<meta property=\"og:locale\" content=\"de_DE\" \/>\n<meta property=\"og:type\" content=\"article\" \/>\n<meta property=\"og:title\" content=\"22ct Gold Rosette Maang Tikka \u2013 Bridal Floral Headpie\" \/>\n<meta property=\"og:description\" content=\"Discover the 22ct Gold Rosette Maang Tikka by PureJewels. An intricate floral bridal headpiece crafted in rich gold, celebrating heritage, elegance, and timeless beauty.\" \/>\n<meta property=\"og:url\" content=\"https:\/\/www.purejewels.com\/de\/produkt-2\/22-karat-gold-rosette-maang-tikka-50569\/\" \/>\n<meta property=\"og:site_name\" content=\"PureJewels UK\" \/>\n<meta property=\"article:modified_time\" content=\"2026-05-04T06:00:08+00:00\" \/>\n<meta property=\"og:image\" content=\"https:\/\/static.purejewels.com\/wp-content\/uploads\/2026\/05\/JWTKTLRS012-FRONT-2-.jpg\" \/>\n\t<meta property=\"og:image:width\" content=\"1000\" \/>\n\t<meta property=\"og:image:height\" content=\"1000\" \/>\n\t<meta property=\"og:image:type\" content=\"image\/jpeg\" \/>\n<meta name=\"twitter:card\" content=\"summary_large_image\" \/>\n<meta name=\"twitter:label1\" content=\"Gesch\u00e4tzte Lesezeit\" \/>\n\t<meta name=\"twitter:data1\" content=\"2\u00a0Minuten\" \/>\n<script type=\"application\/ld+json\" class=\"yoast-schema-graph\">{\"@context\":\"https:\\\/\\\/schema.org\",\"@graph\":[{\"@type\":[\"WebPage\",\"ItemPage\"],\"@id\":\"https:\\\/\\\/www.purejewels.com\\\/product\\\/22ct-gold-rosette-maang-tikka-50569\\\/\",\"url\":\"https:\\\/\\\/www.purejewels.com\\\/product\\\/22ct-gold-rosette-maang-tikka-50569\\\/\",\"name\":\"22ct Gold Rosette Maang Tikka \u2013 Bridal Floral Headpie\",\"isPartOf\":{\"@id\":\"https:\\\/\\\/www.purejewels.com\\\/#website\"},\"primaryImageOfPage\":{\"@id\":\"https:\\\/\\\/www.purejewels.com\\\/product\\\/22ct-gold-rosette-maang-tikka-50569\\\/#primaryimage\"},\"image\":{\"@id\":\"https:\\\/\\\/www.purejewels.com\\\/product\\\/22ct-gold-rosette-maang-tikka-50569\\\/#primaryimage\"},\"thumbnailUrl\":\"https:\\\/\\\/static.purejewels.com\\\/wp-content\\\/uploads\\\/2026\\\/05\\\/JWTKTLRS012-FRONT-2-.jpg\",\"datePublished\":\"2026-02-04T06:46:49+00:00\",\"dateModified\":\"2026-05-04T06:00:08+00:00\",\"description\":\"Discover the 22ct Gold Rosette Maang Tikka by PureJewels. An intricate floral bridal headpiece crafted in rich gold, celebrating heritage, elegance, and timeless beauty.\",\"breadcrumb\":{\"@id\":\"https:\\\/\\\/www.purejewels.com\\\/product\\\/22ct-gold-rosette-maang-tikka-50569\\\/#breadcrumb\"},\"inLanguage\":\"de\",\"potentialAction\":[{\"@type\":\"ReadAction\",\"target\":[\"https:\\\/\\\/www.purejewels.com\\\/product\\\/22ct-gold-rosette-maang-tikka-50569\\\/\"]}]},{\"@type\":\"ImageObject\",\"inLanguage\":\"de\",\"@id\":\"https:\\\/\\\/www.purejewels.com\\\/product\\\/22ct-gold-rosette-maang-tikka-50569\\\/#primaryimage\",\"url\":\"https:\\\/\\\/static.purejewels.com\\\/wp-content\\\/uploads\\\/2026\\\/05\\\/JWTKTLRS012-FRONT-2-.jpg\",\"contentUrl\":\"https:\\\/\\\/static.purejewels.com\\\/wp-content\\\/uploads\\\/2026\\\/05\\\/JWTKTLRS012-FRONT-2-.jpg\",\"width\":1000,\"height\":1000,\"caption\":\"22ct Gold Rosette Maang Tikka\"},{\"@type\":\"BreadcrumbList\",\"@id\":\"https:\\\/\\\/www.purejewels.com\\\/product\\\/22ct-gold-rosette-maang-tikka-50569\\\/#breadcrumb\",\"itemListElement\":[{\"@type\":\"ListItem\",\"position\":1,\"name\":\"Home\",\"item\":\"https:\\\/\\\/www.purejewels.com\\\/\"},{\"@type\":\"ListItem\",\"position\":2,\"name\":\"Shop\",\"item\":\"https:\\\/\\\/www.purejewels.com\\\/shop\\\/\"},{\"@type\":\"ListItem\",\"position\":3,\"name\":\"22ct Gold Rosette Maang Tikka\"}]},{\"@type\":\"WebSite\",\"@id\":\"https:\\\/\\\/www.purejewels.com\\\/#website\",\"url\":\"https:\\\/\\\/www.purejewels.com\\\/\",\"name\":\"PureJewels UK\",\"description\":\"Share the Love\",\"publisher\":{\"@id\":\"https:\\\/\\\/www.purejewels.com\\\/#organization\"},\"potentialAction\":[{\"@type\":\"SearchAction\",\"target\":{\"@type\":\"EntryPoint\",\"urlTemplate\":\"https:\\\/\\\/www.purejewels.com\\\/?s={search_term_string}\"},\"query-input\":{\"@type\":\"PropertyValueSpecification\",\"valueRequired\":true,\"valueName\":\"search_term_string\"}}],\"inLanguage\":\"de\"},{\"@type\":\"Organization\",\"@id\":\"https:\\\/\\\/www.purejewels.com\\\/#organization\",\"name\":\"PureJewels UK\",\"url\":\"https:\\\/\\\/www.purejewels.com\\\/\",\"logo\":{\"@type\":\"ImageObject\",\"inLanguage\":\"de\",\"@id\":\"https:\\\/\\\/www.purejewels.com\\\/#\\\/schema\\\/logo\\\/image\\\/\",\"url\":\"https:\\\/\\\/static.purejewels.com\\\/wp-content\\\/uploads\\\/2020\\\/11\\\/Logo-PJ-New-1.png\",\"contentUrl\":\"https:\\\/\\\/static.purejewels.com\\\/wp-content\\\/uploads\\\/2020\\\/11\\\/Logo-PJ-New-1.png\",\"width\":150,\"height\":80,\"caption\":\"PureJewels UK\"},\"image\":{\"@id\":\"https:\\\/\\\/www.purejewels.com\\\/#\\\/schema\\\/logo\\\/image\\\/\"}}]}<\/script>\n<!-- \/ Yoast SEO plugin. -->","yoast_head_json":{"title":"22ct Gold Rosette Maang Tikka - Braut Floral Kopfst\u00fcck","description":"Entdecken Sie die 22ct Gold Rosette Maang Tikka von PureJewels. Ein komplizierter floraler Brautkopfschmuck aus reichem Gold, der Erbe, Eleganz und zeitlose Sch\u00f6nheit zelebriert.","robots":{"index":"index","follow":"follow","max-snippet":"max-snippet:-1","max-image-preview":"max-image-preview:large","max-video-preview":"max-video-preview:-1"},"canonical":"https:\/\/www.purejewels.com\/de\/produkt-2\/22-karat-gold-rosette-maang-tikka-50569\/","og_locale":"de_DE","og_type":"article","og_title":"22ct Gold Rosette Maang Tikka \u2013 Bridal Floral Headpie","og_description":"Discover the 22ct Gold Rosette Maang Tikka by PureJewels. An intricate floral bridal headpiece crafted in rich gold, celebrating heritage, elegance, and timeless beauty.","og_url":"https:\/\/www.purejewels.com\/de\/produkt-2\/22-karat-gold-rosette-maang-tikka-50569\/","og_site_name":"PureJewels UK","article_modified_time":"2026-05-04T06:00:08+00:00","og_image":[{"width":1000,"height":1000,"url":"https:\/\/static.purejewels.com\/wp-content\/uploads\/2026\/05\/JWTKTLRS012-FRONT-2-.jpg","type":"image\/jpeg"}],"twitter_card":"summary_large_image","twitter_misc":{"Gesch\u00e4tzte Lesezeit":"2\u00a0Minuten"},"schema":{"@context":"https:\/\/schema.org","@graph":[{"@type":["WebPage","ItemPage"],"@id":"https:\/\/www.purejewels.com\/product\/22ct-gold-rosette-maang-tikka-50569\/","url":"https:\/\/www.purejewels.com\/product\/22ct-gold-rosette-maang-tikka-50569\/","name":"22ct Gold Rosette Maang Tikka - Braut Floral Kopfst\u00fcck","isPartOf":{"@id":"https:\/\/www.purejewels.com\/#website"},"primaryImageOfPage":{"@id":"https:\/\/www.purejewels.com\/product\/22ct-gold-rosette-maang-tikka-50569\/#primaryimage"},"image":{"@id":"https:\/\/www.purejewels.com\/product\/22ct-gold-rosette-maang-tikka-50569\/#primaryimage"},"thumbnailUrl":"https:\/\/static.purejewels.com\/wp-content\/uploads\/2026\/05\/JWTKTLRS012-FRONT-2-.jpg","datePublished":"2026-02-04T06:46:49+00:00","dateModified":"2026-05-04T06:00:08+00:00","description":"Entdecken Sie die 22ct Gold Rosette Maang Tikka von PureJewels. Ein komplizierter floraler Brautkopfschmuck aus reichem Gold, der Erbe, Eleganz und zeitlose Sch\u00f6nheit zelebriert.","breadcrumb":{"@id":"https:\/\/www.purejewels.com\/product\/22ct-gold-rosette-maang-tikka-50569\/#breadcrumb"},"inLanguage":"de","potentialAction":[{"@type":"ReadAction","target":["https:\/\/www.purejewels.com\/product\/22ct-gold-rosette-maang-tikka-50569\/"]}]},{"@type":"ImageObject","inLanguage":"de","@id":"https:\/\/www.purejewels.com\/product\/22ct-gold-rosette-maang-tikka-50569\/#primaryimage","url":"https:\/\/static.purejewels.com\/wp-content\/uploads\/2026\/05\/JWTKTLRS012-FRONT-2-.jpg","contentUrl":"https:\/\/static.purejewels.com\/wp-content\/uploads\/2026\/05\/JWTKTLRS012-FRONT-2-.jpg","width":1000,"height":1000,"caption":"22ct Gold Rosette Maang Tikka"},{"@type":"BreadcrumbList","@id":"https:\/\/www.purejewels.com\/product\/22ct-gold-rosette-maang-tikka-50569\/#breadcrumb","itemListElement":[{"@type":"ListItem","position":1,"name":"Home","item":"https:\/\/www.purejewels.com\/"},{"@type":"ListItem","position":2,"name":"Shop","item":"https:\/\/www.purejewels.com\/shop\/"},{"@type":"ListItem","position":3,"name":"22ct Gold Rosette Maang Tikka"}]},{"@type":"WebSite","@id":"https:\/\/www.purejewels.com\/#website","url":"https:\/\/www.purejewels.com\/","name":"PureJewels UK","description":"Teile die Liebe","publisher":{"@id":"https:\/\/www.purejewels.com\/#organization"},"potentialAction":[{"@type":"SearchAction","target":{"@type":"EntryPoint","urlTemplate":"https:\/\/www.purejewels.com\/?s={search_term_string}"},"query-input":{"@type":"PropertyValueSpecification","valueRequired":true,"valueName":"search_term_string"}}],"inLanguage":"de"},{"@type":"Organization","@id":"https:\/\/www.purejewels.com\/#organization","name":"PureJewels UK","url":"https:\/\/www.purejewels.com\/","logo":{"@type":"ImageObject","inLanguage":"de","@id":"https:\/\/www.purejewels.com\/#\/schema\/logo\/image\/","url":"https:\/\/static.purejewels.com\/wp-content\/uploads\/2020\/11\/Logo-PJ-New-1.png","contentUrl":"https:\/\/static.purejewels.com\/wp-content\/uploads\/2020\/11\/Logo-PJ-New-1.png","width":150,"height":80,"caption":"PureJewels UK"},"image":{"@id":"https:\/\/www.purejewels.com\/#\/schema\/logo\/image\/"}}]}},"_links":{"self":[{"href":"https:\/\/www.purejewels.com\/de\/wp-json\/wp\/v2\/product\/429321","targetHints":{"allow":["GET"]}}],"collection":[{"href":"https:\/\/www.purejewels.com\/de\/wp-json\/wp\/v2\/product"}],"about":[{"href":"https:\/\/www.purejewels.com\/de\/wp-json\/wp\/v2\/types\/product"}],"replies":[{"embeddable":true,"href":"https:\/\/www.purejewels.com\/de\/wp-json\/wp\/v2\/comments?post=429321"}],"version-history":[{"count":1,"href":"https:\/\/www.purejewels.com\/de\/wp-json\/wp\/v2\/product\/429321\/revisions"}],"predecessor-version":[{"id":429324,"href":"https:\/\/www.purejewels.com\/de\/wp-json\/wp\/v2\/product\/429321\/revisions\/429324"}],"wp:featuredmedia":[{"embeddable":true,"href":"https:\/\/www.purejewels.com\/de\/wp-json\/wp\/v2\/media\/429322"}],"wp:attachment":[{"href":"https:\/\/www.purejewels.com\/de\/wp-json\/wp\/v2\/media?parent=429321"}],"wp:term":[{"taxonomy":"product_brand","embeddable":true,"href":"https:\/\/www.purejewels.com\/de\/wp-json\/wp\/v2\/product_brand?post=429321"},{"taxonomy":"product_cat","embeddable":true,"href":"https:\/\/www.purejewels.com\/de\/wp-json\/wp\/v2\/product_cat?post=429321"},{"taxonomy":"product_tag","embeddable":true,"href":"https:\/\/www.purejewels.com\/de\/wp-json\/wp\/v2\/product_tag?post=429321"}],"curies":[{"name":"wp","href":"https:\/\/api.w.org\/{rel}","templated":true}]}}