{"id":429326,"date":"2026-03-04T07:03:55","date_gmt":"2026-03-04T07:03:55","guid":{"rendered":"https:\/\/www.purejewels.com\/?post_type=product&#038;p=429326"},"modified":"2026-05-04T07:10:21","modified_gmt":"2026-05-04T06:10:21","slug":"22-karat-sunrise-gold-rosette-perle-maang-tikka-50532","status":"publish","type":"product","link":"https:\/\/www.purejewels.com\/de\/product\/22ct-sunrise-gold-rosette-pearl-maang-tikka-50532\/","title":{"rendered":"22ct Sunrise Gold Rosette Perle Maang Tikka"},"content":{"rendered":"<p data-start=\"242\" data-end=\"577\"><strong data-start=\"242\" data-end=\"291\">Designkonzept<\/strong><br data-start=\"291\" data-end=\"294\" \/>Inspiriert vom Rosettenmotiv, das die sich entfaltende Reise des Lebens symbolisiert, f\u00e4ngt dieses Maang Tikka eine ruhigere, zartere Interpretation der Eleganz einer Braut ein. Die zentrale Rosettenbl\u00fcte in warmem Sunrise Gold spiegelt das sanfte Gl\u00fchen der Morgend\u00e4mmerung wider - zart, strahlend und voller Verhei\u00dfung. An einem feinen Strang aus leuchtenden Perlen aufgeh\u00e4ngt, vermittelt das Design ein Gef\u00fchl von Reinheit und Zartheit, das den floralen Mittelteil erg\u00e4nzt. Die kreisf\u00f6rmige Form steht f\u00fcr Kontinuit\u00e4t und Ganzheit und macht dieses St\u00fcck zu einer sinnvollen Erg\u00e4nzung f\u00fcr Momente des Neubeginns.<\/p>\n<p data-start=\"886\" data-end=\"1187\"><strong data-start=\"886\" data-end=\"927\">Handwerkliches K\u00f6nnen<\/strong><br data-start=\"927\" data-end=\"930\" \/>Dieses fachm\u00e4nnisch aus 22 Karat Sunrise Gold gefertigte Tikka zeigt raffinierte Details durch Pr\u00e4zisionspr\u00e4gung und Handveredelung. Das Rosettenmotiv ist sanft strukturiert, um Tiefe zu erzeugen, w\u00e4hrend die Perlenkette sorgf\u00e4ltig zusammengesetzt ist, um flie\u00dfende Bewegungen und Komfort zu gew\u00e4hrleisten. Das Zusammenspiel von Gold und Perlen unterstreicht das handwerkliche K\u00f6nnen - die Balance zwischen Struktur und Leichtigkeit sorgt daf\u00fcr, dass sich das Schmuckst\u00fcck ebenso m\u00fchelos anf\u00fchlt wie es aussieht.<\/p>\n<p data-start=\"1340\" data-end=\"1651\"><strong data-start=\"1340\" data-end=\"1382\">Styling-Ideen<\/strong><br data-start=\"1382\" data-end=\"1385\" \/>Dieses Maang Tikka ist perfekt f\u00fcr die moderne Braut oder f\u00fcr intime Feiern und bietet unaufdringliche Raffinesse. Kombinieren Sie es mit perlenbesetztem Schmuck f\u00fcr einen stimmigen Look, oder lassen Sie es als subtiles Highlight auf bestickten oder pastellfarbenen Brautkleidern stehen. Sein minimalistisches und doch ausdrucksstarkes Design macht ihn auch ideal f\u00fcr Veranstaltungen vor der Hochzeit, wo er einen raffinierten letzten Schliff verleiht, ohne Ihr Ensemble zu \u00fcberladen.<\/p>","protected":false},"excerpt":{"rendered":"<table class=\"sh_desc\">\n<tbody>\n<tr>\n<td>SKU<\/td>\n<td>50532<\/td>\n<\/tr>\n<tr>\n<td>Bruttogewicht<\/td>\n<td>5,70 Gramm<\/td>\n<\/tr>\n<tr>\n<td>Nettogewicht<\/td>\n<td>4,92 Gramm<\/td>\n<\/tr>\n<tr>\n<td>Wahrzeichen<\/td>\n<td>22ct Gold gestempelt von London Assay Office<\/td>\n<\/tr>\n<tr>\n<td>Entgelte<\/td>\n<td>Lieferung und Mehrwertsteuer inbegriffen<\/td>\n<\/tr>\n<tr>\n<td>Verpackung<\/td>\n<td>Mit Pr\u00e4sentationsbox<\/td>\n<\/tr>\n<tr>\n<td>Mehr Informationen<\/td>\n<td>\n<ul>\n<li>Live-Chat mit uns f\u00fcr Verf\u00fcgbarkeit und weitere Bilder von Gold Tikka<\/li>\n<\/ul>\n<\/td>\n<\/tr>\n<\/tbody>\n<\/table>\n<div class=\"btn-atc atc-slide\"><\/div>\n<div class=\"product_meta\"><\/div>","protected":false},"featured_media":429330,"comment_status":"closed","ping_status":"closed","template":"","meta":{"_eb_attr":"","_crsspst_to_jayantr4sg-hostcom":false},"product_brand":[],"product_cat":[1761,1229,1656,5655],"product_tag":[1833],"class_list":{"0":"post-429326","1":"product","2":"type-product","3":"status-publish","4":"has-post-thumbnail","6":"product_cat-gold-bridal-tikka","7":"product_cat-22ct-gold-jewellery","8":"product_cat-rosettes-collections","9":"product_cat-rosettes-tikka","10":"product_tag-gold-tikka","12":"first","13":"instock","14":"taxable","15":"shipping-taxable","16":"purchasable","17":"product-type-simple","18":"add-to-wishlist-before_image"},"yoast_head":"<!-- This site is optimized with the Yoast SEO plugin v27.5 - https:\/\/yoast.com\/product\/yoast-seo-wordpress\/ -->\n<title>Buy online 22ct Sunrise Gold Rosette Pearl Maang Tikka<\/title>\n<meta name=\"description\" content=\"Shop 22ct Sunrise Gold Rosette Pearl Maang Tikka by PureJewels. A delicate floral bridal tikka with pearls, blending elegance, heritage, and modern design.\" \/>\n<meta name=\"robots\" content=\"index, follow, max-snippet:-1, max-image-preview:large, max-video-preview:-1\" \/>\n<link rel=\"canonical\" href=\"https:\/\/www.purejewels.com\/de\/produkt-2\/22-karat-sunrise-gold-rosette-perle-maang-tikka-50532\/\" \/>\n<meta property=\"og:locale\" content=\"de_DE\" \/>\n<meta property=\"og:type\" content=\"article\" \/>\n<meta property=\"og:title\" content=\"Buy online 22ct Sunrise Gold Rosette Pearl Maang Tikka\" \/>\n<meta property=\"og:description\" content=\"Shop 22ct Sunrise Gold Rosette Pearl Maang Tikka by PureJewels. A delicate floral bridal tikka with pearls, blending elegance, heritage, and modern design.\" \/>\n<meta property=\"og:url\" content=\"https:\/\/www.purejewels.com\/de\/produkt-2\/22-karat-sunrise-gold-rosette-perle-maang-tikka-50532\/\" \/>\n<meta property=\"og:site_name\" content=\"PureJewels UK\" \/>\n<meta property=\"article:modified_time\" content=\"2026-05-04T06:10:21+00:00\" \/>\n<meta property=\"og:image\" content=\"https:\/\/static.purejewels.com\/wp-content\/uploads\/2026\/05\/JWTKTSRS006-FRONT.jpg\" \/>\n\t<meta property=\"og:image:width\" content=\"1000\" \/>\n\t<meta property=\"og:image:height\" content=\"1000\" \/>\n\t<meta property=\"og:image:type\" content=\"image\/jpeg\" \/>\n<meta name=\"twitter:card\" content=\"summary_large_image\" \/>\n<meta name=\"twitter:label1\" content=\"Gesch\u00e4tzte Lesezeit\" \/>\n\t<meta name=\"twitter:data1\" content=\"2\u00a0Minuten\" \/>\n<script type=\"application\/ld+json\" class=\"yoast-schema-graph\">{\"@context\":\"https:\\\/\\\/schema.org\",\"@graph\":[{\"@type\":[\"WebPage\",\"ItemPage\"],\"@id\":\"https:\\\/\\\/www.purejewels.com\\\/product\\\/22ct-sunrise-gold-rosette-pearl-maang-tikka-50532\\\/\",\"url\":\"https:\\\/\\\/www.purejewels.com\\\/product\\\/22ct-sunrise-gold-rosette-pearl-maang-tikka-50532\\\/\",\"name\":\"Buy online 22ct Sunrise Gold Rosette Pearl Maang Tikka\",\"isPartOf\":{\"@id\":\"https:\\\/\\\/www.purejewels.com\\\/#website\"},\"primaryImageOfPage\":{\"@id\":\"https:\\\/\\\/www.purejewels.com\\\/product\\\/22ct-sunrise-gold-rosette-pearl-maang-tikka-50532\\\/#primaryimage\"},\"image\":{\"@id\":\"https:\\\/\\\/www.purejewels.com\\\/product\\\/22ct-sunrise-gold-rosette-pearl-maang-tikka-50532\\\/#primaryimage\"},\"thumbnailUrl\":\"https:\\\/\\\/static.purejewels.com\\\/wp-content\\\/uploads\\\/2026\\\/05\\\/JWTKTSRS006-FRONT.jpg\",\"datePublished\":\"2026-03-04T07:03:55+00:00\",\"dateModified\":\"2026-05-04T06:10:21+00:00\",\"description\":\"Shop 22ct Sunrise Gold Rosette Pearl Maang Tikka by PureJewels. A delicate floral bridal tikka with pearls, blending elegance, heritage, and modern design.\",\"breadcrumb\":{\"@id\":\"https:\\\/\\\/www.purejewels.com\\\/product\\\/22ct-sunrise-gold-rosette-pearl-maang-tikka-50532\\\/#breadcrumb\"},\"inLanguage\":\"de\",\"potentialAction\":[{\"@type\":\"ReadAction\",\"target\":[\"https:\\\/\\\/www.purejewels.com\\\/product\\\/22ct-sunrise-gold-rosette-pearl-maang-tikka-50532\\\/\"]}]},{\"@type\":\"ImageObject\",\"inLanguage\":\"de\",\"@id\":\"https:\\\/\\\/www.purejewels.com\\\/product\\\/22ct-sunrise-gold-rosette-pearl-maang-tikka-50532\\\/#primaryimage\",\"url\":\"https:\\\/\\\/static.purejewels.com\\\/wp-content\\\/uploads\\\/2026\\\/05\\\/JWTKTSRS006-FRONT.jpg\",\"contentUrl\":\"https:\\\/\\\/static.purejewels.com\\\/wp-content\\\/uploads\\\/2026\\\/05\\\/JWTKTSRS006-FRONT.jpg\",\"width\":1000,\"height\":1000,\"caption\":\"22ct Sunrise Gold Rosette Pearl Maang Tikka\"},{\"@type\":\"BreadcrumbList\",\"@id\":\"https:\\\/\\\/www.purejewels.com\\\/product\\\/22ct-sunrise-gold-rosette-pearl-maang-tikka-50532\\\/#breadcrumb\",\"itemListElement\":[{\"@type\":\"ListItem\",\"position\":1,\"name\":\"Home\",\"item\":\"https:\\\/\\\/www.purejewels.com\\\/\"},{\"@type\":\"ListItem\",\"position\":2,\"name\":\"Shop\",\"item\":\"https:\\\/\\\/www.purejewels.com\\\/shop\\\/\"},{\"@type\":\"ListItem\",\"position\":3,\"name\":\"22ct Sunrise Gold Rosette Pearl Maang Tikka\"}]},{\"@type\":\"WebSite\",\"@id\":\"https:\\\/\\\/www.purejewels.com\\\/#website\",\"url\":\"https:\\\/\\\/www.purejewels.com\\\/\",\"name\":\"PureJewels UK\",\"description\":\"Share the Love\",\"publisher\":{\"@id\":\"https:\\\/\\\/www.purejewels.com\\\/#organization\"},\"potentialAction\":[{\"@type\":\"SearchAction\",\"target\":{\"@type\":\"EntryPoint\",\"urlTemplate\":\"https:\\\/\\\/www.purejewels.com\\\/?s={search_term_string}\"},\"query-input\":{\"@type\":\"PropertyValueSpecification\",\"valueRequired\":true,\"valueName\":\"search_term_string\"}}],\"inLanguage\":\"de\"},{\"@type\":\"Organization\",\"@id\":\"https:\\\/\\\/www.purejewels.com\\\/#organization\",\"name\":\"PureJewels UK\",\"url\":\"https:\\\/\\\/www.purejewels.com\\\/\",\"logo\":{\"@type\":\"ImageObject\",\"inLanguage\":\"de\",\"@id\":\"https:\\\/\\\/www.purejewels.com\\\/#\\\/schema\\\/logo\\\/image\\\/\",\"url\":\"https:\\\/\\\/static.purejewels.com\\\/wp-content\\\/uploads\\\/2020\\\/11\\\/Logo-PJ-New-1.png\",\"contentUrl\":\"https:\\\/\\\/static.purejewels.com\\\/wp-content\\\/uploads\\\/2020\\\/11\\\/Logo-PJ-New-1.png\",\"width\":150,\"height\":80,\"caption\":\"PureJewels UK\"},\"image\":{\"@id\":\"https:\\\/\\\/www.purejewels.com\\\/#\\\/schema\\\/logo\\\/image\\\/\"}}]}<\/script>\n<!-- \/ Yoast SEO plugin. -->","yoast_head_json":{"title":"22ct Sunrise Gold Rosette Perle Maang Tikka online kaufen","description":"Shop 22ct Sunrise Gold Rosette Perle Maang Tikka von PureJewels. Ein zartes florales Braut-Tikka mit Perlen, das Eleganz, Tradition und modernes Design verbindet.","robots":{"index":"index","follow":"follow","max-snippet":"max-snippet:-1","max-image-preview":"max-image-preview:large","max-video-preview":"max-video-preview:-1"},"canonical":"https:\/\/www.purejewels.com\/de\/produkt-2\/22-karat-sunrise-gold-rosette-perle-maang-tikka-50532\/","og_locale":"de_DE","og_type":"article","og_title":"Buy online 22ct Sunrise Gold Rosette Pearl Maang Tikka","og_description":"Shop 22ct Sunrise Gold Rosette Pearl Maang Tikka by PureJewels. A delicate floral bridal tikka with pearls, blending elegance, heritage, and modern design.","og_url":"https:\/\/www.purejewels.com\/de\/produkt-2\/22-karat-sunrise-gold-rosette-perle-maang-tikka-50532\/","og_site_name":"PureJewels UK","article_modified_time":"2026-05-04T06:10:21+00:00","og_image":[{"width":1000,"height":1000,"url":"https:\/\/static.purejewels.com\/wp-content\/uploads\/2026\/05\/JWTKTSRS006-FRONT.jpg","type":"image\/jpeg"}],"twitter_card":"summary_large_image","twitter_misc":{"Gesch\u00e4tzte Lesezeit":"2\u00a0Minuten"},"schema":{"@context":"https:\/\/schema.org","@graph":[{"@type":["WebPage","ItemPage"],"@id":"https:\/\/www.purejewels.com\/product\/22ct-sunrise-gold-rosette-pearl-maang-tikka-50532\/","url":"https:\/\/www.purejewels.com\/product\/22ct-sunrise-gold-rosette-pearl-maang-tikka-50532\/","name":"22ct Sunrise Gold Rosette Perle Maang Tikka online kaufen","isPartOf":{"@id":"https:\/\/www.purejewels.com\/#website"},"primaryImageOfPage":{"@id":"https:\/\/www.purejewels.com\/product\/22ct-sunrise-gold-rosette-pearl-maang-tikka-50532\/#primaryimage"},"image":{"@id":"https:\/\/www.purejewels.com\/product\/22ct-sunrise-gold-rosette-pearl-maang-tikka-50532\/#primaryimage"},"thumbnailUrl":"https:\/\/static.purejewels.com\/wp-content\/uploads\/2026\/05\/JWTKTSRS006-FRONT.jpg","datePublished":"2026-03-04T07:03:55+00:00","dateModified":"2026-05-04T06:10:21+00:00","description":"Shop 22ct Sunrise Gold Rosette Perle Maang Tikka von PureJewels. Ein zartes florales Braut-Tikka mit Perlen, das Eleganz, Tradition und modernes Design verbindet.","breadcrumb":{"@id":"https:\/\/www.purejewels.com\/product\/22ct-sunrise-gold-rosette-pearl-maang-tikka-50532\/#breadcrumb"},"inLanguage":"de","potentialAction":[{"@type":"ReadAction","target":["https:\/\/www.purejewels.com\/product\/22ct-sunrise-gold-rosette-pearl-maang-tikka-50532\/"]}]},{"@type":"ImageObject","inLanguage":"de","@id":"https:\/\/www.purejewels.com\/product\/22ct-sunrise-gold-rosette-pearl-maang-tikka-50532\/#primaryimage","url":"https:\/\/static.purejewels.com\/wp-content\/uploads\/2026\/05\/JWTKTSRS006-FRONT.jpg","contentUrl":"https:\/\/static.purejewels.com\/wp-content\/uploads\/2026\/05\/JWTKTSRS006-FRONT.jpg","width":1000,"height":1000,"caption":"22ct Sunrise Gold Rosette Pearl Maang Tikka"},{"@type":"BreadcrumbList","@id":"https:\/\/www.purejewels.com\/product\/22ct-sunrise-gold-rosette-pearl-maang-tikka-50532\/#breadcrumb","itemListElement":[{"@type":"ListItem","position":1,"name":"Home","item":"https:\/\/www.purejewels.com\/"},{"@type":"ListItem","position":2,"name":"Shop","item":"https:\/\/www.purejewels.com\/shop\/"},{"@type":"ListItem","position":3,"name":"22ct Sunrise Gold Rosette Pearl Maang Tikka"}]},{"@type":"WebSite","@id":"https:\/\/www.purejewels.com\/#website","url":"https:\/\/www.purejewels.com\/","name":"PureJewels UK","description":"Teile die Liebe","publisher":{"@id":"https:\/\/www.purejewels.com\/#organization"},"potentialAction":[{"@type":"SearchAction","target":{"@type":"EntryPoint","urlTemplate":"https:\/\/www.purejewels.com\/?s={search_term_string}"},"query-input":{"@type":"PropertyValueSpecification","valueRequired":true,"valueName":"search_term_string"}}],"inLanguage":"de"},{"@type":"Organization","@id":"https:\/\/www.purejewels.com\/#organization","name":"PureJewels UK","url":"https:\/\/www.purejewels.com\/","logo":{"@type":"ImageObject","inLanguage":"de","@id":"https:\/\/www.purejewels.com\/#\/schema\/logo\/image\/","url":"https:\/\/static.purejewels.com\/wp-content\/uploads\/2020\/11\/Logo-PJ-New-1.png","contentUrl":"https:\/\/static.purejewels.com\/wp-content\/uploads\/2020\/11\/Logo-PJ-New-1.png","width":150,"height":80,"caption":"PureJewels UK"},"image":{"@id":"https:\/\/www.purejewels.com\/#\/schema\/logo\/image\/"}}]}},"_links":{"self":[{"href":"https:\/\/www.purejewels.com\/de\/wp-json\/wp\/v2\/product\/429326","targetHints":{"allow":["GET"]}}],"collection":[{"href":"https:\/\/www.purejewels.com\/de\/wp-json\/wp\/v2\/product"}],"about":[{"href":"https:\/\/www.purejewels.com\/de\/wp-json\/wp\/v2\/types\/product"}],"replies":[{"embeddable":true,"href":"https:\/\/www.purejewels.com\/de\/wp-json\/wp\/v2\/comments?post=429326"}],"version-history":[{"count":1,"href":"https:\/\/www.purejewels.com\/de\/wp-json\/wp\/v2\/product\/429326\/revisions"}],"predecessor-version":[{"id":429335,"href":"https:\/\/www.purejewels.com\/de\/wp-json\/wp\/v2\/product\/429326\/revisions\/429335"}],"wp:featuredmedia":[{"embeddable":true,"href":"https:\/\/www.purejewels.com\/de\/wp-json\/wp\/v2\/media\/429330"}],"wp:attachment":[{"href":"https:\/\/www.purejewels.com\/de\/wp-json\/wp\/v2\/media?parent=429326"}],"wp:term":[{"taxonomy":"product_brand","embeddable":true,"href":"https:\/\/www.purejewels.com\/de\/wp-json\/wp\/v2\/product_brand?post=429326"},{"taxonomy":"product_cat","embeddable":true,"href":"https:\/\/www.purejewels.com\/de\/wp-json\/wp\/v2\/product_cat?post=429326"},{"taxonomy":"product_tag","embeddable":true,"href":"https:\/\/www.purejewels.com\/de\/wp-json\/wp\/v2\/product_tag?post=429326"}],"curies":[{"name":"wp","href":"https:\/\/api.w.org\/{rel}","templated":true}]}}