{"id":429391,"date":"2026-02-04T09:45:04","date_gmt":"2026-02-04T09:45:04","guid":{"rendered":"https:\/\/www.purejewels.com\/?post_type=product&#038;p=429391"},"modified":"2026-05-05T13:59:57","modified_gmt":"2026-05-05T12:59:57","slug":"22ct-sunrise-gold-rosette-welle-design-armreif-50815","status":"publish","type":"product","link":"https:\/\/www.purejewels.com\/de\/product\/22ct-sunrise-gold-rosette-wave-design-bangle-50815\/","title":{"rendered":"22ct Sunrise Gold Rosette Welle Design Armreif"},"content":{"rendered":"<p data-start=\"628\" data-end=\"1034\"><strong data-start=\"628\" data-end=\"646\">Designkonzept<\/strong><br data-start=\"646\" data-end=\"649\" \/>Inspiriert vom Rhythmus der Natur, vereint dieser Armreif bl\u00fchende Rosetten und eine flie\u00dfende Wellenform zu einem harmonischen Design. Jedes Segment ist sorgf\u00e4ltig zu einem sanft gewellten Muster geformt, das Kontinuit\u00e4t und Eleganz symbolisiert. Die detailreichen Rosettenmotive zeugen von zeitloser Sch\u00f6nheit und verleihen diesem Schmuckst\u00fcck eine ausdrucksstarke und raffinierte, skulpturale Pr\u00e4senz am Handgelenk.<\/p>\n<p data-start=\"1036\" data-end=\"1503\"><strong data-start=\"1036\" data-end=\"1053\">Handwerkliches K\u00f6nnen<\/strong><br data-start=\"1053\" data-end=\"1056\" \/>Der Armreif wurde fachm\u00e4nnisch aus reichem 22-kar\u00e4tigem Gold gefertigt und zeichnet sich durch au\u00dfergew\u00f6hnliche Kunstfertigkeit und Pr\u00e4zision aus. Jede Rosette ist aufwendig mit geschichteten Bl\u00fctenbl\u00e4ttern und feiner Textur gestaltet, die Tiefe und ein weiches Lichtspiel erzeugen. Die strukturierte Wellenform wurde sorgf\u00e4ltig ausgearbeitet, um sowohl die Optik als auch den Tragekomfort zu gew\u00e4hrleisten, w\u00e4hrend der innere Rahmen f\u00fcr Langlebigkeit sorgt, ohne die Eleganz zu beeintr\u00e4chtigen. Jedes Detail spiegelt die meisterhafte Arbeit der Goldschmiede wider.<\/p>\n<p data-start=\"1505\" data-end=\"1597\"><strong data-start=\"1505\" data-end=\"1522\">Styling-Ideen<\/strong><br data-start=\"1522\" data-end=\"1525\" \/>Dieser Armreif ist ein Statement von raffiniertem Erbe und zeitgen\u00f6ssischer Anmut.<\/p>\n<ul data-start=\"1598\" data-end=\"1968\">\n<li data-section-id=\"pv99bs\" data-start=\"1598\" data-end=\"1678\">Tragen Sie ihn solo, um seine skulpturale Sch\u00f6nheit und die aufwendige Handwerkskunst zu betonen.<\/li>\n<li data-section-id=\"4isgzb\" data-start=\"1679\" data-end=\"1764\">Kombinieren Sie sie mit erg\u00e4nzendem Rosettenschmuck f\u00fcr einen koordinierten, anlassgerechten Look.<\/li>\n<li data-section-id=\"1v7hahy\" data-start=\"1765\" data-end=\"1843\">Kombinieren Sie sie mit minimalistischen Goldteilen, um einen ausgewogenen, modernen Kontrast zu schaffen.<\/li>\n<li data-section-id=\"72ncfr\" data-start=\"1844\" data-end=\"1968\">Sie eignen sich perfekt f\u00fcr Hochzeiten, festliche Anl\u00e4sse oder sinnvolle Geschenke und sind zeitlos und unverwechselbar.<\/li>\n<\/ul>","protected":false},"excerpt":{"rendered":"<table class=\"sh_desc\" style=\"width: 100%; height: 336px;\">\n<tbody>\n<tr style=\"height: 28px;\">\n<td style=\"height: 28px;\">Art von Kada<\/td>\n<td style=\"height: 28px;\">Brautmode Kada Armreif<\/td>\n<\/tr>\n<tr style=\"height: 28px;\">\n<td style=\"height: 28px;\">SKU<\/td>\n<td style=\"height: 28px;\">50815<\/td>\n<\/tr>\n<tr style=\"height: 28px;\">\n<td style=\"height: 28px;\">Gewicht<\/td>\n<td style=\"height: 28px;\">28,50 Gramm<\/td>\n<\/tr>\n<tr style=\"height: 28px;\">\n<td style=\"height: 28px;\">Metall<\/td>\n<td style=\"height: 28px;\">22ct Sonnenaufgang Gold<\/td>\n<\/tr>\n<tr style=\"height: 28px;\">\n<td style=\"height: 28px;\">Armreif Gr\u00f6\u00dfe<\/td>\n<td style=\"height: 28px;\">2.8 (Weitere Gr\u00f6\u00dfen bitte anfragen)<\/td>\n<\/tr>\n<tr style=\"height: 28px;\">\n<td style=\"height: 28px;\">Sammlung<\/td>\n<td style=\"height: 28px;\"><strong>Kollektion Rosetten<\/strong><\/td>\n<\/tr>\n<tr style=\"height: 28px;\">\n<td style=\"height: 28px;\">KatalogID<\/td>\n<td style=\"height: 28px;\">R1084<\/td>\n<\/tr>\n<tr style=\"height: 28px;\">\n<td style=\"height: 28px;\">Wahrzeichen<\/td>\n<td style=\"height: 28px;\">22ct Gold gestempelt von London Assay Office<\/td>\n<\/tr>\n<tr style=\"height: 28px;\">\n<td style=\"height: 28px;\">Entgelte<\/td>\n<td style=\"height: 28px;\">Lieferung und Mehrwertsteuer inbegriffen<\/td>\n<\/tr>\n<tr style=\"height: 28px;\">\n<td style=\"height: 28px;\">Verpackung<\/td>\n<td style=\"height: 28px;\">Mit Pr\u00e4sentationsbox<\/td>\n<\/tr>\n<tr style=\"height: 84px;\">\n<td style=\"height: 84px;\">Mehr Informationen<\/td>\n<td style=\"height: 84px;\">\n<ul>\n<li>Hinweis: Der hier angegebene Preis gilt f\u00fcr eine einzelne Kada<\/li>\n<li>Live-Chat mit uns f\u00fcr Verf\u00fcgbarkeit und mehr Bilder<\/li>\n<\/ul>\n<\/td>\n<\/tr>\n<\/tbody>\n<\/table>\n<p>&nbsp;<\/p>","protected":false},"featured_media":429484,"comment_status":"closed","ping_status":"closed","template":"","meta":{"_eb_attr":"","_crsspst_to_jayantr4sg-hostcom":false},"product_brand":[],"product_cat":[1659,236,5701,1792,1233,1229,5271,5273,1656,1573,1574,5349],"product_tag":[],"class_list":{"0":"post-429391","1":"product","2":"type-product","3":"status-publish","4":"has-post-thumbnail","6":"product_cat-bridal-and-party-wear-gold-kada-bangle","7":"product_cat-collections","8":"product_cat-eid-jewellery","9":"product_cat-festival-gifts","10":"product_cat-gold-bangles","11":"product_cat-22ct-gold-jewellery","12":"product_cat-occasion-wear-bangles","13":"product_cat-22ct-gold-poncha-bracelet","14":"product_cat-rosettes-collections","15":"product_cat-wedding-gifts","16":"product_cat-womens-jewellery","17":"product_cat-yellow-gold-jewellery","19":"first","20":"instock","21":"taxable","22":"shipping-taxable","23":"purchasable","24":"product-type-simple","25":"add-to-wishlist-before_image"},"yoast_head":"<!-- This site is optimized with the Yoast SEO plugin v27.5 - https:\/\/yoast.com\/product\/yoast-seo-wordpress\/ -->\n<title>22ct Gold Rosette Wave Design Bangle | PureJewels London<\/title>\n<meta name=\"description\" content=\"Discover the 22ct Gold Rosette Wave Design Bangle, crafted with intricate floral detailing and a sculpted wave form. A timeless blend of heritage artistry and modern elegance.\" \/>\n<meta name=\"robots\" content=\"index, follow, max-snippet:-1, max-image-preview:large, max-video-preview:-1\" \/>\n<link rel=\"canonical\" href=\"https:\/\/www.purejewels.com\/de\/produkt-2\/22ct-sunrise-gold-rosette-welle-design-armreif-50815\/\" \/>\n<meta property=\"og:locale\" content=\"de_DE\" \/>\n<meta property=\"og:type\" content=\"article\" \/>\n<meta property=\"og:title\" content=\"22ct Gold Rosette Wave Design Bangle | PureJewels London\" \/>\n<meta property=\"og:description\" content=\"Discover the 22ct Gold Rosette Wave Design Bangle, crafted with intricate floral detailing and a sculpted wave form. A timeless blend of heritage artistry and modern elegance.\" \/>\n<meta property=\"og:url\" content=\"https:\/\/www.purejewels.com\/de\/produkt-2\/22ct-sunrise-gold-rosette-welle-design-armreif-50815\/\" \/>\n<meta property=\"og:site_name\" content=\"PureJewels UK\" \/>\n<meta property=\"article:modified_time\" content=\"2026-05-05T12:59:57+00:00\" \/>\n<meta property=\"og:image\" content=\"https:\/\/static.purejewels.com\/wp-content\/uploads\/2026\/05\/sgbnkdrs034s8.jpg\" \/>\n\t<meta property=\"og:image:width\" content=\"1000\" \/>\n\t<meta property=\"og:image:height\" content=\"1000\" \/>\n\t<meta property=\"og:image:type\" content=\"image\/jpeg\" \/>\n<meta name=\"twitter:card\" content=\"summary_large_image\" \/>\n<meta name=\"twitter:label1\" content=\"Gesch\u00e4tzte Lesezeit\" \/>\n\t<meta name=\"twitter:data1\" content=\"2\u00a0Minuten\" \/>\n<script type=\"application\/ld+json\" class=\"yoast-schema-graph\">{\"@context\":\"https:\\\/\\\/schema.org\",\"@graph\":[{\"@type\":[\"WebPage\",\"ItemPage\"],\"@id\":\"https:\\\/\\\/www.purejewels.com\\\/product\\\/22ct-sunrise-gold-rosette-wave-design-bangle-50815\\\/\",\"url\":\"https:\\\/\\\/www.purejewels.com\\\/product\\\/22ct-sunrise-gold-rosette-wave-design-bangle-50815\\\/\",\"name\":\"22ct Gold Rosette Wave Design Bangle | PureJewels London\",\"isPartOf\":{\"@id\":\"https:\\\/\\\/www.purejewels.com\\\/#website\"},\"primaryImageOfPage\":{\"@id\":\"https:\\\/\\\/www.purejewels.com\\\/product\\\/22ct-sunrise-gold-rosette-wave-design-bangle-50815\\\/#primaryimage\"},\"image\":{\"@id\":\"https:\\\/\\\/www.purejewels.com\\\/product\\\/22ct-sunrise-gold-rosette-wave-design-bangle-50815\\\/#primaryimage\"},\"thumbnailUrl\":\"https:\\\/\\\/static.purejewels.com\\\/wp-content\\\/uploads\\\/2026\\\/05\\\/sgbnkdrs034s8.jpg\",\"datePublished\":\"2026-02-04T09:45:04+00:00\",\"dateModified\":\"2026-05-05T12:59:57+00:00\",\"description\":\"Discover the 22ct Gold Rosette Wave Design Bangle, crafted with intricate floral detailing and a sculpted wave form. A timeless blend of heritage artistry and modern elegance.\",\"breadcrumb\":{\"@id\":\"https:\\\/\\\/www.purejewels.com\\\/product\\\/22ct-sunrise-gold-rosette-wave-design-bangle-50815\\\/#breadcrumb\"},\"inLanguage\":\"de\",\"potentialAction\":[{\"@type\":\"ReadAction\",\"target\":[\"https:\\\/\\\/www.purejewels.com\\\/product\\\/22ct-sunrise-gold-rosette-wave-design-bangle-50815\\\/\"]}]},{\"@type\":\"ImageObject\",\"inLanguage\":\"de\",\"@id\":\"https:\\\/\\\/www.purejewels.com\\\/product\\\/22ct-sunrise-gold-rosette-wave-design-bangle-50815\\\/#primaryimage\",\"url\":\"https:\\\/\\\/static.purejewels.com\\\/wp-content\\\/uploads\\\/2026\\\/05\\\/sgbnkdrs034s8.jpg\",\"contentUrl\":\"https:\\\/\\\/static.purejewels.com\\\/wp-content\\\/uploads\\\/2026\\\/05\\\/sgbnkdrs034s8.jpg\",\"width\":1000,\"height\":1000,\"caption\":\"22ct Sunrise Gold Rosette Wave Design Bangle\"},{\"@type\":\"BreadcrumbList\",\"@id\":\"https:\\\/\\\/www.purejewels.com\\\/product\\\/22ct-sunrise-gold-rosette-wave-design-bangle-50815\\\/#breadcrumb\",\"itemListElement\":[{\"@type\":\"ListItem\",\"position\":1,\"name\":\"Home\",\"item\":\"https:\\\/\\\/www.purejewels.com\\\/\"},{\"@type\":\"ListItem\",\"position\":2,\"name\":\"Shop\",\"item\":\"https:\\\/\\\/www.purejewels.com\\\/shop\\\/\"},{\"@type\":\"ListItem\",\"position\":3,\"name\":\"22ct Sunrise Gold Rosette Wave Design Bangle\"}]},{\"@type\":\"WebSite\",\"@id\":\"https:\\\/\\\/www.purejewels.com\\\/#website\",\"url\":\"https:\\\/\\\/www.purejewels.com\\\/\",\"name\":\"PureJewels UK\",\"description\":\"Share the Love\",\"publisher\":{\"@id\":\"https:\\\/\\\/www.purejewels.com\\\/#organization\"},\"potentialAction\":[{\"@type\":\"SearchAction\",\"target\":{\"@type\":\"EntryPoint\",\"urlTemplate\":\"https:\\\/\\\/www.purejewels.com\\\/?s={search_term_string}\"},\"query-input\":{\"@type\":\"PropertyValueSpecification\",\"valueRequired\":true,\"valueName\":\"search_term_string\"}}],\"inLanguage\":\"de\"},{\"@type\":\"Organization\",\"@id\":\"https:\\\/\\\/www.purejewels.com\\\/#organization\",\"name\":\"PureJewels UK\",\"url\":\"https:\\\/\\\/www.purejewels.com\\\/\",\"logo\":{\"@type\":\"ImageObject\",\"inLanguage\":\"de\",\"@id\":\"https:\\\/\\\/www.purejewels.com\\\/#\\\/schema\\\/logo\\\/image\\\/\",\"url\":\"https:\\\/\\\/static.purejewels.com\\\/wp-content\\\/uploads\\\/2020\\\/11\\\/Logo-PJ-New-1.png\",\"contentUrl\":\"https:\\\/\\\/static.purejewels.com\\\/wp-content\\\/uploads\\\/2020\\\/11\\\/Logo-PJ-New-1.png\",\"width\":150,\"height\":80,\"caption\":\"PureJewels UK\"},\"image\":{\"@id\":\"https:\\\/\\\/www.purejewels.com\\\/#\\\/schema\\\/logo\\\/image\\\/\"}}]}<\/script>\n<!-- \/ Yoast SEO plugin. -->","yoast_head_json":{"title":"22ct Gold Rosette Welle Design Armreif | PureJewels London","description":"Entdecken Sie den 22-kar\u00e4tigen Goldarmreif im Rosetten-Wellendesign, der mit komplizierten floralen Details und einer skulpturalen Wellenform versehen ist. Eine zeitlose Mischung aus traditioneller Handwerkskunst und moderner Eleganz.","robots":{"index":"index","follow":"follow","max-snippet":"max-snippet:-1","max-image-preview":"max-image-preview:large","max-video-preview":"max-video-preview:-1"},"canonical":"https:\/\/www.purejewels.com\/de\/produkt-2\/22ct-sunrise-gold-rosette-welle-design-armreif-50815\/","og_locale":"de_DE","og_type":"article","og_title":"22ct Gold Rosette Wave Design Bangle | PureJewels London","og_description":"Discover the 22ct Gold Rosette Wave Design Bangle, crafted with intricate floral detailing and a sculpted wave form. A timeless blend of heritage artistry and modern elegance.","og_url":"https:\/\/www.purejewels.com\/de\/produkt-2\/22ct-sunrise-gold-rosette-welle-design-armreif-50815\/","og_site_name":"PureJewels UK","article_modified_time":"2026-05-05T12:59:57+00:00","og_image":[{"width":1000,"height":1000,"url":"https:\/\/static.purejewels.com\/wp-content\/uploads\/2026\/05\/sgbnkdrs034s8.jpg","type":"image\/jpeg"}],"twitter_card":"summary_large_image","twitter_misc":{"Gesch\u00e4tzte Lesezeit":"2\u00a0Minuten"},"schema":{"@context":"https:\/\/schema.org","@graph":[{"@type":["WebPage","ItemPage"],"@id":"https:\/\/www.purejewels.com\/product\/22ct-sunrise-gold-rosette-wave-design-bangle-50815\/","url":"https:\/\/www.purejewels.com\/product\/22ct-sunrise-gold-rosette-wave-design-bangle-50815\/","name":"22ct Gold Rosette Welle Design Armreif | PureJewels London","isPartOf":{"@id":"https:\/\/www.purejewels.com\/#website"},"primaryImageOfPage":{"@id":"https:\/\/www.purejewels.com\/product\/22ct-sunrise-gold-rosette-wave-design-bangle-50815\/#primaryimage"},"image":{"@id":"https:\/\/www.purejewels.com\/product\/22ct-sunrise-gold-rosette-wave-design-bangle-50815\/#primaryimage"},"thumbnailUrl":"https:\/\/static.purejewels.com\/wp-content\/uploads\/2026\/05\/sgbnkdrs034s8.jpg","datePublished":"2026-02-04T09:45:04+00:00","dateModified":"2026-05-05T12:59:57+00:00","description":"Entdecken Sie den 22-kar\u00e4tigen Goldarmreif im Rosetten-Wellendesign, der mit komplizierten floralen Details und einer skulpturalen Wellenform versehen ist. Eine zeitlose Mischung aus traditioneller Handwerkskunst und moderner Eleganz.","breadcrumb":{"@id":"https:\/\/www.purejewels.com\/product\/22ct-sunrise-gold-rosette-wave-design-bangle-50815\/#breadcrumb"},"inLanguage":"de","potentialAction":[{"@type":"ReadAction","target":["https:\/\/www.purejewels.com\/product\/22ct-sunrise-gold-rosette-wave-design-bangle-50815\/"]}]},{"@type":"ImageObject","inLanguage":"de","@id":"https:\/\/www.purejewels.com\/product\/22ct-sunrise-gold-rosette-wave-design-bangle-50815\/#primaryimage","url":"https:\/\/static.purejewels.com\/wp-content\/uploads\/2026\/05\/sgbnkdrs034s8.jpg","contentUrl":"https:\/\/static.purejewels.com\/wp-content\/uploads\/2026\/05\/sgbnkdrs034s8.jpg","width":1000,"height":1000,"caption":"22ct Sunrise Gold Rosette Wave Design Bangle"},{"@type":"BreadcrumbList","@id":"https:\/\/www.purejewels.com\/product\/22ct-sunrise-gold-rosette-wave-design-bangle-50815\/#breadcrumb","itemListElement":[{"@type":"ListItem","position":1,"name":"Home","item":"https:\/\/www.purejewels.com\/"},{"@type":"ListItem","position":2,"name":"Shop","item":"https:\/\/www.purejewels.com\/shop\/"},{"@type":"ListItem","position":3,"name":"22ct Sunrise Gold Rosette Wave Design Bangle"}]},{"@type":"WebSite","@id":"https:\/\/www.purejewels.com\/#website","url":"https:\/\/www.purejewels.com\/","name":"PureJewels UK","description":"Teile die Liebe","publisher":{"@id":"https:\/\/www.purejewels.com\/#organization"},"potentialAction":[{"@type":"SearchAction","target":{"@type":"EntryPoint","urlTemplate":"https:\/\/www.purejewels.com\/?s={search_term_string}"},"query-input":{"@type":"PropertyValueSpecification","valueRequired":true,"valueName":"search_term_string"}}],"inLanguage":"de"},{"@type":"Organization","@id":"https:\/\/www.purejewels.com\/#organization","name":"PureJewels UK","url":"https:\/\/www.purejewels.com\/","logo":{"@type":"ImageObject","inLanguage":"de","@id":"https:\/\/www.purejewels.com\/#\/schema\/logo\/image\/","url":"https:\/\/static.purejewels.com\/wp-content\/uploads\/2020\/11\/Logo-PJ-New-1.png","contentUrl":"https:\/\/static.purejewels.com\/wp-content\/uploads\/2020\/11\/Logo-PJ-New-1.png","width":150,"height":80,"caption":"PureJewels UK"},"image":{"@id":"https:\/\/www.purejewels.com\/#\/schema\/logo\/image\/"}}]}},"_links":{"self":[{"href":"https:\/\/www.purejewels.com\/de\/wp-json\/wp\/v2\/product\/429391","targetHints":{"allow":["GET"]}}],"collection":[{"href":"https:\/\/www.purejewels.com\/de\/wp-json\/wp\/v2\/product"}],"about":[{"href":"https:\/\/www.purejewels.com\/de\/wp-json\/wp\/v2\/types\/product"}],"replies":[{"embeddable":true,"href":"https:\/\/www.purejewels.com\/de\/wp-json\/wp\/v2\/comments?post=429391"}],"version-history":[{"count":1,"href":"https:\/\/www.purejewels.com\/de\/wp-json\/wp\/v2\/product\/429391\/revisions"}],"predecessor-version":[{"id":429487,"href":"https:\/\/www.purejewels.com\/de\/wp-json\/wp\/v2\/product\/429391\/revisions\/429487"}],"wp:featuredmedia":[{"embeddable":true,"href":"https:\/\/www.purejewels.com\/de\/wp-json\/wp\/v2\/media\/429484"}],"wp:attachment":[{"href":"https:\/\/www.purejewels.com\/de\/wp-json\/wp\/v2\/media?parent=429391"}],"wp:term":[{"taxonomy":"product_brand","embeddable":true,"href":"https:\/\/www.purejewels.com\/de\/wp-json\/wp\/v2\/product_brand?post=429391"},{"taxonomy":"product_cat","embeddable":true,"href":"https:\/\/www.purejewels.com\/de\/wp-json\/wp\/v2\/product_cat?post=429391"},{"taxonomy":"product_tag","embeddable":true,"href":"https:\/\/www.purejewels.com\/de\/wp-json\/wp\/v2\/product_tag?post=429391"}],"curies":[{"name":"wp","href":"https:\/\/api.w.org\/{rel}","templated":true}]}}