{"id":429414,"date":"2026-03-04T13:14:29","date_gmt":"2026-03-04T13:14:29","guid":{"rendered":"https:\/\/www.purejewels.com\/?post_type=product&#038;p=429414"},"modified":"2026-05-04T13:28:52","modified_gmt":"2026-05-04T12:28:52","slug":"22-kt-gold-klassisch-herren-kada-55567","status":"publish","type":"product","link":"https:\/\/www.purejewels.com\/de\/product\/22ct-gold-classic-gents-kada-55567\/","title":{"rendered":"22ct Gold Klassisch Herren Kada"},"content":{"rendered":"<p data-start=\"213\" data-end=\"498\"><strong data-start=\"213\" data-end=\"254\">Designkonzept<\/strong><br data-start=\"254\" data-end=\"257\" \/>Dieses klassische Kada f\u00fcr Herren ist in der Tradition verwurzelt, aber dennoch f\u00fcr den modernen Tr\u00e4ger verfeinert und verk\u00f6rpert Schlichtheit vom Feinsten. Seine schlichte, schn\u00f6rkellose Form spiegelt St\u00e4rke, Klarheit und Selbstvertrauen wider und macht ihn zu einem bedeutungsvollen St\u00fcck, das Trends \u00fcberdauert. Die kreisf\u00f6rmige Silhouette symbolisiert Kontinuit\u00e4t und Gleichgewicht, w\u00e4hrend die glatten Konturen eine ruhige Raffinesse vermitteln. F\u00fcr alle, die Minimalismus mit Zweckm\u00e4\u00dfigkeit zu sch\u00e4tzen wissen, ist dieses Kada ein subtiler und doch kraftvoller Ausdruck von Identit\u00e4t.<\/p>\n<p data-start=\"739\" data-end=\"999\"><strong data-start=\"739\" data-end=\"778\">Handwerkliches K\u00f6nnen<\/strong><br data-start=\"778\" data-end=\"781\" \/>Dieses Kada ist aus reichem 22-kar\u00e4tigem Gold gefertigt und mit einer hochgl\u00e4nzenden Oberfl\u00e4che versehen, die die nat\u00fcrliche W\u00e4rme und den Glanz des Goldes hervorhebt. Die nahtlose Konstruktion sorgt f\u00fcr Langlebigkeit und Komfort und macht sie ideal f\u00fcr den t\u00e4glichen Gebrauch. Jede Kurve wurde sorgf\u00e4ltig ausgearbeitet, um eine glatte, f\u00fchlbare Oberfl\u00e4che zu erzielen - so kommt die Sch\u00f6nheit des Goldes in seiner reinsten Form zur Geltung, ohne abzulenken.<\/p>\n<p data-start=\"1142\" data-end=\"1356\"><strong data-start=\"1142\" data-end=\"1184\">Styling-Ideen<\/strong><br data-start=\"1184\" data-end=\"1187\" \/>Diese Kada ist f\u00fcr jede Gelegenheit geeignet. Tragen Sie sie allein f\u00fcr einen klaren, selbstbewussten Look, oder kombinieren Sie sie mit einer Uhr oder zus\u00e4tzlichen Armb\u00e4ndern f\u00fcr einen mehrschichtigen Stil. Dank ihres schlichten Designs passt sie sowohl zu traditioneller als auch zu moderner Kleidung und bietet Vielseitigkeit ohne Kompromisse.<\/p>","protected":false},"excerpt":{"rendered":"<p>Diese klassische 22-kar\u00e4tige Kada f\u00fcr Herren ist ein zeitloses Accessoire und zeichnet sich durch ihre schlichte, polierte Oberfl\u00e4che aus. Sie ist f\u00fcr die Eleganz des Alltags gemacht und vermittelt einen starken Sinn f\u00fcr Tradition.<\/p>\n<p><strong>Material:<\/strong>\u00a022ct Gold (91,6% reines Gold)<strong><br \/>\nWahrzeichen:\u00a0<\/strong>Britisches G\u00fctesiegel<strong><br \/>\n<\/strong><strong>Bruttogewicht: <\/strong>29,80 Gramm<br \/>\n<strong>Gr\u00f6\u00dfe :<\/strong> 2.11<br \/>\n<strong>Breite:<\/strong> 5 mm<br \/>\n<strong>SKU:<\/strong> 55567<\/p>\n<p><strong>Preis und Lieferung<\/strong>: Inklusive Mehrwertsteuer und Lieferkosten<br \/>\n<a href=\"https:\/\/www.purejewels.com\/de\/ruckgabepolitik\/\">R\u00fcckgabepolitik<\/a><\/p>","protected":false},"featured_media":337279,"comment_status":"closed","ping_status":"closed","template":"","meta":{"_eb_attr":"","_crsspst_to_jayantr4sg-hostcom":true},"product_brand":[],"product_cat":[1571,1233,1229,5440,1572,1629,5349],"product_tag":[],"class_list":{"0":"post-429414","1":"product","2":"type-product","3":"status-publish","4":"has-post-thumbnail","6":"product_cat-fathers-day-gifts","7":"product_cat-gold-bangles","8":"product_cat-22ct-gold-jewellery","9":"product_cat-mens-bangles","10":"product_cat-mens-jewellery","11":"product_cat-mens-kada","12":"product_cat-yellow-gold-jewellery","14":"first","15":"instock","16":"taxable","17":"shipping-taxable","18":"purchasable","19":"product-type-simple","20":"add-to-wishlist-before_image"},"yoast_head":"<!-- This site is optimized with the Yoast SEO plugin v27.5 - https:\/\/yoast.com\/product\/yoast-seo-wordpress\/ -->\n<title>22ct Gold Classic Gents Kada \u2013 Plain Polished Design<\/title>\n<meta name=\"description\" content=\"Shop 22ct Gold Classic Gents Kada by PureJewels. A sleek plain gold kada with polished finish, crafted for timeless style, everyday wear, and modern elegance.\" \/>\n<meta name=\"robots\" content=\"index, follow, max-snippet:-1, max-image-preview:large, max-video-preview:-1\" \/>\n<link rel=\"canonical\" href=\"https:\/\/www.purejewels.com\/de\/produkt-2\/22-kt-gold-klassisch-herren-kada-55567\/\" \/>\n<meta property=\"og:locale\" content=\"de_DE\" \/>\n<meta property=\"og:type\" content=\"article\" \/>\n<meta property=\"og:title\" content=\"22ct Gold Classic Gents Kada \u2013 Plain Polished Design\" \/>\n<meta property=\"og:description\" content=\"Shop 22ct Gold Classic Gents Kada by PureJewels. A sleek plain gold kada with polished finish, crafted for timeless style, everyday wear, and modern elegance.\" \/>\n<meta property=\"og:url\" content=\"https:\/\/www.purejewels.com\/de\/produkt-2\/22-kt-gold-klassisch-herren-kada-55567\/\" \/>\n<meta property=\"og:site_name\" content=\"PureJewels UK\" \/>\n<meta property=\"article:modified_time\" content=\"2026-05-04T12:28:52+00:00\" \/>\n<meta property=\"og:image\" content=\"https:\/\/static.purejewels.com\/wp-content\/uploads\/2022\/05\/42483-1.jpg\" \/>\n\t<meta property=\"og:image:width\" content=\"1000\" \/>\n\t<meta property=\"og:image:height\" content=\"1000\" \/>\n\t<meta property=\"og:image:type\" content=\"image\/jpeg\" \/>\n<meta name=\"twitter:card\" content=\"summary_large_image\" \/>\n<meta name=\"twitter:label1\" content=\"Gesch\u00e4tzte Lesezeit\" \/>\n\t<meta name=\"twitter:data1\" content=\"1\u00a0Minute\" \/>\n<script type=\"application\/ld+json\" class=\"yoast-schema-graph\">{\"@context\":\"https:\\\/\\\/schema.org\",\"@graph\":[{\"@type\":[\"WebPage\",\"ItemPage\"],\"@id\":\"https:\\\/\\\/www.purejewels.com\\\/product\\\/22ct-gold-classic-gents-kada-55567\\\/\",\"url\":\"https:\\\/\\\/www.purejewels.com\\\/product\\\/22ct-gold-classic-gents-kada-55567\\\/\",\"name\":\"22ct Gold Classic Gents Kada \u2013 Plain Polished Design\",\"isPartOf\":{\"@id\":\"https:\\\/\\\/www.purejewels.com\\\/#website\"},\"primaryImageOfPage\":{\"@id\":\"https:\\\/\\\/www.purejewels.com\\\/product\\\/22ct-gold-classic-gents-kada-55567\\\/#primaryimage\"},\"image\":{\"@id\":\"https:\\\/\\\/www.purejewels.com\\\/product\\\/22ct-gold-classic-gents-kada-55567\\\/#primaryimage\"},\"thumbnailUrl\":\"https:\\\/\\\/static.purejewels.com\\\/wp-content\\\/uploads\\\/2022\\\/05\\\/42483-1.jpg\",\"datePublished\":\"2026-03-04T13:14:29+00:00\",\"dateModified\":\"2026-05-04T12:28:52+00:00\",\"description\":\"Shop 22ct Gold Classic Gents Kada by PureJewels. A sleek plain gold kada with polished finish, crafted for timeless style, everyday wear, and modern elegance.\",\"breadcrumb\":{\"@id\":\"https:\\\/\\\/www.purejewels.com\\\/product\\\/22ct-gold-classic-gents-kada-55567\\\/#breadcrumb\"},\"inLanguage\":\"de\",\"potentialAction\":[{\"@type\":\"ReadAction\",\"target\":[\"https:\\\/\\\/www.purejewels.com\\\/product\\\/22ct-gold-classic-gents-kada-55567\\\/\"]}]},{\"@type\":\"ImageObject\",\"inLanguage\":\"de\",\"@id\":\"https:\\\/\\\/www.purejewels.com\\\/product\\\/22ct-gold-classic-gents-kada-55567\\\/#primaryimage\",\"url\":\"https:\\\/\\\/static.purejewels.com\\\/wp-content\\\/uploads\\\/2022\\\/05\\\/42483-1.jpg\",\"contentUrl\":\"https:\\\/\\\/static.purejewels.com\\\/wp-content\\\/uploads\\\/2022\\\/05\\\/42483-1.jpg\",\"width\":1000,\"height\":1000},{\"@type\":\"BreadcrumbList\",\"@id\":\"https:\\\/\\\/www.purejewels.com\\\/product\\\/22ct-gold-classic-gents-kada-55567\\\/#breadcrumb\",\"itemListElement\":[{\"@type\":\"ListItem\",\"position\":1,\"name\":\"Home\",\"item\":\"https:\\\/\\\/www.purejewels.com\\\/\"},{\"@type\":\"ListItem\",\"position\":2,\"name\":\"Shop\",\"item\":\"https:\\\/\\\/www.purejewels.com\\\/shop\\\/\"},{\"@type\":\"ListItem\",\"position\":3,\"name\":\"22ct Gold Classic Gents Kada\"}]},{\"@type\":\"WebSite\",\"@id\":\"https:\\\/\\\/www.purejewels.com\\\/#website\",\"url\":\"https:\\\/\\\/www.purejewels.com\\\/\",\"name\":\"PureJewels UK\",\"description\":\"Share the Love\",\"publisher\":{\"@id\":\"https:\\\/\\\/www.purejewels.com\\\/#organization\"},\"potentialAction\":[{\"@type\":\"SearchAction\",\"target\":{\"@type\":\"EntryPoint\",\"urlTemplate\":\"https:\\\/\\\/www.purejewels.com\\\/?s={search_term_string}\"},\"query-input\":{\"@type\":\"PropertyValueSpecification\",\"valueRequired\":true,\"valueName\":\"search_term_string\"}}],\"inLanguage\":\"de\"},{\"@type\":\"Organization\",\"@id\":\"https:\\\/\\\/www.purejewels.com\\\/#organization\",\"name\":\"PureJewels UK\",\"url\":\"https:\\\/\\\/www.purejewels.com\\\/\",\"logo\":{\"@type\":\"ImageObject\",\"inLanguage\":\"de\",\"@id\":\"https:\\\/\\\/www.purejewels.com\\\/#\\\/schema\\\/logo\\\/image\\\/\",\"url\":\"https:\\\/\\\/static.purejewels.com\\\/wp-content\\\/uploads\\\/2020\\\/11\\\/Logo-PJ-New-1.png\",\"contentUrl\":\"https:\\\/\\\/static.purejewels.com\\\/wp-content\\\/uploads\\\/2020\\\/11\\\/Logo-PJ-New-1.png\",\"width\":150,\"height\":80,\"caption\":\"PureJewels UK\"},\"image\":{\"@id\":\"https:\\\/\\\/www.purejewels.com\\\/#\\\/schema\\\/logo\\\/image\\\/\"}}]}<\/script>\n<!-- \/ Yoast SEO plugin. -->","yoast_head_json":{"title":"22 Karat Gold Klassisches Herren-Kada - schlichtes, poliertes Design","description":"Shop 22ct Gold Classic Gents Kada von PureJewels. Eine schlichte Kada aus Gold mit poliertem Finish, gefertigt f\u00fcr zeitlosen Stil, allt\u00e4gliches Tragen und moderne Eleganz.","robots":{"index":"index","follow":"follow","max-snippet":"max-snippet:-1","max-image-preview":"max-image-preview:large","max-video-preview":"max-video-preview:-1"},"canonical":"https:\/\/www.purejewels.com\/de\/produkt-2\/22-kt-gold-klassisch-herren-kada-55567\/","og_locale":"de_DE","og_type":"article","og_title":"22ct Gold Classic Gents Kada \u2013 Plain Polished Design","og_description":"Shop 22ct Gold Classic Gents Kada by PureJewels. A sleek plain gold kada with polished finish, crafted for timeless style, everyday wear, and modern elegance.","og_url":"https:\/\/www.purejewels.com\/de\/produkt-2\/22-kt-gold-klassisch-herren-kada-55567\/","og_site_name":"PureJewels UK","article_modified_time":"2026-05-04T12:28:52+00:00","og_image":[{"width":1000,"height":1000,"url":"https:\/\/static.purejewels.com\/wp-content\/uploads\/2022\/05\/42483-1.jpg","type":"image\/jpeg"}],"twitter_card":"summary_large_image","twitter_misc":{"Gesch\u00e4tzte Lesezeit":"1\u00a0Minute"},"schema":{"@context":"https:\/\/schema.org","@graph":[{"@type":["WebPage","ItemPage"],"@id":"https:\/\/www.purejewels.com\/product\/22ct-gold-classic-gents-kada-55567\/","url":"https:\/\/www.purejewels.com\/product\/22ct-gold-classic-gents-kada-55567\/","name":"22 Karat Gold Klassisches Herren-Kada - schlichtes, poliertes Design","isPartOf":{"@id":"https:\/\/www.purejewels.com\/#website"},"primaryImageOfPage":{"@id":"https:\/\/www.purejewels.com\/product\/22ct-gold-classic-gents-kada-55567\/#primaryimage"},"image":{"@id":"https:\/\/www.purejewels.com\/product\/22ct-gold-classic-gents-kada-55567\/#primaryimage"},"thumbnailUrl":"https:\/\/static.purejewels.com\/wp-content\/uploads\/2022\/05\/42483-1.jpg","datePublished":"2026-03-04T13:14:29+00:00","dateModified":"2026-05-04T12:28:52+00:00","description":"Shop 22ct Gold Classic Gents Kada von PureJewels. Eine schlichte Kada aus Gold mit poliertem Finish, gefertigt f\u00fcr zeitlosen Stil, allt\u00e4gliches Tragen und moderne Eleganz.","breadcrumb":{"@id":"https:\/\/www.purejewels.com\/product\/22ct-gold-classic-gents-kada-55567\/#breadcrumb"},"inLanguage":"de","potentialAction":[{"@type":"ReadAction","target":["https:\/\/www.purejewels.com\/product\/22ct-gold-classic-gents-kada-55567\/"]}]},{"@type":"ImageObject","inLanguage":"de","@id":"https:\/\/www.purejewels.com\/product\/22ct-gold-classic-gents-kada-55567\/#primaryimage","url":"https:\/\/static.purejewels.com\/wp-content\/uploads\/2022\/05\/42483-1.jpg","contentUrl":"https:\/\/static.purejewels.com\/wp-content\/uploads\/2022\/05\/42483-1.jpg","width":1000,"height":1000},{"@type":"BreadcrumbList","@id":"https:\/\/www.purejewels.com\/product\/22ct-gold-classic-gents-kada-55567\/#breadcrumb","itemListElement":[{"@type":"ListItem","position":1,"name":"Home","item":"https:\/\/www.purejewels.com\/"},{"@type":"ListItem","position":2,"name":"Shop","item":"https:\/\/www.purejewels.com\/shop\/"},{"@type":"ListItem","position":3,"name":"22ct Gold Classic Gents Kada"}]},{"@type":"WebSite","@id":"https:\/\/www.purejewels.com\/#website","url":"https:\/\/www.purejewels.com\/","name":"PureJewels UK","description":"Teile die Liebe","publisher":{"@id":"https:\/\/www.purejewels.com\/#organization"},"potentialAction":[{"@type":"SearchAction","target":{"@type":"EntryPoint","urlTemplate":"https:\/\/www.purejewels.com\/?s={search_term_string}"},"query-input":{"@type":"PropertyValueSpecification","valueRequired":true,"valueName":"search_term_string"}}],"inLanguage":"de"},{"@type":"Organization","@id":"https:\/\/www.purejewels.com\/#organization","name":"PureJewels UK","url":"https:\/\/www.purejewels.com\/","logo":{"@type":"ImageObject","inLanguage":"de","@id":"https:\/\/www.purejewels.com\/#\/schema\/logo\/image\/","url":"https:\/\/static.purejewels.com\/wp-content\/uploads\/2020\/11\/Logo-PJ-New-1.png","contentUrl":"https:\/\/static.purejewels.com\/wp-content\/uploads\/2020\/11\/Logo-PJ-New-1.png","width":150,"height":80,"caption":"PureJewels UK"},"image":{"@id":"https:\/\/www.purejewels.com\/#\/schema\/logo\/image\/"}}]}},"_links":{"self":[{"href":"https:\/\/www.purejewels.com\/de\/wp-json\/wp\/v2\/product\/429414","targetHints":{"allow":["GET"]}}],"collection":[{"href":"https:\/\/www.purejewels.com\/de\/wp-json\/wp\/v2\/product"}],"about":[{"href":"https:\/\/www.purejewels.com\/de\/wp-json\/wp\/v2\/types\/product"}],"replies":[{"embeddable":true,"href":"https:\/\/www.purejewels.com\/de\/wp-json\/wp\/v2\/comments?post=429414"}],"version-history":[{"count":3,"href":"https:\/\/www.purejewels.com\/de\/wp-json\/wp\/v2\/product\/429414\/revisions"}],"predecessor-version":[{"id":429418,"href":"https:\/\/www.purejewels.com\/de\/wp-json\/wp\/v2\/product\/429414\/revisions\/429418"}],"wp:featuredmedia":[{"embeddable":true,"href":"https:\/\/www.purejewels.com\/de\/wp-json\/wp\/v2\/media\/337279"}],"wp:attachment":[{"href":"https:\/\/www.purejewels.com\/de\/wp-json\/wp\/v2\/media?parent=429414"}],"wp:term":[{"taxonomy":"product_brand","embeddable":true,"href":"https:\/\/www.purejewels.com\/de\/wp-json\/wp\/v2\/product_brand?post=429414"},{"taxonomy":"product_cat","embeddable":true,"href":"https:\/\/www.purejewels.com\/de\/wp-json\/wp\/v2\/product_cat?post=429414"},{"taxonomy":"product_tag","embeddable":true,"href":"https:\/\/www.purejewels.com\/de\/wp-json\/wp\/v2\/product_tag?post=429414"}],"curies":[{"name":"wp","href":"https:\/\/api.w.org\/{rel}","templated":true}]}}