{"id":429425,"date":"2026-02-05T05:35:55","date_gmt":"2026-02-05T05:35:55","guid":{"rendered":"https:\/\/www.purejewels.com\/?post_type=product&#038;p=429425"},"modified":"2026-05-05T05:52:27","modified_gmt":"2026-05-05T04:52:27","slug":"klassische-box-kette-aus-22-karat-gold-55336","status":"publish","type":"product","link":"https:\/\/www.purejewels.com\/de\/product\/22ct-gold-classic-box-chain-55336\/","title":{"rendered":"22ct Gold Classic Box Kette | 1mm dick"},"content":{"rendered":"<h3 data-section-id=\"bsl4k4\" data-start=\"743\" data-end=\"767\"><span role=\"text\"><strong data-start=\"747\" data-end=\"765\">Designkonzept<\/strong><\/span><\/h3>\n<p data-start=\"768\" data-end=\"993\">Die klassische Boxkette aus 22 Karat Gold ist eine Ode an die Reinheit von Form und Funktion. Mit ihren klaren, geometrischen Gliedern steht die Kastenkette f\u00fcr Struktur, Gleichgewicht und Kontinuit\u00e4t - und damit f\u00fcr die ruhige St\u00e4rke eines dauerhaften Designs. Ihre 1 mm dicke Silhouette verleiht ihr eine zarte Pr\u00e4senz, w\u00e4hrend die L\u00e4nge von 16 Zoll sich anmutig um das Dekollet\u00e9 legt und sie zu einem intimen und vielseitigen Schmuckst\u00fcck macht. Da es eher als Erg\u00e4nzung denn als Konkurrenz gedacht ist, wird es zu einer subtilen Erweiterung der Geschichte seiner Tr\u00e4gerin - ein allt\u00e4gliches Zeichen von raffiniertem Geschmack.<\/p>\n<h3 data-section-id=\"4dnwuv\" data-start=\"1288\" data-end=\"1311\"><span role=\"text\"><strong data-start=\"1292\" data-end=\"1309\">Handwerkliches K\u00f6nnen<\/strong><\/span><\/h3>\n<p data-start=\"1312\" data-end=\"1564\">Diese Kette aus reichem 22-kar\u00e4tigem Gold spiegelt das Engagement von PureJewels f\u00fcr h\u00f6chste Reinheit und traditionelle Techniken wider. Jedes Glied wird sorgf\u00e4ltig geformt und ausgerichtet, um einen nahtlosen Fluss zu schaffen - das Ergebnis ist eine Kette, die sich sowohl strukturiert als auch flie\u00dfend anf\u00fchlt. Die Pr\u00e4zision der Kastenglieder sorgt f\u00fcr Langlebigkeit und gleichzeitig f\u00fcr ein weiches Tragegef\u00fchl auf der Haut. Die Kette ist mit einem sicheren Verschluss versehen und vom London Assay Office gepunzt, was ihr Authentizit\u00e4t und Sicherheit verleiht. Dies ist Handwerkskunst, die Traditionen ehrt und gleichzeitig moderne Pr\u00e4zision umarmt - getreu unserem Erbe, Reisen durch Gold zu zelebrieren.<\/p>\n<h3 data-section-id=\"75uy1a\" data-start=\"1966\" data-end=\"1989\"><span role=\"text\"><strong data-start=\"1970\" data-end=\"1987\">Styling-Ideen<\/strong><\/span><\/h3>\n<p data-start=\"1990\" data-end=\"2086\">Diese vielseitige und m\u00fchelos elegante Kette eignet sich hervorragend f\u00fcr verschiedene Ausdrucksformen:<\/p>\n<ul data-start=\"2088\" data-end=\"2542\">\n<li data-section-id=\"1wsgj8n\" data-start=\"2088\" data-end=\"2202\"><strong data-start=\"2090\" data-end=\"2114\">Minimalistisches Statement<\/strong>: Tragen Sie ihn allein f\u00fcr einen klaren, modernen Look, der den Reichtum des 22-kar\u00e4tigen Goldes hervorhebt.<\/li>\n<li data-section-id=\"v95qd6\" data-start=\"2203\" data-end=\"2305\"><strong data-start=\"2205\" data-end=\"2227\">Schichtung Wesentlich<\/strong>: Kombinieren Sie mit l\u00e4ngeren Ketten unterschiedlicher Textur, um Tiefe und Dimension zu schaffen.<\/li>\n<li data-section-id=\"1526gqv\" data-start=\"2306\" data-end=\"2413\"><strong data-start=\"2308\" data-end=\"2327\">Anh\u00e4nger-Paarung<\/strong>: Ideal als Basis f\u00fcr einen aussagekr\u00e4ftigen Anh\u00e4nger, der Ihre Geschichte in den Mittelpunkt stellt.<\/li>\n<li data-section-id=\"qnqpfl\" data-start=\"2414\" data-end=\"2542\"><strong data-start=\"2416\" data-end=\"2435\">Allt\u00e4glicher Luxus<\/strong>: Mit seinem leichten 1 mm Design ist er perfekt f\u00fcr den t\u00e4glichen Gebrauch geeignet und l\u00e4sst sich nahtlos vom Tag in den Abend \u00fcbergehen.<\/li>\n<\/ul>","protected":false},"excerpt":{"rendered":"<p>Diese klassische Boxkette aus 22-kar\u00e4tigem Gold ist ein zeitloses Accessoire und wurde mit Pr\u00e4zision in einem raffinierten 1mm-Profil und einer L\u00e4nge von 16 Zoll gefertigt. Ihr schlankes, flie\u00dfendes Design bietet unaufdringliche Eleganz - perfekt, wenn Sie sie allein oder zusammen mit Ihren Lieblingsanh\u00e4ngern tragen.<\/p>\n<p><strong>Material<\/strong>22ct Gold (91,6% reines Gold)<br \/>\n<strong>Wahrzeichen<\/strong>: Britisches G\u00fctesiegel<br \/>\n<strong>Gewicht <\/strong>: 4.21<br \/>\n<b>Dicke<\/b>: 1mm<br \/>\n<strong>L\u00e4nge:<\/strong> 16 Zoll<br \/>\n<strong>SKU:<\/strong> 55336, 55335, 55334, 55330, 55328<\/p>\n<p><strong>Preis und Lieferung:<\/strong>\u00a0Inklusive Mehrwertsteuer und Lieferkosten<br \/>\n<a href=\"https:\/\/www.purejewels.com\/de\/ruckgabepolitik\/\">R\u00fcckgabepolitik<\/a><\/p>","protected":false},"featured_media":327533,"comment_status":"closed","ping_status":"closed","template":"","meta":{"_eb_attr":"","_crsspst_to_jayantr4sg-hostcom":true},"product_brand":[],"product_cat":[5013,1559,5267,1794,1793,1475,1229,1773,1575,1574],"product_tag":[3990,65,1430],"class_list":{"0":"post-429425","1":"product","2":"type-product","3":"status-publish","4":"has-post-thumbnail","6":"product_cat-16-inch-ladies-chain","7":"product_cat-birthday-gifts","8":"product_cat-box-chain","9":"product_cat-christmas-gifts","10":"product_cat-diwali-gifts","11":"product_cat-gold-chains","12":"product_cat-22ct-gold-jewellery","13":"product_cat-ladies-chains","14":"product_cat-teenage-jewellery","15":"product_cat-womens-jewellery","16":"product_tag-22-carat-gold-chain","17":"product_tag-chains","18":"product_tag-diwali-gift","20":"first","21":"instock","22":"taxable","23":"shipping-taxable","24":"purchasable","25":"product-type-simple","26":"add-to-wishlist-before_image"},"yoast_head":"<!-- This site is optimized with the Yoast SEO plugin v27.5 - https:\/\/yoast.com\/product\/yoast-seo-wordpress\/ -->\n<title>22ct Gold Classic Box Chain Necklace 1mm 16 Inch | PureJewels<\/title>\n<meta name=\"description\" content=\"Discover the elegance of a 22ct gold classic box chain necklace. Crafted in 1mm precision with a 16-inch length, perfect for everyday wear or layering. Hallmarked in London.\" \/>\n<meta name=\"robots\" content=\"index, follow, max-snippet:-1, max-image-preview:large, max-video-preview:-1\" \/>\n<link rel=\"canonical\" href=\"https:\/\/www.purejewels.com\/de\/produkt-2\/klassische-box-kette-aus-22-karat-gold-55336\/\" \/>\n<meta property=\"og:locale\" content=\"de_DE\" \/>\n<meta property=\"og:type\" content=\"article\" \/>\n<meta property=\"og:title\" content=\"22ct Gold Classic Box Chain Necklace 1mm 16 Inch | PureJewels\" \/>\n<meta property=\"og:description\" content=\"Discover the elegance of a 22ct gold classic box chain necklace. Crafted in 1mm precision with a 16-inch length, perfect for everyday wear or layering. Hallmarked in London.\" \/>\n<meta property=\"og:url\" content=\"https:\/\/www.purejewels.com\/de\/produkt-2\/klassische-box-kette-aus-22-karat-gold-55336\/\" \/>\n<meta property=\"og:site_name\" content=\"PureJewels UK\" \/>\n<meta property=\"article:modified_time\" content=\"2026-05-05T04:52:27+00:00\" \/>\n<meta property=\"og:image\" content=\"https:\/\/static.purejewels.com\/wp-content\/uploads\/2021\/04\/33032-1.jpg\" \/>\n\t<meta property=\"og:image:width\" content=\"1000\" \/>\n\t<meta property=\"og:image:height\" content=\"1000\" \/>\n\t<meta property=\"og:image:type\" content=\"image\/jpeg\" \/>\n<meta name=\"twitter:card\" content=\"summary_large_image\" \/>\n<meta name=\"twitter:label1\" content=\"Gesch\u00e4tzte Lesezeit\" \/>\n\t<meta name=\"twitter:data1\" content=\"2\u00a0Minuten\" \/>\n<script type=\"application\/ld+json\" class=\"yoast-schema-graph\">{\"@context\":\"https:\\\/\\\/schema.org\",\"@graph\":[{\"@type\":[\"WebPage\",\"ItemPage\"],\"@id\":\"https:\\\/\\\/www.purejewels.com\\\/product\\\/22ct-gold-classic-box-chain-55336\\\/\",\"url\":\"https:\\\/\\\/www.purejewels.com\\\/product\\\/22ct-gold-classic-box-chain-55336\\\/\",\"name\":\"22ct Gold Classic Box Chain Necklace 1mm 16 Inch | PureJewels\",\"isPartOf\":{\"@id\":\"https:\\\/\\\/www.purejewels.com\\\/#website\"},\"primaryImageOfPage\":{\"@id\":\"https:\\\/\\\/www.purejewels.com\\\/product\\\/22ct-gold-classic-box-chain-55336\\\/#primaryimage\"},\"image\":{\"@id\":\"https:\\\/\\\/www.purejewels.com\\\/product\\\/22ct-gold-classic-box-chain-55336\\\/#primaryimage\"},\"thumbnailUrl\":\"https:\\\/\\\/static.purejewels.com\\\/wp-content\\\/uploads\\\/2021\\\/04\\\/33032-1.jpg\",\"datePublished\":\"2026-02-05T05:35:55+00:00\",\"dateModified\":\"2026-05-05T04:52:27+00:00\",\"description\":\"Discover the elegance of a 22ct gold classic box chain necklace. Crafted in 1mm precision with a 16-inch length, perfect for everyday wear or layering. Hallmarked in London.\",\"breadcrumb\":{\"@id\":\"https:\\\/\\\/www.purejewels.com\\\/product\\\/22ct-gold-classic-box-chain-55336\\\/#breadcrumb\"},\"inLanguage\":\"de\",\"potentialAction\":[{\"@type\":\"ReadAction\",\"target\":[\"https:\\\/\\\/www.purejewels.com\\\/product\\\/22ct-gold-classic-box-chain-55336\\\/\"]}]},{\"@type\":\"ImageObject\",\"inLanguage\":\"de\",\"@id\":\"https:\\\/\\\/www.purejewels.com\\\/product\\\/22ct-gold-classic-box-chain-55336\\\/#primaryimage\",\"url\":\"https:\\\/\\\/static.purejewels.com\\\/wp-content\\\/uploads\\\/2021\\\/04\\\/33032-1.jpg\",\"contentUrl\":\"https:\\\/\\\/static.purejewels.com\\\/wp-content\\\/uploads\\\/2021\\\/04\\\/33032-1.jpg\",\"width\":1000,\"height\":1000,\"caption\":\"18ct Yellow Gold Box Chain | 18 Inches\"},{\"@type\":\"BreadcrumbList\",\"@id\":\"https:\\\/\\\/www.purejewels.com\\\/product\\\/22ct-gold-classic-box-chain-55336\\\/#breadcrumb\",\"itemListElement\":[{\"@type\":\"ListItem\",\"position\":1,\"name\":\"Home\",\"item\":\"https:\\\/\\\/www.purejewels.com\\\/\"},{\"@type\":\"ListItem\",\"position\":2,\"name\":\"Shop\",\"item\":\"https:\\\/\\\/www.purejewels.com\\\/shop\\\/\"},{\"@type\":\"ListItem\",\"position\":3,\"name\":\"22ct Gold Classic Box Chain | 1mm Thick\"}]},{\"@type\":\"WebSite\",\"@id\":\"https:\\\/\\\/www.purejewels.com\\\/#website\",\"url\":\"https:\\\/\\\/www.purejewels.com\\\/\",\"name\":\"PureJewels UK\",\"description\":\"Share the Love\",\"publisher\":{\"@id\":\"https:\\\/\\\/www.purejewels.com\\\/#organization\"},\"potentialAction\":[{\"@type\":\"SearchAction\",\"target\":{\"@type\":\"EntryPoint\",\"urlTemplate\":\"https:\\\/\\\/www.purejewels.com\\\/?s={search_term_string}\"},\"query-input\":{\"@type\":\"PropertyValueSpecification\",\"valueRequired\":true,\"valueName\":\"search_term_string\"}}],\"inLanguage\":\"de\"},{\"@type\":\"Organization\",\"@id\":\"https:\\\/\\\/www.purejewels.com\\\/#organization\",\"name\":\"PureJewels UK\",\"url\":\"https:\\\/\\\/www.purejewels.com\\\/\",\"logo\":{\"@type\":\"ImageObject\",\"inLanguage\":\"de\",\"@id\":\"https:\\\/\\\/www.purejewels.com\\\/#\\\/schema\\\/logo\\\/image\\\/\",\"url\":\"https:\\\/\\\/static.purejewels.com\\\/wp-content\\\/uploads\\\/2020\\\/11\\\/Logo-PJ-New-1.png\",\"contentUrl\":\"https:\\\/\\\/static.purejewels.com\\\/wp-content\\\/uploads\\\/2020\\\/11\\\/Logo-PJ-New-1.png\",\"width\":150,\"height\":80,\"caption\":\"PureJewels UK\"},\"image\":{\"@id\":\"https:\\\/\\\/www.purejewels.com\\\/#\\\/schema\\\/logo\\\/image\\\/\"}}]}<\/script>\n<!-- \/ Yoast SEO plugin. -->","yoast_head_json":{"title":"22ct Gold klassische Box Kette Halskette 1mm 16 Zoll | PureJewels","description":"Entdecken Sie die Eleganz einer klassischen Box-Collier-Kette aus 22 Karat Gold. Gefertigt in 1 mm Pr\u00e4zision mit einer L\u00e4nge von 16 Zoll, perfekt f\u00fcr das t\u00e4gliche Tragen oder Lagenbildung. Gepunzt in London.","robots":{"index":"index","follow":"follow","max-snippet":"max-snippet:-1","max-image-preview":"max-image-preview:large","max-video-preview":"max-video-preview:-1"},"canonical":"https:\/\/www.purejewels.com\/de\/produkt-2\/klassische-box-kette-aus-22-karat-gold-55336\/","og_locale":"de_DE","og_type":"article","og_title":"22ct Gold Classic Box Chain Necklace 1mm 16 Inch | PureJewels","og_description":"Discover the elegance of a 22ct gold classic box chain necklace. Crafted in 1mm precision with a 16-inch length, perfect for everyday wear or layering. Hallmarked in London.","og_url":"https:\/\/www.purejewels.com\/de\/produkt-2\/klassische-box-kette-aus-22-karat-gold-55336\/","og_site_name":"PureJewels UK","article_modified_time":"2026-05-05T04:52:27+00:00","og_image":[{"width":1000,"height":1000,"url":"https:\/\/static.purejewels.com\/wp-content\/uploads\/2021\/04\/33032-1.jpg","type":"image\/jpeg"}],"twitter_card":"summary_large_image","twitter_misc":{"Gesch\u00e4tzte Lesezeit":"2\u00a0Minuten"},"schema":{"@context":"https:\/\/schema.org","@graph":[{"@type":["WebPage","ItemPage"],"@id":"https:\/\/www.purejewels.com\/product\/22ct-gold-classic-box-chain-55336\/","url":"https:\/\/www.purejewels.com\/product\/22ct-gold-classic-box-chain-55336\/","name":"22ct Gold klassische Box Kette Halskette 1mm 16 Zoll | PureJewels","isPartOf":{"@id":"https:\/\/www.purejewels.com\/#website"},"primaryImageOfPage":{"@id":"https:\/\/www.purejewels.com\/product\/22ct-gold-classic-box-chain-55336\/#primaryimage"},"image":{"@id":"https:\/\/www.purejewels.com\/product\/22ct-gold-classic-box-chain-55336\/#primaryimage"},"thumbnailUrl":"https:\/\/static.purejewels.com\/wp-content\/uploads\/2021\/04\/33032-1.jpg","datePublished":"2026-02-05T05:35:55+00:00","dateModified":"2026-05-05T04:52:27+00:00","description":"Entdecken Sie die Eleganz einer klassischen Box-Collier-Kette aus 22 Karat Gold. Gefertigt in 1 mm Pr\u00e4zision mit einer L\u00e4nge von 16 Zoll, perfekt f\u00fcr das t\u00e4gliche Tragen oder Lagenbildung. Gepunzt in London.","breadcrumb":{"@id":"https:\/\/www.purejewels.com\/product\/22ct-gold-classic-box-chain-55336\/#breadcrumb"},"inLanguage":"de","potentialAction":[{"@type":"ReadAction","target":["https:\/\/www.purejewels.com\/product\/22ct-gold-classic-box-chain-55336\/"]}]},{"@type":"ImageObject","inLanguage":"de","@id":"https:\/\/www.purejewels.com\/product\/22ct-gold-classic-box-chain-55336\/#primaryimage","url":"https:\/\/static.purejewels.com\/wp-content\/uploads\/2021\/04\/33032-1.jpg","contentUrl":"https:\/\/static.purejewels.com\/wp-content\/uploads\/2021\/04\/33032-1.jpg","width":1000,"height":1000,"caption":"18ct Yellow Gold Box Chain | 18 Inches"},{"@type":"BreadcrumbList","@id":"https:\/\/www.purejewels.com\/product\/22ct-gold-classic-box-chain-55336\/#breadcrumb","itemListElement":[{"@type":"ListItem","position":1,"name":"Home","item":"https:\/\/www.purejewels.com\/"},{"@type":"ListItem","position":2,"name":"Shop","item":"https:\/\/www.purejewels.com\/shop\/"},{"@type":"ListItem","position":3,"name":"22ct Gold Classic Box Chain | 1mm Thick"}]},{"@type":"WebSite","@id":"https:\/\/www.purejewels.com\/#website","url":"https:\/\/www.purejewels.com\/","name":"PureJewels UK","description":"Teile die Liebe","publisher":{"@id":"https:\/\/www.purejewels.com\/#organization"},"potentialAction":[{"@type":"SearchAction","target":{"@type":"EntryPoint","urlTemplate":"https:\/\/www.purejewels.com\/?s={search_term_string}"},"query-input":{"@type":"PropertyValueSpecification","valueRequired":true,"valueName":"search_term_string"}}],"inLanguage":"de"},{"@type":"Organization","@id":"https:\/\/www.purejewels.com\/#organization","name":"PureJewels UK","url":"https:\/\/www.purejewels.com\/","logo":{"@type":"ImageObject","inLanguage":"de","@id":"https:\/\/www.purejewels.com\/#\/schema\/logo\/image\/","url":"https:\/\/static.purejewels.com\/wp-content\/uploads\/2020\/11\/Logo-PJ-New-1.png","contentUrl":"https:\/\/static.purejewels.com\/wp-content\/uploads\/2020\/11\/Logo-PJ-New-1.png","width":150,"height":80,"caption":"PureJewels UK"},"image":{"@id":"https:\/\/www.purejewels.com\/#\/schema\/logo\/image\/"}}]}},"_links":{"self":[{"href":"https:\/\/www.purejewels.com\/de\/wp-json\/wp\/v2\/product\/429425","targetHints":{"allow":["GET"]}}],"collection":[{"href":"https:\/\/www.purejewels.com\/de\/wp-json\/wp\/v2\/product"}],"about":[{"href":"https:\/\/www.purejewels.com\/de\/wp-json\/wp\/v2\/types\/product"}],"replies":[{"embeddable":true,"href":"https:\/\/www.purejewels.com\/de\/wp-json\/wp\/v2\/comments?post=429425"}],"version-history":[{"count":1,"href":"https:\/\/www.purejewels.com\/de\/wp-json\/wp\/v2\/product\/429425\/revisions"}],"predecessor-version":[{"id":429428,"href":"https:\/\/www.purejewels.com\/de\/wp-json\/wp\/v2\/product\/429425\/revisions\/429428"}],"wp:featuredmedia":[{"embeddable":true,"href":"https:\/\/www.purejewels.com\/de\/wp-json\/wp\/v2\/media\/327533"}],"wp:attachment":[{"href":"https:\/\/www.purejewels.com\/de\/wp-json\/wp\/v2\/media?parent=429425"}],"wp:term":[{"taxonomy":"product_brand","embeddable":true,"href":"https:\/\/www.purejewels.com\/de\/wp-json\/wp\/v2\/product_brand?post=429425"},{"taxonomy":"product_cat","embeddable":true,"href":"https:\/\/www.purejewels.com\/de\/wp-json\/wp\/v2\/product_cat?post=429425"},{"taxonomy":"product_tag","embeddable":true,"href":"https:\/\/www.purejewels.com\/de\/wp-json\/wp\/v2\/product_tag?post=429425"}],"curies":[{"name":"wp","href":"https:\/\/api.w.org\/{rel}","templated":true}]}}