{"id":429472,"date":"2026-02-05T13:20:34","date_gmt":"2026-02-05T13:20:34","guid":{"rendered":"https:\/\/www.purejewels.com\/?post_type=product&#038;p=429472"},"modified":"2026-05-05T13:28:22","modified_gmt":"2026-05-05T12:28:22","slug":"22ct-sunrise-gold-rosette-tropfen-anhanger-52651","status":"publish","type":"product","link":"https:\/\/www.purejewels.com\/de\/product\/22ct-sunrise-gold-rosette-drop-pendant-52651\/","title":{"rendered":"22ct Sunrise Gold Rosette Drop Anh\u00e4nger"},"content":{"rendered":"<p data-start=\"626\" data-end=\"1071\"><strong data-start=\"626\" data-end=\"644\">Designkonzept<\/strong><br data-start=\"644\" data-end=\"647\" \/>Dieser Anh\u00e4nger ist in der Sch\u00f6nheit der Natur und der traditionellen Kunst verwurzelt und l\u00e4sst sich von bl\u00fchenden Rosetten inspirieren - Symbole f\u00fcr Harmonie, Sch\u00f6nheit und Kontinuit\u00e4t. Die mehrschichtige florale Komposition bildet ein markantes zentrales Motiv, w\u00e4hrend das zarte Tropfenelement f\u00fcr Bewegung und Weichheit sorgt. Das Design spiegelt eine zeitlose \u00c4sthetik wider, bei der komplizierte Details auf anmutige Formen treffen und ein St\u00fcck schaffen, das sowohl ausdrucksstark als auch best\u00e4ndig ist.<\/p>\n<p data-start=\"1073\" data-end=\"1551\"><strong data-start=\"1073\" data-end=\"1090\">Handwerkliches K\u00f6nnen<\/strong><br data-start=\"1090\" data-end=\"1093\" \/>Fachm\u00e4nnisch gefertigt in reichhaltiger <strong data-start=\"1118\" data-end=\"1139\">22ct Sonnenaufgang Gold<\/strong>, Dieser Anh\u00e4nger zeichnet sich durch seine au\u00dfergew\u00f6hnliche Liebe zum Detail aus. Jede Rosette ist fein modelliert und mit strukturierten Bl\u00fctenbl\u00e4ttern versehen, die Tiefe und Dimension schaffen und das Licht wundersch\u00f6n einfangen. Die Komposition ist sorgf\u00e4ltig ausbalanciert, mit nahtlosen \u00dcberg\u00e4ngen zwischen dem oberen Motiv und dem Tropfenelement. Die Hochglanzpolitur unterstreicht die W\u00e4rme des Goldes, w\u00e4hrend die filigrane Verarbeitung die Kunstfertigkeit von Meisterhandwerkern widerspiegelt.<\/p>\n<p data-start=\"1553\" data-end=\"1678\"><strong data-start=\"1553\" data-end=\"1570\">Styling-Ideen<\/strong><br data-start=\"1570\" data-end=\"1573\" \/>Dieser vielseitige und elegante Anh\u00e4nger kann sowohl zu besonderen Anl\u00e4ssen als auch im Alltag getragen werden.<\/p>\n<ul data-start=\"1679\" data-end=\"1981\">\n<li data-section-id=\"b0hev8\" data-start=\"1679\" data-end=\"1760\">Kombinieren Sie sie mit einer klassischen Goldkette, um das verschlungene Design in den Mittelpunkt zu stellen.<\/li>\n<li data-section-id=\"g59r5d\" data-start=\"1761\" data-end=\"1855\">Kombinieren Sie dazu passende Rosettenohrringe oder Armreifen f\u00fcr einen koordinierten, vom Erbe inspirierten Look.<\/li>\n<li data-section-id=\"19855n5\" data-start=\"1856\" data-end=\"1981\">Sie eignen sich perfekt f\u00fcr Hochzeiten, festliche Anl\u00e4sse oder sinnvolle Geschenke, denn sie sind sowohl sch\u00f6n als auch gef\u00fchlvoll.<\/li>\n<\/ul>","protected":false},"excerpt":{"rendered":"<p>Der Rosette Drop Anh\u00e4nger aus 22 Karat Sunrise Gold ist ein wundersch\u00f6ner, detailreicher Blumenanh\u00e4nger, der den Charme bl\u00fchender Rosetten in einer anmutigen, vom Erbe inspirierten Silhouette einf\u00e4ngt.<\/p>\n<p><strong>Material:<\/strong> 22ct Gold (91,6% reines Gold)<strong><br \/>\nWahrzeichen:\u00a0<\/strong>Britisches G\u00fctesiegel<strong><br \/>\n<\/strong><strong>Bruttogewicht: <\/strong>4,84 g<br \/>\n<strong>L\u00e4nge : <\/strong>1,5 Zoll<br \/>\n<strong>SKU: <\/strong>52651<\/p>\n<p><strong>Preis und Lieferung<\/strong>: Inklusive Mehrwertsteuer und Lieferkosten<br \/>\n<strong>Anmerkung:<\/strong> Kette ist nicht im Preis enthalten<br \/>\n<a href=\"https:\/\/www.purejewels.com\/de\/ruckgabepolitik\/\">R\u00fcckgabepolitik<\/a><\/p>","protected":false},"featured_media":429473,"comment_status":"closed","ping_status":"closed","template":"","meta":{"_eb_attr":"","_crsspst_to_jayantr4sg-hostcom":false},"product_brand":[],"product_cat":[1791,236,1793,5701,1770,1792,1790,1229,1255,1767,1570,5585,1656,1574,5349],"product_tag":[],"class_list":{"0":"post-429472","1":"product","2":"type-product","3":"status-publish","4":"has-post-thumbnail","6":"product_cat-anniversary-gifts","7":"product_cat-collections","8":"product_cat-diwali-gifts","9":"product_cat-eid-jewellery","10":"product_cat-fancy-pendants","11":"product_cat-festival-gifts","12":"product_cat-for-whom-when","13":"product_cat-22ct-gold-jewellery","14":"product_cat-gold-pendants","15":"product_cat-ladies-pendants","16":"product_cat-mothers-day-gifts","17":"product_cat-rosette-pendant","18":"product_cat-rosettes-collections","19":"product_cat-womens-jewellery","20":"product_cat-yellow-gold-jewellery","22":"first","23":"instock","24":"taxable","25":"shipping-taxable","26":"purchasable","27":"product-type-simple","28":"add-to-wishlist-before_image"},"yoast_head":"<!-- This site is optimized with the Yoast SEO plugin v27.5 - https:\/\/yoast.com\/product\/yoast-seo-wordpress\/ -->\n<title>22ct Sunrise Gold Rosette Drop Pendant | PureJewels London<\/title>\n<meta name=\"description\" content=\"Explore the 22ct Sunrise Gold Rosette Drop Pendant, crafted with intricate floral detailing and a graceful drop design. A timeless expression of heritage elegance.\" \/>\n<meta name=\"robots\" content=\"index, follow, max-snippet:-1, max-image-preview:large, max-video-preview:-1\" \/>\n<link rel=\"canonical\" href=\"https:\/\/www.purejewels.com\/de\/produkt-2\/22ct-sunrise-gold-rosette-tropfen-anhanger-52651\/\" \/>\n<meta property=\"og:locale\" content=\"de_DE\" \/>\n<meta property=\"og:type\" content=\"article\" \/>\n<meta property=\"og:title\" content=\"22ct Sunrise Gold Rosette Drop Pendant | PureJewels London\" \/>\n<meta property=\"og:description\" content=\"Explore the 22ct Sunrise Gold Rosette Drop Pendant, crafted with intricate floral detailing and a graceful drop design. A timeless expression of heritage elegance.\" \/>\n<meta property=\"og:url\" content=\"https:\/\/www.purejewels.com\/de\/produkt-2\/22ct-sunrise-gold-rosette-tropfen-anhanger-52651\/\" \/>\n<meta property=\"og:site_name\" content=\"PureJewels UK\" \/>\n<meta property=\"article:modified_time\" content=\"2026-05-05T12:28:22+00:00\" \/>\n<meta property=\"og:image\" content=\"https:\/\/static.purejewels.com\/wp-content\/uploads\/2026\/05\/SGPNPDRS002-FRONT.jpg\" \/>\n\t<meta property=\"og:image:width\" content=\"1000\" \/>\n\t<meta property=\"og:image:height\" content=\"1000\" \/>\n\t<meta property=\"og:image:type\" content=\"image\/jpeg\" \/>\n<meta name=\"twitter:card\" content=\"summary_large_image\" \/>\n<meta name=\"twitter:label1\" content=\"Gesch\u00e4tzte Lesezeit\" \/>\n\t<meta name=\"twitter:data1\" content=\"2\u00a0Minuten\" \/>\n<script type=\"application\/ld+json\" class=\"yoast-schema-graph\">{\"@context\":\"https:\\\/\\\/schema.org\",\"@graph\":[{\"@type\":[\"WebPage\",\"ItemPage\"],\"@id\":\"https:\\\/\\\/www.purejewels.com\\\/product\\\/22ct-sunrise-gold-rosette-drop-pendant-52651\\\/\",\"url\":\"https:\\\/\\\/www.purejewels.com\\\/product\\\/22ct-sunrise-gold-rosette-drop-pendant-52651\\\/\",\"name\":\"22ct Sunrise Gold Rosette Drop Pendant | PureJewels London\",\"isPartOf\":{\"@id\":\"https:\\\/\\\/www.purejewels.com\\\/#website\"},\"primaryImageOfPage\":{\"@id\":\"https:\\\/\\\/www.purejewels.com\\\/product\\\/22ct-sunrise-gold-rosette-drop-pendant-52651\\\/#primaryimage\"},\"image\":{\"@id\":\"https:\\\/\\\/www.purejewels.com\\\/product\\\/22ct-sunrise-gold-rosette-drop-pendant-52651\\\/#primaryimage\"},\"thumbnailUrl\":\"https:\\\/\\\/static.purejewels.com\\\/wp-content\\\/uploads\\\/2026\\\/05\\\/SGPNPDRS002-FRONT.jpg\",\"datePublished\":\"2026-02-05T13:20:34+00:00\",\"dateModified\":\"2026-05-05T12:28:22+00:00\",\"description\":\"Explore the 22ct Sunrise Gold Rosette Drop Pendant, crafted with intricate floral detailing and a graceful drop design. A timeless expression of heritage elegance.\",\"breadcrumb\":{\"@id\":\"https:\\\/\\\/www.purejewels.com\\\/product\\\/22ct-sunrise-gold-rosette-drop-pendant-52651\\\/#breadcrumb\"},\"inLanguage\":\"de\",\"potentialAction\":[{\"@type\":\"ReadAction\",\"target\":[\"https:\\\/\\\/www.purejewels.com\\\/product\\\/22ct-sunrise-gold-rosette-drop-pendant-52651\\\/\"]}]},{\"@type\":\"ImageObject\",\"inLanguage\":\"de\",\"@id\":\"https:\\\/\\\/www.purejewels.com\\\/product\\\/22ct-sunrise-gold-rosette-drop-pendant-52651\\\/#primaryimage\",\"url\":\"https:\\\/\\\/static.purejewels.com\\\/wp-content\\\/uploads\\\/2026\\\/05\\\/SGPNPDRS002-FRONT.jpg\",\"contentUrl\":\"https:\\\/\\\/static.purejewels.com\\\/wp-content\\\/uploads\\\/2026\\\/05\\\/SGPNPDRS002-FRONT.jpg\",\"width\":1000,\"height\":1000,\"caption\":\"Stacked from 8 images. Method=B (R=8,S=4)\"},{\"@type\":\"BreadcrumbList\",\"@id\":\"https:\\\/\\\/www.purejewels.com\\\/product\\\/22ct-sunrise-gold-rosette-drop-pendant-52651\\\/#breadcrumb\",\"itemListElement\":[{\"@type\":\"ListItem\",\"position\":1,\"name\":\"Home\",\"item\":\"https:\\\/\\\/www.purejewels.com\\\/\"},{\"@type\":\"ListItem\",\"position\":2,\"name\":\"Shop\",\"item\":\"https:\\\/\\\/www.purejewels.com\\\/shop\\\/\"},{\"@type\":\"ListItem\",\"position\":3,\"name\":\"22ct Sunrise Gold Rosette Drop Pendant\"}]},{\"@type\":\"WebSite\",\"@id\":\"https:\\\/\\\/www.purejewels.com\\\/#website\",\"url\":\"https:\\\/\\\/www.purejewels.com\\\/\",\"name\":\"PureJewels UK\",\"description\":\"Share the Love\",\"publisher\":{\"@id\":\"https:\\\/\\\/www.purejewels.com\\\/#organization\"},\"potentialAction\":[{\"@type\":\"SearchAction\",\"target\":{\"@type\":\"EntryPoint\",\"urlTemplate\":\"https:\\\/\\\/www.purejewels.com\\\/?s={search_term_string}\"},\"query-input\":{\"@type\":\"PropertyValueSpecification\",\"valueRequired\":true,\"valueName\":\"search_term_string\"}}],\"inLanguage\":\"de\"},{\"@type\":\"Organization\",\"@id\":\"https:\\\/\\\/www.purejewels.com\\\/#organization\",\"name\":\"PureJewels UK\",\"url\":\"https:\\\/\\\/www.purejewels.com\\\/\",\"logo\":{\"@type\":\"ImageObject\",\"inLanguage\":\"de\",\"@id\":\"https:\\\/\\\/www.purejewels.com\\\/#\\\/schema\\\/logo\\\/image\\\/\",\"url\":\"https:\\\/\\\/static.purejewels.com\\\/wp-content\\\/uploads\\\/2020\\\/11\\\/Logo-PJ-New-1.png\",\"contentUrl\":\"https:\\\/\\\/static.purejewels.com\\\/wp-content\\\/uploads\\\/2020\\\/11\\\/Logo-PJ-New-1.png\",\"width\":150,\"height\":80,\"caption\":\"PureJewels UK\"},\"image\":{\"@id\":\"https:\\\/\\\/www.purejewels.com\\\/#\\\/schema\\\/logo\\\/image\\\/\"}}]}<\/script>\n<!-- \/ Yoast SEO plugin. -->","yoast_head_json":{"title":"22ct Sunrise Gold Rosette Drop Anh\u00e4nger | PureJewels London","description":"Entdecken Sie den 22ct Sunrise Gold Rosette Drop Anh\u00e4nger, der mit komplizierten floralen Details und einem anmutigen Tropfendesign gefertigt ist. Ein zeitloser Ausdruck historischer Eleganz.","robots":{"index":"index","follow":"follow","max-snippet":"max-snippet:-1","max-image-preview":"max-image-preview:large","max-video-preview":"max-video-preview:-1"},"canonical":"https:\/\/www.purejewels.com\/de\/produkt-2\/22ct-sunrise-gold-rosette-tropfen-anhanger-52651\/","og_locale":"de_DE","og_type":"article","og_title":"22ct Sunrise Gold Rosette Drop Pendant | PureJewels London","og_description":"Explore the 22ct Sunrise Gold Rosette Drop Pendant, crafted with intricate floral detailing and a graceful drop design. A timeless expression of heritage elegance.","og_url":"https:\/\/www.purejewels.com\/de\/produkt-2\/22ct-sunrise-gold-rosette-tropfen-anhanger-52651\/","og_site_name":"PureJewels UK","article_modified_time":"2026-05-05T12:28:22+00:00","og_image":[{"width":1000,"height":1000,"url":"https:\/\/static.purejewels.com\/wp-content\/uploads\/2026\/05\/SGPNPDRS002-FRONT.jpg","type":"image\/jpeg"}],"twitter_card":"summary_large_image","twitter_misc":{"Gesch\u00e4tzte Lesezeit":"2\u00a0Minuten"},"schema":{"@context":"https:\/\/schema.org","@graph":[{"@type":["WebPage","ItemPage"],"@id":"https:\/\/www.purejewels.com\/product\/22ct-sunrise-gold-rosette-drop-pendant-52651\/","url":"https:\/\/www.purejewels.com\/product\/22ct-sunrise-gold-rosette-drop-pendant-52651\/","name":"22ct Sunrise Gold Rosette Drop Anh\u00e4nger | PureJewels London","isPartOf":{"@id":"https:\/\/www.purejewels.com\/#website"},"primaryImageOfPage":{"@id":"https:\/\/www.purejewels.com\/product\/22ct-sunrise-gold-rosette-drop-pendant-52651\/#primaryimage"},"image":{"@id":"https:\/\/www.purejewels.com\/product\/22ct-sunrise-gold-rosette-drop-pendant-52651\/#primaryimage"},"thumbnailUrl":"https:\/\/static.purejewels.com\/wp-content\/uploads\/2026\/05\/SGPNPDRS002-FRONT.jpg","datePublished":"2026-02-05T13:20:34+00:00","dateModified":"2026-05-05T12:28:22+00:00","description":"Entdecken Sie den 22ct Sunrise Gold Rosette Drop Anh\u00e4nger, der mit komplizierten floralen Details und einem anmutigen Tropfendesign gefertigt ist. Ein zeitloser Ausdruck historischer Eleganz.","breadcrumb":{"@id":"https:\/\/www.purejewels.com\/product\/22ct-sunrise-gold-rosette-drop-pendant-52651\/#breadcrumb"},"inLanguage":"de","potentialAction":[{"@type":"ReadAction","target":["https:\/\/www.purejewels.com\/product\/22ct-sunrise-gold-rosette-drop-pendant-52651\/"]}]},{"@type":"ImageObject","inLanguage":"de","@id":"https:\/\/www.purejewels.com\/product\/22ct-sunrise-gold-rosette-drop-pendant-52651\/#primaryimage","url":"https:\/\/static.purejewels.com\/wp-content\/uploads\/2026\/05\/SGPNPDRS002-FRONT.jpg","contentUrl":"https:\/\/static.purejewels.com\/wp-content\/uploads\/2026\/05\/SGPNPDRS002-FRONT.jpg","width":1000,"height":1000,"caption":"Stacked from 8 images. Method=B (R=8,S=4)"},{"@type":"BreadcrumbList","@id":"https:\/\/www.purejewels.com\/product\/22ct-sunrise-gold-rosette-drop-pendant-52651\/#breadcrumb","itemListElement":[{"@type":"ListItem","position":1,"name":"Home","item":"https:\/\/www.purejewels.com\/"},{"@type":"ListItem","position":2,"name":"Shop","item":"https:\/\/www.purejewels.com\/shop\/"},{"@type":"ListItem","position":3,"name":"22ct Sunrise Gold Rosette Drop Pendant"}]},{"@type":"WebSite","@id":"https:\/\/www.purejewels.com\/#website","url":"https:\/\/www.purejewels.com\/","name":"PureJewels UK","description":"Teile die Liebe","publisher":{"@id":"https:\/\/www.purejewels.com\/#organization"},"potentialAction":[{"@type":"SearchAction","target":{"@type":"EntryPoint","urlTemplate":"https:\/\/www.purejewels.com\/?s={search_term_string}"},"query-input":{"@type":"PropertyValueSpecification","valueRequired":true,"valueName":"search_term_string"}}],"inLanguage":"de"},{"@type":"Organization","@id":"https:\/\/www.purejewels.com\/#organization","name":"PureJewels UK","url":"https:\/\/www.purejewels.com\/","logo":{"@type":"ImageObject","inLanguage":"de","@id":"https:\/\/www.purejewels.com\/#\/schema\/logo\/image\/","url":"https:\/\/static.purejewels.com\/wp-content\/uploads\/2020\/11\/Logo-PJ-New-1.png","contentUrl":"https:\/\/static.purejewels.com\/wp-content\/uploads\/2020\/11\/Logo-PJ-New-1.png","width":150,"height":80,"caption":"PureJewels UK"},"image":{"@id":"https:\/\/www.purejewels.com\/#\/schema\/logo\/image\/"}}]}},"_links":{"self":[{"href":"https:\/\/www.purejewels.com\/de\/wp-json\/wp\/v2\/product\/429472","targetHints":{"allow":["GET"]}}],"collection":[{"href":"https:\/\/www.purejewels.com\/de\/wp-json\/wp\/v2\/product"}],"about":[{"href":"https:\/\/www.purejewels.com\/de\/wp-json\/wp\/v2\/types\/product"}],"replies":[{"embeddable":true,"href":"https:\/\/www.purejewels.com\/de\/wp-json\/wp\/v2\/comments?post=429472"}],"version-history":[{"count":1,"href":"https:\/\/www.purejewels.com\/de\/wp-json\/wp\/v2\/product\/429472\/revisions"}],"predecessor-version":[{"id":429474,"href":"https:\/\/www.purejewels.com\/de\/wp-json\/wp\/v2\/product\/429472\/revisions\/429474"}],"wp:featuredmedia":[{"embeddable":true,"href":"https:\/\/www.purejewels.com\/de\/wp-json\/wp\/v2\/media\/429473"}],"wp:attachment":[{"href":"https:\/\/www.purejewels.com\/de\/wp-json\/wp\/v2\/media?parent=429472"}],"wp:term":[{"taxonomy":"product_brand","embeddable":true,"href":"https:\/\/www.purejewels.com\/de\/wp-json\/wp\/v2\/product_brand?post=429472"},{"taxonomy":"product_cat","embeddable":true,"href":"https:\/\/www.purejewels.com\/de\/wp-json\/wp\/v2\/product_cat?post=429472"},{"taxonomy":"product_tag","embeddable":true,"href":"https:\/\/www.purejewels.com\/de\/wp-json\/wp\/v2\/product_tag?post=429472"}],"curies":[{"name":"wp","href":"https:\/\/api.w.org\/{rel}","templated":true}]}}