{"id":429575,"date":"2026-01-08T06:56:03","date_gmt":"2026-01-08T06:56:03","guid":{"rendered":"https:\/\/www.purejewels.com\/?post_type=product&#038;p=429575"},"modified":"2026-05-08T07:11:28","modified_gmt":"2026-05-08T06:11:28","slug":"boxkette-aus-feinem-22-karatigem-gold-55624","status":"publish","type":"product","link":"https:\/\/www.purejewels.com\/de\/product\/fine-22ct-gold-box-chain-55624\/","title":{"rendered":"Feine 22ct Gold Box Kette"},"content":{"rendered":"<h4 data-start=\"1229\" data-end=\"1250\">Designkonzept<\/h4>\n<p data-start=\"1251\" data-end=\"1618\">Inspiriert von moderner Schlichtheit und best\u00e4ndiger Eleganz ist die Box-Kette auf Pr\u00e4zision und Balance ausgelegt. Die strukturierten, quadratischen Glieder schaffen einen subtilen architektonischen Rhythmus und sorgen gleichzeitig f\u00fcr eine leichte, flie\u00dfende Bewegung. Das Ergebnis ist eine Kette, die sowohl zeitgem\u00e4\u00df als auch zeitlos wirkt - ein vielseitiges Schmuckst\u00fcck, das zu jeder Reise und jedem Anlass passt.<\/p>\n<h4 data-start=\"1620\" data-end=\"1640\">Handwerkliches K\u00f6nnen<\/h4>\n<p data-start=\"1641\" data-end=\"1991\">Fachm\u00e4nnisch aus 22-kar\u00e4tigem Gold gefertigt, wird jedes Glied sorgf\u00e4ltig geformt und verbunden, um eine glatte, nahtlose Oberfl\u00e4che zu erzielen. Die feine Konstruktion erm\u00f6glicht es der Kette, bequem zu sitzen, w\u00e4hrend sie ihre St\u00e4rke und ihr zartes Aussehen beibeh\u00e4lt. Das St\u00fcck ist mit einem Echtheitszertifikat versehen und spiegelt das Engagement von PureJewels f\u00fcr traditionelle Handwerkskunst und au\u00dfergew\u00f6hnliche Goldreinheit wider.<\/p>\n<h4 data-start=\"1993\" data-end=\"2013\">Styling-Ideen<\/h4>\n<p data-start=\"2014\" data-end=\"2142\">Elegant f\u00fcr sich allein und m\u00fchelos, wenn man sie \u00fcbereinander legt, l\u00e4sst sich die Fine 22ct Gold Box Chain wunderbar vom Tag zum Abend tragen.<\/p>\n<ul data-start=\"2144\" data-end=\"2367\">\n<li data-section-id=\"14twx3p\" data-start=\"2144\" data-end=\"2189\">Tragen Sie es allein f\u00fcr ein klares, minimalistisches Statement<\/li>\n<li data-section-id=\"1riogsz\" data-start=\"2190\" data-end=\"2250\">Lagenweise mit unterschiedlichen Kettenl\u00e4ngen f\u00fcr einen modernen Look<\/li>\n<li data-section-id=\"yvhhsh\" data-start=\"2251\" data-end=\"2302\">Kombiniert mit einem aussagekr\u00e4ftigen Anh\u00e4nger oder einem Diamant-Charm<\/li>\n<li data-section-id=\"1hxgph1\" data-start=\"2303\" data-end=\"2367\">Stil mit traditionellen und modernen Schmuckkollektionen<\/li>\n<\/ul>","protected":false},"excerpt":{"rendered":"<p>Diese raffinierte, unverzichtbare Kette aus gl\u00e4nzendem 22-kar\u00e4tigem Gold zeichnet sich durch schlanke, ineinandergreifende Glieder aus, die eine glatte, flie\u00dfende Silhouette schaffen. Ob allein oder in Kombination mit Anh\u00e4ngern getragen, sie ist ein zeitloses Schmuckst\u00fcck f\u00fcr den Alltag.<\/p>\n<p><strong>Material<\/strong>22ct Gold (91,6% reines Gold)<br \/>\n<strong>Wahrzeichen<\/strong>: Britisches G\u00fctesiegel<br \/>\n<strong>Gewicht <\/strong>: 5.35<br \/>\n<b>Dicke<\/b>: 1.1mm<br \/>\n<strong>L\u00e4nge:<\/strong> 16 Zoll<br \/>\n<strong>SKU:<\/strong> 55624, 55618<\/p>\n<p><strong>Preis und Lieferung:<\/strong>\u00a0Inklusive Mehrwertsteuer und Lieferkosten<br \/>\n<a href=\"https:\/\/www.purejewels.com\/de\/ruckgabepolitik\/\">R\u00fcckgabepolitik<\/a><\/p>","protected":false},"featured_media":327533,"comment_status":"closed","ping_status":"closed","template":"","meta":{"_eb_attr":"","_crsspst_to_jayantr4sg-hostcom":true},"product_brand":[],"product_cat":[5013,1559,5267,1794,1793,1475,1229,1773,1575,1574],"product_tag":[3990,65,1430],"class_list":{"0":"post-429575","1":"product","2":"type-product","3":"status-publish","4":"has-post-thumbnail","6":"product_cat-16-inch-ladies-chain","7":"product_cat-birthday-gifts","8":"product_cat-box-chain","9":"product_cat-christmas-gifts","10":"product_cat-diwali-gifts","11":"product_cat-gold-chains","12":"product_cat-22ct-gold-jewellery","13":"product_cat-ladies-chains","14":"product_cat-teenage-jewellery","15":"product_cat-womens-jewellery","16":"product_tag-22-carat-gold-chain","17":"product_tag-chains","18":"product_tag-diwali-gift","20":"first","21":"instock","22":"taxable","23":"shipping-taxable","24":"purchasable","25":"product-type-simple","26":"add-to-wishlist-before_image"},"yoast_head":"<!-- This site is optimized with the Yoast SEO plugin v27.5 - https:\/\/yoast.com\/product\/yoast-seo-wordpress\/ -->\n<title>Fine 22ct Gold Box Chain | Classic Yellow Gold Chain Necklace<\/title>\n<meta name=\"description\" content=\"Discover the elegance of our Fine 22ct Gold Box Chain, crafted in radiant yellow gold with a sleek box link design. Free delivery across UK.\" \/>\n<meta name=\"robots\" content=\"index, follow, max-snippet:-1, max-image-preview:large, max-video-preview:-1\" \/>\n<link rel=\"canonical\" href=\"https:\/\/www.purejewels.com\/de\/produkt-2\/boxkette-aus-feinem-22-karatigem-gold-55624\/\" \/>\n<meta property=\"og:locale\" content=\"de_DE\" \/>\n<meta property=\"og:type\" content=\"article\" \/>\n<meta property=\"og:title\" content=\"Fine 22ct Gold Box Chain | Classic Yellow Gold Chain Necklace\" \/>\n<meta property=\"og:description\" content=\"Discover the elegance of our Fine 22ct Gold Box Chain, crafted in radiant yellow gold with a sleek box link design. Free delivery across UK.\" \/>\n<meta property=\"og:url\" content=\"https:\/\/www.purejewels.com\/de\/produkt-2\/boxkette-aus-feinem-22-karatigem-gold-55624\/\" \/>\n<meta property=\"og:site_name\" content=\"PureJewels UK\" \/>\n<meta property=\"article:modified_time\" content=\"2026-05-08T06:11:28+00:00\" \/>\n<meta property=\"og:image\" content=\"https:\/\/static.purejewels.com\/wp-content\/uploads\/2021\/04\/33032-1.jpg\" \/>\n\t<meta property=\"og:image:width\" content=\"1000\" \/>\n\t<meta property=\"og:image:height\" content=\"1000\" \/>\n\t<meta property=\"og:image:type\" content=\"image\/jpeg\" \/>\n<meta name=\"twitter:card\" content=\"summary_large_image\" \/>\n<meta name=\"twitter:label1\" content=\"Gesch\u00e4tzte Lesezeit\" \/>\n\t<meta name=\"twitter:data1\" content=\"1\u00a0Minute\" \/>\n<script type=\"application\/ld+json\" class=\"yoast-schema-graph\">{\"@context\":\"https:\\\/\\\/schema.org\",\"@graph\":[{\"@type\":[\"WebPage\",\"ItemPage\"],\"@id\":\"https:\\\/\\\/www.purejewels.com\\\/product\\\/fine-22ct-gold-box-chain-55624\\\/\",\"url\":\"https:\\\/\\\/www.purejewels.com\\\/product\\\/fine-22ct-gold-box-chain-55624\\\/\",\"name\":\"Fine 22ct Gold Box Chain | Classic Yellow Gold Chain Necklace\",\"isPartOf\":{\"@id\":\"https:\\\/\\\/www.purejewels.com\\\/#website\"},\"primaryImageOfPage\":{\"@id\":\"https:\\\/\\\/www.purejewels.com\\\/product\\\/fine-22ct-gold-box-chain-55624\\\/#primaryimage\"},\"image\":{\"@id\":\"https:\\\/\\\/www.purejewels.com\\\/product\\\/fine-22ct-gold-box-chain-55624\\\/#primaryimage\"},\"thumbnailUrl\":\"https:\\\/\\\/static.purejewels.com\\\/wp-content\\\/uploads\\\/2021\\\/04\\\/33032-1.jpg\",\"datePublished\":\"2026-01-08T06:56:03+00:00\",\"dateModified\":\"2026-05-08T06:11:28+00:00\",\"description\":\"Discover the elegance of our Fine 22ct Gold Box Chain, crafted in radiant yellow gold with a sleek box link design. Free delivery across UK.\",\"breadcrumb\":{\"@id\":\"https:\\\/\\\/www.purejewels.com\\\/product\\\/fine-22ct-gold-box-chain-55624\\\/#breadcrumb\"},\"inLanguage\":\"de\",\"potentialAction\":[{\"@type\":\"ReadAction\",\"target\":[\"https:\\\/\\\/www.purejewels.com\\\/product\\\/fine-22ct-gold-box-chain-55624\\\/\"]}]},{\"@type\":\"ImageObject\",\"inLanguage\":\"de\",\"@id\":\"https:\\\/\\\/www.purejewels.com\\\/product\\\/fine-22ct-gold-box-chain-55624\\\/#primaryimage\",\"url\":\"https:\\\/\\\/static.purejewels.com\\\/wp-content\\\/uploads\\\/2021\\\/04\\\/33032-1.jpg\",\"contentUrl\":\"https:\\\/\\\/static.purejewels.com\\\/wp-content\\\/uploads\\\/2021\\\/04\\\/33032-1.jpg\",\"width\":1000,\"height\":1000,\"caption\":\"18ct Yellow Gold Box Chain | 18 Inches\"},{\"@type\":\"BreadcrumbList\",\"@id\":\"https:\\\/\\\/www.purejewels.com\\\/product\\\/fine-22ct-gold-box-chain-55624\\\/#breadcrumb\",\"itemListElement\":[{\"@type\":\"ListItem\",\"position\":1,\"name\":\"Home\",\"item\":\"https:\\\/\\\/www.purejewels.com\\\/\"},{\"@type\":\"ListItem\",\"position\":2,\"name\":\"Shop\",\"item\":\"https:\\\/\\\/www.purejewels.com\\\/shop\\\/\"},{\"@type\":\"ListItem\",\"position\":3,\"name\":\"Fine 22ct Gold Box Chain\"}]},{\"@type\":\"WebSite\",\"@id\":\"https:\\\/\\\/www.purejewels.com\\\/#website\",\"url\":\"https:\\\/\\\/www.purejewels.com\\\/\",\"name\":\"PureJewels UK\",\"description\":\"Share the Love\",\"publisher\":{\"@id\":\"https:\\\/\\\/www.purejewels.com\\\/#organization\"},\"potentialAction\":[{\"@type\":\"SearchAction\",\"target\":{\"@type\":\"EntryPoint\",\"urlTemplate\":\"https:\\\/\\\/www.purejewels.com\\\/?s={search_term_string}\"},\"query-input\":{\"@type\":\"PropertyValueSpecification\",\"valueRequired\":true,\"valueName\":\"search_term_string\"}}],\"inLanguage\":\"de\"},{\"@type\":\"Organization\",\"@id\":\"https:\\\/\\\/www.purejewels.com\\\/#organization\",\"name\":\"PureJewels UK\",\"url\":\"https:\\\/\\\/www.purejewels.com\\\/\",\"logo\":{\"@type\":\"ImageObject\",\"inLanguage\":\"de\",\"@id\":\"https:\\\/\\\/www.purejewels.com\\\/#\\\/schema\\\/logo\\\/image\\\/\",\"url\":\"https:\\\/\\\/static.purejewels.com\\\/wp-content\\\/uploads\\\/2020\\\/11\\\/Logo-PJ-New-1.png\",\"contentUrl\":\"https:\\\/\\\/static.purejewels.com\\\/wp-content\\\/uploads\\\/2020\\\/11\\\/Logo-PJ-New-1.png\",\"width\":150,\"height\":80,\"caption\":\"PureJewels UK\"},\"image\":{\"@id\":\"https:\\\/\\\/www.purejewels.com\\\/#\\\/schema\\\/logo\\\/image\\\/\"}}]}<\/script>\n<!-- \/ Yoast SEO plugin. -->","yoast_head_json":{"title":"Feine 22ct Gold Box Kette | Klassische Gelbgold Kette Halskette","description":"Entdecken Sie die Eleganz unserer Fine 22ct Gold Box Chain, gefertigt aus strahlendem Gelbgold mit einem schlanken Box Link Design. Kostenlose Lieferung in ganz Gro\u00dfbritannien.","robots":{"index":"index","follow":"follow","max-snippet":"max-snippet:-1","max-image-preview":"max-image-preview:large","max-video-preview":"max-video-preview:-1"},"canonical":"https:\/\/www.purejewels.com\/de\/produkt-2\/boxkette-aus-feinem-22-karatigem-gold-55624\/","og_locale":"de_DE","og_type":"article","og_title":"Fine 22ct Gold Box Chain | Classic Yellow Gold Chain Necklace","og_description":"Discover the elegance of our Fine 22ct Gold Box Chain, crafted in radiant yellow gold with a sleek box link design. Free delivery across UK.","og_url":"https:\/\/www.purejewels.com\/de\/produkt-2\/boxkette-aus-feinem-22-karatigem-gold-55624\/","og_site_name":"PureJewels UK","article_modified_time":"2026-05-08T06:11:28+00:00","og_image":[{"width":1000,"height":1000,"url":"https:\/\/static.purejewels.com\/wp-content\/uploads\/2021\/04\/33032-1.jpg","type":"image\/jpeg"}],"twitter_card":"summary_large_image","twitter_misc":{"Gesch\u00e4tzte Lesezeit":"1\u00a0Minute"},"schema":{"@context":"https:\/\/schema.org","@graph":[{"@type":["WebPage","ItemPage"],"@id":"https:\/\/www.purejewels.com\/product\/fine-22ct-gold-box-chain-55624\/","url":"https:\/\/www.purejewels.com\/product\/fine-22ct-gold-box-chain-55624\/","name":"Feine 22ct Gold Box Kette | Klassische Gelbgold Kette Halskette","isPartOf":{"@id":"https:\/\/www.purejewels.com\/#website"},"primaryImageOfPage":{"@id":"https:\/\/www.purejewels.com\/product\/fine-22ct-gold-box-chain-55624\/#primaryimage"},"image":{"@id":"https:\/\/www.purejewels.com\/product\/fine-22ct-gold-box-chain-55624\/#primaryimage"},"thumbnailUrl":"https:\/\/static.purejewels.com\/wp-content\/uploads\/2021\/04\/33032-1.jpg","datePublished":"2026-01-08T06:56:03+00:00","dateModified":"2026-05-08T06:11:28+00:00","description":"Entdecken Sie die Eleganz unserer Fine 22ct Gold Box Chain, gefertigt aus strahlendem Gelbgold mit einem schlanken Box Link Design. Kostenlose Lieferung in ganz Gro\u00dfbritannien.","breadcrumb":{"@id":"https:\/\/www.purejewels.com\/product\/fine-22ct-gold-box-chain-55624\/#breadcrumb"},"inLanguage":"de","potentialAction":[{"@type":"ReadAction","target":["https:\/\/www.purejewels.com\/product\/fine-22ct-gold-box-chain-55624\/"]}]},{"@type":"ImageObject","inLanguage":"de","@id":"https:\/\/www.purejewels.com\/product\/fine-22ct-gold-box-chain-55624\/#primaryimage","url":"https:\/\/static.purejewels.com\/wp-content\/uploads\/2021\/04\/33032-1.jpg","contentUrl":"https:\/\/static.purejewels.com\/wp-content\/uploads\/2021\/04\/33032-1.jpg","width":1000,"height":1000,"caption":"18ct Yellow Gold Box Chain | 18 Inches"},{"@type":"BreadcrumbList","@id":"https:\/\/www.purejewels.com\/product\/fine-22ct-gold-box-chain-55624\/#breadcrumb","itemListElement":[{"@type":"ListItem","position":1,"name":"Home","item":"https:\/\/www.purejewels.com\/"},{"@type":"ListItem","position":2,"name":"Shop","item":"https:\/\/www.purejewels.com\/shop\/"},{"@type":"ListItem","position":3,"name":"Fine 22ct Gold Box Chain"}]},{"@type":"WebSite","@id":"https:\/\/www.purejewels.com\/#website","url":"https:\/\/www.purejewels.com\/","name":"PureJewels UK","description":"Teile die Liebe","publisher":{"@id":"https:\/\/www.purejewels.com\/#organization"},"potentialAction":[{"@type":"SearchAction","target":{"@type":"EntryPoint","urlTemplate":"https:\/\/www.purejewels.com\/?s={search_term_string}"},"query-input":{"@type":"PropertyValueSpecification","valueRequired":true,"valueName":"search_term_string"}}],"inLanguage":"de"},{"@type":"Organization","@id":"https:\/\/www.purejewels.com\/#organization","name":"PureJewels UK","url":"https:\/\/www.purejewels.com\/","logo":{"@type":"ImageObject","inLanguage":"de","@id":"https:\/\/www.purejewels.com\/#\/schema\/logo\/image\/","url":"https:\/\/static.purejewels.com\/wp-content\/uploads\/2020\/11\/Logo-PJ-New-1.png","contentUrl":"https:\/\/static.purejewels.com\/wp-content\/uploads\/2020\/11\/Logo-PJ-New-1.png","width":150,"height":80,"caption":"PureJewels UK"},"image":{"@id":"https:\/\/www.purejewels.com\/#\/schema\/logo\/image\/"}}]}},"_links":{"self":[{"href":"https:\/\/www.purejewels.com\/de\/wp-json\/wp\/v2\/product\/429575","targetHints":{"allow":["GET"]}}],"collection":[{"href":"https:\/\/www.purejewels.com\/de\/wp-json\/wp\/v2\/product"}],"about":[{"href":"https:\/\/www.purejewels.com\/de\/wp-json\/wp\/v2\/types\/product"}],"replies":[{"embeddable":true,"href":"https:\/\/www.purejewels.com\/de\/wp-json\/wp\/v2\/comments?post=429575"}],"version-history":[{"count":2,"href":"https:\/\/www.purejewels.com\/de\/wp-json\/wp\/v2\/product\/429575\/revisions"}],"predecessor-version":[{"id":429577,"href":"https:\/\/www.purejewels.com\/de\/wp-json\/wp\/v2\/product\/429575\/revisions\/429577"}],"wp:featuredmedia":[{"embeddable":true,"href":"https:\/\/www.purejewels.com\/de\/wp-json\/wp\/v2\/media\/327533"}],"wp:attachment":[{"href":"https:\/\/www.purejewels.com\/de\/wp-json\/wp\/v2\/media?parent=429575"}],"wp:term":[{"taxonomy":"product_brand","embeddable":true,"href":"https:\/\/www.purejewels.com\/de\/wp-json\/wp\/v2\/product_brand?post=429575"},{"taxonomy":"product_cat","embeddable":true,"href":"https:\/\/www.purejewels.com\/de\/wp-json\/wp\/v2\/product_cat?post=429575"},{"taxonomy":"product_tag","embeddable":true,"href":"https:\/\/www.purejewels.com\/de\/wp-json\/wp\/v2\/product_tag?post=429575"}],"curies":[{"name":"wp","href":"https:\/\/api.w.org\/{rel}","templated":true}]}}