{"id":429578,"date":"2026-01-08T07:25:53","date_gmt":"2026-01-08T07:25:53","guid":{"rendered":"https:\/\/www.purejewels.com\/?post_type=product&#038;p=429578"},"modified":"2026-05-12T11:13:05","modified_gmt":"2026-05-12T10:13:05","slug":"schlanke-box-kette-aus-22-karat-gold-55620","status":"publish","type":"product","link":"https:\/\/www.purejewels.com\/de\/product\/slim-22ct-gold-box-chain-55620\/","title":{"rendered":"Schlanke 22ct Gold Box Kette"},"content":{"rendered":"<h4 data-start=\"1224\" data-end=\"1245\">Designkonzept<\/h4>\n<p data-start=\"1246\" data-end=\"1589\">Inspiriert von klaren Linien und moderner Schlichtheit, schafft die Slim Box Chain ein Gleichgewicht zwischen Struktur und Weichheit. Die geometrischen Box-Glieder schaffen einen raffinierten architektonischen Rhythmus und lassen die Kette nat\u00fcrlich und bequem fallen. Sie passt sowohl zu modernem als auch zu traditionellem Styling und spiegelt einen ruhigen Luxus wider, der jeden Tag getragen werden kann.<\/p>\n<h4 data-start=\"1591\" data-end=\"1611\">Handwerkliches K\u00f6nnen<\/h4>\n<p data-start=\"1612\" data-end=\"1955\">Jedes einzelne Glied der Kette aus 22-kar\u00e4tigem Gold wird sorgf\u00e4ltig geformt und zusammengef\u00fcgt, um eine reibungslose Bewegung, Langlebigkeit und einen nahtlosen Abschluss zu gew\u00e4hrleisten. Die Kette ist poliert, um den satten Goldton und den nat\u00fcrlichen Glanz des Metalls zu betonen. Sie ist mit einem Echtheitszertifikat versehen und verk\u00f6rpert das Engagement von PureJewels f\u00fcr Handwerkskunst, Reinheit und dauerhafte Qualit\u00e4t.<\/p>\n<h4 data-start=\"1957\" data-end=\"1977\">Styling-Ideen<\/h4>\n<p data-start=\"1978\" data-end=\"2060\">Die schlanke 22-kar\u00e4tige Goldkette wurde f\u00fcr Vielseitigkeit und m\u00fcheloses Styling entworfen.<\/p>\n<ul data-start=\"2062\" data-end=\"2327\">\n<li data-section-id=\"yfeip5\" data-start=\"2062\" data-end=\"2103\">Tragen Sie es allein f\u00fcr einen raffinierten Minimal-Look<\/li>\n<li data-section-id=\"1fw1qv5\" data-start=\"2104\" data-end=\"2159\">Lagen mit unterschiedlichen Kettenl\u00e4ngen f\u00fcr modernes Styling<\/li>\n<li data-section-id=\"19izmnq\" data-start=\"2160\" data-end=\"2212\">Kombiniert mit leichten Anh\u00e4ngern oder Diamantanh\u00e4ngern<\/li>\n<li data-section-id=\"drr1b0\" data-start=\"2213\" data-end=\"2268\">L\u00e4sst sich sowohl mit Freizeit- als auch mit Freizeitkleidung kombinieren<\/li>\n<li data-section-id=\"18tlqn9\" data-start=\"2269\" data-end=\"2327\">Eine elegante, alltagstaugliche Kette f\u00fcr alle Generationen<\/li>\n<\/ul>","protected":false},"excerpt":{"rendered":"<p>Die elegante und leichte Slim 22ct Gold Box Chain besteht aus feinen, quadratischen Gliedern aus strahlendem Gelbgold und bietet ein elegantes, flie\u00dfendes Finish. Ein zeitloses, allt\u00e4gliches Accessoire, das sich m\u00fchelos \u00fcbereinander legen l\u00e4sst und ein raffiniertes Styling erm\u00f6glicht.<\/p>\n<p><strong>Material<\/strong>22ct Gold (91,6% reines Gold)<br \/>\n<strong>Wahrzeichen<\/strong>: Britisches G\u00fctesiegel<br \/>\n<strong>Gewicht <\/strong>: 6.35<br \/>\n<b>Dicke<\/b>: 1.1mm<br \/>\n<strong>L\u00e4nge:<\/strong> 18 Zoll<br \/>\n<strong>SKU:<\/strong> 55622, 55620<\/p>\n<p><strong>Preis und Lieferung:<\/strong>\u00a0Inklusive Mehrwertsteuer und Lieferkosten<br \/>\n<a href=\"https:\/\/www.purejewels.com\/de\/ruckgabepolitik\/\">R\u00fcckgabepolitik<\/a><\/p>","protected":false},"featured_media":327533,"comment_status":"closed","ping_status":"closed","template":"","meta":{"_eb_attr":"","_crsspst_to_jayantr4sg-hostcom":true},"product_brand":[],"product_cat":[5014,1559,5267,1794,1793,1475,1229,1773,1575,1574,5349],"product_tag":[3990,65,1430],"class_list":{"0":"post-429578","1":"product","2":"type-product","3":"status-publish","4":"has-post-thumbnail","6":"product_cat-18-inch-ladies-chain","7":"product_cat-birthday-gifts","8":"product_cat-box-chain","9":"product_cat-christmas-gifts","10":"product_cat-diwali-gifts","11":"product_cat-gold-chains","12":"product_cat-22ct-gold-jewellery","13":"product_cat-ladies-chains","14":"product_cat-teenage-jewellery","15":"product_cat-womens-jewellery","16":"product_cat-yellow-gold-jewellery","17":"product_tag-22-carat-gold-chain","18":"product_tag-chains","19":"product_tag-diwali-gift","21":"first","22":"instock","23":"taxable","24":"shipping-taxable","25":"purchasable","26":"product-type-simple","27":"add-to-wishlist-before_image"},"yoast_head":"<!-- This site is optimized with the Yoast SEO plugin v27.5 - https:\/\/yoast.com\/product\/yoast-seo-wordpress\/ -->\n<title>Slim 22ct Gold Box Chain | Fine Yellow Gold Chain Necklace<\/title>\n<meta name=\"description\" content=\"Discover the Slim 22ct Gold Box Chain crafted in radiant yellow gold with sleek box links and a refined lightweight profile. A timeless gold chain perfect for layering.\" \/>\n<meta name=\"robots\" content=\"index, follow, max-snippet:-1, max-image-preview:large, max-video-preview:-1\" \/>\n<link rel=\"canonical\" href=\"https:\/\/www.purejewels.com\/de\/produkt-2\/schlanke-box-kette-aus-22-karat-gold-55620\/\" \/>\n<meta property=\"og:locale\" content=\"de_DE\" \/>\n<meta property=\"og:type\" content=\"article\" \/>\n<meta property=\"og:title\" content=\"Slim 22ct Gold Box Chain | Fine Yellow Gold Chain Necklace\" \/>\n<meta property=\"og:description\" content=\"Discover the Slim 22ct Gold Box Chain crafted in radiant yellow gold with sleek box links and a refined lightweight profile. A timeless gold chain perfect for layering.\" \/>\n<meta property=\"og:url\" content=\"https:\/\/www.purejewels.com\/de\/produkt-2\/schlanke-box-kette-aus-22-karat-gold-55620\/\" \/>\n<meta property=\"og:site_name\" content=\"PureJewels UK\" \/>\n<meta property=\"article:modified_time\" content=\"2026-05-12T10:13:05+00:00\" \/>\n<meta property=\"og:image\" content=\"https:\/\/static.purejewels.com\/wp-content\/uploads\/2021\/04\/33032-1.jpg\" \/>\n\t<meta property=\"og:image:width\" content=\"1000\" \/>\n\t<meta property=\"og:image:height\" content=\"1000\" \/>\n\t<meta property=\"og:image:type\" content=\"image\/jpeg\" \/>\n<meta name=\"twitter:card\" content=\"summary_large_image\" \/>\n<meta name=\"twitter:label1\" content=\"Gesch\u00e4tzte Lesezeit\" \/>\n\t<meta name=\"twitter:data1\" content=\"1\u00a0Minute\" \/>\n<script type=\"application\/ld+json\" class=\"yoast-schema-graph\">{\"@context\":\"https:\\\/\\\/schema.org\",\"@graph\":[{\"@type\":[\"WebPage\",\"ItemPage\"],\"@id\":\"https:\\\/\\\/www.purejewels.com\\\/product\\\/slim-22ct-gold-box-chain-55620\\\/\",\"url\":\"https:\\\/\\\/www.purejewels.com\\\/product\\\/slim-22ct-gold-box-chain-55620\\\/\",\"name\":\"Slim 22ct Gold Box Chain | Fine Yellow Gold Chain Necklace\",\"isPartOf\":{\"@id\":\"https:\\\/\\\/www.purejewels.com\\\/#website\"},\"primaryImageOfPage\":{\"@id\":\"https:\\\/\\\/www.purejewels.com\\\/product\\\/slim-22ct-gold-box-chain-55620\\\/#primaryimage\"},\"image\":{\"@id\":\"https:\\\/\\\/www.purejewels.com\\\/product\\\/slim-22ct-gold-box-chain-55620\\\/#primaryimage\"},\"thumbnailUrl\":\"https:\\\/\\\/static.purejewels.com\\\/wp-content\\\/uploads\\\/2021\\\/04\\\/33032-1.jpg\",\"datePublished\":\"2026-01-08T07:25:53+00:00\",\"dateModified\":\"2026-05-12T10:13:05+00:00\",\"description\":\"Discover the Slim 22ct Gold Box Chain crafted in radiant yellow gold with sleek box links and a refined lightweight profile. A timeless gold chain perfect for layering.\",\"breadcrumb\":{\"@id\":\"https:\\\/\\\/www.purejewels.com\\\/product\\\/slim-22ct-gold-box-chain-55620\\\/#breadcrumb\"},\"inLanguage\":\"de\",\"potentialAction\":[{\"@type\":\"ReadAction\",\"target\":[\"https:\\\/\\\/www.purejewels.com\\\/product\\\/slim-22ct-gold-box-chain-55620\\\/\"]}]},{\"@type\":\"ImageObject\",\"inLanguage\":\"de\",\"@id\":\"https:\\\/\\\/www.purejewels.com\\\/product\\\/slim-22ct-gold-box-chain-55620\\\/#primaryimage\",\"url\":\"https:\\\/\\\/static.purejewels.com\\\/wp-content\\\/uploads\\\/2021\\\/04\\\/33032-1.jpg\",\"contentUrl\":\"https:\\\/\\\/static.purejewels.com\\\/wp-content\\\/uploads\\\/2021\\\/04\\\/33032-1.jpg\",\"width\":1000,\"height\":1000,\"caption\":\"18ct Yellow Gold Box Chain | 18 Inches\"},{\"@type\":\"BreadcrumbList\",\"@id\":\"https:\\\/\\\/www.purejewels.com\\\/product\\\/slim-22ct-gold-box-chain-55620\\\/#breadcrumb\",\"itemListElement\":[{\"@type\":\"ListItem\",\"position\":1,\"name\":\"Home\",\"item\":\"https:\\\/\\\/www.purejewels.com\\\/\"},{\"@type\":\"ListItem\",\"position\":2,\"name\":\"Shop\",\"item\":\"https:\\\/\\\/www.purejewels.com\\\/shop\\\/\"},{\"@type\":\"ListItem\",\"position\":3,\"name\":\"Slim 22ct Gold Box Chain\"}]},{\"@type\":\"WebSite\",\"@id\":\"https:\\\/\\\/www.purejewels.com\\\/#website\",\"url\":\"https:\\\/\\\/www.purejewels.com\\\/\",\"name\":\"PureJewels UK\",\"description\":\"Share the Love\",\"publisher\":{\"@id\":\"https:\\\/\\\/www.purejewels.com\\\/#organization\"},\"potentialAction\":[{\"@type\":\"SearchAction\",\"target\":{\"@type\":\"EntryPoint\",\"urlTemplate\":\"https:\\\/\\\/www.purejewels.com\\\/?s={search_term_string}\"},\"query-input\":{\"@type\":\"PropertyValueSpecification\",\"valueRequired\":true,\"valueName\":\"search_term_string\"}}],\"inLanguage\":\"de\"},{\"@type\":\"Organization\",\"@id\":\"https:\\\/\\\/www.purejewels.com\\\/#organization\",\"name\":\"PureJewels UK\",\"url\":\"https:\\\/\\\/www.purejewels.com\\\/\",\"logo\":{\"@type\":\"ImageObject\",\"inLanguage\":\"de\",\"@id\":\"https:\\\/\\\/www.purejewels.com\\\/#\\\/schema\\\/logo\\\/image\\\/\",\"url\":\"https:\\\/\\\/static.purejewels.com\\\/wp-content\\\/uploads\\\/2020\\\/11\\\/Logo-PJ-New-1.png\",\"contentUrl\":\"https:\\\/\\\/static.purejewels.com\\\/wp-content\\\/uploads\\\/2020\\\/11\\\/Logo-PJ-New-1.png\",\"width\":150,\"height\":80,\"caption\":\"PureJewels UK\"},\"image\":{\"@id\":\"https:\\\/\\\/www.purejewels.com\\\/#\\\/schema\\\/logo\\\/image\\\/\"}}]}<\/script>\n<!-- \/ Yoast SEO plugin. -->","yoast_head_json":{"title":"Schlanke 22ct Gold Box Kette | Feine Gelbgold Kette Halskette","description":"Entdecken Sie die Slim 22ct Gold Box Chain aus strahlendem Gelbgold mit schlanken Boxgliedern und einem raffinierten, leichten Profil. Eine zeitlose Goldkette, die sich perfekt zum \u00dcbereinanderlegen eignet.","robots":{"index":"index","follow":"follow","max-snippet":"max-snippet:-1","max-image-preview":"max-image-preview:large","max-video-preview":"max-video-preview:-1"},"canonical":"https:\/\/www.purejewels.com\/de\/produkt-2\/schlanke-box-kette-aus-22-karat-gold-55620\/","og_locale":"de_DE","og_type":"article","og_title":"Slim 22ct Gold Box Chain | Fine Yellow Gold Chain Necklace","og_description":"Discover the Slim 22ct Gold Box Chain crafted in radiant yellow gold with sleek box links and a refined lightweight profile. A timeless gold chain perfect for layering.","og_url":"https:\/\/www.purejewels.com\/de\/produkt-2\/schlanke-box-kette-aus-22-karat-gold-55620\/","og_site_name":"PureJewels UK","article_modified_time":"2026-05-12T10:13:05+00:00","og_image":[{"width":1000,"height":1000,"url":"https:\/\/static.purejewels.com\/wp-content\/uploads\/2021\/04\/33032-1.jpg","type":"image\/jpeg"}],"twitter_card":"summary_large_image","twitter_misc":{"Gesch\u00e4tzte Lesezeit":"1\u00a0Minute"},"schema":{"@context":"https:\/\/schema.org","@graph":[{"@type":["WebPage","ItemPage"],"@id":"https:\/\/www.purejewels.com\/product\/slim-22ct-gold-box-chain-55620\/","url":"https:\/\/www.purejewels.com\/product\/slim-22ct-gold-box-chain-55620\/","name":"Schlanke 22ct Gold Box Kette | Feine Gelbgold Kette Halskette","isPartOf":{"@id":"https:\/\/www.purejewels.com\/#website"},"primaryImageOfPage":{"@id":"https:\/\/www.purejewels.com\/product\/slim-22ct-gold-box-chain-55620\/#primaryimage"},"image":{"@id":"https:\/\/www.purejewels.com\/product\/slim-22ct-gold-box-chain-55620\/#primaryimage"},"thumbnailUrl":"https:\/\/static.purejewels.com\/wp-content\/uploads\/2021\/04\/33032-1.jpg","datePublished":"2026-01-08T07:25:53+00:00","dateModified":"2026-05-12T10:13:05+00:00","description":"Entdecken Sie die Slim 22ct Gold Box Chain aus strahlendem Gelbgold mit schlanken Boxgliedern und einem raffinierten, leichten Profil. Eine zeitlose Goldkette, die sich perfekt zum \u00dcbereinanderlegen eignet.","breadcrumb":{"@id":"https:\/\/www.purejewels.com\/product\/slim-22ct-gold-box-chain-55620\/#breadcrumb"},"inLanguage":"de","potentialAction":[{"@type":"ReadAction","target":["https:\/\/www.purejewels.com\/product\/slim-22ct-gold-box-chain-55620\/"]}]},{"@type":"ImageObject","inLanguage":"de","@id":"https:\/\/www.purejewels.com\/product\/slim-22ct-gold-box-chain-55620\/#primaryimage","url":"https:\/\/static.purejewels.com\/wp-content\/uploads\/2021\/04\/33032-1.jpg","contentUrl":"https:\/\/static.purejewels.com\/wp-content\/uploads\/2021\/04\/33032-1.jpg","width":1000,"height":1000,"caption":"18ct Yellow Gold Box Chain | 18 Inches"},{"@type":"BreadcrumbList","@id":"https:\/\/www.purejewels.com\/product\/slim-22ct-gold-box-chain-55620\/#breadcrumb","itemListElement":[{"@type":"ListItem","position":1,"name":"Home","item":"https:\/\/www.purejewels.com\/"},{"@type":"ListItem","position":2,"name":"Shop","item":"https:\/\/www.purejewels.com\/shop\/"},{"@type":"ListItem","position":3,"name":"Slim 22ct Gold Box Chain"}]},{"@type":"WebSite","@id":"https:\/\/www.purejewels.com\/#website","url":"https:\/\/www.purejewels.com\/","name":"PureJewels UK","description":"Teile die Liebe","publisher":{"@id":"https:\/\/www.purejewels.com\/#organization"},"potentialAction":[{"@type":"SearchAction","target":{"@type":"EntryPoint","urlTemplate":"https:\/\/www.purejewels.com\/?s={search_term_string}"},"query-input":{"@type":"PropertyValueSpecification","valueRequired":true,"valueName":"search_term_string"}}],"inLanguage":"de"},{"@type":"Organization","@id":"https:\/\/www.purejewels.com\/#organization","name":"PureJewels UK","url":"https:\/\/www.purejewels.com\/","logo":{"@type":"ImageObject","inLanguage":"de","@id":"https:\/\/www.purejewels.com\/#\/schema\/logo\/image\/","url":"https:\/\/static.purejewels.com\/wp-content\/uploads\/2020\/11\/Logo-PJ-New-1.png","contentUrl":"https:\/\/static.purejewels.com\/wp-content\/uploads\/2020\/11\/Logo-PJ-New-1.png","width":150,"height":80,"caption":"PureJewels UK"},"image":{"@id":"https:\/\/www.purejewels.com\/#\/schema\/logo\/image\/"}}]}},"_links":{"self":[{"href":"https:\/\/www.purejewels.com\/de\/wp-json\/wp\/v2\/product\/429578","targetHints":{"allow":["GET"]}}],"collection":[{"href":"https:\/\/www.purejewels.com\/de\/wp-json\/wp\/v2\/product"}],"about":[{"href":"https:\/\/www.purejewels.com\/de\/wp-json\/wp\/v2\/types\/product"}],"replies":[{"embeddable":true,"href":"https:\/\/www.purejewels.com\/de\/wp-json\/wp\/v2\/comments?post=429578"}],"version-history":[{"count":2,"href":"https:\/\/www.purejewels.com\/de\/wp-json\/wp\/v2\/product\/429578\/revisions"}],"predecessor-version":[{"id":429580,"href":"https:\/\/www.purejewels.com\/de\/wp-json\/wp\/v2\/product\/429578\/revisions\/429580"}],"wp:featuredmedia":[{"embeddable":true,"href":"https:\/\/www.purejewels.com\/de\/wp-json\/wp\/v2\/media\/327533"}],"wp:attachment":[{"href":"https:\/\/www.purejewels.com\/de\/wp-json\/wp\/v2\/media?parent=429578"}],"wp:term":[{"taxonomy":"product_brand","embeddable":true,"href":"https:\/\/www.purejewels.com\/de\/wp-json\/wp\/v2\/product_brand?post=429578"},{"taxonomy":"product_cat","embeddable":true,"href":"https:\/\/www.purejewels.com\/de\/wp-json\/wp\/v2\/product_cat?post=429578"},{"taxonomy":"product_tag","embeddable":true,"href":"https:\/\/www.purejewels.com\/de\/wp-json\/wp\/v2\/product_tag?post=429578"}],"curies":[{"name":"wp","href":"https:\/\/api.w.org\/{rel}","templated":true}]}}