{"id":429582,"date":"2026-01-08T08:43:29","date_gmt":"2026-01-08T08:43:29","guid":{"rendered":"https:\/\/www.purejewels.com\/?post_type=product&#038;p=429582"},"modified":"2026-05-08T08:55:07","modified_gmt":"2026-05-08T07:55:07","slug":"quadratische-boxkette-aus-22-karat-gold-55619","status":"publish","type":"product","link":"https:\/\/www.purejewels.com\/de\/product\/22ct-gold-square-box-chain-55619\/","title":{"rendered":"22ct Gold Quadratische Box Kette"},"content":{"rendered":"<h4 data-start=\"1144\" data-end=\"1165\">Designkonzept<\/h4>\n<p data-start=\"1166\" data-end=\"1555\">Inspiriert von klarer Architektur und modernen Formen, zelebriert die Square Box Chain mit ihrem strukturierten Gliederdesign Pr\u00e4zision und Ausgewogenheit. Das sich wiederholende quadratische Muster schafft einen subtilen Rhythmus und eine elegante Symmetrie, w\u00e4hrend es sich gleichzeitig leicht und angenehm anf\u00fchlt. Sie passt sowohl zu modernem als auch zu traditionellem Schmuck und bietet zeitlose Vielseitigkeit f\u00fcr jeden Anlass.<\/p>\n<h4 data-start=\"1557\" data-end=\"1577\">Handwerkliches K\u00f6nnen<\/h4>\n<p data-start=\"1578\" data-end=\"1972\">Jedes Glied wird fachm\u00e4nnisch aus hochreinem 22-kar\u00e4tigem Gold gefertigt und zusammengesetzt, um ein nahtloses Finish und eine reibungslose Bewegung zu gew\u00e4hrleisten. Die pr\u00e4zise Konstruktion verbessert sowohl die Haltbarkeit als auch die Geschmeidigkeit, sodass die Kette angenehm auf der Haut liegt. Mit poliertem Glanz und Echtheitspr\u00fcfung spiegelt das Schmuckst\u00fcck die Hingabe von PureJewels f\u00fcr traditionelle Handwerkskunst und au\u00dfergew\u00f6hnliche Qualit\u00e4t wider.<\/p>\n<h4 data-start=\"1974\" data-end=\"1994\">Styling-Ideen<\/h4>\n<p data-start=\"1995\" data-end=\"2077\">Eine vielseitige Kette, die das t\u00e4gliche Styling mit m\u00fcheloser Eleganz aufwertet.<\/p>\n<ul data-start=\"2079\" data-end=\"2363\">\n<li data-section-id=\"dowapv\" data-start=\"2079\" data-end=\"2127\">Tragen Sie es allein f\u00fcr ein schlichtes und minimalistisches Statement<\/li>\n<li data-section-id=\"5om97a\" data-start=\"2128\" data-end=\"2196\">Lagenweise mit k\u00fcrzeren oder l\u00e4ngeren Goldketten f\u00fcr einen modernen Look<\/li>\n<li data-section-id=\"16l6uz4\" data-start=\"2197\" data-end=\"2248\">Kombiniert mit aussagekr\u00e4ftigen Anh\u00e4ngern oder Diamantanh\u00e4ngern<\/li>\n<li data-section-id=\"slojl2\" data-start=\"2249\" data-end=\"2311\">Nahtlos kombinierbar mit Schmuck f\u00fcr jeden Anlass und jeden Tag<\/li>\n<li data-section-id=\"8ebj1o\" data-start=\"2312\" data-end=\"2363\">Perfekt f\u00fcr einen raffinierten Unisex-Gold-Look<\/li>\n<\/ul>\n<p data-start=\"2365\" data-end=\"2457\" data-is-last-node=\"\" data-is-only-node=\"\">Ein moderner Klassiker, der Schlichtheit, Bewegung und zeitlose Goldschmiedekunst zelebriert.<\/p>","protected":false},"excerpt":{"rendered":"<table class=\"sh_desc\">\n<tbody>\n<tr>\n<td>Typ der Kette<\/td>\n<td>Box-Kette<\/td>\n<\/tr>\n<tr>\n<td>SKU<\/td>\n<td>55619<\/td>\n<\/tr>\n<tr>\n<td>Gewicht<\/td>\n<td>5,85 Gramm<\/td>\n<\/tr>\n<tr>\n<td>Metall<\/td>\n<td>22ct Gold<\/td>\n<\/tr>\n<tr>\n<td>Dicke<\/td>\n<td>1,2 mm<\/td>\n<\/tr>\n<tr>\n<td>L\u00e4nge<\/td>\n<td>16 Zoll<\/td>\n<\/tr>\n<tr>\n<td>Wahrzeichen<\/td>\n<td>22ct Gold gestempelt von London Assay Office<\/td>\n<\/tr>\n<tr>\n<td>Entgelte<\/td>\n<td>Lieferung und Mehrwertsteuer inbegriffen<\/td>\n<\/tr>\n<tr>\n<td>Verpackung<\/td>\n<td>Mit Pr\u00e4sentationsbox<\/td>\n<\/tr>\n<tr>\n<td>Mehr Informationen<\/td>\n<td>Live-Chat mit uns f\u00fcr Verf\u00fcgbarkeit und mehr Bilder<\/td>\n<\/tr>\n<\/tbody>\n<\/table>","protected":false},"featured_media":327533,"comment_status":"closed","ping_status":"closed","template":"","meta":{"_eb_attr":"","_crsspst_to_jayantr4sg-hostcom":true},"product_brand":[],"product_cat":[5013,5267,1576,1794,1475,1229,1773,1575,1574],"product_tag":[3990,65,1430],"class_list":{"0":"post-429582","1":"product","2":"type-product","3":"status-publish","4":"has-post-thumbnail","6":"product_cat-16-inch-ladies-chain","7":"product_cat-box-chain","8":"product_cat-childrens-jewellery","9":"product_cat-christmas-gifts","10":"product_cat-gold-chains","11":"product_cat-22ct-gold-jewellery","12":"product_cat-ladies-chains","13":"product_cat-teenage-jewellery","14":"product_cat-womens-jewellery","15":"product_tag-22-carat-gold-chain","16":"product_tag-chains","17":"product_tag-diwali-gift","19":"first","20":"instock","21":"taxable","22":"shipping-taxable","23":"purchasable","24":"product-type-simple","25":"add-to-wishlist-before_image"},"yoast_head":"<!-- This site is optimized with the Yoast SEO plugin v27.5 - https:\/\/yoast.com\/product\/yoast-seo-wordpress\/ -->\n<title>22ct Gold Square Box Chain | Classic Yellow Gold Chain Necklace<\/title>\n<meta name=\"description\" content=\"Explore the elegance of the 22ct Gold Square Box Chain, crafted in radiant yellow gold with sleek geometric links. A timeless gold chain designed for everyday wear.\" \/>\n<meta name=\"robots\" content=\"index, follow, max-snippet:-1, max-image-preview:large, max-video-preview:-1\" \/>\n<link rel=\"canonical\" href=\"https:\/\/www.purejewels.com\/de\/produkt-2\/quadratische-boxkette-aus-22-karat-gold-55619\/\" \/>\n<meta property=\"og:locale\" content=\"de_DE\" \/>\n<meta property=\"og:type\" content=\"article\" \/>\n<meta property=\"og:title\" content=\"22ct Gold Square Box Chain | Classic Yellow Gold Chain Necklace\" \/>\n<meta property=\"og:description\" content=\"Explore the elegance of the 22ct Gold Square Box Chain, crafted in radiant yellow gold with sleek geometric links. A timeless gold chain designed for everyday wear.\" \/>\n<meta property=\"og:url\" content=\"https:\/\/www.purejewels.com\/de\/produkt-2\/quadratische-boxkette-aus-22-karat-gold-55619\/\" \/>\n<meta property=\"og:site_name\" content=\"PureJewels UK\" \/>\n<meta property=\"article:modified_time\" content=\"2026-05-08T07:55:07+00:00\" \/>\n<meta property=\"og:image\" content=\"https:\/\/static.purejewels.com\/wp-content\/uploads\/2021\/04\/33032-1.jpg\" \/>\n\t<meta property=\"og:image:width\" content=\"1000\" \/>\n\t<meta property=\"og:image:height\" content=\"1000\" \/>\n\t<meta property=\"og:image:type\" content=\"image\/jpeg\" \/>\n<meta name=\"twitter:card\" content=\"summary_large_image\" \/>\n<meta name=\"twitter:label1\" content=\"Gesch\u00e4tzte Lesezeit\" \/>\n\t<meta name=\"twitter:data1\" content=\"1\u00a0Minute\" \/>\n<script type=\"application\/ld+json\" class=\"yoast-schema-graph\">{\"@context\":\"https:\\\/\\\/schema.org\",\"@graph\":[{\"@type\":[\"WebPage\",\"ItemPage\"],\"@id\":\"https:\\\/\\\/www.purejewels.com\\\/product\\\/22ct-gold-square-box-chain-55619\\\/\",\"url\":\"https:\\\/\\\/www.purejewels.com\\\/product\\\/22ct-gold-square-box-chain-55619\\\/\",\"name\":\"22ct Gold Square Box Chain | Classic Yellow Gold Chain Necklace\",\"isPartOf\":{\"@id\":\"https:\\\/\\\/www.purejewels.com\\\/#website\"},\"primaryImageOfPage\":{\"@id\":\"https:\\\/\\\/www.purejewels.com\\\/product\\\/22ct-gold-square-box-chain-55619\\\/#primaryimage\"},\"image\":{\"@id\":\"https:\\\/\\\/www.purejewels.com\\\/product\\\/22ct-gold-square-box-chain-55619\\\/#primaryimage\"},\"thumbnailUrl\":\"https:\\\/\\\/static.purejewels.com\\\/wp-content\\\/uploads\\\/2021\\\/04\\\/33032-1.jpg\",\"datePublished\":\"2026-01-08T08:43:29+00:00\",\"dateModified\":\"2026-05-08T07:55:07+00:00\",\"description\":\"Explore the elegance of the 22ct Gold Square Box Chain, crafted in radiant yellow gold with sleek geometric links. A timeless gold chain designed for everyday wear.\",\"breadcrumb\":{\"@id\":\"https:\\\/\\\/www.purejewels.com\\\/product\\\/22ct-gold-square-box-chain-55619\\\/#breadcrumb\"},\"inLanguage\":\"de\",\"potentialAction\":[{\"@type\":\"ReadAction\",\"target\":[\"https:\\\/\\\/www.purejewels.com\\\/product\\\/22ct-gold-square-box-chain-55619\\\/\"]}]},{\"@type\":\"ImageObject\",\"inLanguage\":\"de\",\"@id\":\"https:\\\/\\\/www.purejewels.com\\\/product\\\/22ct-gold-square-box-chain-55619\\\/#primaryimage\",\"url\":\"https:\\\/\\\/static.purejewels.com\\\/wp-content\\\/uploads\\\/2021\\\/04\\\/33032-1.jpg\",\"contentUrl\":\"https:\\\/\\\/static.purejewels.com\\\/wp-content\\\/uploads\\\/2021\\\/04\\\/33032-1.jpg\",\"width\":1000,\"height\":1000,\"caption\":\"18ct Yellow Gold Box Chain | 18 Inches\"},{\"@type\":\"BreadcrumbList\",\"@id\":\"https:\\\/\\\/www.purejewels.com\\\/product\\\/22ct-gold-square-box-chain-55619\\\/#breadcrumb\",\"itemListElement\":[{\"@type\":\"ListItem\",\"position\":1,\"name\":\"Home\",\"item\":\"https:\\\/\\\/www.purejewels.com\\\/\"},{\"@type\":\"ListItem\",\"position\":2,\"name\":\"Shop\",\"item\":\"https:\\\/\\\/www.purejewels.com\\\/shop\\\/\"},{\"@type\":\"ListItem\",\"position\":3,\"name\":\"22ct Gold Square Box Chain\"}]},{\"@type\":\"WebSite\",\"@id\":\"https:\\\/\\\/www.purejewels.com\\\/#website\",\"url\":\"https:\\\/\\\/www.purejewels.com\\\/\",\"name\":\"PureJewels UK\",\"description\":\"Share the Love\",\"publisher\":{\"@id\":\"https:\\\/\\\/www.purejewels.com\\\/#organization\"},\"potentialAction\":[{\"@type\":\"SearchAction\",\"target\":{\"@type\":\"EntryPoint\",\"urlTemplate\":\"https:\\\/\\\/www.purejewels.com\\\/?s={search_term_string}\"},\"query-input\":{\"@type\":\"PropertyValueSpecification\",\"valueRequired\":true,\"valueName\":\"search_term_string\"}}],\"inLanguage\":\"de\"},{\"@type\":\"Organization\",\"@id\":\"https:\\\/\\\/www.purejewels.com\\\/#organization\",\"name\":\"PureJewels UK\",\"url\":\"https:\\\/\\\/www.purejewels.com\\\/\",\"logo\":{\"@type\":\"ImageObject\",\"inLanguage\":\"de\",\"@id\":\"https:\\\/\\\/www.purejewels.com\\\/#\\\/schema\\\/logo\\\/image\\\/\",\"url\":\"https:\\\/\\\/static.purejewels.com\\\/wp-content\\\/uploads\\\/2020\\\/11\\\/Logo-PJ-New-1.png\",\"contentUrl\":\"https:\\\/\\\/static.purejewels.com\\\/wp-content\\\/uploads\\\/2020\\\/11\\\/Logo-PJ-New-1.png\",\"width\":150,\"height\":80,\"caption\":\"PureJewels UK\"},\"image\":{\"@id\":\"https:\\\/\\\/www.purejewels.com\\\/#\\\/schema\\\/logo\\\/image\\\/\"}}]}<\/script>\n<!-- \/ Yoast SEO plugin. -->","yoast_head_json":{"title":"22ct Gold Quadratische Box Kette | Klassische Gelbgold Kette Halskette","description":"Entdecken Sie die Eleganz der quadratischen Boxkette aus 22 Karat Gold, die aus strahlendem Gelbgold mit schlanken geometrischen Gliedern gefertigt ist. Eine zeitlose Goldkette f\u00fcr den t\u00e4glichen Gebrauch.","robots":{"index":"index","follow":"follow","max-snippet":"max-snippet:-1","max-image-preview":"max-image-preview:large","max-video-preview":"max-video-preview:-1"},"canonical":"https:\/\/www.purejewels.com\/de\/produkt-2\/quadratische-boxkette-aus-22-karat-gold-55619\/","og_locale":"de_DE","og_type":"article","og_title":"22ct Gold Square Box Chain | Classic Yellow Gold Chain Necklace","og_description":"Explore the elegance of the 22ct Gold Square Box Chain, crafted in radiant yellow gold with sleek geometric links. A timeless gold chain designed for everyday wear.","og_url":"https:\/\/www.purejewels.com\/de\/produkt-2\/quadratische-boxkette-aus-22-karat-gold-55619\/","og_site_name":"PureJewels UK","article_modified_time":"2026-05-08T07:55:07+00:00","og_image":[{"width":1000,"height":1000,"url":"https:\/\/static.purejewels.com\/wp-content\/uploads\/2021\/04\/33032-1.jpg","type":"image\/jpeg"}],"twitter_card":"summary_large_image","twitter_misc":{"Gesch\u00e4tzte Lesezeit":"1\u00a0Minute"},"schema":{"@context":"https:\/\/schema.org","@graph":[{"@type":["WebPage","ItemPage"],"@id":"https:\/\/www.purejewels.com\/product\/22ct-gold-square-box-chain-55619\/","url":"https:\/\/www.purejewels.com\/product\/22ct-gold-square-box-chain-55619\/","name":"22ct Gold Quadratische Box Kette | Klassische Gelbgold Kette Halskette","isPartOf":{"@id":"https:\/\/www.purejewels.com\/#website"},"primaryImageOfPage":{"@id":"https:\/\/www.purejewels.com\/product\/22ct-gold-square-box-chain-55619\/#primaryimage"},"image":{"@id":"https:\/\/www.purejewels.com\/product\/22ct-gold-square-box-chain-55619\/#primaryimage"},"thumbnailUrl":"https:\/\/static.purejewels.com\/wp-content\/uploads\/2021\/04\/33032-1.jpg","datePublished":"2026-01-08T08:43:29+00:00","dateModified":"2026-05-08T07:55:07+00:00","description":"Entdecken Sie die Eleganz der quadratischen Boxkette aus 22 Karat Gold, die aus strahlendem Gelbgold mit schlanken geometrischen Gliedern gefertigt ist. Eine zeitlose Goldkette f\u00fcr den t\u00e4glichen Gebrauch.","breadcrumb":{"@id":"https:\/\/www.purejewels.com\/product\/22ct-gold-square-box-chain-55619\/#breadcrumb"},"inLanguage":"de","potentialAction":[{"@type":"ReadAction","target":["https:\/\/www.purejewels.com\/product\/22ct-gold-square-box-chain-55619\/"]}]},{"@type":"ImageObject","inLanguage":"de","@id":"https:\/\/www.purejewels.com\/product\/22ct-gold-square-box-chain-55619\/#primaryimage","url":"https:\/\/static.purejewels.com\/wp-content\/uploads\/2021\/04\/33032-1.jpg","contentUrl":"https:\/\/static.purejewels.com\/wp-content\/uploads\/2021\/04\/33032-1.jpg","width":1000,"height":1000,"caption":"18ct Yellow Gold Box Chain | 18 Inches"},{"@type":"BreadcrumbList","@id":"https:\/\/www.purejewels.com\/product\/22ct-gold-square-box-chain-55619\/#breadcrumb","itemListElement":[{"@type":"ListItem","position":1,"name":"Home","item":"https:\/\/www.purejewels.com\/"},{"@type":"ListItem","position":2,"name":"Shop","item":"https:\/\/www.purejewels.com\/shop\/"},{"@type":"ListItem","position":3,"name":"22ct Gold Square Box Chain"}]},{"@type":"WebSite","@id":"https:\/\/www.purejewels.com\/#website","url":"https:\/\/www.purejewels.com\/","name":"PureJewels UK","description":"Teile die Liebe","publisher":{"@id":"https:\/\/www.purejewels.com\/#organization"},"potentialAction":[{"@type":"SearchAction","target":{"@type":"EntryPoint","urlTemplate":"https:\/\/www.purejewels.com\/?s={search_term_string}"},"query-input":{"@type":"PropertyValueSpecification","valueRequired":true,"valueName":"search_term_string"}}],"inLanguage":"de"},{"@type":"Organization","@id":"https:\/\/www.purejewels.com\/#organization","name":"PureJewels UK","url":"https:\/\/www.purejewels.com\/","logo":{"@type":"ImageObject","inLanguage":"de","@id":"https:\/\/www.purejewels.com\/#\/schema\/logo\/image\/","url":"https:\/\/static.purejewels.com\/wp-content\/uploads\/2020\/11\/Logo-PJ-New-1.png","contentUrl":"https:\/\/static.purejewels.com\/wp-content\/uploads\/2020\/11\/Logo-PJ-New-1.png","width":150,"height":80,"caption":"PureJewels UK"},"image":{"@id":"https:\/\/www.purejewels.com\/#\/schema\/logo\/image\/"}}]}},"_links":{"self":[{"href":"https:\/\/www.purejewels.com\/de\/wp-json\/wp\/v2\/product\/429582","targetHints":{"allow":["GET"]}}],"collection":[{"href":"https:\/\/www.purejewels.com\/de\/wp-json\/wp\/v2\/product"}],"about":[{"href":"https:\/\/www.purejewels.com\/de\/wp-json\/wp\/v2\/types\/product"}],"replies":[{"embeddable":true,"href":"https:\/\/www.purejewels.com\/de\/wp-json\/wp\/v2\/comments?post=429582"}],"version-history":[{"count":1,"href":"https:\/\/www.purejewels.com\/de\/wp-json\/wp\/v2\/product\/429582\/revisions"}],"predecessor-version":[{"id":429583,"href":"https:\/\/www.purejewels.com\/de\/wp-json\/wp\/v2\/product\/429582\/revisions\/429583"}],"wp:featuredmedia":[{"embeddable":true,"href":"https:\/\/www.purejewels.com\/de\/wp-json\/wp\/v2\/media\/327533"}],"wp:attachment":[{"href":"https:\/\/www.purejewels.com\/de\/wp-json\/wp\/v2\/media?parent=429582"}],"wp:term":[{"taxonomy":"product_brand","embeddable":true,"href":"https:\/\/www.purejewels.com\/de\/wp-json\/wp\/v2\/product_brand?post=429582"},{"taxonomy":"product_cat","embeddable":true,"href":"https:\/\/www.purejewels.com\/de\/wp-json\/wp\/v2\/product_cat?post=429582"},{"taxonomy":"product_tag","embeddable":true,"href":"https:\/\/www.purejewels.com\/de\/wp-json\/wp\/v2\/product_tag?post=429582"}],"curies":[{"name":"wp","href":"https:\/\/api.w.org\/{rel}","templated":true}]}}