{"id":429609,"date":"2026-01-11T09:03:42","date_gmt":"2026-01-11T09:03:42","guid":{"rendered":"https:\/\/www.purejewels.com\/?post_type=product&#038;p=429609"},"modified":"2026-05-11T09:12:10","modified_gmt":"2026-05-11T08:12:10","slug":"22-karat-gold-box-kette-16-zoll-55615","status":"publish","type":"product","link":"https:\/\/www.purejewels.com\/de\/product\/22-karat-gold-box-chain-16-inch-55615\/","title":{"rendered":"22 Karat Gold Box Kette | 16 Zoll"},"content":{"rendered":"<h2 data-section-id=\"1aybmrb\" data-start=\"1541\" data-end=\"1558\">Designkonzept<\/h2>\n<p data-start=\"1560\" data-end=\"1855\">Inspiriert von Symmetrie und flie\u00dfender Geometrie besteht die Kastenkette aus fein miteinander verbundenen quadratischen Gliedern, die das Licht mit subtilem Glanz reflektieren. Die strukturierte Form schafft eine zeitgem\u00e4\u00dfe \u00c4sthetik und bewahrt gleichzeitig die Weichheit und W\u00e4rme, die man mit traditionellem 22-kar\u00e4tigem Goldschmuck verbindet. Ihr minimalistisches Profil l\u00e4sst die Handwerkskunst des Goldes selbst in den Mittelpunkt r\u00fccken - elegant, best\u00e4ndig und m\u00fchelos tragbar.<\/p>\n<h2 data-section-id=\"1519yvo\" data-start=\"2208\" data-end=\"2224\">Handwerkliches K\u00f6nnen<\/h2>\n<p data-start=\"2226\" data-end=\"2363\">Jede Boxkette aus 22 Karat Gold wird sorgf\u00e4ltig aus hochreinem 22-kar\u00e4tigem Gold gefertigt und vom London Assay Office auf Echtheit gepr\u00fcft. In unserem Schmuck spiegeln sich Generationen von Goldschmiedekunst und ein best\u00e4ndiges Engagement f\u00fcr Handwerkskunst, Qualit\u00e4t und raffinierte Verarbeitung wider.<\/p>\n<h2 data-section-id=\"1my5t8t\" data-start=\"2817\" data-end=\"2833\">Styling-Ideen<\/h2>\n<p data-start=\"2835\" data-end=\"2922\">Die Vielseitigkeit der 22 Karat Gold Box Chain erlaubt es, sie auf vielf\u00e4ltige Weise zu stylen:<\/p>\n<ul data-start=\"2924\" data-end=\"3325\">\n<li data-section-id=\"8kf1gm\" data-start=\"2924\" data-end=\"2982\">Tragen Sie es allein f\u00fcr einen klaren und raffinierten Alltagslook<\/li>\n<li data-section-id=\"1s9awtf\" data-start=\"2983\" data-end=\"3068\">Kombiniert mit einem aussagekr\u00e4ftigen Anh\u00e4nger, wie z. B. Initialen, Lotosmotiven oder Edelsteinanh\u00e4ngern<\/li>\n<li data-section-id=\"utzlqt\" data-start=\"3069\" data-end=\"3144\">Lagenweise mit k\u00fcrzeren strukturierten Ketten f\u00fcr eine moderne, gestapelte \u00c4sthetik<\/li>\n<li data-section-id=\"1h0ljnn\" data-start=\"3145\" data-end=\"3234\">Kombinierbar mit traditioneller oder moderner Kleidung f\u00fcr einen m\u00fchelosen \u00dcbergang vom Tag zum Abend<\/li>\n<li data-section-id=\"xb97nk\" data-start=\"3235\" data-end=\"3325\">Kombinieren Sie mit passenden Armb\u00e4ndern oder Armreifen aus 22 Karat Gold f\u00fcr eine einheitliche Schmuckgarderobe<\/li>\n<\/ul>\n<p data-start=\"3327\" data-end=\"3449\">Durch seine strukturierte Eleganz eignet er sich gleicherma\u00dfen f\u00fcr M\u00e4nner und Frauen, die zeitlosen Feingoldschmuck mit modernem Touch suchen.<\/p>\n<p>&nbsp;<\/p>","protected":false},"excerpt":{"rendered":"<table class=\"sh_desc\">\n<tbody>\n<tr>\n<td>Typ der Kette<\/td>\n<td>Box-Kette<\/td>\n<\/tr>\n<tr>\n<td>SKU<\/td>\n<td>55615<\/td>\n<\/tr>\n<tr>\n<td>Gewicht<\/td>\n<td>5,85 Gramm<\/td>\n<\/tr>\n<tr>\n<td>Metall<\/td>\n<td>22ct Gold<\/td>\n<\/tr>\n<tr>\n<td>Dicke<\/td>\n<td>1,1 mm<\/td>\n<\/tr>\n<tr>\n<td>L\u00e4nge<\/td>\n<td>16 Zoll<\/td>\n<\/tr>\n<tr>\n<td>Wahrzeichen<\/td>\n<td>22ct Gold gestempelt von London Assay Office<\/td>\n<\/tr>\n<tr>\n<td>Entgelte<\/td>\n<td>Lieferung und Mehrwertsteuer inbegriffen<\/td>\n<\/tr>\n<tr>\n<td>Verpackung<\/td>\n<td>Mit Pr\u00e4sentationsbox<\/td>\n<\/tr>\n<tr>\n<td>Mehr Informationen<\/td>\n<td>Live-Chat mit uns f\u00fcr Verf\u00fcgbarkeit und mehr Bilder<\/td>\n<\/tr>\n<\/tbody>\n<\/table>","protected":false},"featured_media":327533,"comment_status":"closed","ping_status":"closed","template":"","meta":{"_eb_attr":"","_crsspst_to_jayantr4sg-hostcom":true},"product_brand":[],"product_cat":[5013,5267,1576,1794,1475,1229,1773,1575,1574],"product_tag":[3990,65,1430],"class_list":{"0":"post-429609","1":"product","2":"type-product","3":"status-publish","4":"has-post-thumbnail","6":"product_cat-16-inch-ladies-chain","7":"product_cat-box-chain","8":"product_cat-childrens-jewellery","9":"product_cat-christmas-gifts","10":"product_cat-gold-chains","11":"product_cat-22ct-gold-jewellery","12":"product_cat-ladies-chains","13":"product_cat-teenage-jewellery","14":"product_cat-womens-jewellery","15":"product_tag-22-carat-gold-chain","16":"product_tag-chains","17":"product_tag-diwali-gift","19":"first","20":"instock","21":"taxable","22":"shipping-taxable","23":"purchasable","24":"product-type-simple","25":"add-to-wishlist-before_image"},"yoast_head":"<!-- This site is optimized with the Yoast SEO plugin v27.5 - https:\/\/yoast.com\/product\/yoast-seo-wordpress\/ -->\n<title>22 Karat Gold Box Chain | Hallmarked 22ct Gold Chain<\/title>\n<meta name=\"description\" content=\"Discover the elegance of our 22 Karat Gold Box Chain, handcrafted in radiant hallmarked 22ct gold. A timeless unisex gold chain designed for everyday luxury.\" \/>\n<meta name=\"robots\" content=\"index, follow, max-snippet:-1, max-image-preview:large, max-video-preview:-1\" \/>\n<link rel=\"canonical\" href=\"https:\/\/www.purejewels.com\/de\/produkt-2\/22-karat-gold-box-kette-16-zoll-55615\/\" \/>\n<meta property=\"og:locale\" content=\"de_DE\" \/>\n<meta property=\"og:type\" content=\"article\" \/>\n<meta property=\"og:title\" content=\"22 Karat Gold Box Chain | Hallmarked 22ct Gold Chain\" \/>\n<meta property=\"og:description\" content=\"Discover the elegance of our 22 Karat Gold Box Chain, handcrafted in radiant hallmarked 22ct gold. A timeless unisex gold chain designed for everyday luxury.\" \/>\n<meta property=\"og:url\" content=\"https:\/\/www.purejewels.com\/de\/produkt-2\/22-karat-gold-box-kette-16-zoll-55615\/\" \/>\n<meta property=\"og:site_name\" content=\"PureJewels UK\" \/>\n<meta property=\"article:modified_time\" content=\"2026-05-11T08:12:10+00:00\" \/>\n<meta property=\"og:image\" content=\"https:\/\/static.purejewels.com\/wp-content\/uploads\/2021\/04\/33032-1.jpg\" \/>\n\t<meta property=\"og:image:width\" content=\"1000\" \/>\n\t<meta property=\"og:image:height\" content=\"1000\" \/>\n\t<meta property=\"og:image:type\" content=\"image\/jpeg\" \/>\n<meta name=\"twitter:card\" content=\"summary_large_image\" \/>\n<meta name=\"twitter:label1\" content=\"Gesch\u00e4tzte Lesezeit\" \/>\n\t<meta name=\"twitter:data1\" content=\"2\u00a0Minuten\" \/>\n<script type=\"application\/ld+json\" class=\"yoast-schema-graph\">{\"@context\":\"https:\\\/\\\/schema.org\",\"@graph\":[{\"@type\":[\"WebPage\",\"ItemPage\"],\"@id\":\"https:\\\/\\\/www.purejewels.com\\\/product\\\/22-karat-gold-box-chain-16-inch-55615\\\/\",\"url\":\"https:\\\/\\\/www.purejewels.com\\\/product\\\/22-karat-gold-box-chain-16-inch-55615\\\/\",\"name\":\"22 Karat Gold Box Chain | Hallmarked 22ct Gold Chain\",\"isPartOf\":{\"@id\":\"https:\\\/\\\/www.purejewels.com\\\/#website\"},\"primaryImageOfPage\":{\"@id\":\"https:\\\/\\\/www.purejewels.com\\\/product\\\/22-karat-gold-box-chain-16-inch-55615\\\/#primaryimage\"},\"image\":{\"@id\":\"https:\\\/\\\/www.purejewels.com\\\/product\\\/22-karat-gold-box-chain-16-inch-55615\\\/#primaryimage\"},\"thumbnailUrl\":\"https:\\\/\\\/static.purejewels.com\\\/wp-content\\\/uploads\\\/2021\\\/04\\\/33032-1.jpg\",\"datePublished\":\"2026-01-11T09:03:42+00:00\",\"dateModified\":\"2026-05-11T08:12:10+00:00\",\"description\":\"Discover the elegance of our 22 Karat Gold Box Chain, handcrafted in radiant hallmarked 22ct gold. A timeless unisex gold chain designed for everyday luxury.\",\"breadcrumb\":{\"@id\":\"https:\\\/\\\/www.purejewels.com\\\/product\\\/22-karat-gold-box-chain-16-inch-55615\\\/#breadcrumb\"},\"inLanguage\":\"de\",\"potentialAction\":[{\"@type\":\"ReadAction\",\"target\":[\"https:\\\/\\\/www.purejewels.com\\\/product\\\/22-karat-gold-box-chain-16-inch-55615\\\/\"]}]},{\"@type\":\"ImageObject\",\"inLanguage\":\"de\",\"@id\":\"https:\\\/\\\/www.purejewels.com\\\/product\\\/22-karat-gold-box-chain-16-inch-55615\\\/#primaryimage\",\"url\":\"https:\\\/\\\/static.purejewels.com\\\/wp-content\\\/uploads\\\/2021\\\/04\\\/33032-1.jpg\",\"contentUrl\":\"https:\\\/\\\/static.purejewels.com\\\/wp-content\\\/uploads\\\/2021\\\/04\\\/33032-1.jpg\",\"width\":1000,\"height\":1000,\"caption\":\"18ct Yellow Gold Box Chain | 18 Inches\"},{\"@type\":\"BreadcrumbList\",\"@id\":\"https:\\\/\\\/www.purejewels.com\\\/product\\\/22-karat-gold-box-chain-16-inch-55615\\\/#breadcrumb\",\"itemListElement\":[{\"@type\":\"ListItem\",\"position\":1,\"name\":\"Home\",\"item\":\"https:\\\/\\\/www.purejewels.com\\\/\"},{\"@type\":\"ListItem\",\"position\":2,\"name\":\"Shop\",\"item\":\"https:\\\/\\\/www.purejewels.com\\\/shop\\\/\"},{\"@type\":\"ListItem\",\"position\":3,\"name\":\"22 Karat Gold Box Chain | 16 inch\"}]},{\"@type\":\"WebSite\",\"@id\":\"https:\\\/\\\/www.purejewels.com\\\/#website\",\"url\":\"https:\\\/\\\/www.purejewels.com\\\/\",\"name\":\"PureJewels UK\",\"description\":\"Share the Love\",\"publisher\":{\"@id\":\"https:\\\/\\\/www.purejewels.com\\\/#organization\"},\"potentialAction\":[{\"@type\":\"SearchAction\",\"target\":{\"@type\":\"EntryPoint\",\"urlTemplate\":\"https:\\\/\\\/www.purejewels.com\\\/?s={search_term_string}\"},\"query-input\":{\"@type\":\"PropertyValueSpecification\",\"valueRequired\":true,\"valueName\":\"search_term_string\"}}],\"inLanguage\":\"de\"},{\"@type\":\"Organization\",\"@id\":\"https:\\\/\\\/www.purejewels.com\\\/#organization\",\"name\":\"PureJewels UK\",\"url\":\"https:\\\/\\\/www.purejewels.com\\\/\",\"logo\":{\"@type\":\"ImageObject\",\"inLanguage\":\"de\",\"@id\":\"https:\\\/\\\/www.purejewels.com\\\/#\\\/schema\\\/logo\\\/image\\\/\",\"url\":\"https:\\\/\\\/static.purejewels.com\\\/wp-content\\\/uploads\\\/2020\\\/11\\\/Logo-PJ-New-1.png\",\"contentUrl\":\"https:\\\/\\\/static.purejewels.com\\\/wp-content\\\/uploads\\\/2020\\\/11\\\/Logo-PJ-New-1.png\",\"width\":150,\"height\":80,\"caption\":\"PureJewels UK\"},\"image\":{\"@id\":\"https:\\\/\\\/www.purejewels.com\\\/#\\\/schema\\\/logo\\\/image\\\/\"}}]}<\/script>\n<!-- \/ Yoast SEO plugin. -->","yoast_head_json":{"title":"22 Karat Gold Box Kette | Punzierte 22ct Gold Kette","description":"Entdecken Sie die Eleganz unserer 22 Karat Gold Box Chain, handgefertigt aus strahlendem, gepunztem 22 Karat Gold. Eine zeitlose Unisex-Goldkette f\u00fcr den t\u00e4glichen Luxus.","robots":{"index":"index","follow":"follow","max-snippet":"max-snippet:-1","max-image-preview":"max-image-preview:large","max-video-preview":"max-video-preview:-1"},"canonical":"https:\/\/www.purejewels.com\/de\/produkt-2\/22-karat-gold-box-kette-16-zoll-55615\/","og_locale":"de_DE","og_type":"article","og_title":"22 Karat Gold Box Chain | Hallmarked 22ct Gold Chain","og_description":"Discover the elegance of our 22 Karat Gold Box Chain, handcrafted in radiant hallmarked 22ct gold. A timeless unisex gold chain designed for everyday luxury.","og_url":"https:\/\/www.purejewels.com\/de\/produkt-2\/22-karat-gold-box-kette-16-zoll-55615\/","og_site_name":"PureJewels UK","article_modified_time":"2026-05-11T08:12:10+00:00","og_image":[{"width":1000,"height":1000,"url":"https:\/\/static.purejewels.com\/wp-content\/uploads\/2021\/04\/33032-1.jpg","type":"image\/jpeg"}],"twitter_card":"summary_large_image","twitter_misc":{"Gesch\u00e4tzte Lesezeit":"2\u00a0Minuten"},"schema":{"@context":"https:\/\/schema.org","@graph":[{"@type":["WebPage","ItemPage"],"@id":"https:\/\/www.purejewels.com\/product\/22-karat-gold-box-chain-16-inch-55615\/","url":"https:\/\/www.purejewels.com\/product\/22-karat-gold-box-chain-16-inch-55615\/","name":"22 Karat Gold Box Kette | Punzierte 22ct Gold Kette","isPartOf":{"@id":"https:\/\/www.purejewels.com\/#website"},"primaryImageOfPage":{"@id":"https:\/\/www.purejewels.com\/product\/22-karat-gold-box-chain-16-inch-55615\/#primaryimage"},"image":{"@id":"https:\/\/www.purejewels.com\/product\/22-karat-gold-box-chain-16-inch-55615\/#primaryimage"},"thumbnailUrl":"https:\/\/static.purejewels.com\/wp-content\/uploads\/2021\/04\/33032-1.jpg","datePublished":"2026-01-11T09:03:42+00:00","dateModified":"2026-05-11T08:12:10+00:00","description":"Entdecken Sie die Eleganz unserer 22 Karat Gold Box Chain, handgefertigt aus strahlendem, gepunztem 22 Karat Gold. Eine zeitlose Unisex-Goldkette f\u00fcr den t\u00e4glichen Luxus.","breadcrumb":{"@id":"https:\/\/www.purejewels.com\/product\/22-karat-gold-box-chain-16-inch-55615\/#breadcrumb"},"inLanguage":"de","potentialAction":[{"@type":"ReadAction","target":["https:\/\/www.purejewels.com\/product\/22-karat-gold-box-chain-16-inch-55615\/"]}]},{"@type":"ImageObject","inLanguage":"de","@id":"https:\/\/www.purejewels.com\/product\/22-karat-gold-box-chain-16-inch-55615\/#primaryimage","url":"https:\/\/static.purejewels.com\/wp-content\/uploads\/2021\/04\/33032-1.jpg","contentUrl":"https:\/\/static.purejewels.com\/wp-content\/uploads\/2021\/04\/33032-1.jpg","width":1000,"height":1000,"caption":"18ct Yellow Gold Box Chain | 18 Inches"},{"@type":"BreadcrumbList","@id":"https:\/\/www.purejewels.com\/product\/22-karat-gold-box-chain-16-inch-55615\/#breadcrumb","itemListElement":[{"@type":"ListItem","position":1,"name":"Home","item":"https:\/\/www.purejewels.com\/"},{"@type":"ListItem","position":2,"name":"Shop","item":"https:\/\/www.purejewels.com\/shop\/"},{"@type":"ListItem","position":3,"name":"22 Karat Gold Box Chain | 16 inch"}]},{"@type":"WebSite","@id":"https:\/\/www.purejewels.com\/#website","url":"https:\/\/www.purejewels.com\/","name":"PureJewels UK","description":"Teile die Liebe","publisher":{"@id":"https:\/\/www.purejewels.com\/#organization"},"potentialAction":[{"@type":"SearchAction","target":{"@type":"EntryPoint","urlTemplate":"https:\/\/www.purejewels.com\/?s={search_term_string}"},"query-input":{"@type":"PropertyValueSpecification","valueRequired":true,"valueName":"search_term_string"}}],"inLanguage":"de"},{"@type":"Organization","@id":"https:\/\/www.purejewels.com\/#organization","name":"PureJewels UK","url":"https:\/\/www.purejewels.com\/","logo":{"@type":"ImageObject","inLanguage":"de","@id":"https:\/\/www.purejewels.com\/#\/schema\/logo\/image\/","url":"https:\/\/static.purejewels.com\/wp-content\/uploads\/2020\/11\/Logo-PJ-New-1.png","contentUrl":"https:\/\/static.purejewels.com\/wp-content\/uploads\/2020\/11\/Logo-PJ-New-1.png","width":150,"height":80,"caption":"PureJewels UK"},"image":{"@id":"https:\/\/www.purejewels.com\/#\/schema\/logo\/image\/"}}]}},"_links":{"self":[{"href":"https:\/\/www.purejewels.com\/de\/wp-json\/wp\/v2\/product\/429609","targetHints":{"allow":["GET"]}}],"collection":[{"href":"https:\/\/www.purejewels.com\/de\/wp-json\/wp\/v2\/product"}],"about":[{"href":"https:\/\/www.purejewels.com\/de\/wp-json\/wp\/v2\/types\/product"}],"replies":[{"embeddable":true,"href":"https:\/\/www.purejewels.com\/de\/wp-json\/wp\/v2\/comments?post=429609"}],"version-history":[{"count":1,"href":"https:\/\/www.purejewels.com\/de\/wp-json\/wp\/v2\/product\/429609\/revisions"}],"predecessor-version":[{"id":429610,"href":"https:\/\/www.purejewels.com\/de\/wp-json\/wp\/v2\/product\/429609\/revisions\/429610"}],"wp:featuredmedia":[{"embeddable":true,"href":"https:\/\/www.purejewels.com\/de\/wp-json\/wp\/v2\/media\/327533"}],"wp:attachment":[{"href":"https:\/\/www.purejewels.com\/de\/wp-json\/wp\/v2\/media?parent=429609"}],"wp:term":[{"taxonomy":"product_brand","embeddable":true,"href":"https:\/\/www.purejewels.com\/de\/wp-json\/wp\/v2\/product_brand?post=429609"},{"taxonomy":"product_cat","embeddable":true,"href":"https:\/\/www.purejewels.com\/de\/wp-json\/wp\/v2\/product_cat?post=429609"},{"taxonomy":"product_tag","embeddable":true,"href":"https:\/\/www.purejewels.com\/de\/wp-json\/wp\/v2\/product_tag?post=429609"}],"curies":[{"name":"wp","href":"https:\/\/api.w.org\/{rel}","templated":true}]}}