{"id":429619,"date":"2026-01-11T10:22:26","date_gmt":"2026-01-11T10:22:26","guid":{"rendered":"https:\/\/www.purejewels.com\/?post_type=product&#038;p=429619"},"modified":"2026-05-11T10:30:47","modified_gmt":"2026-05-11T09:30:47","slug":"frauen-22-karat-gold-box-kette-55617","status":"publish","type":"product","link":"https:\/\/www.purejewels.com\/de\/product\/womens-22-karat-gold-box-chain-55617\/","title":{"rendered":"Damen 22 Karat Gold Box Kette"},"content":{"rendered":"<h3 data-section-id=\"1qj9e1g\" data-start=\"36\" data-end=\"56\">Designkonzept<\/h3>\n<p data-start=\"57\" data-end=\"450\">Die elegante und vielseitige 22 Karat Gold Box Chain f\u00fcr Damen besteht aus schlanken, kastenf\u00f6rmigen Gliedern, die eine raffinierte und flie\u00dfende Silhouette schaffen. Ihre klare geometrische Form verleiht traditionellem Goldschmuck einen modernen Touch und macht sie zu einem zeitlosen Schmuckst\u00fcck, das gleichzeitig modern und anmutig wirkt. Die strahlende W\u00e4rme von 22-kar\u00e4tigem Gold unterstreicht den unaufdringlichen Luxus dieser Kette, die sich ideal f\u00fcr den eleganten Alltag eignet.<\/p>\n<h3 data-section-id=\"n147pz\" data-start=\"452\" data-end=\"471\">Handwerkliches K\u00f6nnen<\/h3>\n<p data-start=\"472\" data-end=\"872\">Die fachm\u00e4nnisch aus gepunztem 22-kar\u00e4tigem Gold gefertigte Kette zeugt von pr\u00e4ziser Handwerkskunst und Liebe zum Detail. Jedes einzelne Glied wird sorgf\u00e4ltig zusammengef\u00fcgt und poliert, um eine reibungslose Bewegung, dauerhaften Komfort und ein gl\u00e4nzendes Finish zu gew\u00e4hrleisten. Verwurzelt in Generationen von Schmuckexpertise, verk\u00f6rpert die Kette PureJewels\u2019 Engagement f\u00fcr feine Handwerkskunst und dauerhafte Qualit\u00e4t.<\/p>\n<h3 data-section-id=\"11x20r2\" data-start=\"874\" data-end=\"893\">Styling-Ideen<\/h3>\n<p data-start=\"894\" data-end=\"1249\" data-is-last-node=\"\" data-is-only-node=\"\">Diese goldene Box-Kette eignet sich perfekt zum Tragen im Lagenlook oder als Einzelst\u00fcck und passt sowohl zu modernen als auch zu traditionellen Looks. Kombinieren Sie sie mit zarten Anh\u00e4ngern, Initialen oder Edelsteinanh\u00e4ngern f\u00fcr eine pers\u00f6nliche Note, oder tragen Sie sie allein f\u00fcr einen raffinierten, minimalistischen Look. Ihre leichte Eleganz macht sie zu einer m\u00fchelosen Erg\u00e4nzung der Alltagsgarderobe und der Garderobe f\u00fcr Anl\u00e4sse gleicherma\u00dfen.<\/p>","protected":false},"excerpt":{"rendered":"<p>Die 22 Karat Gold Box Chain f\u00fcr Damen ist ein zeitloses Accessoire aus gl\u00e4nzendem, gepunztem 22-kar\u00e4tigem Gold. Diese elegante Kette mit ihren schlanken, flie\u00dfenden Gliedern eignet sich perfekt f\u00fcr den t\u00e4glichen Gebrauch, zum Tragen in Lagen oder zum Kombinieren mit bedeutungsvollen Anh\u00e4ngern.<\/p>\n<p><strong>Material<\/strong>22ct Gold (91,6% reines Gold)<br \/>\n<strong>Wahrzeichen<\/strong>: Britisches G\u00fctesiegel<br \/>\n<strong>Gewicht <\/strong>: 6.39<br \/>\n<b>Dicke<\/b>: 1.2mm<br \/>\n<strong>L\u00e4nge:<\/strong> 18 Zoll<br \/>\n<strong>SKU:<\/strong> 55617<\/p>\n<p><strong>Preis und Lieferung:<\/strong>\u00a0Inklusive Mehrwertsteuer und Lieferkosten<br \/>\n<a href=\"https:\/\/www.purejewels.com\/de\/ruckgabepolitik\/\">R\u00fcckgabepolitik<\/a><\/p>","protected":false},"featured_media":327533,"comment_status":"closed","ping_status":"closed","template":"","meta":{"_eb_attr":"","_crsspst_to_jayantr4sg-hostcom":true},"product_brand":[],"product_cat":[5014,1559,5267,1794,1793,1475,1229,1773,1575,1574,5349],"product_tag":[3990,65,1430],"class_list":{"0":"post-429619","1":"product","2":"type-product","3":"status-publish","4":"has-post-thumbnail","6":"product_cat-18-inch-ladies-chain","7":"product_cat-birthday-gifts","8":"product_cat-box-chain","9":"product_cat-christmas-gifts","10":"product_cat-diwali-gifts","11":"product_cat-gold-chains","12":"product_cat-22ct-gold-jewellery","13":"product_cat-ladies-chains","14":"product_cat-teenage-jewellery","15":"product_cat-womens-jewellery","16":"product_cat-yellow-gold-jewellery","17":"product_tag-22-carat-gold-chain","18":"product_tag-chains","19":"product_tag-diwali-gift","21":"first","22":"instock","23":"taxable","24":"shipping-taxable","25":"purchasable","26":"product-type-simple","27":"add-to-wishlist-before_image"},"yoast_head":"<!-- This site is optimized with the Yoast SEO plugin v27.5 - https:\/\/yoast.com\/product\/yoast-seo-wordpress\/ -->\n<title>Women\u2019s 22 Karat Gold Box Chain | PureJewels UK<\/title>\n<meta name=\"description\" content=\"Discover the Women\u2019s 22 Karat Gold Box Chain, crafted in radiant hallmarked 22ct gold with sleek geometric links. Shop online today.\" \/>\n<meta name=\"robots\" content=\"index, follow, max-snippet:-1, max-image-preview:large, max-video-preview:-1\" \/>\n<link rel=\"canonical\" href=\"https:\/\/www.purejewels.com\/de\/produkt-2\/frauen-22-karat-gold-box-kette-55617\/\" \/>\n<meta property=\"og:locale\" content=\"de_DE\" \/>\n<meta property=\"og:type\" content=\"article\" \/>\n<meta property=\"og:title\" content=\"Women\u2019s 22 Karat Gold Box Chain | PureJewels UK\" \/>\n<meta property=\"og:description\" content=\"Discover the Women\u2019s 22 Karat Gold Box Chain, crafted in radiant hallmarked 22ct gold with sleek geometric links. Shop online today.\" \/>\n<meta property=\"og:url\" content=\"https:\/\/www.purejewels.com\/de\/produkt-2\/frauen-22-karat-gold-box-kette-55617\/\" \/>\n<meta property=\"og:site_name\" content=\"PureJewels UK\" \/>\n<meta property=\"article:modified_time\" content=\"2026-05-11T09:30:47+00:00\" \/>\n<meta property=\"og:image\" content=\"https:\/\/static.purejewels.com\/wp-content\/uploads\/2021\/04\/33032-1.jpg\" \/>\n\t<meta property=\"og:image:width\" content=\"1000\" \/>\n\t<meta property=\"og:image:height\" content=\"1000\" \/>\n\t<meta property=\"og:image:type\" content=\"image\/jpeg\" \/>\n<meta name=\"twitter:card\" content=\"summary_large_image\" \/>\n<meta name=\"twitter:label1\" content=\"Gesch\u00e4tzte Lesezeit\" \/>\n\t<meta name=\"twitter:data1\" content=\"1\u00a0Minute\" \/>\n<script type=\"application\/ld+json\" class=\"yoast-schema-graph\">{\"@context\":\"https:\\\/\\\/schema.org\",\"@graph\":[{\"@type\":[\"WebPage\",\"ItemPage\"],\"@id\":\"https:\\\/\\\/www.purejewels.com\\\/product\\\/womens-22-karat-gold-box-chain-55617\\\/\",\"url\":\"https:\\\/\\\/www.purejewels.com\\\/product\\\/womens-22-karat-gold-box-chain-55617\\\/\",\"name\":\"Women\u2019s 22 Karat Gold Box Chain | PureJewels UK\",\"isPartOf\":{\"@id\":\"https:\\\/\\\/www.purejewels.com\\\/#website\"},\"primaryImageOfPage\":{\"@id\":\"https:\\\/\\\/www.purejewels.com\\\/product\\\/womens-22-karat-gold-box-chain-55617\\\/#primaryimage\"},\"image\":{\"@id\":\"https:\\\/\\\/www.purejewels.com\\\/product\\\/womens-22-karat-gold-box-chain-55617\\\/#primaryimage\"},\"thumbnailUrl\":\"https:\\\/\\\/static.purejewels.com\\\/wp-content\\\/uploads\\\/2021\\\/04\\\/33032-1.jpg\",\"datePublished\":\"2026-01-11T10:22:26+00:00\",\"dateModified\":\"2026-05-11T09:30:47+00:00\",\"description\":\"Discover the Women\u2019s 22 Karat Gold Box Chain, crafted in radiant hallmarked 22ct gold with sleek geometric links. Shop online today.\",\"breadcrumb\":{\"@id\":\"https:\\\/\\\/www.purejewels.com\\\/product\\\/womens-22-karat-gold-box-chain-55617\\\/#breadcrumb\"},\"inLanguage\":\"de\",\"potentialAction\":[{\"@type\":\"ReadAction\",\"target\":[\"https:\\\/\\\/www.purejewels.com\\\/product\\\/womens-22-karat-gold-box-chain-55617\\\/\"]}]},{\"@type\":\"ImageObject\",\"inLanguage\":\"de\",\"@id\":\"https:\\\/\\\/www.purejewels.com\\\/product\\\/womens-22-karat-gold-box-chain-55617\\\/#primaryimage\",\"url\":\"https:\\\/\\\/static.purejewels.com\\\/wp-content\\\/uploads\\\/2021\\\/04\\\/33032-1.jpg\",\"contentUrl\":\"https:\\\/\\\/static.purejewels.com\\\/wp-content\\\/uploads\\\/2021\\\/04\\\/33032-1.jpg\",\"width\":1000,\"height\":1000,\"caption\":\"18ct Yellow Gold Box Chain | 18 Inches\"},{\"@type\":\"BreadcrumbList\",\"@id\":\"https:\\\/\\\/www.purejewels.com\\\/product\\\/womens-22-karat-gold-box-chain-55617\\\/#breadcrumb\",\"itemListElement\":[{\"@type\":\"ListItem\",\"position\":1,\"name\":\"Home\",\"item\":\"https:\\\/\\\/www.purejewels.com\\\/\"},{\"@type\":\"ListItem\",\"position\":2,\"name\":\"Shop\",\"item\":\"https:\\\/\\\/www.purejewels.com\\\/shop\\\/\"},{\"@type\":\"ListItem\",\"position\":3,\"name\":\"Women\u2019s 22 Karat Gold Box Chain\"}]},{\"@type\":\"WebSite\",\"@id\":\"https:\\\/\\\/www.purejewels.com\\\/#website\",\"url\":\"https:\\\/\\\/www.purejewels.com\\\/\",\"name\":\"PureJewels UK\",\"description\":\"Share the Love\",\"publisher\":{\"@id\":\"https:\\\/\\\/www.purejewels.com\\\/#organization\"},\"potentialAction\":[{\"@type\":\"SearchAction\",\"target\":{\"@type\":\"EntryPoint\",\"urlTemplate\":\"https:\\\/\\\/www.purejewels.com\\\/?s={search_term_string}\"},\"query-input\":{\"@type\":\"PropertyValueSpecification\",\"valueRequired\":true,\"valueName\":\"search_term_string\"}}],\"inLanguage\":\"de\"},{\"@type\":\"Organization\",\"@id\":\"https:\\\/\\\/www.purejewels.com\\\/#organization\",\"name\":\"PureJewels UK\",\"url\":\"https:\\\/\\\/www.purejewels.com\\\/\",\"logo\":{\"@type\":\"ImageObject\",\"inLanguage\":\"de\",\"@id\":\"https:\\\/\\\/www.purejewels.com\\\/#\\\/schema\\\/logo\\\/image\\\/\",\"url\":\"https:\\\/\\\/static.purejewels.com\\\/wp-content\\\/uploads\\\/2020\\\/11\\\/Logo-PJ-New-1.png\",\"contentUrl\":\"https:\\\/\\\/static.purejewels.com\\\/wp-content\\\/uploads\\\/2020\\\/11\\\/Logo-PJ-New-1.png\",\"width\":150,\"height\":80,\"caption\":\"PureJewels UK\"},\"image\":{\"@id\":\"https:\\\/\\\/www.purejewels.com\\\/#\\\/schema\\\/logo\\\/image\\\/\"}}]}<\/script>\n<!-- \/ Yoast SEO plugin. -->","yoast_head_json":{"title":"Damen 22 Karat Gold Box Kette | PureJewels UK","description":"Entdecken Sie die 22 Karat Gold Box Chain f\u00fcr Damen, die aus strahlendem, gepunztem 22-kar\u00e4tigem Gold mit schlanken, geometrischen Gliedern gefertigt ist. Heute online kaufen.","robots":{"index":"index","follow":"follow","max-snippet":"max-snippet:-1","max-image-preview":"max-image-preview:large","max-video-preview":"max-video-preview:-1"},"canonical":"https:\/\/www.purejewels.com\/de\/produkt-2\/frauen-22-karat-gold-box-kette-55617\/","og_locale":"de_DE","og_type":"article","og_title":"Women\u2019s 22 Karat Gold Box Chain | PureJewels UK","og_description":"Discover the Women\u2019s 22 Karat Gold Box Chain, crafted in radiant hallmarked 22ct gold with sleek geometric links. Shop online today.","og_url":"https:\/\/www.purejewels.com\/de\/produkt-2\/frauen-22-karat-gold-box-kette-55617\/","og_site_name":"PureJewels UK","article_modified_time":"2026-05-11T09:30:47+00:00","og_image":[{"width":1000,"height":1000,"url":"https:\/\/static.purejewels.com\/wp-content\/uploads\/2021\/04\/33032-1.jpg","type":"image\/jpeg"}],"twitter_card":"summary_large_image","twitter_misc":{"Gesch\u00e4tzte Lesezeit":"1\u00a0Minute"},"schema":{"@context":"https:\/\/schema.org","@graph":[{"@type":["WebPage","ItemPage"],"@id":"https:\/\/www.purejewels.com\/product\/womens-22-karat-gold-box-chain-55617\/","url":"https:\/\/www.purejewels.com\/product\/womens-22-karat-gold-box-chain-55617\/","name":"Damen 22 Karat Gold Box Kette | PureJewels UK","isPartOf":{"@id":"https:\/\/www.purejewels.com\/#website"},"primaryImageOfPage":{"@id":"https:\/\/www.purejewels.com\/product\/womens-22-karat-gold-box-chain-55617\/#primaryimage"},"image":{"@id":"https:\/\/www.purejewels.com\/product\/womens-22-karat-gold-box-chain-55617\/#primaryimage"},"thumbnailUrl":"https:\/\/static.purejewels.com\/wp-content\/uploads\/2021\/04\/33032-1.jpg","datePublished":"2026-01-11T10:22:26+00:00","dateModified":"2026-05-11T09:30:47+00:00","description":"Entdecken Sie die 22 Karat Gold Box Chain f\u00fcr Damen, die aus strahlendem, gepunztem 22-kar\u00e4tigem Gold mit schlanken, geometrischen Gliedern gefertigt ist. Heute online kaufen.","breadcrumb":{"@id":"https:\/\/www.purejewels.com\/product\/womens-22-karat-gold-box-chain-55617\/#breadcrumb"},"inLanguage":"de","potentialAction":[{"@type":"ReadAction","target":["https:\/\/www.purejewels.com\/product\/womens-22-karat-gold-box-chain-55617\/"]}]},{"@type":"ImageObject","inLanguage":"de","@id":"https:\/\/www.purejewels.com\/product\/womens-22-karat-gold-box-chain-55617\/#primaryimage","url":"https:\/\/static.purejewels.com\/wp-content\/uploads\/2021\/04\/33032-1.jpg","contentUrl":"https:\/\/static.purejewels.com\/wp-content\/uploads\/2021\/04\/33032-1.jpg","width":1000,"height":1000,"caption":"18ct Yellow Gold Box Chain | 18 Inches"},{"@type":"BreadcrumbList","@id":"https:\/\/www.purejewels.com\/product\/womens-22-karat-gold-box-chain-55617\/#breadcrumb","itemListElement":[{"@type":"ListItem","position":1,"name":"Home","item":"https:\/\/www.purejewels.com\/"},{"@type":"ListItem","position":2,"name":"Shop","item":"https:\/\/www.purejewels.com\/shop\/"},{"@type":"ListItem","position":3,"name":"Women\u2019s 22 Karat Gold Box Chain"}]},{"@type":"WebSite","@id":"https:\/\/www.purejewels.com\/#website","url":"https:\/\/www.purejewels.com\/","name":"PureJewels UK","description":"Teile die Liebe","publisher":{"@id":"https:\/\/www.purejewels.com\/#organization"},"potentialAction":[{"@type":"SearchAction","target":{"@type":"EntryPoint","urlTemplate":"https:\/\/www.purejewels.com\/?s={search_term_string}"},"query-input":{"@type":"PropertyValueSpecification","valueRequired":true,"valueName":"search_term_string"}}],"inLanguage":"de"},{"@type":"Organization","@id":"https:\/\/www.purejewels.com\/#organization","name":"PureJewels UK","url":"https:\/\/www.purejewels.com\/","logo":{"@type":"ImageObject","inLanguage":"de","@id":"https:\/\/www.purejewels.com\/#\/schema\/logo\/image\/","url":"https:\/\/static.purejewels.com\/wp-content\/uploads\/2020\/11\/Logo-PJ-New-1.png","contentUrl":"https:\/\/static.purejewels.com\/wp-content\/uploads\/2020\/11\/Logo-PJ-New-1.png","width":150,"height":80,"caption":"PureJewels UK"},"image":{"@id":"https:\/\/www.purejewels.com\/#\/schema\/logo\/image\/"}}]}},"_links":{"self":[{"href":"https:\/\/www.purejewels.com\/de\/wp-json\/wp\/v2\/product\/429619","targetHints":{"allow":["GET"]}}],"collection":[{"href":"https:\/\/www.purejewels.com\/de\/wp-json\/wp\/v2\/product"}],"about":[{"href":"https:\/\/www.purejewels.com\/de\/wp-json\/wp\/v2\/types\/product"}],"replies":[{"embeddable":true,"href":"https:\/\/www.purejewels.com\/de\/wp-json\/wp\/v2\/comments?post=429619"}],"version-history":[{"count":2,"href":"https:\/\/www.purejewels.com\/de\/wp-json\/wp\/v2\/product\/429619\/revisions"}],"predecessor-version":[{"id":429623,"href":"https:\/\/www.purejewels.com\/de\/wp-json\/wp\/v2\/product\/429619\/revisions\/429623"}],"wp:featuredmedia":[{"embeddable":true,"href":"https:\/\/www.purejewels.com\/de\/wp-json\/wp\/v2\/media\/327533"}],"wp:attachment":[{"href":"https:\/\/www.purejewels.com\/de\/wp-json\/wp\/v2\/media?parent=429619"}],"wp:term":[{"taxonomy":"product_brand","embeddable":true,"href":"https:\/\/www.purejewels.com\/de\/wp-json\/wp\/v2\/product_brand?post=429619"},{"taxonomy":"product_cat","embeddable":true,"href":"https:\/\/www.purejewels.com\/de\/wp-json\/wp\/v2\/product_cat?post=429619"},{"taxonomy":"product_tag","embeddable":true,"href":"https:\/\/www.purejewels.com\/de\/wp-json\/wp\/v2\/product_tag?post=429619"}],"curies":[{"name":"wp","href":"https:\/\/api.w.org\/{rel}","templated":true}]}}