{"id":429624,"date":"2026-01-11T10:34:59","date_gmt":"2026-01-11T10:34:59","guid":{"rendered":"https:\/\/www.purejewels.com\/?post_type=product&#038;p=429624"},"modified":"2026-05-11T10:55:41","modified_gmt":"2026-05-11T09:55:41","slug":"schachtelkette-aus-22-karat-gold-55621","status":"publish","type":"product","link":"https:\/\/www.purejewels.com\/de\/product\/box-chain-in-22-karat-gold-55621\/","title":{"rendered":"Boxkette aus 22 Karat Gold"},"content":{"rendered":"<h3 data-section-id=\"1qj9e1g\" data-start=\"696\" data-end=\"716\">Designkonzept<\/h3>\n<p data-start=\"717\" data-end=\"1108\">Inspiriert von klaren architektonischen Linien und ausgewogener Symmetrie, zelebriert die Box-Kette schlichten Luxus. Die pr\u00e4zise geformten quadratischen Glieder sorgen f\u00fcr eine moderne und strukturierte \u00c4sthetik, w\u00e4hrend sie sich weich und flie\u00dfend auf der Haut bewegen. Ihr minimalistisches Profil l\u00e4sst die Sch\u00f6nheit von reinem 22-kar\u00e4tigem Gold in den Mittelpunkt r\u00fccken - elegant, raffiniert und unendlich tragbar.<\/p>\n<h3 data-section-id=\"n147pz\" data-start=\"1110\" data-end=\"1129\">Handwerkliches K\u00f6nnen<\/h3>\n<p data-start=\"1130\" data-end=\"1573\">Die fachm\u00e4nnisch aus gepunztem 22-kar\u00e4tigem Gold gefertigte Kette spiegelt Generationen von Schmuckexpertise und akribische Liebe zum Detail wider. Jedes einzelne Glied wird sorgf\u00e4ltig zusammengesetzt und poliert, um Haltbarkeit, Flexibilit\u00e4t und ein glattes, luxuri\u00f6ses Finish zu gew\u00e4hrleisten. Die Handwerkskunst konzentriert sich auf leichten Tragekomfort und bewahrt gleichzeitig den satten Glanz und die Reinheit, die man mit feinem 22-kar\u00e4tigem Goldschmuck verbindet.<\/p>\n<h3 data-section-id=\"11x20r2\" data-start=\"1575\" data-end=\"1594\">Styling-Ideen<\/h3>\n<p data-start=\"1595\" data-end=\"2014\">Dank ihrer Vielseitigkeit eignet sich die Box Chain aus 22 Karat Gold sowohl f\u00fcr ein minimalistisches als auch f\u00fcr ein mehrlagiges Styling. Tragen Sie sie allein f\u00fcr einen schlichten und raffinierten Alltagslook oder kombinieren Sie sie mit bedeutungsvollen Anh\u00e4ngern wie Initialen, Edelsteinen oder symbolischen Motiven f\u00fcr eine pers\u00f6nliche Note. Er l\u00e4sst sich wunderbar mit k\u00fcrzeren, strukturierten Ketten kombinieren und passt sowohl zu moderner Kleidung als auch zu traditionellen Anl\u00e4ssen mit m\u00fcheloser Eleganz.<\/p>","protected":false},"excerpt":{"rendered":"<p>Die Box Chain aus 22 Karat Gold ist ein raffiniertes Schmuckst\u00fcck mit schlanken, ineinandergreifenden Gliedern aus leuchtendem, gepunztem Gold. Diese elegante, vielseitige und m\u00fchelos zeitlose Kette eignet sich perfekt zum Tragen von Lagen, Anh\u00e4ngern oder f\u00fcr den Alltag.<\/p>\n<p><strong>Material<\/strong>22ct Gold (91,6% reines Gold)<br \/>\n<strong>Wahrzeichen<\/strong>: Britisches G\u00fctesiegel<br \/>\n<strong>Gewicht <\/strong>: 4.36<br \/>\n<b>Dicke<\/b>: 1,5 mm<br \/>\n<strong>L\u00e4nge:<\/strong> 16 Zoll<br \/>\n<strong>SKU:<\/strong> 55621<\/p>\n<p><strong>Preis und Lieferung:<\/strong>\u00a0Inklusive Mehrwertsteuer und Lieferkosten<br \/>\n<a href=\"https:\/\/www.purejewels.com\/de\/ruckgabepolitik\/\">R\u00fcckgabepolitik<\/a><\/p>","protected":false},"featured_media":327533,"comment_status":"closed","ping_status":"closed","template":"","meta":{"_eb_attr":"","_crsspst_to_jayantr4sg-hostcom":true},"product_brand":[],"product_cat":[5013,1559,5267,1794,1793,1475,1229,1773,1575,1574,5349],"product_tag":[3990,65,1430],"class_list":{"0":"post-429624","1":"product","2":"type-product","3":"status-publish","4":"has-post-thumbnail","6":"product_cat-16-inch-ladies-chain","7":"product_cat-birthday-gifts","8":"product_cat-box-chain","9":"product_cat-christmas-gifts","10":"product_cat-diwali-gifts","11":"product_cat-gold-chains","12":"product_cat-22ct-gold-jewellery","13":"product_cat-ladies-chains","14":"product_cat-teenage-jewellery","15":"product_cat-womens-jewellery","16":"product_cat-yellow-gold-jewellery","17":"product_tag-22-carat-gold-chain","18":"product_tag-chains","19":"product_tag-diwali-gift","21":"first","22":"instock","23":"taxable","24":"shipping-taxable","25":"purchasable","26":"product-type-simple","27":"add-to-wishlist-before_image"},"yoast_head":"<!-- This site is optimized with the Yoast SEO plugin v27.5 - https:\/\/yoast.com\/product\/yoast-seo-wordpress\/ -->\n<title>Box Chain in 22 Karat Gold | Hallmarked 22ct Gold Chain<\/title>\n<meta name=\"description\" content=\"Explore the elegance of the Box Chain in 22 Karat Gold, crafted in radiant hallmarked 22ct gold with sleek geometric links.\" \/>\n<meta name=\"robots\" content=\"index, follow, max-snippet:-1, max-image-preview:large, max-video-preview:-1\" \/>\n<link rel=\"canonical\" href=\"https:\/\/www.purejewels.com\/de\/produkt-2\/schachtelkette-aus-22-karat-gold-55621\/\" \/>\n<meta property=\"og:locale\" content=\"de_DE\" \/>\n<meta property=\"og:type\" content=\"article\" \/>\n<meta property=\"og:title\" content=\"Box Chain in 22 Karat Gold | Hallmarked 22ct Gold Chain\" \/>\n<meta property=\"og:description\" content=\"Explore the elegance of the Box Chain in 22 Karat Gold, crafted in radiant hallmarked 22ct gold with sleek geometric links.\" \/>\n<meta property=\"og:url\" content=\"https:\/\/www.purejewels.com\/de\/produkt-2\/schachtelkette-aus-22-karat-gold-55621\/\" \/>\n<meta property=\"og:site_name\" content=\"PureJewels UK\" \/>\n<meta property=\"article:modified_time\" content=\"2026-05-11T09:55:41+00:00\" \/>\n<meta property=\"og:image\" content=\"https:\/\/static.purejewels.com\/wp-content\/uploads\/2021\/04\/33032-1.jpg\" \/>\n\t<meta property=\"og:image:width\" content=\"1000\" \/>\n\t<meta property=\"og:image:height\" content=\"1000\" \/>\n\t<meta property=\"og:image:type\" content=\"image\/jpeg\" \/>\n<meta name=\"twitter:card\" content=\"summary_large_image\" \/>\n<meta name=\"twitter:label1\" content=\"Gesch\u00e4tzte Lesezeit\" \/>\n\t<meta name=\"twitter:data1\" content=\"2\u00a0Minuten\" \/>\n<script type=\"application\/ld+json\" class=\"yoast-schema-graph\">{\"@context\":\"https:\\\/\\\/schema.org\",\"@graph\":[{\"@type\":[\"WebPage\",\"ItemPage\"],\"@id\":\"https:\\\/\\\/www.purejewels.com\\\/product\\\/box-chain-in-22-karat-gold-55621\\\/\",\"url\":\"https:\\\/\\\/www.purejewels.com\\\/product\\\/box-chain-in-22-karat-gold-55621\\\/\",\"name\":\"Box Chain in 22 Karat Gold | Hallmarked 22ct Gold Chain\",\"isPartOf\":{\"@id\":\"https:\\\/\\\/www.purejewels.com\\\/#website\"},\"primaryImageOfPage\":{\"@id\":\"https:\\\/\\\/www.purejewels.com\\\/product\\\/box-chain-in-22-karat-gold-55621\\\/#primaryimage\"},\"image\":{\"@id\":\"https:\\\/\\\/www.purejewels.com\\\/product\\\/box-chain-in-22-karat-gold-55621\\\/#primaryimage\"},\"thumbnailUrl\":\"https:\\\/\\\/static.purejewels.com\\\/wp-content\\\/uploads\\\/2021\\\/04\\\/33032-1.jpg\",\"datePublished\":\"2026-01-11T10:34:59+00:00\",\"dateModified\":\"2026-05-11T09:55:41+00:00\",\"description\":\"Explore the elegance of the Box Chain in 22 Karat Gold, crafted in radiant hallmarked 22ct gold with sleek geometric links.\",\"breadcrumb\":{\"@id\":\"https:\\\/\\\/www.purejewels.com\\\/product\\\/box-chain-in-22-karat-gold-55621\\\/#breadcrumb\"},\"inLanguage\":\"de\",\"potentialAction\":[{\"@type\":\"ReadAction\",\"target\":[\"https:\\\/\\\/www.purejewels.com\\\/product\\\/box-chain-in-22-karat-gold-55621\\\/\"]}]},{\"@type\":\"ImageObject\",\"inLanguage\":\"de\",\"@id\":\"https:\\\/\\\/www.purejewels.com\\\/product\\\/box-chain-in-22-karat-gold-55621\\\/#primaryimage\",\"url\":\"https:\\\/\\\/static.purejewels.com\\\/wp-content\\\/uploads\\\/2021\\\/04\\\/33032-1.jpg\",\"contentUrl\":\"https:\\\/\\\/static.purejewels.com\\\/wp-content\\\/uploads\\\/2021\\\/04\\\/33032-1.jpg\",\"width\":1000,\"height\":1000,\"caption\":\"18ct Yellow Gold Box Chain | 18 Inches\"},{\"@type\":\"BreadcrumbList\",\"@id\":\"https:\\\/\\\/www.purejewels.com\\\/product\\\/box-chain-in-22-karat-gold-55621\\\/#breadcrumb\",\"itemListElement\":[{\"@type\":\"ListItem\",\"position\":1,\"name\":\"Home\",\"item\":\"https:\\\/\\\/www.purejewels.com\\\/\"},{\"@type\":\"ListItem\",\"position\":2,\"name\":\"Shop\",\"item\":\"https:\\\/\\\/www.purejewels.com\\\/shop\\\/\"},{\"@type\":\"ListItem\",\"position\":3,\"name\":\"Box Chain in 22 Karat Gold\"}]},{\"@type\":\"WebSite\",\"@id\":\"https:\\\/\\\/www.purejewels.com\\\/#website\",\"url\":\"https:\\\/\\\/www.purejewels.com\\\/\",\"name\":\"PureJewels UK\",\"description\":\"Share the Love\",\"publisher\":{\"@id\":\"https:\\\/\\\/www.purejewels.com\\\/#organization\"},\"potentialAction\":[{\"@type\":\"SearchAction\",\"target\":{\"@type\":\"EntryPoint\",\"urlTemplate\":\"https:\\\/\\\/www.purejewels.com\\\/?s={search_term_string}\"},\"query-input\":{\"@type\":\"PropertyValueSpecification\",\"valueRequired\":true,\"valueName\":\"search_term_string\"}}],\"inLanguage\":\"de\"},{\"@type\":\"Organization\",\"@id\":\"https:\\\/\\\/www.purejewels.com\\\/#organization\",\"name\":\"PureJewels UK\",\"url\":\"https:\\\/\\\/www.purejewels.com\\\/\",\"logo\":{\"@type\":\"ImageObject\",\"inLanguage\":\"de\",\"@id\":\"https:\\\/\\\/www.purejewels.com\\\/#\\\/schema\\\/logo\\\/image\\\/\",\"url\":\"https:\\\/\\\/static.purejewels.com\\\/wp-content\\\/uploads\\\/2020\\\/11\\\/Logo-PJ-New-1.png\",\"contentUrl\":\"https:\\\/\\\/static.purejewels.com\\\/wp-content\\\/uploads\\\/2020\\\/11\\\/Logo-PJ-New-1.png\",\"width\":150,\"height\":80,\"caption\":\"PureJewels UK\"},\"image\":{\"@id\":\"https:\\\/\\\/www.purejewels.com\\\/#\\\/schema\\\/logo\\\/image\\\/\"}}]}<\/script>\n<!-- \/ Yoast SEO plugin. -->","yoast_head_json":{"title":"Boxkette aus 22 Karat Gold | Punzierte 22ct Goldkette","description":"Entdecken Sie die Eleganz der Box Chain in 22 Karat Gold, die aus strahlendem, gepunztem 22-kar\u00e4tigem Gold mit schlanken, geometrischen Gliedern gefertigt ist.","robots":{"index":"index","follow":"follow","max-snippet":"max-snippet:-1","max-image-preview":"max-image-preview:large","max-video-preview":"max-video-preview:-1"},"canonical":"https:\/\/www.purejewels.com\/de\/produkt-2\/schachtelkette-aus-22-karat-gold-55621\/","og_locale":"de_DE","og_type":"article","og_title":"Box Chain in 22 Karat Gold | Hallmarked 22ct Gold Chain","og_description":"Explore the elegance of the Box Chain in 22 Karat Gold, crafted in radiant hallmarked 22ct gold with sleek geometric links.","og_url":"https:\/\/www.purejewels.com\/de\/produkt-2\/schachtelkette-aus-22-karat-gold-55621\/","og_site_name":"PureJewels UK","article_modified_time":"2026-05-11T09:55:41+00:00","og_image":[{"width":1000,"height":1000,"url":"https:\/\/static.purejewels.com\/wp-content\/uploads\/2021\/04\/33032-1.jpg","type":"image\/jpeg"}],"twitter_card":"summary_large_image","twitter_misc":{"Gesch\u00e4tzte Lesezeit":"2\u00a0Minuten"},"schema":{"@context":"https:\/\/schema.org","@graph":[{"@type":["WebPage","ItemPage"],"@id":"https:\/\/www.purejewels.com\/product\/box-chain-in-22-karat-gold-55621\/","url":"https:\/\/www.purejewels.com\/product\/box-chain-in-22-karat-gold-55621\/","name":"Boxkette aus 22 Karat Gold | Punzierte 22ct Goldkette","isPartOf":{"@id":"https:\/\/www.purejewels.com\/#website"},"primaryImageOfPage":{"@id":"https:\/\/www.purejewels.com\/product\/box-chain-in-22-karat-gold-55621\/#primaryimage"},"image":{"@id":"https:\/\/www.purejewels.com\/product\/box-chain-in-22-karat-gold-55621\/#primaryimage"},"thumbnailUrl":"https:\/\/static.purejewels.com\/wp-content\/uploads\/2021\/04\/33032-1.jpg","datePublished":"2026-01-11T10:34:59+00:00","dateModified":"2026-05-11T09:55:41+00:00","description":"Entdecken Sie die Eleganz der Box Chain in 22 Karat Gold, die aus strahlendem, gepunztem 22-kar\u00e4tigem Gold mit schlanken, geometrischen Gliedern gefertigt ist.","breadcrumb":{"@id":"https:\/\/www.purejewels.com\/product\/box-chain-in-22-karat-gold-55621\/#breadcrumb"},"inLanguage":"de","potentialAction":[{"@type":"ReadAction","target":["https:\/\/www.purejewels.com\/product\/box-chain-in-22-karat-gold-55621\/"]}]},{"@type":"ImageObject","inLanguage":"de","@id":"https:\/\/www.purejewels.com\/product\/box-chain-in-22-karat-gold-55621\/#primaryimage","url":"https:\/\/static.purejewels.com\/wp-content\/uploads\/2021\/04\/33032-1.jpg","contentUrl":"https:\/\/static.purejewels.com\/wp-content\/uploads\/2021\/04\/33032-1.jpg","width":1000,"height":1000,"caption":"18ct Yellow Gold Box Chain | 18 Inches"},{"@type":"BreadcrumbList","@id":"https:\/\/www.purejewels.com\/product\/box-chain-in-22-karat-gold-55621\/#breadcrumb","itemListElement":[{"@type":"ListItem","position":1,"name":"Home","item":"https:\/\/www.purejewels.com\/"},{"@type":"ListItem","position":2,"name":"Shop","item":"https:\/\/www.purejewels.com\/shop\/"},{"@type":"ListItem","position":3,"name":"Box Chain in 22 Karat Gold"}]},{"@type":"WebSite","@id":"https:\/\/www.purejewels.com\/#website","url":"https:\/\/www.purejewels.com\/","name":"PureJewels UK","description":"Teile die Liebe","publisher":{"@id":"https:\/\/www.purejewels.com\/#organization"},"potentialAction":[{"@type":"SearchAction","target":{"@type":"EntryPoint","urlTemplate":"https:\/\/www.purejewels.com\/?s={search_term_string}"},"query-input":{"@type":"PropertyValueSpecification","valueRequired":true,"valueName":"search_term_string"}}],"inLanguage":"de"},{"@type":"Organization","@id":"https:\/\/www.purejewels.com\/#organization","name":"PureJewels UK","url":"https:\/\/www.purejewels.com\/","logo":{"@type":"ImageObject","inLanguage":"de","@id":"https:\/\/www.purejewels.com\/#\/schema\/logo\/image\/","url":"https:\/\/static.purejewels.com\/wp-content\/uploads\/2020\/11\/Logo-PJ-New-1.png","contentUrl":"https:\/\/static.purejewels.com\/wp-content\/uploads\/2020\/11\/Logo-PJ-New-1.png","width":150,"height":80,"caption":"PureJewels UK"},"image":{"@id":"https:\/\/www.purejewels.com\/#\/schema\/logo\/image\/"}}]}},"_links":{"self":[{"href":"https:\/\/www.purejewels.com\/de\/wp-json\/wp\/v2\/product\/429624","targetHints":{"allow":["GET"]}}],"collection":[{"href":"https:\/\/www.purejewels.com\/de\/wp-json\/wp\/v2\/product"}],"about":[{"href":"https:\/\/www.purejewels.com\/de\/wp-json\/wp\/v2\/types\/product"}],"replies":[{"embeddable":true,"href":"https:\/\/www.purejewels.com\/de\/wp-json\/wp\/v2\/comments?post=429624"}],"version-history":[{"count":1,"href":"https:\/\/www.purejewels.com\/de\/wp-json\/wp\/v2\/product\/429624\/revisions"}],"predecessor-version":[{"id":429627,"href":"https:\/\/www.purejewels.com\/de\/wp-json\/wp\/v2\/product\/429624\/revisions\/429627"}],"wp:featuredmedia":[{"embeddable":true,"href":"https:\/\/www.purejewels.com\/de\/wp-json\/wp\/v2\/media\/327533"}],"wp:attachment":[{"href":"https:\/\/www.purejewels.com\/de\/wp-json\/wp\/v2\/media?parent=429624"}],"wp:term":[{"taxonomy":"product_brand","embeddable":true,"href":"https:\/\/www.purejewels.com\/de\/wp-json\/wp\/v2\/product_brand?post=429624"},{"taxonomy":"product_cat","embeddable":true,"href":"https:\/\/www.purejewels.com\/de\/wp-json\/wp\/v2\/product_cat?post=429624"},{"taxonomy":"product_tag","embeddable":true,"href":"https:\/\/www.purejewels.com\/de\/wp-json\/wp\/v2\/product_tag?post=429624"}],"curies":[{"name":"wp","href":"https:\/\/api.w.org\/{rel}","templated":true}]}}