{"id":429644,"date":"2026-01-12T06:21:05","date_gmt":"2026-01-12T06:21:05","guid":{"rendered":"https:\/\/www.purejewels.com\/?post_type=product&#038;p=429644"},"modified":"2026-05-12T06:29:58","modified_gmt":"2026-05-12T05:29:58","slug":"22-karat-gold-kette-uk-18-zoll-55623","status":"publish","type":"product","link":"https:\/\/www.purejewels.com\/de\/product\/22-karat-gold-chain-uk-18-inch-55623\/","title":{"rendered":"22 Karat Gold Kette UK | 18 Zoll"},"content":{"rendered":"<h3 data-section-id=\"1qj9e1g\" data-start=\"1236\" data-end=\"1256\">Designkonzept<\/h3>\n<p data-start=\"1257\" data-end=\"1562\">Inspiriert von klaren Linien und flie\u00dfenden Bewegungen, ist die Kette so gestaltet, dass sie sich elegant, leicht und m\u00fchelos tragen l\u00e4sst. Die raffinierte Struktur l\u00e4sst die W\u00e4rme und den nat\u00fcrlichen Glanz von 22-kar\u00e4tigem Gold in den Vordergrund treten und schafft so ein zeitloses Schmuckst\u00fcck, das sich sowohl f\u00fcr den Alltag als auch f\u00fcr besondere Anl\u00e4sse eignet.<\/p>\n<h3 data-section-id=\"n147pz\" data-start=\"1564\" data-end=\"1583\">Handwerkliches K\u00f6nnen<\/h3>\n<p data-start=\"1584\" data-end=\"1991\">Die fachm\u00e4nnisch aus gepunztem 22-kar\u00e4tigem Gold gefertigte Kette spiegelt Generationen von Schmuckexpertise und akribische Liebe zum Detail wider. Jedes einzelne Glied wird sorgf\u00e4ltig zusammengef\u00fcgt und poliert, um einen flie\u00dfenden \u00dcbergang, ein angenehmes Tragegef\u00fchl und ein gl\u00e4nzendes Finish zu erzielen. Verwurzelt in der traditionellen Handwerkskunst, verk\u00f6rpert jedes St\u00fcck PureJewels\u2019 Engagement f\u00fcr Qualit\u00e4t, Authentizit\u00e4t und Kunstfertigkeit.<\/p>\n<h3 data-section-id=\"11x20r2\" data-start=\"1993\" data-end=\"2012\">Styling-Ideen<\/h3>\n<p data-start=\"2013\" data-end=\"2357\">Diese Kette aus 22-kar\u00e4tigem Gold kann allein getragen werden, um ihr eine raffinierte, minimalistische Eleganz zu verleihen, oder mit bedeutungsvollen Anh\u00e4ngern wie Initialen, Edelsteinen oder symbolischen Motiven kombiniert werden, um ihr eine pers\u00f6nliche Note zu verleihen. Sie l\u00e4sst sich wunderbar mit k\u00fcrzeren und l\u00e4ngeren Goldketten kombinieren und eignet sich perfekt f\u00fcr ein modernes, gestapeltes Styling, ist aber auch zeitlos genug f\u00fcr traditionelle Anl\u00e4sse.<\/p>","protected":false},"excerpt":{"rendered":"<p>Entdecken Sie zeitlose Eleganz mit dieser Kette aus 22 Karat Gold, die in Gro\u00dfbritannien in Handarbeit aus strahlendem, gepunztem Gold hergestellt wird. Diese luxuri\u00f6se Kette wurde mit Blick auf raffinierte Handwerkskunst und vielseitiges Styling entworfen und eignet sich perfekt f\u00fcr den Alltag, zum Tragen in Schichten oder zum Kombinieren mit bedeutungsvollen Anh\u00e4ngern.<\/p>\n<p><strong>Material<\/strong>22ct Gold (91,6% reines Gold)<br \/>\n<strong>Wahrzeichen<\/strong>: Britisches G\u00fctesiegel<br \/>\n<strong>Gewicht <\/strong>: 6,44 Gramm<br \/>\n<b>Dicke<\/b>: 1.3mm<br \/>\n<strong>L\u00e4nge:<\/strong> 18 Zoll<br \/>\n<strong>SKU:<\/strong> 55623<\/p>\n<p><strong>Preis und Lieferung:<\/strong>\u00a0Inklusive Mehrwertsteuer und Lieferkosten<br \/>\n<a href=\"https:\/\/www.purejewels.com\/de\/ruckgabepolitik\/\">R\u00fcckgabepolitik<\/a><\/p>","protected":false},"featured_media":327533,"comment_status":"closed","ping_status":"closed","template":"","meta":{"_eb_attr":"","_crsspst_to_jayantr4sg-hostcom":true},"product_brand":[],"product_cat":[5014,1559,5267,1794,1793,1475,1229,1773,1575,1574,5349],"product_tag":[3990,65,1430],"class_list":{"0":"post-429644","1":"product","2":"type-product","3":"status-publish","4":"has-post-thumbnail","6":"product_cat-18-inch-ladies-chain","7":"product_cat-birthday-gifts","8":"product_cat-box-chain","9":"product_cat-christmas-gifts","10":"product_cat-diwali-gifts","11":"product_cat-gold-chains","12":"product_cat-22ct-gold-jewellery","13":"product_cat-ladies-chains","14":"product_cat-teenage-jewellery","15":"product_cat-womens-jewellery","16":"product_cat-yellow-gold-jewellery","17":"product_tag-22-carat-gold-chain","18":"product_tag-chains","19":"product_tag-diwali-gift","21":"first","22":"instock","23":"taxable","24":"shipping-taxable","25":"purchasable","26":"product-type-simple","27":"add-to-wishlist-before_image"},"yoast_head":"<!-- This site is optimized with the Yoast SEO plugin v27.5 - https:\/\/yoast.com\/product\/yoast-seo-wordpress\/ -->\n<title>22 Karat Gold Chain UK | PureJewels London<\/title>\n<meta name=\"description\" content=\"Explore handcrafted 22 Karat Gold Chains in the UK at PureJewels London. Discover elegant hallmarked 22ct gold chains designed for everyday luxury.\" \/>\n<meta name=\"robots\" content=\"index, follow, max-snippet:-1, max-image-preview:large, max-video-preview:-1\" \/>\n<link rel=\"canonical\" href=\"https:\/\/www.purejewels.com\/de\/produkt-2\/22-karat-gold-kette-uk-18-zoll-55623\/\" \/>\n<meta property=\"og:locale\" content=\"de_DE\" \/>\n<meta property=\"og:type\" content=\"article\" \/>\n<meta property=\"og:title\" content=\"22 Karat Gold Chain UK | PureJewels London\" \/>\n<meta property=\"og:description\" content=\"Explore handcrafted 22 Karat Gold Chains in the UK at PureJewels London. Discover elegant hallmarked 22ct gold chains designed for everyday luxury.\" \/>\n<meta property=\"og:url\" content=\"https:\/\/www.purejewels.com\/de\/produkt-2\/22-karat-gold-kette-uk-18-zoll-55623\/\" \/>\n<meta property=\"og:site_name\" content=\"PureJewels UK\" \/>\n<meta property=\"article:modified_time\" content=\"2026-05-12T05:29:58+00:00\" \/>\n<meta property=\"og:image\" content=\"https:\/\/static.purejewels.com\/wp-content\/uploads\/2021\/04\/33032-1.jpg\" \/>\n\t<meta property=\"og:image:width\" content=\"1000\" \/>\n\t<meta property=\"og:image:height\" content=\"1000\" \/>\n\t<meta property=\"og:image:type\" content=\"image\/jpeg\" \/>\n<meta name=\"twitter:card\" content=\"summary_large_image\" \/>\n<meta name=\"twitter:label1\" content=\"Gesch\u00e4tzte Lesezeit\" \/>\n\t<meta name=\"twitter:data1\" content=\"1\u00a0Minute\" \/>\n<script type=\"application\/ld+json\" class=\"yoast-schema-graph\">{\"@context\":\"https:\\\/\\\/schema.org\",\"@graph\":[{\"@type\":[\"WebPage\",\"ItemPage\"],\"@id\":\"https:\\\/\\\/www.purejewels.com\\\/product\\\/22-karat-gold-chain-uk-18-inch-55623\\\/\",\"url\":\"https:\\\/\\\/www.purejewels.com\\\/product\\\/22-karat-gold-chain-uk-18-inch-55623\\\/\",\"name\":\"22 Karat Gold Chain UK | PureJewels London\",\"isPartOf\":{\"@id\":\"https:\\\/\\\/www.purejewels.com\\\/#website\"},\"primaryImageOfPage\":{\"@id\":\"https:\\\/\\\/www.purejewels.com\\\/product\\\/22-karat-gold-chain-uk-18-inch-55623\\\/#primaryimage\"},\"image\":{\"@id\":\"https:\\\/\\\/www.purejewels.com\\\/product\\\/22-karat-gold-chain-uk-18-inch-55623\\\/#primaryimage\"},\"thumbnailUrl\":\"https:\\\/\\\/static.purejewels.com\\\/wp-content\\\/uploads\\\/2021\\\/04\\\/33032-1.jpg\",\"datePublished\":\"2026-01-12T06:21:05+00:00\",\"dateModified\":\"2026-05-12T05:29:58+00:00\",\"description\":\"Explore handcrafted 22 Karat Gold Chains in the UK at PureJewels London. Discover elegant hallmarked 22ct gold chains designed for everyday luxury.\",\"breadcrumb\":{\"@id\":\"https:\\\/\\\/www.purejewels.com\\\/product\\\/22-karat-gold-chain-uk-18-inch-55623\\\/#breadcrumb\"},\"inLanguage\":\"de\",\"potentialAction\":[{\"@type\":\"ReadAction\",\"target\":[\"https:\\\/\\\/www.purejewels.com\\\/product\\\/22-karat-gold-chain-uk-18-inch-55623\\\/\"]}]},{\"@type\":\"ImageObject\",\"inLanguage\":\"de\",\"@id\":\"https:\\\/\\\/www.purejewels.com\\\/product\\\/22-karat-gold-chain-uk-18-inch-55623\\\/#primaryimage\",\"url\":\"https:\\\/\\\/static.purejewels.com\\\/wp-content\\\/uploads\\\/2021\\\/04\\\/33032-1.jpg\",\"contentUrl\":\"https:\\\/\\\/static.purejewels.com\\\/wp-content\\\/uploads\\\/2021\\\/04\\\/33032-1.jpg\",\"width\":1000,\"height\":1000,\"caption\":\"18ct Yellow Gold Box Chain | 18 Inches\"},{\"@type\":\"BreadcrumbList\",\"@id\":\"https:\\\/\\\/www.purejewels.com\\\/product\\\/22-karat-gold-chain-uk-18-inch-55623\\\/#breadcrumb\",\"itemListElement\":[{\"@type\":\"ListItem\",\"position\":1,\"name\":\"Home\",\"item\":\"https:\\\/\\\/www.purejewels.com\\\/\"},{\"@type\":\"ListItem\",\"position\":2,\"name\":\"Shop\",\"item\":\"https:\\\/\\\/www.purejewels.com\\\/shop\\\/\"},{\"@type\":\"ListItem\",\"position\":3,\"name\":\"22 Karat Gold Chain UK | 18 Inch\"}]},{\"@type\":\"WebSite\",\"@id\":\"https:\\\/\\\/www.purejewels.com\\\/#website\",\"url\":\"https:\\\/\\\/www.purejewels.com\\\/\",\"name\":\"PureJewels UK\",\"description\":\"Share the Love\",\"publisher\":{\"@id\":\"https:\\\/\\\/www.purejewels.com\\\/#organization\"},\"potentialAction\":[{\"@type\":\"SearchAction\",\"target\":{\"@type\":\"EntryPoint\",\"urlTemplate\":\"https:\\\/\\\/www.purejewels.com\\\/?s={search_term_string}\"},\"query-input\":{\"@type\":\"PropertyValueSpecification\",\"valueRequired\":true,\"valueName\":\"search_term_string\"}}],\"inLanguage\":\"de\"},{\"@type\":\"Organization\",\"@id\":\"https:\\\/\\\/www.purejewels.com\\\/#organization\",\"name\":\"PureJewels UK\",\"url\":\"https:\\\/\\\/www.purejewels.com\\\/\",\"logo\":{\"@type\":\"ImageObject\",\"inLanguage\":\"de\",\"@id\":\"https:\\\/\\\/www.purejewels.com\\\/#\\\/schema\\\/logo\\\/image\\\/\",\"url\":\"https:\\\/\\\/static.purejewels.com\\\/wp-content\\\/uploads\\\/2020\\\/11\\\/Logo-PJ-New-1.png\",\"contentUrl\":\"https:\\\/\\\/static.purejewels.com\\\/wp-content\\\/uploads\\\/2020\\\/11\\\/Logo-PJ-New-1.png\",\"width\":150,\"height\":80,\"caption\":\"PureJewels UK\"},\"image\":{\"@id\":\"https:\\\/\\\/www.purejewels.com\\\/#\\\/schema\\\/logo\\\/image\\\/\"}}]}<\/script>\n<!-- \/ Yoast SEO plugin. -->","yoast_head_json":{"title":"22 Karat Goldkette UK | PureJewels London","description":"Entdecken Sie handgefertigte 22 Karat Goldketten in Gro\u00dfbritannien bei PureJewels London. Entdecken Sie elegante, gepunzte 22 Karat Goldketten f\u00fcr den t\u00e4glichen Luxus.","robots":{"index":"index","follow":"follow","max-snippet":"max-snippet:-1","max-image-preview":"max-image-preview:large","max-video-preview":"max-video-preview:-1"},"canonical":"https:\/\/www.purejewels.com\/de\/produkt-2\/22-karat-gold-kette-uk-18-zoll-55623\/","og_locale":"de_DE","og_type":"article","og_title":"22 Karat Gold Chain UK | PureJewels London","og_description":"Explore handcrafted 22 Karat Gold Chains in the UK at PureJewels London. Discover elegant hallmarked 22ct gold chains designed for everyday luxury.","og_url":"https:\/\/www.purejewels.com\/de\/produkt-2\/22-karat-gold-kette-uk-18-zoll-55623\/","og_site_name":"PureJewels UK","article_modified_time":"2026-05-12T05:29:58+00:00","og_image":[{"width":1000,"height":1000,"url":"https:\/\/static.purejewels.com\/wp-content\/uploads\/2021\/04\/33032-1.jpg","type":"image\/jpeg"}],"twitter_card":"summary_large_image","twitter_misc":{"Gesch\u00e4tzte Lesezeit":"1\u00a0Minute"},"schema":{"@context":"https:\/\/schema.org","@graph":[{"@type":["WebPage","ItemPage"],"@id":"https:\/\/www.purejewels.com\/product\/22-karat-gold-chain-uk-18-inch-55623\/","url":"https:\/\/www.purejewels.com\/product\/22-karat-gold-chain-uk-18-inch-55623\/","name":"22 Karat Goldkette UK | PureJewels London","isPartOf":{"@id":"https:\/\/www.purejewels.com\/#website"},"primaryImageOfPage":{"@id":"https:\/\/www.purejewels.com\/product\/22-karat-gold-chain-uk-18-inch-55623\/#primaryimage"},"image":{"@id":"https:\/\/www.purejewels.com\/product\/22-karat-gold-chain-uk-18-inch-55623\/#primaryimage"},"thumbnailUrl":"https:\/\/static.purejewels.com\/wp-content\/uploads\/2021\/04\/33032-1.jpg","datePublished":"2026-01-12T06:21:05+00:00","dateModified":"2026-05-12T05:29:58+00:00","description":"Entdecken Sie handgefertigte 22 Karat Goldketten in Gro\u00dfbritannien bei PureJewels London. Entdecken Sie elegante, gepunzte 22 Karat Goldketten f\u00fcr den t\u00e4glichen Luxus.","breadcrumb":{"@id":"https:\/\/www.purejewels.com\/product\/22-karat-gold-chain-uk-18-inch-55623\/#breadcrumb"},"inLanguage":"de","potentialAction":[{"@type":"ReadAction","target":["https:\/\/www.purejewels.com\/product\/22-karat-gold-chain-uk-18-inch-55623\/"]}]},{"@type":"ImageObject","inLanguage":"de","@id":"https:\/\/www.purejewels.com\/product\/22-karat-gold-chain-uk-18-inch-55623\/#primaryimage","url":"https:\/\/static.purejewels.com\/wp-content\/uploads\/2021\/04\/33032-1.jpg","contentUrl":"https:\/\/static.purejewels.com\/wp-content\/uploads\/2021\/04\/33032-1.jpg","width":1000,"height":1000,"caption":"18ct Yellow Gold Box Chain | 18 Inches"},{"@type":"BreadcrumbList","@id":"https:\/\/www.purejewels.com\/product\/22-karat-gold-chain-uk-18-inch-55623\/#breadcrumb","itemListElement":[{"@type":"ListItem","position":1,"name":"Home","item":"https:\/\/www.purejewels.com\/"},{"@type":"ListItem","position":2,"name":"Shop","item":"https:\/\/www.purejewels.com\/shop\/"},{"@type":"ListItem","position":3,"name":"22 Karat Gold Chain UK | 18 Inch"}]},{"@type":"WebSite","@id":"https:\/\/www.purejewels.com\/#website","url":"https:\/\/www.purejewels.com\/","name":"PureJewels UK","description":"Teile die Liebe","publisher":{"@id":"https:\/\/www.purejewels.com\/#organization"},"potentialAction":[{"@type":"SearchAction","target":{"@type":"EntryPoint","urlTemplate":"https:\/\/www.purejewels.com\/?s={search_term_string}"},"query-input":{"@type":"PropertyValueSpecification","valueRequired":true,"valueName":"search_term_string"}}],"inLanguage":"de"},{"@type":"Organization","@id":"https:\/\/www.purejewels.com\/#organization","name":"PureJewels UK","url":"https:\/\/www.purejewels.com\/","logo":{"@type":"ImageObject","inLanguage":"de","@id":"https:\/\/www.purejewels.com\/#\/schema\/logo\/image\/","url":"https:\/\/static.purejewels.com\/wp-content\/uploads\/2020\/11\/Logo-PJ-New-1.png","contentUrl":"https:\/\/static.purejewels.com\/wp-content\/uploads\/2020\/11\/Logo-PJ-New-1.png","width":150,"height":80,"caption":"PureJewels UK"},"image":{"@id":"https:\/\/www.purejewels.com\/#\/schema\/logo\/image\/"}}]}},"_links":{"self":[{"href":"https:\/\/www.purejewels.com\/de\/wp-json\/wp\/v2\/product\/429644","targetHints":{"allow":["GET"]}}],"collection":[{"href":"https:\/\/www.purejewels.com\/de\/wp-json\/wp\/v2\/product"}],"about":[{"href":"https:\/\/www.purejewels.com\/de\/wp-json\/wp\/v2\/types\/product"}],"replies":[{"embeddable":true,"href":"https:\/\/www.purejewels.com\/de\/wp-json\/wp\/v2\/comments?post=429644"}],"version-history":[{"count":2,"href":"https:\/\/www.purejewels.com\/de\/wp-json\/wp\/v2\/product\/429644\/revisions"}],"predecessor-version":[{"id":429646,"href":"https:\/\/www.purejewels.com\/de\/wp-json\/wp\/v2\/product\/429644\/revisions\/429646"}],"wp:featuredmedia":[{"embeddable":true,"href":"https:\/\/www.purejewels.com\/de\/wp-json\/wp\/v2\/media\/327533"}],"wp:attachment":[{"href":"https:\/\/www.purejewels.com\/de\/wp-json\/wp\/v2\/media?parent=429644"}],"wp:term":[{"taxonomy":"product_brand","embeddable":true,"href":"https:\/\/www.purejewels.com\/de\/wp-json\/wp\/v2\/product_brand?post=429644"},{"taxonomy":"product_cat","embeddable":true,"href":"https:\/\/www.purejewels.com\/de\/wp-json\/wp\/v2\/product_cat?post=429644"},{"taxonomy":"product_tag","embeddable":true,"href":"https:\/\/www.purejewels.com\/de\/wp-json\/wp\/v2\/product_tag?post=429644"}],"curies":[{"name":"wp","href":"https:\/\/api.w.org\/{rel}","templated":true}]}}