{"id":429651,"date":"2025-01-12T07:30:58","date_gmt":"2025-01-12T07:30:58","guid":{"rendered":"https:\/\/www.purejewels.com\/?post_type=product&#038;p=429651"},"modified":"2026-05-12T08:09:46","modified_gmt":"2026-05-12T07:09:46","slug":"minimal-22ct-gelbgold-box-kette-55616","status":"publish","type":"product","link":"https:\/\/www.purejewels.com\/de\/product\/minimal-22ct-yellow-gold-box-chain-55616\/","title":{"rendered":"Minimal 22ct Gelbgold Double Box Kette"},"content":{"rendered":"<h3 data-section-id=\"1qj9e1g\" data-start=\"1242\" data-end=\"1262\">Designkonzept<\/h3>\n<p data-start=\"1263\" data-end=\"1559\">Inspiriert von klaren Linien und ausgewogener Symmetrie, steht die Kastenkette f\u00fcr modernen Minimalismus und ehrt gleichzeitig die zeitlose Sch\u00f6nheit von traditionellem Goldschmuck. Die strukturierten, kastenf\u00f6rmigen Glieder sorgen f\u00fcr ein elegantes und poliertes Erscheinungsbild und bieten eine raffinierte Schlichtheit, die jeden Stil m\u00fchelos erg\u00e4nzt.<\/p>\n<h3 data-section-id=\"n147pz\" data-start=\"1561\" data-end=\"1580\">Handwerkliches K\u00f6nnen<\/h3>\n<p data-start=\"1581\" data-end=\"1917\">Die fachm\u00e4nnisch aus 22-kar\u00e4tigem Gelbgold gefertigten Glieder werden sorgf\u00e4ltig zusammengesetzt und poliert, um eine reibungslose Bewegung, dauerhaften Komfort und Haltbarkeit zu gew\u00e4hrleisten. Verwurzelt in Generationen von Schmuckhandwerk, spiegelt die Kette das Engagement von PureJewels f\u00fcr traditionelle Kunstfertigkeit, Pr\u00e4zision und luxuri\u00f6se Verarbeitung wider.<\/p>\n<h3 data-section-id=\"11x20r2\" data-start=\"1919\" data-end=\"1938\">Styling-Ideen<\/h3>\n<p data-start=\"1939\" data-end=\"2276\">Kombinieren Sie die Minimal 22ct Yellow Gold Box Chain mit zarten Anh\u00e4ngern wie Initialen, Diamanten oder symbolischen Anh\u00e4ngern, um ihr eine pers\u00f6nliche Note zu verleihen. Ihre schlichte Silhouette l\u00e4sst sich wunderbar mit strukturierten Ketten kombinieren und erg\u00e4nzt sowohl moderne als auch traditionelle Garderoben mit m\u00fcheloser Eleganz.<\/p>","protected":false},"excerpt":{"rendered":"<p>Die schlichte, elegante Minimal 22ct Yellow Gold Box Chain ist aus leuchtendem, gepunztem Gold mit schlanken, kastenf\u00f6rmigen Gliedern gefertigt und sorgt f\u00fcr einen raffinierten Alltagslook. Sie ist leicht, vielseitig und zeitlos und eignet sich perfekt zum Tragen von Lagen, Anh\u00e4ngern oder minimalistischen Accessoires.<\/p>\n<p><strong>Material<\/strong>22ct Gold (91,6% reines Gold)<br \/>\n<strong>Wahrzeichen<\/strong>: Britisches G\u00fctesiegel<br \/>\n<strong>Gewicht <\/strong>: 4.37 Gms<br \/>\n<b>Dicke<\/b>: 1.4mm<br \/>\n<strong>L\u00e4nge:<\/strong> 16 Zoll<br \/>\n<strong>SKU:<\/strong> 55616, 55633<\/p>\n<p><strong>Preis und Lieferung:<\/strong>\u00a0Inklusive Mehrwertsteuer und Lieferkosten<br \/>\n<a href=\"https:\/\/www.purejewels.com\/de\/ruckgabepolitik\/\">R\u00fcckgabepolitik<\/a><\/p>","protected":false},"featured_media":429653,"comment_status":"closed","ping_status":"closed","template":"","meta":{"_eb_attr":"","_crsspst_to_jayantr4sg-hostcom":true},"product_brand":[],"product_cat":[5013,1559,5267,1794,1793,1475,1229,1773,1575,1574,5349],"product_tag":[3990,65,1430],"class_list":{"0":"post-429651","1":"product","2":"type-product","3":"status-publish","4":"has-post-thumbnail","6":"product_cat-16-inch-ladies-chain","7":"product_cat-birthday-gifts","8":"product_cat-box-chain","9":"product_cat-christmas-gifts","10":"product_cat-diwali-gifts","11":"product_cat-gold-chains","12":"product_cat-22ct-gold-jewellery","13":"product_cat-ladies-chains","14":"product_cat-teenage-jewellery","15":"product_cat-womens-jewellery","16":"product_cat-yellow-gold-jewellery","17":"product_tag-22-carat-gold-chain","18":"product_tag-chains","19":"product_tag-diwali-gift","21":"first","22":"instock","23":"taxable","24":"shipping-taxable","25":"purchasable","26":"product-type-simple","27":"add-to-wishlist-before_image"},"yoast_head":"<!-- This site is optimized with the Yoast SEO plugin v27.5 - https:\/\/yoast.com\/product\/yoast-seo-wordpress\/ -->\n<title>Minimal 22ct Yellow Gold Box Chain | PureJewels<\/title>\n<meta name=\"description\" content=\"Discover the Minimal 22ct Yellow Gold Box Chain, crafted in radiant hallmarked gold with sleek geometric links. Shop this Chain online.\" \/>\n<meta name=\"robots\" content=\"index, follow, max-snippet:-1, max-image-preview:large, max-video-preview:-1\" \/>\n<link rel=\"canonical\" href=\"https:\/\/www.purejewels.com\/de\/produkt-2\/minimal-22ct-gelbgold-box-kette-55616\/\" \/>\n<meta property=\"og:locale\" content=\"de_DE\" \/>\n<meta property=\"og:type\" content=\"article\" \/>\n<meta property=\"og:title\" content=\"Minimal 22ct Yellow Gold Box Chain | PureJewels\" \/>\n<meta property=\"og:description\" content=\"Discover the Minimal 22ct Yellow Gold Box Chain, crafted in radiant hallmarked gold with sleek geometric links. Shop this Chain online.\" \/>\n<meta property=\"og:url\" content=\"https:\/\/www.purejewels.com\/de\/produkt-2\/minimal-22ct-gelbgold-box-kette-55616\/\" \/>\n<meta property=\"og:site_name\" content=\"PureJewels UK\" \/>\n<meta property=\"article:modified_time\" content=\"2026-05-12T07:09:46+00:00\" \/>\n<meta property=\"og:image\" content=\"https:\/\/static.purejewels.com\/wp-content\/uploads\/2026\/05\/double-box-chain-.jpg\" \/>\n\t<meta property=\"og:image:width\" content=\"1000\" \/>\n\t<meta property=\"og:image:height\" content=\"1000\" \/>\n\t<meta property=\"og:image:type\" content=\"image\/jpeg\" \/>\n<meta name=\"twitter:card\" content=\"summary_large_image\" \/>\n<meta name=\"twitter:label1\" content=\"Gesch\u00e4tzte Lesezeit\" \/>\n\t<meta name=\"twitter:data1\" content=\"1\u00a0Minute\" \/>\n<script type=\"application\/ld+json\" class=\"yoast-schema-graph\">{\"@context\":\"https:\\\/\\\/schema.org\",\"@graph\":[{\"@type\":[\"WebPage\",\"ItemPage\"],\"@id\":\"https:\\\/\\\/www.purejewels.com\\\/product\\\/minimal-22ct-yellow-gold-box-chain-55616\\\/\",\"url\":\"https:\\\/\\\/www.purejewels.com\\\/product\\\/minimal-22ct-yellow-gold-box-chain-55616\\\/\",\"name\":\"Minimal 22ct Yellow Gold Box Chain | PureJewels\",\"isPartOf\":{\"@id\":\"https:\\\/\\\/www.purejewels.com\\\/#website\"},\"primaryImageOfPage\":{\"@id\":\"https:\\\/\\\/www.purejewels.com\\\/product\\\/minimal-22ct-yellow-gold-box-chain-55616\\\/#primaryimage\"},\"image\":{\"@id\":\"https:\\\/\\\/www.purejewels.com\\\/product\\\/minimal-22ct-yellow-gold-box-chain-55616\\\/#primaryimage\"},\"thumbnailUrl\":\"https:\\\/\\\/static.purejewels.com\\\/wp-content\\\/uploads\\\/2026\\\/05\\\/double-box-chain-.jpg\",\"datePublished\":\"2025-01-12T07:30:58+00:00\",\"dateModified\":\"2026-05-12T07:09:46+00:00\",\"description\":\"Discover the Minimal 22ct Yellow Gold Box Chain, crafted in radiant hallmarked gold with sleek geometric links. Shop this Chain online.\",\"breadcrumb\":{\"@id\":\"https:\\\/\\\/www.purejewels.com\\\/product\\\/minimal-22ct-yellow-gold-box-chain-55616\\\/#breadcrumb\"},\"inLanguage\":\"de\",\"potentialAction\":[{\"@type\":\"ReadAction\",\"target\":[\"https:\\\/\\\/www.purejewels.com\\\/product\\\/minimal-22ct-yellow-gold-box-chain-55616\\\/\"]}]},{\"@type\":\"ImageObject\",\"inLanguage\":\"de\",\"@id\":\"https:\\\/\\\/www.purejewels.com\\\/product\\\/minimal-22ct-yellow-gold-box-chain-55616\\\/#primaryimage\",\"url\":\"https:\\\/\\\/static.purejewels.com\\\/wp-content\\\/uploads\\\/2026\\\/05\\\/double-box-chain-.jpg\",\"contentUrl\":\"https:\\\/\\\/static.purejewels.com\\\/wp-content\\\/uploads\\\/2026\\\/05\\\/double-box-chain-.jpg\",\"width\":1000,\"height\":1000,\"caption\":\"Stacked from 8 images. Method=B (R=8,S=4)\"},{\"@type\":\"BreadcrumbList\",\"@id\":\"https:\\\/\\\/www.purejewels.com\\\/product\\\/minimal-22ct-yellow-gold-box-chain-55616\\\/#breadcrumb\",\"itemListElement\":[{\"@type\":\"ListItem\",\"position\":1,\"name\":\"Home\",\"item\":\"https:\\\/\\\/www.purejewels.com\\\/\"},{\"@type\":\"ListItem\",\"position\":2,\"name\":\"Shop\",\"item\":\"https:\\\/\\\/www.purejewels.com\\\/shop\\\/\"},{\"@type\":\"ListItem\",\"position\":3,\"name\":\"Minimal 22ct Yellow Gold Double Box Chain\"}]},{\"@type\":\"WebSite\",\"@id\":\"https:\\\/\\\/www.purejewels.com\\\/#website\",\"url\":\"https:\\\/\\\/www.purejewels.com\\\/\",\"name\":\"PureJewels UK\",\"description\":\"Share the Love\",\"publisher\":{\"@id\":\"https:\\\/\\\/www.purejewels.com\\\/#organization\"},\"potentialAction\":[{\"@type\":\"SearchAction\",\"target\":{\"@type\":\"EntryPoint\",\"urlTemplate\":\"https:\\\/\\\/www.purejewels.com\\\/?s={search_term_string}\"},\"query-input\":{\"@type\":\"PropertyValueSpecification\",\"valueRequired\":true,\"valueName\":\"search_term_string\"}}],\"inLanguage\":\"de\"},{\"@type\":\"Organization\",\"@id\":\"https:\\\/\\\/www.purejewels.com\\\/#organization\",\"name\":\"PureJewels UK\",\"url\":\"https:\\\/\\\/www.purejewels.com\\\/\",\"logo\":{\"@type\":\"ImageObject\",\"inLanguage\":\"de\",\"@id\":\"https:\\\/\\\/www.purejewels.com\\\/#\\\/schema\\\/logo\\\/image\\\/\",\"url\":\"https:\\\/\\\/static.purejewels.com\\\/wp-content\\\/uploads\\\/2020\\\/11\\\/Logo-PJ-New-1.png\",\"contentUrl\":\"https:\\\/\\\/static.purejewels.com\\\/wp-content\\\/uploads\\\/2020\\\/11\\\/Logo-PJ-New-1.png\",\"width\":150,\"height\":80,\"caption\":\"PureJewels UK\"},\"image\":{\"@id\":\"https:\\\/\\\/www.purejewels.com\\\/#\\\/schema\\\/logo\\\/image\\\/\"}}]}<\/script>\n<!-- \/ Yoast SEO plugin. -->","yoast_head_json":{"title":"Minimal 22ct Gelbgold Box Kette | PureJewels","description":"Entdecken Sie die Minimal 22ct Yellow Gold Box Chain, die aus strahlendem, gepunztem Gold mit schlanken, geometrischen Gliedern gefertigt ist. Kaufen Sie diese Kette online.","robots":{"index":"index","follow":"follow","max-snippet":"max-snippet:-1","max-image-preview":"max-image-preview:large","max-video-preview":"max-video-preview:-1"},"canonical":"https:\/\/www.purejewels.com\/de\/produkt-2\/minimal-22ct-gelbgold-box-kette-55616\/","og_locale":"de_DE","og_type":"article","og_title":"Minimal 22ct Yellow Gold Box Chain | PureJewels","og_description":"Discover the Minimal 22ct Yellow Gold Box Chain, crafted in radiant hallmarked gold with sleek geometric links. Shop this Chain online.","og_url":"https:\/\/www.purejewels.com\/de\/produkt-2\/minimal-22ct-gelbgold-box-kette-55616\/","og_site_name":"PureJewels UK","article_modified_time":"2026-05-12T07:09:46+00:00","og_image":[{"width":1000,"height":1000,"url":"https:\/\/static.purejewels.com\/wp-content\/uploads\/2026\/05\/double-box-chain-.jpg","type":"image\/jpeg"}],"twitter_card":"summary_large_image","twitter_misc":{"Gesch\u00e4tzte Lesezeit":"1\u00a0Minute"},"schema":{"@context":"https:\/\/schema.org","@graph":[{"@type":["WebPage","ItemPage"],"@id":"https:\/\/www.purejewels.com\/product\/minimal-22ct-yellow-gold-box-chain-55616\/","url":"https:\/\/www.purejewels.com\/product\/minimal-22ct-yellow-gold-box-chain-55616\/","name":"Minimal 22ct Gelbgold Box Kette | PureJewels","isPartOf":{"@id":"https:\/\/www.purejewels.com\/#website"},"primaryImageOfPage":{"@id":"https:\/\/www.purejewels.com\/product\/minimal-22ct-yellow-gold-box-chain-55616\/#primaryimage"},"image":{"@id":"https:\/\/www.purejewels.com\/product\/minimal-22ct-yellow-gold-box-chain-55616\/#primaryimage"},"thumbnailUrl":"https:\/\/static.purejewels.com\/wp-content\/uploads\/2026\/05\/double-box-chain-.jpg","datePublished":"2025-01-12T07:30:58+00:00","dateModified":"2026-05-12T07:09:46+00:00","description":"Entdecken Sie die Minimal 22ct Yellow Gold Box Chain, die aus strahlendem, gepunztem Gold mit schlanken, geometrischen Gliedern gefertigt ist. Kaufen Sie diese Kette online.","breadcrumb":{"@id":"https:\/\/www.purejewels.com\/product\/minimal-22ct-yellow-gold-box-chain-55616\/#breadcrumb"},"inLanguage":"de","potentialAction":[{"@type":"ReadAction","target":["https:\/\/www.purejewels.com\/product\/minimal-22ct-yellow-gold-box-chain-55616\/"]}]},{"@type":"ImageObject","inLanguage":"de","@id":"https:\/\/www.purejewels.com\/product\/minimal-22ct-yellow-gold-box-chain-55616\/#primaryimage","url":"https:\/\/static.purejewels.com\/wp-content\/uploads\/2026\/05\/double-box-chain-.jpg","contentUrl":"https:\/\/static.purejewels.com\/wp-content\/uploads\/2026\/05\/double-box-chain-.jpg","width":1000,"height":1000,"caption":"Stacked from 8 images. Method=B (R=8,S=4)"},{"@type":"BreadcrumbList","@id":"https:\/\/www.purejewels.com\/product\/minimal-22ct-yellow-gold-box-chain-55616\/#breadcrumb","itemListElement":[{"@type":"ListItem","position":1,"name":"Home","item":"https:\/\/www.purejewels.com\/"},{"@type":"ListItem","position":2,"name":"Shop","item":"https:\/\/www.purejewels.com\/shop\/"},{"@type":"ListItem","position":3,"name":"Minimal 22ct Yellow Gold Double Box Chain"}]},{"@type":"WebSite","@id":"https:\/\/www.purejewels.com\/#website","url":"https:\/\/www.purejewels.com\/","name":"PureJewels UK","description":"Teile die Liebe","publisher":{"@id":"https:\/\/www.purejewels.com\/#organization"},"potentialAction":[{"@type":"SearchAction","target":{"@type":"EntryPoint","urlTemplate":"https:\/\/www.purejewels.com\/?s={search_term_string}"},"query-input":{"@type":"PropertyValueSpecification","valueRequired":true,"valueName":"search_term_string"}}],"inLanguage":"de"},{"@type":"Organization","@id":"https:\/\/www.purejewels.com\/#organization","name":"PureJewels UK","url":"https:\/\/www.purejewels.com\/","logo":{"@type":"ImageObject","inLanguage":"de","@id":"https:\/\/www.purejewels.com\/#\/schema\/logo\/image\/","url":"https:\/\/static.purejewels.com\/wp-content\/uploads\/2020\/11\/Logo-PJ-New-1.png","contentUrl":"https:\/\/static.purejewels.com\/wp-content\/uploads\/2020\/11\/Logo-PJ-New-1.png","width":150,"height":80,"caption":"PureJewels UK"},"image":{"@id":"https:\/\/www.purejewels.com\/#\/schema\/logo\/image\/"}}]}},"_links":{"self":[{"href":"https:\/\/www.purejewels.com\/de\/wp-json\/wp\/v2\/product\/429651","targetHints":{"allow":["GET"]}}],"collection":[{"href":"https:\/\/www.purejewels.com\/de\/wp-json\/wp\/v2\/product"}],"about":[{"href":"https:\/\/www.purejewels.com\/de\/wp-json\/wp\/v2\/types\/product"}],"replies":[{"embeddable":true,"href":"https:\/\/www.purejewels.com\/de\/wp-json\/wp\/v2\/comments?post=429651"}],"version-history":[{"count":1,"href":"https:\/\/www.purejewels.com\/de\/wp-json\/wp\/v2\/product\/429651\/revisions"}],"predecessor-version":[{"id":429654,"href":"https:\/\/www.purejewels.com\/de\/wp-json\/wp\/v2\/product\/429651\/revisions\/429654"}],"wp:featuredmedia":[{"embeddable":true,"href":"https:\/\/www.purejewels.com\/de\/wp-json\/wp\/v2\/media\/429653"}],"wp:attachment":[{"href":"https:\/\/www.purejewels.com\/de\/wp-json\/wp\/v2\/media?parent=429651"}],"wp:term":[{"taxonomy":"product_brand","embeddable":true,"href":"https:\/\/www.purejewels.com\/de\/wp-json\/wp\/v2\/product_brand?post=429651"},{"taxonomy":"product_cat","embeddable":true,"href":"https:\/\/www.purejewels.com\/de\/wp-json\/wp\/v2\/product_cat?post=429651"},{"taxonomy":"product_tag","embeddable":true,"href":"https:\/\/www.purejewels.com\/de\/wp-json\/wp\/v2\/product_tag?post=429651"}],"curies":[{"name":"wp","href":"https:\/\/api.w.org\/{rel}","templated":true}]}}