{"id":429704,"date":"2026-01-14T05:47:08","date_gmt":"2026-01-14T05:47:08","guid":{"rendered":"https:\/\/www.purejewels.com\/?post_type=product&#038;p=429704"},"modified":"2026-05-14T05:58:01","modified_gmt":"2026-05-14T04:58:01","slug":"22ct-gold-doppelter-chevron-v-ring-55664","status":"publish","type":"product","link":"https:\/\/www.purejewels.com\/de\/product\/22ct-gold-double-chevron-v-ring-55664\/","title":{"rendered":"22ct Gold Doppel Chevron V Ring"},"content":{"rendered":"<h3 data-section-id=\"1qj9e1g\" data-start=\"1428\" data-end=\"1448\">Designkonzept<\/h3>\n<p data-start=\"1449\" data-end=\"1735\">Die doppelte \u201cV\u201d-Silhouette ist von flie\u00dfenden architektonischen Linien und symbolischen Wegen inspiriert. Die offene Chevron-Struktur verleiht dem Design Leichtigkeit und sorgt gleichzeitig f\u00fcr eine k\u00fchne visuelle Pr\u00e4senz. Elegant und doch unaufdringlich, verk\u00f6rpert der Ring moderne Weiblichkeit mit selbstbewusstem Charakter.<\/p>\n<h3 data-section-id=\"n147pz\" data-start=\"1737\" data-end=\"1756\">Handwerkliches K\u00f6nnen<\/h3>\n<p data-start=\"1757\" data-end=\"2066\">Dieser fachm\u00e4nnisch aus 22-kar\u00e4tigem Gold gefertigte Ring zeichnet sich durch pr\u00e4zise Verarbeitung und ausgewogene Proportionen aus. Die glatten, abgerundeten Kanten sorgen f\u00fcr ein angenehmes Tragegef\u00fchl, w\u00e4hrend die hochglanzpolierte Oberfl\u00e4che die W\u00e4rme und den Reichtum des Goldes hervorhebt. Jedes Detail wurde sorgf\u00e4ltig ausgearbeitet, um eine klare, moderne \u00c4sthetik zu erzielen.<\/p>\n<h3 data-section-id=\"11x20r2\" data-start=\"2068\" data-end=\"2087\">Styling-Ideen<\/h3>\n<p data-start=\"2088\" data-end=\"2173\">Der vielseitige und m\u00fchelos tragbare Double Chevron V Ring l\u00e4sst sich wunderbar kombinieren:<\/p>\n<ul data-start=\"2174\" data-end=\"2375\">\n<li data-section-id=\"11l8qe8\" data-start=\"2174\" data-end=\"2210\">Ein moderner, alltagstauglicher Ring<\/li>\n<li data-section-id=\"fp7xv9\" data-start=\"2211\" data-end=\"2259\">Ein stapelbares St\u00fcck mit schmalen Goldb\u00e4ndern<\/li>\n<li data-section-id=\"oq05n\" data-start=\"2260\" data-end=\"2304\">Eine zeitgem\u00e4\u00dfe Erg\u00e4nzung zur Anlasskleidung<\/li>\n<li data-section-id=\"naiuz5\" data-start=\"2305\" data-end=\"2375\">Ein minimaler skulpturaler Akzent f\u00fcr westliche und traditionelle Looks<\/li>\n<\/ul>","protected":false},"excerpt":{"rendered":"<p>Der 22ct Gold Double Chevron V Ring ist ein zeitgen\u00f6ssischer Ausdruck von Eleganz und zeichnet sich durch eine schlanke, offene Silhouette aus, die aus strahlendem 22ct Gelbgold gefertigt ist. Sein skulpturales Doppel-Chevron-Design ist ein k\u00fchnes und doch minimalistisches Statement, ideal f\u00fcr das t\u00e4gliche Styling oder zum Kombinieren mit anderen Lieblingsst\u00fccken.<\/p>\n<p><strong>Material:<\/strong> 22ct Gold (91,6% reines Gold)<strong><br \/>\nWahrzeichen:\u00a0<\/strong>Britisches G\u00fctesiegel<strong><br \/>\n<\/strong><strong>Gewicht: <\/strong>2.16 Gms<br \/>\n<strong>Gr\u00f6\u00dfen:<\/strong> L 1\/2<br \/>\n<strong>SKU:<\/strong> 55664<\/p>\n<p><strong>Preis und Lieferung<\/strong>: Inklusive Mehrwertsteuer und Lieferkosten<br \/>\n<a href=\"https:\/\/www.purejewels.com\/de\/ruckgabepolitik\/\">R\u00fcckgabepolitik<\/a><\/p>","protected":false},"featured_media":429711,"comment_status":"closed","ping_status":"closed","template":"","meta":{"_eb_attr":"","_crsspst_to_jayantr4sg-hostcom":true},"product_brand":[],"product_cat":[1791,1559,1794,1785,1793,1792,1790,1229,1235,5343,1783,5338,5353,1569,5349],"product_tag":[],"class_list":{"0":"post-429704","1":"product","2":"type-product","3":"status-publish","4":"has-post-thumbnail","6":"product_cat-anniversary-gifts","7":"product_cat-birthday-gifts","8":"product_cat-christmas-gifts","9":"product_cat-daily-wear-rings","10":"product_cat-diwali-gifts","11":"product_cat-festival-gifts","12":"product_cat-for-whom-when","13":"product_cat-22ct-gold-jewellery","14":"product_cat-gold-rings","15":"product_cat-jewellery-under-550","16":"product_cat-ladies-rings","17":"product_cat-shop-by-price","18":"product_cat-shop-by","19":"product_cat-valentine-day-gifts","20":"product_cat-yellow-gold-jewellery","22":"first","23":"instock","24":"taxable","25":"shipping-taxable","26":"purchasable","27":"product-type-simple","28":"add-to-wishlist-before_image"},"yoast_head":"<!-- This site is optimized with the Yoast SEO plugin v27.5 - https:\/\/yoast.com\/product\/yoast-seo-wordpress\/ -->\n<title>22ct Gold Double Chevron V Ring | Modern Gold Ring Band<\/title>\n<meta name=\"description\" content=\"Discover the elegance of the 22ct Gold Double Chevron V Ring by PureJewels. Crafted in rich 22ct yellow gold with a contemporary open chevron silhouette.\" \/>\n<meta name=\"robots\" content=\"index, follow, max-snippet:-1, max-image-preview:large, max-video-preview:-1\" \/>\n<link rel=\"canonical\" href=\"https:\/\/www.purejewels.com\/de\/produkt-2\/22ct-gold-doppelter-chevron-v-ring-55664\/\" \/>\n<meta property=\"og:locale\" content=\"de_DE\" \/>\n<meta property=\"og:type\" content=\"article\" \/>\n<meta property=\"og:title\" content=\"22ct Gold Double Chevron V Ring | Modern Gold Ring Band\" \/>\n<meta property=\"og:description\" content=\"Discover the elegance of the 22ct Gold Double Chevron V Ring by PureJewels. Crafted in rich 22ct yellow gold with a contemporary open chevron silhouette.\" \/>\n<meta property=\"og:url\" content=\"https:\/\/www.purejewels.com\/de\/produkt-2\/22ct-gold-doppelter-chevron-v-ring-55664\/\" \/>\n<meta property=\"og:site_name\" content=\"PureJewels UK\" \/>\n<meta property=\"article:modified_time\" content=\"2026-05-14T04:58:01+00:00\" \/>\n<meta property=\"og:image\" content=\"https:\/\/static.purejewels.com\/wp-content\/uploads\/2026\/05\/JWRNPICB040L0.jpg\" \/>\n\t<meta property=\"og:image:width\" content=\"1000\" \/>\n\t<meta property=\"og:image:height\" content=\"1000\" \/>\n\t<meta property=\"og:image:type\" content=\"image\/jpeg\" \/>\n<meta name=\"twitter:card\" content=\"summary_large_image\" \/>\n<meta name=\"twitter:label1\" content=\"Gesch\u00e4tzte Lesezeit\" \/>\n\t<meta name=\"twitter:data1\" content=\"1\u00a0Minute\" \/>\n<script type=\"application\/ld+json\" class=\"yoast-schema-graph\">{\"@context\":\"https:\\\/\\\/schema.org\",\"@graph\":[{\"@type\":[\"WebPage\",\"ItemPage\"],\"@id\":\"https:\\\/\\\/www.purejewels.com\\\/product\\\/22ct-gold-double-chevron-v-ring-55664\\\/\",\"url\":\"https:\\\/\\\/www.purejewels.com\\\/product\\\/22ct-gold-double-chevron-v-ring-55664\\\/\",\"name\":\"22ct Gold Double Chevron V Ring | Modern Gold Ring Band\",\"isPartOf\":{\"@id\":\"https:\\\/\\\/www.purejewels.com\\\/#website\"},\"primaryImageOfPage\":{\"@id\":\"https:\\\/\\\/www.purejewels.com\\\/product\\\/22ct-gold-double-chevron-v-ring-55664\\\/#primaryimage\"},\"image\":{\"@id\":\"https:\\\/\\\/www.purejewels.com\\\/product\\\/22ct-gold-double-chevron-v-ring-55664\\\/#primaryimage\"},\"thumbnailUrl\":\"https:\\\/\\\/static.purejewels.com\\\/wp-content\\\/uploads\\\/2026\\\/05\\\/JWRNPICB040L0.jpg\",\"datePublished\":\"2026-01-14T05:47:08+00:00\",\"dateModified\":\"2026-05-14T04:58:01+00:00\",\"description\":\"Discover the elegance of the 22ct Gold Double Chevron V Ring by PureJewels. Crafted in rich 22ct yellow gold with a contemporary open chevron silhouette.\",\"breadcrumb\":{\"@id\":\"https:\\\/\\\/www.purejewels.com\\\/product\\\/22ct-gold-double-chevron-v-ring-55664\\\/#breadcrumb\"},\"inLanguage\":\"de\",\"potentialAction\":[{\"@type\":\"ReadAction\",\"target\":[\"https:\\\/\\\/www.purejewels.com\\\/product\\\/22ct-gold-double-chevron-v-ring-55664\\\/\"]}]},{\"@type\":\"ImageObject\",\"inLanguage\":\"de\",\"@id\":\"https:\\\/\\\/www.purejewels.com\\\/product\\\/22ct-gold-double-chevron-v-ring-55664\\\/#primaryimage\",\"url\":\"https:\\\/\\\/static.purejewels.com\\\/wp-content\\\/uploads\\\/2026\\\/05\\\/JWRNPICB040L0.jpg\",\"contentUrl\":\"https:\\\/\\\/static.purejewels.com\\\/wp-content\\\/uploads\\\/2026\\\/05\\\/JWRNPICB040L0.jpg\",\"width\":1000,\"height\":1000,\"caption\":\"22ct Gold Double Chevron V Ring\"},{\"@type\":\"BreadcrumbList\",\"@id\":\"https:\\\/\\\/www.purejewels.com\\\/product\\\/22ct-gold-double-chevron-v-ring-55664\\\/#breadcrumb\",\"itemListElement\":[{\"@type\":\"ListItem\",\"position\":1,\"name\":\"Home\",\"item\":\"https:\\\/\\\/www.purejewels.com\\\/\"},{\"@type\":\"ListItem\",\"position\":2,\"name\":\"Shop\",\"item\":\"https:\\\/\\\/www.purejewels.com\\\/shop\\\/\"},{\"@type\":\"ListItem\",\"position\":3,\"name\":\"22ct Gold Double Chevron V Ring\"}]},{\"@type\":\"WebSite\",\"@id\":\"https:\\\/\\\/www.purejewels.com\\\/#website\",\"url\":\"https:\\\/\\\/www.purejewels.com\\\/\",\"name\":\"PureJewels UK\",\"description\":\"Share the Love\",\"publisher\":{\"@id\":\"https:\\\/\\\/www.purejewels.com\\\/#organization\"},\"potentialAction\":[{\"@type\":\"SearchAction\",\"target\":{\"@type\":\"EntryPoint\",\"urlTemplate\":\"https:\\\/\\\/www.purejewels.com\\\/?s={search_term_string}\"},\"query-input\":{\"@type\":\"PropertyValueSpecification\",\"valueRequired\":true,\"valueName\":\"search_term_string\"}}],\"inLanguage\":\"de\"},{\"@type\":\"Organization\",\"@id\":\"https:\\\/\\\/www.purejewels.com\\\/#organization\",\"name\":\"PureJewels UK\",\"url\":\"https:\\\/\\\/www.purejewels.com\\\/\",\"logo\":{\"@type\":\"ImageObject\",\"inLanguage\":\"de\",\"@id\":\"https:\\\/\\\/www.purejewels.com\\\/#\\\/schema\\\/logo\\\/image\\\/\",\"url\":\"https:\\\/\\\/static.purejewels.com\\\/wp-content\\\/uploads\\\/2020\\\/11\\\/Logo-PJ-New-1.png\",\"contentUrl\":\"https:\\\/\\\/static.purejewels.com\\\/wp-content\\\/uploads\\\/2020\\\/11\\\/Logo-PJ-New-1.png\",\"width\":150,\"height\":80,\"caption\":\"PureJewels UK\"},\"image\":{\"@id\":\"https:\\\/\\\/www.purejewels.com\\\/#\\\/schema\\\/logo\\\/image\\\/\"}}]}<\/script>\n<!-- \/ Yoast SEO plugin. -->","yoast_head_json":{"title":"22ct Gold Doppel Chevron V Ring | Modern Gold Ring Band","description":"Entdecken Sie die Eleganz des 22ct Gold Double Chevron V Ring von PureJewels. Gefertigt aus reichem 22 Karat Gelbgold mit einer modernen offenen Chevron-Silhouette.","robots":{"index":"index","follow":"follow","max-snippet":"max-snippet:-1","max-image-preview":"max-image-preview:large","max-video-preview":"max-video-preview:-1"},"canonical":"https:\/\/www.purejewels.com\/de\/produkt-2\/22ct-gold-doppelter-chevron-v-ring-55664\/","og_locale":"de_DE","og_type":"article","og_title":"22ct Gold Double Chevron V Ring | Modern Gold Ring Band","og_description":"Discover the elegance of the 22ct Gold Double Chevron V Ring by PureJewels. Crafted in rich 22ct yellow gold with a contemporary open chevron silhouette.","og_url":"https:\/\/www.purejewels.com\/de\/produkt-2\/22ct-gold-doppelter-chevron-v-ring-55664\/","og_site_name":"PureJewels UK","article_modified_time":"2026-05-14T04:58:01+00:00","og_image":[{"width":1000,"height":1000,"url":"https:\/\/static.purejewels.com\/wp-content\/uploads\/2026\/05\/JWRNPICB040L0.jpg","type":"image\/jpeg"}],"twitter_card":"summary_large_image","twitter_misc":{"Gesch\u00e4tzte Lesezeit":"1\u00a0Minute"},"schema":{"@context":"https:\/\/schema.org","@graph":[{"@type":["WebPage","ItemPage"],"@id":"https:\/\/www.purejewels.com\/product\/22ct-gold-double-chevron-v-ring-55664\/","url":"https:\/\/www.purejewels.com\/product\/22ct-gold-double-chevron-v-ring-55664\/","name":"22ct Gold Doppel Chevron V Ring | Modern Gold Ring Band","isPartOf":{"@id":"https:\/\/www.purejewels.com\/#website"},"primaryImageOfPage":{"@id":"https:\/\/www.purejewels.com\/product\/22ct-gold-double-chevron-v-ring-55664\/#primaryimage"},"image":{"@id":"https:\/\/www.purejewels.com\/product\/22ct-gold-double-chevron-v-ring-55664\/#primaryimage"},"thumbnailUrl":"https:\/\/static.purejewels.com\/wp-content\/uploads\/2026\/05\/JWRNPICB040L0.jpg","datePublished":"2026-01-14T05:47:08+00:00","dateModified":"2026-05-14T04:58:01+00:00","description":"Entdecken Sie die Eleganz des 22ct Gold Double Chevron V Ring von PureJewels. Gefertigt aus reichem 22 Karat Gelbgold mit einer modernen offenen Chevron-Silhouette.","breadcrumb":{"@id":"https:\/\/www.purejewels.com\/product\/22ct-gold-double-chevron-v-ring-55664\/#breadcrumb"},"inLanguage":"de","potentialAction":[{"@type":"ReadAction","target":["https:\/\/www.purejewels.com\/product\/22ct-gold-double-chevron-v-ring-55664\/"]}]},{"@type":"ImageObject","inLanguage":"de","@id":"https:\/\/www.purejewels.com\/product\/22ct-gold-double-chevron-v-ring-55664\/#primaryimage","url":"https:\/\/static.purejewels.com\/wp-content\/uploads\/2026\/05\/JWRNPICB040L0.jpg","contentUrl":"https:\/\/static.purejewels.com\/wp-content\/uploads\/2026\/05\/JWRNPICB040L0.jpg","width":1000,"height":1000,"caption":"22ct Gold Double Chevron V Ring"},{"@type":"BreadcrumbList","@id":"https:\/\/www.purejewels.com\/product\/22ct-gold-double-chevron-v-ring-55664\/#breadcrumb","itemListElement":[{"@type":"ListItem","position":1,"name":"Home","item":"https:\/\/www.purejewels.com\/"},{"@type":"ListItem","position":2,"name":"Shop","item":"https:\/\/www.purejewels.com\/shop\/"},{"@type":"ListItem","position":3,"name":"22ct Gold Double Chevron V Ring"}]},{"@type":"WebSite","@id":"https:\/\/www.purejewels.com\/#website","url":"https:\/\/www.purejewels.com\/","name":"PureJewels UK","description":"Teile die Liebe","publisher":{"@id":"https:\/\/www.purejewels.com\/#organization"},"potentialAction":[{"@type":"SearchAction","target":{"@type":"EntryPoint","urlTemplate":"https:\/\/www.purejewels.com\/?s={search_term_string}"},"query-input":{"@type":"PropertyValueSpecification","valueRequired":true,"valueName":"search_term_string"}}],"inLanguage":"de"},{"@type":"Organization","@id":"https:\/\/www.purejewels.com\/#organization","name":"PureJewels UK","url":"https:\/\/www.purejewels.com\/","logo":{"@type":"ImageObject","inLanguage":"de","@id":"https:\/\/www.purejewels.com\/#\/schema\/logo\/image\/","url":"https:\/\/static.purejewels.com\/wp-content\/uploads\/2020\/11\/Logo-PJ-New-1.png","contentUrl":"https:\/\/static.purejewels.com\/wp-content\/uploads\/2020\/11\/Logo-PJ-New-1.png","width":150,"height":80,"caption":"PureJewels UK"},"image":{"@id":"https:\/\/www.purejewels.com\/#\/schema\/logo\/image\/"}}]}},"_links":{"self":[{"href":"https:\/\/www.purejewels.com\/de\/wp-json\/wp\/v2\/product\/429704","targetHints":{"allow":["GET"]}}],"collection":[{"href":"https:\/\/www.purejewels.com\/de\/wp-json\/wp\/v2\/product"}],"about":[{"href":"https:\/\/www.purejewels.com\/de\/wp-json\/wp\/v2\/types\/product"}],"replies":[{"embeddable":true,"href":"https:\/\/www.purejewels.com\/de\/wp-json\/wp\/v2\/comments?post=429704"}],"version-history":[{"count":1,"href":"https:\/\/www.purejewels.com\/de\/wp-json\/wp\/v2\/product\/429704\/revisions"}],"predecessor-version":[{"id":429713,"href":"https:\/\/www.purejewels.com\/de\/wp-json\/wp\/v2\/product\/429704\/revisions\/429713"}],"wp:featuredmedia":[{"embeddable":true,"href":"https:\/\/www.purejewels.com\/de\/wp-json\/wp\/v2\/media\/429711"}],"wp:attachment":[{"href":"https:\/\/www.purejewels.com\/de\/wp-json\/wp\/v2\/media?parent=429704"}],"wp:term":[{"taxonomy":"product_brand","embeddable":true,"href":"https:\/\/www.purejewels.com\/de\/wp-json\/wp\/v2\/product_brand?post=429704"},{"taxonomy":"product_cat","embeddable":true,"href":"https:\/\/www.purejewels.com\/de\/wp-json\/wp\/v2\/product_cat?post=429704"},{"taxonomy":"product_tag","embeddable":true,"href":"https:\/\/www.purejewels.com\/de\/wp-json\/wp\/v2\/product_tag?post=429704"}],"curies":[{"name":"wp","href":"https:\/\/api.w.org\/{rel}","templated":true}]}}