{"id":4312,"date":"2017-07-19T13:27:09","date_gmt":"2017-07-19T12:27:09","guid":{"rendered":"http:\/\/new.purejewels.com\/product\/22ct-uncut-polki-stone-earrings-2\/"},"modified":"2026-01-06T06:58:07","modified_gmt":"2026-01-06T06:58:07","slug":"22ct-ungeschliffene-polki-stein-ohrringe-2","status":"publish","type":"product","link":"https:\/\/www.purejewels.com\/de\/product\/22ct-uncut-polki-stone-earrings-2\/","title":{"rendered":"22 Karat Gold Heritage Polki Ohrringe"},"content":{"rendered":"<p data-start=\"548\" data-end=\"848\">Treten Sie ein in zeitlose Eleganz mit unserem <a href=\"https:\/\/www.purejewels.com\/de\/product\/22ct-gold-jali-filigree-ring-jali-collection-31926\/\">22ct<\/a> Gold Heritage Polki <a href=\"https:\/\/www.purejewels.com\/de\/product-category\/22ct-gold-jewellery\/gold-earrings\/\">Ohrringe<\/a> \u2013 eine strahlende Mischung aus kulturellem Reichtum und feiner Kunstfertigkeit. Diese Ohrringe sind aus reinem 22-kar\u00e4tigem Gelbgold gefertigt und zeichnen sich durch aufwendig geschnitzte Blumenmotive mit antiken Details aus, die von zarten Polki-Steinen in ungeschliffener Form umgeben sind.<\/p>\n<p data-start=\"850\" data-end=\"1095\">Die runde Struktur wird durch einen birnenf\u00f6rmigen Polki-Tropfen und kunstvolle Goldfiligranarbeiten wundersch\u00f6n hervorgehoben, die die Pracht traditioneller indischer Schmuckst\u00fccke widerspiegeln. Diese Ohrringe sind leicht genug f\u00fcr lange Feierlichkeiten und dennoch auff\u00e4llig genug, um ein Statement zu setzen.<\/p>\n<p data-start=\"1097\" data-end=\"1264\">Ob zu einer Hochzeit, einer festlichen Veranstaltung oder als Erbst\u00fcckgeschenk \u2013 diese Ohrringe sind eine Hommage an die Tradition der Handwerkskunst und des kulturellen Geschichtenerz\u00e4hlens von PureJewels.<\/p>","protected":false},"excerpt":{"rendered":"<p>Ein edles Paar Ohrringe aus 22 Karat Gold mit ungeschliffenen Polki-Steinen und aufwendigen Details. Inspiriert vom indischen Erbe, perfekt f\u00fcr Hochzeiten und festliche Anl\u00e4sse.<\/p>\n<ul>\n<li>22ct Ungeschliffene Polki Stein Ohrringe<\/li>\n<li><span style=\"float: none; background-color: transparent; color: #333333; cursor: text; font-family: Georgia,'Times New Roman','Bitstream Charter',Times,serif; font-size: 16px; font-style: normal; font-variant: normal; font-weight: 400; letter-spacing: normal; text-align: left; text-decoration: none; text-indent: 0px;\"> Ungeschliffene Polki-Steine<\/span> mit antikem Finish<\/li>\n<li>Wt. 17.1 Gramm<\/li>\n<li>Gepunzt von London Assay Office<\/li>\n<li>Mit Pr\u00e4sentationsbox<\/li>\n<li>Lieferung inbegriffen<\/li>\n<li>Alle Preise inklusive Mehrwertsteuer<\/li>\n<li>Live-Chat mit uns f\u00fcr die Verf\u00fcgbarkeit und mehr Bilder von \u00e4hnlichen Designs derzeit auf Lager<\/li>\n<\/ul>\n<p>&nbsp;<\/p>","protected":false},"featured_media":4313,"comment_status":"closed","ping_status":"closed","template":"","meta":{"_eb_attr":"","_crsspst_to_jayantr4sg-hostcom":false},"product_brand":[],"product_cat":[1559,1685,1229,1574],"product_tag":[],"class_list":{"0":"post-4312","1":"product","2":"type-product","3":"status-publish","4":"has-post-thumbnail","6":"product_cat-birthday-gifts","7":"product_cat-drop-earrings","8":"product_cat-22ct-gold-jewellery","9":"product_cat-womens-jewellery","11":"first","12":"outofstock","13":"taxable","14":"shipping-taxable","15":"product-type-simple","16":"add-to-wishlist-before_image"},"yoast_head":"<!-- This site is optimized with the Yoast SEO plugin v27.3 - https:\/\/yoast.com\/product\/yoast-seo-wordpress\/ -->\n<title>Traditional Polki Earrings in 22ct Gold | Heritage Indian Design<\/title>\n<meta name=\"description\" content=\"Discover 22ct Gold Heritage Polki Earrings \u2014 handcrafted with uncut stones and intricate goldwork. A timeless design inspired by traditional Indian elegance.\" \/>\n<meta name=\"robots\" content=\"index, follow, max-snippet:-1, max-image-preview:large, max-video-preview:-1\" \/>\n<link rel=\"canonical\" href=\"https:\/\/www.purejewels.com\/de\/produkt-2\/22ct-ungeschliffene-polki-stein-ohrringe-2\/\" \/>\n<meta property=\"og:locale\" content=\"de_DE\" \/>\n<meta property=\"og:type\" content=\"article\" \/>\n<meta property=\"og:title\" content=\"Traditional Polki Earrings in 22ct Gold | Heritage Indian Design\" \/>\n<meta property=\"og:description\" content=\"Discover 22ct Gold Heritage Polki Earrings \u2014 handcrafted with uncut stones and intricate goldwork. A timeless design inspired by traditional Indian elegance.\" \/>\n<meta property=\"og:url\" content=\"https:\/\/www.purejewels.com\/de\/produkt-2\/22ct-ungeschliffene-polki-stein-ohrringe-2\/\" \/>\n<meta property=\"og:site_name\" content=\"PureJewels UK\" \/>\n<meta property=\"article:modified_time\" content=\"2026-01-06T06:58:07+00:00\" \/>\n<meta property=\"og:image\" content=\"https:\/\/static.purejewels.com\/wp-content\/uploads\/2017\/07\/earrings_24594_960px.jpg\" \/>\n\t<meta property=\"og:image:width\" content=\"960\" \/>\n\t<meta property=\"og:image:height\" content=\"960\" \/>\n\t<meta property=\"og:image:type\" content=\"image\/jpeg\" \/>\n<meta name=\"twitter:card\" content=\"summary_large_image\" \/>\n<meta name=\"twitter:label1\" content=\"Gesch\u00e4tzte Lesezeit\" \/>\n\t<meta name=\"twitter:data1\" content=\"1\u00a0Minute\" \/>\n<script type=\"application\/ld+json\" class=\"yoast-schema-graph\">{\"@context\":\"https:\\\/\\\/schema.org\",\"@graph\":[{\"@type\":[\"WebPage\",\"ItemPage\"],\"@id\":\"https:\\\/\\\/www.purejewels.com\\\/product\\\/22ct-uncut-polki-stone-earrings-2\\\/\",\"url\":\"https:\\\/\\\/www.purejewels.com\\\/product\\\/22ct-uncut-polki-stone-earrings-2\\\/\",\"name\":\"Traditional Polki Earrings in 22ct Gold | Heritage Indian Design\",\"isPartOf\":{\"@id\":\"https:\\\/\\\/www.purejewels.com\\\/#website\"},\"primaryImageOfPage\":{\"@id\":\"https:\\\/\\\/www.purejewels.com\\\/product\\\/22ct-uncut-polki-stone-earrings-2\\\/#primaryimage\"},\"image\":{\"@id\":\"https:\\\/\\\/www.purejewels.com\\\/product\\\/22ct-uncut-polki-stone-earrings-2\\\/#primaryimage\"},\"thumbnailUrl\":\"https:\\\/\\\/static.purejewels.com\\\/wp-content\\\/uploads\\\/2017\\\/07\\\/earrings_24594_960px.jpg\",\"datePublished\":\"2017-07-19T12:27:09+00:00\",\"dateModified\":\"2026-01-06T06:58:07+00:00\",\"description\":\"Discover 22ct Gold Heritage Polki Earrings \u2014 handcrafted with uncut stones and intricate goldwork. A timeless design inspired by traditional Indian elegance.\",\"breadcrumb\":{\"@id\":\"https:\\\/\\\/www.purejewels.com\\\/product\\\/22ct-uncut-polki-stone-earrings-2\\\/#breadcrumb\"},\"inLanguage\":\"de\",\"potentialAction\":[{\"@type\":\"ReadAction\",\"target\":[\"https:\\\/\\\/www.purejewels.com\\\/product\\\/22ct-uncut-polki-stone-earrings-2\\\/\"]}]},{\"@type\":\"ImageObject\",\"inLanguage\":\"de\",\"@id\":\"https:\\\/\\\/www.purejewels.com\\\/product\\\/22ct-uncut-polki-stone-earrings-2\\\/#primaryimage\",\"url\":\"https:\\\/\\\/static.purejewels.com\\\/wp-content\\\/uploads\\\/2017\\\/07\\\/earrings_24594_960px.jpg\",\"contentUrl\":\"https:\\\/\\\/static.purejewels.com\\\/wp-content\\\/uploads\\\/2017\\\/07\\\/earrings_24594_960px.jpg\",\"width\":960,\"height\":960,\"caption\":\"22ct Gold Heritage Polki Earrings\"},{\"@type\":\"BreadcrumbList\",\"@id\":\"https:\\\/\\\/www.purejewels.com\\\/product\\\/22ct-uncut-polki-stone-earrings-2\\\/#breadcrumb\",\"itemListElement\":[{\"@type\":\"ListItem\",\"position\":1,\"name\":\"Home\",\"item\":\"https:\\\/\\\/www.purejewels.com\\\/\"},{\"@type\":\"ListItem\",\"position\":2,\"name\":\"Shop\",\"item\":\"https:\\\/\\\/www.purejewels.com\\\/shop\\\/\"},{\"@type\":\"ListItem\",\"position\":3,\"name\":\"22ct Gold Heritage Polki Earrings\"}]},{\"@type\":\"WebSite\",\"@id\":\"https:\\\/\\\/www.purejewels.com\\\/#website\",\"url\":\"https:\\\/\\\/www.purejewels.com\\\/\",\"name\":\"PureJewels UK\",\"description\":\"Share the Love\",\"publisher\":{\"@id\":\"https:\\\/\\\/www.purejewels.com\\\/#organization\"},\"potentialAction\":[{\"@type\":\"SearchAction\",\"target\":{\"@type\":\"EntryPoint\",\"urlTemplate\":\"https:\\\/\\\/www.purejewels.com\\\/?s={search_term_string}\"},\"query-input\":{\"@type\":\"PropertyValueSpecification\",\"valueRequired\":true,\"valueName\":\"search_term_string\"}}],\"inLanguage\":\"de\"},{\"@type\":\"Organization\",\"@id\":\"https:\\\/\\\/www.purejewels.com\\\/#organization\",\"name\":\"PureJewels UK\",\"url\":\"https:\\\/\\\/www.purejewels.com\\\/\",\"logo\":{\"@type\":\"ImageObject\",\"inLanguage\":\"de\",\"@id\":\"https:\\\/\\\/www.purejewels.com\\\/#\\\/schema\\\/logo\\\/image\\\/\",\"url\":\"https:\\\/\\\/static.purejewels.com\\\/wp-content\\\/uploads\\\/2020\\\/11\\\/Logo-PJ-New-1.png\",\"contentUrl\":\"https:\\\/\\\/static.purejewels.com\\\/wp-content\\\/uploads\\\/2020\\\/11\\\/Logo-PJ-New-1.png\",\"width\":150,\"height\":80,\"caption\":\"PureJewels UK\"},\"image\":{\"@id\":\"https:\\\/\\\/www.purejewels.com\\\/#\\\/schema\\\/logo\\\/image\\\/\"}}]}<\/script>\n<!-- \/ Yoast SEO plugin. -->","yoast_head_json":{"title":"Traditionelle Polki-Ohrringe aus 22 Karat Gold | Traditionelles indisches Design","description":"Entdecken Sie die 22-kar\u00e4tigen Gold-Ohrringe \u201eHeritage Polki\u201c \u2013 handgefertigt mit ungeschliffenen Steinen und aufwendiger Goldschmiedearbeit. Ein zeitloses Design, inspiriert von traditioneller indischer Eleganz.","robots":{"index":"index","follow":"follow","max-snippet":"max-snippet:-1","max-image-preview":"max-image-preview:large","max-video-preview":"max-video-preview:-1"},"canonical":"https:\/\/www.purejewels.com\/de\/produkt-2\/22ct-ungeschliffene-polki-stein-ohrringe-2\/","og_locale":"de_DE","og_type":"article","og_title":"Traditional Polki Earrings in 22ct Gold | Heritage Indian Design","og_description":"Discover 22ct Gold Heritage Polki Earrings \u2014 handcrafted with uncut stones and intricate goldwork. A timeless design inspired by traditional Indian elegance.","og_url":"https:\/\/www.purejewels.com\/de\/produkt-2\/22ct-ungeschliffene-polki-stein-ohrringe-2\/","og_site_name":"PureJewels UK","article_modified_time":"2026-01-06T06:58:07+00:00","og_image":[{"width":960,"height":960,"url":"https:\/\/static.purejewels.com\/wp-content\/uploads\/2017\/07\/earrings_24594_960px.jpg","type":"image\/jpeg"}],"twitter_card":"summary_large_image","twitter_misc":{"Gesch\u00e4tzte Lesezeit":"1\u00a0Minute"},"schema":{"@context":"https:\/\/schema.org","@graph":[{"@type":["WebPage","ItemPage"],"@id":"https:\/\/www.purejewels.com\/product\/22ct-uncut-polki-stone-earrings-2\/","url":"https:\/\/www.purejewels.com\/product\/22ct-uncut-polki-stone-earrings-2\/","name":"Traditionelle Polki-Ohrringe aus 22 Karat Gold | Traditionelles indisches Design","isPartOf":{"@id":"https:\/\/www.purejewels.com\/#website"},"primaryImageOfPage":{"@id":"https:\/\/www.purejewels.com\/product\/22ct-uncut-polki-stone-earrings-2\/#primaryimage"},"image":{"@id":"https:\/\/www.purejewels.com\/product\/22ct-uncut-polki-stone-earrings-2\/#primaryimage"},"thumbnailUrl":"https:\/\/static.purejewels.com\/wp-content\/uploads\/2017\/07\/earrings_24594_960px.jpg","datePublished":"2017-07-19T12:27:09+00:00","dateModified":"2026-01-06T06:58:07+00:00","description":"Entdecken Sie die 22-kar\u00e4tigen Gold-Ohrringe \u201eHeritage Polki\u201c \u2013 handgefertigt mit ungeschliffenen Steinen und aufwendiger Goldschmiedearbeit. Ein zeitloses Design, inspiriert von traditioneller indischer Eleganz.","breadcrumb":{"@id":"https:\/\/www.purejewels.com\/product\/22ct-uncut-polki-stone-earrings-2\/#breadcrumb"},"inLanguage":"de","potentialAction":[{"@type":"ReadAction","target":["https:\/\/www.purejewels.com\/product\/22ct-uncut-polki-stone-earrings-2\/"]}]},{"@type":"ImageObject","inLanguage":"de","@id":"https:\/\/www.purejewels.com\/product\/22ct-uncut-polki-stone-earrings-2\/#primaryimage","url":"https:\/\/static.purejewels.com\/wp-content\/uploads\/2017\/07\/earrings_24594_960px.jpg","contentUrl":"https:\/\/static.purejewels.com\/wp-content\/uploads\/2017\/07\/earrings_24594_960px.jpg","width":960,"height":960,"caption":"22ct Gold Heritage Polki Earrings"},{"@type":"BreadcrumbList","@id":"https:\/\/www.purejewels.com\/product\/22ct-uncut-polki-stone-earrings-2\/#breadcrumb","itemListElement":[{"@type":"ListItem","position":1,"name":"Home","item":"https:\/\/www.purejewels.com\/"},{"@type":"ListItem","position":2,"name":"Shop","item":"https:\/\/www.purejewels.com\/shop\/"},{"@type":"ListItem","position":3,"name":"22ct Gold Heritage Polki Earrings"}]},{"@type":"WebSite","@id":"https:\/\/www.purejewels.com\/#website","url":"https:\/\/www.purejewels.com\/","name":"PureJewels UK","description":"Teile die Liebe","publisher":{"@id":"https:\/\/www.purejewels.com\/#organization"},"potentialAction":[{"@type":"SearchAction","target":{"@type":"EntryPoint","urlTemplate":"https:\/\/www.purejewels.com\/?s={search_term_string}"},"query-input":{"@type":"PropertyValueSpecification","valueRequired":true,"valueName":"search_term_string"}}],"inLanguage":"de"},{"@type":"Organization","@id":"https:\/\/www.purejewels.com\/#organization","name":"PureJewels UK","url":"https:\/\/www.purejewels.com\/","logo":{"@type":"ImageObject","inLanguage":"de","@id":"https:\/\/www.purejewels.com\/#\/schema\/logo\/image\/","url":"https:\/\/static.purejewels.com\/wp-content\/uploads\/2020\/11\/Logo-PJ-New-1.png","contentUrl":"https:\/\/static.purejewels.com\/wp-content\/uploads\/2020\/11\/Logo-PJ-New-1.png","width":150,"height":80,"caption":"PureJewels UK"},"image":{"@id":"https:\/\/www.purejewels.com\/#\/schema\/logo\/image\/"}}]}},"_links":{"self":[{"href":"https:\/\/www.purejewels.com\/de\/wp-json\/wp\/v2\/product\/4312","targetHints":{"allow":["GET"]}}],"collection":[{"href":"https:\/\/www.purejewels.com\/de\/wp-json\/wp\/v2\/product"}],"about":[{"href":"https:\/\/www.purejewels.com\/de\/wp-json\/wp\/v2\/types\/product"}],"replies":[{"embeddable":true,"href":"https:\/\/www.purejewels.com\/de\/wp-json\/wp\/v2\/comments?post=4312"}],"version-history":[{"count":2,"href":"https:\/\/www.purejewels.com\/de\/wp-json\/wp\/v2\/product\/4312\/revisions"}],"predecessor-version":[{"id":423523,"href":"https:\/\/www.purejewels.com\/de\/wp-json\/wp\/v2\/product\/4312\/revisions\/423523"}],"wp:featuredmedia":[{"embeddable":true,"href":"https:\/\/www.purejewels.com\/de\/wp-json\/wp\/v2\/media\/4313"}],"wp:attachment":[{"href":"https:\/\/www.purejewels.com\/de\/wp-json\/wp\/v2\/media?parent=4312"}],"wp:term":[{"taxonomy":"product_brand","embeddable":true,"href":"https:\/\/www.purejewels.com\/de\/wp-json\/wp\/v2\/product_brand?post=4312"},{"taxonomy":"product_cat","embeddable":true,"href":"https:\/\/www.purejewels.com\/de\/wp-json\/wp\/v2\/product_cat?post=4312"},{"taxonomy":"product_tag","embeddable":true,"href":"https:\/\/www.purejewels.com\/de\/wp-json\/wp\/v2\/product_tag?post=4312"}],"curies":[{"name":"wp","href":"https:\/\/api.w.org\/{rel}","templated":true}]}}