{"id":4326,"date":"2017-07-19T13:27:20","date_gmt":"2017-07-19T12:27:20","guid":{"rendered":"http:\/\/new.purejewels.com\/product\/22ct-gold-bangle-3\/"},"modified":"2026-01-10T16:15:51","modified_gmt":"2026-01-10T16:15:51","slug":"armreif-aus-22-karat-gold-3","status":"publish","type":"product","link":"https:\/\/www.purejewels.com\/de\/product\/22ct-gold-bangle-3\/","title":{"rendered":"22 Karat Gold Kada Armreif mit Blumenmuster, Rubin und Smaragd"},"content":{"rendered":"<p><strong>Gestaltung<\/strong><\/p>\n<p>Dieser strahlende Armreif aus 22 Karat Gold ist von der F\u00fclle der Natur inspiriert \u2013 eine lebendige Bl\u00fcte, die in edlen Materialien zum Leben erweckt wurde. Das Herzst\u00fcck bildet eine stilisierte Blume aus rubinroten Cabochon-Steinen, umgeben von filigranen, gr\u00fcn emaillierten Bl\u00e4ttern und in Zargenfassungen gesetzten gr\u00fcnen Steinen, die zarten Knospen \u00e4hneln.<\/p>\n<p>Blumenwirbel und skulpturale Kurven erstrecken sich anmutig entlang des Bandes und schaffen eine Harmonie zwischen Struktur und Weichheit. Es ist eine Hommage an Farbe, Kultur und Handwerkskunst \u2013 ideal f\u00fcr festliche Anl\u00e4sse, Hochzeiten und als Erbst\u00fcckgeschenk.<\/p>\n<p><strong>Handwerkliches K\u00f6nnen<\/strong><\/p>\n<p>Dieses aus reinem 22-kar\u00e4tigem Gold handgefertigte Kada-Armband steht beispielhaft f\u00fcr das Engagement von PureJewels, traditionelle Techniken zu bewahren. Die Edelsteine sind sicher in einer Zargenfassung eingefasst, um ihren nat\u00fcrlichen Glanz hervorzuheben, w\u00e4hrend die Emaille-Verzierungen sorgf\u00e4ltig aufgetragen wurden, um Langlebigkeit und Brillanz zu gew\u00e4hrleisten.<\/p>\n<p>Die Kada verf\u00fcgt \u00fcber einen Klappverschluss, der das Anlegen erleichtert und sowohl Komfort als auch Opulenz gew\u00e4hrleistet. Sie ist vom London Assay Office als echt zertifiziert.<\/p>\n<p><strong>Stil<\/strong><\/p>\n<p>Dieses Kada ist ein auff\u00e4lliges Einzelst\u00fcck oder eine k\u00f6nigliche Erg\u00e4nzung zu einem Brautensemble und wurde f\u00fcr diejenigen entworfen, die ihre Wurzeln mit Stolz und Leidenschaft leben. Es passt perfekt zu Lehengas, Seidensaris oder modernen Fusion-Styles und unterstreicht zeitlose Weiblichkeit.<\/p>","protected":false},"excerpt":{"rendered":"<p>Ein majest\u00e4tischer Armreif aus 22 Karat Gold, verziert mit rubinroten und gr\u00fcnen Edelsteinen, Emaille-Bl\u00e4ttern und kunstvollen Blumenmotiven \u2013 ein lebendiger Ausdruck indischer Tradition und Eleganz.<\/p>\n<ul>\n<li>22ct Gold Kada Armreif<\/li>\n<li>Wt. 38.6g<\/li>\n<li>SKU: 13083<\/li>\n<li>Gold gestempelt von London Assay Office<\/li>\n<li>Kundan Arbeit getan<\/li>\n<li>Alle Armreifen werden mit Geschenkbox geliefert<\/li>\n<li>Lieferung inbegriffen<\/li>\n<li>Alle Preise inklusive Mehrwertsteuer<\/li>\n<li>Live-Chat mit uns f\u00fcr die Verf\u00fcgbarkeit und mehr Bilder von \u00e4hnlichen Designs derzeit auf Lager<\/li>\n<\/ul>","protected":false},"featured_media":4327,"comment_status":"closed","ping_status":"closed","template":"","meta":{"_eb_attr":"","_crsspst_to_jayantr4sg-hostcom":false},"product_brand":[],"product_cat":[1659,1574],"product_tag":[1514,63,1521],"class_list":{"0":"post-4326","1":"product","2":"type-product","3":"status-publish","4":"has-post-thumbnail","6":"product_cat-bridal-and-party-wear-gold-kada-bangle","7":"product_cat-womens-jewellery","8":"product_tag-bangles","9":"product_tag-gold","10":"product_tag-kada","12":"first","13":"outofstock","14":"featured","15":"taxable","16":"shipping-taxable","17":"product-type-simple","18":"add-to-wishlist-before_image"},"yoast_head":"<!-- This site is optimized with the Yoast SEO plugin v27.3 - https:\/\/yoast.com\/product\/yoast-seo-wordpress\/ -->\n<title>22ct Kada Bangle | Ruby &amp; Enamel Floral Design | PureJewels<\/title>\n<meta name=\"description\" content=\"Celebrate heritage with this handcrafted 22ct gold kada bangle, featuring floral ruby cabochons, green gemstone detailing, and enamelled leaf motifs.\" \/>\n<meta name=\"robots\" content=\"index, follow, max-snippet:-1, max-image-preview:large, max-video-preview:-1\" \/>\n<link rel=\"canonical\" href=\"https:\/\/www.purejewels.com\/de\/produkt-2\/armreif-aus-22-karat-gold-3\/\" \/>\n<meta property=\"og:locale\" content=\"de_DE\" \/>\n<meta property=\"og:type\" content=\"article\" \/>\n<meta property=\"og:title\" content=\"22ct Kada Bangle | Ruby &amp; Enamel Floral Design | PureJewels\" \/>\n<meta property=\"og:description\" content=\"Celebrate heritage with this handcrafted 22ct gold kada bangle, featuring floral ruby cabochons, green gemstone detailing, and enamelled leaf motifs.\" \/>\n<meta property=\"og:url\" content=\"https:\/\/www.purejewels.com\/de\/produkt-2\/armreif-aus-22-karat-gold-3\/\" \/>\n<meta property=\"og:site_name\" content=\"PureJewels UK\" \/>\n<meta property=\"article:modified_time\" content=\"2026-01-10T16:15:51+00:00\" \/>\n<meta property=\"og:image\" content=\"https:\/\/static.purejewels.com\/wp-content\/uploads\/2017\/07\/bangle_13083_a_960px-2.jpg\" \/>\n\t<meta property=\"og:image:width\" content=\"960\" \/>\n\t<meta property=\"og:image:height\" content=\"960\" \/>\n\t<meta property=\"og:image:type\" content=\"image\/jpeg\" \/>\n<meta name=\"twitter:card\" content=\"summary_large_image\" \/>\n<meta name=\"twitter:label1\" content=\"Gesch\u00e4tzte Lesezeit\" \/>\n\t<meta name=\"twitter:data1\" content=\"1\u00a0Minute\" \/>\n<script type=\"application\/ld+json\" class=\"yoast-schema-graph\">{\"@context\":\"https:\\\/\\\/schema.org\",\"@graph\":[{\"@type\":[\"WebPage\",\"ItemPage\"],\"@id\":\"https:\\\/\\\/www.purejewels.com\\\/product\\\/22ct-gold-bangle-3\\\/\",\"url\":\"https:\\\/\\\/www.purejewels.com\\\/product\\\/22ct-gold-bangle-3\\\/\",\"name\":\"22ct Kada Bangle | Ruby & Enamel Floral Design | PureJewels\",\"isPartOf\":{\"@id\":\"https:\\\/\\\/www.purejewels.com\\\/#website\"},\"primaryImageOfPage\":{\"@id\":\"https:\\\/\\\/www.purejewels.com\\\/product\\\/22ct-gold-bangle-3\\\/#primaryimage\"},\"image\":{\"@id\":\"https:\\\/\\\/www.purejewels.com\\\/product\\\/22ct-gold-bangle-3\\\/#primaryimage\"},\"thumbnailUrl\":\"https:\\\/\\\/static.purejewels.com\\\/wp-content\\\/uploads\\\/2017\\\/07\\\/bangle_13083_a_960px-2.jpg\",\"datePublished\":\"2017-07-19T12:27:20+00:00\",\"dateModified\":\"2026-01-10T16:15:51+00:00\",\"description\":\"Celebrate heritage with this handcrafted 22ct gold kada bangle, featuring floral ruby cabochons, green gemstone detailing, and enamelled leaf motifs.\",\"breadcrumb\":{\"@id\":\"https:\\\/\\\/www.purejewels.com\\\/product\\\/22ct-gold-bangle-3\\\/#breadcrumb\"},\"inLanguage\":\"de\",\"potentialAction\":[{\"@type\":\"ReadAction\",\"target\":[\"https:\\\/\\\/www.purejewels.com\\\/product\\\/22ct-gold-bangle-3\\\/\"]}]},{\"@type\":\"ImageObject\",\"inLanguage\":\"de\",\"@id\":\"https:\\\/\\\/www.purejewels.com\\\/product\\\/22ct-gold-bangle-3\\\/#primaryimage\",\"url\":\"https:\\\/\\\/static.purejewels.com\\\/wp-content\\\/uploads\\\/2017\\\/07\\\/bangle_13083_a_960px-2.jpg\",\"contentUrl\":\"https:\\\/\\\/static.purejewels.com\\\/wp-content\\\/uploads\\\/2017\\\/07\\\/bangle_13083_a_960px-2.jpg\",\"width\":960,\"height\":960,\"caption\":\"bangle_13083_a_960px.jpg\"},{\"@type\":\"BreadcrumbList\",\"@id\":\"https:\\\/\\\/www.purejewels.com\\\/product\\\/22ct-gold-bangle-3\\\/#breadcrumb\",\"itemListElement\":[{\"@type\":\"ListItem\",\"position\":1,\"name\":\"Home\",\"item\":\"https:\\\/\\\/www.purejewels.com\\\/\"},{\"@type\":\"ListItem\",\"position\":2,\"name\":\"Shop\",\"item\":\"https:\\\/\\\/www.purejewels.com\\\/shop\\\/\"},{\"@type\":\"ListItem\",\"position\":3,\"name\":\"22ct Gold Floral Kada Bangle with Ruby &#038; Emerald\"}]},{\"@type\":\"WebSite\",\"@id\":\"https:\\\/\\\/www.purejewels.com\\\/#website\",\"url\":\"https:\\\/\\\/www.purejewels.com\\\/\",\"name\":\"PureJewels UK\",\"description\":\"Share the Love\",\"publisher\":{\"@id\":\"https:\\\/\\\/www.purejewels.com\\\/#organization\"},\"potentialAction\":[{\"@type\":\"SearchAction\",\"target\":{\"@type\":\"EntryPoint\",\"urlTemplate\":\"https:\\\/\\\/www.purejewels.com\\\/?s={search_term_string}\"},\"query-input\":{\"@type\":\"PropertyValueSpecification\",\"valueRequired\":true,\"valueName\":\"search_term_string\"}}],\"inLanguage\":\"de\"},{\"@type\":\"Organization\",\"@id\":\"https:\\\/\\\/www.purejewels.com\\\/#organization\",\"name\":\"PureJewels UK\",\"url\":\"https:\\\/\\\/www.purejewels.com\\\/\",\"logo\":{\"@type\":\"ImageObject\",\"inLanguage\":\"de\",\"@id\":\"https:\\\/\\\/www.purejewels.com\\\/#\\\/schema\\\/logo\\\/image\\\/\",\"url\":\"https:\\\/\\\/static.purejewels.com\\\/wp-content\\\/uploads\\\/2020\\\/11\\\/Logo-PJ-New-1.png\",\"contentUrl\":\"https:\\\/\\\/static.purejewels.com\\\/wp-content\\\/uploads\\\/2020\\\/11\\\/Logo-PJ-New-1.png\",\"width\":150,\"height\":80,\"caption\":\"PureJewels UK\"},\"image\":{\"@id\":\"https:\\\/\\\/www.purejewels.com\\\/#\\\/schema\\\/logo\\\/image\\\/\"}}]}<\/script>\n<!-- \/ Yoast SEO plugin. -->","yoast_head_json":{"title":"22 Karat Kada Armreif | Rubin &amp; Emaille Blumenmuster | PureJewels","description":"Feiern Sie das Erbe mit diesem handgefertigten Armreif aus 22 Karat Gold, verziert mit floralen Rubin-Cabochons, gr\u00fcnen Edelsteinen und emaillierten Blattmotiven.","robots":{"index":"index","follow":"follow","max-snippet":"max-snippet:-1","max-image-preview":"max-image-preview:large","max-video-preview":"max-video-preview:-1"},"canonical":"https:\/\/www.purejewels.com\/de\/produkt-2\/armreif-aus-22-karat-gold-3\/","og_locale":"de_DE","og_type":"article","og_title":"22ct Kada Bangle | Ruby & Enamel Floral Design | PureJewels","og_description":"Celebrate heritage with this handcrafted 22ct gold kada bangle, featuring floral ruby cabochons, green gemstone detailing, and enamelled leaf motifs.","og_url":"https:\/\/www.purejewels.com\/de\/produkt-2\/armreif-aus-22-karat-gold-3\/","og_site_name":"PureJewels UK","article_modified_time":"2026-01-10T16:15:51+00:00","og_image":[{"width":960,"height":960,"url":"https:\/\/static.purejewels.com\/wp-content\/uploads\/2017\/07\/bangle_13083_a_960px-2.jpg","type":"image\/jpeg"}],"twitter_card":"summary_large_image","twitter_misc":{"Gesch\u00e4tzte Lesezeit":"1\u00a0Minute"},"schema":{"@context":"https:\/\/schema.org","@graph":[{"@type":["WebPage","ItemPage"],"@id":"https:\/\/www.purejewels.com\/product\/22ct-gold-bangle-3\/","url":"https:\/\/www.purejewels.com\/product\/22ct-gold-bangle-3\/","name":"22 Karat Kada Armreif | Rubin &amp; Emaille Blumenmuster | PureJewels","isPartOf":{"@id":"https:\/\/www.purejewels.com\/#website"},"primaryImageOfPage":{"@id":"https:\/\/www.purejewels.com\/product\/22ct-gold-bangle-3\/#primaryimage"},"image":{"@id":"https:\/\/www.purejewels.com\/product\/22ct-gold-bangle-3\/#primaryimage"},"thumbnailUrl":"https:\/\/static.purejewels.com\/wp-content\/uploads\/2017\/07\/bangle_13083_a_960px-2.jpg","datePublished":"2017-07-19T12:27:20+00:00","dateModified":"2026-01-10T16:15:51+00:00","description":"Feiern Sie das Erbe mit diesem handgefertigten Armreif aus 22 Karat Gold, verziert mit floralen Rubin-Cabochons, gr\u00fcnen Edelsteinen und emaillierten Blattmotiven.","breadcrumb":{"@id":"https:\/\/www.purejewels.com\/product\/22ct-gold-bangle-3\/#breadcrumb"},"inLanguage":"de","potentialAction":[{"@type":"ReadAction","target":["https:\/\/www.purejewels.com\/product\/22ct-gold-bangle-3\/"]}]},{"@type":"ImageObject","inLanguage":"de","@id":"https:\/\/www.purejewels.com\/product\/22ct-gold-bangle-3\/#primaryimage","url":"https:\/\/static.purejewels.com\/wp-content\/uploads\/2017\/07\/bangle_13083_a_960px-2.jpg","contentUrl":"https:\/\/static.purejewels.com\/wp-content\/uploads\/2017\/07\/bangle_13083_a_960px-2.jpg","width":960,"height":960,"caption":"bangle_13083_a_960px.jpg"},{"@type":"BreadcrumbList","@id":"https:\/\/www.purejewels.com\/product\/22ct-gold-bangle-3\/#breadcrumb","itemListElement":[{"@type":"ListItem","position":1,"name":"Home","item":"https:\/\/www.purejewels.com\/"},{"@type":"ListItem","position":2,"name":"Shop","item":"https:\/\/www.purejewels.com\/shop\/"},{"@type":"ListItem","position":3,"name":"22ct Gold Floral Kada Bangle with Ruby &#038; Emerald"}]},{"@type":"WebSite","@id":"https:\/\/www.purejewels.com\/#website","url":"https:\/\/www.purejewels.com\/","name":"PureJewels UK","description":"Teile die Liebe","publisher":{"@id":"https:\/\/www.purejewels.com\/#organization"},"potentialAction":[{"@type":"SearchAction","target":{"@type":"EntryPoint","urlTemplate":"https:\/\/www.purejewels.com\/?s={search_term_string}"},"query-input":{"@type":"PropertyValueSpecification","valueRequired":true,"valueName":"search_term_string"}}],"inLanguage":"de"},{"@type":"Organization","@id":"https:\/\/www.purejewels.com\/#organization","name":"PureJewels UK","url":"https:\/\/www.purejewels.com\/","logo":{"@type":"ImageObject","inLanguage":"de","@id":"https:\/\/www.purejewels.com\/#\/schema\/logo\/image\/","url":"https:\/\/static.purejewels.com\/wp-content\/uploads\/2020\/11\/Logo-PJ-New-1.png","contentUrl":"https:\/\/static.purejewels.com\/wp-content\/uploads\/2020\/11\/Logo-PJ-New-1.png","width":150,"height":80,"caption":"PureJewels UK"},"image":{"@id":"https:\/\/www.purejewels.com\/#\/schema\/logo\/image\/"}}]}},"_links":{"self":[{"href":"https:\/\/www.purejewels.com\/de\/wp-json\/wp\/v2\/product\/4326","targetHints":{"allow":["GET"]}}],"collection":[{"href":"https:\/\/www.purejewels.com\/de\/wp-json\/wp\/v2\/product"}],"about":[{"href":"https:\/\/www.purejewels.com\/de\/wp-json\/wp\/v2\/types\/product"}],"replies":[{"embeddable":true,"href":"https:\/\/www.purejewels.com\/de\/wp-json\/wp\/v2\/comments?post=4326"}],"version-history":[{"count":3,"href":"https:\/\/www.purejewels.com\/de\/wp-json\/wp\/v2\/product\/4326\/revisions"}],"predecessor-version":[{"id":423608,"href":"https:\/\/www.purejewels.com\/de\/wp-json\/wp\/v2\/product\/4326\/revisions\/423608"}],"wp:featuredmedia":[{"embeddable":true,"href":"https:\/\/www.purejewels.com\/de\/wp-json\/wp\/v2\/media\/4327"}],"wp:attachment":[{"href":"https:\/\/www.purejewels.com\/de\/wp-json\/wp\/v2\/media?parent=4326"}],"wp:term":[{"taxonomy":"product_brand","embeddable":true,"href":"https:\/\/www.purejewels.com\/de\/wp-json\/wp\/v2\/product_brand?post=4326"},{"taxonomy":"product_cat","embeddable":true,"href":"https:\/\/www.purejewels.com\/de\/wp-json\/wp\/v2\/product_cat?post=4326"},{"taxonomy":"product_tag","embeddable":true,"href":"https:\/\/www.purejewels.com\/de\/wp-json\/wp\/v2\/product_tag?post=4326"}],"curies":[{"name":"wp","href":"https:\/\/api.w.org\/{rel}","templated":true}]}}