{"id":4336,"date":"2017-07-19T13:27:27","date_gmt":"2017-07-19T12:27:27","guid":{"rendered":"http:\/\/new.purejewels.com\/product\/18ct-white-gold-pendant-2\/"},"modified":"2025-12-31T12:36:08","modified_gmt":"2025-12-31T12:36:08","slug":"anhanger-aus-18-karat-weisgold-2","status":"publish","type":"product","link":"https:\/\/www.purejewels.com\/de\/product\/18ct-white-gold-pendant-2\/","title":{"rendered":"Anh\u00e4nger und Kette aus 18 Karat Wei\u00dfgold mit Diamanten"},"content":{"rendered":"<p><strong>Gestaltung<\/strong><\/p>\n<p>Dieser atemberaubende Anh\u00e4nger ist eine Hommage an anmutige Kurven und zarten Glanz. Gefertigt in <a href=\"https:\/\/www.purejewels.com\/de\/product\/18ct-white-gold-diamond-ring-for-ladies-8775\/\">18 Karat Wei\u00dfgold<\/a>, Das floral inspirierte Design besticht durch funkelnde Diamanten im Rundschliff, die kunstvoll zu einem anmutigen Scroll-Motiv angeordnet sind und in einem schillernden Diamantcluster-Anh\u00e4nger enden. Die dazugeh\u00f6rige Kette rundet das Design mit dezenter Brillanz ab.<\/p>\n<p><strong>Handwerkliches K\u00f6nnen<\/strong><\/p>\n<p>Jeder Diamant wird von erfahrenen Handwerkern von Hand gefasst, um eine perfekte Ausrichtung und au\u00dfergew\u00f6hnliche Brillanz zu gew\u00e4hrleisten. Die glatte Politur und die raffinierten Details unterstreichen die Pr\u00e4zision und Hingabe, die hinter jedem St\u00fcck stecken. Der Anh\u00e4nger ist an einer eleganten Wei\u00dfgoldkette befestigt, die sich elegant um den Hals legt.<\/p>\n<p><strong>Stil<\/strong><\/p>\n<p>Ob Sie eine Hochzeit besuchen, einen Jahrestag feiern oder Ihre Alltagsgarderobe aufwerten m\u00f6chten, dieses <a href=\"https:\/\/www.purejewels.com\/de\/product\/18ct-white-gold-khanda-sikh-religious-pendant-6226\/\">18ct<\/a> Wei\u00dfgold <a href=\"https:\/\/www.purejewels.com\/de\/product-tag\/diamond-pendant\/\">Diamantanh\u00e4nger<\/a> verleiht Ihrem Leben einen Hauch von Luxus. Tragen Sie es allein f\u00fcr einen minimalistischen Look oder kombinieren Sie es mit anderen Schmuckst\u00fccken f\u00fcr einen modernen Touch. Ein vielseitiges, zeitloses Schmuckst\u00fcck f\u00fcr alle, die feine Handwerkskunst und strahlende Sch\u00f6nheit zu sch\u00e4tzen wissen.<\/p>","protected":false},"excerpt":{"rendered":"<p>Dieser Diamantanh\u00e4nger mit Kette aus 18 Karat Wei\u00dfgold strahlt mit seiner eleganten Verarbeitung raffinierte Eleganz und zeitlosen Glanz aus \u2013 perfekt f\u00fcr jeden besonderen Moment.<\/p>\n<ul>\n<li>18ct Wei\u00dfgold Diamant-Anh\u00e4nger und Kette<\/li>\n<li>18ct Wei\u00dfgold Diamant-Anh\u00e4nger<\/li>\n<li>0,31ct Diamanten<\/li>\n<li>Preis \u00a3830<\/li>\n<li>18ct Wei\u00dfgold Kette<\/li>\n<li>1.9gm<\/li>\n<li>Preis \u00a3218<\/li>\n<li>Aktenzeichen 20585<\/li>\n<li>Alle Preise inklusive Mehrwertsteuer<\/li>\n<li>\u00a0Gold gestempelt von London Assay Office<\/li>\n<li>Alle Sets werden mit Pr\u00e4sentationsbox geliefert<\/li>\n<li>Lieferung inbegriffen<\/li>\n<li>Live-Chat mit uns f\u00fcr die Verf\u00fcgbarkeit und mehr Bilder von \u00e4hnlichen Designs derzeit auf Lager<\/li>\n<\/ul>","protected":false},"featured_media":4337,"comment_status":"closed","ping_status":"closed","template":"","meta":{"_eb_attr":"","_crsspst_to_jayantr4sg-hostcom":false},"product_brand":[],"product_cat":[1767,1574],"product_tag":[],"class_list":{"0":"post-4336","1":"product","2":"type-product","3":"status-publish","4":"has-post-thumbnail","6":"product_cat-ladies-pendants","7":"product_cat-womens-jewellery","9":"first","10":"outofstock","11":"taxable","12":"shipping-taxable","13":"product-type-simple","14":"add-to-wishlist-before_image"},"yoast_head":"<!-- This site is optimized with the Yoast SEO plugin v27.5 - https:\/\/yoast.com\/product\/yoast-seo-wordpress\/ -->\n<title>18ct White Gold Diamond Pendant | Elegant Jewellery |PureJewels<\/title>\n<meta name=\"description\" content=\"Discover timeless elegance with our 18ct white gold diamond pendant and chain at PureJewels. Perfectly crafted for special occasions or everyday luxury.\" \/>\n<meta name=\"robots\" content=\"index, follow, max-snippet:-1, max-image-preview:large, max-video-preview:-1\" \/>\n<link rel=\"canonical\" href=\"https:\/\/www.purejewels.com\/de\/produkt-2\/anhanger-aus-18-karat-weisgold-2\/\" \/>\n<meta property=\"og:locale\" content=\"de_DE\" \/>\n<meta property=\"og:type\" content=\"article\" \/>\n<meta property=\"og:title\" content=\"18ct White Gold Diamond Pendant | Elegant Jewellery |PureJewels\" \/>\n<meta property=\"og:description\" content=\"Discover timeless elegance with our 18ct white gold diamond pendant and chain at PureJewels. Perfectly crafted for special occasions or everyday luxury.\" \/>\n<meta property=\"og:url\" content=\"https:\/\/www.purejewels.com\/de\/produkt-2\/anhanger-aus-18-karat-weisgold-2\/\" \/>\n<meta property=\"og:site_name\" content=\"PureJewels UK\" \/>\n<meta property=\"article:modified_time\" content=\"2025-12-31T12:36:08+00:00\" \/>\n<meta property=\"og:image\" content=\"https:\/\/static.purejewels.com\/wp-content\/uploads\/2017\/07\/pendant_22907_chain_20585_b-2.jpg\" \/>\n\t<meta property=\"og:image:width\" content=\"960\" \/>\n\t<meta property=\"og:image:height\" content=\"960\" \/>\n\t<meta property=\"og:image:type\" content=\"image\/jpeg\" \/>\n<meta name=\"twitter:card\" content=\"summary_large_image\" \/>\n<meta name=\"twitter:label1\" content=\"Gesch\u00e4tzte Lesezeit\" \/>\n\t<meta name=\"twitter:data1\" content=\"1\u00a0Minute\" \/>\n<script type=\"application\/ld+json\" class=\"yoast-schema-graph\">{\"@context\":\"https:\\\/\\\/schema.org\",\"@graph\":[{\"@type\":[\"WebPage\",\"ItemPage\"],\"@id\":\"https:\\\/\\\/www.purejewels.com\\\/product\\\/18ct-white-gold-pendant-2\\\/\",\"url\":\"https:\\\/\\\/www.purejewels.com\\\/product\\\/18ct-white-gold-pendant-2\\\/\",\"name\":\"18ct White Gold Diamond Pendant | Elegant Jewellery |PureJewels\",\"isPartOf\":{\"@id\":\"https:\\\/\\\/www.purejewels.com\\\/#website\"},\"primaryImageOfPage\":{\"@id\":\"https:\\\/\\\/www.purejewels.com\\\/product\\\/18ct-white-gold-pendant-2\\\/#primaryimage\"},\"image\":{\"@id\":\"https:\\\/\\\/www.purejewels.com\\\/product\\\/18ct-white-gold-pendant-2\\\/#primaryimage\"},\"thumbnailUrl\":\"https:\\\/\\\/static.purejewels.com\\\/wp-content\\\/uploads\\\/2017\\\/07\\\/pendant_22907_chain_20585_b-2.jpg\",\"datePublished\":\"2017-07-19T12:27:27+00:00\",\"dateModified\":\"2025-12-31T12:36:08+00:00\",\"description\":\"Discover timeless elegance with our 18ct white gold diamond pendant and chain at PureJewels. Perfectly crafted for special occasions or everyday luxury.\",\"breadcrumb\":{\"@id\":\"https:\\\/\\\/www.purejewels.com\\\/product\\\/18ct-white-gold-pendant-2\\\/#breadcrumb\"},\"inLanguage\":\"de\",\"potentialAction\":[{\"@type\":\"ReadAction\",\"target\":[\"https:\\\/\\\/www.purejewels.com\\\/product\\\/18ct-white-gold-pendant-2\\\/\"]}]},{\"@type\":\"ImageObject\",\"inLanguage\":\"de\",\"@id\":\"https:\\\/\\\/www.purejewels.com\\\/product\\\/18ct-white-gold-pendant-2\\\/#primaryimage\",\"url\":\"https:\\\/\\\/static.purejewels.com\\\/wp-content\\\/uploads\\\/2017\\\/07\\\/pendant_22907_chain_20585_b-2.jpg\",\"contentUrl\":\"https:\\\/\\\/static.purejewels.com\\\/wp-content\\\/uploads\\\/2017\\\/07\\\/pendant_22907_chain_20585_b-2.jpg\",\"width\":960,\"height\":960,\"caption\":\"pendant_22907_chain_20585_b.jpg\"},{\"@type\":\"BreadcrumbList\",\"@id\":\"https:\\\/\\\/www.purejewels.com\\\/product\\\/18ct-white-gold-pendant-2\\\/#breadcrumb\",\"itemListElement\":[{\"@type\":\"ListItem\",\"position\":1,\"name\":\"Home\",\"item\":\"https:\\\/\\\/www.purejewels.com\\\/\"},{\"@type\":\"ListItem\",\"position\":2,\"name\":\"Shop\",\"item\":\"https:\\\/\\\/www.purejewels.com\\\/shop\\\/\"},{\"@type\":\"ListItem\",\"position\":3,\"name\":\"18ct White Gold Diamond Pendant &#038; Chain\"}]},{\"@type\":\"WebSite\",\"@id\":\"https:\\\/\\\/www.purejewels.com\\\/#website\",\"url\":\"https:\\\/\\\/www.purejewels.com\\\/\",\"name\":\"PureJewels UK\",\"description\":\"Share the Love\",\"publisher\":{\"@id\":\"https:\\\/\\\/www.purejewels.com\\\/#organization\"},\"potentialAction\":[{\"@type\":\"SearchAction\",\"target\":{\"@type\":\"EntryPoint\",\"urlTemplate\":\"https:\\\/\\\/www.purejewels.com\\\/?s={search_term_string}\"},\"query-input\":{\"@type\":\"PropertyValueSpecification\",\"valueRequired\":true,\"valueName\":\"search_term_string\"}}],\"inLanguage\":\"de\"},{\"@type\":\"Organization\",\"@id\":\"https:\\\/\\\/www.purejewels.com\\\/#organization\",\"name\":\"PureJewels UK\",\"url\":\"https:\\\/\\\/www.purejewels.com\\\/\",\"logo\":{\"@type\":\"ImageObject\",\"inLanguage\":\"de\",\"@id\":\"https:\\\/\\\/www.purejewels.com\\\/#\\\/schema\\\/logo\\\/image\\\/\",\"url\":\"https:\\\/\\\/static.purejewels.com\\\/wp-content\\\/uploads\\\/2020\\\/11\\\/Logo-PJ-New-1.png\",\"contentUrl\":\"https:\\\/\\\/static.purejewels.com\\\/wp-content\\\/uploads\\\/2020\\\/11\\\/Logo-PJ-New-1.png\",\"width\":150,\"height\":80,\"caption\":\"PureJewels UK\"},\"image\":{\"@id\":\"https:\\\/\\\/www.purejewels.com\\\/#\\\/schema\\\/logo\\\/image\\\/\"}}]}<\/script>\n<!-- \/ Yoast SEO plugin. -->","yoast_head_json":{"title":"18 Karat Wei\u00dfgold-Diamant-Anh\u00e4nger | Eleganter Schmuck | PureJewels","description":"Entdecken Sie zeitlose Eleganz mit unserem Anh\u00e4nger und unserer Kette aus 18 Karat Wei\u00dfgold mit Diamanten bei PureJewels. Perfekt verarbeitet f\u00fcr besondere Anl\u00e4sse oder den luxuri\u00f6sen Alltag.","robots":{"index":"index","follow":"follow","max-snippet":"max-snippet:-1","max-image-preview":"max-image-preview:large","max-video-preview":"max-video-preview:-1"},"canonical":"https:\/\/www.purejewels.com\/de\/produkt-2\/anhanger-aus-18-karat-weisgold-2\/","og_locale":"de_DE","og_type":"article","og_title":"18ct White Gold Diamond Pendant | Elegant Jewellery |PureJewels","og_description":"Discover timeless elegance with our 18ct white gold diamond pendant and chain at PureJewels. Perfectly crafted for special occasions or everyday luxury.","og_url":"https:\/\/www.purejewels.com\/de\/produkt-2\/anhanger-aus-18-karat-weisgold-2\/","og_site_name":"PureJewels UK","article_modified_time":"2025-12-31T12:36:08+00:00","og_image":[{"width":960,"height":960,"url":"https:\/\/static.purejewels.com\/wp-content\/uploads\/2017\/07\/pendant_22907_chain_20585_b-2.jpg","type":"image\/jpeg"}],"twitter_card":"summary_large_image","twitter_misc":{"Gesch\u00e4tzte Lesezeit":"1\u00a0Minute"},"schema":{"@context":"https:\/\/schema.org","@graph":[{"@type":["WebPage","ItemPage"],"@id":"https:\/\/www.purejewels.com\/product\/18ct-white-gold-pendant-2\/","url":"https:\/\/www.purejewels.com\/product\/18ct-white-gold-pendant-2\/","name":"18 Karat Wei\u00dfgold-Diamant-Anh\u00e4nger | Eleganter Schmuck | PureJewels","isPartOf":{"@id":"https:\/\/www.purejewels.com\/#website"},"primaryImageOfPage":{"@id":"https:\/\/www.purejewels.com\/product\/18ct-white-gold-pendant-2\/#primaryimage"},"image":{"@id":"https:\/\/www.purejewels.com\/product\/18ct-white-gold-pendant-2\/#primaryimage"},"thumbnailUrl":"https:\/\/static.purejewels.com\/wp-content\/uploads\/2017\/07\/pendant_22907_chain_20585_b-2.jpg","datePublished":"2017-07-19T12:27:27+00:00","dateModified":"2025-12-31T12:36:08+00:00","description":"Entdecken Sie zeitlose Eleganz mit unserem Anh\u00e4nger und unserer Kette aus 18 Karat Wei\u00dfgold mit Diamanten bei PureJewels. Perfekt verarbeitet f\u00fcr besondere Anl\u00e4sse oder den luxuri\u00f6sen Alltag.","breadcrumb":{"@id":"https:\/\/www.purejewels.com\/product\/18ct-white-gold-pendant-2\/#breadcrumb"},"inLanguage":"de","potentialAction":[{"@type":"ReadAction","target":["https:\/\/www.purejewels.com\/product\/18ct-white-gold-pendant-2\/"]}]},{"@type":"ImageObject","inLanguage":"de","@id":"https:\/\/www.purejewels.com\/product\/18ct-white-gold-pendant-2\/#primaryimage","url":"https:\/\/static.purejewels.com\/wp-content\/uploads\/2017\/07\/pendant_22907_chain_20585_b-2.jpg","contentUrl":"https:\/\/static.purejewels.com\/wp-content\/uploads\/2017\/07\/pendant_22907_chain_20585_b-2.jpg","width":960,"height":960,"caption":"pendant_22907_chain_20585_b.jpg"},{"@type":"BreadcrumbList","@id":"https:\/\/www.purejewels.com\/product\/18ct-white-gold-pendant-2\/#breadcrumb","itemListElement":[{"@type":"ListItem","position":1,"name":"Home","item":"https:\/\/www.purejewels.com\/"},{"@type":"ListItem","position":2,"name":"Shop","item":"https:\/\/www.purejewels.com\/shop\/"},{"@type":"ListItem","position":3,"name":"18ct White Gold Diamond Pendant &#038; Chain"}]},{"@type":"WebSite","@id":"https:\/\/www.purejewels.com\/#website","url":"https:\/\/www.purejewels.com\/","name":"PureJewels UK","description":"Teile die Liebe","publisher":{"@id":"https:\/\/www.purejewels.com\/#organization"},"potentialAction":[{"@type":"SearchAction","target":{"@type":"EntryPoint","urlTemplate":"https:\/\/www.purejewels.com\/?s={search_term_string}"},"query-input":{"@type":"PropertyValueSpecification","valueRequired":true,"valueName":"search_term_string"}}],"inLanguage":"de"},{"@type":"Organization","@id":"https:\/\/www.purejewels.com\/#organization","name":"PureJewels UK","url":"https:\/\/www.purejewels.com\/","logo":{"@type":"ImageObject","inLanguage":"de","@id":"https:\/\/www.purejewels.com\/#\/schema\/logo\/image\/","url":"https:\/\/static.purejewels.com\/wp-content\/uploads\/2020\/11\/Logo-PJ-New-1.png","contentUrl":"https:\/\/static.purejewels.com\/wp-content\/uploads\/2020\/11\/Logo-PJ-New-1.png","width":150,"height":80,"caption":"PureJewels UK"},"image":{"@id":"https:\/\/www.purejewels.com\/#\/schema\/logo\/image\/"}}]}},"_links":{"self":[{"href":"https:\/\/www.purejewels.com\/de\/wp-json\/wp\/v2\/product\/4336","targetHints":{"allow":["GET"]}}],"collection":[{"href":"https:\/\/www.purejewels.com\/de\/wp-json\/wp\/v2\/product"}],"about":[{"href":"https:\/\/www.purejewels.com\/de\/wp-json\/wp\/v2\/types\/product"}],"replies":[{"embeddable":true,"href":"https:\/\/www.purejewels.com\/de\/wp-json\/wp\/v2\/comments?post=4336"}],"version-history":[{"count":2,"href":"https:\/\/www.purejewels.com\/de\/wp-json\/wp\/v2\/product\/4336\/revisions"}],"predecessor-version":[{"id":424103,"href":"https:\/\/www.purejewels.com\/de\/wp-json\/wp\/v2\/product\/4336\/revisions\/424103"}],"wp:featuredmedia":[{"embeddable":true,"href":"https:\/\/www.purejewels.com\/de\/wp-json\/wp\/v2\/media\/4337"}],"wp:attachment":[{"href":"https:\/\/www.purejewels.com\/de\/wp-json\/wp\/v2\/media?parent=4336"}],"wp:term":[{"taxonomy":"product_brand","embeddable":true,"href":"https:\/\/www.purejewels.com\/de\/wp-json\/wp\/v2\/product_brand?post=4336"},{"taxonomy":"product_cat","embeddable":true,"href":"https:\/\/www.purejewels.com\/de\/wp-json\/wp\/v2\/product_cat?post=4336"},{"taxonomy":"product_tag","embeddable":true,"href":"https:\/\/www.purejewels.com\/de\/wp-json\/wp\/v2\/product_tag?post=4336"}],"curies":[{"name":"wp","href":"https:\/\/api.w.org\/{rel}","templated":true}]}}