{"id":4342,"date":"2017-07-19T13:27:32","date_gmt":"2017-07-19T12:27:32","guid":{"rendered":"http:\/\/new.purejewels.com\/product\/18ct-white-gold-pendant-5\/"},"modified":"2025-12-31T12:45:46","modified_gmt":"2025-12-31T12:45:46","slug":"anhanger-aus-18-karat-weisgold-5","status":"publish","type":"product","link":"https:\/\/www.purejewels.com\/de\/product\/18ct-white-gold-pendant-5\/","title":{"rendered":"Anh\u00e4nger aus 18 Karat Wei\u00dfgold mit Diamanten \u2013 Blumenstrau\u00df"},"content":{"rendered":"<p><strong>Gestaltung<\/strong><\/p>\n<p>Inspiriert von den sanften Kurven der Natur, ist dieser wirbelf\u00f6rmige Anh\u00e4nger ein moderner Klassiker. Das Design flie\u00dft elegant in einen zentralen floralen Diamantencluster, der einen strahlenden Mittelpunkt bildet und aus jedem Blickwinkel funkelt. Gefasst in poliertem <a href=\"https:\/\/www.purejewels.com\/de\/product\/18ct-white-gold-diamond-ring-for-ladies-8775\/\">18 Karat Wei\u00dfgold<\/a>, Der Anh\u00e4nger strahlt Anmut und Weiblichkeit aus.<\/p>\n<p><strong>Handwerkliches K\u00f6nnen<\/strong><\/p>\n<p>Der Anh\u00e4nger ist fachm\u00e4nnisch und mit viel Liebe zum Detail gefertigt. Jeder Diamant ist sorgf\u00e4ltig von Hand gefasst, um maximale Brillanz und Ausgewogenheit zu gew\u00e4hrleisten. Das glatte, flie\u00dfende Design sorgt f\u00fcr ein nahtloses Finish, w\u00e4hrend der Anh\u00e4nger an einer feinen, passenden Wei\u00dfgoldkette f\u00fcr einen raffinierten Look aufgeh\u00e4ngt ist.<\/p>\n<p><strong>Stil<\/strong><\/p>\n<p>Ob t\u00e4glich getragen oder f\u00fcr besondere Anl\u00e4sse aufbewahrt, dieser diamantene Swirl-Anh\u00e4nger erg\u00e4nzt jedes Outfit mit seinem raffinierten Charme. Er ist ein perfektes Geschenk f\u00fcr Geburtstage, Jahrestage oder einfach, um sich selbst eine Freude zu machen - ein vielseitiges St\u00fcck von zeitloser Sch\u00f6nheit.<\/p>","protected":false},"excerpt":{"rendered":"<p>Dieser elegante Anh\u00e4nger aus 18-kar\u00e4tigem Wei\u00dfgold besticht durch seine floralen Diamanten, die klassischen Charme mit moderner Eleganz verbinden.<\/p>\n<ul>\n<li>18ct Wei\u00dfgold Diamant-Anh\u00e4nger und Kette<\/li>\n<li>18ct Wei\u00dfgold Diamant-Anh\u00e4nger<\/li>\n<li>Diamanten. 0,19 ct<\/li>\n<li>Preis \u00a3715<\/li>\n<li>18ct Wei\u00dfgold Kette<\/li>\n<li>Wt. 1.4 g<\/li>\n<li>Preis \u00a3165<\/li>\n<li>SKU. 24246<\/li>\n<li>Alle Preise inklusive Mehrwertsteuer<\/li>\n<li>\u00a0Gold gestempelt von London Assay Office<\/li>\n<li>Alle Sets werden mit Pr\u00e4sentationsbox geliefert<\/li>\n<li>Lieferung inbegriffen<\/li>\n<li>Live-Chat mit uns f\u00fcr die Verf\u00fcgbarkeit und mehr Bilder von \u00e4hnlichen Designs derzeit auf Lager<\/li>\n<\/ul>","protected":false},"featured_media":4343,"comment_status":"closed","ping_status":"closed","template":"","meta":{"_eb_attr":"","_crsspst_to_jayantr4sg-hostcom":false},"product_brand":[],"product_cat":[1767,1574],"product_tag":[],"class_list":{"0":"post-4342","1":"product","2":"type-product","3":"status-publish","4":"has-post-thumbnail","6":"product_cat-ladies-pendants","7":"product_cat-womens-jewellery","9":"first","10":"outofstock","11":"taxable","12":"shipping-taxable","13":"product-type-simple","14":"add-to-wishlist-before_image"},"yoast_head":"<!-- This site is optimized with the Yoast SEO plugin v27.3 - https:\/\/yoast.com\/product\/yoast-seo-wordpress\/ -->\n<title>18ct White Gold Swirl Pendant | Floral Diamond | PureJewels<\/title>\n<meta name=\"description\" content=\"Discover timeless elegance with this 18ct white gold swirl pendant featuring a floral diamond cluster. A refined addition to your jewellery collection.\" \/>\n<meta name=\"robots\" content=\"index, follow, max-snippet:-1, max-image-preview:large, max-video-preview:-1\" \/>\n<link rel=\"canonical\" href=\"https:\/\/www.purejewels.com\/de\/produkt-2\/anhanger-aus-18-karat-weisgold-5\/\" \/>\n<meta property=\"og:locale\" content=\"de_DE\" \/>\n<meta property=\"og:type\" content=\"article\" \/>\n<meta property=\"og:title\" content=\"18ct White Gold Swirl Pendant | Floral Diamond | PureJewels\" \/>\n<meta property=\"og:description\" content=\"Discover timeless elegance with this 18ct white gold swirl pendant featuring a floral diamond cluster. A refined addition to your jewellery collection.\" \/>\n<meta property=\"og:url\" content=\"https:\/\/www.purejewels.com\/de\/produkt-2\/anhanger-aus-18-karat-weisgold-5\/\" \/>\n<meta property=\"og:site_name\" content=\"PureJewels UK\" \/>\n<meta property=\"article:modified_time\" content=\"2025-12-31T12:45:46+00:00\" \/>\n<meta property=\"og:image\" content=\"https:\/\/static.purejewels.com\/wp-content\/uploads\/2017\/07\/pendant_24275_chain_24246_b-2.jpg\" \/>\n\t<meta property=\"og:image:width\" content=\"960\" \/>\n\t<meta property=\"og:image:height\" content=\"960\" \/>\n\t<meta property=\"og:image:type\" content=\"image\/jpeg\" \/>\n<meta name=\"twitter:card\" content=\"summary_large_image\" \/>\n<meta name=\"twitter:label1\" content=\"Gesch\u00e4tzte Lesezeit\" \/>\n\t<meta name=\"twitter:data1\" content=\"1\u00a0Minute\" \/>\n<script type=\"application\/ld+json\" class=\"yoast-schema-graph\">{\"@context\":\"https:\\\/\\\/schema.org\",\"@graph\":[{\"@type\":[\"WebPage\",\"ItemPage\"],\"@id\":\"https:\\\/\\\/www.purejewels.com\\\/product\\\/18ct-white-gold-pendant-5\\\/\",\"url\":\"https:\\\/\\\/www.purejewels.com\\\/product\\\/18ct-white-gold-pendant-5\\\/\",\"name\":\"18ct White Gold Swirl Pendant | Floral Diamond | PureJewels\",\"isPartOf\":{\"@id\":\"https:\\\/\\\/www.purejewels.com\\\/#website\"},\"primaryImageOfPage\":{\"@id\":\"https:\\\/\\\/www.purejewels.com\\\/product\\\/18ct-white-gold-pendant-5\\\/#primaryimage\"},\"image\":{\"@id\":\"https:\\\/\\\/www.purejewels.com\\\/product\\\/18ct-white-gold-pendant-5\\\/#primaryimage\"},\"thumbnailUrl\":\"https:\\\/\\\/static.purejewels.com\\\/wp-content\\\/uploads\\\/2017\\\/07\\\/pendant_24275_chain_24246_b-2.jpg\",\"datePublished\":\"2017-07-19T12:27:32+00:00\",\"dateModified\":\"2025-12-31T12:45:46+00:00\",\"description\":\"Discover timeless elegance with this 18ct white gold swirl pendant featuring a floral diamond cluster. A refined addition to your jewellery collection.\",\"breadcrumb\":{\"@id\":\"https:\\\/\\\/www.purejewels.com\\\/product\\\/18ct-white-gold-pendant-5\\\/#breadcrumb\"},\"inLanguage\":\"de\",\"potentialAction\":[{\"@type\":\"ReadAction\",\"target\":[\"https:\\\/\\\/www.purejewels.com\\\/product\\\/18ct-white-gold-pendant-5\\\/\"]}]},{\"@type\":\"ImageObject\",\"inLanguage\":\"de\",\"@id\":\"https:\\\/\\\/www.purejewels.com\\\/product\\\/18ct-white-gold-pendant-5\\\/#primaryimage\",\"url\":\"https:\\\/\\\/static.purejewels.com\\\/wp-content\\\/uploads\\\/2017\\\/07\\\/pendant_24275_chain_24246_b-2.jpg\",\"contentUrl\":\"https:\\\/\\\/static.purejewels.com\\\/wp-content\\\/uploads\\\/2017\\\/07\\\/pendant_24275_chain_24246_b-2.jpg\",\"width\":960,\"height\":960,\"caption\":\"pendant_24275_chain_24246_b.jpg\"},{\"@type\":\"BreadcrumbList\",\"@id\":\"https:\\\/\\\/www.purejewels.com\\\/product\\\/18ct-white-gold-pendant-5\\\/#breadcrumb\",\"itemListElement\":[{\"@type\":\"ListItem\",\"position\":1,\"name\":\"Home\",\"item\":\"https:\\\/\\\/www.purejewels.com\\\/\"},{\"@type\":\"ListItem\",\"position\":2,\"name\":\"Shop\",\"item\":\"https:\\\/\\\/www.purejewels.com\\\/shop\\\/\"},{\"@type\":\"ListItem\",\"position\":3,\"name\":\"18ct White Gold Diamond Swirl Pendant \u2013 Floral Cluster\"}]},{\"@type\":\"WebSite\",\"@id\":\"https:\\\/\\\/www.purejewels.com\\\/#website\",\"url\":\"https:\\\/\\\/www.purejewels.com\\\/\",\"name\":\"PureJewels UK\",\"description\":\"Share the Love\",\"publisher\":{\"@id\":\"https:\\\/\\\/www.purejewels.com\\\/#organization\"},\"potentialAction\":[{\"@type\":\"SearchAction\",\"target\":{\"@type\":\"EntryPoint\",\"urlTemplate\":\"https:\\\/\\\/www.purejewels.com\\\/?s={search_term_string}\"},\"query-input\":{\"@type\":\"PropertyValueSpecification\",\"valueRequired\":true,\"valueName\":\"search_term_string\"}}],\"inLanguage\":\"de\"},{\"@type\":\"Organization\",\"@id\":\"https:\\\/\\\/www.purejewels.com\\\/#organization\",\"name\":\"PureJewels UK\",\"url\":\"https:\\\/\\\/www.purejewels.com\\\/\",\"logo\":{\"@type\":\"ImageObject\",\"inLanguage\":\"de\",\"@id\":\"https:\\\/\\\/www.purejewels.com\\\/#\\\/schema\\\/logo\\\/image\\\/\",\"url\":\"https:\\\/\\\/static.purejewels.com\\\/wp-content\\\/uploads\\\/2020\\\/11\\\/Logo-PJ-New-1.png\",\"contentUrl\":\"https:\\\/\\\/static.purejewels.com\\\/wp-content\\\/uploads\\\/2020\\\/11\\\/Logo-PJ-New-1.png\",\"width\":150,\"height\":80,\"caption\":\"PureJewels UK\"},\"image\":{\"@id\":\"https:\\\/\\\/www.purejewels.com\\\/#\\\/schema\\\/logo\\\/image\\\/\"}}]}<\/script>\n<!-- \/ Yoast SEO plugin. -->","yoast_head_json":{"title":"18ct Wei\u00dfgold Swirl Anh\u00e4nger | Floral Diamond | PureJewels","description":"Entdecken Sie zeitlose Eleganz mit diesem Anh\u00e4nger aus 18 Karat Wei\u00dfgold mit einem floralen Diamantencluster. Eine raffinierte Erg\u00e4nzung f\u00fcr Ihre Schmucksammlung.","robots":{"index":"index","follow":"follow","max-snippet":"max-snippet:-1","max-image-preview":"max-image-preview:large","max-video-preview":"max-video-preview:-1"},"canonical":"https:\/\/www.purejewels.com\/de\/produkt-2\/anhanger-aus-18-karat-weisgold-5\/","og_locale":"de_DE","og_type":"article","og_title":"18ct White Gold Swirl Pendant | Floral Diamond | PureJewels","og_description":"Discover timeless elegance with this 18ct white gold swirl pendant featuring a floral diamond cluster. A refined addition to your jewellery collection.","og_url":"https:\/\/www.purejewels.com\/de\/produkt-2\/anhanger-aus-18-karat-weisgold-5\/","og_site_name":"PureJewels UK","article_modified_time":"2025-12-31T12:45:46+00:00","og_image":[{"width":960,"height":960,"url":"https:\/\/static.purejewels.com\/wp-content\/uploads\/2017\/07\/pendant_24275_chain_24246_b-2.jpg","type":"image\/jpeg"}],"twitter_card":"summary_large_image","twitter_misc":{"Gesch\u00e4tzte Lesezeit":"1\u00a0Minute"},"schema":{"@context":"https:\/\/schema.org","@graph":[{"@type":["WebPage","ItemPage"],"@id":"https:\/\/www.purejewels.com\/product\/18ct-white-gold-pendant-5\/","url":"https:\/\/www.purejewels.com\/product\/18ct-white-gold-pendant-5\/","name":"18ct Wei\u00dfgold Swirl Anh\u00e4nger | Floral Diamond | PureJewels","isPartOf":{"@id":"https:\/\/www.purejewels.com\/#website"},"primaryImageOfPage":{"@id":"https:\/\/www.purejewels.com\/product\/18ct-white-gold-pendant-5\/#primaryimage"},"image":{"@id":"https:\/\/www.purejewels.com\/product\/18ct-white-gold-pendant-5\/#primaryimage"},"thumbnailUrl":"https:\/\/static.purejewels.com\/wp-content\/uploads\/2017\/07\/pendant_24275_chain_24246_b-2.jpg","datePublished":"2017-07-19T12:27:32+00:00","dateModified":"2025-12-31T12:45:46+00:00","description":"Entdecken Sie zeitlose Eleganz mit diesem Anh\u00e4nger aus 18 Karat Wei\u00dfgold mit einem floralen Diamantencluster. Eine raffinierte Erg\u00e4nzung f\u00fcr Ihre Schmucksammlung.","breadcrumb":{"@id":"https:\/\/www.purejewels.com\/product\/18ct-white-gold-pendant-5\/#breadcrumb"},"inLanguage":"de","potentialAction":[{"@type":"ReadAction","target":["https:\/\/www.purejewels.com\/product\/18ct-white-gold-pendant-5\/"]}]},{"@type":"ImageObject","inLanguage":"de","@id":"https:\/\/www.purejewels.com\/product\/18ct-white-gold-pendant-5\/#primaryimage","url":"https:\/\/static.purejewels.com\/wp-content\/uploads\/2017\/07\/pendant_24275_chain_24246_b-2.jpg","contentUrl":"https:\/\/static.purejewels.com\/wp-content\/uploads\/2017\/07\/pendant_24275_chain_24246_b-2.jpg","width":960,"height":960,"caption":"pendant_24275_chain_24246_b.jpg"},{"@type":"BreadcrumbList","@id":"https:\/\/www.purejewels.com\/product\/18ct-white-gold-pendant-5\/#breadcrumb","itemListElement":[{"@type":"ListItem","position":1,"name":"Home","item":"https:\/\/www.purejewels.com\/"},{"@type":"ListItem","position":2,"name":"Shop","item":"https:\/\/www.purejewels.com\/shop\/"},{"@type":"ListItem","position":3,"name":"18ct White Gold Diamond Swirl Pendant \u2013 Floral Cluster"}]},{"@type":"WebSite","@id":"https:\/\/www.purejewels.com\/#website","url":"https:\/\/www.purejewels.com\/","name":"PureJewels UK","description":"Teile die Liebe","publisher":{"@id":"https:\/\/www.purejewels.com\/#organization"},"potentialAction":[{"@type":"SearchAction","target":{"@type":"EntryPoint","urlTemplate":"https:\/\/www.purejewels.com\/?s={search_term_string}"},"query-input":{"@type":"PropertyValueSpecification","valueRequired":true,"valueName":"search_term_string"}}],"inLanguage":"de"},{"@type":"Organization","@id":"https:\/\/www.purejewels.com\/#organization","name":"PureJewels UK","url":"https:\/\/www.purejewels.com\/","logo":{"@type":"ImageObject","inLanguage":"de","@id":"https:\/\/www.purejewels.com\/#\/schema\/logo\/image\/","url":"https:\/\/static.purejewels.com\/wp-content\/uploads\/2020\/11\/Logo-PJ-New-1.png","contentUrl":"https:\/\/static.purejewels.com\/wp-content\/uploads\/2020\/11\/Logo-PJ-New-1.png","width":150,"height":80,"caption":"PureJewels UK"},"image":{"@id":"https:\/\/www.purejewels.com\/#\/schema\/logo\/image\/"}}]}},"_links":{"self":[{"href":"https:\/\/www.purejewels.com\/de\/wp-json\/wp\/v2\/product\/4342","targetHints":{"allow":["GET"]}}],"collection":[{"href":"https:\/\/www.purejewels.com\/de\/wp-json\/wp\/v2\/product"}],"about":[{"href":"https:\/\/www.purejewels.com\/de\/wp-json\/wp\/v2\/types\/product"}],"replies":[{"embeddable":true,"href":"https:\/\/www.purejewels.com\/de\/wp-json\/wp\/v2\/comments?post=4342"}],"version-history":[{"count":2,"href":"https:\/\/www.purejewels.com\/de\/wp-json\/wp\/v2\/product\/4342\/revisions"}],"predecessor-version":[{"id":424107,"href":"https:\/\/www.purejewels.com\/de\/wp-json\/wp\/v2\/product\/4342\/revisions\/424107"}],"wp:featuredmedia":[{"embeddable":true,"href":"https:\/\/www.purejewels.com\/de\/wp-json\/wp\/v2\/media\/4343"}],"wp:attachment":[{"href":"https:\/\/www.purejewels.com\/de\/wp-json\/wp\/v2\/media?parent=4342"}],"wp:term":[{"taxonomy":"product_brand","embeddable":true,"href":"https:\/\/www.purejewels.com\/de\/wp-json\/wp\/v2\/product_brand?post=4342"},{"taxonomy":"product_cat","embeddable":true,"href":"https:\/\/www.purejewels.com\/de\/wp-json\/wp\/v2\/product_cat?post=4342"},{"taxonomy":"product_tag","embeddable":true,"href":"https:\/\/www.purejewels.com\/de\/wp-json\/wp\/v2\/product_tag?post=4342"}],"curies":[{"name":"wp","href":"https:\/\/api.w.org\/{rel}","templated":true}]}}