{"id":4360,"date":"2017-07-19T13:27:44","date_gmt":"2017-07-19T12:27:44","guid":{"rendered":"http:\/\/new.purejewels.com\/product\/22ct-gold-sparkle-earrings-6\/"},"modified":"2026-01-06T06:58:07","modified_gmt":"2026-01-06T06:58:07","slug":"22ct-gold-funkelnde-ohrringe-24379","status":"publish","type":"product","link":"https:\/\/www.purejewels.com\/de\/product\/22ct-gold-sparkle-earrings-24379\/","title":{"rendered":"22 Karat Gold-Ohrringe mit Sternschliff-Design"},"content":{"rendered":"<p><strong>Gestaltung<\/strong><\/p>\n<p>Diese atemberaubenden Ohrh\u00e4nger zeichnen sich durch ein sternf\u00f6rmig geschliffenes, strukturiertes Kugeldesign aus, das an einem hochglanzpolierten Goldstecker befestigt ist. Das kugelf\u00f6rmige Motiv sorgt f\u00fcr eine zarte Bewegung, die bei jedem Schritt das Licht einf\u00e4ngt, w\u00e4hrend das eingravierte Muster einen strahlenden Charme verleiht.<\/p>\n<p><strong>Handwerkliches K\u00f6nnen<\/strong><\/p>\n<p>Die Ohrringe sind fachm\u00e4nnisch aus 22 Karat Gold gefertigt und zeichnen sich durch eine Mischung aus strukturierten matten und polierten Oberfl\u00e4chen aus, die ihnen Dimension und Brillanz verleihen. Die pr\u00e4zisen Details der Sternschliffe unterstreichen das luxuri\u00f6se Erscheinungsbild, w\u00e4hrend der sichere Verschluss Komfort und Sicherheit gew\u00e4hrleistet.<\/p>\n<p><strong>Stil<\/strong><\/p>\n<p>Diese zeitlosen und vielseitigen Ohrringe lassen sich sowohl zu ethnischer Kleidung als auch zu modernen Outfits kombinieren. Ob zu festlichen Anl\u00e4ssen oder im Alltag \u2013 sie sorgen mit ihrem dezenten Glanz f\u00fcr einen raffinierten Stil.<\/p>","protected":false},"excerpt":{"rendered":"<p>Elegante Ohrringe aus 22 Karat Gold mit sternf\u00f6rmig geschliffenen Kugeln, die zeitlose Sch\u00f6nheit und m\u00fchelose Eleganz ausstrahlen.<\/p>\n<ul>\n<li>22ct Gold funkelnder Ohrring<\/li>\n<li>Wt. 4.9 gms<\/li>\n<li>SKU. 24379<\/li>\n<li>Gepunzt von London Assay Office<\/li>\n<li>Mit Pr\u00e4sentationsbox<\/li>\n<li>Lieferung inbegriffen<\/li>\n<li>Alle Preise inklusive Mehrwertsteuer<\/li>\n<li>Kontaktieren Sie uns \/ chatten Sie mit uns, um unsere Kollektion von Goldohrringen zu entdecken<\/li>\n<\/ul>","protected":false},"featured_media":4361,"comment_status":"closed","ping_status":"closed","template":"","meta":{"_eb_attr":"","_crsspst_to_jayantr4sg-hostcom":false},"product_brand":[],"product_cat":[1685,1254,248],"product_tag":[],"class_list":{"0":"post-4360","1":"product","2":"type-product","3":"status-publish","4":"has-post-thumbnail","6":"product_cat-drop-earrings","7":"product_cat-gold-earrings","8":"product_cat-sparkle-collections","10":"first","11":"outofstock","12":"taxable","13":"shipping-taxable","14":"product-type-simple","15":"add-to-wishlist-before_image"},"yoast_head":"<!-- This site is optimized with the Yoast SEO plugin v27.3 - https:\/\/yoast.com\/product\/yoast-seo-wordpress\/ -->\n<title>22ct Gold Drop Earrings | Star Cut Ball Design | PureJewels UK<\/title>\n<meta name=\"description\" content=\"Explore elegant 22ct Gold Ball Drop Earrings at PureJewels. Featuring a textured star-cut design, perfect for classic and modern looks.\" \/>\n<meta name=\"robots\" content=\"index, follow, max-snippet:-1, max-image-preview:large, max-video-preview:-1\" \/>\n<link rel=\"canonical\" href=\"https:\/\/www.purejewels.com\/de\/produkt-2\/22ct-gold-funkelnde-ohrringe-24379\/\" \/>\n<meta property=\"og:locale\" content=\"de_DE\" \/>\n<meta property=\"og:type\" content=\"article\" \/>\n<meta property=\"og:title\" content=\"22ct Gold Drop Earrings | Star Cut Ball Design | PureJewels UK\" \/>\n<meta property=\"og:description\" content=\"Explore elegant 22ct Gold Ball Drop Earrings at PureJewels. Featuring a textured star-cut design, perfect for classic and modern looks.\" \/>\n<meta property=\"og:url\" content=\"https:\/\/www.purejewels.com\/de\/produkt-2\/22ct-gold-funkelnde-ohrringe-24379\/\" \/>\n<meta property=\"og:site_name\" content=\"PureJewels UK\" \/>\n<meta property=\"article:modified_time\" content=\"2026-01-06T06:58:07+00:00\" \/>\n<meta property=\"og:image\" content=\"https:\/\/static.purejewels.com\/wp-content\/uploads\/2017\/07\/earrings_24379_960px.jpg\" \/>\n\t<meta property=\"og:image:width\" content=\"960\" \/>\n\t<meta property=\"og:image:height\" content=\"960\" \/>\n\t<meta property=\"og:image:type\" content=\"image\/jpeg\" \/>\n<meta name=\"twitter:card\" content=\"summary_large_image\" \/>\n<meta name=\"twitter:label1\" content=\"Gesch\u00e4tzte Lesezeit\" \/>\n\t<meta name=\"twitter:data1\" content=\"1\u00a0Minute\" \/>\n<script type=\"application\/ld+json\" class=\"yoast-schema-graph\">{\"@context\":\"https:\\\/\\\/schema.org\",\"@graph\":[{\"@type\":[\"WebPage\",\"ItemPage\"],\"@id\":\"https:\\\/\\\/www.purejewels.com\\\/product\\\/22ct-gold-sparkle-earrings-24379\\\/\",\"url\":\"https:\\\/\\\/www.purejewels.com\\\/product\\\/22ct-gold-sparkle-earrings-24379\\\/\",\"name\":\"22ct Gold Drop Earrings | Star Cut Ball Design | PureJewels UK\",\"isPartOf\":{\"@id\":\"https:\\\/\\\/www.purejewels.com\\\/#website\"},\"primaryImageOfPage\":{\"@id\":\"https:\\\/\\\/www.purejewels.com\\\/product\\\/22ct-gold-sparkle-earrings-24379\\\/#primaryimage\"},\"image\":{\"@id\":\"https:\\\/\\\/www.purejewels.com\\\/product\\\/22ct-gold-sparkle-earrings-24379\\\/#primaryimage\"},\"thumbnailUrl\":\"https:\\\/\\\/static.purejewels.com\\\/wp-content\\\/uploads\\\/2017\\\/07\\\/earrings_24379_960px.jpg\",\"datePublished\":\"2017-07-19T12:27:44+00:00\",\"dateModified\":\"2026-01-06T06:58:07+00:00\",\"description\":\"Explore elegant 22ct Gold Ball Drop Earrings at PureJewels. Featuring a textured star-cut design, perfect for classic and modern looks.\",\"breadcrumb\":{\"@id\":\"https:\\\/\\\/www.purejewels.com\\\/product\\\/22ct-gold-sparkle-earrings-24379\\\/#breadcrumb\"},\"inLanguage\":\"de\",\"potentialAction\":[{\"@type\":\"ReadAction\",\"target\":[\"https:\\\/\\\/www.purejewels.com\\\/product\\\/22ct-gold-sparkle-earrings-24379\\\/\"]}]},{\"@type\":\"ImageObject\",\"inLanguage\":\"de\",\"@id\":\"https:\\\/\\\/www.purejewels.com\\\/product\\\/22ct-gold-sparkle-earrings-24379\\\/#primaryimage\",\"url\":\"https:\\\/\\\/static.purejewels.com\\\/wp-content\\\/uploads\\\/2017\\\/07\\\/earrings_24379_960px.jpg\",\"contentUrl\":\"https:\\\/\\\/static.purejewels.com\\\/wp-content\\\/uploads\\\/2017\\\/07\\\/earrings_24379_960px.jpg\",\"width\":960,\"height\":960,\"caption\":\"earrings_24379_960px.jpg\"},{\"@type\":\"BreadcrumbList\",\"@id\":\"https:\\\/\\\/www.purejewels.com\\\/product\\\/22ct-gold-sparkle-earrings-24379\\\/#breadcrumb\",\"itemListElement\":[{\"@type\":\"ListItem\",\"position\":1,\"name\":\"Home\",\"item\":\"https:\\\/\\\/www.purejewels.com\\\/\"},{\"@type\":\"ListItem\",\"position\":2,\"name\":\"Shop\",\"item\":\"https:\\\/\\\/www.purejewels.com\\\/shop\\\/\"},{\"@type\":\"ListItem\",\"position\":3,\"name\":\"22ct Gold Ball Drop Earrings with Star Cut Design\"}]},{\"@type\":\"WebSite\",\"@id\":\"https:\\\/\\\/www.purejewels.com\\\/#website\",\"url\":\"https:\\\/\\\/www.purejewels.com\\\/\",\"name\":\"PureJewels UK\",\"description\":\"Share the Love\",\"publisher\":{\"@id\":\"https:\\\/\\\/www.purejewels.com\\\/#organization\"},\"potentialAction\":[{\"@type\":\"SearchAction\",\"target\":{\"@type\":\"EntryPoint\",\"urlTemplate\":\"https:\\\/\\\/www.purejewels.com\\\/?s={search_term_string}\"},\"query-input\":{\"@type\":\"PropertyValueSpecification\",\"valueRequired\":true,\"valueName\":\"search_term_string\"}}],\"inLanguage\":\"de\"},{\"@type\":\"Organization\",\"@id\":\"https:\\\/\\\/www.purejewels.com\\\/#organization\",\"name\":\"PureJewels UK\",\"url\":\"https:\\\/\\\/www.purejewels.com\\\/\",\"logo\":{\"@type\":\"ImageObject\",\"inLanguage\":\"de\",\"@id\":\"https:\\\/\\\/www.purejewels.com\\\/#\\\/schema\\\/logo\\\/image\\\/\",\"url\":\"https:\\\/\\\/static.purejewels.com\\\/wp-content\\\/uploads\\\/2020\\\/11\\\/Logo-PJ-New-1.png\",\"contentUrl\":\"https:\\\/\\\/static.purejewels.com\\\/wp-content\\\/uploads\\\/2020\\\/11\\\/Logo-PJ-New-1.png\",\"width\":150,\"height\":80,\"caption\":\"PureJewels UK\"},\"image\":{\"@id\":\"https:\\\/\\\/www.purejewels.com\\\/#\\\/schema\\\/logo\\\/image\\\/\"}}]}<\/script>\n<!-- \/ Yoast SEO plugin. -->","yoast_head_json":{"title":"22 Karat Gold Ohrringe | Sternf\u00f6rmiges Kugel-Design | PureJewels UK","description":"Entdecken Sie elegante Ohrringe mit 22 Karat Goldkugeln bei PureJewels. Mit ihrem strukturierten Sternschliff-Design eignen sie sich perfekt f\u00fcr klassische und moderne Looks.","robots":{"index":"index","follow":"follow","max-snippet":"max-snippet:-1","max-image-preview":"max-image-preview:large","max-video-preview":"max-video-preview:-1"},"canonical":"https:\/\/www.purejewels.com\/de\/produkt-2\/22ct-gold-funkelnde-ohrringe-24379\/","og_locale":"de_DE","og_type":"article","og_title":"22ct Gold Drop Earrings | Star Cut Ball Design | PureJewels UK","og_description":"Explore elegant 22ct Gold Ball Drop Earrings at PureJewels. Featuring a textured star-cut design, perfect for classic and modern looks.","og_url":"https:\/\/www.purejewels.com\/de\/produkt-2\/22ct-gold-funkelnde-ohrringe-24379\/","og_site_name":"PureJewels UK","article_modified_time":"2026-01-06T06:58:07+00:00","og_image":[{"width":960,"height":960,"url":"https:\/\/static.purejewels.com\/wp-content\/uploads\/2017\/07\/earrings_24379_960px.jpg","type":"image\/jpeg"}],"twitter_card":"summary_large_image","twitter_misc":{"Gesch\u00e4tzte Lesezeit":"1\u00a0Minute"},"schema":{"@context":"https:\/\/schema.org","@graph":[{"@type":["WebPage","ItemPage"],"@id":"https:\/\/www.purejewels.com\/product\/22ct-gold-sparkle-earrings-24379\/","url":"https:\/\/www.purejewels.com\/product\/22ct-gold-sparkle-earrings-24379\/","name":"22 Karat Gold Ohrringe | Sternf\u00f6rmiges Kugel-Design | PureJewels UK","isPartOf":{"@id":"https:\/\/www.purejewels.com\/#website"},"primaryImageOfPage":{"@id":"https:\/\/www.purejewels.com\/product\/22ct-gold-sparkle-earrings-24379\/#primaryimage"},"image":{"@id":"https:\/\/www.purejewels.com\/product\/22ct-gold-sparkle-earrings-24379\/#primaryimage"},"thumbnailUrl":"https:\/\/static.purejewels.com\/wp-content\/uploads\/2017\/07\/earrings_24379_960px.jpg","datePublished":"2017-07-19T12:27:44+00:00","dateModified":"2026-01-06T06:58:07+00:00","description":"Entdecken Sie elegante Ohrringe mit 22 Karat Goldkugeln bei PureJewels. Mit ihrem strukturierten Sternschliff-Design eignen sie sich perfekt f\u00fcr klassische und moderne Looks.","breadcrumb":{"@id":"https:\/\/www.purejewels.com\/product\/22ct-gold-sparkle-earrings-24379\/#breadcrumb"},"inLanguage":"de","potentialAction":[{"@type":"ReadAction","target":["https:\/\/www.purejewels.com\/product\/22ct-gold-sparkle-earrings-24379\/"]}]},{"@type":"ImageObject","inLanguage":"de","@id":"https:\/\/www.purejewels.com\/product\/22ct-gold-sparkle-earrings-24379\/#primaryimage","url":"https:\/\/static.purejewels.com\/wp-content\/uploads\/2017\/07\/earrings_24379_960px.jpg","contentUrl":"https:\/\/static.purejewels.com\/wp-content\/uploads\/2017\/07\/earrings_24379_960px.jpg","width":960,"height":960,"caption":"earrings_24379_960px.jpg"},{"@type":"BreadcrumbList","@id":"https:\/\/www.purejewels.com\/product\/22ct-gold-sparkle-earrings-24379\/#breadcrumb","itemListElement":[{"@type":"ListItem","position":1,"name":"Home","item":"https:\/\/www.purejewels.com\/"},{"@type":"ListItem","position":2,"name":"Shop","item":"https:\/\/www.purejewels.com\/shop\/"},{"@type":"ListItem","position":3,"name":"22ct Gold Ball Drop Earrings with Star Cut Design"}]},{"@type":"WebSite","@id":"https:\/\/www.purejewels.com\/#website","url":"https:\/\/www.purejewels.com\/","name":"PureJewels UK","description":"Teile die Liebe","publisher":{"@id":"https:\/\/www.purejewels.com\/#organization"},"potentialAction":[{"@type":"SearchAction","target":{"@type":"EntryPoint","urlTemplate":"https:\/\/www.purejewels.com\/?s={search_term_string}"},"query-input":{"@type":"PropertyValueSpecification","valueRequired":true,"valueName":"search_term_string"}}],"inLanguage":"de"},{"@type":"Organization","@id":"https:\/\/www.purejewels.com\/#organization","name":"PureJewels UK","url":"https:\/\/www.purejewels.com\/","logo":{"@type":"ImageObject","inLanguage":"de","@id":"https:\/\/www.purejewels.com\/#\/schema\/logo\/image\/","url":"https:\/\/static.purejewels.com\/wp-content\/uploads\/2020\/11\/Logo-PJ-New-1.png","contentUrl":"https:\/\/static.purejewels.com\/wp-content\/uploads\/2020\/11\/Logo-PJ-New-1.png","width":150,"height":80,"caption":"PureJewels UK"},"image":{"@id":"https:\/\/www.purejewels.com\/#\/schema\/logo\/image\/"}}]}},"_links":{"self":[{"href":"https:\/\/www.purejewels.com\/de\/wp-json\/wp\/v2\/product\/4360","targetHints":{"allow":["GET"]}}],"collection":[{"href":"https:\/\/www.purejewels.com\/de\/wp-json\/wp\/v2\/product"}],"about":[{"href":"https:\/\/www.purejewels.com\/de\/wp-json\/wp\/v2\/types\/product"}],"replies":[{"embeddable":true,"href":"https:\/\/www.purejewels.com\/de\/wp-json\/wp\/v2\/comments?post=4360"}],"version-history":[{"count":2,"href":"https:\/\/www.purejewels.com\/de\/wp-json\/wp\/v2\/product\/4360\/revisions"}],"predecessor-version":[{"id":424090,"href":"https:\/\/www.purejewels.com\/de\/wp-json\/wp\/v2\/product\/4360\/revisions\/424090"}],"wp:featuredmedia":[{"embeddable":true,"href":"https:\/\/www.purejewels.com\/de\/wp-json\/wp\/v2\/media\/4361"}],"wp:attachment":[{"href":"https:\/\/www.purejewels.com\/de\/wp-json\/wp\/v2\/media?parent=4360"}],"wp:term":[{"taxonomy":"product_brand","embeddable":true,"href":"https:\/\/www.purejewels.com\/de\/wp-json\/wp\/v2\/product_brand?post=4360"},{"taxonomy":"product_cat","embeddable":true,"href":"https:\/\/www.purejewels.com\/de\/wp-json\/wp\/v2\/product_cat?post=4360"},{"taxonomy":"product_tag","embeddable":true,"href":"https:\/\/www.purejewels.com\/de\/wp-json\/wp\/v2\/product_tag?post=4360"}],"curies":[{"name":"wp","href":"https:\/\/api.w.org\/{rel}","templated":true}]}}