{"id":4364,"date":"2017-07-19T13:27:47","date_gmt":"2017-07-19T12:27:47","guid":{"rendered":"http:\/\/new.purejewels.com\/product\/22ct-gold-sparkle-bangle-6\/"},"modified":"2026-01-10T16:15:22","modified_gmt":"2026-01-10T16:15:22","slug":"22-kt-gold-funkelnder-armreif-6","status":"publish","type":"product","link":"https:\/\/www.purejewels.com\/de\/product\/22ct-gold-sparkle-bangle-6\/","title":{"rendered":"22 Karat Gold Rhodium Finish Perlenarmband"},"content":{"rendered":"<p><strong>Gestaltung<\/strong><\/p>\n<p>Diese exquisite 22ct Gold <a href=\"https:\/\/www.purejewels.com\/de\/product-category\/22ct-gold-jewellery\/gold-bracelet\/\">Armb\u00e4nder<\/a> pr\u00e4sentiert eine harmonische Verschmelzung von traditioneller Eleganz und moderner Raffinesse. Das Armband mit seinen aufwendig gearbeiteten kugelf\u00f6rmigen Motiven wird durch eine hochwertige <a href=\"https:\/\/www.purejewels.com\/de\/product\/designer-ring-for-women-in-22-carat-31928\/\">rhodiniert<\/a>, und bildet einen atemberaubenden Kontrast zum satten Gelbgold. Die abwechselnden Texturen und polierten Oberfl\u00e4chen erh\u00f6hen die optische Attraktivit\u00e4t und machen es zu einem herausragenden Accessoire.<\/p>\n<p><strong>Handwerkliches K\u00f6nnen<\/strong><\/p>\n<p>Dieses Armband wurde von erfahrenen Handwerkern fachm\u00e4nnisch gefertigt und spiegelt das Bekenntnis von PureJewels zu Qualit\u00e4t und Authentizit\u00e4t wider. Jedes Element ist pr\u00e4zise gefertigt, vom nahtlosen Verschlussmechanismus bis hin zur symmetrischen Perlenstickerei. Die Rhodiumakzente wurden sorgf\u00e4ltig aufgetragen, um lang anhaltenden Glanz und Haltbarkeit zu gew\u00e4hrleisten, was dieses Armband zu einer erstklassigen Wahl f\u00fcr anspruchsvolle Schmuckliebhaber macht.<\/p>\n<p><strong>Stil<\/strong><\/p>\n<p>Dieses vielseitige und zeitlose Armband eignet sich sowohl f\u00fcr den Alltag als auch f\u00fcr besondere Anl\u00e4sse. Sein raffinierter und dennoch markanter Look passt sowohl zu ethnischen als auch zu modernen Outfits. Ob Sie nun eine festliche Feier besuchen oder Ihr Alltagsoutfit aufwerten m\u00f6chten, dieses Armband f\u00fcgt sich m\u00fchelos in Ihre Garderobe ein und setzt gleichzeitig ein luxuri\u00f6ses Statement.<\/p>","protected":false},"excerpt":{"rendered":"<p>Elegantes Armband aus 22 Karat Gold mit modernem Rhodium-Finish, perfekt f\u00fcr den Alltag oder besondere Anl\u00e4sse.<\/p>\n<ul>\n<li>22ct Gold Sparkle Armspange Armband<\/li>\n<li>Gold gestempelt von London Assay Office<\/li>\n<li>SKU: 24436<\/li>\n<li>Gewicht: 17g<\/li>\n<li>Rhodium-Finish<\/li>\n<li>Alle Armreifen werden mit Geschenkbox geliefert<\/li>\n<li>Lieferung inbegriffen<\/li>\n<li>Alle Preise inklusive Mehrwertsteuer<\/li>\n<li>Live-Chat mit uns f\u00fcr die Verf\u00fcgbarkeit und mehr Bilder von \u00e4hnlichen Designs derzeit auf Lager<\/li>\n<\/ul>","protected":false},"featured_media":4365,"comment_status":"closed","ping_status":"closed","template":"","meta":{"_eb_attr":"","_crsspst_to_jayantr4sg-hostcom":false},"product_brand":[],"product_cat":[1657,1574],"product_tag":[1514,63,1521],"class_list":{"0":"post-4364","1":"product","2":"type-product","3":"status-publish","4":"has-post-thumbnail","6":"product_cat-single-bangle","7":"product_cat-womens-jewellery","8":"product_tag-bangles","9":"product_tag-gold","10":"product_tag-kada","12":"first","13":"outofstock","14":"taxable","15":"shipping-taxable","16":"product-type-simple","17":"add-to-wishlist-before_image"},"yoast_head":"<!-- This site is optimized with the Yoast SEO plugin v27.3 - https:\/\/yoast.com\/product\/yoast-seo-wordpress\/ -->\n<title>22ct Gold Rhodium Finish Bracelet \u2013 PureJewels UK<\/title>\n<meta name=\"description\" content=\"Explore elegance with our 22ct Gold Bracelet featuring a premium Rhodium finish. A perfect blend of tradition and modern luxury at PureJewels.\" \/>\n<meta name=\"robots\" content=\"index, follow, max-snippet:-1, max-image-preview:large, max-video-preview:-1\" \/>\n<link rel=\"canonical\" href=\"https:\/\/www.purejewels.com\/de\/produkt-2\/22-kt-gold-funkelnder-armreif-6\/\" \/>\n<meta property=\"og:locale\" content=\"de_DE\" \/>\n<meta property=\"og:type\" content=\"article\" \/>\n<meta property=\"og:title\" content=\"22ct Gold Rhodium Finish Bracelet \u2013 PureJewels UK\" \/>\n<meta property=\"og:description\" content=\"Explore elegance with our 22ct Gold Bracelet featuring a premium Rhodium finish. A perfect blend of tradition and modern luxury at PureJewels.\" \/>\n<meta property=\"og:url\" content=\"https:\/\/www.purejewels.com\/de\/produkt-2\/22-kt-gold-funkelnder-armreif-6\/\" \/>\n<meta property=\"og:site_name\" content=\"PureJewels UK\" \/>\n<meta property=\"article:modified_time\" content=\"2026-01-10T16:15:22+00:00\" \/>\n<meta property=\"og:image\" content=\"https:\/\/static.purejewels.com\/wp-content\/uploads\/2017\/07\/24436_bangle_960px-2.jpg\" \/>\n\t<meta property=\"og:image:width\" content=\"960\" \/>\n\t<meta property=\"og:image:height\" content=\"960\" \/>\n\t<meta property=\"og:image:type\" content=\"image\/jpeg\" \/>\n<meta name=\"twitter:card\" content=\"summary_large_image\" \/>\n<meta name=\"twitter:label1\" content=\"Gesch\u00e4tzte Lesezeit\" \/>\n\t<meta name=\"twitter:data1\" content=\"1\u00a0Minute\" \/>\n<script type=\"application\/ld+json\" class=\"yoast-schema-graph\">{\"@context\":\"https:\\\/\\\/schema.org\",\"@graph\":[{\"@type\":[\"WebPage\",\"ItemPage\"],\"@id\":\"https:\\\/\\\/www.purejewels.com\\\/product\\\/22ct-gold-sparkle-bangle-6\\\/\",\"url\":\"https:\\\/\\\/www.purejewels.com\\\/product\\\/22ct-gold-sparkle-bangle-6\\\/\",\"name\":\"22ct Gold Rhodium Finish Bracelet \u2013 PureJewels UK\",\"isPartOf\":{\"@id\":\"https:\\\/\\\/www.purejewels.com\\\/#website\"},\"primaryImageOfPage\":{\"@id\":\"https:\\\/\\\/www.purejewels.com\\\/product\\\/22ct-gold-sparkle-bangle-6\\\/#primaryimage\"},\"image\":{\"@id\":\"https:\\\/\\\/www.purejewels.com\\\/product\\\/22ct-gold-sparkle-bangle-6\\\/#primaryimage\"},\"thumbnailUrl\":\"https:\\\/\\\/static.purejewels.com\\\/wp-content\\\/uploads\\\/2017\\\/07\\\/24436_bangle_960px-2.jpg\",\"datePublished\":\"2017-07-19T12:27:47+00:00\",\"dateModified\":\"2026-01-10T16:15:22+00:00\",\"description\":\"Explore elegance with our 22ct Gold Bracelet featuring a premium Rhodium finish. A perfect blend of tradition and modern luxury at PureJewels.\",\"breadcrumb\":{\"@id\":\"https:\\\/\\\/www.purejewels.com\\\/product\\\/22ct-gold-sparkle-bangle-6\\\/#breadcrumb\"},\"inLanguage\":\"de\",\"potentialAction\":[{\"@type\":\"ReadAction\",\"target\":[\"https:\\\/\\\/www.purejewels.com\\\/product\\\/22ct-gold-sparkle-bangle-6\\\/\"]}]},{\"@type\":\"ImageObject\",\"inLanguage\":\"de\",\"@id\":\"https:\\\/\\\/www.purejewels.com\\\/product\\\/22ct-gold-sparkle-bangle-6\\\/#primaryimage\",\"url\":\"https:\\\/\\\/static.purejewels.com\\\/wp-content\\\/uploads\\\/2017\\\/07\\\/24436_bangle_960px-2.jpg\",\"contentUrl\":\"https:\\\/\\\/static.purejewels.com\\\/wp-content\\\/uploads\\\/2017\\\/07\\\/24436_bangle_960px-2.jpg\",\"width\":960,\"height\":960,\"caption\":\"24436_bangle_960px.jpg\"},{\"@type\":\"BreadcrumbList\",\"@id\":\"https:\\\/\\\/www.purejewels.com\\\/product\\\/22ct-gold-sparkle-bangle-6\\\/#breadcrumb\",\"itemListElement\":[{\"@type\":\"ListItem\",\"position\":1,\"name\":\"Home\",\"item\":\"https:\\\/\\\/www.purejewels.com\\\/\"},{\"@type\":\"ListItem\",\"position\":2,\"name\":\"Shop\",\"item\":\"https:\\\/\\\/www.purejewels.com\\\/shop\\\/\"},{\"@type\":\"ListItem\",\"position\":3,\"name\":\"22ct Gold Rhodium Finish Beaded Bracelet\"}]},{\"@type\":\"WebSite\",\"@id\":\"https:\\\/\\\/www.purejewels.com\\\/#website\",\"url\":\"https:\\\/\\\/www.purejewels.com\\\/\",\"name\":\"PureJewels UK\",\"description\":\"Share the Love\",\"publisher\":{\"@id\":\"https:\\\/\\\/www.purejewels.com\\\/#organization\"},\"potentialAction\":[{\"@type\":\"SearchAction\",\"target\":{\"@type\":\"EntryPoint\",\"urlTemplate\":\"https:\\\/\\\/www.purejewels.com\\\/?s={search_term_string}\"},\"query-input\":{\"@type\":\"PropertyValueSpecification\",\"valueRequired\":true,\"valueName\":\"search_term_string\"}}],\"inLanguage\":\"de\"},{\"@type\":\"Organization\",\"@id\":\"https:\\\/\\\/www.purejewels.com\\\/#organization\",\"name\":\"PureJewels UK\",\"url\":\"https:\\\/\\\/www.purejewels.com\\\/\",\"logo\":{\"@type\":\"ImageObject\",\"inLanguage\":\"de\",\"@id\":\"https:\\\/\\\/www.purejewels.com\\\/#\\\/schema\\\/logo\\\/image\\\/\",\"url\":\"https:\\\/\\\/static.purejewels.com\\\/wp-content\\\/uploads\\\/2020\\\/11\\\/Logo-PJ-New-1.png\",\"contentUrl\":\"https:\\\/\\\/static.purejewels.com\\\/wp-content\\\/uploads\\\/2020\\\/11\\\/Logo-PJ-New-1.png\",\"width\":150,\"height\":80,\"caption\":\"PureJewels UK\"},\"image\":{\"@id\":\"https:\\\/\\\/www.purejewels.com\\\/#\\\/schema\\\/logo\\\/image\\\/\"}}]}<\/script>\n<!-- \/ Yoast SEO plugin. -->","yoast_head_json":{"title":"Armband aus 22 Karat Gold mit Rhodiumbeschichtung \u2013 PureJewels UK","description":"Entdecken Sie Eleganz mit unserem Armband aus 22 Karat Gold mit hochwertiger Rhodiumbeschichtung. Eine perfekte Mischung aus Tradition und modernem Luxus bei PureJewels.","robots":{"index":"index","follow":"follow","max-snippet":"max-snippet:-1","max-image-preview":"max-image-preview:large","max-video-preview":"max-video-preview:-1"},"canonical":"https:\/\/www.purejewels.com\/de\/produkt-2\/22-kt-gold-funkelnder-armreif-6\/","og_locale":"de_DE","og_type":"article","og_title":"22ct Gold Rhodium Finish Bracelet \u2013 PureJewels UK","og_description":"Explore elegance with our 22ct Gold Bracelet featuring a premium Rhodium finish. A perfect blend of tradition and modern luxury at PureJewels.","og_url":"https:\/\/www.purejewels.com\/de\/produkt-2\/22-kt-gold-funkelnder-armreif-6\/","og_site_name":"PureJewels UK","article_modified_time":"2026-01-10T16:15:22+00:00","og_image":[{"width":960,"height":960,"url":"https:\/\/static.purejewels.com\/wp-content\/uploads\/2017\/07\/24436_bangle_960px-2.jpg","type":"image\/jpeg"}],"twitter_card":"summary_large_image","twitter_misc":{"Gesch\u00e4tzte Lesezeit":"1\u00a0Minute"},"schema":{"@context":"https:\/\/schema.org","@graph":[{"@type":["WebPage","ItemPage"],"@id":"https:\/\/www.purejewels.com\/product\/22ct-gold-sparkle-bangle-6\/","url":"https:\/\/www.purejewels.com\/product\/22ct-gold-sparkle-bangle-6\/","name":"Armband aus 22 Karat Gold mit Rhodiumbeschichtung \u2013 PureJewels UK","isPartOf":{"@id":"https:\/\/www.purejewels.com\/#website"},"primaryImageOfPage":{"@id":"https:\/\/www.purejewels.com\/product\/22ct-gold-sparkle-bangle-6\/#primaryimage"},"image":{"@id":"https:\/\/www.purejewels.com\/product\/22ct-gold-sparkle-bangle-6\/#primaryimage"},"thumbnailUrl":"https:\/\/static.purejewels.com\/wp-content\/uploads\/2017\/07\/24436_bangle_960px-2.jpg","datePublished":"2017-07-19T12:27:47+00:00","dateModified":"2026-01-10T16:15:22+00:00","description":"Entdecken Sie Eleganz mit unserem Armband aus 22 Karat Gold mit hochwertiger Rhodiumbeschichtung. Eine perfekte Mischung aus Tradition und modernem Luxus bei PureJewels.","breadcrumb":{"@id":"https:\/\/www.purejewels.com\/product\/22ct-gold-sparkle-bangle-6\/#breadcrumb"},"inLanguage":"de","potentialAction":[{"@type":"ReadAction","target":["https:\/\/www.purejewels.com\/product\/22ct-gold-sparkle-bangle-6\/"]}]},{"@type":"ImageObject","inLanguage":"de","@id":"https:\/\/www.purejewels.com\/product\/22ct-gold-sparkle-bangle-6\/#primaryimage","url":"https:\/\/static.purejewels.com\/wp-content\/uploads\/2017\/07\/24436_bangle_960px-2.jpg","contentUrl":"https:\/\/static.purejewels.com\/wp-content\/uploads\/2017\/07\/24436_bangle_960px-2.jpg","width":960,"height":960,"caption":"24436_bangle_960px.jpg"},{"@type":"BreadcrumbList","@id":"https:\/\/www.purejewels.com\/product\/22ct-gold-sparkle-bangle-6\/#breadcrumb","itemListElement":[{"@type":"ListItem","position":1,"name":"Home","item":"https:\/\/www.purejewels.com\/"},{"@type":"ListItem","position":2,"name":"Shop","item":"https:\/\/www.purejewels.com\/shop\/"},{"@type":"ListItem","position":3,"name":"22ct Gold Rhodium Finish Beaded Bracelet"}]},{"@type":"WebSite","@id":"https:\/\/www.purejewels.com\/#website","url":"https:\/\/www.purejewels.com\/","name":"PureJewels UK","description":"Teile die Liebe","publisher":{"@id":"https:\/\/www.purejewels.com\/#organization"},"potentialAction":[{"@type":"SearchAction","target":{"@type":"EntryPoint","urlTemplate":"https:\/\/www.purejewels.com\/?s={search_term_string}"},"query-input":{"@type":"PropertyValueSpecification","valueRequired":true,"valueName":"search_term_string"}}],"inLanguage":"de"},{"@type":"Organization","@id":"https:\/\/www.purejewels.com\/#organization","name":"PureJewels UK","url":"https:\/\/www.purejewels.com\/","logo":{"@type":"ImageObject","inLanguage":"de","@id":"https:\/\/www.purejewels.com\/#\/schema\/logo\/image\/","url":"https:\/\/static.purejewels.com\/wp-content\/uploads\/2020\/11\/Logo-PJ-New-1.png","contentUrl":"https:\/\/static.purejewels.com\/wp-content\/uploads\/2020\/11\/Logo-PJ-New-1.png","width":150,"height":80,"caption":"PureJewels UK"},"image":{"@id":"https:\/\/www.purejewels.com\/#\/schema\/logo\/image\/"}}]}},"_links":{"self":[{"href":"https:\/\/www.purejewels.com\/de\/wp-json\/wp\/v2\/product\/4364","targetHints":{"allow":["GET"]}}],"collection":[{"href":"https:\/\/www.purejewels.com\/de\/wp-json\/wp\/v2\/product"}],"about":[{"href":"https:\/\/www.purejewels.com\/de\/wp-json\/wp\/v2\/types\/product"}],"replies":[{"embeddable":true,"href":"https:\/\/www.purejewels.com\/de\/wp-json\/wp\/v2\/comments?post=4364"}],"version-history":[{"count":2,"href":"https:\/\/www.purejewels.com\/de\/wp-json\/wp\/v2\/product\/4364\/revisions"}],"predecessor-version":[{"id":424080,"href":"https:\/\/www.purejewels.com\/de\/wp-json\/wp\/v2\/product\/4364\/revisions\/424080"}],"wp:featuredmedia":[{"embeddable":true,"href":"https:\/\/www.purejewels.com\/de\/wp-json\/wp\/v2\/media\/4365"}],"wp:attachment":[{"href":"https:\/\/www.purejewels.com\/de\/wp-json\/wp\/v2\/media?parent=4364"}],"wp:term":[{"taxonomy":"product_brand","embeddable":true,"href":"https:\/\/www.purejewels.com\/de\/wp-json\/wp\/v2\/product_brand?post=4364"},{"taxonomy":"product_cat","embeddable":true,"href":"https:\/\/www.purejewels.com\/de\/wp-json\/wp\/v2\/product_cat?post=4364"},{"taxonomy":"product_tag","embeddable":true,"href":"https:\/\/www.purejewels.com\/de\/wp-json\/wp\/v2\/product_tag?post=4364"}],"curies":[{"name":"wp","href":"https:\/\/api.w.org\/{rel}","templated":true}]}}