{"id":4386,"date":"2017-07-19T13:28:07","date_gmt":"2017-07-19T12:28:07","guid":{"rendered":"http:\/\/new.purejewels.com\/product\/diamond-and-ruby-earrings\/"},"modified":"2026-02-20T09:42:31","modified_gmt":"2026-02-20T09:42:31","slug":"diamant-und-rubinohrring-24874","status":"publish","type":"product","link":"https:\/\/www.purejewels.com\/de\/product\/diamond-and-ruby-earring-24874\/","title":{"rendered":"Diamant- und Rubintropfen-Ohrringe"},"content":{"rendered":"<p class=\"Body\"><span lang=\"EN-US\">Schillernde 18kt antike Diamant und <a href=\"https:\/\/www.purejewels.com\/de\/rendezvous-with-rubies\/\">Rubinrot<\/a> <strong>D<\/strong><strong>rop-Ohrringe<\/strong> sind die perfekte Wahl f\u00fcr das bevorstehende Ereignis, auf das Sie sich freuen. Was sie wirklich unverwechselbar macht, ist die Verwendung von Vintage-Motiven und dezentem Glitzern der runden Rubine, die um den Wirbel und die zarten Sternblumen herum gefasst sind. Die Danglers sorgen f\u00fcr Bewegung und Stil, der zu Ihrer Pers\u00f6nlichkeit passt. Unsere Entw\u00fcrfe sind originell, einzigartig und in feinster Handarbeit gefertigt. <a href=\"https:\/\/www.purejewels.com\/de\/a-guide-to-die-stamping\/\">Handwerkskunst<\/a>. Dies gew\u00e4hrleistet h\u00f6chste Qualit\u00e4t und macht jedes St\u00fcck zu einer Investition, die ein Leben lang h\u00e4lt.<\/span><\/p>","protected":false},"excerpt":{"rendered":"<ul>\n<li>Ohrring aus 18 Karat Ros\u00e9gold und Silber<\/li>\n<li>Mit Diamant und Rubin<\/li>\n<li>SKU 24874<\/li>\n<li>Gepunzt von London Assay Office<\/li>\n<li>Mit Pr\u00e4sentationsbox<\/li>\n<li>Lieferung inbegriffen<\/li>\n<li>Alle Preise inklusive Mehrwertsteuer<\/li>\n<li>Live-Chat mit uns f\u00fcr die Verf\u00fcgbarkeit und mehr Bilder von \u00e4hnlichen Designs derzeit auf Lager<\/li>\n<\/ul>","protected":false},"featured_media":298113,"comment_status":"closed","ping_status":"closed","template":"","meta":{"_eb_attr":"","_crsspst_to_jayantr4sg-hostcom":false},"product_brand":[],"product_cat":[5699,5458,5457,1685,1792,5755,1574],"product_tag":[],"class_list":{"0":"post-4386","1":"product","2":"type-product","3":"status-publish","4":"has-post-thumbnail","6":"product_cat-coloured-gemstone-jewellery","7":"product_cat-diamond-earring","8":"product_cat-diamond-jewellery","9":"product_cat-drop-earrings","10":"product_cat-festival-gifts","11":"product_cat-ruby-jewellery","12":"product_cat-womens-jewellery","14":"first","15":"instock","16":"taxable","17":"shipping-taxable","18":"purchasable","19":"product-type-simple","20":"add-to-wishlist-before_image"},"yoast_head":"<!-- This site is optimized with the Yoast SEO plugin v27.6 - https:\/\/yoast.com\/product\/yoast-seo-wordpress\/ -->\n<title>Diamond And Ruby Drop Earrings | PureJewels Uk<\/title>\n<meta name=\"robots\" content=\"index, follow, max-snippet:-1, max-image-preview:large, max-video-preview:-1\" \/>\n<link rel=\"canonical\" href=\"https:\/\/www.purejewels.com\/de\/produkt-2\/diamant-und-rubinohrring-24874\/\" \/>\n<meta property=\"og:locale\" content=\"de_DE\" \/>\n<meta property=\"og:type\" content=\"article\" \/>\n<meta property=\"og:title\" content=\"Diamond And Ruby Drop Earrings | PureJewels Uk\" \/>\n<meta property=\"og:description\" content=\"18ct Rose Gold And Silver Earring  With Diamond and Ruby  SKU 24874  Hallmarked by London Assay Office  Comes With Presentation Box  Delivery Included  All prices include VAT  Live chat with us for availability and more images of similar designs currently in stock\" \/>\n<meta property=\"og:url\" content=\"https:\/\/www.purejewels.com\/de\/produkt-2\/diamant-und-rubinohrring-24874\/\" \/>\n<meta property=\"og:site_name\" content=\"PureJewels UK\" \/>\n<meta property=\"article:modified_time\" content=\"2026-02-20T09:42:31+00:00\" \/>\n<meta property=\"og:image\" content=\"https:\/\/static.purejewels.com\/wp-content\/uploads\/2017\/12\/earrings_24874.png\" \/>\n\t<meta property=\"og:image:width\" content=\"674\" \/>\n\t<meta property=\"og:image:height\" content=\"674\" \/>\n\t<meta property=\"og:image:type\" content=\"image\/png\" \/>\n<meta name=\"twitter:card\" content=\"summary_large_image\" \/>\n<meta name=\"twitter:label1\" content=\"Gesch\u00e4tzte Lesezeit\" \/>\n\t<meta name=\"twitter:data1\" content=\"1\u00a0Minute\" \/>\n<script type=\"application\/ld+json\" class=\"yoast-schema-graph\">{\"@context\":\"https:\\\/\\\/schema.org\",\"@graph\":[{\"@type\":[\"WebPage\",\"ItemPage\"],\"@id\":\"https:\\\/\\\/www.purejewels.com\\\/product\\\/diamond-and-ruby-earring-24874\\\/\",\"url\":\"https:\\\/\\\/www.purejewels.com\\\/product\\\/diamond-and-ruby-earring-24874\\\/\",\"name\":\"Diamond And Ruby Drop Earrings | PureJewels Uk\",\"isPartOf\":{\"@id\":\"https:\\\/\\\/www.purejewels.com\\\/#website\"},\"primaryImageOfPage\":{\"@id\":\"https:\\\/\\\/www.purejewels.com\\\/product\\\/diamond-and-ruby-earring-24874\\\/#primaryimage\"},\"image\":{\"@id\":\"https:\\\/\\\/www.purejewels.com\\\/product\\\/diamond-and-ruby-earring-24874\\\/#primaryimage\"},\"thumbnailUrl\":\"https:\\\/\\\/static.purejewels.com\\\/wp-content\\\/uploads\\\/2017\\\/12\\\/earrings_24874.png\",\"datePublished\":\"2017-07-19T12:28:07+00:00\",\"dateModified\":\"2026-02-20T09:42:31+00:00\",\"breadcrumb\":{\"@id\":\"https:\\\/\\\/www.purejewels.com\\\/product\\\/diamond-and-ruby-earring-24874\\\/#breadcrumb\"},\"inLanguage\":\"de\",\"potentialAction\":[{\"@type\":\"ReadAction\",\"target\":[\"https:\\\/\\\/www.purejewels.com\\\/product\\\/diamond-and-ruby-earring-24874\\\/\"]}]},{\"@type\":\"ImageObject\",\"inLanguage\":\"de\",\"@id\":\"https:\\\/\\\/www.purejewels.com\\\/product\\\/diamond-and-ruby-earring-24874\\\/#primaryimage\",\"url\":\"https:\\\/\\\/static.purejewels.com\\\/wp-content\\\/uploads\\\/2017\\\/12\\\/earrings_24874.png\",\"contentUrl\":\"https:\\\/\\\/static.purejewels.com\\\/wp-content\\\/uploads\\\/2017\\\/12\\\/earrings_24874.png\",\"width\":674,\"height\":674,\"caption\":\"earrings_24874\"},{\"@type\":\"BreadcrumbList\",\"@id\":\"https:\\\/\\\/www.purejewels.com\\\/product\\\/diamond-and-ruby-earring-24874\\\/#breadcrumb\",\"itemListElement\":[{\"@type\":\"ListItem\",\"position\":1,\"name\":\"Home\",\"item\":\"https:\\\/\\\/www.purejewels.com\\\/\"},{\"@type\":\"ListItem\",\"position\":2,\"name\":\"Shop\",\"item\":\"https:\\\/\\\/www.purejewels.com\\\/shop\\\/\"},{\"@type\":\"ListItem\",\"position\":3,\"name\":\"Diamond And Ruby Drop Earrings\"}]},{\"@type\":\"WebSite\",\"@id\":\"https:\\\/\\\/www.purejewels.com\\\/#website\",\"url\":\"https:\\\/\\\/www.purejewels.com\\\/\",\"name\":\"PureJewels UK\",\"description\":\"Share the Love\",\"publisher\":{\"@id\":\"https:\\\/\\\/www.purejewels.com\\\/#organization\"},\"potentialAction\":[{\"@type\":\"SearchAction\",\"target\":{\"@type\":\"EntryPoint\",\"urlTemplate\":\"https:\\\/\\\/www.purejewels.com\\\/?s={search_term_string}\"},\"query-input\":{\"@type\":\"PropertyValueSpecification\",\"valueRequired\":true,\"valueName\":\"search_term_string\"}}],\"inLanguage\":\"de\"},{\"@type\":\"Organization\",\"@id\":\"https:\\\/\\\/www.purejewels.com\\\/#organization\",\"name\":\"PureJewels UK\",\"url\":\"https:\\\/\\\/www.purejewels.com\\\/\",\"logo\":{\"@type\":\"ImageObject\",\"inLanguage\":\"de\",\"@id\":\"https:\\\/\\\/www.purejewels.com\\\/#\\\/schema\\\/logo\\\/image\\\/\",\"url\":\"https:\\\/\\\/static.purejewels.com\\\/wp-content\\\/uploads\\\/2020\\\/11\\\/Logo-PJ-New-1.png\",\"contentUrl\":\"https:\\\/\\\/static.purejewels.com\\\/wp-content\\\/uploads\\\/2020\\\/11\\\/Logo-PJ-New-1.png\",\"width\":150,\"height\":80,\"caption\":\"PureJewels UK\"},\"image\":{\"@id\":\"https:\\\/\\\/www.purejewels.com\\\/#\\\/schema\\\/logo\\\/image\\\/\"}}]}<\/script>\n<!-- \/ Yoast SEO plugin. -->","yoast_head_json":{"title":"Diamant und Rubin Tropfen Ohrringe | PureJewels Uk","robots":{"index":"index","follow":"follow","max-snippet":"max-snippet:-1","max-image-preview":"max-image-preview:large","max-video-preview":"max-video-preview:-1"},"canonical":"https:\/\/www.purejewels.com\/de\/produkt-2\/diamant-und-rubinohrring-24874\/","og_locale":"de_DE","og_type":"article","og_title":"Diamond And Ruby Drop Earrings | PureJewels Uk","og_description":"18ct Rose Gold And Silver Earring  With Diamond and Ruby  SKU 24874  Hallmarked by London Assay Office  Comes With Presentation Box  Delivery Included  All prices include VAT  Live chat with us for availability and more images of similar designs currently in stock","og_url":"https:\/\/www.purejewels.com\/de\/produkt-2\/diamant-und-rubinohrring-24874\/","og_site_name":"PureJewels UK","article_modified_time":"2026-02-20T09:42:31+00:00","og_image":[{"width":674,"height":674,"url":"https:\/\/static.purejewels.com\/wp-content\/uploads\/2017\/12\/earrings_24874.png","type":"image\/png"}],"twitter_card":"summary_large_image","twitter_misc":{"Gesch\u00e4tzte Lesezeit":"1\u00a0Minute"},"schema":{"@context":"https:\/\/schema.org","@graph":[{"@type":["WebPage","ItemPage"],"@id":"https:\/\/www.purejewels.com\/product\/diamond-and-ruby-earring-24874\/","url":"https:\/\/www.purejewels.com\/product\/diamond-and-ruby-earring-24874\/","name":"Diamant und Rubin Tropfen Ohrringe | PureJewels Uk","isPartOf":{"@id":"https:\/\/www.purejewels.com\/#website"},"primaryImageOfPage":{"@id":"https:\/\/www.purejewels.com\/product\/diamond-and-ruby-earring-24874\/#primaryimage"},"image":{"@id":"https:\/\/www.purejewels.com\/product\/diamond-and-ruby-earring-24874\/#primaryimage"},"thumbnailUrl":"https:\/\/static.purejewels.com\/wp-content\/uploads\/2017\/12\/earrings_24874.png","datePublished":"2017-07-19T12:28:07+00:00","dateModified":"2026-02-20T09:42:31+00:00","breadcrumb":{"@id":"https:\/\/www.purejewels.com\/product\/diamond-and-ruby-earring-24874\/#breadcrumb"},"inLanguage":"de","potentialAction":[{"@type":"ReadAction","target":["https:\/\/www.purejewels.com\/product\/diamond-and-ruby-earring-24874\/"]}]},{"@type":"ImageObject","inLanguage":"de","@id":"https:\/\/www.purejewels.com\/product\/diamond-and-ruby-earring-24874\/#primaryimage","url":"https:\/\/static.purejewels.com\/wp-content\/uploads\/2017\/12\/earrings_24874.png","contentUrl":"https:\/\/static.purejewels.com\/wp-content\/uploads\/2017\/12\/earrings_24874.png","width":674,"height":674,"caption":"earrings_24874"},{"@type":"BreadcrumbList","@id":"https:\/\/www.purejewels.com\/product\/diamond-and-ruby-earring-24874\/#breadcrumb","itemListElement":[{"@type":"ListItem","position":1,"name":"Home","item":"https:\/\/www.purejewels.com\/"},{"@type":"ListItem","position":2,"name":"Shop","item":"https:\/\/www.purejewels.com\/shop\/"},{"@type":"ListItem","position":3,"name":"Diamond And Ruby Drop Earrings"}]},{"@type":"WebSite","@id":"https:\/\/www.purejewels.com\/#website","url":"https:\/\/www.purejewels.com\/","name":"PureJewels UK","description":"Teile die Liebe","publisher":{"@id":"https:\/\/www.purejewels.com\/#organization"},"potentialAction":[{"@type":"SearchAction","target":{"@type":"EntryPoint","urlTemplate":"https:\/\/www.purejewels.com\/?s={search_term_string}"},"query-input":{"@type":"PropertyValueSpecification","valueRequired":true,"valueName":"search_term_string"}}],"inLanguage":"de"},{"@type":"Organization","@id":"https:\/\/www.purejewels.com\/#organization","name":"PureJewels UK","url":"https:\/\/www.purejewels.com\/","logo":{"@type":"ImageObject","inLanguage":"de","@id":"https:\/\/www.purejewels.com\/#\/schema\/logo\/image\/","url":"https:\/\/static.purejewels.com\/wp-content\/uploads\/2020\/11\/Logo-PJ-New-1.png","contentUrl":"https:\/\/static.purejewels.com\/wp-content\/uploads\/2020\/11\/Logo-PJ-New-1.png","width":150,"height":80,"caption":"PureJewels UK"},"image":{"@id":"https:\/\/www.purejewels.com\/#\/schema\/logo\/image\/"}}]}},"_links":{"self":[{"href":"https:\/\/www.purejewels.com\/de\/wp-json\/wp\/v2\/product\/4386","targetHints":{"allow":["GET"]}}],"collection":[{"href":"https:\/\/www.purejewels.com\/de\/wp-json\/wp\/v2\/product"}],"about":[{"href":"https:\/\/www.purejewels.com\/de\/wp-json\/wp\/v2\/types\/product"}],"replies":[{"embeddable":true,"href":"https:\/\/www.purejewels.com\/de\/wp-json\/wp\/v2\/comments?post=4386"}],"version-history":[{"count":3,"href":"https:\/\/www.purejewels.com\/de\/wp-json\/wp\/v2\/product\/4386\/revisions"}],"predecessor-version":[{"id":389721,"href":"https:\/\/www.purejewels.com\/de\/wp-json\/wp\/v2\/product\/4386\/revisions\/389721"}],"wp:featuredmedia":[{"embeddable":true,"href":"https:\/\/www.purejewels.com\/de\/wp-json\/wp\/v2\/media\/298113"}],"wp:attachment":[{"href":"https:\/\/www.purejewels.com\/de\/wp-json\/wp\/v2\/media?parent=4386"}],"wp:term":[{"taxonomy":"product_brand","embeddable":true,"href":"https:\/\/www.purejewels.com\/de\/wp-json\/wp\/v2\/product_brand?post=4386"},{"taxonomy":"product_cat","embeddable":true,"href":"https:\/\/www.purejewels.com\/de\/wp-json\/wp\/v2\/product_cat?post=4386"},{"taxonomy":"product_tag","embeddable":true,"href":"https:\/\/www.purejewels.com\/de\/wp-json\/wp\/v2\/product_tag?post=4386"}],"curies":[{"name":"wp","href":"https:\/\/api.w.org\/{rel}","templated":true}]}}