{"id":4388,"date":"2017-07-19T13:28:08","date_gmt":"2017-07-19T12:28:08","guid":{"rendered":"http:\/\/new.purejewels.com\/product\/peridot-and-ruby-ring\/"},"modified":"2026-01-07T06:39:02","modified_gmt":"2026-01-07T06:39:02","slug":"ring-mit-peridot-und-rubin","status":"publish","type":"product","link":"https:\/\/www.purejewels.com\/de\/product\/peridot-and-ruby-ring\/","title":{"rendered":"Peridot-Rubin-Cluster-Ring aus Silber und 18 Karat Ros\u00e9gold"},"content":{"rendered":"<p data-start=\"56\" data-end=\"334\">Dieser kunstvolle Ring kombiniert ein lebhaftes Oval <a href=\"https:\/\/www.purejewels.com\/de\/peridot\/\">Peridot<\/a> mit einem Heiligenschein aus satten roten Rubinen, die in der Mitte der Hand ein farbenfrohes Juwelenk\u00e4stchen bilden. Die Edelsteine werden von geformten Perlen und Details eingerahmt, die an antike Sch\u00e4tze erinnern und dem Schmuckst\u00fcck einen romantischen Charakter der alten Welt verleihen.<\/p>\n<p data-start=\"336\" data-end=\"610\" data-is-last-node=\"\" data-is-only-node=\"\">Aus Sterlingsilber gefertigt mit <a href=\"https:\/\/www.purejewels.com\/de\/product\/18ct-white-gold-khanda-sikh-religious-pendant-6226\/\">18ct<\/a> Mit seinen Ros\u00e9gold-Akzenten strahlt das Design eine warme Ausstrahlung aus, die das frische Gr\u00fcn des Peridots und die Tiefe der Rubine unterstreicht. Tragen Sie ihn als Statement-Ring f\u00fcr den Abend oder als charakteristisches Schmuckst\u00fcck, das Ihren Alltagsoutfits einen Hauch von Opulenz verleiht.<\/p>","protected":false},"excerpt":{"rendered":"<p>&nbsp;<\/p>\n<ul>\n<li>Ring aus Silber und 18 Karat Ros\u00e9gold<\/li>\n<li>mit Peridot und Rubin<\/li>\n<li>Gepunzt von London Assay Office<\/li>\n<li>Mit Pr\u00e4sentationsbox<\/li>\n<li>Lieferung inbegriffen<\/li>\n<li>Alle Preise inklusive Mehrwertsteuer<\/li>\n<li>Live-Chat mit uns f\u00fcr die Verf\u00fcgbarkeit und mehr Bilder von \u00e4hnlichen Designs derzeit auf Lager<\/li>\n<\/ul>","protected":false},"featured_media":4389,"comment_status":"closed","ping_status":"closed","template":"","meta":{"_eb_attr":"","_crsspst_to_jayantr4sg-hostcom":false},"product_brand":[],"product_cat":[1783,1574],"product_tag":[],"class_list":{"0":"post-4388","1":"product","2":"type-product","3":"status-publish","4":"has-post-thumbnail","6":"product_cat-ladies-rings","7":"product_cat-womens-jewellery","9":"first","10":"outofstock","11":"taxable","12":"shipping-taxable","13":"product-type-simple","14":"add-to-wishlist-before_image"},"yoast_head":"<!-- This site is optimized with the Yoast SEO plugin v27.6 - https:\/\/yoast.com\/product\/yoast-seo-wordpress\/ -->\n<title>Peridot Ruby Cluster Ring in Silver &amp; 18ct Rose Gold | PureJewels<\/title>\n<meta name=\"description\" content=\"Ornate peridot and ruby cluster ring in silver with 18ct rose gold detailing, inspired by antique jewels and crafted for statement, collectible style.\" \/>\n<meta name=\"robots\" content=\"index, follow, max-snippet:-1, max-image-preview:large, max-video-preview:-1\" \/>\n<link rel=\"canonical\" href=\"https:\/\/www.purejewels.com\/de\/produkt-2\/ring-mit-peridot-und-rubin\/\" \/>\n<meta property=\"og:locale\" content=\"de_DE\" \/>\n<meta property=\"og:type\" content=\"article\" \/>\n<meta property=\"og:title\" content=\"Peridot Ruby Cluster Ring in Silver &amp; 18ct Rose Gold | PureJewels\" \/>\n<meta property=\"og:description\" content=\"Ornate peridot and ruby cluster ring in silver with 18ct rose gold detailing, inspired by antique jewels and crafted for statement, collectible style.\" \/>\n<meta property=\"og:url\" content=\"https:\/\/www.purejewels.com\/de\/produkt-2\/ring-mit-peridot-und-rubin\/\" \/>\n<meta property=\"og:site_name\" content=\"PureJewels UK\" \/>\n<meta property=\"article:modified_time\" content=\"2026-01-07T06:39:02+00:00\" \/>\n<meta property=\"og:image\" content=\"https:\/\/www.purejewels.com\/wp-content\/uploads\/2017\/07\/ring_24873_a_960px.jpg\" \/>\n\t<meta property=\"og:image:width\" content=\"960\" \/>\n\t<meta property=\"og:image:height\" content=\"960\" \/>\n\t<meta property=\"og:image:type\" content=\"image\/jpeg\" \/>\n<meta name=\"twitter:card\" content=\"summary_large_image\" \/>\n<meta name=\"twitter:label1\" content=\"Gesch\u00e4tzte Lesezeit\" \/>\n\t<meta name=\"twitter:data1\" content=\"1\u00a0Minute\" \/>\n<script type=\"application\/ld+json\" class=\"yoast-schema-graph\">{\"@context\":\"https:\\\/\\\/schema.org\",\"@graph\":[{\"@type\":[\"WebPage\",\"ItemPage\"],\"@id\":\"https:\\\/\\\/www.purejewels.com\\\/product\\\/peridot-and-ruby-ring\\\/\",\"url\":\"https:\\\/\\\/www.purejewels.com\\\/product\\\/peridot-and-ruby-ring\\\/\",\"name\":\"Peridot Ruby Cluster Ring in Silver & 18ct Rose Gold | PureJewels\",\"isPartOf\":{\"@id\":\"https:\\\/\\\/www.purejewels.com\\\/#website\"},\"primaryImageOfPage\":{\"@id\":\"https:\\\/\\\/www.purejewels.com\\\/product\\\/peridot-and-ruby-ring\\\/#primaryimage\"},\"image\":{\"@id\":\"https:\\\/\\\/www.purejewels.com\\\/product\\\/peridot-and-ruby-ring\\\/#primaryimage\"},\"thumbnailUrl\":\"https:\\\/\\\/static.purejewels.com\\\/wp-content\\\/uploads\\\/2017\\\/07\\\/ring_24873_a_960px.jpg\",\"datePublished\":\"2017-07-19T12:28:08+00:00\",\"dateModified\":\"2026-01-07T06:39:02+00:00\",\"description\":\"Ornate peridot and ruby cluster ring in silver with 18ct rose gold detailing, inspired by antique jewels and crafted for statement, collectible style.\",\"breadcrumb\":{\"@id\":\"https:\\\/\\\/www.purejewels.com\\\/product\\\/peridot-and-ruby-ring\\\/#breadcrumb\"},\"inLanguage\":\"de\",\"potentialAction\":[{\"@type\":\"ReadAction\",\"target\":[\"https:\\\/\\\/www.purejewels.com\\\/product\\\/peridot-and-ruby-ring\\\/\"]}]},{\"@type\":\"ImageObject\",\"inLanguage\":\"de\",\"@id\":\"https:\\\/\\\/www.purejewels.com\\\/product\\\/peridot-and-ruby-ring\\\/#primaryimage\",\"url\":\"https:\\\/\\\/static.purejewels.com\\\/wp-content\\\/uploads\\\/2017\\\/07\\\/ring_24873_a_960px.jpg\",\"contentUrl\":\"https:\\\/\\\/static.purejewels.com\\\/wp-content\\\/uploads\\\/2017\\\/07\\\/ring_24873_a_960px.jpg\",\"width\":960,\"height\":960,\"caption\":\"ring_24873_a_960px.jpg\"},{\"@type\":\"BreadcrumbList\",\"@id\":\"https:\\\/\\\/www.purejewels.com\\\/product\\\/peridot-and-ruby-ring\\\/#breadcrumb\",\"itemListElement\":[{\"@type\":\"ListItem\",\"position\":1,\"name\":\"Home\",\"item\":\"https:\\\/\\\/www.purejewels.com\\\/\"},{\"@type\":\"ListItem\",\"position\":2,\"name\":\"Shop\",\"item\":\"https:\\\/\\\/www.purejewels.com\\\/shop\\\/\"},{\"@type\":\"ListItem\",\"position\":3,\"name\":\"Peridot Ruby Cluster Ring in Silver &#038; 18ct Rose Gold\"}]},{\"@type\":\"WebSite\",\"@id\":\"https:\\\/\\\/www.purejewels.com\\\/#website\",\"url\":\"https:\\\/\\\/www.purejewels.com\\\/\",\"name\":\"PureJewels UK\",\"description\":\"Share the Love\",\"publisher\":{\"@id\":\"https:\\\/\\\/www.purejewels.com\\\/#organization\"},\"potentialAction\":[{\"@type\":\"SearchAction\",\"target\":{\"@type\":\"EntryPoint\",\"urlTemplate\":\"https:\\\/\\\/www.purejewels.com\\\/?s={search_term_string}\"},\"query-input\":{\"@type\":\"PropertyValueSpecification\",\"valueRequired\":true,\"valueName\":\"search_term_string\"}}],\"inLanguage\":\"de\"},{\"@type\":\"Organization\",\"@id\":\"https:\\\/\\\/www.purejewels.com\\\/#organization\",\"name\":\"PureJewels UK\",\"url\":\"https:\\\/\\\/www.purejewels.com\\\/\",\"logo\":{\"@type\":\"ImageObject\",\"inLanguage\":\"de\",\"@id\":\"https:\\\/\\\/www.purejewels.com\\\/#\\\/schema\\\/logo\\\/image\\\/\",\"url\":\"https:\\\/\\\/static.purejewels.com\\\/wp-content\\\/uploads\\\/2020\\\/11\\\/Logo-PJ-New-1.png\",\"contentUrl\":\"https:\\\/\\\/static.purejewels.com\\\/wp-content\\\/uploads\\\/2020\\\/11\\\/Logo-PJ-New-1.png\",\"width\":150,\"height\":80,\"caption\":\"PureJewels UK\"},\"image\":{\"@id\":\"https:\\\/\\\/www.purejewels.com\\\/#\\\/schema\\\/logo\\\/image\\\/\"}}]}<\/script>\n<!-- \/ Yoast SEO plugin. -->","yoast_head_json":{"title":"Peridot-Rubin-Cluster-Ring aus Silber und 18 Karat Ros\u00e9gold | PureJewels","description":"Aufwendig gearbeiteter Peridot- und Rubin-Clusterring aus Silber mit Details aus 18 Karat Ros\u00e9gold, inspiriert von antiken Schmuckst\u00fccken und gefertigt f\u00fcr einen auff\u00e4lligen, sammelw\u00fcrdigen Stil.","robots":{"index":"index","follow":"follow","max-snippet":"max-snippet:-1","max-image-preview":"max-image-preview:large","max-video-preview":"max-video-preview:-1"},"canonical":"https:\/\/www.purejewels.com\/de\/produkt-2\/ring-mit-peridot-und-rubin\/","og_locale":"de_DE","og_type":"article","og_title":"Peridot Ruby Cluster Ring in Silver & 18ct Rose Gold | PureJewels","og_description":"Ornate peridot and ruby cluster ring in silver with 18ct rose gold detailing, inspired by antique jewels and crafted for statement, collectible style.","og_url":"https:\/\/www.purejewels.com\/de\/produkt-2\/ring-mit-peridot-und-rubin\/","og_site_name":"PureJewels UK","article_modified_time":"2026-01-07T06:39:02+00:00","og_image":[{"width":960,"height":960,"url":"https:\/\/www.purejewels.com\/wp-content\/uploads\/2017\/07\/ring_24873_a_960px.jpg","type":"image\/jpeg"}],"twitter_card":"summary_large_image","twitter_misc":{"Gesch\u00e4tzte Lesezeit":"1\u00a0Minute"},"schema":{"@context":"https:\/\/schema.org","@graph":[{"@type":["WebPage","ItemPage"],"@id":"https:\/\/www.purejewels.com\/product\/peridot-and-ruby-ring\/","url":"https:\/\/www.purejewels.com\/product\/peridot-and-ruby-ring\/","name":"Peridot-Rubin-Cluster-Ring aus Silber und 18 Karat Ros\u00e9gold | PureJewels","isPartOf":{"@id":"https:\/\/www.purejewels.com\/#website"},"primaryImageOfPage":{"@id":"https:\/\/www.purejewels.com\/product\/peridot-and-ruby-ring\/#primaryimage"},"image":{"@id":"https:\/\/www.purejewels.com\/product\/peridot-and-ruby-ring\/#primaryimage"},"thumbnailUrl":"https:\/\/static.purejewels.com\/wp-content\/uploads\/2017\/07\/ring_24873_a_960px.jpg","datePublished":"2017-07-19T12:28:08+00:00","dateModified":"2026-01-07T06:39:02+00:00","description":"Aufwendig gearbeiteter Peridot- und Rubin-Clusterring aus Silber mit Details aus 18 Karat Ros\u00e9gold, inspiriert von antiken Schmuckst\u00fccken und gefertigt f\u00fcr einen auff\u00e4lligen, sammelw\u00fcrdigen Stil.","breadcrumb":{"@id":"https:\/\/www.purejewels.com\/product\/peridot-and-ruby-ring\/#breadcrumb"},"inLanguage":"de","potentialAction":[{"@type":"ReadAction","target":["https:\/\/www.purejewels.com\/product\/peridot-and-ruby-ring\/"]}]},{"@type":"ImageObject","inLanguage":"de","@id":"https:\/\/www.purejewels.com\/product\/peridot-and-ruby-ring\/#primaryimage","url":"https:\/\/static.purejewels.com\/wp-content\/uploads\/2017\/07\/ring_24873_a_960px.jpg","contentUrl":"https:\/\/static.purejewels.com\/wp-content\/uploads\/2017\/07\/ring_24873_a_960px.jpg","width":960,"height":960,"caption":"ring_24873_a_960px.jpg"},{"@type":"BreadcrumbList","@id":"https:\/\/www.purejewels.com\/product\/peridot-and-ruby-ring\/#breadcrumb","itemListElement":[{"@type":"ListItem","position":1,"name":"Home","item":"https:\/\/www.purejewels.com\/"},{"@type":"ListItem","position":2,"name":"Shop","item":"https:\/\/www.purejewels.com\/shop\/"},{"@type":"ListItem","position":3,"name":"Peridot Ruby Cluster Ring in Silver &#038; 18ct Rose Gold"}]},{"@type":"WebSite","@id":"https:\/\/www.purejewels.com\/#website","url":"https:\/\/www.purejewels.com\/","name":"PureJewels UK","description":"Teile die Liebe","publisher":{"@id":"https:\/\/www.purejewels.com\/#organization"},"potentialAction":[{"@type":"SearchAction","target":{"@type":"EntryPoint","urlTemplate":"https:\/\/www.purejewels.com\/?s={search_term_string}"},"query-input":{"@type":"PropertyValueSpecification","valueRequired":true,"valueName":"search_term_string"}}],"inLanguage":"de"},{"@type":"Organization","@id":"https:\/\/www.purejewels.com\/#organization","name":"PureJewels UK","url":"https:\/\/www.purejewels.com\/","logo":{"@type":"ImageObject","inLanguage":"de","@id":"https:\/\/www.purejewels.com\/#\/schema\/logo\/image\/","url":"https:\/\/static.purejewels.com\/wp-content\/uploads\/2020\/11\/Logo-PJ-New-1.png","contentUrl":"https:\/\/static.purejewels.com\/wp-content\/uploads\/2020\/11\/Logo-PJ-New-1.png","width":150,"height":80,"caption":"PureJewels UK"},"image":{"@id":"https:\/\/www.purejewels.com\/#\/schema\/logo\/image\/"}}]}},"_links":{"self":[{"href":"https:\/\/www.purejewels.com\/de\/wp-json\/wp\/v2\/product\/4388","targetHints":{"allow":["GET"]}}],"collection":[{"href":"https:\/\/www.purejewels.com\/de\/wp-json\/wp\/v2\/product"}],"about":[{"href":"https:\/\/www.purejewels.com\/de\/wp-json\/wp\/v2\/types\/product"}],"replies":[{"embeddable":true,"href":"https:\/\/www.purejewels.com\/de\/wp-json\/wp\/v2\/comments?post=4388"}],"version-history":[{"count":3,"href":"https:\/\/www.purejewels.com\/de\/wp-json\/wp\/v2\/product\/4388\/revisions"}],"predecessor-version":[{"id":421220,"href":"https:\/\/www.purejewels.com\/de\/wp-json\/wp\/v2\/product\/4388\/revisions\/421220"}],"wp:featuredmedia":[{"embeddable":true,"href":"https:\/\/www.purejewels.com\/de\/wp-json\/wp\/v2\/media\/4389"}],"wp:attachment":[{"href":"https:\/\/www.purejewels.com\/de\/wp-json\/wp\/v2\/media?parent=4388"}],"wp:term":[{"taxonomy":"product_brand","embeddable":true,"href":"https:\/\/www.purejewels.com\/de\/wp-json\/wp\/v2\/product_brand?post=4388"},{"taxonomy":"product_cat","embeddable":true,"href":"https:\/\/www.purejewels.com\/de\/wp-json\/wp\/v2\/product_cat?post=4388"},{"taxonomy":"product_tag","embeddable":true,"href":"https:\/\/www.purejewels.com\/de\/wp-json\/wp\/v2\/product_tag?post=4388"}],"curies":[{"name":"wp","href":"https:\/\/api.w.org\/{rel}","templated":true}]}}