{"id":4522,"date":"2017-07-19T13:29:54","date_gmt":"2017-07-19T12:29:54","guid":{"rendered":"http:\/\/new.purejewels.com\/product\/22ct-gold-bangle-4\/"},"modified":"2026-01-10T16:15:23","modified_gmt":"2026-01-10T16:15:23","slug":"armspange-aus-22-karat-gold-4","status":"publish","type":"product","link":"https:\/\/www.purejewels.com\/de\/product\/22ct-gold-bangle-4\/","title":{"rendered":"22 Karat Gold Dual Kada Armreif mit kugelf\u00f6rmigen Endst\u00fccken"},"content":{"rendered":"<p><strong>Gestaltung<\/strong><\/p>\n<p>Dieser auff\u00e4llige Armreif aus 22 Karat Gold ist mit einer Doppelbandstruktur gefertigt und an beiden Enden mit vier massiven kugelf\u00f6rmigen Endst\u00fccken gekr\u00f6nt. Diese Kugeln sind pr\u00e4zise mit diamantgeschliffenen Mustern graviert, um das Licht aus jedem Winkel zu reflektieren und eine k\u00f6nigliche, architektonische \u00c4sthetik zu schaffen.<\/p>\n<p>Das symmetrische Design vermittelt Ausgewogenheit, Schutz und Vollkommenheit \u2013 inspiriert von der traditionellen Goldschmiedekunst S\u00fcdasiens.<\/p>\n<p><strong>Handwerkliches K\u00f6nnen<\/strong><\/p>\n<p>Dieses aus feinem 22-kar\u00e4tigem Gold gefertigte und vom London Assay Office punzierte Schmuckst\u00fcck wurde mit au\u00dfergew\u00f6hnlicher Liebe zum Detail handgefertigt. Die gravierten Kugeln werden mit pr\u00e4zisen Stanz- und Poliertechniken hergestellt, die f\u00fcr dauerhaften Glanz sorgen, ohne dass eine Beschichtung oder Dreifarbeneffekte zum Einsatz kommen.<\/p>\n<p>Ein diskreter Klappverschluss auf der R\u00fcckseite sorgt f\u00fcr einen sicheren und bequemen Sitz und verbindet Funktionalit\u00e4t mit Eleganz.<\/p>\n<p><strong>Stil<\/strong><\/p>\n<p>Dieses Kada ist ideal f\u00fcr alle, die etwas Auff\u00e4lliges und dennoch Raffiniertes suchen \u2013 sei es f\u00fcr Hochzeiten, Jubil\u00e4umsgeschenke oder feierliche Anl\u00e4sse. Es passt wunderbar zu traditioneller indischer Kleidung oder kann als auff\u00e4lliges Accessoire zu modernen Outfits getragen werden.<\/p>","protected":false},"excerpt":{"rendered":"<p>Ein eleganter Armreif aus 22 Karat Gold mit zwei parallelen B\u00e4ndern, verziert mit fein gravierten kugelf\u00f6rmigen Endkappen. Ein raffinierter Ausdruck von Ausgewogenheit und Tradition.<\/p>\n<ul>\n<li>22ct Gold SPARKLE Armspange<\/li>\n<li>Doppelter Goldarmreif mit silbernen und blassrosa Kugeln<\/li>\n<li>Gewicht 26,7g<\/li>\n<li>SKU: 24818<\/li>\n<li>Gold gestempelt von London Assay Office<\/li>\n<li>Alle Armreifen werden mit Geschenkbox geliefert<\/li>\n<li>Lieferung inbegriffen<\/li>\n<li>Alle Preise inklusive Mehrwertsteuer<\/li>\n<li>Live-Chat mit uns f\u00fcr die Verf\u00fcgbarkeit und mehr Bilder von \u00e4hnlichen Designs derzeit auf Lager<\/li>\n<\/ul>","protected":false},"featured_media":4523,"comment_status":"closed","ping_status":"closed","template":"","meta":{"_eb_attr":"","_crsspst_to_jayantr4sg-hostcom":false},"product_brand":[],"product_cat":[1657,1574],"product_tag":[1514,63,1521],"class_list":{"0":"post-4522","1":"product","2":"type-product","3":"status-publish","4":"has-post-thumbnail","6":"product_cat-single-bangle","7":"product_cat-womens-jewellery","8":"product_tag-bangles","9":"product_tag-gold","10":"product_tag-kada","12":"first","13":"outofstock","14":"taxable","15":"shipping-taxable","16":"product-type-simple","17":"add-to-wishlist-before_image"},"yoast_head":"<!-- This site is optimized with the Yoast SEO plugin v27.3 - https:\/\/yoast.com\/product\/yoast-seo-wordpress\/ -->\n<title>22ct Gold Kada Bangle | Engraved Spheres | PureJewels<\/title>\n<meta name=\"description\" content=\"Discover this 22ct gold dual kada bangle featuring intricately engraved gold spheres and bold twin-band design. A statement piece handcrafted with heritage precision.\" \/>\n<meta name=\"robots\" content=\"index, follow, max-snippet:-1, max-image-preview:large, max-video-preview:-1\" \/>\n<link rel=\"canonical\" href=\"https:\/\/www.purejewels.com\/de\/produkt-2\/armspange-aus-22-karat-gold-4\/\" \/>\n<meta property=\"og:locale\" content=\"de_DE\" \/>\n<meta property=\"og:type\" content=\"article\" \/>\n<meta property=\"og:title\" content=\"22ct Gold Kada Bangle | Engraved Spheres | PureJewels\" \/>\n<meta property=\"og:description\" content=\"Discover this 22ct gold dual kada bangle featuring intricately engraved gold spheres and bold twin-band design. A statement piece handcrafted with heritage precision.\" \/>\n<meta property=\"og:url\" content=\"https:\/\/www.purejewels.com\/de\/produkt-2\/armspange-aus-22-karat-gold-4\/\" \/>\n<meta property=\"og:site_name\" content=\"PureJewels UK\" \/>\n<meta property=\"article:modified_time\" content=\"2026-01-10T16:15:23+00:00\" \/>\n<meta property=\"og:image\" content=\"https:\/\/static.purejewels.com\/wp-content\/uploads\/2017\/07\/bangle_24818_960px-2.jpg\" \/>\n\t<meta property=\"og:image:width\" content=\"960\" \/>\n\t<meta property=\"og:image:height\" content=\"960\" \/>\n\t<meta property=\"og:image:type\" content=\"image\/jpeg\" \/>\n<meta name=\"twitter:card\" content=\"summary_large_image\" \/>\n<meta name=\"twitter:label1\" content=\"Gesch\u00e4tzte Lesezeit\" \/>\n\t<meta name=\"twitter:data1\" content=\"1\u00a0Minute\" \/>\n<script type=\"application\/ld+json\" class=\"yoast-schema-graph\">{\"@context\":\"https:\\\/\\\/schema.org\",\"@graph\":[{\"@type\":[\"WebPage\",\"ItemPage\"],\"@id\":\"https:\\\/\\\/www.purejewels.com\\\/product\\\/22ct-gold-bangle-4\\\/\",\"url\":\"https:\\\/\\\/www.purejewels.com\\\/product\\\/22ct-gold-bangle-4\\\/\",\"name\":\"22ct Gold Kada Bangle | Engraved Spheres | PureJewels\",\"isPartOf\":{\"@id\":\"https:\\\/\\\/www.purejewels.com\\\/#website\"},\"primaryImageOfPage\":{\"@id\":\"https:\\\/\\\/www.purejewels.com\\\/product\\\/22ct-gold-bangle-4\\\/#primaryimage\"},\"image\":{\"@id\":\"https:\\\/\\\/www.purejewels.com\\\/product\\\/22ct-gold-bangle-4\\\/#primaryimage\"},\"thumbnailUrl\":\"https:\\\/\\\/static.purejewels.com\\\/wp-content\\\/uploads\\\/2017\\\/07\\\/bangle_24818_960px-2.jpg\",\"datePublished\":\"2017-07-19T12:29:54+00:00\",\"dateModified\":\"2026-01-10T16:15:23+00:00\",\"description\":\"Discover this 22ct gold dual kada bangle featuring intricately engraved gold spheres and bold twin-band design. A statement piece handcrafted with heritage precision.\",\"breadcrumb\":{\"@id\":\"https:\\\/\\\/www.purejewels.com\\\/product\\\/22ct-gold-bangle-4\\\/#breadcrumb\"},\"inLanguage\":\"de\",\"potentialAction\":[{\"@type\":\"ReadAction\",\"target\":[\"https:\\\/\\\/www.purejewels.com\\\/product\\\/22ct-gold-bangle-4\\\/\"]}]},{\"@type\":\"ImageObject\",\"inLanguage\":\"de\",\"@id\":\"https:\\\/\\\/www.purejewels.com\\\/product\\\/22ct-gold-bangle-4\\\/#primaryimage\",\"url\":\"https:\\\/\\\/static.purejewels.com\\\/wp-content\\\/uploads\\\/2017\\\/07\\\/bangle_24818_960px-2.jpg\",\"contentUrl\":\"https:\\\/\\\/static.purejewels.com\\\/wp-content\\\/uploads\\\/2017\\\/07\\\/bangle_24818_960px-2.jpg\",\"width\":960,\"height\":960,\"caption\":\"bangle_24818_960px.jpg\"},{\"@type\":\"BreadcrumbList\",\"@id\":\"https:\\\/\\\/www.purejewels.com\\\/product\\\/22ct-gold-bangle-4\\\/#breadcrumb\",\"itemListElement\":[{\"@type\":\"ListItem\",\"position\":1,\"name\":\"Home\",\"item\":\"https:\\\/\\\/www.purejewels.com\\\/\"},{\"@type\":\"ListItem\",\"position\":2,\"name\":\"Shop\",\"item\":\"https:\\\/\\\/www.purejewels.com\\\/shop\\\/\"},{\"@type\":\"ListItem\",\"position\":3,\"name\":\"22ct Gold Dual Kada Bangle with Spherical Finials\"}]},{\"@type\":\"WebSite\",\"@id\":\"https:\\\/\\\/www.purejewels.com\\\/#website\",\"url\":\"https:\\\/\\\/www.purejewels.com\\\/\",\"name\":\"PureJewels UK\",\"description\":\"Share the Love\",\"publisher\":{\"@id\":\"https:\\\/\\\/www.purejewels.com\\\/#organization\"},\"potentialAction\":[{\"@type\":\"SearchAction\",\"target\":{\"@type\":\"EntryPoint\",\"urlTemplate\":\"https:\\\/\\\/www.purejewels.com\\\/?s={search_term_string}\"},\"query-input\":{\"@type\":\"PropertyValueSpecification\",\"valueRequired\":true,\"valueName\":\"search_term_string\"}}],\"inLanguage\":\"de\"},{\"@type\":\"Organization\",\"@id\":\"https:\\\/\\\/www.purejewels.com\\\/#organization\",\"name\":\"PureJewels UK\",\"url\":\"https:\\\/\\\/www.purejewels.com\\\/\",\"logo\":{\"@type\":\"ImageObject\",\"inLanguage\":\"de\",\"@id\":\"https:\\\/\\\/www.purejewels.com\\\/#\\\/schema\\\/logo\\\/image\\\/\",\"url\":\"https:\\\/\\\/static.purejewels.com\\\/wp-content\\\/uploads\\\/2020\\\/11\\\/Logo-PJ-New-1.png\",\"contentUrl\":\"https:\\\/\\\/static.purejewels.com\\\/wp-content\\\/uploads\\\/2020\\\/11\\\/Logo-PJ-New-1.png\",\"width\":150,\"height\":80,\"caption\":\"PureJewels UK\"},\"image\":{\"@id\":\"https:\\\/\\\/www.purejewels.com\\\/#\\\/schema\\\/logo\\\/image\\\/\"}}]}<\/script>\n<!-- \/ Yoast SEO plugin. -->","yoast_head_json":{"title":"22 Karat Gold Kada Armreif | Gravierte Kugeln | PureJewels","description":"Entdecken Sie diesen doppelten Kada-Armreif aus 22 Karat Gold mit aufwendig gravierten Goldkugeln und auff\u00e4lligem Doppelband-Design. Ein Statement-St\u00fcck, handgefertigt mit traditioneller Pr\u00e4zision.","robots":{"index":"index","follow":"follow","max-snippet":"max-snippet:-1","max-image-preview":"max-image-preview:large","max-video-preview":"max-video-preview:-1"},"canonical":"https:\/\/www.purejewels.com\/de\/produkt-2\/armspange-aus-22-karat-gold-4\/","og_locale":"de_DE","og_type":"article","og_title":"22ct Gold Kada Bangle | Engraved Spheres | PureJewels","og_description":"Discover this 22ct gold dual kada bangle featuring intricately engraved gold spheres and bold twin-band design. A statement piece handcrafted with heritage precision.","og_url":"https:\/\/www.purejewels.com\/de\/produkt-2\/armspange-aus-22-karat-gold-4\/","og_site_name":"PureJewels UK","article_modified_time":"2026-01-10T16:15:23+00:00","og_image":[{"width":960,"height":960,"url":"https:\/\/static.purejewels.com\/wp-content\/uploads\/2017\/07\/bangle_24818_960px-2.jpg","type":"image\/jpeg"}],"twitter_card":"summary_large_image","twitter_misc":{"Gesch\u00e4tzte Lesezeit":"1\u00a0Minute"},"schema":{"@context":"https:\/\/schema.org","@graph":[{"@type":["WebPage","ItemPage"],"@id":"https:\/\/www.purejewels.com\/product\/22ct-gold-bangle-4\/","url":"https:\/\/www.purejewels.com\/product\/22ct-gold-bangle-4\/","name":"22 Karat Gold Kada Armreif | Gravierte Kugeln | PureJewels","isPartOf":{"@id":"https:\/\/www.purejewels.com\/#website"},"primaryImageOfPage":{"@id":"https:\/\/www.purejewels.com\/product\/22ct-gold-bangle-4\/#primaryimage"},"image":{"@id":"https:\/\/www.purejewels.com\/product\/22ct-gold-bangle-4\/#primaryimage"},"thumbnailUrl":"https:\/\/static.purejewels.com\/wp-content\/uploads\/2017\/07\/bangle_24818_960px-2.jpg","datePublished":"2017-07-19T12:29:54+00:00","dateModified":"2026-01-10T16:15:23+00:00","description":"Entdecken Sie diesen doppelten Kada-Armreif aus 22 Karat Gold mit aufwendig gravierten Goldkugeln und auff\u00e4lligem Doppelband-Design. Ein Statement-St\u00fcck, handgefertigt mit traditioneller Pr\u00e4zision.","breadcrumb":{"@id":"https:\/\/www.purejewels.com\/product\/22ct-gold-bangle-4\/#breadcrumb"},"inLanguage":"de","potentialAction":[{"@type":"ReadAction","target":["https:\/\/www.purejewels.com\/product\/22ct-gold-bangle-4\/"]}]},{"@type":"ImageObject","inLanguage":"de","@id":"https:\/\/www.purejewels.com\/product\/22ct-gold-bangle-4\/#primaryimage","url":"https:\/\/static.purejewels.com\/wp-content\/uploads\/2017\/07\/bangle_24818_960px-2.jpg","contentUrl":"https:\/\/static.purejewels.com\/wp-content\/uploads\/2017\/07\/bangle_24818_960px-2.jpg","width":960,"height":960,"caption":"bangle_24818_960px.jpg"},{"@type":"BreadcrumbList","@id":"https:\/\/www.purejewels.com\/product\/22ct-gold-bangle-4\/#breadcrumb","itemListElement":[{"@type":"ListItem","position":1,"name":"Home","item":"https:\/\/www.purejewels.com\/"},{"@type":"ListItem","position":2,"name":"Shop","item":"https:\/\/www.purejewels.com\/shop\/"},{"@type":"ListItem","position":3,"name":"22ct Gold Dual Kada Bangle with Spherical Finials"}]},{"@type":"WebSite","@id":"https:\/\/www.purejewels.com\/#website","url":"https:\/\/www.purejewels.com\/","name":"PureJewels UK","description":"Teile die Liebe","publisher":{"@id":"https:\/\/www.purejewels.com\/#organization"},"potentialAction":[{"@type":"SearchAction","target":{"@type":"EntryPoint","urlTemplate":"https:\/\/www.purejewels.com\/?s={search_term_string}"},"query-input":{"@type":"PropertyValueSpecification","valueRequired":true,"valueName":"search_term_string"}}],"inLanguage":"de"},{"@type":"Organization","@id":"https:\/\/www.purejewels.com\/#organization","name":"PureJewels UK","url":"https:\/\/www.purejewels.com\/","logo":{"@type":"ImageObject","inLanguage":"de","@id":"https:\/\/www.purejewels.com\/#\/schema\/logo\/image\/","url":"https:\/\/static.purejewels.com\/wp-content\/uploads\/2020\/11\/Logo-PJ-New-1.png","contentUrl":"https:\/\/static.purejewels.com\/wp-content\/uploads\/2020\/11\/Logo-PJ-New-1.png","width":150,"height":80,"caption":"PureJewels UK"},"image":{"@id":"https:\/\/www.purejewels.com\/#\/schema\/logo\/image\/"}}]}},"_links":{"self":[{"href":"https:\/\/www.purejewels.com\/de\/wp-json\/wp\/v2\/product\/4522","targetHints":{"allow":["GET"]}}],"collection":[{"href":"https:\/\/www.purejewels.com\/de\/wp-json\/wp\/v2\/product"}],"about":[{"href":"https:\/\/www.purejewels.com\/de\/wp-json\/wp\/v2\/types\/product"}],"replies":[{"embeddable":true,"href":"https:\/\/www.purejewels.com\/de\/wp-json\/wp\/v2\/comments?post=4522"}],"version-history":[{"count":2,"href":"https:\/\/www.purejewels.com\/de\/wp-json\/wp\/v2\/product\/4522\/revisions"}],"predecessor-version":[{"id":423613,"href":"https:\/\/www.purejewels.com\/de\/wp-json\/wp\/v2\/product\/4522\/revisions\/423613"}],"wp:featuredmedia":[{"embeddable":true,"href":"https:\/\/www.purejewels.com\/de\/wp-json\/wp\/v2\/media\/4523"}],"wp:attachment":[{"href":"https:\/\/www.purejewels.com\/de\/wp-json\/wp\/v2\/media?parent=4522"}],"wp:term":[{"taxonomy":"product_brand","embeddable":true,"href":"https:\/\/www.purejewels.com\/de\/wp-json\/wp\/v2\/product_brand?post=4522"},{"taxonomy":"product_cat","embeddable":true,"href":"https:\/\/www.purejewels.com\/de\/wp-json\/wp\/v2\/product_cat?post=4522"},{"taxonomy":"product_tag","embeddable":true,"href":"https:\/\/www.purejewels.com\/de\/wp-json\/wp\/v2\/product_tag?post=4522"}],"curies":[{"name":"wp","href":"https:\/\/api.w.org\/{rel}","templated":true}]}}