{"id":4532,"date":"2017-07-19T13:30:04","date_gmt":"2017-07-19T12:30:04","guid":{"rendered":"http:\/\/new.purejewels.com\/product\/rose-gold-diamond-ring-3\/"},"modified":"2025-12-17T12:31:41","modified_gmt":"2025-12-17T12:31:41","slug":"diamantring-aus-rotgold-3","status":"publish","type":"product","link":"https:\/\/www.purejewels.com\/de\/product\/rose-gold-diamond-ring-3\/","title":{"rendered":"18 Karat Ros\u00e9gold-Diamantring mit kleiner Blume"},"content":{"rendered":"<p><strong>Designkonzept<\/strong><\/p>\n<p>Der Ring ist von bl\u00fchenden Blumen inspiriert \u2013 Symbolen f\u00fcr Liebe, Sch\u00f6nheit und Weiblichkeit. Der zentrale Diamantcluster bildet eine Silhouette mit sechs Bl\u00fctenbl\u00e4ttern, w\u00e4hrend ein feiner Diamant-Halo f\u00fcr subtilen Glanz sorgt. Das minimalistische Ros\u00e9goldband sorgt f\u00fcr einen zeitgem\u00e4\u00dfen Look, sodass dieser Ring m\u00fchelos zu jedem Outfit passt.<\/p>\n<p><strong>Handwerkliches K\u00f6nnen<\/strong><\/p>\n<p>Gefertigt aus luxuri\u00f6sem <a href=\"https:\/\/www.purejewels.com\/de\/product\/18ct-white-gold-khanda-sikh-religious-pendant-6226\/\">18ct<\/a> Der Ring aus Ros\u00e9gold ist mit feinen runden Brillanten besetzt, die sorgf\u00e4ltig angeordnet sind, um die Brillanz zu maximieren. Das zentrale Blumenmotiv ist erh\u00f6ht und dennoch sicher befestigt, sodass es im Alltag angenehm zu tragen ist. Jeder Ring ist mit dem Punzzeichen der Pr\u00fcfstelle versehen, das die Reinheit und Qualit\u00e4t des Goldes garantiert. Es handelt sich um ein filigranes Schmuckst\u00fcck, das mit Pr\u00e4zision und Sorgfalt gefertigt wurde.<\/p>\n<p><strong>Styling-Ideen<\/strong><\/p>\n<p>Dieser zierliche Ring eignet sich perfekt als Verlobungsring, Jubil\u00e4umsgeschenk oder einfach als Zeichen der Zuneigung und verleiht Ihrem Alltagsoutfit einen Hauch von Romantik. Er l\u00e4sst sich wunderbar mit schmalen Stapelringen kombinieren und gl\u00e4nzt auch solo getragen. Ideal f\u00fcr alle, die zur\u00fcckhaltende Eleganz mit einem Hauch von Glanz lieben.<\/p>","protected":false},"excerpt":{"rendered":"<p>Dieser elegante Diamantring aus 18 Karat Ros\u00e9gold mit zierlicher Bl\u00fcte ist eine Hommage an Sanftheit und Glanz. Der Ring ist in warmem, poliertem Ros\u00e9gold gefasst und pr\u00e4sentiert eine zierliche Bl\u00fctengruppe aus Diamanten im Brillantschliff, umgeben von einem zarten Halo. Mit seinen feinen Proportionen und seinem zeitlosen Design strahlt dieses Schmuckst\u00fcck ruhige Sch\u00f6nheit und raffinierten Geschmack aus.<\/p>\n<ul>\n<li>18ct Rose Gold Diamant Damen Ring<\/li>\n<li>Gewicht des Diamanten 0,40 Karat<\/li>\n<li>Ring Gewicht 2.4gr.<\/li>\n<li>- SKU: 25699<\/li>\n<li>\u00a0Gold gestempelt von London Assay Office<\/li>\n<li>Mit Pr\u00e4sentationsbox<\/li>\n<li>Lieferung inbegriffen<\/li>\n<li>Alle Preise inklusive Mehrwertsteuer<\/li>\n<li>Live-Chat mit uns f\u00fcr die Verf\u00fcgbarkeit und mehr Bilder von \u00e4hnlichen Designs derzeit auf Lager<\/li>\n<\/ul>","protected":false},"featured_media":4533,"comment_status":"closed","ping_status":"closed","template":"","meta":{"_eb_attr":"","_crsspst_to_jayantr4sg-hostcom":false},"product_brand":[],"product_cat":[1533,246],"product_tag":[],"class_list":{"0":"post-4532","1":"product","2":"type-product","3":"status-publish","4":"has-post-thumbnail","6":"product_cat-diamond-jewellery-set","7":"product_cat-rose-gold-collections","9":"first","10":"outofstock","11":"taxable","12":"shipping-taxable","13":"product-type-simple","14":"add-to-wishlist-before_image"},"yoast_head":"<!-- This site is optimized with the Yoast SEO plugin v27.6 - https:\/\/yoast.com\/product\/yoast-seo-wordpress\/ -->\n<title>Petite Diamond Flower Ring in 18ct Rose Gold | PureJewels<\/title>\n<meta name=\"description\" content=\"Delicate and romantic, this 18ct rose gold petite flower ring features a sparkling diamond cluster. A graceful choice for everyday elegance or gifting.\" \/>\n<meta name=\"robots\" content=\"index, follow, max-snippet:-1, max-image-preview:large, max-video-preview:-1\" \/>\n<link rel=\"canonical\" href=\"https:\/\/www.purejewels.com\/de\/produkt-2\/diamantring-aus-rotgold-3\/\" \/>\n<meta property=\"og:locale\" content=\"de_DE\" \/>\n<meta property=\"og:type\" content=\"article\" \/>\n<meta property=\"og:title\" content=\"Petite Diamond Flower Ring in 18ct Rose Gold | PureJewels\" \/>\n<meta property=\"og:description\" content=\"Delicate and romantic, this 18ct rose gold petite flower ring features a sparkling diamond cluster. A graceful choice for everyday elegance or gifting.\" \/>\n<meta property=\"og:url\" content=\"https:\/\/www.purejewels.com\/de\/produkt-2\/diamantring-aus-rotgold-3\/\" \/>\n<meta property=\"og:site_name\" content=\"PureJewels UK\" \/>\n<meta property=\"article:modified_time\" content=\"2025-12-17T12:31:41+00:00\" \/>\n<meta property=\"og:image\" content=\"https:\/\/static.purejewels.com\/wp-content\/uploads\/2017\/07\/00025699_1-2.png\" \/>\n\t<meta property=\"og:image:width\" content=\"964\" \/>\n\t<meta property=\"og:image:height\" content=\"964\" \/>\n\t<meta property=\"og:image:type\" content=\"image\/png\" \/>\n<meta name=\"twitter:card\" content=\"summary_large_image\" \/>\n<meta name=\"twitter:label1\" content=\"Gesch\u00e4tzte Lesezeit\" \/>\n\t<meta name=\"twitter:data1\" content=\"1\u00a0Minute\" \/>\n<script type=\"application\/ld+json\" class=\"yoast-schema-graph\">{\"@context\":\"https:\\\/\\\/schema.org\",\"@graph\":[{\"@type\":[\"WebPage\",\"ItemPage\"],\"@id\":\"https:\\\/\\\/www.purejewels.com\\\/product\\\/rose-gold-diamond-ring-3\\\/\",\"url\":\"https:\\\/\\\/www.purejewels.com\\\/product\\\/rose-gold-diamond-ring-3\\\/\",\"name\":\"Petite Diamond Flower Ring in 18ct Rose Gold | PureJewels\",\"isPartOf\":{\"@id\":\"https:\\\/\\\/www.purejewels.com\\\/#website\"},\"primaryImageOfPage\":{\"@id\":\"https:\\\/\\\/www.purejewels.com\\\/product\\\/rose-gold-diamond-ring-3\\\/#primaryimage\"},\"image\":{\"@id\":\"https:\\\/\\\/www.purejewels.com\\\/product\\\/rose-gold-diamond-ring-3\\\/#primaryimage\"},\"thumbnailUrl\":\"https:\\\/\\\/static.purejewels.com\\\/wp-content\\\/uploads\\\/2017\\\/07\\\/00025699_1-2.png\",\"datePublished\":\"2017-07-19T12:30:04+00:00\",\"dateModified\":\"2025-12-17T12:31:41+00:00\",\"description\":\"Delicate and romantic, this 18ct rose gold petite flower ring features a sparkling diamond cluster. A graceful choice for everyday elegance or gifting.\",\"breadcrumb\":{\"@id\":\"https:\\\/\\\/www.purejewels.com\\\/product\\\/rose-gold-diamond-ring-3\\\/#breadcrumb\"},\"inLanguage\":\"de\",\"potentialAction\":[{\"@type\":\"ReadAction\",\"target\":[\"https:\\\/\\\/www.purejewels.com\\\/product\\\/rose-gold-diamond-ring-3\\\/\"]}]},{\"@type\":\"ImageObject\",\"inLanguage\":\"de\",\"@id\":\"https:\\\/\\\/www.purejewels.com\\\/product\\\/rose-gold-diamond-ring-3\\\/#primaryimage\",\"url\":\"https:\\\/\\\/static.purejewels.com\\\/wp-content\\\/uploads\\\/2017\\\/07\\\/00025699_1-2.png\",\"contentUrl\":\"https:\\\/\\\/static.purejewels.com\\\/wp-content\\\/uploads\\\/2017\\\/07\\\/00025699_1-2.png\",\"width\":964,\"height\":964,\"caption\":\"00025699_1.png\"},{\"@type\":\"BreadcrumbList\",\"@id\":\"https:\\\/\\\/www.purejewels.com\\\/product\\\/rose-gold-diamond-ring-3\\\/#breadcrumb\",\"itemListElement\":[{\"@type\":\"ListItem\",\"position\":1,\"name\":\"Home\",\"item\":\"https:\\\/\\\/www.purejewels.com\\\/\"},{\"@type\":\"ListItem\",\"position\":2,\"name\":\"Shop\",\"item\":\"https:\\\/\\\/www.purejewels.com\\\/shop\\\/\"},{\"@type\":\"ListItem\",\"position\":3,\"name\":\"18ct Rose Gold Petite Flower Diamond Ring\"}]},{\"@type\":\"WebSite\",\"@id\":\"https:\\\/\\\/www.purejewels.com\\\/#website\",\"url\":\"https:\\\/\\\/www.purejewels.com\\\/\",\"name\":\"PureJewels UK\",\"description\":\"Share the Love\",\"publisher\":{\"@id\":\"https:\\\/\\\/www.purejewels.com\\\/#organization\"},\"potentialAction\":[{\"@type\":\"SearchAction\",\"target\":{\"@type\":\"EntryPoint\",\"urlTemplate\":\"https:\\\/\\\/www.purejewels.com\\\/?s={search_term_string}\"},\"query-input\":{\"@type\":\"PropertyValueSpecification\",\"valueRequired\":true,\"valueName\":\"search_term_string\"}}],\"inLanguage\":\"de\"},{\"@type\":\"Organization\",\"@id\":\"https:\\\/\\\/www.purejewels.com\\\/#organization\",\"name\":\"PureJewels UK\",\"url\":\"https:\\\/\\\/www.purejewels.com\\\/\",\"logo\":{\"@type\":\"ImageObject\",\"inLanguage\":\"de\",\"@id\":\"https:\\\/\\\/www.purejewels.com\\\/#\\\/schema\\\/logo\\\/image\\\/\",\"url\":\"https:\\\/\\\/static.purejewels.com\\\/wp-content\\\/uploads\\\/2020\\\/11\\\/Logo-PJ-New-1.png\",\"contentUrl\":\"https:\\\/\\\/static.purejewels.com\\\/wp-content\\\/uploads\\\/2020\\\/11\\\/Logo-PJ-New-1.png\",\"width\":150,\"height\":80,\"caption\":\"PureJewels UK\"},\"image\":{\"@id\":\"https:\\\/\\\/www.purejewels.com\\\/#\\\/schema\\\/logo\\\/image\\\/\"}}]}<\/script>\n<!-- \/ Yoast SEO plugin. -->","yoast_head_json":{"title":"Kleiner Diamantblumenring aus 18 Karat Ros\u00e9gold | PureJewels","description":"Dieser zarte und romantische Ring aus 18 Karat Ros\u00e9gold mit kleinen Bl\u00fcten ist mit funkelnden Diamanten besetzt. Eine elegante Wahl f\u00fcr den Alltag oder als Geschenk.","robots":{"index":"index","follow":"follow","max-snippet":"max-snippet:-1","max-image-preview":"max-image-preview:large","max-video-preview":"max-video-preview:-1"},"canonical":"https:\/\/www.purejewels.com\/de\/produkt-2\/diamantring-aus-rotgold-3\/","og_locale":"de_DE","og_type":"article","og_title":"Petite Diamond Flower Ring in 18ct Rose Gold | PureJewels","og_description":"Delicate and romantic, this 18ct rose gold petite flower ring features a sparkling diamond cluster. A graceful choice for everyday elegance or gifting.","og_url":"https:\/\/www.purejewels.com\/de\/produkt-2\/diamantring-aus-rotgold-3\/","og_site_name":"PureJewels UK","article_modified_time":"2025-12-17T12:31:41+00:00","og_image":[{"width":964,"height":964,"url":"https:\/\/static.purejewels.com\/wp-content\/uploads\/2017\/07\/00025699_1-2.png","type":"image\/png"}],"twitter_card":"summary_large_image","twitter_misc":{"Gesch\u00e4tzte Lesezeit":"1\u00a0Minute"},"schema":{"@context":"https:\/\/schema.org","@graph":[{"@type":["WebPage","ItemPage"],"@id":"https:\/\/www.purejewels.com\/product\/rose-gold-diamond-ring-3\/","url":"https:\/\/www.purejewels.com\/product\/rose-gold-diamond-ring-3\/","name":"Kleiner Diamantblumenring aus 18 Karat Ros\u00e9gold | PureJewels","isPartOf":{"@id":"https:\/\/www.purejewels.com\/#website"},"primaryImageOfPage":{"@id":"https:\/\/www.purejewels.com\/product\/rose-gold-diamond-ring-3\/#primaryimage"},"image":{"@id":"https:\/\/www.purejewels.com\/product\/rose-gold-diamond-ring-3\/#primaryimage"},"thumbnailUrl":"https:\/\/static.purejewels.com\/wp-content\/uploads\/2017\/07\/00025699_1-2.png","datePublished":"2017-07-19T12:30:04+00:00","dateModified":"2025-12-17T12:31:41+00:00","description":"Dieser zarte und romantische Ring aus 18 Karat Ros\u00e9gold mit kleinen Bl\u00fcten ist mit funkelnden Diamanten besetzt. Eine elegante Wahl f\u00fcr den Alltag oder als Geschenk.","breadcrumb":{"@id":"https:\/\/www.purejewels.com\/product\/rose-gold-diamond-ring-3\/#breadcrumb"},"inLanguage":"de","potentialAction":[{"@type":"ReadAction","target":["https:\/\/www.purejewels.com\/product\/rose-gold-diamond-ring-3\/"]}]},{"@type":"ImageObject","inLanguage":"de","@id":"https:\/\/www.purejewels.com\/product\/rose-gold-diamond-ring-3\/#primaryimage","url":"https:\/\/static.purejewels.com\/wp-content\/uploads\/2017\/07\/00025699_1-2.png","contentUrl":"https:\/\/static.purejewels.com\/wp-content\/uploads\/2017\/07\/00025699_1-2.png","width":964,"height":964,"caption":"00025699_1.png"},{"@type":"BreadcrumbList","@id":"https:\/\/www.purejewels.com\/product\/rose-gold-diamond-ring-3\/#breadcrumb","itemListElement":[{"@type":"ListItem","position":1,"name":"Home","item":"https:\/\/www.purejewels.com\/"},{"@type":"ListItem","position":2,"name":"Shop","item":"https:\/\/www.purejewels.com\/shop\/"},{"@type":"ListItem","position":3,"name":"18ct Rose Gold Petite Flower Diamond Ring"}]},{"@type":"WebSite","@id":"https:\/\/www.purejewels.com\/#website","url":"https:\/\/www.purejewels.com\/","name":"PureJewels UK","description":"Teile die Liebe","publisher":{"@id":"https:\/\/www.purejewels.com\/#organization"},"potentialAction":[{"@type":"SearchAction","target":{"@type":"EntryPoint","urlTemplate":"https:\/\/www.purejewels.com\/?s={search_term_string}"},"query-input":{"@type":"PropertyValueSpecification","valueRequired":true,"valueName":"search_term_string"}}],"inLanguage":"de"},{"@type":"Organization","@id":"https:\/\/www.purejewels.com\/#organization","name":"PureJewels UK","url":"https:\/\/www.purejewels.com\/","logo":{"@type":"ImageObject","inLanguage":"de","@id":"https:\/\/www.purejewels.com\/#\/schema\/logo\/image\/","url":"https:\/\/static.purejewels.com\/wp-content\/uploads\/2020\/11\/Logo-PJ-New-1.png","contentUrl":"https:\/\/static.purejewels.com\/wp-content\/uploads\/2020\/11\/Logo-PJ-New-1.png","width":150,"height":80,"caption":"PureJewels UK"},"image":{"@id":"https:\/\/www.purejewels.com\/#\/schema\/logo\/image\/"}}]}},"_links":{"self":[{"href":"https:\/\/www.purejewels.com\/de\/wp-json\/wp\/v2\/product\/4532","targetHints":{"allow":["GET"]}}],"collection":[{"href":"https:\/\/www.purejewels.com\/de\/wp-json\/wp\/v2\/product"}],"about":[{"href":"https:\/\/www.purejewels.com\/de\/wp-json\/wp\/v2\/types\/product"}],"replies":[{"embeddable":true,"href":"https:\/\/www.purejewels.com\/de\/wp-json\/wp\/v2\/comments?post=4532"}],"version-history":[{"count":2,"href":"https:\/\/www.purejewels.com\/de\/wp-json\/wp\/v2\/product\/4532\/revisions"}],"predecessor-version":[{"id":423322,"href":"https:\/\/www.purejewels.com\/de\/wp-json\/wp\/v2\/product\/4532\/revisions\/423322"}],"wp:featuredmedia":[{"embeddable":true,"href":"https:\/\/www.purejewels.com\/de\/wp-json\/wp\/v2\/media\/4533"}],"wp:attachment":[{"href":"https:\/\/www.purejewels.com\/de\/wp-json\/wp\/v2\/media?parent=4532"}],"wp:term":[{"taxonomy":"product_brand","embeddable":true,"href":"https:\/\/www.purejewels.com\/de\/wp-json\/wp\/v2\/product_brand?post=4532"},{"taxonomy":"product_cat","embeddable":true,"href":"https:\/\/www.purejewels.com\/de\/wp-json\/wp\/v2\/product_cat?post=4532"},{"taxonomy":"product_tag","embeddable":true,"href":"https:\/\/www.purejewels.com\/de\/wp-json\/wp\/v2\/product_tag?post=4532"}],"curies":[{"name":"wp","href":"https:\/\/api.w.org\/{rel}","templated":true}]}}