{"id":4568,"date":"2017-07-19T13:30:55","date_gmt":"2017-07-19T12:30:55","guid":{"rendered":"http:\/\/new.purejewels.com\/product\/18-ct-white-gold-diamond-bracelet\/"},"modified":"2026-01-06T09:43:20","modified_gmt":"2026-01-06T09:43:20","slug":"diamantarmband-aus-18-karat-weisgold-2","status":"publish","type":"product","link":"https:\/\/www.purejewels.com\/de\/product\/18-ct-white-gold-diamond-bracelet\/","title":{"rendered":"18ct Wei\u00dfgold Diamant-Armband"},"content":{"rendered":"<p><span data-sheets-root=\"1\">G\u00f6nnen Sie sich Luxus mit diesem exquisiten Diamantarmband aus 18 Karat Wei\u00dfgold von PureJewels UK. Mit Pr\u00e4zision und Liebe zum Detail gefertigt, bietet dieses atemberaubende Armband 0,20 Karat funkelnde Diamanten in einem zarten Design. Die 7-Zoll-L\u00e4nge sorgt f\u00fcr eine perfekte Passform f\u00fcr jedes Handgelenk, so dass es ein vielseitiges und elegantes Accessoire f\u00fcr jeden Anlass.<\/span><\/p>\n<p>Jeder Diamant wird sorgf\u00e4ltig nach seiner Brillanz und Klarheit ausgew\u00e4hlt, um ein St\u00fcck von zeitloser Sch\u00f6nheit zu schaffen, das \u00fcber Jahre hinweg gesch\u00e4tzt werden wird. Das Armband wird mit einem Schmuckzertifikat (SGLDXJ11593W) geliefert, das die Echtheit und den Seelenfrieden garantiert.<\/p>\n<p>Das Armband ist vom London Assay Office gepunzt, so dass Sie sich auf die Qualit\u00e4t und Handwerkskunst dieses Armbands verlassen k\u00f6nnen. Es wird in einer sch\u00f6nen Pr\u00e4sentationsbox geliefert und ist somit das perfekte Geschenk f\u00fcr einen geliebten Menschen oder eine besondere Freude f\u00fcr Sie selbst.<\/p>\n<p>Mit kostenloser, verfolgbarer Lieferung, sicheren Online-Zahlungen und einer 30-Tage-Geld-zur\u00fcck-Garantie k\u00f6nnen Sie mit Vertrauen einkaufen. Lassen Sie sich dieses atemberaubende Diamantarmband aus Wei\u00dfgold nicht entgehen - bestellen Sie es noch heute!<\/p>","protected":false},"excerpt":{"rendered":"<ul>\n<li>Metall: 18 Karat Wei\u00dfgold<\/li>\n<li>Gewicht: 1,7 g<\/li>\n<li>\u00a00,20ct Diamanten<\/li>\n<li>L\u00e4nge: 7 Zoll<\/li>\n<li>http:\/\/www.solitaire-labs.com\/verify-your-report\/<\/li>\n<li>\u00a0Zertifikat f\u00fcr Schmuck (SGLDXJ11593W)<\/li>\n<li>Gold gestempelt von London Assay Office<\/li>\n<li>Mit Pr\u00e4sentationsbox<\/li>\n<li>Lieferung inbegriffen<\/li>\n<li>Live-Chat mit uns f\u00fcr die Verf\u00fcgbarkeit und mehr Bilder von \u00e4hnlichen Designs derzeit auf Lager<\/li>\n<\/ul>","protected":false},"featured_media":4569,"comment_status":"closed","ping_status":"closed","template":"","meta":{"_eb_attr":"","_crsspst_to_jayantr4sg-hostcom":false},"product_brand":[],"product_cat":[5679,5676,1794,5678,1627,1569],"product_tag":[4123],"class_list":{"0":"post-4568","1":"product","2":"type-product","3":"status-publish","4":"has-post-thumbnail","6":"product_cat-18ct-gold-jewellery","7":"product_cat-chain-bracelets-for-ladies","8":"product_cat-christmas-gifts","9":"product_cat-diamond-bracelets-for-women","10":"product_cat-ladies-bracelet","11":"product_cat-valentine-day-gifts","12":"product_tag-gold-bracelets-for-sale","14":"first","15":"outofstock","16":"taxable","17":"shipping-taxable","18":"product-type-simple","19":"add-to-wishlist-before_image"},"yoast_head":"<!-- This site is optimized with the Yoast SEO plugin v27.3 - https:\/\/yoast.com\/product\/yoast-seo-wordpress\/ -->\n<title>White gold diamond bracelet | PureJewels Uk<\/title>\n<meta name=\"description\" content=\"Elevate your wrist with sophistication and sparkle. Adorned with exquisite 0.20 ct diamonds, it&#039;s a timeless piece that radiates luxury and style.\" \/>\n<meta name=\"robots\" content=\"index, follow, max-snippet:-1, max-image-preview:large, max-video-preview:-1\" \/>\n<link rel=\"canonical\" href=\"https:\/\/www.purejewels.com\/de\/produkt-2\/diamantarmband-aus-18-karat-weisgold-2\/\" \/>\n<meta property=\"og:locale\" content=\"de_DE\" \/>\n<meta property=\"og:type\" content=\"article\" \/>\n<meta property=\"og:title\" content=\"White gold diamond bracelet | PureJewels Uk\" \/>\n<meta property=\"og:description\" content=\"Elevate your wrist with sophistication and sparkle. Adorned with exquisite 0.20 ct diamonds, it&#039;s a timeless piece that radiates luxury and style.\" \/>\n<meta property=\"og:url\" content=\"https:\/\/www.purejewels.com\/de\/produkt-2\/diamantarmband-aus-18-karat-weisgold-2\/\" \/>\n<meta property=\"og:site_name\" content=\"PureJewels UK\" \/>\n<meta property=\"article:modified_time\" content=\"2026-01-06T09:43:20+00:00\" \/>\n<meta property=\"og:image\" content=\"https:\/\/www.purejewels.com\/wp-content\/uploads\/2017\/07\/00025709-2.png\" \/>\n\t<meta property=\"og:image:width\" content=\"2048\" \/>\n\t<meta property=\"og:image:height\" content=\"2048\" \/>\n\t<meta property=\"og:image:type\" content=\"image\/png\" \/>\n<meta name=\"twitter:card\" content=\"summary_large_image\" \/>\n<meta name=\"twitter:label1\" content=\"Gesch\u00e4tzte Lesezeit\" \/>\n\t<meta name=\"twitter:data1\" content=\"1\u00a0Minute\" \/>\n<script type=\"application\/ld+json\" class=\"yoast-schema-graph\">{\"@context\":\"https:\\\/\\\/schema.org\",\"@graph\":[{\"@type\":[\"WebPage\",\"ItemPage\"],\"@id\":\"https:\\\/\\\/www.purejewels.com\\\/product\\\/18-ct-white-gold-diamond-bracelet\\\/\",\"url\":\"https:\\\/\\\/www.purejewels.com\\\/product\\\/18-ct-white-gold-diamond-bracelet\\\/\",\"name\":\"White gold diamond bracelet | PureJewels Uk\",\"isPartOf\":{\"@id\":\"https:\\\/\\\/www.purejewels.com\\\/#website\"},\"primaryImageOfPage\":{\"@id\":\"https:\\\/\\\/www.purejewels.com\\\/product\\\/18-ct-white-gold-diamond-bracelet\\\/#primaryimage\"},\"image\":{\"@id\":\"https:\\\/\\\/www.purejewels.com\\\/product\\\/18-ct-white-gold-diamond-bracelet\\\/#primaryimage\"},\"thumbnailUrl\":\"https:\\\/\\\/static.purejewels.com\\\/wp-content\\\/uploads\\\/2017\\\/07\\\/00025709-2.png\",\"datePublished\":\"2017-07-19T12:30:55+00:00\",\"dateModified\":\"2026-01-06T09:43:20+00:00\",\"description\":\"Elevate your wrist with sophistication and sparkle. Adorned with exquisite 0.20 ct diamonds, it's a timeless piece that radiates luxury and style.\",\"breadcrumb\":{\"@id\":\"https:\\\/\\\/www.purejewels.com\\\/product\\\/18-ct-white-gold-diamond-bracelet\\\/#breadcrumb\"},\"inLanguage\":\"de\",\"potentialAction\":[{\"@type\":\"ReadAction\",\"target\":[\"https:\\\/\\\/www.purejewels.com\\\/product\\\/18-ct-white-gold-diamond-bracelet\\\/\"]}]},{\"@type\":\"ImageObject\",\"inLanguage\":\"de\",\"@id\":\"https:\\\/\\\/www.purejewels.com\\\/product\\\/18-ct-white-gold-diamond-bracelet\\\/#primaryimage\",\"url\":\"https:\\\/\\\/static.purejewels.com\\\/wp-content\\\/uploads\\\/2017\\\/07\\\/00025709-2.png\",\"contentUrl\":\"https:\\\/\\\/static.purejewels.com\\\/wp-content\\\/uploads\\\/2017\\\/07\\\/00025709-2.png\",\"width\":2048,\"height\":2048,\"caption\":\"00025709.png\"},{\"@type\":\"BreadcrumbList\",\"@id\":\"https:\\\/\\\/www.purejewels.com\\\/product\\\/18-ct-white-gold-diamond-bracelet\\\/#breadcrumb\",\"itemListElement\":[{\"@type\":\"ListItem\",\"position\":1,\"name\":\"Home\",\"item\":\"https:\\\/\\\/www.purejewels.com\\\/\"},{\"@type\":\"ListItem\",\"position\":2,\"name\":\"Shop\",\"item\":\"https:\\\/\\\/www.purejewels.com\\\/shop\\\/\"},{\"@type\":\"ListItem\",\"position\":3,\"name\":\"18ct White Gold Diamond Bracelet\"}]},{\"@type\":\"WebSite\",\"@id\":\"https:\\\/\\\/www.purejewels.com\\\/#website\",\"url\":\"https:\\\/\\\/www.purejewels.com\\\/\",\"name\":\"PureJewels UK\",\"description\":\"Share the Love\",\"publisher\":{\"@id\":\"https:\\\/\\\/www.purejewels.com\\\/#organization\"},\"potentialAction\":[{\"@type\":\"SearchAction\",\"target\":{\"@type\":\"EntryPoint\",\"urlTemplate\":\"https:\\\/\\\/www.purejewels.com\\\/?s={search_term_string}\"},\"query-input\":{\"@type\":\"PropertyValueSpecification\",\"valueRequired\":true,\"valueName\":\"search_term_string\"}}],\"inLanguage\":\"de\"},{\"@type\":\"Organization\",\"@id\":\"https:\\\/\\\/www.purejewels.com\\\/#organization\",\"name\":\"PureJewels UK\",\"url\":\"https:\\\/\\\/www.purejewels.com\\\/\",\"logo\":{\"@type\":\"ImageObject\",\"inLanguage\":\"de\",\"@id\":\"https:\\\/\\\/www.purejewels.com\\\/#\\\/schema\\\/logo\\\/image\\\/\",\"url\":\"https:\\\/\\\/static.purejewels.com\\\/wp-content\\\/uploads\\\/2020\\\/11\\\/Logo-PJ-New-1.png\",\"contentUrl\":\"https:\\\/\\\/static.purejewels.com\\\/wp-content\\\/uploads\\\/2020\\\/11\\\/Logo-PJ-New-1.png\",\"width\":150,\"height\":80,\"caption\":\"PureJewels UK\"},\"image\":{\"@id\":\"https:\\\/\\\/www.purejewels.com\\\/#\\\/schema\\\/logo\\\/image\\\/\"}}]}<\/script>\n<!-- \/ Yoast SEO plugin. -->","yoast_head_json":{"title":"Wei\u00dfgold Diamant-Armband | PureJewels Uk","description":"Erh\u00f6hen Sie Ihr Handgelenk mit Raffinesse und Glanz. Verziert mit exquisiten Diamanten von 0,20 Karat, ist es ein zeitloses St\u00fcck, das Luxus und Stil ausstrahlt.","robots":{"index":"index","follow":"follow","max-snippet":"max-snippet:-1","max-image-preview":"max-image-preview:large","max-video-preview":"max-video-preview:-1"},"canonical":"https:\/\/www.purejewels.com\/de\/produkt-2\/diamantarmband-aus-18-karat-weisgold-2\/","og_locale":"de_DE","og_type":"article","og_title":"White gold diamond bracelet | PureJewels Uk","og_description":"Elevate your wrist with sophistication and sparkle. Adorned with exquisite 0.20 ct diamonds, it's a timeless piece that radiates luxury and style.","og_url":"https:\/\/www.purejewels.com\/de\/produkt-2\/diamantarmband-aus-18-karat-weisgold-2\/","og_site_name":"PureJewels UK","article_modified_time":"2026-01-06T09:43:20+00:00","og_image":[{"width":2048,"height":2048,"url":"https:\/\/www.purejewels.com\/wp-content\/uploads\/2017\/07\/00025709-2.png","type":"image\/png"}],"twitter_card":"summary_large_image","twitter_misc":{"Gesch\u00e4tzte Lesezeit":"1\u00a0Minute"},"schema":{"@context":"https:\/\/schema.org","@graph":[{"@type":["WebPage","ItemPage"],"@id":"https:\/\/www.purejewels.com\/product\/18-ct-white-gold-diamond-bracelet\/","url":"https:\/\/www.purejewels.com\/product\/18-ct-white-gold-diamond-bracelet\/","name":"Wei\u00dfgold Diamant-Armband | PureJewels Uk","isPartOf":{"@id":"https:\/\/www.purejewels.com\/#website"},"primaryImageOfPage":{"@id":"https:\/\/www.purejewels.com\/product\/18-ct-white-gold-diamond-bracelet\/#primaryimage"},"image":{"@id":"https:\/\/www.purejewels.com\/product\/18-ct-white-gold-diamond-bracelet\/#primaryimage"},"thumbnailUrl":"https:\/\/static.purejewels.com\/wp-content\/uploads\/2017\/07\/00025709-2.png","datePublished":"2017-07-19T12:30:55+00:00","dateModified":"2026-01-06T09:43:20+00:00","description":"Erh\u00f6hen Sie Ihr Handgelenk mit Raffinesse und Glanz. Verziert mit exquisiten Diamanten von 0,20 Karat, ist es ein zeitloses St\u00fcck, das Luxus und Stil ausstrahlt.","breadcrumb":{"@id":"https:\/\/www.purejewels.com\/product\/18-ct-white-gold-diamond-bracelet\/#breadcrumb"},"inLanguage":"de","potentialAction":[{"@type":"ReadAction","target":["https:\/\/www.purejewels.com\/product\/18-ct-white-gold-diamond-bracelet\/"]}]},{"@type":"ImageObject","inLanguage":"de","@id":"https:\/\/www.purejewels.com\/product\/18-ct-white-gold-diamond-bracelet\/#primaryimage","url":"https:\/\/static.purejewels.com\/wp-content\/uploads\/2017\/07\/00025709-2.png","contentUrl":"https:\/\/static.purejewels.com\/wp-content\/uploads\/2017\/07\/00025709-2.png","width":2048,"height":2048,"caption":"00025709.png"},{"@type":"BreadcrumbList","@id":"https:\/\/www.purejewels.com\/product\/18-ct-white-gold-diamond-bracelet\/#breadcrumb","itemListElement":[{"@type":"ListItem","position":1,"name":"Home","item":"https:\/\/www.purejewels.com\/"},{"@type":"ListItem","position":2,"name":"Shop","item":"https:\/\/www.purejewels.com\/shop\/"},{"@type":"ListItem","position":3,"name":"18ct White Gold Diamond Bracelet"}]},{"@type":"WebSite","@id":"https:\/\/www.purejewels.com\/#website","url":"https:\/\/www.purejewels.com\/","name":"PureJewels UK","description":"Teile die Liebe","publisher":{"@id":"https:\/\/www.purejewels.com\/#organization"},"potentialAction":[{"@type":"SearchAction","target":{"@type":"EntryPoint","urlTemplate":"https:\/\/www.purejewels.com\/?s={search_term_string}"},"query-input":{"@type":"PropertyValueSpecification","valueRequired":true,"valueName":"search_term_string"}}],"inLanguage":"de"},{"@type":"Organization","@id":"https:\/\/www.purejewels.com\/#organization","name":"PureJewels UK","url":"https:\/\/www.purejewels.com\/","logo":{"@type":"ImageObject","inLanguage":"de","@id":"https:\/\/www.purejewels.com\/#\/schema\/logo\/image\/","url":"https:\/\/static.purejewels.com\/wp-content\/uploads\/2020\/11\/Logo-PJ-New-1.png","contentUrl":"https:\/\/static.purejewels.com\/wp-content\/uploads\/2020\/11\/Logo-PJ-New-1.png","width":150,"height":80,"caption":"PureJewels UK"},"image":{"@id":"https:\/\/www.purejewels.com\/#\/schema\/logo\/image\/"}}]}},"_links":{"self":[{"href":"https:\/\/www.purejewels.com\/de\/wp-json\/wp\/v2\/product\/4568","targetHints":{"allow":["GET"]}}],"collection":[{"href":"https:\/\/www.purejewels.com\/de\/wp-json\/wp\/v2\/product"}],"about":[{"href":"https:\/\/www.purejewels.com\/de\/wp-json\/wp\/v2\/types\/product"}],"replies":[{"embeddable":true,"href":"https:\/\/www.purejewels.com\/de\/wp-json\/wp\/v2\/comments?post=4568"}],"version-history":[{"count":3,"href":"https:\/\/www.purejewels.com\/de\/wp-json\/wp\/v2\/product\/4568\/revisions"}],"predecessor-version":[{"id":420102,"href":"https:\/\/www.purejewels.com\/de\/wp-json\/wp\/v2\/product\/4568\/revisions\/420102"}],"wp:featuredmedia":[{"embeddable":true,"href":"https:\/\/www.purejewels.com\/de\/wp-json\/wp\/v2\/media\/4569"}],"wp:attachment":[{"href":"https:\/\/www.purejewels.com\/de\/wp-json\/wp\/v2\/media?parent=4568"}],"wp:term":[{"taxonomy":"product_brand","embeddable":true,"href":"https:\/\/www.purejewels.com\/de\/wp-json\/wp\/v2\/product_brand?post=4568"},{"taxonomy":"product_cat","embeddable":true,"href":"https:\/\/www.purejewels.com\/de\/wp-json\/wp\/v2\/product_cat?post=4568"},{"taxonomy":"product_tag","embeddable":true,"href":"https:\/\/www.purejewels.com\/de\/wp-json\/wp\/v2\/product_tag?post=4568"}],"curies":[{"name":"wp","href":"https:\/\/api.w.org\/{rel}","templated":true}]}}