{"id":4572,"date":"2017-07-19T13:31:06","date_gmt":"2017-07-19T12:31:06","guid":{"rendered":"http:\/\/new.purejewels.com\/product\/rose-gold-diamond-mangalsutra\/"},"modified":"2025-11-17T11:10:35","modified_gmt":"2025-11-17T11:10:35","slug":"rotgold-diamant-mangalsutra","status":"publish","type":"product","link":"https:\/\/www.purejewels.com\/de\/product\/rose-gold-diamond-mangalsutra\/","title":{"rendered":"Diamant-Halo-Bar-Mangalsutra aus 18 Karat Ros\u00e9gold"},"content":{"rendered":"<p data-start=\"0\" data-end=\"438\"><strong data-start=\"0\" data-end=\"10\">Gestaltung<\/strong><br data-start=\"10\" data-end=\"13\" \/>Die Diamond Halo Bar Mangalsutra aus 18 Karat Ros\u00e9gold verleiht einem zutiefst traditionellen Symbol eine moderne Leichtigkeit. Eine Reihe runder Diamant-Halos bildet einen anmutigen Steg, der entlang des Schl\u00fcsselbeins verl\u00e4uft und bei jeder Bewegung das Licht einf\u00e4ngt. Zarte schwarze Perlen umrahmen das Mittelst\u00fcck und schaffen einen raffinierten Kontrast zwischen sanften Rosat\u00f6nen und tiefschwarzem Glanz. Es wurde f\u00fcr Br\u00e4ute entworfen, die etwas Minimalistisches und dennoch Unverwechselbares bevorzugen.<\/p>\n<p data-start=\"440\" data-end=\"873\"><strong data-start=\"440\" data-end=\"457\">Handwerkliches K\u00f6nnen<\/strong><br data-start=\"457\" data-end=\"460\" \/>Jedes kreisf\u00f6rmige Motiv ist fachm\u00e4nnisch aus 18 Karat Ros\u00e9gold gefertigt und mit Brillanten im Pav\u00e9-Stil besetzt, wodurch ein sanfter, leuchtender Halo-Effekt entsteht. Die schwarzen Perlen sind sorgf\u00e4ltig aufgef\u00e4delt, um Stabilit\u00e4t und einen flie\u00dfenden Fall zu gew\u00e4hrleisten, und mit einem sicheren Verschluss versehen, der den Tragekomfort im Alltag gew\u00e4hrleistet. Jedes St\u00fcck ist mit einem britischen Feingehaltsstempel versehen, der die Reinheit des Goldes und die Qualit\u00e4t der Verarbeitung best\u00e4tigt. Das Ergebnis ist ein Mangalsutra, das sich genauso luxuri\u00f6s anf\u00fchlt, wie es aussieht.<\/p>\n<p data-start=\"875\" data-end=\"1295\" data-is-last-node=\"\" data-is-only-node=\"\"><strong data-start=\"875\" data-end=\"896\">Styling &amp; Geschenkartikel<\/strong><br data-start=\"896\" data-end=\"899\" \/>Tragen Sie es als Ihr t\u00e4gliches Mangalsutra, das sich gleicherma\u00dfen gut unter Hemden, Kleidern und Saris tragen l\u00e4sst, oder kombinieren Sie es mit feineren Diamantketten f\u00fcr festliche Abende. Sein zeitgem\u00e4\u00dfes Design macht es perfekt f\u00fcr Trauungszeremonien, Empf\u00e4nge und bedeutende Jubil\u00e4en. Es ist eine bedeutungsvolle Wahl f\u00fcr Hochzeitsgeschenke und auch ein liebevolles Geschenk von Familien, die einen besonderen Abschnitt in der gemeinsamen Reise eines Paares feiern.<\/p>","protected":false},"excerpt":{"rendered":"<ul>\n<li>18ct Rose Gold mit Diamanten<\/li>\n<li>0,78 Karat Diamanten<\/li>\n<li>SKU. 25443<\/li>\n<li>Alle Preise inklusive Mehrwertsteuer<\/li>\n<li>Alle unsere Produkte sind vom London Assay Office gestempelt.<\/li>\n<li>Kommt mit Pr\u00e4sentationsbox<\/li>\n<li>Lieferung inbegriffen<\/li>\n<li>Derzeit nicht verf\u00fcgbar, kann auf Bestellung in 3 - 6 Wochen hergestellt werden<\/li>\n<li>Live-Chat mit uns oder besuchen Sie unser Gesch\u00e4ft in London zu erkunden unsere exquisite Sammlung von Rose Gold Diamond Mangalsutra<\/li>\n<\/ul>","protected":false},"featured_media":4573,"comment_status":"closed","ping_status":"closed","template":"","meta":{"_eb_attr":"","_crsspst_to_jayantr4sg-hostcom":true},"product_brand":[],"product_cat":[1533,1284,1776,246,5354],"product_tag":[],"class_list":{"0":"post-4572","1":"product","2":"type-product","3":"status-publish","4":"has-post-thumbnail","6":"product_cat-diamond-jewellery-set","7":"product_cat-gold-mangalsutras","8":"product_cat-occasional-wear-mangalsutras","9":"product_cat-rose-gold-collections","10":"product_cat-rose-gold-jewellery","12":"first","13":"outofstock","14":"taxable","15":"shipping-taxable","16":"product-type-simple","17":"add-to-wishlist-before_image"},"yoast_head":"<!-- This site is optimized with the Yoast SEO plugin v27.3 - https:\/\/yoast.com\/product\/yoast-seo-wordpress\/ -->\n<title>Diamond Halo Bar Mangalsutra in 18ct Rose Gold | PureJewels<\/title>\n<meta name=\"description\" content=\"Shop the Diamond Halo Bar Mangalsutra in 18ct rose gold at PureJewels, featuring a row of halo-set diamonds on classic black beads \u2013 a modern bridal essential.\" \/>\n<meta name=\"robots\" content=\"index, follow, max-snippet:-1, max-image-preview:large, max-video-preview:-1\" \/>\n<link rel=\"canonical\" href=\"https:\/\/www.purejewels.com\/de\/produkt-2\/rotgold-diamant-mangalsutra\/\" \/>\n<meta property=\"og:locale\" content=\"de_DE\" \/>\n<meta property=\"og:type\" content=\"article\" \/>\n<meta property=\"og:title\" content=\"Diamond Halo Bar Mangalsutra in 18ct Rose Gold | PureJewels\" \/>\n<meta property=\"og:description\" content=\"Shop the Diamond Halo Bar Mangalsutra in 18ct rose gold at PureJewels, featuring a row of halo-set diamonds on classic black beads \u2013 a modern bridal essential.\" \/>\n<meta property=\"og:url\" content=\"https:\/\/www.purejewels.com\/de\/produkt-2\/rotgold-diamant-mangalsutra\/\" \/>\n<meta property=\"og:site_name\" content=\"PureJewels UK\" \/>\n<meta property=\"article:modified_time\" content=\"2025-11-17T11:10:35+00:00\" \/>\n<meta property=\"og:image\" content=\"https:\/\/www.purejewels.com\/wp-content\/uploads\/2017\/07\/00025443v2-2.png\" \/>\n\t<meta property=\"og:image:width\" content=\"1000\" \/>\n\t<meta property=\"og:image:height\" content=\"1000\" \/>\n\t<meta property=\"og:image:type\" content=\"image\/png\" \/>\n<meta name=\"twitter:card\" content=\"summary_large_image\" \/>\n<meta name=\"twitter:label1\" content=\"Gesch\u00e4tzte Lesezeit\" \/>\n\t<meta name=\"twitter:data1\" content=\"2\u00a0Minuten\" \/>\n<script type=\"application\/ld+json\" class=\"yoast-schema-graph\">{\"@context\":\"https:\\\/\\\/schema.org\",\"@graph\":[{\"@type\":[\"WebPage\",\"ItemPage\"],\"@id\":\"https:\\\/\\\/www.purejewels.com\\\/product\\\/rose-gold-diamond-mangalsutra\\\/\",\"url\":\"https:\\\/\\\/www.purejewels.com\\\/product\\\/rose-gold-diamond-mangalsutra\\\/\",\"name\":\"Diamond Halo Bar Mangalsutra in 18ct Rose Gold | PureJewels\",\"isPartOf\":{\"@id\":\"https:\\\/\\\/www.purejewels.com\\\/#website\"},\"primaryImageOfPage\":{\"@id\":\"https:\\\/\\\/www.purejewels.com\\\/product\\\/rose-gold-diamond-mangalsutra\\\/#primaryimage\"},\"image\":{\"@id\":\"https:\\\/\\\/www.purejewels.com\\\/product\\\/rose-gold-diamond-mangalsutra\\\/#primaryimage\"},\"thumbnailUrl\":\"https:\\\/\\\/static.purejewels.com\\\/wp-content\\\/uploads\\\/2017\\\/07\\\/00025443v2-2.png\",\"datePublished\":\"2017-07-19T12:31:06+00:00\",\"dateModified\":\"2025-11-17T11:10:35+00:00\",\"description\":\"Shop the Diamond Halo Bar Mangalsutra in 18ct rose gold at PureJewels, featuring a row of halo-set diamonds on classic black beads \u2013 a modern bridal essential.\",\"breadcrumb\":{\"@id\":\"https:\\\/\\\/www.purejewels.com\\\/product\\\/rose-gold-diamond-mangalsutra\\\/#breadcrumb\"},\"inLanguage\":\"de\",\"potentialAction\":[{\"@type\":\"ReadAction\",\"target\":[\"https:\\\/\\\/www.purejewels.com\\\/product\\\/rose-gold-diamond-mangalsutra\\\/\"]}]},{\"@type\":\"ImageObject\",\"inLanguage\":\"de\",\"@id\":\"https:\\\/\\\/www.purejewels.com\\\/product\\\/rose-gold-diamond-mangalsutra\\\/#primaryimage\",\"url\":\"https:\\\/\\\/static.purejewels.com\\\/wp-content\\\/uploads\\\/2017\\\/07\\\/00025443v2-2.png\",\"contentUrl\":\"https:\\\/\\\/static.purejewels.com\\\/wp-content\\\/uploads\\\/2017\\\/07\\\/00025443v2-2.png\",\"width\":1000,\"height\":1000,\"caption\":\"00025443v2.png\"},{\"@type\":\"BreadcrumbList\",\"@id\":\"https:\\\/\\\/www.purejewels.com\\\/product\\\/rose-gold-diamond-mangalsutra\\\/#breadcrumb\",\"itemListElement\":[{\"@type\":\"ListItem\",\"position\":1,\"name\":\"Home\",\"item\":\"https:\\\/\\\/www.purejewels.com\\\/\"},{\"@type\":\"ListItem\",\"position\":2,\"name\":\"Shop\",\"item\":\"https:\\\/\\\/www.purejewels.com\\\/shop\\\/\"},{\"@type\":\"ListItem\",\"position\":3,\"name\":\"Diamond Halo Bar Mangalsutra in 18ct Rose Gold\"}]},{\"@type\":\"WebSite\",\"@id\":\"https:\\\/\\\/www.purejewels.com\\\/#website\",\"url\":\"https:\\\/\\\/www.purejewels.com\\\/\",\"name\":\"PureJewels UK\",\"description\":\"Share the Love\",\"publisher\":{\"@id\":\"https:\\\/\\\/www.purejewels.com\\\/#organization\"},\"potentialAction\":[{\"@type\":\"SearchAction\",\"target\":{\"@type\":\"EntryPoint\",\"urlTemplate\":\"https:\\\/\\\/www.purejewels.com\\\/?s={search_term_string}\"},\"query-input\":{\"@type\":\"PropertyValueSpecification\",\"valueRequired\":true,\"valueName\":\"search_term_string\"}}],\"inLanguage\":\"de\"},{\"@type\":\"Organization\",\"@id\":\"https:\\\/\\\/www.purejewels.com\\\/#organization\",\"name\":\"PureJewels UK\",\"url\":\"https:\\\/\\\/www.purejewels.com\\\/\",\"logo\":{\"@type\":\"ImageObject\",\"inLanguage\":\"de\",\"@id\":\"https:\\\/\\\/www.purejewels.com\\\/#\\\/schema\\\/logo\\\/image\\\/\",\"url\":\"https:\\\/\\\/static.purejewels.com\\\/wp-content\\\/uploads\\\/2020\\\/11\\\/Logo-PJ-New-1.png\",\"contentUrl\":\"https:\\\/\\\/static.purejewels.com\\\/wp-content\\\/uploads\\\/2020\\\/11\\\/Logo-PJ-New-1.png\",\"width\":150,\"height\":80,\"caption\":\"PureJewels UK\"},\"image\":{\"@id\":\"https:\\\/\\\/www.purejewels.com\\\/#\\\/schema\\\/logo\\\/image\\\/\"}}]}<\/script>\n<!-- \/ Yoast SEO plugin. -->","yoast_head_json":{"title":"Diamant-Halo-Bar-Mangalsutra aus 18 Karat Ros\u00e9gold | PureJewels","description":"Kaufen Sie bei PureJewels die Diamond Halo Bar Mangalsutra aus 18 Karat Ros\u00e9gold mit einer Reihe von Diamanten in Halo-Fassung auf klassischen schwarzen Perlen \u2013 ein modernes Must-have f\u00fcr die Braut.","robots":{"index":"index","follow":"follow","max-snippet":"max-snippet:-1","max-image-preview":"max-image-preview:large","max-video-preview":"max-video-preview:-1"},"canonical":"https:\/\/www.purejewels.com\/de\/produkt-2\/rotgold-diamant-mangalsutra\/","og_locale":"de_DE","og_type":"article","og_title":"Diamond Halo Bar Mangalsutra in 18ct Rose Gold | PureJewels","og_description":"Shop the Diamond Halo Bar Mangalsutra in 18ct rose gold at PureJewels, featuring a row of halo-set diamonds on classic black beads \u2013 a modern bridal essential.","og_url":"https:\/\/www.purejewels.com\/de\/produkt-2\/rotgold-diamant-mangalsutra\/","og_site_name":"PureJewels UK","article_modified_time":"2025-11-17T11:10:35+00:00","og_image":[{"width":1000,"height":1000,"url":"https:\/\/www.purejewels.com\/wp-content\/uploads\/2017\/07\/00025443v2-2.png","type":"image\/png"}],"twitter_card":"summary_large_image","twitter_misc":{"Gesch\u00e4tzte Lesezeit":"2\u00a0Minuten"},"schema":{"@context":"https:\/\/schema.org","@graph":[{"@type":["WebPage","ItemPage"],"@id":"https:\/\/www.purejewels.com\/product\/rose-gold-diamond-mangalsutra\/","url":"https:\/\/www.purejewels.com\/product\/rose-gold-diamond-mangalsutra\/","name":"Diamant-Halo-Bar-Mangalsutra aus 18 Karat Ros\u00e9gold | PureJewels","isPartOf":{"@id":"https:\/\/www.purejewels.com\/#website"},"primaryImageOfPage":{"@id":"https:\/\/www.purejewels.com\/product\/rose-gold-diamond-mangalsutra\/#primaryimage"},"image":{"@id":"https:\/\/www.purejewels.com\/product\/rose-gold-diamond-mangalsutra\/#primaryimage"},"thumbnailUrl":"https:\/\/static.purejewels.com\/wp-content\/uploads\/2017\/07\/00025443v2-2.png","datePublished":"2017-07-19T12:31:06+00:00","dateModified":"2025-11-17T11:10:35+00:00","description":"Kaufen Sie bei PureJewels die Diamond Halo Bar Mangalsutra aus 18 Karat Ros\u00e9gold mit einer Reihe von Diamanten in Halo-Fassung auf klassischen schwarzen Perlen \u2013 ein modernes Must-have f\u00fcr die Braut.","breadcrumb":{"@id":"https:\/\/www.purejewels.com\/product\/rose-gold-diamond-mangalsutra\/#breadcrumb"},"inLanguage":"de","potentialAction":[{"@type":"ReadAction","target":["https:\/\/www.purejewels.com\/product\/rose-gold-diamond-mangalsutra\/"]}]},{"@type":"ImageObject","inLanguage":"de","@id":"https:\/\/www.purejewels.com\/product\/rose-gold-diamond-mangalsutra\/#primaryimage","url":"https:\/\/static.purejewels.com\/wp-content\/uploads\/2017\/07\/00025443v2-2.png","contentUrl":"https:\/\/static.purejewels.com\/wp-content\/uploads\/2017\/07\/00025443v2-2.png","width":1000,"height":1000,"caption":"00025443v2.png"},{"@type":"BreadcrumbList","@id":"https:\/\/www.purejewels.com\/product\/rose-gold-diamond-mangalsutra\/#breadcrumb","itemListElement":[{"@type":"ListItem","position":1,"name":"Home","item":"https:\/\/www.purejewels.com\/"},{"@type":"ListItem","position":2,"name":"Shop","item":"https:\/\/www.purejewels.com\/shop\/"},{"@type":"ListItem","position":3,"name":"Diamond Halo Bar Mangalsutra in 18ct Rose Gold"}]},{"@type":"WebSite","@id":"https:\/\/www.purejewels.com\/#website","url":"https:\/\/www.purejewels.com\/","name":"PureJewels UK","description":"Teile die Liebe","publisher":{"@id":"https:\/\/www.purejewels.com\/#organization"},"potentialAction":[{"@type":"SearchAction","target":{"@type":"EntryPoint","urlTemplate":"https:\/\/www.purejewels.com\/?s={search_term_string}"},"query-input":{"@type":"PropertyValueSpecification","valueRequired":true,"valueName":"search_term_string"}}],"inLanguage":"de"},{"@type":"Organization","@id":"https:\/\/www.purejewels.com\/#organization","name":"PureJewels UK","url":"https:\/\/www.purejewels.com\/","logo":{"@type":"ImageObject","inLanguage":"de","@id":"https:\/\/www.purejewels.com\/#\/schema\/logo\/image\/","url":"https:\/\/static.purejewels.com\/wp-content\/uploads\/2020\/11\/Logo-PJ-New-1.png","contentUrl":"https:\/\/static.purejewels.com\/wp-content\/uploads\/2020\/11\/Logo-PJ-New-1.png","width":150,"height":80,"caption":"PureJewels UK"},"image":{"@id":"https:\/\/www.purejewels.com\/#\/schema\/logo\/image\/"}}]}},"_links":{"self":[{"href":"https:\/\/www.purejewels.com\/de\/wp-json\/wp\/v2\/product\/4572","targetHints":{"allow":["GET"]}}],"collection":[{"href":"https:\/\/www.purejewels.com\/de\/wp-json\/wp\/v2\/product"}],"about":[{"href":"https:\/\/www.purejewels.com\/de\/wp-json\/wp\/v2\/types\/product"}],"replies":[{"embeddable":true,"href":"https:\/\/www.purejewels.com\/de\/wp-json\/wp\/v2\/comments?post=4572"}],"version-history":[{"count":3,"href":"https:\/\/www.purejewels.com\/de\/wp-json\/wp\/v2\/product\/4572\/revisions"}],"predecessor-version":[{"id":421178,"href":"https:\/\/www.purejewels.com\/de\/wp-json\/wp\/v2\/product\/4572\/revisions\/421178"}],"wp:featuredmedia":[{"embeddable":true,"href":"https:\/\/www.purejewels.com\/de\/wp-json\/wp\/v2\/media\/4573"}],"wp:attachment":[{"href":"https:\/\/www.purejewels.com\/de\/wp-json\/wp\/v2\/media?parent=4572"}],"wp:term":[{"taxonomy":"product_brand","embeddable":true,"href":"https:\/\/www.purejewels.com\/de\/wp-json\/wp\/v2\/product_brand?post=4572"},{"taxonomy":"product_cat","embeddable":true,"href":"https:\/\/www.purejewels.com\/de\/wp-json\/wp\/v2\/product_cat?post=4572"},{"taxonomy":"product_tag","embeddable":true,"href":"https:\/\/www.purejewels.com\/de\/wp-json\/wp\/v2\/product_tag?post=4572"}],"curies":[{"name":"wp","href":"https:\/\/api.w.org\/{rel}","templated":true}]}}