{"id":4606,"date":"2017-07-19T14:32:26","date_gmt":"2017-07-19T13:32:26","guid":{"rendered":"http:\/\/new.purejewels.com\/product\/22ct-gold-bangle-with-meenakari\/"},"modified":"2026-01-10T16:15:26","modified_gmt":"2026-01-10T16:15:26","slug":"armreif-aus-22-karat-gold-mit-meenakari","status":"publish","type":"product","link":"https:\/\/www.purejewels.com\/de\/product\/22ct-gold-bangle-with-meenakari\/","title":{"rendered":"22ct Gold Jali Armreifen"},"content":{"rendered":"<p>Aus der Ferne sieht es aus wie ein Glanz aus Rubin und Gold, der auf Ihrem Arm tanzt.  Aus der N\u00e4he betrachtet, ist es entz\u00fcckend, <a href=\"https:\/\/www.purejewels.com\/de\/product\/22ct-gold-bangle-28063\/\">Armreif aus 22 Karat Gold<\/a> ist mit gl\u00e4nzender Emaille (Meenakari) in Rubinrot und Smaragdgr\u00fcn fein ausgearbeitet.  Wir lieben diese traditionelle Technik, die vor 400 Jahren aus Persien nach Indien kam, von den Moguln geliebt wurde und heute ein verehrtes Handwerk ist.  (Schauen Sie einem Goldschmied beim Auftragen von Emaille zu, und Sie werden sehen, wie viel Geschick dahinter steckt.)  Dieser goldene Meenakari-Armreif ist ein St\u00fcck f\u00fcrs Leben, perfekt f\u00fcr besondere Anl\u00e4sse und wird sicher auch von k\u00fcnftigen Generationen geliebt werden.<\/p>\n<ul>\n<li>22ct Gold Einzelne Meenakari Armreifen<\/li>\n<li>Gewicht : 17.8 g<\/li>\n<li>Mit gr\u00fcner und roter Emaillearbeit<\/li>\n<li>22ct Gold gestempelt von London Assay Office<\/li>\n<li>Mit Pr\u00e4sentationsbox<\/li>\n<li>Lieferung inbegriffen<\/li>\n<li>Alle Preise inklusive Mehrwertsteuer<\/li>\n<li>Live-Chat mit uns f\u00fcr die Verf\u00fcgbarkeit und mehr Bilder von \u00e4hnlichen Designs derzeit auf Lager<\/li>\n<\/ul>\n<p><strong>\u00a0<\/strong><\/p>\n<p><strong>22ct Gold Meenakari Armreifen<br \/>\n<\/strong>Bevor es das Internet gab, wurden die Geheimnisse der Schmuckhersteller von Mensch zu Mensch weitergegeben; man konnte eine Technik nur erlernen, indem man sie beobachtete.   Und diese Gewohnheit hat Meenakari in Jaipur \u00fcber Hunderte von Jahren erhalten - S\u00f6hne und Enkel lernten von ihren \u00c4ltesten und \u00fcbten sich in der magischen Kunst des Auftragens und anschlie\u00dfenden Brennens der Paste, um die schimmernden Emaillearbeiten zu schaffen.<\/p>\n<p>Meenakari-Armreifen werden mit indischem K\u00f6nigtum und Prestige assoziiert und sind perfekt f\u00fcr Feierlichkeiten.  Unser 22ct <a href=\"https:\/\/www.purejewels.com\/de\/product\/jali-collection-22ct-gold-bridal-kada\/\">Goldarmb\u00e4nder<\/a> mit Meenakari sind etwas ganz Besonderes: Jede ist ein wenig anders, so dass Ihre ganz individuell sind, genau wie in der Mogulzeit.<\/p>\n<p><strong>22ct Gold Armreifen<\/strong><br \/>\nWenn Sie auf der Suche nach einem unvergesslichen Geschenk sind, sorgen unsere Armreifen aus 22-kar\u00e4tigem Gold garantiert f\u00fcr ein gro\u00dfes Aha-Erlebnis.  Wir haben uns auf authentisch indische Armreifen spezialisiert, die nach unseren hohen Standards gefertigt werden und oft einen modernen Touch haben.  Unsere goldenen Meenakari-Armreifen sind mit wundersch\u00f6nen Emaillearbeiten verziert und unterscheiden sich kaum von den Klassikern aus den Geschichtsb\u00fcchern... f\u00fcr die Tage, an denen Sie sich mit Ihrer Vergangenheit verbunden f\u00fchlen wollen.<\/p>","protected":false},"excerpt":{"rendered":"<ul>\n<li>22ct Gold Jali Filigrane Armreifen<\/li>\n<li>\u00a0Gewicht : 17.8 g<\/li>\n<li>Mit gr\u00fcner und roter Emaillearbeit<\/li>\n<li>22ct Gold gestempelt von London Assay Office<\/li>\n<li>Mit Pr\u00e4sentationsbox<\/li>\n<li>Lieferung inbegriffen<\/li>\n<li>Alle Preise inklusive Mehrwertsteuer<\/li>\n<li>Live-Chat mit uns f\u00fcr die Verf\u00fcgbarkeit und mehr Bilder von \u00e4hnlichen Designs derzeit auf Lager<\/li>\n<\/ul>","protected":false},"featured_media":4607,"comment_status":"closed","ping_status":"closed","template":"","meta":{"_eb_attr":"","_crsspst_to_jayantr4sg-hostcom":true},"product_brand":[],"product_cat":[252,1657,1574],"product_tag":[1514,1502,63,1521],"class_list":{"0":"post-4606","1":"product","2":"type-product","3":"status-publish","4":"has-post-thumbnail","6":"product_cat-jali-collections","7":"product_cat-single-bangle","8":"product_cat-womens-jewellery","9":"product_tag-bangles","10":"product_tag-filigree","11":"product_tag-gold","12":"product_tag-kada","14":"first","15":"outofstock","16":"product-type-simple","17":"add-to-wishlist-before_image"},"yoast_head":"<!-- This site is optimized with the Yoast SEO plugin v27.3 - https:\/\/yoast.com\/product\/yoast-seo-wordpress\/ -->\n<title>22ct Gold Jali Bangles - PureJewels UK<\/title>\n<meta name=\"robots\" content=\"index, follow, max-snippet:-1, max-image-preview:large, max-video-preview:-1\" \/>\n<link rel=\"canonical\" href=\"https:\/\/www.purejewels.com\/de\/produkt-2\/armreif-aus-22-karat-gold-mit-meenakari\/\" \/>\n<meta property=\"og:locale\" content=\"de_DE\" \/>\n<meta property=\"og:type\" content=\"article\" \/>\n<meta property=\"og:title\" content=\"22ct Gold Jali Bangles - PureJewels UK\" \/>\n<meta property=\"og:description\" content=\"22ct Gold Jali Filigree Bangles  \u00a0Wt : 17.8 gms  With Green and Red Enamel Work  22ct Gold\u00a0Hallmarked by London Assay Office  Comes With Presentation Box  Delivery Included  All prices include VAT  Live chat with us for availability and more images of similar designs currently in stock\" \/>\n<meta property=\"og:url\" content=\"https:\/\/www.purejewels.com\/de\/produkt-2\/armreif-aus-22-karat-gold-mit-meenakari\/\" \/>\n<meta property=\"og:site_name\" content=\"PureJewels UK\" \/>\n<meta property=\"article:modified_time\" content=\"2026-01-10T16:15:26+00:00\" \/>\n<meta property=\"og:image\" content=\"https:\/\/www.purejewels.com\/wp-content\/uploads\/2017\/07\/bangle11-2.png\" \/>\n\t<meta property=\"og:image:width\" content=\"2048\" \/>\n\t<meta property=\"og:image:height\" content=\"2048\" \/>\n\t<meta property=\"og:image:type\" content=\"image\/png\" \/>\n<meta name=\"twitter:card\" content=\"summary_large_image\" \/>\n<meta name=\"twitter:label1\" content=\"Gesch\u00e4tzte Lesezeit\" \/>\n\t<meta name=\"twitter:data1\" content=\"2\u00a0Minuten\" \/>\n<script type=\"application\/ld+json\" class=\"yoast-schema-graph\">{\"@context\":\"https:\\\/\\\/schema.org\",\"@graph\":[{\"@type\":[\"WebPage\",\"ItemPage\"],\"@id\":\"https:\\\/\\\/www.purejewels.com\\\/product\\\/22ct-gold-bangle-with-meenakari\\\/\",\"url\":\"https:\\\/\\\/www.purejewels.com\\\/product\\\/22ct-gold-bangle-with-meenakari\\\/\",\"name\":\"22ct Gold Jali Bangles - PureJewels UK\",\"isPartOf\":{\"@id\":\"https:\\\/\\\/www.purejewels.com\\\/#website\"},\"primaryImageOfPage\":{\"@id\":\"https:\\\/\\\/www.purejewels.com\\\/product\\\/22ct-gold-bangle-with-meenakari\\\/#primaryimage\"},\"image\":{\"@id\":\"https:\\\/\\\/www.purejewels.com\\\/product\\\/22ct-gold-bangle-with-meenakari\\\/#primaryimage\"},\"thumbnailUrl\":\"https:\\\/\\\/static.purejewels.com\\\/wp-content\\\/uploads\\\/2017\\\/07\\\/bangle11-2.png\",\"datePublished\":\"2017-07-19T13:32:26+00:00\",\"dateModified\":\"2026-01-10T16:15:26+00:00\",\"breadcrumb\":{\"@id\":\"https:\\\/\\\/www.purejewels.com\\\/product\\\/22ct-gold-bangle-with-meenakari\\\/#breadcrumb\"},\"inLanguage\":\"de\",\"potentialAction\":[{\"@type\":\"ReadAction\",\"target\":[\"https:\\\/\\\/www.purejewels.com\\\/product\\\/22ct-gold-bangle-with-meenakari\\\/\"]}]},{\"@type\":\"ImageObject\",\"inLanguage\":\"de\",\"@id\":\"https:\\\/\\\/www.purejewels.com\\\/product\\\/22ct-gold-bangle-with-meenakari\\\/#primaryimage\",\"url\":\"https:\\\/\\\/static.purejewels.com\\\/wp-content\\\/uploads\\\/2017\\\/07\\\/bangle11-2.png\",\"contentUrl\":\"https:\\\/\\\/static.purejewels.com\\\/wp-content\\\/uploads\\\/2017\\\/07\\\/bangle11-2.png\",\"width\":2048,\"height\":2048,\"caption\":\"bangle11.png\"},{\"@type\":\"BreadcrumbList\",\"@id\":\"https:\\\/\\\/www.purejewels.com\\\/product\\\/22ct-gold-bangle-with-meenakari\\\/#breadcrumb\",\"itemListElement\":[{\"@type\":\"ListItem\",\"position\":1,\"name\":\"Home\",\"item\":\"https:\\\/\\\/www.purejewels.com\\\/\"},{\"@type\":\"ListItem\",\"position\":2,\"name\":\"Shop\",\"item\":\"https:\\\/\\\/www.purejewels.com\\\/shop\\\/\"},{\"@type\":\"ListItem\",\"position\":3,\"name\":\"22ct Gold Jali Bangles\"}]},{\"@type\":\"WebSite\",\"@id\":\"https:\\\/\\\/www.purejewels.com\\\/#website\",\"url\":\"https:\\\/\\\/www.purejewels.com\\\/\",\"name\":\"PureJewels UK\",\"description\":\"Share the Love\",\"publisher\":{\"@id\":\"https:\\\/\\\/www.purejewels.com\\\/#organization\"},\"potentialAction\":[{\"@type\":\"SearchAction\",\"target\":{\"@type\":\"EntryPoint\",\"urlTemplate\":\"https:\\\/\\\/www.purejewels.com\\\/?s={search_term_string}\"},\"query-input\":{\"@type\":\"PropertyValueSpecification\",\"valueRequired\":true,\"valueName\":\"search_term_string\"}}],\"inLanguage\":\"de\"},{\"@type\":\"Organization\",\"@id\":\"https:\\\/\\\/www.purejewels.com\\\/#organization\",\"name\":\"PureJewels UK\",\"url\":\"https:\\\/\\\/www.purejewels.com\\\/\",\"logo\":{\"@type\":\"ImageObject\",\"inLanguage\":\"de\",\"@id\":\"https:\\\/\\\/www.purejewels.com\\\/#\\\/schema\\\/logo\\\/image\\\/\",\"url\":\"https:\\\/\\\/static.purejewels.com\\\/wp-content\\\/uploads\\\/2020\\\/11\\\/Logo-PJ-New-1.png\",\"contentUrl\":\"https:\\\/\\\/static.purejewels.com\\\/wp-content\\\/uploads\\\/2020\\\/11\\\/Logo-PJ-New-1.png\",\"width\":150,\"height\":80,\"caption\":\"PureJewels UK\"},\"image\":{\"@id\":\"https:\\\/\\\/www.purejewels.com\\\/#\\\/schema\\\/logo\\\/image\\\/\"}}]}<\/script>\n<!-- \/ Yoast SEO plugin. -->","yoast_head_json":{"title":"22ct Gold Jali Armreifen - PureJewels UK","robots":{"index":"index","follow":"follow","max-snippet":"max-snippet:-1","max-image-preview":"max-image-preview:large","max-video-preview":"max-video-preview:-1"},"canonical":"https:\/\/www.purejewels.com\/de\/produkt-2\/armreif-aus-22-karat-gold-mit-meenakari\/","og_locale":"de_DE","og_type":"article","og_title":"22ct Gold Jali Bangles - PureJewels UK","og_description":"22ct Gold Jali Filigree Bangles  \u00a0Wt : 17.8 gms  With Green and Red Enamel Work  22ct Gold\u00a0Hallmarked by London Assay Office  Comes With Presentation Box  Delivery Included  All prices include VAT  Live chat with us for availability and more images of similar designs currently in stock","og_url":"https:\/\/www.purejewels.com\/de\/produkt-2\/armreif-aus-22-karat-gold-mit-meenakari\/","og_site_name":"PureJewels UK","article_modified_time":"2026-01-10T16:15:26+00:00","og_image":[{"width":2048,"height":2048,"url":"https:\/\/www.purejewels.com\/wp-content\/uploads\/2017\/07\/bangle11-2.png","type":"image\/png"}],"twitter_card":"summary_large_image","twitter_misc":{"Gesch\u00e4tzte Lesezeit":"2\u00a0Minuten"},"schema":{"@context":"https:\/\/schema.org","@graph":[{"@type":["WebPage","ItemPage"],"@id":"https:\/\/www.purejewels.com\/product\/22ct-gold-bangle-with-meenakari\/","url":"https:\/\/www.purejewels.com\/product\/22ct-gold-bangle-with-meenakari\/","name":"22ct Gold Jali Armreifen - PureJewels UK","isPartOf":{"@id":"https:\/\/www.purejewels.com\/#website"},"primaryImageOfPage":{"@id":"https:\/\/www.purejewels.com\/product\/22ct-gold-bangle-with-meenakari\/#primaryimage"},"image":{"@id":"https:\/\/www.purejewels.com\/product\/22ct-gold-bangle-with-meenakari\/#primaryimage"},"thumbnailUrl":"https:\/\/static.purejewels.com\/wp-content\/uploads\/2017\/07\/bangle11-2.png","datePublished":"2017-07-19T13:32:26+00:00","dateModified":"2026-01-10T16:15:26+00:00","breadcrumb":{"@id":"https:\/\/www.purejewels.com\/product\/22ct-gold-bangle-with-meenakari\/#breadcrumb"},"inLanguage":"de","potentialAction":[{"@type":"ReadAction","target":["https:\/\/www.purejewels.com\/product\/22ct-gold-bangle-with-meenakari\/"]}]},{"@type":"ImageObject","inLanguage":"de","@id":"https:\/\/www.purejewels.com\/product\/22ct-gold-bangle-with-meenakari\/#primaryimage","url":"https:\/\/static.purejewels.com\/wp-content\/uploads\/2017\/07\/bangle11-2.png","contentUrl":"https:\/\/static.purejewels.com\/wp-content\/uploads\/2017\/07\/bangle11-2.png","width":2048,"height":2048,"caption":"bangle11.png"},{"@type":"BreadcrumbList","@id":"https:\/\/www.purejewels.com\/product\/22ct-gold-bangle-with-meenakari\/#breadcrumb","itemListElement":[{"@type":"ListItem","position":1,"name":"Home","item":"https:\/\/www.purejewels.com\/"},{"@type":"ListItem","position":2,"name":"Shop","item":"https:\/\/www.purejewels.com\/shop\/"},{"@type":"ListItem","position":3,"name":"22ct Gold Jali Bangles"}]},{"@type":"WebSite","@id":"https:\/\/www.purejewels.com\/#website","url":"https:\/\/www.purejewels.com\/","name":"PureJewels UK","description":"Teile die Liebe","publisher":{"@id":"https:\/\/www.purejewels.com\/#organization"},"potentialAction":[{"@type":"SearchAction","target":{"@type":"EntryPoint","urlTemplate":"https:\/\/www.purejewels.com\/?s={search_term_string}"},"query-input":{"@type":"PropertyValueSpecification","valueRequired":true,"valueName":"search_term_string"}}],"inLanguage":"de"},{"@type":"Organization","@id":"https:\/\/www.purejewels.com\/#organization","name":"PureJewels UK","url":"https:\/\/www.purejewels.com\/","logo":{"@type":"ImageObject","inLanguage":"de","@id":"https:\/\/www.purejewels.com\/#\/schema\/logo\/image\/","url":"https:\/\/static.purejewels.com\/wp-content\/uploads\/2020\/11\/Logo-PJ-New-1.png","contentUrl":"https:\/\/static.purejewels.com\/wp-content\/uploads\/2020\/11\/Logo-PJ-New-1.png","width":150,"height":80,"caption":"PureJewels UK"},"image":{"@id":"https:\/\/www.purejewels.com\/#\/schema\/logo\/image\/"}}]}},"_links":{"self":[{"href":"https:\/\/www.purejewels.com\/de\/wp-json\/wp\/v2\/product\/4606","targetHints":{"allow":["GET"]}}],"collection":[{"href":"https:\/\/www.purejewels.com\/de\/wp-json\/wp\/v2\/product"}],"about":[{"href":"https:\/\/www.purejewels.com\/de\/wp-json\/wp\/v2\/types\/product"}],"replies":[{"embeddable":true,"href":"https:\/\/www.purejewels.com\/de\/wp-json\/wp\/v2\/comments?post=4606"}],"version-history":[{"count":1,"href":"https:\/\/www.purejewels.com\/de\/wp-json\/wp\/v2\/product\/4606\/revisions"}],"predecessor-version":[{"id":385333,"href":"https:\/\/www.purejewels.com\/de\/wp-json\/wp\/v2\/product\/4606\/revisions\/385333"}],"wp:featuredmedia":[{"embeddable":true,"href":"https:\/\/www.purejewels.com\/de\/wp-json\/wp\/v2\/media\/4607"}],"wp:attachment":[{"href":"https:\/\/www.purejewels.com\/de\/wp-json\/wp\/v2\/media?parent=4606"}],"wp:term":[{"taxonomy":"product_brand","embeddable":true,"href":"https:\/\/www.purejewels.com\/de\/wp-json\/wp\/v2\/product_brand?post=4606"},{"taxonomy":"product_cat","embeddable":true,"href":"https:\/\/www.purejewels.com\/de\/wp-json\/wp\/v2\/product_cat?post=4606"},{"taxonomy":"product_tag","embeddable":true,"href":"https:\/\/www.purejewels.com\/de\/wp-json\/wp\/v2\/product_tag?post=4606"}],"curies":[{"name":"wp","href":"https:\/\/api.w.org\/{rel}","templated":true}]}}