{"id":118274,"date":"2017-09-13T17:03:21","date_gmt":"2017-09-13T16:03:21","guid":{"rendered":"https:\/\/www.purejewels.com\/product\/diamond-cut-necklace-3\/"},"modified":"2025-11-25T08:40:34","modified_gmt":"2025-11-25T08:40:34","slug":"elmas-kesim-kolye-3","status":"publish","type":"product","link":"https:\/\/www.purejewels.com\/tr\/product\/diamond-cut-necklace-3\/","title":{"rendered":"22 ayar alt\u0131n elmas kesim boncuklu kaskat\u0131 kolye"},"content":{"rendered":"<h3 data-start=\"148\" data-end=\"172\"><strong data-start=\"152\" data-end=\"170\">Tasar\u0131m Konsepti<\/strong><\/h3>\n<p data-start=\"173\" data-end=\"576\">Bu <em data-start=\"177\" data-end=\"222\">22 ayar alt\u0131n elmas kesim boncuklu kaskat\u0131 kolye<\/em> klasik g\u00fczelli\u011fe ve ritmik tasar\u0131ma zarif bir \u00f6vg\u00fc niteli\u011findedir. Geleneksel G\u00fcney Asya boncuk i\u015f\u00e7ili\u011finden ilham alan bu kolye, ak\u0131c\u0131 simetriyi ve alt\u0131n\u0131n zamans\u0131z zarafetini kutluyor. Cilal\u0131, elmas kesim boncuklardan olu\u015fan orta s\u0131ra, ince ipliklerden olu\u015fan ak\u0131c\u0131 bir kaskadla nazik\u00e7e ge\u00e7i\u015f yaparak, zahmetsiz bir sofistike izlenim yarat\u0131yor.<\/p>\n<h3 data-start=\"583\" data-end=\"606\"><strong data-start=\"587\" data-end=\"604\">Zanaatkarl\u0131k<\/strong><\/h3>\n<p data-start=\"607\" data-end=\"1050\">Y\u00fcksek safl\u0131kta 22 ayar alt\u0131ndan titizlikle el i\u015f\u00e7ili\u011fi ile \u00fcretilen her bir boncuk, hassas elmas kesim y\u00fczeylere sahiptir ve her a\u00e7\u0131dan \u0131\u015f\u0131\u011f\u0131 yakalayarak her hareketle ince bir \u0131\u015f\u0131lt\u0131 yarat\u0131r. Boncuklar tek tip bir hassasiyetle dizilmi\u015f ve uzat\u0131lm\u0131\u015f \u00e7ok telli segmentler, karma\u015f\u0131k detaylara sahip alt\u0131n unsurlarla sabitlenmi\u015ftir. T\u00fcm par\u00e7a, PureJewels'in \u00e7a\u011fda\u015f incelikle harmanlanm\u0131\u015f, as\u0131rl\u0131k kuyumculuk tekniklerini koruma konusundaki kararl\u0131l\u0131\u011f\u0131n\u0131 yans\u0131tmaktad\u0131r.<\/p>\n<h3 data-start=\"1147\" data-end=\"1170\"><strong data-start=\"1151\" data-end=\"1168\">Stil Fikirleri<\/strong><\/h3>\n<p data-start=\"1171\" data-end=\"1614\">Resmi davetler ve samimi kutlamalar i\u00e7in ideal olan bu kolye, geleneksel sari, lehenga ve hatta \u015f\u0131k bir gece elbisesi ile kombinlenebilir. Minimal ancak karma\u015f\u0131k tasar\u0131m\u0131, choker veya daha uzun tap\u0131nak tarz\u0131 kolyelerle birlikte giymek i\u00e7in m\u00fckemmeldir. Uyumlu, zarif bir kombin i\u00e7in, kolyeyle uyumlu elmas kesim alt\u0131n k\u00fcpeler veya bileziklerle kombinleyin. Hafif ve \u0131\u015f\u0131lt\u0131l\u0131 olan bu kolye, d\u00fc\u011f\u00fcnler veya y\u0131ld\u00f6n\u00fcmleri i\u00e7in anlaml\u0131 bir hediye se\u00e7ene\u011fidir.<\/p>","protected":false},"excerpt":{"rendered":"<ul>\n<li>22 ayar parlak kaplama gelin kolyesi<\/li>\n<li>A\u011f\u0131rl\u0131k: 27,3 grms<\/li>\n<li>T\u00fcm fiyatlara KDV dahildir<\/li>\n<li>Londra Tahlil Ofisi Taraf\u0131ndan Damgalanm\u0131\u015f 22 Ayar Alt\u0131n<\/li>\n<li>T\u00fcm Setler Sunum Kutusu ile Birlikte Gelir<\/li>\n<li>Teslimat Dahil<\/li>\n<li>Stok durumu ve stokta bulunan benzer tasar\u0131mlar\u0131n daha fazla g\u00f6r\u00fcnt\u00fcs\u00fc i\u00e7in bizimle canl\u0131 sohbet edin<\/li>\n<\/ul>","protected":false},"featured_media":198804,"comment_status":"closed","ping_status":"closed","template":"","meta":{"_eb_attr":"","_crsspst_to_jayantr4sg-hostcom":false},"product_brand":[],"product_cat":[1778],"product_tag":[],"class_list":{"0":"post-118274","1":"product","2":"type-product","3":"status-publish","4":"has-post-thumbnail","6":"product_cat-short-necklaces","8":"first","9":"outofstock","10":"taxable","11":"shipping-taxable","12":"product-type-simple","13":"add-to-wishlist-before_image"},"yoast_head":"<!-- This site is optimized with the Yoast SEO plugin v27.3 - https:\/\/yoast.com\/product\/yoast-seo-wordpress\/ -->\n<title>22ct Gold Diamond-Cut Bead Cascade Necklace | PureJewels<\/title>\n<meta name=\"description\" content=\"Graceful 22ct gold necklace with diamond-cut beads and layered strands. A timeless cascade design that radiates elegance and fine craftsmanship.\" \/>\n<meta name=\"robots\" content=\"index, follow, max-snippet:-1, max-image-preview:large, max-video-preview:-1\" \/>\n<link rel=\"canonical\" href=\"https:\/\/www.purejewels.com\/tr\/urun\/elmas-kesim-kolye-3\/\" \/>\n<meta property=\"og:locale\" content=\"tr_TR\" \/>\n<meta property=\"og:type\" content=\"article\" \/>\n<meta property=\"og:title\" content=\"22ct Gold Diamond-Cut Bead Cascade Necklace | PureJewels\" \/>\n<meta property=\"og:description\" content=\"Graceful 22ct gold necklace with diamond-cut beads and layered strands. A timeless cascade design that radiates elegance and fine craftsmanship.\" \/>\n<meta property=\"og:url\" content=\"https:\/\/www.purejewels.com\/tr\/urun\/elmas-kesim-kolye-3\/\" \/>\n<meta property=\"og:site_name\" content=\"PureJewels UK\" \/>\n<meta property=\"article:modified_time\" content=\"2025-11-25T08:40:34+00:00\" \/>\n<meta property=\"og:image\" content=\"https:\/\/www.purejewels.com\/wp-content\/uploads\/2017\/09\/26368-1X.png\" \/>\n\t<meta property=\"og:image:width\" content=\"1000\" \/>\n\t<meta property=\"og:image:height\" content=\"1000\" \/>\n\t<meta property=\"og:image:type\" content=\"image\/png\" \/>\n<meta name=\"twitter:card\" content=\"summary_large_image\" \/>\n<meta name=\"twitter:label1\" content=\"Tahmini okuma s\u00fcresi\" \/>\n\t<meta name=\"twitter:data1\" content=\"2 dakika\" \/>\n<script type=\"application\/ld+json\" class=\"yoast-schema-graph\">{\"@context\":\"https:\\\/\\\/schema.org\",\"@graph\":[{\"@type\":[\"WebPage\",\"ItemPage\"],\"@id\":\"https:\\\/\\\/www.purejewels.com\\\/product\\\/diamond-cut-necklace-3\\\/\",\"url\":\"https:\\\/\\\/www.purejewels.com\\\/product\\\/diamond-cut-necklace-3\\\/\",\"name\":\"22ct Gold Diamond-Cut Bead Cascade Necklace | PureJewels\",\"isPartOf\":{\"@id\":\"https:\\\/\\\/www.purejewels.com\\\/#website\"},\"primaryImageOfPage\":{\"@id\":\"https:\\\/\\\/www.purejewels.com\\\/product\\\/diamond-cut-necklace-3\\\/#primaryimage\"},\"image\":{\"@id\":\"https:\\\/\\\/www.purejewels.com\\\/product\\\/diamond-cut-necklace-3\\\/#primaryimage\"},\"thumbnailUrl\":\"https:\\\/\\\/static.purejewels.com\\\/wp-content\\\/uploads\\\/2017\\\/09\\\/26368-1X.png\",\"datePublished\":\"2017-09-13T16:03:21+00:00\",\"dateModified\":\"2025-11-25T08:40:34+00:00\",\"description\":\"Graceful 22ct gold necklace with diamond-cut beads and layered strands. A timeless cascade design that radiates elegance and fine craftsmanship.\",\"breadcrumb\":{\"@id\":\"https:\\\/\\\/www.purejewels.com\\\/product\\\/diamond-cut-necklace-3\\\/#breadcrumb\"},\"inLanguage\":\"tr\",\"potentialAction\":[{\"@type\":\"ReadAction\",\"target\":[\"https:\\\/\\\/www.purejewels.com\\\/product\\\/diamond-cut-necklace-3\\\/\"]}]},{\"@type\":\"ImageObject\",\"inLanguage\":\"tr\",\"@id\":\"https:\\\/\\\/www.purejewels.com\\\/product\\\/diamond-cut-necklace-3\\\/#primaryimage\",\"url\":\"https:\\\/\\\/static.purejewels.com\\\/wp-content\\\/uploads\\\/2017\\\/09\\\/26368-1X.png\",\"contentUrl\":\"https:\\\/\\\/static.purejewels.com\\\/wp-content\\\/uploads\\\/2017\\\/09\\\/26368-1X.png\",\"width\":1000,\"height\":1000,\"caption\":\"26368-1X\"},{\"@type\":\"BreadcrumbList\",\"@id\":\"https:\\\/\\\/www.purejewels.com\\\/product\\\/diamond-cut-necklace-3\\\/#breadcrumb\",\"itemListElement\":[{\"@type\":\"ListItem\",\"position\":1,\"name\":\"Home\",\"item\":\"https:\\\/\\\/www.purejewels.com\\\/\"},{\"@type\":\"ListItem\",\"position\":2,\"name\":\"Shop\",\"item\":\"https:\\\/\\\/www.purejewels.com\\\/shop\\\/\"},{\"@type\":\"ListItem\",\"position\":3,\"name\":\"22ct Gold Diamond-Cut Bead Cascade Necklace\"}]},{\"@type\":\"WebSite\",\"@id\":\"https:\\\/\\\/www.purejewels.com\\\/#website\",\"url\":\"https:\\\/\\\/www.purejewels.com\\\/\",\"name\":\"PureJewels UK\",\"description\":\"Share the Love\",\"publisher\":{\"@id\":\"https:\\\/\\\/www.purejewels.com\\\/#organization\"},\"potentialAction\":[{\"@type\":\"SearchAction\",\"target\":{\"@type\":\"EntryPoint\",\"urlTemplate\":\"https:\\\/\\\/www.purejewels.com\\\/?s={search_term_string}\"},\"query-input\":{\"@type\":\"PropertyValueSpecification\",\"valueRequired\":true,\"valueName\":\"search_term_string\"}}],\"inLanguage\":\"tr\"},{\"@type\":\"Organization\",\"@id\":\"https:\\\/\\\/www.purejewels.com\\\/#organization\",\"name\":\"PureJewels UK\",\"url\":\"https:\\\/\\\/www.purejewels.com\\\/\",\"logo\":{\"@type\":\"ImageObject\",\"inLanguage\":\"tr\",\"@id\":\"https:\\\/\\\/www.purejewels.com\\\/#\\\/schema\\\/logo\\\/image\\\/\",\"url\":\"https:\\\/\\\/static.purejewels.com\\\/wp-content\\\/uploads\\\/2020\\\/11\\\/Logo-PJ-New-1.png\",\"contentUrl\":\"https:\\\/\\\/static.purejewels.com\\\/wp-content\\\/uploads\\\/2020\\\/11\\\/Logo-PJ-New-1.png\",\"width\":150,\"height\":80,\"caption\":\"PureJewels UK\"},\"image\":{\"@id\":\"https:\\\/\\\/www.purejewels.com\\\/#\\\/schema\\\/logo\\\/image\\\/\"}}]}<\/script>\n<!-- \/ Yoast SEO plugin. -->","yoast_head_json":{"title":"22 ayar alt\u0131n elmas kesim boncuklu kaskad kolye | PureJewels","description":"Elmas kesim boncuklar ve katmanl\u0131 ipliklerden olu\u015fan zarif 22 ayar alt\u0131n kolye. Zerafet ve ince i\u015f\u00e7ili\u011fi yans\u0131tan zamans\u0131z bir kaskad tasar\u0131m\u0131.","robots":{"index":"index","follow":"follow","max-snippet":"max-snippet:-1","max-image-preview":"max-image-preview:large","max-video-preview":"max-video-preview:-1"},"canonical":"https:\/\/www.purejewels.com\/tr\/urun\/elmas-kesim-kolye-3\/","og_locale":"tr_TR","og_type":"article","og_title":"22ct Gold Diamond-Cut Bead Cascade Necklace | PureJewels","og_description":"Graceful 22ct gold necklace with diamond-cut beads and layered strands. A timeless cascade design that radiates elegance and fine craftsmanship.","og_url":"https:\/\/www.purejewels.com\/tr\/urun\/elmas-kesim-kolye-3\/","og_site_name":"PureJewels UK","article_modified_time":"2025-11-25T08:40:34+00:00","og_image":[{"width":1000,"height":1000,"url":"https:\/\/www.purejewels.com\/wp-content\/uploads\/2017\/09\/26368-1X.png","type":"image\/png"}],"twitter_card":"summary_large_image","twitter_misc":{"Tahmini okuma s\u00fcresi":"2 dakika"},"schema":{"@context":"https:\/\/schema.org","@graph":[{"@type":["WebPage","ItemPage"],"@id":"https:\/\/www.purejewels.com\/product\/diamond-cut-necklace-3\/","url":"https:\/\/www.purejewels.com\/product\/diamond-cut-necklace-3\/","name":"22 ayar alt\u0131n elmas kesim boncuklu kaskad kolye | PureJewels","isPartOf":{"@id":"https:\/\/www.purejewels.com\/#website"},"primaryImageOfPage":{"@id":"https:\/\/www.purejewels.com\/product\/diamond-cut-necklace-3\/#primaryimage"},"image":{"@id":"https:\/\/www.purejewels.com\/product\/diamond-cut-necklace-3\/#primaryimage"},"thumbnailUrl":"https:\/\/static.purejewels.com\/wp-content\/uploads\/2017\/09\/26368-1X.png","datePublished":"2017-09-13T16:03:21+00:00","dateModified":"2025-11-25T08:40:34+00:00","description":"Elmas kesim boncuklar ve katmanl\u0131 ipliklerden olu\u015fan zarif 22 ayar alt\u0131n kolye. Zerafet ve ince i\u015f\u00e7ili\u011fi yans\u0131tan zamans\u0131z bir kaskad tasar\u0131m\u0131.","breadcrumb":{"@id":"https:\/\/www.purejewels.com\/product\/diamond-cut-necklace-3\/#breadcrumb"},"inLanguage":"tr","potentialAction":[{"@type":"ReadAction","target":["https:\/\/www.purejewels.com\/product\/diamond-cut-necklace-3\/"]}]},{"@type":"ImageObject","inLanguage":"tr","@id":"https:\/\/www.purejewels.com\/product\/diamond-cut-necklace-3\/#primaryimage","url":"https:\/\/static.purejewels.com\/wp-content\/uploads\/2017\/09\/26368-1X.png","contentUrl":"https:\/\/static.purejewels.com\/wp-content\/uploads\/2017\/09\/26368-1X.png","width":1000,"height":1000,"caption":"26368-1X"},{"@type":"BreadcrumbList","@id":"https:\/\/www.purejewels.com\/product\/diamond-cut-necklace-3\/#breadcrumb","itemListElement":[{"@type":"ListItem","position":1,"name":"Home","item":"https:\/\/www.purejewels.com\/"},{"@type":"ListItem","position":2,"name":"Shop","item":"https:\/\/www.purejewels.com\/shop\/"},{"@type":"ListItem","position":3,"name":"22ct Gold Diamond-Cut Bead Cascade Necklace"}]},{"@type":"WebSite","@id":"https:\/\/www.purejewels.com\/#website","url":"https:\/\/www.purejewels.com\/","name":"PureJewels \u0130ngiltere","description":"Sevgiyi Payla\u015f\u0131n","publisher":{"@id":"https:\/\/www.purejewels.com\/#organization"},"potentialAction":[{"@type":"SearchAction","target":{"@type":"EntryPoint","urlTemplate":"https:\/\/www.purejewels.com\/?s={search_term_string}"},"query-input":{"@type":"PropertyValueSpecification","valueRequired":true,"valueName":"search_term_string"}}],"inLanguage":"tr"},{"@type":"Organization","@id":"https:\/\/www.purejewels.com\/#organization","name":"PureJewels \u0130ngiltere","url":"https:\/\/www.purejewels.com\/","logo":{"@type":"ImageObject","inLanguage":"tr","@id":"https:\/\/www.purejewels.com\/#\/schema\/logo\/image\/","url":"https:\/\/static.purejewels.com\/wp-content\/uploads\/2020\/11\/Logo-PJ-New-1.png","contentUrl":"https:\/\/static.purejewels.com\/wp-content\/uploads\/2020\/11\/Logo-PJ-New-1.png","width":150,"height":80,"caption":"PureJewels UK"},"image":{"@id":"https:\/\/www.purejewels.com\/#\/schema\/logo\/image\/"}}]}},"_links":{"self":[{"href":"https:\/\/www.purejewels.com\/tr\/wp-json\/wp\/v2\/product\/118274","targetHints":{"allow":["GET"]}}],"collection":[{"href":"https:\/\/www.purejewels.com\/tr\/wp-json\/wp\/v2\/product"}],"about":[{"href":"https:\/\/www.purejewels.com\/tr\/wp-json\/wp\/v2\/types\/product"}],"replies":[{"embeddable":true,"href":"https:\/\/www.purejewels.com\/tr\/wp-json\/wp\/v2\/comments?post=118274"}],"version-history":[{"count":3,"href":"https:\/\/www.purejewels.com\/tr\/wp-json\/wp\/v2\/product\/118274\/revisions"}],"predecessor-version":[{"id":421811,"href":"https:\/\/www.purejewels.com\/tr\/wp-json\/wp\/v2\/product\/118274\/revisions\/421811"}],"wp:featuredmedia":[{"embeddable":true,"href":"https:\/\/www.purejewels.com\/tr\/wp-json\/wp\/v2\/media\/198804"}],"wp:attachment":[{"href":"https:\/\/www.purejewels.com\/tr\/wp-json\/wp\/v2\/media?parent=118274"}],"wp:term":[{"taxonomy":"product_brand","embeddable":true,"href":"https:\/\/www.purejewels.com\/tr\/wp-json\/wp\/v2\/product_brand?post=118274"},{"taxonomy":"product_cat","embeddable":true,"href":"https:\/\/www.purejewels.com\/tr\/wp-json\/wp\/v2\/product_cat?post=118274"},{"taxonomy":"product_tag","embeddable":true,"href":"https:\/\/www.purejewels.com\/tr\/wp-json\/wp\/v2\/product_tag?post=118274"}],"curies":[{"name":"wp","href":"https:\/\/api.w.org\/{rel}","templated":true}]}}