{"id":212200,"date":"2017-10-16T22:40:40","date_gmt":"2017-10-16T21:40:40","guid":{"rendered":"https:\/\/www.purejewels.com\/?post_type=product&#038;p=212200"},"modified":"2026-04-17T20:41:07","modified_gmt":"2026-04-17T19:41:07","slug":"purejewels-krishna-gumus-tola","status":"publish","type":"product","link":"https:\/\/www.purejewels.com\/tr\/product\/purejewels-krishna-silver-tola\/","title":{"rendered":"PureJewels'in Krishna G\u00fcm\u00fc\u015f Tola's\u0131"},"content":{"rendered":"<p>SKU 27133krish<\/p>","protected":false},"excerpt":{"rendered":"<p>Efsaneye g\u00f6re Krishna Govardhan Tepeleri'nde fl\u00fct\u00fcn\u00fc \u00e7alarken, tatl\u0131 melodi tavus ku\u015flar\u0131n\u0131 dans ettirir. Tavus ku\u015fu t\u00fcy\u00fc Krishna'ya bir sunu olarak verilmi\u015f, o da bunu nezaketle kabul etmi\u015ftir. Rab Vi\u015fnu'nun sekiz avatar\u0131 olan Kri\u015fna merhamet, \u015fefkat ve sevgi Tanr\u0131s\u0131d\u0131r. Ki\u015fi Krishna'ya tac\u0131ndaki tavus ku\u015fu t\u00fcyleriyle ibadet etti\u011finde, zenginlik, sa\u011fl\u0131k ve a\u015fk\u0131n bilgi ile kutsan\u0131r.<\/p>\n<p>&nbsp;<\/p>\n<p>PureJewels, 0,9999 safl\u0131kta bir Tola ve en y\u00fcksek kalitede g\u00fcm\u00fc\u015f olarak a\u011f\u0131rl\u0131\u011f\u0131 ve g\u00fcm\u00fc\u015f i\u00e7eri\u011fini garanti eder.<\/p>\n<p>Yay\u0131nland\u0131\u011f\u0131 Y\u0131l 2017<br \/>\nAla\u015f\u0131m: 0,9999 Ag<br \/>\nA\u011f\u0131rl\u0131k: 1 Tola, 3\/8 troy ons, 11,7 gram<br \/>\n\u00c7ap: 27mm<br \/>\nKaplama: Devirsiz<br \/>\nTasar\u0131m PureJewels<br \/>\nVuruldu: Londra, \u0130ngiltere<\/p>","protected":false},"featured_media":318633,"comment_status":"closed","ping_status":"closed","template":"","meta":{"_eb_attr":"","_crsspst_to_jayantr4sg-hostcom":false},"product_brand":[],"product_cat":[1473,1269,1647],"product_tag":[],"class_list":{"0":"post-212200","1":"product","2":"type-product","3":"status-publish","4":"has-post-thumbnail","6":"product_cat-bars-coins","7":"product_cat-purejewels-silver-tola","8":"product_cat-silver-coins","10":"first","11":"instock","12":"taxable","13":"shipping-taxable","14":"purchasable","15":"product-type-simple","16":"add-to-wishlist-before_image"},"yoast_head":"<!-- This site is optimized with the Yoast SEO plugin v27.5 - https:\/\/yoast.com\/product\/yoast-seo-wordpress\/ -->\n<title>Fevestival Season: Silver Krishna Tola Coin by PureJewels<\/title>\n<meta name=\"description\" content=\"Celebrate Janmashtami with a beautiful silver Krishna coin. Order Krishna silver tola online this festive season for fast and free delivery\" \/>\n<meta name=\"robots\" content=\"index, follow, max-snippet:-1, max-image-preview:large, max-video-preview:-1\" \/>\n<link rel=\"canonical\" href=\"https:\/\/www.purejewels.com\/tr\/urun\/purejewels-krishna-gumus-tola\/\" \/>\n<meta property=\"og:locale\" content=\"tr_TR\" \/>\n<meta property=\"og:type\" content=\"article\" \/>\n<meta property=\"og:title\" content=\"Fevestival Season: Silver Krishna Tola Coin by PureJewels\" \/>\n<meta property=\"og:description\" content=\"Celebrate Janmashtami with a beautiful silver Krishna coin. Order Krishna silver tola online this festive season for fast and free delivery\" \/>\n<meta property=\"og:url\" content=\"https:\/\/www.purejewels.com\/tr\/urun\/purejewels-krishna-gumus-tola\/\" \/>\n<meta property=\"og:site_name\" content=\"PureJewels UK\" \/>\n<meta property=\"article:modified_time\" content=\"2026-04-17T19:41:07+00:00\" \/>\n<meta property=\"og:image\" content=\"https:\/\/static.purejewels.com\/wp-content\/uploads\/2017\/10\/ONE-TOLA-KRISHNA-front-1.jpg\" \/>\n\t<meta property=\"og:image:width\" content=\"1000\" \/>\n\t<meta property=\"og:image:height\" content=\"1000\" \/>\n\t<meta property=\"og:image:type\" content=\"image\/jpeg\" \/>\n<meta name=\"twitter:card\" content=\"summary_large_image\" \/>\n<script type=\"application\/ld+json\" class=\"yoast-schema-graph\">{\"@context\":\"https:\\\/\\\/schema.org\",\"@graph\":[{\"@type\":[\"WebPage\",\"ItemPage\"],\"@id\":\"https:\\\/\\\/www.purejewels.com\\\/product\\\/purejewels-krishna-silver-tola\\\/\",\"url\":\"https:\\\/\\\/www.purejewels.com\\\/product\\\/purejewels-krishna-silver-tola\\\/\",\"name\":\"Fevestival Season: Silver Krishna Tola Coin by PureJewels\",\"isPartOf\":{\"@id\":\"https:\\\/\\\/www.purejewels.com\\\/#website\"},\"primaryImageOfPage\":{\"@id\":\"https:\\\/\\\/www.purejewels.com\\\/product\\\/purejewels-krishna-silver-tola\\\/#primaryimage\"},\"image\":{\"@id\":\"https:\\\/\\\/www.purejewels.com\\\/product\\\/purejewels-krishna-silver-tola\\\/#primaryimage\"},\"thumbnailUrl\":\"https:\\\/\\\/static.purejewels.com\\\/wp-content\\\/uploads\\\/2017\\\/10\\\/ONE-TOLA-KRISHNA-front-1.jpg\",\"datePublished\":\"2017-10-16T21:40:40+00:00\",\"dateModified\":\"2026-04-17T19:41:07+00:00\",\"description\":\"Celebrate Janmashtami with a beautiful silver Krishna coin. Order Krishna silver tola online this festive season for fast and free delivery\",\"breadcrumb\":{\"@id\":\"https:\\\/\\\/www.purejewels.com\\\/product\\\/purejewels-krishna-silver-tola\\\/#breadcrumb\"},\"inLanguage\":\"tr\",\"potentialAction\":[{\"@type\":\"ReadAction\",\"target\":[\"https:\\\/\\\/www.purejewels.com\\\/product\\\/purejewels-krishna-silver-tola\\\/\"]}]},{\"@type\":\"ImageObject\",\"inLanguage\":\"tr\",\"@id\":\"https:\\\/\\\/www.purejewels.com\\\/product\\\/purejewels-krishna-silver-tola\\\/#primaryimage\",\"url\":\"https:\\\/\\\/static.purejewels.com\\\/wp-content\\\/uploads\\\/2017\\\/10\\\/ONE-TOLA-KRISHNA-front-1.jpg\",\"contentUrl\":\"https:\\\/\\\/static.purejewels.com\\\/wp-content\\\/uploads\\\/2017\\\/10\\\/ONE-TOLA-KRISHNA-front-1.jpg\",\"width\":1000,\"height\":1000,\"caption\":\"Silver Krishna Coin\"},{\"@type\":\"BreadcrumbList\",\"@id\":\"https:\\\/\\\/www.purejewels.com\\\/product\\\/purejewels-krishna-silver-tola\\\/#breadcrumb\",\"itemListElement\":[{\"@type\":\"ListItem\",\"position\":1,\"name\":\"Home\",\"item\":\"https:\\\/\\\/www.purejewels.com\\\/\"},{\"@type\":\"ListItem\",\"position\":2,\"name\":\"Shop\",\"item\":\"https:\\\/\\\/www.purejewels.com\\\/shop\\\/\"},{\"@type\":\"ListItem\",\"position\":3,\"name\":\"PureJewels&#8217; Krishna Silver Tola\"}]},{\"@type\":\"WebSite\",\"@id\":\"https:\\\/\\\/www.purejewels.com\\\/#website\",\"url\":\"https:\\\/\\\/www.purejewels.com\\\/\",\"name\":\"PureJewels UK\",\"description\":\"Share the Love\",\"publisher\":{\"@id\":\"https:\\\/\\\/www.purejewels.com\\\/#organization\"},\"potentialAction\":[{\"@type\":\"SearchAction\",\"target\":{\"@type\":\"EntryPoint\",\"urlTemplate\":\"https:\\\/\\\/www.purejewels.com\\\/?s={search_term_string}\"},\"query-input\":{\"@type\":\"PropertyValueSpecification\",\"valueRequired\":true,\"valueName\":\"search_term_string\"}}],\"inLanguage\":\"tr\"},{\"@type\":\"Organization\",\"@id\":\"https:\\\/\\\/www.purejewels.com\\\/#organization\",\"name\":\"PureJewels UK\",\"url\":\"https:\\\/\\\/www.purejewels.com\\\/\",\"logo\":{\"@type\":\"ImageObject\",\"inLanguage\":\"tr\",\"@id\":\"https:\\\/\\\/www.purejewels.com\\\/#\\\/schema\\\/logo\\\/image\\\/\",\"url\":\"https:\\\/\\\/static.purejewels.com\\\/wp-content\\\/uploads\\\/2020\\\/11\\\/Logo-PJ-New-1.png\",\"contentUrl\":\"https:\\\/\\\/static.purejewels.com\\\/wp-content\\\/uploads\\\/2020\\\/11\\\/Logo-PJ-New-1.png\",\"width\":150,\"height\":80,\"caption\":\"PureJewels UK\"},\"image\":{\"@id\":\"https:\\\/\\\/www.purejewels.com\\\/#\\\/schema\\\/logo\\\/image\\\/\"}}]}<\/script>\n<!-- \/ Yoast SEO plugin. -->","yoast_head_json":{"title":"Fevestival Sezonu: PureJewels'ten G\u00fcm\u00fc\u015f Krishna Tola Coin","description":"Janmashtami'yi g\u00fczel bir g\u00fcm\u00fc\u015f Krishna sikkesi ile kutlay\u0131n. H\u0131zl\u0131 ve \u00fccretsiz teslimat i\u00e7in bu bayram sezonunda Krishna g\u00fcm\u00fc\u015f tola online sipari\u015f edin","robots":{"index":"index","follow":"follow","max-snippet":"max-snippet:-1","max-image-preview":"max-image-preview:large","max-video-preview":"max-video-preview:-1"},"canonical":"https:\/\/www.purejewels.com\/tr\/urun\/purejewels-krishna-gumus-tola\/","og_locale":"tr_TR","og_type":"article","og_title":"Fevestival Season: Silver Krishna Tola Coin by PureJewels","og_description":"Celebrate Janmashtami with a beautiful silver Krishna coin. Order Krishna silver tola online this festive season for fast and free delivery","og_url":"https:\/\/www.purejewels.com\/tr\/urun\/purejewels-krishna-gumus-tola\/","og_site_name":"PureJewels UK","article_modified_time":"2026-04-17T19:41:07+00:00","og_image":[{"width":1000,"height":1000,"url":"https:\/\/static.purejewels.com\/wp-content\/uploads\/2017\/10\/ONE-TOLA-KRISHNA-front-1.jpg","type":"image\/jpeg"}],"twitter_card":"summary_large_image","schema":{"@context":"https:\/\/schema.org","@graph":[{"@type":["WebPage","ItemPage"],"@id":"https:\/\/www.purejewels.com\/product\/purejewels-krishna-silver-tola\/","url":"https:\/\/www.purejewels.com\/product\/purejewels-krishna-silver-tola\/","name":"Fevestival Sezonu: PureJewels'ten G\u00fcm\u00fc\u015f Krishna Tola Coin","isPartOf":{"@id":"https:\/\/www.purejewels.com\/#website"},"primaryImageOfPage":{"@id":"https:\/\/www.purejewels.com\/product\/purejewels-krishna-silver-tola\/#primaryimage"},"image":{"@id":"https:\/\/www.purejewels.com\/product\/purejewels-krishna-silver-tola\/#primaryimage"},"thumbnailUrl":"https:\/\/static.purejewels.com\/wp-content\/uploads\/2017\/10\/ONE-TOLA-KRISHNA-front-1.jpg","datePublished":"2017-10-16T21:40:40+00:00","dateModified":"2026-04-17T19:41:07+00:00","description":"Janmashtami'yi g\u00fczel bir g\u00fcm\u00fc\u015f Krishna sikkesi ile kutlay\u0131n. H\u0131zl\u0131 ve \u00fccretsiz teslimat i\u00e7in bu bayram sezonunda Krishna g\u00fcm\u00fc\u015f tola online sipari\u015f edin","breadcrumb":{"@id":"https:\/\/www.purejewels.com\/product\/purejewels-krishna-silver-tola\/#breadcrumb"},"inLanguage":"tr","potentialAction":[{"@type":"ReadAction","target":["https:\/\/www.purejewels.com\/product\/purejewels-krishna-silver-tola\/"]}]},{"@type":"ImageObject","inLanguage":"tr","@id":"https:\/\/www.purejewels.com\/product\/purejewels-krishna-silver-tola\/#primaryimage","url":"https:\/\/static.purejewels.com\/wp-content\/uploads\/2017\/10\/ONE-TOLA-KRISHNA-front-1.jpg","contentUrl":"https:\/\/static.purejewels.com\/wp-content\/uploads\/2017\/10\/ONE-TOLA-KRISHNA-front-1.jpg","width":1000,"height":1000,"caption":"Silver Krishna Coin"},{"@type":"BreadcrumbList","@id":"https:\/\/www.purejewels.com\/product\/purejewels-krishna-silver-tola\/#breadcrumb","itemListElement":[{"@type":"ListItem","position":1,"name":"Home","item":"https:\/\/www.purejewels.com\/"},{"@type":"ListItem","position":2,"name":"Shop","item":"https:\/\/www.purejewels.com\/shop\/"},{"@type":"ListItem","position":3,"name":"PureJewels&#8217; Krishna Silver Tola"}]},{"@type":"WebSite","@id":"https:\/\/www.purejewels.com\/#website","url":"https:\/\/www.purejewels.com\/","name":"PureJewels \u0130ngiltere","description":"Sevgiyi Payla\u015f\u0131n","publisher":{"@id":"https:\/\/www.purejewels.com\/#organization"},"potentialAction":[{"@type":"SearchAction","target":{"@type":"EntryPoint","urlTemplate":"https:\/\/www.purejewels.com\/?s={search_term_string}"},"query-input":{"@type":"PropertyValueSpecification","valueRequired":true,"valueName":"search_term_string"}}],"inLanguage":"tr"},{"@type":"Organization","@id":"https:\/\/www.purejewels.com\/#organization","name":"PureJewels \u0130ngiltere","url":"https:\/\/www.purejewels.com\/","logo":{"@type":"ImageObject","inLanguage":"tr","@id":"https:\/\/www.purejewels.com\/#\/schema\/logo\/image\/","url":"https:\/\/static.purejewels.com\/wp-content\/uploads\/2020\/11\/Logo-PJ-New-1.png","contentUrl":"https:\/\/static.purejewels.com\/wp-content\/uploads\/2020\/11\/Logo-PJ-New-1.png","width":150,"height":80,"caption":"PureJewels UK"},"image":{"@id":"https:\/\/www.purejewels.com\/#\/schema\/logo\/image\/"}}]}},"_links":{"self":[{"href":"https:\/\/www.purejewels.com\/tr\/wp-json\/wp\/v2\/product\/212200","targetHints":{"allow":["GET"]}}],"collection":[{"href":"https:\/\/www.purejewels.com\/tr\/wp-json\/wp\/v2\/product"}],"about":[{"href":"https:\/\/www.purejewels.com\/tr\/wp-json\/wp\/v2\/types\/product"}],"replies":[{"embeddable":true,"href":"https:\/\/www.purejewels.com\/tr\/wp-json\/wp\/v2\/comments?post=212200"}],"version-history":[{"count":1,"href":"https:\/\/www.purejewels.com\/tr\/wp-json\/wp\/v2\/product\/212200\/revisions"}],"predecessor-version":[{"id":373035,"href":"https:\/\/www.purejewels.com\/tr\/wp-json\/wp\/v2\/product\/212200\/revisions\/373035"}],"wp:featuredmedia":[{"embeddable":true,"href":"https:\/\/www.purejewels.com\/tr\/wp-json\/wp\/v2\/media\/318633"}],"wp:attachment":[{"href":"https:\/\/www.purejewels.com\/tr\/wp-json\/wp\/v2\/media?parent=212200"}],"wp:term":[{"taxonomy":"product_brand","embeddable":true,"href":"https:\/\/www.purejewels.com\/tr\/wp-json\/wp\/v2\/product_brand?post=212200"},{"taxonomy":"product_cat","embeddable":true,"href":"https:\/\/www.purejewels.com\/tr\/wp-json\/wp\/v2\/product_cat?post=212200"},{"taxonomy":"product_tag","embeddable":true,"href":"https:\/\/www.purejewels.com\/tr\/wp-json\/wp\/v2\/product_tag?post=212200"}],"curies":[{"name":"wp","href":"https:\/\/api.w.org\/{rel}","templated":true}]}}