{"id":245086,"date":"2017-10-27T11:15:36","date_gmt":"2017-10-27T10:15:36","guid":{"rendered":"https:\/\/www.purejewels.com\/product\/22ct-gold-star-filigree-pendant\/"},"modified":"2026-03-17T05:30:50","modified_gmt":"2026-03-17T05:30:50","slug":"22-ayar-altin-yildiz-telkari-kolye-ucu","status":"publish","type":"product","link":"https:\/\/www.purejewels.com\/tr\/product\/22ct-gold-star-filigree-pendant\/","title":{"rendered":"22 Ayar Alt\u0131n Kafes Tasar\u0131m Kolye"},"content":{"rendered":"<p><strong>Tasar\u0131m Konsepti<\/strong><\/p>\n<p>Kafes Tasar\u0131ml\u0131 Sark\u0131t, yap\u0131land\u0131r\u0131lm\u0131\u015f geometri ve dokuma desenlerinden ilham alarak form ve doku aras\u0131nda uyumlu bir denge yarat\u0131r. \u00c7apraz tasar\u0131m, g\u00fcc\u00fc ve ba\u011flant\u0131y\u0131 yans\u0131tan hassas bir \u0131zgara olu\u015ftururken, y\u00f6nl\u00fc y\u00fczeyler ince bir parlakl\u0131k katar. Kompakt silueti sayesinde hem \u00e7a\u011fda\u015f hem de \u00e7ok y\u00f6nl\u00fcd\u00fcr ve g\u00fcnl\u00fck alt\u0131n tak\u0131lara zarif bir yakla\u015f\u0131m sunar.<\/p>\n<p><strong>Zanaatkarl\u0131k<\/strong><\/p>\n<p>Y\u00fcksek safl\u0131kta 22 ayar alt\u0131ndan \u00fcretilen bu kolye ucu, hassas detayland\u0131rma ve ustal\u0131kla i\u015flenmi\u015f i\u015f\u00e7ilik sergiler. Kafes yap\u0131s\u0131 simetriyi korumak i\u00e7in \u00f6zenle olu\u015fturulurken, y\u00f6nl\u00fc dokular \u0131\u015f\u0131k yans\u0131mas\u0131n\u0131 art\u0131rarak par\u00e7aya hafif bir \u0131\u015f\u0131lt\u0131 verir. Tasar\u0131m\u0131 tamamlayan cilal\u0131 k\u00fcpe, PureJewels'in kaliteli i\u015f\u00e7ili\u011fe olan ba\u011fl\u0131l\u0131\u011f\u0131n\u0131 yans\u0131tan kusursuz ve zarif bir biti\u015f sa\u011flar.<\/p>\n<p><strong>Stil Fikirleri<\/strong><\/p>\n<p>Kafes Tasar\u0131ml\u0131 Kolye Ucu g\u00fcnl\u00fck \u015f\u0131kl\u0131k i\u00e7in idealdir. Minimal, g\u00f6steri\u015fli bir g\u00f6r\u00fcn\u00fcm i\u00e7in ince alt\u0131n bir zincirle e\u015fle\u015ftirin veya di\u011fer alt\u0131n <a href=\"https:\/\/www.purejewels.com\/tr\/product-category\/22ct-gold-jewellery\/gold-pendants\/\">KOLYE<\/a> modern, ki\u015fiselle\u015ftirilmi\u015f bir stil yaratmak i\u00e7in. Geometrik tasar\u0131m\u0131 hem g\u00fcndelik hem de resmi k\u0131yafetleri tamamlayarak her m\u00fccevher koleksiyonuna \u00e7ok y\u00f6nl\u00fc bir katk\u0131 sa\u011flar.<\/p>","protected":false},"excerpt":{"rendered":"<p>22 Ayar Alt\u0131n Kafes Tasar\u0131ml\u0131 Kolye Ucu, kompakt ve geometrik bir formda dokulu bir \u00e7apraz desene sahiptir. Parlak 22 ayar alt\u0131ndan \u00fcretilen bu kolye ucu, g\u00fcnl\u00fck kullan\u0131m i\u00e7in modern ama zamans\u0131z bir g\u00f6r\u00fcn\u00fcm sunar.<\/p>\n<ul>\n<li><strong>Metal.<\/strong> 22 Ayar Alt\u0131n<\/li>\n<li><strong>SKU.<\/strong> 26720<\/li>\n<li><strong>A\u011f\u0131rl\u0131k.<\/strong> 1.1 g<\/li>\n<li>Zincir dahil de\u011fildir.<\/li>\n<\/ul>","protected":false},"featured_media":245145,"comment_status":"closed","ping_status":"closed","template":"","meta":{"_eb_attr":"","_crsspst_to_jayantr4sg-hostcom":false},"product_brand":[],"product_cat":[1576,1767,1574],"product_tag":[],"class_list":{"0":"post-245086","1":"product","2":"type-product","3":"status-publish","4":"has-post-thumbnail","6":"product_cat-childrens-jewellery","7":"product_cat-ladies-pendants","8":"product_cat-womens-jewellery","10":"first","11":"outofstock","12":"taxable","13":"shipping-taxable","14":"product-type-simple","15":"add-to-wishlist-before_image"},"yoast_head":"<!-- This site is optimized with the Yoast SEO plugin v27.3 - https:\/\/yoast.com\/product\/yoast-seo-wordpress\/ -->\n<title>Discover the 22ct Gold Lattice Design Pendant | PureJewels UK<\/title>\n<meta name=\"description\" content=\"Shop the 22ct Gold Lattice Design Pendant featuring a textured criss-cross pattern. Crafted in radiant 22ct gold, perfect for everyday elegance and modern styling.\" \/>\n<meta name=\"robots\" content=\"index, follow, max-snippet:-1, max-image-preview:large, max-video-preview:-1\" \/>\n<link rel=\"canonical\" href=\"https:\/\/www.purejewels.com\/tr\/urun\/22-ayar-altin-yildiz-telkari-kolye-ucu\/\" \/>\n<meta property=\"og:locale\" content=\"tr_TR\" \/>\n<meta property=\"og:type\" content=\"article\" \/>\n<meta property=\"og:title\" content=\"Discover the 22ct Gold Lattice Design Pendant | PureJewels UK\" \/>\n<meta property=\"og:description\" content=\"Shop the 22ct Gold Lattice Design Pendant featuring a textured criss-cross pattern. Crafted in radiant 22ct gold, perfect for everyday elegance and modern styling.\" \/>\n<meta property=\"og:url\" content=\"https:\/\/www.purejewels.com\/tr\/urun\/22-ayar-altin-yildiz-telkari-kolye-ucu\/\" \/>\n<meta property=\"og:site_name\" content=\"PureJewels UK\" \/>\n<meta property=\"article:modified_time\" content=\"2026-03-17T05:30:50+00:00\" \/>\n<meta property=\"og:image\" content=\"https:\/\/static.purejewels.com\/wp-content\/uploads\/2017\/10\/PURE-JEWELS-04.10-068.png\" \/>\n\t<meta property=\"og:image:width\" content=\"1000\" \/>\n\t<meta property=\"og:image:height\" content=\"1000\" \/>\n\t<meta property=\"og:image:type\" content=\"image\/png\" \/>\n<meta name=\"twitter:card\" content=\"summary_large_image\" \/>\n<meta name=\"twitter:label1\" content=\"Tahmini okuma s\u00fcresi\" \/>\n\t<meta name=\"twitter:data1\" content=\"1 dakika\" \/>\n<script type=\"application\/ld+json\" class=\"yoast-schema-graph\">{\"@context\":\"https:\\\/\\\/schema.org\",\"@graph\":[{\"@type\":[\"WebPage\",\"ItemPage\"],\"@id\":\"https:\\\/\\\/www.purejewels.com\\\/product\\\/22ct-gold-star-filigree-pendant\\\/\",\"url\":\"https:\\\/\\\/www.purejewels.com\\\/product\\\/22ct-gold-star-filigree-pendant\\\/\",\"name\":\"Discover the 22ct Gold Lattice Design Pendant | PureJewels UK\",\"isPartOf\":{\"@id\":\"https:\\\/\\\/www.purejewels.com\\\/#website\"},\"primaryImageOfPage\":{\"@id\":\"https:\\\/\\\/www.purejewels.com\\\/product\\\/22ct-gold-star-filigree-pendant\\\/#primaryimage\"},\"image\":{\"@id\":\"https:\\\/\\\/www.purejewels.com\\\/product\\\/22ct-gold-star-filigree-pendant\\\/#primaryimage\"},\"thumbnailUrl\":\"https:\\\/\\\/static.purejewels.com\\\/wp-content\\\/uploads\\\/2017\\\/10\\\/PURE-JEWELS-04.10-068.png\",\"datePublished\":\"2017-10-27T10:15:36+00:00\",\"dateModified\":\"2026-03-17T05:30:50+00:00\",\"description\":\"Shop the 22ct Gold Lattice Design Pendant featuring a textured criss-cross pattern. Crafted in radiant 22ct gold, perfect for everyday elegance and modern styling.\",\"breadcrumb\":{\"@id\":\"https:\\\/\\\/www.purejewels.com\\\/product\\\/22ct-gold-star-filigree-pendant\\\/#breadcrumb\"},\"inLanguage\":\"tr\",\"potentialAction\":[{\"@type\":\"ReadAction\",\"target\":[\"https:\\\/\\\/www.purejewels.com\\\/product\\\/22ct-gold-star-filigree-pendant\\\/\"]}]},{\"@type\":\"ImageObject\",\"inLanguage\":\"tr\",\"@id\":\"https:\\\/\\\/www.purejewels.com\\\/product\\\/22ct-gold-star-filigree-pendant\\\/#primaryimage\",\"url\":\"https:\\\/\\\/static.purejewels.com\\\/wp-content\\\/uploads\\\/2017\\\/10\\\/PURE-JEWELS-04.10-068.png\",\"contentUrl\":\"https:\\\/\\\/static.purejewels.com\\\/wp-content\\\/uploads\\\/2017\\\/10\\\/PURE-JEWELS-04.10-068.png\",\"width\":1000,\"height\":1000,\"caption\":\"PURE JEWELS 04.10-068\"},{\"@type\":\"BreadcrumbList\",\"@id\":\"https:\\\/\\\/www.purejewels.com\\\/product\\\/22ct-gold-star-filigree-pendant\\\/#breadcrumb\",\"itemListElement\":[{\"@type\":\"ListItem\",\"position\":1,\"name\":\"Home\",\"item\":\"https:\\\/\\\/www.purejewels.com\\\/\"},{\"@type\":\"ListItem\",\"position\":2,\"name\":\"Shop\",\"item\":\"https:\\\/\\\/www.purejewels.com\\\/shop\\\/\"},{\"@type\":\"ListItem\",\"position\":3,\"name\":\"22ct Gold Lattice Design Pendant\"}]},{\"@type\":\"WebSite\",\"@id\":\"https:\\\/\\\/www.purejewels.com\\\/#website\",\"url\":\"https:\\\/\\\/www.purejewels.com\\\/\",\"name\":\"PureJewels UK\",\"description\":\"Share the Love\",\"publisher\":{\"@id\":\"https:\\\/\\\/www.purejewels.com\\\/#organization\"},\"potentialAction\":[{\"@type\":\"SearchAction\",\"target\":{\"@type\":\"EntryPoint\",\"urlTemplate\":\"https:\\\/\\\/www.purejewels.com\\\/?s={search_term_string}\"},\"query-input\":{\"@type\":\"PropertyValueSpecification\",\"valueRequired\":true,\"valueName\":\"search_term_string\"}}],\"inLanguage\":\"tr\"},{\"@type\":\"Organization\",\"@id\":\"https:\\\/\\\/www.purejewels.com\\\/#organization\",\"name\":\"PureJewels UK\",\"url\":\"https:\\\/\\\/www.purejewels.com\\\/\",\"logo\":{\"@type\":\"ImageObject\",\"inLanguage\":\"tr\",\"@id\":\"https:\\\/\\\/www.purejewels.com\\\/#\\\/schema\\\/logo\\\/image\\\/\",\"url\":\"https:\\\/\\\/static.purejewels.com\\\/wp-content\\\/uploads\\\/2020\\\/11\\\/Logo-PJ-New-1.png\",\"contentUrl\":\"https:\\\/\\\/static.purejewels.com\\\/wp-content\\\/uploads\\\/2020\\\/11\\\/Logo-PJ-New-1.png\",\"width\":150,\"height\":80,\"caption\":\"PureJewels UK\"},\"image\":{\"@id\":\"https:\\\/\\\/www.purejewels.com\\\/#\\\/schema\\\/logo\\\/image\\\/\"}}]}<\/script>\n<!-- \/ Yoast SEO plugin. -->","yoast_head_json":{"title":"22 Ayar Alt\u0131n Kafes Tasar\u0131ml\u0131 Kolyeyi Ke\u015ffedin | PureJewels UK","description":"Dokulu \u00e7apraz desene sahip 22 Ayar Alt\u0131n Kafes Tasar\u0131ml\u0131 Kolyeyi sat\u0131n al\u0131n. I\u015f\u0131lt\u0131l\u0131 22 ayar alt\u0131ndan \u00fcretilmi\u015ftir, g\u00fcnl\u00fck \u015f\u0131kl\u0131k ve modern stil i\u00e7in m\u00fckemmeldir.","robots":{"index":"index","follow":"follow","max-snippet":"max-snippet:-1","max-image-preview":"max-image-preview:large","max-video-preview":"max-video-preview:-1"},"canonical":"https:\/\/www.purejewels.com\/tr\/urun\/22-ayar-altin-yildiz-telkari-kolye-ucu\/","og_locale":"tr_TR","og_type":"article","og_title":"Discover the 22ct Gold Lattice Design Pendant | PureJewels UK","og_description":"Shop the 22ct Gold Lattice Design Pendant featuring a textured criss-cross pattern. Crafted in radiant 22ct gold, perfect for everyday elegance and modern styling.","og_url":"https:\/\/www.purejewels.com\/tr\/urun\/22-ayar-altin-yildiz-telkari-kolye-ucu\/","og_site_name":"PureJewels UK","article_modified_time":"2026-03-17T05:30:50+00:00","og_image":[{"width":1000,"height":1000,"url":"https:\/\/static.purejewels.com\/wp-content\/uploads\/2017\/10\/PURE-JEWELS-04.10-068.png","type":"image\/png"}],"twitter_card":"summary_large_image","twitter_misc":{"Tahmini okuma s\u00fcresi":"1 dakika"},"schema":{"@context":"https:\/\/schema.org","@graph":[{"@type":["WebPage","ItemPage"],"@id":"https:\/\/www.purejewels.com\/product\/22ct-gold-star-filigree-pendant\/","url":"https:\/\/www.purejewels.com\/product\/22ct-gold-star-filigree-pendant\/","name":"22 Ayar Alt\u0131n Kafes Tasar\u0131ml\u0131 Kolyeyi Ke\u015ffedin | PureJewels UK","isPartOf":{"@id":"https:\/\/www.purejewels.com\/#website"},"primaryImageOfPage":{"@id":"https:\/\/www.purejewels.com\/product\/22ct-gold-star-filigree-pendant\/#primaryimage"},"image":{"@id":"https:\/\/www.purejewels.com\/product\/22ct-gold-star-filigree-pendant\/#primaryimage"},"thumbnailUrl":"https:\/\/static.purejewels.com\/wp-content\/uploads\/2017\/10\/PURE-JEWELS-04.10-068.png","datePublished":"2017-10-27T10:15:36+00:00","dateModified":"2026-03-17T05:30:50+00:00","description":"Dokulu \u00e7apraz desene sahip 22 Ayar Alt\u0131n Kafes Tasar\u0131ml\u0131 Kolyeyi sat\u0131n al\u0131n. I\u015f\u0131lt\u0131l\u0131 22 ayar alt\u0131ndan \u00fcretilmi\u015ftir, g\u00fcnl\u00fck \u015f\u0131kl\u0131k ve modern stil i\u00e7in m\u00fckemmeldir.","breadcrumb":{"@id":"https:\/\/www.purejewels.com\/product\/22ct-gold-star-filigree-pendant\/#breadcrumb"},"inLanguage":"tr","potentialAction":[{"@type":"ReadAction","target":["https:\/\/www.purejewels.com\/product\/22ct-gold-star-filigree-pendant\/"]}]},{"@type":"ImageObject","inLanguage":"tr","@id":"https:\/\/www.purejewels.com\/product\/22ct-gold-star-filigree-pendant\/#primaryimage","url":"https:\/\/static.purejewels.com\/wp-content\/uploads\/2017\/10\/PURE-JEWELS-04.10-068.png","contentUrl":"https:\/\/static.purejewels.com\/wp-content\/uploads\/2017\/10\/PURE-JEWELS-04.10-068.png","width":1000,"height":1000,"caption":"PURE JEWELS 04.10-068"},{"@type":"BreadcrumbList","@id":"https:\/\/www.purejewels.com\/product\/22ct-gold-star-filigree-pendant\/#breadcrumb","itemListElement":[{"@type":"ListItem","position":1,"name":"Home","item":"https:\/\/www.purejewels.com\/"},{"@type":"ListItem","position":2,"name":"Shop","item":"https:\/\/www.purejewels.com\/shop\/"},{"@type":"ListItem","position":3,"name":"22ct Gold Lattice Design Pendant"}]},{"@type":"WebSite","@id":"https:\/\/www.purejewels.com\/#website","url":"https:\/\/www.purejewels.com\/","name":"PureJewels \u0130ngiltere","description":"Sevgiyi Payla\u015f\u0131n","publisher":{"@id":"https:\/\/www.purejewels.com\/#organization"},"potentialAction":[{"@type":"SearchAction","target":{"@type":"EntryPoint","urlTemplate":"https:\/\/www.purejewels.com\/?s={search_term_string}"},"query-input":{"@type":"PropertyValueSpecification","valueRequired":true,"valueName":"search_term_string"}}],"inLanguage":"tr"},{"@type":"Organization","@id":"https:\/\/www.purejewels.com\/#organization","name":"PureJewels \u0130ngiltere","url":"https:\/\/www.purejewels.com\/","logo":{"@type":"ImageObject","inLanguage":"tr","@id":"https:\/\/www.purejewels.com\/#\/schema\/logo\/image\/","url":"https:\/\/static.purejewels.com\/wp-content\/uploads\/2020\/11\/Logo-PJ-New-1.png","contentUrl":"https:\/\/static.purejewels.com\/wp-content\/uploads\/2020\/11\/Logo-PJ-New-1.png","width":150,"height":80,"caption":"PureJewels UK"},"image":{"@id":"https:\/\/www.purejewels.com\/#\/schema\/logo\/image\/"}}]}},"_links":{"self":[{"href":"https:\/\/www.purejewels.com\/tr\/wp-json\/wp\/v2\/product\/245086","targetHints":{"allow":["GET"]}}],"collection":[{"href":"https:\/\/www.purejewels.com\/tr\/wp-json\/wp\/v2\/product"}],"about":[{"href":"https:\/\/www.purejewels.com\/tr\/wp-json\/wp\/v2\/types\/product"}],"replies":[{"embeddable":true,"href":"https:\/\/www.purejewels.com\/tr\/wp-json\/wp\/v2\/comments?post=245086"}],"version-history":[{"count":2,"href":"https:\/\/www.purejewels.com\/tr\/wp-json\/wp\/v2\/product\/245086\/revisions"}],"predecessor-version":[{"id":427213,"href":"https:\/\/www.purejewels.com\/tr\/wp-json\/wp\/v2\/product\/245086\/revisions\/427213"}],"wp:featuredmedia":[{"embeddable":true,"href":"https:\/\/www.purejewels.com\/tr\/wp-json\/wp\/v2\/media\/245145"}],"wp:attachment":[{"href":"https:\/\/www.purejewels.com\/tr\/wp-json\/wp\/v2\/media?parent=245086"}],"wp:term":[{"taxonomy":"product_brand","embeddable":true,"href":"https:\/\/www.purejewels.com\/tr\/wp-json\/wp\/v2\/product_brand?post=245086"},{"taxonomy":"product_cat","embeddable":true,"href":"https:\/\/www.purejewels.com\/tr\/wp-json\/wp\/v2\/product_cat?post=245086"},{"taxonomy":"product_tag","embeddable":true,"href":"https:\/\/www.purejewels.com\/tr\/wp-json\/wp\/v2\/product_tag?post=245086"}],"curies":[{"name":"wp","href":"https:\/\/api.w.org\/{rel}","templated":true}]}}