{"id":245088,"date":"2017-10-27T11:15:36","date_gmt":"2017-10-27T10:15:36","guid":{"rendered":"https:\/\/www.purejewels.com\/product\/22ct-gold-filigree-pendant-3\/"},"modified":"2025-12-26T06:52:13","modified_gmt":"2025-12-26T06:52:13","slug":"22-ayar-altin-telkari-kolye-ucu-3","status":"publish","type":"product","link":"https:\/\/www.purejewels.com\/tr\/product\/22ct-gold-filigree-pendant-3\/","title":{"rendered":"22 ayar alt\u0131n CZ yaprak kolye ucu"},"content":{"rendered":"<p><strong>Tasar\u0131m:<\/strong><\/p>\n<p>Bu g\u00fczel tasar\u0131ml\u0131 kolye, do\u011fan\u0131n organik k\u0131vr\u0131mlar\u0131ndan ilham al\u0131narak tasarlanm\u0131\u015f olup, zarif, asimetrik CZ ta\u015flarla s\u00fcslenmi\u015f bir \u00e7er\u00e7eve ile \u00e7evrelenmi\u015f stilize bir yaprak motifine sahiptir. Alt k\u0131s\u0131mda sallanan tek bir CZ damla \u015fekilli ta\u015f, hareket ve \u0131\u015f\u0131lt\u0131 katmaktad\u0131r.<\/p>\n<p><strong>\u0130\u015f\u00e7ilik:<\/strong><\/p>\n<p>Ustal\u0131kla el yap\u0131m\u0131 <a href=\"https:\/\/www.purejewels.com\/tr\/product\/22ct-gold-jali-filigree-ring-jali-collection-31926\/\">22ct<\/a> Sar\u0131 alt\u0131n olan bu kolye, geleneksel kuyumculuk sanat\u0131n\u0131 modern tasar\u0131mla birle\u015ftiriyor. Parlak kesim k\u00fcbik zirkon ta\u015flar, g\u00fcnl\u00fck kullan\u0131m veya \u00f6zel g\u00fcnler i\u00e7in m\u00fckemmel olan, g\u00f6z kama\u015ft\u0131r\u0131c\u0131 ancak uygun fiyatl\u0131 bir g\u00f6r\u00fcn\u00fcm sunmak i\u00e7in titizlikle yerle\u015ftirilmi\u015ftir.<\/p>\n<p><strong>Stil:<\/strong><\/p>\n<p>Bu kolye, sadelik ve sofistike tasar\u0131m aras\u0131nda m\u00fckemmel bir denge kuruyor. Modern bir dokunu\u015fla do\u011fadan ilham alan motifleri sevenler i\u00e7in ideal olan bu kolye, sevimli bir hediye veya alt\u0131n tak\u0131 koleksiyonunuza zarif bir ek olabilir.<\/p>","protected":false},"excerpt":{"rendered":"<p>Modern zarafet, zarif yaprak silueti ve \u0131\u015f\u0131lt\u0131l\u0131 CZ ta\u015flarla s\u00fcslenmi\u015f bu 22 ayar alt\u0131n kolye ile zamans\u0131z bir parlakl\u0131k kazan\u0131yor.<\/p>\n<ul>\n<li>CZ Ta\u015fl\u0131 22 Ayar Sar\u0131 Alt\u0131n Kolye<\/li>\n<li>A\u011f\u0131rl\u0131k 2.8 g<\/li>\n<li>SKU. 26603<\/li>\n<li>Zincir dahil de\u011fildir.<\/li>\n<li>T\u00fcm fiyatlara KDV dahildir<\/li>\n<li>Londra Tahlil Ofisi Taraf\u0131ndan Damgalanm\u0131\u015f 22 Ayar Alt\u0131n<\/li>\n<li>T\u00fcm Setler Sunum Kutusu ile Birlikte Gelir<\/li>\n<li>Teslimat Dahil<\/li>\n<li>Stok durumu ve stokta bulunan benzer tasar\u0131mlar\u0131n daha fazla g\u00f6r\u00fcnt\u00fcs\u00fc i\u00e7in bizimle canl\u0131 sohbet edin<\/li>\n<\/ul>","protected":false},"featured_media":245150,"comment_status":"closed","ping_status":"closed","template":"","meta":{"_eb_attr":"","_crsspst_to_jayantr4sg-hostcom":false},"product_brand":[],"product_cat":[1767,1574],"product_tag":[],"class_list":{"0":"post-245088","1":"product","2":"type-product","3":"status-publish","4":"has-post-thumbnail","6":"product_cat-ladies-pendants","7":"product_cat-womens-jewellery","9":"first","10":"outofstock","11":"taxable","12":"shipping-taxable","13":"product-type-simple","14":"add-to-wishlist-before_image"},"yoast_head":"<!-- This site is optimized with the Yoast SEO plugin v27.3 - https:\/\/yoast.com\/product\/yoast-seo-wordpress\/ -->\n<title>22ct Gold Leaf Pendant with CZ Stones | PureJewels UK<\/title>\n<meta name=\"description\" content=\"Discover a stunning 22ct gold pendant featuring a contemporary leaf design with sparkling cubic zirconia. Shop elegant gold jewellery at PureJewels UK.\" \/>\n<meta name=\"robots\" content=\"index, follow, max-snippet:-1, max-image-preview:large, max-video-preview:-1\" \/>\n<link rel=\"canonical\" href=\"https:\/\/www.purejewels.com\/tr\/urun\/22-ayar-altin-telkari-kolye-ucu-3\/\" \/>\n<meta property=\"og:locale\" content=\"tr_TR\" \/>\n<meta property=\"og:type\" content=\"article\" \/>\n<meta property=\"og:title\" content=\"22ct Gold Leaf Pendant with CZ Stones | PureJewels UK\" \/>\n<meta property=\"og:description\" content=\"Discover a stunning 22ct gold pendant featuring a contemporary leaf design with sparkling cubic zirconia. Shop elegant gold jewellery at PureJewels UK.\" \/>\n<meta property=\"og:url\" content=\"https:\/\/www.purejewels.com\/tr\/urun\/22-ayar-altin-telkari-kolye-ucu-3\/\" \/>\n<meta property=\"og:site_name\" content=\"PureJewels UK\" \/>\n<meta property=\"article:modified_time\" content=\"2025-12-26T06:52:13+00:00\" \/>\n<meta property=\"og:image\" content=\"https:\/\/static.purejewels.com\/wp-content\/uploads\/2017\/10\/PURE-JEWELS-04.10-086.png\" \/>\n\t<meta property=\"og:image:width\" content=\"1000\" \/>\n\t<meta property=\"og:image:height\" content=\"1000\" \/>\n\t<meta property=\"og:image:type\" content=\"image\/png\" \/>\n<meta name=\"twitter:card\" content=\"summary_large_image\" \/>\n<meta name=\"twitter:label1\" content=\"Tahmini okuma s\u00fcresi\" \/>\n\t<meta name=\"twitter:data1\" content=\"1 dakika\" \/>\n<script type=\"application\/ld+json\" class=\"yoast-schema-graph\">{\"@context\":\"https:\\\/\\\/schema.org\",\"@graph\":[{\"@type\":[\"WebPage\",\"ItemPage\"],\"@id\":\"https:\\\/\\\/www.purejewels.com\\\/product\\\/22ct-gold-filigree-pendant-3\\\/\",\"url\":\"https:\\\/\\\/www.purejewels.com\\\/product\\\/22ct-gold-filigree-pendant-3\\\/\",\"name\":\"22ct Gold Leaf Pendant with CZ Stones | PureJewels UK\",\"isPartOf\":{\"@id\":\"https:\\\/\\\/www.purejewels.com\\\/#website\"},\"primaryImageOfPage\":{\"@id\":\"https:\\\/\\\/www.purejewels.com\\\/product\\\/22ct-gold-filigree-pendant-3\\\/#primaryimage\"},\"image\":{\"@id\":\"https:\\\/\\\/www.purejewels.com\\\/product\\\/22ct-gold-filigree-pendant-3\\\/#primaryimage\"},\"thumbnailUrl\":\"https:\\\/\\\/static.purejewels.com\\\/wp-content\\\/uploads\\\/2017\\\/10\\\/PURE-JEWELS-04.10-086.png\",\"datePublished\":\"2017-10-27T10:15:36+00:00\",\"dateModified\":\"2025-12-26T06:52:13+00:00\",\"description\":\"Discover a stunning 22ct gold pendant featuring a contemporary leaf design with sparkling cubic zirconia. Shop elegant gold jewellery at PureJewels UK.\",\"breadcrumb\":{\"@id\":\"https:\\\/\\\/www.purejewels.com\\\/product\\\/22ct-gold-filigree-pendant-3\\\/#breadcrumb\"},\"inLanguage\":\"tr\",\"potentialAction\":[{\"@type\":\"ReadAction\",\"target\":[\"https:\\\/\\\/www.purejewels.com\\\/product\\\/22ct-gold-filigree-pendant-3\\\/\"]}]},{\"@type\":\"ImageObject\",\"inLanguage\":\"tr\",\"@id\":\"https:\\\/\\\/www.purejewels.com\\\/product\\\/22ct-gold-filigree-pendant-3\\\/#primaryimage\",\"url\":\"https:\\\/\\\/static.purejewels.com\\\/wp-content\\\/uploads\\\/2017\\\/10\\\/PURE-JEWELS-04.10-086.png\",\"contentUrl\":\"https:\\\/\\\/static.purejewels.com\\\/wp-content\\\/uploads\\\/2017\\\/10\\\/PURE-JEWELS-04.10-086.png\",\"width\":1000,\"height\":1000,\"caption\":\"PURE JEWELS 04.10-086\"},{\"@type\":\"BreadcrumbList\",\"@id\":\"https:\\\/\\\/www.purejewels.com\\\/product\\\/22ct-gold-filigree-pendant-3\\\/#breadcrumb\",\"itemListElement\":[{\"@type\":\"ListItem\",\"position\":1,\"name\":\"Home\",\"item\":\"https:\\\/\\\/www.purejewels.com\\\/\"},{\"@type\":\"ListItem\",\"position\":2,\"name\":\"Shop\",\"item\":\"https:\\\/\\\/www.purejewels.com\\\/shop\\\/\"},{\"@type\":\"ListItem\",\"position\":3,\"name\":\"22ct Gold CZ Leaf Pendant\"}]},{\"@type\":\"WebSite\",\"@id\":\"https:\\\/\\\/www.purejewels.com\\\/#website\",\"url\":\"https:\\\/\\\/www.purejewels.com\\\/\",\"name\":\"PureJewels UK\",\"description\":\"Share the Love\",\"publisher\":{\"@id\":\"https:\\\/\\\/www.purejewels.com\\\/#organization\"},\"potentialAction\":[{\"@type\":\"SearchAction\",\"target\":{\"@type\":\"EntryPoint\",\"urlTemplate\":\"https:\\\/\\\/www.purejewels.com\\\/?s={search_term_string}\"},\"query-input\":{\"@type\":\"PropertyValueSpecification\",\"valueRequired\":true,\"valueName\":\"search_term_string\"}}],\"inLanguage\":\"tr\"},{\"@type\":\"Organization\",\"@id\":\"https:\\\/\\\/www.purejewels.com\\\/#organization\",\"name\":\"PureJewels UK\",\"url\":\"https:\\\/\\\/www.purejewels.com\\\/\",\"logo\":{\"@type\":\"ImageObject\",\"inLanguage\":\"tr\",\"@id\":\"https:\\\/\\\/www.purejewels.com\\\/#\\\/schema\\\/logo\\\/image\\\/\",\"url\":\"https:\\\/\\\/static.purejewels.com\\\/wp-content\\\/uploads\\\/2020\\\/11\\\/Logo-PJ-New-1.png\",\"contentUrl\":\"https:\\\/\\\/static.purejewels.com\\\/wp-content\\\/uploads\\\/2020\\\/11\\\/Logo-PJ-New-1.png\",\"width\":150,\"height\":80,\"caption\":\"PureJewels UK\"},\"image\":{\"@id\":\"https:\\\/\\\/www.purejewels.com\\\/#\\\/schema\\\/logo\\\/image\\\/\"}}]}<\/script>\n<!-- \/ Yoast SEO plugin. -->","yoast_head_json":{"title":"CZ Ta\u015fl\u0131 22 Ayar Alt\u0131n Yaprak Kolye | PureJewels UK","description":"Parlak k\u00fcbik zirkonya ile \u00e7a\u011fda\u015f yaprak tasar\u0131m\u0131na sahip \u00e7arp\u0131c\u0131 22 ayar alt\u0131n kolyeyi ke\u015ffedin. PureJewels UK'de zarif alt\u0131n tak\u0131lar sat\u0131n al\u0131n.","robots":{"index":"index","follow":"follow","max-snippet":"max-snippet:-1","max-image-preview":"max-image-preview:large","max-video-preview":"max-video-preview:-1"},"canonical":"https:\/\/www.purejewels.com\/tr\/urun\/22-ayar-altin-telkari-kolye-ucu-3\/","og_locale":"tr_TR","og_type":"article","og_title":"22ct Gold Leaf Pendant with CZ Stones | PureJewels UK","og_description":"Discover a stunning 22ct gold pendant featuring a contemporary leaf design with sparkling cubic zirconia. Shop elegant gold jewellery at PureJewels UK.","og_url":"https:\/\/www.purejewels.com\/tr\/urun\/22-ayar-altin-telkari-kolye-ucu-3\/","og_site_name":"PureJewels UK","article_modified_time":"2025-12-26T06:52:13+00:00","og_image":[{"width":1000,"height":1000,"url":"https:\/\/static.purejewels.com\/wp-content\/uploads\/2017\/10\/PURE-JEWELS-04.10-086.png","type":"image\/png"}],"twitter_card":"summary_large_image","twitter_misc":{"Tahmini okuma s\u00fcresi":"1 dakika"},"schema":{"@context":"https:\/\/schema.org","@graph":[{"@type":["WebPage","ItemPage"],"@id":"https:\/\/www.purejewels.com\/product\/22ct-gold-filigree-pendant-3\/","url":"https:\/\/www.purejewels.com\/product\/22ct-gold-filigree-pendant-3\/","name":"CZ Ta\u015fl\u0131 22 Ayar Alt\u0131n Yaprak Kolye | PureJewels UK","isPartOf":{"@id":"https:\/\/www.purejewels.com\/#website"},"primaryImageOfPage":{"@id":"https:\/\/www.purejewels.com\/product\/22ct-gold-filigree-pendant-3\/#primaryimage"},"image":{"@id":"https:\/\/www.purejewels.com\/product\/22ct-gold-filigree-pendant-3\/#primaryimage"},"thumbnailUrl":"https:\/\/static.purejewels.com\/wp-content\/uploads\/2017\/10\/PURE-JEWELS-04.10-086.png","datePublished":"2017-10-27T10:15:36+00:00","dateModified":"2025-12-26T06:52:13+00:00","description":"Parlak k\u00fcbik zirkonya ile \u00e7a\u011fda\u015f yaprak tasar\u0131m\u0131na sahip \u00e7arp\u0131c\u0131 22 ayar alt\u0131n kolyeyi ke\u015ffedin. PureJewels UK'de zarif alt\u0131n tak\u0131lar sat\u0131n al\u0131n.","breadcrumb":{"@id":"https:\/\/www.purejewels.com\/product\/22ct-gold-filigree-pendant-3\/#breadcrumb"},"inLanguage":"tr","potentialAction":[{"@type":"ReadAction","target":["https:\/\/www.purejewels.com\/product\/22ct-gold-filigree-pendant-3\/"]}]},{"@type":"ImageObject","inLanguage":"tr","@id":"https:\/\/www.purejewels.com\/product\/22ct-gold-filigree-pendant-3\/#primaryimage","url":"https:\/\/static.purejewels.com\/wp-content\/uploads\/2017\/10\/PURE-JEWELS-04.10-086.png","contentUrl":"https:\/\/static.purejewels.com\/wp-content\/uploads\/2017\/10\/PURE-JEWELS-04.10-086.png","width":1000,"height":1000,"caption":"PURE JEWELS 04.10-086"},{"@type":"BreadcrumbList","@id":"https:\/\/www.purejewels.com\/product\/22ct-gold-filigree-pendant-3\/#breadcrumb","itemListElement":[{"@type":"ListItem","position":1,"name":"Home","item":"https:\/\/www.purejewels.com\/"},{"@type":"ListItem","position":2,"name":"Shop","item":"https:\/\/www.purejewels.com\/shop\/"},{"@type":"ListItem","position":3,"name":"22ct Gold CZ Leaf Pendant"}]},{"@type":"WebSite","@id":"https:\/\/www.purejewels.com\/#website","url":"https:\/\/www.purejewels.com\/","name":"PureJewels \u0130ngiltere","description":"Sevgiyi Payla\u015f\u0131n","publisher":{"@id":"https:\/\/www.purejewels.com\/#organization"},"potentialAction":[{"@type":"SearchAction","target":{"@type":"EntryPoint","urlTemplate":"https:\/\/www.purejewels.com\/?s={search_term_string}"},"query-input":{"@type":"PropertyValueSpecification","valueRequired":true,"valueName":"search_term_string"}}],"inLanguage":"tr"},{"@type":"Organization","@id":"https:\/\/www.purejewels.com\/#organization","name":"PureJewels \u0130ngiltere","url":"https:\/\/www.purejewels.com\/","logo":{"@type":"ImageObject","inLanguage":"tr","@id":"https:\/\/www.purejewels.com\/#\/schema\/logo\/image\/","url":"https:\/\/static.purejewels.com\/wp-content\/uploads\/2020\/11\/Logo-PJ-New-1.png","contentUrl":"https:\/\/static.purejewels.com\/wp-content\/uploads\/2020\/11\/Logo-PJ-New-1.png","width":150,"height":80,"caption":"PureJewels UK"},"image":{"@id":"https:\/\/www.purejewels.com\/#\/schema\/logo\/image\/"}}]}},"_links":{"self":[{"href":"https:\/\/www.purejewels.com\/tr\/wp-json\/wp\/v2\/product\/245088","targetHints":{"allow":["GET"]}}],"collection":[{"href":"https:\/\/www.purejewels.com\/tr\/wp-json\/wp\/v2\/product"}],"about":[{"href":"https:\/\/www.purejewels.com\/tr\/wp-json\/wp\/v2\/types\/product"}],"replies":[{"embeddable":true,"href":"https:\/\/www.purejewels.com\/tr\/wp-json\/wp\/v2\/comments?post=245088"}],"version-history":[{"count":2,"href":"https:\/\/www.purejewels.com\/tr\/wp-json\/wp\/v2\/product\/245088\/revisions"}],"predecessor-version":[{"id":423865,"href":"https:\/\/www.purejewels.com\/tr\/wp-json\/wp\/v2\/product\/245088\/revisions\/423865"}],"wp:featuredmedia":[{"embeddable":true,"href":"https:\/\/www.purejewels.com\/tr\/wp-json\/wp\/v2\/media\/245150"}],"wp:attachment":[{"href":"https:\/\/www.purejewels.com\/tr\/wp-json\/wp\/v2\/media?parent=245088"}],"wp:term":[{"taxonomy":"product_brand","embeddable":true,"href":"https:\/\/www.purejewels.com\/tr\/wp-json\/wp\/v2\/product_brand?post=245088"},{"taxonomy":"product_cat","embeddable":true,"href":"https:\/\/www.purejewels.com\/tr\/wp-json\/wp\/v2\/product_cat?post=245088"},{"taxonomy":"product_tag","embeddable":true,"href":"https:\/\/www.purejewels.com\/tr\/wp-json\/wp\/v2\/product_tag?post=245088"}],"curies":[{"name":"wp","href":"https:\/\/api.w.org\/{rel}","templated":true}]}}