{"id":265056,"date":"2017-11-04T13:47:07","date_gmt":"2017-11-04T13:47:07","guid":{"rendered":"https:\/\/www.purejewels.com\/product\/22ct-gold-jali-pendant-2\/"},"modified":"2025-12-26T08:17:48","modified_gmt":"2025-12-26T08:17:48","slug":"22-ayar-altin-jali-kolye-ucu-2","status":"publish","type":"product","link":"https:\/\/www.purejewels.com\/tr\/product\/22ct-gold-jali-pendant-2\/","title":{"rendered":"22 ayar alt\u0131n damla \u015feklinde Jali kolye ucu"},"content":{"rendered":"<p><strong>Tasar\u0131m:<\/strong><\/p>\n<p>Bu damla \u015feklindeki kolye ucu, yumu\u015fak ve uzun bir formda hassas bir \u015fekilde \u015fekillendirilmi\u015f olup, \u00e7apraz \u00f6rg\u00fc deseniyle geometrik hassasiyet ve zarif simetriyi \u00f6n plana \u00e7\u0131karmaktad\u0131r. A\u00e7\u0131k i\u015f\u00e7ilikli tasar\u0131m\u0131, hafif ancak detayl\u0131 bir g\u00f6r\u00fcn\u00fcm sunarak, katmanl\u0131 veya tek ba\u015f\u0131na takmak i\u00e7in m\u00fckemmeldir.<\/p>\n<p><strong>\u0130\u015f\u00e7ilik:<\/strong><\/p>\n<p>Saf el yap\u0131m\u0131 <a href=\"https:\/\/www.purejewels.com\/tr\/product\/22ct-gold-jali-filigree-ring-jali-collection-31926\/\">22ct<\/a> Alt\u0131n, kolye ucu ince kesimli bir halkayla ve karma\u015f\u0131k detaylarla tamamlanm\u0131\u015ft\u0131r. Dokusu her a\u00e7\u0131dan \u0131\u015f\u0131\u011f\u0131 yakalar ve geleneksel zanaat tekniklerinin kalitesini modern tasar\u0131mla birle\u015ftirir.<\/p>\n<p><strong>Stil:<\/strong><\/p>\n<p>Hem g\u00fcnl\u00fck \u015f\u0131kl\u0131k hem de \u00f6zel g\u00fcnler i\u00e7in ideal olan bu 22 ayar alt\u0131n damla kolye, gelenek ile \u00e7a\u011fda\u015f minimalizmi harmanl\u0131yor. E\u015fle\u015fen bir zincirle kombinleyin veya charm'larla katmanlayarak kendine \u00f6zg\u00fc bir g\u00f6r\u00fcn\u00fcm elde edin.<\/p>","protected":false},"excerpt":{"rendered":"<p>22 ayar alt\u0131ndan yap\u0131lm\u0131\u015f, cesur bir kafes tasar\u0131m\u0131 ve cilal\u0131 dokuya sahip, g\u00fczel i\u015flenmi\u015f damla \u015fekilli bir kolye ucu.<\/p>\n<ul>\n<li>G\u00f6zya\u015f\u0131 Damlas\u0131 \u015eeklinde Kolye<\/li>\n<li>A\u011f\u0131rl\u0131k:1.3gm<\/li>\n<li>Zincir dahil de\u011fildir.<\/li>\n<li>Londra Tahlil Ofisi Taraf\u0131ndan Damgalanm\u0131\u015f 22 Ayar Alt\u0131n<\/li>\n<li>Sunum Kutusu ile Birlikte Gelir<\/li>\n<li>Teslimat Dahil<\/li>\n<li>T\u00fcm fiyatlara KDV dahildir<\/li>\n<li>Stok durumu ve stokta bulunan benzer tasar\u0131mlar\u0131n daha fazla g\u00f6r\u00fcnt\u00fcs\u00fc i\u00e7in bizimle canl\u0131 sohbet edin<\/li>\n<\/ul>","protected":false},"featured_media":265079,"comment_status":"closed","ping_status":"closed","template":"","meta":{"_eb_attr":"","_crsspst_to_jayantr4sg-hostcom":false},"product_brand":[],"product_cat":[1767],"product_tag":[1502],"class_list":{"0":"post-265056","1":"product","2":"type-product","3":"status-publish","4":"has-post-thumbnail","6":"product_cat-ladies-pendants","7":"product_tag-filigree","9":"first","10":"outofstock","11":"taxable","12":"shipping-taxable","13":"product-type-simple","14":"add-to-wishlist-before_image"},"yoast_head":"<!-- This site is optimized with the Yoast SEO plugin v27.3 - https:\/\/yoast.com\/product\/yoast-seo-wordpress\/ -->\n<title>22ct Gold Teardrop Jali Pendant | PureJewels UK<\/title>\n<meta name=\"description\" content=\"Elegant 22ct gold teardrop pendant with a unique criss-cross texture. Shop timeless gold jewellery at PureJewels UK. Free delivery across the UK.\" \/>\n<meta name=\"robots\" content=\"index, follow, max-snippet:-1, max-image-preview:large, max-video-preview:-1\" \/>\n<link rel=\"canonical\" href=\"https:\/\/www.purejewels.com\/tr\/urun\/22-ayar-altin-jali-kolye-ucu-2\/\" \/>\n<meta property=\"og:locale\" content=\"tr_TR\" \/>\n<meta property=\"og:type\" content=\"article\" \/>\n<meta property=\"og:title\" content=\"22ct Gold Teardrop Jali Pendant | PureJewels UK\" \/>\n<meta property=\"og:description\" content=\"Elegant 22ct gold teardrop pendant with a unique criss-cross texture. Shop timeless gold jewellery at PureJewels UK. Free delivery across the UK.\" \/>\n<meta property=\"og:url\" content=\"https:\/\/www.purejewels.com\/tr\/urun\/22-ayar-altin-jali-kolye-ucu-2\/\" \/>\n<meta property=\"og:site_name\" content=\"PureJewels UK\" \/>\n<meta property=\"article:modified_time\" content=\"2025-12-26T08:17:48+00:00\" \/>\n<meta property=\"og:image\" content=\"https:\/\/static.purejewels.com\/wp-content\/uploads\/2017\/11\/26723-same-sku.png\" \/>\n\t<meta property=\"og:image:width\" content=\"1000\" \/>\n\t<meta property=\"og:image:height\" content=\"1000\" \/>\n\t<meta property=\"og:image:type\" content=\"image\/png\" \/>\n<meta name=\"twitter:card\" content=\"summary_large_image\" \/>\n<meta name=\"twitter:label1\" content=\"Tahmini okuma s\u00fcresi\" \/>\n\t<meta name=\"twitter:data1\" content=\"1 dakika\" \/>\n<script type=\"application\/ld+json\" class=\"yoast-schema-graph\">{\"@context\":\"https:\\\/\\\/schema.org\",\"@graph\":[{\"@type\":[\"WebPage\",\"ItemPage\"],\"@id\":\"https:\\\/\\\/www.purejewels.com\\\/product\\\/22ct-gold-jali-pendant-2\\\/\",\"url\":\"https:\\\/\\\/www.purejewels.com\\\/product\\\/22ct-gold-jali-pendant-2\\\/\",\"name\":\"22ct Gold Teardrop Jali Pendant | PureJewels UK\",\"isPartOf\":{\"@id\":\"https:\\\/\\\/www.purejewels.com\\\/#website\"},\"primaryImageOfPage\":{\"@id\":\"https:\\\/\\\/www.purejewels.com\\\/product\\\/22ct-gold-jali-pendant-2\\\/#primaryimage\"},\"image\":{\"@id\":\"https:\\\/\\\/www.purejewels.com\\\/product\\\/22ct-gold-jali-pendant-2\\\/#primaryimage\"},\"thumbnailUrl\":\"https:\\\/\\\/static.purejewels.com\\\/wp-content\\\/uploads\\\/2017\\\/11\\\/26723-same-sku.png\",\"datePublished\":\"2017-11-04T13:47:07+00:00\",\"dateModified\":\"2025-12-26T08:17:48+00:00\",\"description\":\"Elegant 22ct gold teardrop pendant with a unique criss-cross texture. Shop timeless gold jewellery at PureJewels UK. Free delivery across the UK.\",\"breadcrumb\":{\"@id\":\"https:\\\/\\\/www.purejewels.com\\\/product\\\/22ct-gold-jali-pendant-2\\\/#breadcrumb\"},\"inLanguage\":\"tr\",\"potentialAction\":[{\"@type\":\"ReadAction\",\"target\":[\"https:\\\/\\\/www.purejewels.com\\\/product\\\/22ct-gold-jali-pendant-2\\\/\"]}]},{\"@type\":\"ImageObject\",\"inLanguage\":\"tr\",\"@id\":\"https:\\\/\\\/www.purejewels.com\\\/product\\\/22ct-gold-jali-pendant-2\\\/#primaryimage\",\"url\":\"https:\\\/\\\/static.purejewels.com\\\/wp-content\\\/uploads\\\/2017\\\/11\\\/26723-same-sku.png\",\"contentUrl\":\"https:\\\/\\\/static.purejewels.com\\\/wp-content\\\/uploads\\\/2017\\\/11\\\/26723-same-sku.png\",\"width\":1000,\"height\":1000,\"caption\":\"26723 same sku\"},{\"@type\":\"BreadcrumbList\",\"@id\":\"https:\\\/\\\/www.purejewels.com\\\/product\\\/22ct-gold-jali-pendant-2\\\/#breadcrumb\",\"itemListElement\":[{\"@type\":\"ListItem\",\"position\":1,\"name\":\"Home\",\"item\":\"https:\\\/\\\/www.purejewels.com\\\/\"},{\"@type\":\"ListItem\",\"position\":2,\"name\":\"Shop\",\"item\":\"https:\\\/\\\/www.purejewels.com\\\/shop\\\/\"},{\"@type\":\"ListItem\",\"position\":3,\"name\":\"22ct Gold Teardrop Jali Pendant\"}]},{\"@type\":\"WebSite\",\"@id\":\"https:\\\/\\\/www.purejewels.com\\\/#website\",\"url\":\"https:\\\/\\\/www.purejewels.com\\\/\",\"name\":\"PureJewels UK\",\"description\":\"Share the Love\",\"publisher\":{\"@id\":\"https:\\\/\\\/www.purejewels.com\\\/#organization\"},\"potentialAction\":[{\"@type\":\"SearchAction\",\"target\":{\"@type\":\"EntryPoint\",\"urlTemplate\":\"https:\\\/\\\/www.purejewels.com\\\/?s={search_term_string}\"},\"query-input\":{\"@type\":\"PropertyValueSpecification\",\"valueRequired\":true,\"valueName\":\"search_term_string\"}}],\"inLanguage\":\"tr\"},{\"@type\":\"Organization\",\"@id\":\"https:\\\/\\\/www.purejewels.com\\\/#organization\",\"name\":\"PureJewels UK\",\"url\":\"https:\\\/\\\/www.purejewels.com\\\/\",\"logo\":{\"@type\":\"ImageObject\",\"inLanguage\":\"tr\",\"@id\":\"https:\\\/\\\/www.purejewels.com\\\/#\\\/schema\\\/logo\\\/image\\\/\",\"url\":\"https:\\\/\\\/static.purejewels.com\\\/wp-content\\\/uploads\\\/2020\\\/11\\\/Logo-PJ-New-1.png\",\"contentUrl\":\"https:\\\/\\\/static.purejewels.com\\\/wp-content\\\/uploads\\\/2020\\\/11\\\/Logo-PJ-New-1.png\",\"width\":150,\"height\":80,\"caption\":\"PureJewels UK\"},\"image\":{\"@id\":\"https:\\\/\\\/www.purejewels.com\\\/#\\\/schema\\\/logo\\\/image\\\/\"}}]}<\/script>\n<!-- \/ Yoast SEO plugin. -->","yoast_head_json":{"title":"22 ayar alt\u0131n damla \u015feklinde Jali kolye | PureJewels UK","description":"E\u015fsiz \u00e7apraz dokulu zarif 22 ayar alt\u0131n damla kolye. PureJewels UK'de zamans\u0131z alt\u0131n tak\u0131lar\u0131 sat\u0131n al\u0131n. Birle\u015fik Krall\u0131k genelinde \u00fccretsiz teslimat.","robots":{"index":"index","follow":"follow","max-snippet":"max-snippet:-1","max-image-preview":"max-image-preview:large","max-video-preview":"max-video-preview:-1"},"canonical":"https:\/\/www.purejewels.com\/tr\/urun\/22-ayar-altin-jali-kolye-ucu-2\/","og_locale":"tr_TR","og_type":"article","og_title":"22ct Gold Teardrop Jali Pendant | PureJewels UK","og_description":"Elegant 22ct gold teardrop pendant with a unique criss-cross texture. Shop timeless gold jewellery at PureJewels UK. Free delivery across the UK.","og_url":"https:\/\/www.purejewels.com\/tr\/urun\/22-ayar-altin-jali-kolye-ucu-2\/","og_site_name":"PureJewels UK","article_modified_time":"2025-12-26T08:17:48+00:00","og_image":[{"width":1000,"height":1000,"url":"https:\/\/static.purejewels.com\/wp-content\/uploads\/2017\/11\/26723-same-sku.png","type":"image\/png"}],"twitter_card":"summary_large_image","twitter_misc":{"Tahmini okuma s\u00fcresi":"1 dakika"},"schema":{"@context":"https:\/\/schema.org","@graph":[{"@type":["WebPage","ItemPage"],"@id":"https:\/\/www.purejewels.com\/product\/22ct-gold-jali-pendant-2\/","url":"https:\/\/www.purejewels.com\/product\/22ct-gold-jali-pendant-2\/","name":"22 ayar alt\u0131n damla \u015feklinde Jali kolye | PureJewels UK","isPartOf":{"@id":"https:\/\/www.purejewels.com\/#website"},"primaryImageOfPage":{"@id":"https:\/\/www.purejewels.com\/product\/22ct-gold-jali-pendant-2\/#primaryimage"},"image":{"@id":"https:\/\/www.purejewels.com\/product\/22ct-gold-jali-pendant-2\/#primaryimage"},"thumbnailUrl":"https:\/\/static.purejewels.com\/wp-content\/uploads\/2017\/11\/26723-same-sku.png","datePublished":"2017-11-04T13:47:07+00:00","dateModified":"2025-12-26T08:17:48+00:00","description":"E\u015fsiz \u00e7apraz dokulu zarif 22 ayar alt\u0131n damla kolye. PureJewels UK'de zamans\u0131z alt\u0131n tak\u0131lar\u0131 sat\u0131n al\u0131n. Birle\u015fik Krall\u0131k genelinde \u00fccretsiz teslimat.","breadcrumb":{"@id":"https:\/\/www.purejewels.com\/product\/22ct-gold-jali-pendant-2\/#breadcrumb"},"inLanguage":"tr","potentialAction":[{"@type":"ReadAction","target":["https:\/\/www.purejewels.com\/product\/22ct-gold-jali-pendant-2\/"]}]},{"@type":"ImageObject","inLanguage":"tr","@id":"https:\/\/www.purejewels.com\/product\/22ct-gold-jali-pendant-2\/#primaryimage","url":"https:\/\/static.purejewels.com\/wp-content\/uploads\/2017\/11\/26723-same-sku.png","contentUrl":"https:\/\/static.purejewels.com\/wp-content\/uploads\/2017\/11\/26723-same-sku.png","width":1000,"height":1000,"caption":"26723 same sku"},{"@type":"BreadcrumbList","@id":"https:\/\/www.purejewels.com\/product\/22ct-gold-jali-pendant-2\/#breadcrumb","itemListElement":[{"@type":"ListItem","position":1,"name":"Home","item":"https:\/\/www.purejewels.com\/"},{"@type":"ListItem","position":2,"name":"Shop","item":"https:\/\/www.purejewels.com\/shop\/"},{"@type":"ListItem","position":3,"name":"22ct Gold Teardrop Jali Pendant"}]},{"@type":"WebSite","@id":"https:\/\/www.purejewels.com\/#website","url":"https:\/\/www.purejewels.com\/","name":"PureJewels \u0130ngiltere","description":"Sevgiyi Payla\u015f\u0131n","publisher":{"@id":"https:\/\/www.purejewels.com\/#organization"},"potentialAction":[{"@type":"SearchAction","target":{"@type":"EntryPoint","urlTemplate":"https:\/\/www.purejewels.com\/?s={search_term_string}"},"query-input":{"@type":"PropertyValueSpecification","valueRequired":true,"valueName":"search_term_string"}}],"inLanguage":"tr"},{"@type":"Organization","@id":"https:\/\/www.purejewels.com\/#organization","name":"PureJewels \u0130ngiltere","url":"https:\/\/www.purejewels.com\/","logo":{"@type":"ImageObject","inLanguage":"tr","@id":"https:\/\/www.purejewels.com\/#\/schema\/logo\/image\/","url":"https:\/\/static.purejewels.com\/wp-content\/uploads\/2020\/11\/Logo-PJ-New-1.png","contentUrl":"https:\/\/static.purejewels.com\/wp-content\/uploads\/2020\/11\/Logo-PJ-New-1.png","width":150,"height":80,"caption":"PureJewels UK"},"image":{"@id":"https:\/\/www.purejewels.com\/#\/schema\/logo\/image\/"}}]}},"_links":{"self":[{"href":"https:\/\/www.purejewels.com\/tr\/wp-json\/wp\/v2\/product\/265056","targetHints":{"allow":["GET"]}}],"collection":[{"href":"https:\/\/www.purejewels.com\/tr\/wp-json\/wp\/v2\/product"}],"about":[{"href":"https:\/\/www.purejewels.com\/tr\/wp-json\/wp\/v2\/types\/product"}],"replies":[{"embeddable":true,"href":"https:\/\/www.purejewels.com\/tr\/wp-json\/wp\/v2\/comments?post=265056"}],"version-history":[{"count":2,"href":"https:\/\/www.purejewels.com\/tr\/wp-json\/wp\/v2\/product\/265056\/revisions"}],"predecessor-version":[{"id":423881,"href":"https:\/\/www.purejewels.com\/tr\/wp-json\/wp\/v2\/product\/265056\/revisions\/423881"}],"wp:featuredmedia":[{"embeddable":true,"href":"https:\/\/www.purejewels.com\/tr\/wp-json\/wp\/v2\/media\/265079"}],"wp:attachment":[{"href":"https:\/\/www.purejewels.com\/tr\/wp-json\/wp\/v2\/media?parent=265056"}],"wp:term":[{"taxonomy":"product_brand","embeddable":true,"href":"https:\/\/www.purejewels.com\/tr\/wp-json\/wp\/v2\/product_brand?post=265056"},{"taxonomy":"product_cat","embeddable":true,"href":"https:\/\/www.purejewels.com\/tr\/wp-json\/wp\/v2\/product_cat?post=265056"},{"taxonomy":"product_tag","embeddable":true,"href":"https:\/\/www.purejewels.com\/tr\/wp-json\/wp\/v2\/product_tag?post=265056"}],"curies":[{"name":"wp","href":"https:\/\/api.w.org\/{rel}","templated":true}]}}