{"id":291021,"date":"2017-11-18T14:18:39","date_gmt":"2017-11-18T14:18:39","guid":{"rendered":"https:\/\/www.purejewels.com\/product\/22ct-rose-gold-and-diamond-necklace-2\/"},"modified":"2025-11-27T08:16:14","modified_gmt":"2025-11-27T08:16:14","slug":"22-ayar-pembe-altin-ve-pirlanta-kolye-2","status":"publish","type":"product","link":"https:\/\/www.purejewels.com\/tr\/product\/22ct-rose-gold-and-diamond-necklace-2\/","title":{"rendered":"22 ayar alt\u0131n CZ Damla Gelin Kolye"},"content":{"rendered":"<p data-start=\"606\" data-end=\"866\">Zarif ve \u0131\u015f\u0131lt\u0131l\u0131, <strong data-start=\"632\" data-end=\"675\">22 ayar alt\u0131n CZ Damla Gelin Kolye<\/strong> zamans\u0131z gelinlik zarafetinin cazibesini yakalar. Y \u015feklindeki silueti, narin bir kaskad ile i\u015flenmi\u015ftir. <strong data-start=\"787\" data-end=\"814\">K\u00fcbik Zirkonya k\u00fcmeleri<\/strong>, her biri kal\u0131c\u0131 parlakl\u0131k i\u00e7in zengin 22 ayar alt\u0131nla kaplanm\u0131\u015ft\u0131r.<\/p>\n<p data-start=\"868\" data-end=\"1098\">Kolye, ortada damla \u015feklinde daralarak yumu\u015fak ve simetrik bir d\u00fc\u015f\u00fc\u015fle g\u00f6zleri \u00fczerine \u00e7ekiyor. Gelinlikler veya resmi kutlamalar i\u00e7in m\u00fckemmel bir se\u00e7im olan bu kolye, hem geleneksel hem de \u00e7a\u011fda\u015f k\u0131yafetleri kolayl\u0131kla zenginle\u015ftiriyor.<\/p>","protected":false},"excerpt":{"rendered":"<p>&nbsp;<\/p>\n<ul>\n<li style=\"list-style-type: none;\">\n<ul>\n<li>K\u00fcbik Zirkon Ta\u015fl\u0131 22 Ayar Alt\u0131n Gelin Kolyesi<\/li>\n<li>Damlac\u0131k tasar\u0131ml\u0131 zarif kolye<\/li>\n<li>\u00a013.2 gm<\/li>\n<li>T\u00fcm fiyatlara KDV dahildir<\/li>\n<li>Londra Tahlil Ofisi Taraf\u0131ndan Damgalanm\u0131\u015f 22 Ayar Alt\u0131n<\/li>\n<li>T\u00fcm Setler Sunum Kutusu ile Birlikte Gelir<\/li>\n<li>Teslimat Dahil<\/li>\n<li>Stok durumu ve stokta bulunan benzer tasar\u0131mlar\u0131n daha fazla g\u00f6r\u00fcnt\u00fcs\u00fc i\u00e7in bizimle canl\u0131 sohbet edin<\/li>\n<\/ul>\n<\/li>\n<\/ul>","protected":false},"featured_media":291205,"comment_status":"closed","ping_status":"closed","template":"","meta":{"_eb_attr":"","_crsspst_to_jayantr4sg-hostcom":false},"product_brand":[],"product_cat":[1253],"product_tag":[],"class_list":{"0":"post-291021","1":"product","2":"type-product","3":"status-publish","4":"has-post-thumbnail","6":"product_cat-gold-necklaces","8":"first","9":"outofstock","10":"taxable","11":"shipping-taxable","12":"product-type-simple","13":"add-to-wishlist-before_image"},"yoast_head":"<!-- This site is optimized with the Yoast SEO plugin v27.3 - https:\/\/yoast.com\/product\/yoast-seo-wordpress\/ -->\n<title>22ct Gold Cubic Zirconia Necklace | Bridal Design Jewellery UK<\/title>\n<meta name=\"description\" content=\"Discover our 22ct gold CZ bridal necklace with a graceful droplet design. A luminous choice for weddings and formal occasions. Shop PureJewels online.\" \/>\n<meta name=\"robots\" content=\"index, follow, max-snippet:-1, max-image-preview:large, max-video-preview:-1\" \/>\n<link rel=\"canonical\" href=\"https:\/\/www.purejewels.com\/tr\/urun\/22-ayar-pembe-altin-ve-pirlanta-kolye-2\/\" \/>\n<meta property=\"og:locale\" content=\"tr_TR\" \/>\n<meta property=\"og:type\" content=\"article\" \/>\n<meta property=\"og:title\" content=\"22ct Gold Cubic Zirconia Necklace | Bridal Design Jewellery UK\" \/>\n<meta property=\"og:description\" content=\"Discover our 22ct gold CZ bridal necklace with a graceful droplet design. A luminous choice for weddings and formal occasions. Shop PureJewels online.\" \/>\n<meta property=\"og:url\" content=\"https:\/\/www.purejewels.com\/tr\/urun\/22-ayar-pembe-altin-ve-pirlanta-kolye-2\/\" \/>\n<meta property=\"og:site_name\" content=\"PureJewels UK\" \/>\n<meta property=\"article:modified_time\" content=\"2025-11-27T08:16:14+00:00\" \/>\n<meta property=\"og:image\" content=\"https:\/\/www.purejewels.com\/wp-content\/uploads\/2017\/11\/27069-1.png\" \/>\n\t<meta property=\"og:image:width\" content=\"1000\" \/>\n\t<meta property=\"og:image:height\" content=\"1000\" \/>\n\t<meta property=\"og:image:type\" content=\"image\/png\" \/>\n<meta name=\"twitter:card\" content=\"summary_large_image\" \/>\n<meta name=\"twitter:label1\" content=\"Tahmini okuma s\u00fcresi\" \/>\n\t<meta name=\"twitter:data1\" content=\"1 dakika\" \/>\n<script type=\"application\/ld+json\" class=\"yoast-schema-graph\">{\"@context\":\"https:\\\/\\\/schema.org\",\"@graph\":[{\"@type\":[\"WebPage\",\"ItemPage\"],\"@id\":\"https:\\\/\\\/www.purejewels.com\\\/product\\\/22ct-rose-gold-and-diamond-necklace-2\\\/\",\"url\":\"https:\\\/\\\/www.purejewels.com\\\/product\\\/22ct-rose-gold-and-diamond-necklace-2\\\/\",\"name\":\"22ct Gold Cubic Zirconia Necklace | Bridal Design Jewellery UK\",\"isPartOf\":{\"@id\":\"https:\\\/\\\/www.purejewels.com\\\/#website\"},\"primaryImageOfPage\":{\"@id\":\"https:\\\/\\\/www.purejewels.com\\\/product\\\/22ct-rose-gold-and-diamond-necklace-2\\\/#primaryimage\"},\"image\":{\"@id\":\"https:\\\/\\\/www.purejewels.com\\\/product\\\/22ct-rose-gold-and-diamond-necklace-2\\\/#primaryimage\"},\"thumbnailUrl\":\"https:\\\/\\\/static.purejewels.com\\\/wp-content\\\/uploads\\\/2017\\\/11\\\/27069-1.png\",\"datePublished\":\"2017-11-18T14:18:39+00:00\",\"dateModified\":\"2025-11-27T08:16:14+00:00\",\"description\":\"Discover our 22ct gold CZ bridal necklace with a graceful droplet design. A luminous choice for weddings and formal occasions. Shop PureJewels online.\",\"breadcrumb\":{\"@id\":\"https:\\\/\\\/www.purejewels.com\\\/product\\\/22ct-rose-gold-and-diamond-necklace-2\\\/#breadcrumb\"},\"inLanguage\":\"tr\",\"potentialAction\":[{\"@type\":\"ReadAction\",\"target\":[\"https:\\\/\\\/www.purejewels.com\\\/product\\\/22ct-rose-gold-and-diamond-necklace-2\\\/\"]}]},{\"@type\":\"ImageObject\",\"inLanguage\":\"tr\",\"@id\":\"https:\\\/\\\/www.purejewels.com\\\/product\\\/22ct-rose-gold-and-diamond-necklace-2\\\/#primaryimage\",\"url\":\"https:\\\/\\\/static.purejewels.com\\\/wp-content\\\/uploads\\\/2017\\\/11\\\/27069-1.png\",\"contentUrl\":\"https:\\\/\\\/static.purejewels.com\\\/wp-content\\\/uploads\\\/2017\\\/11\\\/27069-1.png\",\"width\":1000,\"height\":1000,\"caption\":\"27069-1\"},{\"@type\":\"BreadcrumbList\",\"@id\":\"https:\\\/\\\/www.purejewels.com\\\/product\\\/22ct-rose-gold-and-diamond-necklace-2\\\/#breadcrumb\",\"itemListElement\":[{\"@type\":\"ListItem\",\"position\":1,\"name\":\"Home\",\"item\":\"https:\\\/\\\/www.purejewels.com\\\/\"},{\"@type\":\"ListItem\",\"position\":2,\"name\":\"Shop\",\"item\":\"https:\\\/\\\/www.purejewels.com\\\/shop\\\/\"},{\"@type\":\"ListItem\",\"position\":3,\"name\":\"CZ Droplet Bridal Necklace in 22ct Gold\"}]},{\"@type\":\"WebSite\",\"@id\":\"https:\\\/\\\/www.purejewels.com\\\/#website\",\"url\":\"https:\\\/\\\/www.purejewels.com\\\/\",\"name\":\"PureJewels UK\",\"description\":\"Share the Love\",\"publisher\":{\"@id\":\"https:\\\/\\\/www.purejewels.com\\\/#organization\"},\"potentialAction\":[{\"@type\":\"SearchAction\",\"target\":{\"@type\":\"EntryPoint\",\"urlTemplate\":\"https:\\\/\\\/www.purejewels.com\\\/?s={search_term_string}\"},\"query-input\":{\"@type\":\"PropertyValueSpecification\",\"valueRequired\":true,\"valueName\":\"search_term_string\"}}],\"inLanguage\":\"tr\"},{\"@type\":\"Organization\",\"@id\":\"https:\\\/\\\/www.purejewels.com\\\/#organization\",\"name\":\"PureJewels UK\",\"url\":\"https:\\\/\\\/www.purejewels.com\\\/\",\"logo\":{\"@type\":\"ImageObject\",\"inLanguage\":\"tr\",\"@id\":\"https:\\\/\\\/www.purejewels.com\\\/#\\\/schema\\\/logo\\\/image\\\/\",\"url\":\"https:\\\/\\\/static.purejewels.com\\\/wp-content\\\/uploads\\\/2020\\\/11\\\/Logo-PJ-New-1.png\",\"contentUrl\":\"https:\\\/\\\/static.purejewels.com\\\/wp-content\\\/uploads\\\/2020\\\/11\\\/Logo-PJ-New-1.png\",\"width\":150,\"height\":80,\"caption\":\"PureJewels UK\"},\"image\":{\"@id\":\"https:\\\/\\\/www.purejewels.com\\\/#\\\/schema\\\/logo\\\/image\\\/\"}}]}<\/script>\n<!-- \/ Yoast SEO plugin. -->","yoast_head_json":{"title":"22 ayar alt\u0131n k\u00fcbik zirkon kolye | Bridal Design Jewellery UK","description":"Zarif damla tasar\u0131ml\u0131 22 ayar alt\u0131n CZ gelin kolyemizi ke\u015ffedin. D\u00fc\u011f\u00fcnler ve resmi davetler i\u00e7in parlak bir se\u00e7im. PureJewels'\u0131 \u00e7evrimi\u00e7i sat\u0131n al\u0131n.","robots":{"index":"index","follow":"follow","max-snippet":"max-snippet:-1","max-image-preview":"max-image-preview:large","max-video-preview":"max-video-preview:-1"},"canonical":"https:\/\/www.purejewels.com\/tr\/urun\/22-ayar-pembe-altin-ve-pirlanta-kolye-2\/","og_locale":"tr_TR","og_type":"article","og_title":"22ct Gold Cubic Zirconia Necklace | Bridal Design Jewellery UK","og_description":"Discover our 22ct gold CZ bridal necklace with a graceful droplet design. A luminous choice for weddings and formal occasions. Shop PureJewels online.","og_url":"https:\/\/www.purejewels.com\/tr\/urun\/22-ayar-pembe-altin-ve-pirlanta-kolye-2\/","og_site_name":"PureJewels UK","article_modified_time":"2025-11-27T08:16:14+00:00","og_image":[{"width":1000,"height":1000,"url":"https:\/\/www.purejewels.com\/wp-content\/uploads\/2017\/11\/27069-1.png","type":"image\/png"}],"twitter_card":"summary_large_image","twitter_misc":{"Tahmini okuma s\u00fcresi":"1 dakika"},"schema":{"@context":"https:\/\/schema.org","@graph":[{"@type":["WebPage","ItemPage"],"@id":"https:\/\/www.purejewels.com\/product\/22ct-rose-gold-and-diamond-necklace-2\/","url":"https:\/\/www.purejewels.com\/product\/22ct-rose-gold-and-diamond-necklace-2\/","name":"22 ayar alt\u0131n k\u00fcbik zirkon kolye | Bridal Design Jewellery UK","isPartOf":{"@id":"https:\/\/www.purejewels.com\/#website"},"primaryImageOfPage":{"@id":"https:\/\/www.purejewels.com\/product\/22ct-rose-gold-and-diamond-necklace-2\/#primaryimage"},"image":{"@id":"https:\/\/www.purejewels.com\/product\/22ct-rose-gold-and-diamond-necklace-2\/#primaryimage"},"thumbnailUrl":"https:\/\/static.purejewels.com\/wp-content\/uploads\/2017\/11\/27069-1.png","datePublished":"2017-11-18T14:18:39+00:00","dateModified":"2025-11-27T08:16:14+00:00","description":"Zarif damla tasar\u0131ml\u0131 22 ayar alt\u0131n CZ gelin kolyemizi ke\u015ffedin. D\u00fc\u011f\u00fcnler ve resmi davetler i\u00e7in parlak bir se\u00e7im. PureJewels'\u0131 \u00e7evrimi\u00e7i sat\u0131n al\u0131n.","breadcrumb":{"@id":"https:\/\/www.purejewels.com\/product\/22ct-rose-gold-and-diamond-necklace-2\/#breadcrumb"},"inLanguage":"tr","potentialAction":[{"@type":"ReadAction","target":["https:\/\/www.purejewels.com\/product\/22ct-rose-gold-and-diamond-necklace-2\/"]}]},{"@type":"ImageObject","inLanguage":"tr","@id":"https:\/\/www.purejewels.com\/product\/22ct-rose-gold-and-diamond-necklace-2\/#primaryimage","url":"https:\/\/static.purejewels.com\/wp-content\/uploads\/2017\/11\/27069-1.png","contentUrl":"https:\/\/static.purejewels.com\/wp-content\/uploads\/2017\/11\/27069-1.png","width":1000,"height":1000,"caption":"27069-1"},{"@type":"BreadcrumbList","@id":"https:\/\/www.purejewels.com\/product\/22ct-rose-gold-and-diamond-necklace-2\/#breadcrumb","itemListElement":[{"@type":"ListItem","position":1,"name":"Home","item":"https:\/\/www.purejewels.com\/"},{"@type":"ListItem","position":2,"name":"Shop","item":"https:\/\/www.purejewels.com\/shop\/"},{"@type":"ListItem","position":3,"name":"CZ Droplet Bridal Necklace in 22ct Gold"}]},{"@type":"WebSite","@id":"https:\/\/www.purejewels.com\/#website","url":"https:\/\/www.purejewels.com\/","name":"PureJewels \u0130ngiltere","description":"Sevgiyi Payla\u015f\u0131n","publisher":{"@id":"https:\/\/www.purejewels.com\/#organization"},"potentialAction":[{"@type":"SearchAction","target":{"@type":"EntryPoint","urlTemplate":"https:\/\/www.purejewels.com\/?s={search_term_string}"},"query-input":{"@type":"PropertyValueSpecification","valueRequired":true,"valueName":"search_term_string"}}],"inLanguage":"tr"},{"@type":"Organization","@id":"https:\/\/www.purejewels.com\/#organization","name":"PureJewels \u0130ngiltere","url":"https:\/\/www.purejewels.com\/","logo":{"@type":"ImageObject","inLanguage":"tr","@id":"https:\/\/www.purejewels.com\/#\/schema\/logo\/image\/","url":"https:\/\/static.purejewels.com\/wp-content\/uploads\/2020\/11\/Logo-PJ-New-1.png","contentUrl":"https:\/\/static.purejewels.com\/wp-content\/uploads\/2020\/11\/Logo-PJ-New-1.png","width":150,"height":80,"caption":"PureJewels UK"},"image":{"@id":"https:\/\/www.purejewels.com\/#\/schema\/logo\/image\/"}}]}},"_links":{"self":[{"href":"https:\/\/www.purejewels.com\/tr\/wp-json\/wp\/v2\/product\/291021","targetHints":{"allow":["GET"]}}],"collection":[{"href":"https:\/\/www.purejewels.com\/tr\/wp-json\/wp\/v2\/product"}],"about":[{"href":"https:\/\/www.purejewels.com\/tr\/wp-json\/wp\/v2\/types\/product"}],"replies":[{"embeddable":true,"href":"https:\/\/www.purejewels.com\/tr\/wp-json\/wp\/v2\/comments?post=291021"}],"version-history":[{"count":2,"href":"https:\/\/www.purejewels.com\/tr\/wp-json\/wp\/v2\/product\/291021\/revisions"}],"predecessor-version":[{"id":421954,"href":"https:\/\/www.purejewels.com\/tr\/wp-json\/wp\/v2\/product\/291021\/revisions\/421954"}],"wp:featuredmedia":[{"embeddable":true,"href":"https:\/\/www.purejewels.com\/tr\/wp-json\/wp\/v2\/media\/291205"}],"wp:attachment":[{"href":"https:\/\/www.purejewels.com\/tr\/wp-json\/wp\/v2\/media?parent=291021"}],"wp:term":[{"taxonomy":"product_brand","embeddable":true,"href":"https:\/\/www.purejewels.com\/tr\/wp-json\/wp\/v2\/product_brand?post=291021"},{"taxonomy":"product_cat","embeddable":true,"href":"https:\/\/www.purejewels.com\/tr\/wp-json\/wp\/v2\/product_cat?post=291021"},{"taxonomy":"product_tag","embeddable":true,"href":"https:\/\/www.purejewels.com\/tr\/wp-json\/wp\/v2\/product_tag?post=291021"}],"curies":[{"name":"wp","href":"https:\/\/api.w.org\/{rel}","templated":true}]}}