{"id":291755,"date":"2017-11-18T17:47:18","date_gmt":"2017-11-18T17:47:18","guid":{"rendered":"https:\/\/www.purejewels.com\/product\/integral\/"},"modified":"2022-05-20T14:08:00","modified_gmt":"2022-05-20T13:08:00","slug":"integral","status":"publish","type":"product","link":"https:\/\/www.purejewels.com\/tr\/product\/integral\/","title":{"rendered":"Rado Integral Bayan Saat"},"content":{"rendered":"<p>Yetkili Rado Londra Stok\u00e7usu<\/p>\n<p>Model No R20759759<\/p>\n<p>Daha fazla Rado integral saat ke\u015ffetmek i\u00e7in bize ula\u015f\u0131n \/ bizimle sohbet edin.<\/p>","protected":false},"excerpt":{"rendered":"<div class=\"col-xs-12 col-md-6\">\n<p>Yetkili Rado Londra Stok\u00e7usu<\/p>\n<p>Model No R20759759<\/p>\n<table>\n<tbody>\n<tr>\n<td colspan=\"2\">\n<h4 class=\"head\">DURUM<\/h4>\n<\/td>\n<\/tr>\n<tr>\n<td class=\"name\">\u015eekil:<\/td>\n<td class=\"value\">Dikd\u00f6rtgen<\/td>\n<\/tr>\n<tr>\n<td class=\"name\">Bitir:<\/td>\n<td class=\"value\">Cilal\u0131<\/td>\n<\/tr>\n<tr>\n<td class=\"name\">Malzeme:<\/td>\n<td class=\"value\">Paslanmaz \u00c7elik<\/td>\n<\/tr>\n<tr>\n<td class=\"name\">Geni\u015flik:<\/td>\n<td class=\"value\">Ta\u00e7s\u0131z 19 mm<\/td>\n<\/tr>\n<tr>\n<td class=\"name\">Pabu\u00e7lu Kasa Uzunlu\u011fu:<\/td>\n<td class=\"value\">30 mm<\/td>\n<\/tr>\n<tr>\n<td class=\"name\">Su ge\u00e7irmezlik:<\/td>\n<td class=\"value\">30 m (100 fit)<\/td>\n<\/tr>\n<tr>\n<td class=\"name\">Kristal:<\/td>\n<td class=\"value\">Safir Kristal \u00c7izilmeye Dayan\u0131kl\u0131<\/td>\n<\/tr>\n<tr>\n<td class=\"name\">Kal\u0131nl\u0131k:<\/td>\n<td class=\"value\">6 mm<\/td>\n<\/tr>\n<tr>\n<td class=\"name\">Case Back:<\/td>\n<td class=\"value\">Vidal\u0131 Kapal\u0131<\/td>\n<\/tr>\n<tr>\n<td class=\"space\" colspan=\"2\"><\/td>\n<\/tr>\n<tr>\n<td colspan=\"2\">\n<h4 class=\"head\">DIAL<\/h4>\n<\/td>\n<\/tr>\n<tr>\n<td class=\"name\">Renk:<\/td>\n<td class=\"value\">Siyah<\/td>\n<\/tr>\n<tr>\n<td class=\"name\">Eller:<\/td>\n<td class=\"value\">G\u00fcm\u00fc\u015f Tonlu Eller<\/td>\n<\/tr>\n<tr>\n<td class=\"name\">\u0130\u015faretleyiciler:<\/td>\n<td class=\"value\">Elmas Saat \u0130\u015faretleri<\/td>\n<\/tr>\n<tr>\n<td class=\"name\">M\u00fccevherler:<\/td>\n<td class=\"value\">Beyaz Elmaslar<\/td>\n<\/tr>\n<tr>\n<td class=\"name\">De\u011ferli ta\u015f say\u0131s\u0131:<\/td>\n<td class=\"value\">6<\/td>\n<\/tr>\n<tr>\n<td class=\"name\">M\u00fccevher A\u011f\u0131rl\u0131\u011f\u0131:<\/td>\n<td class=\"value\">.017 ct.<\/td>\n<\/tr>\n<tr>\n<td class=\"space\" colspan=\"2\"><\/td>\n<\/tr>\n<tr>\n<td colspan=\"2\">\n<h4 class=\"head\">BEZEL<\/h4>\n<\/td>\n<\/tr>\n<tr>\n<td class=\"name\">Nitelikler:<\/td>\n<td class=\"value\">Ayna Etkisi<\/td>\n<\/tr>\n<tr>\n<td class=\"name\">Malzeme:<\/td>\n<td class=\"value\">Paslanmaz \u00c7elik<\/td>\n<\/tr>\n<tr>\n<td class=\"name\">Tip:<\/td>\n<td class=\"value\">Elmas \u00c7er\u00e7eve<\/td>\n<\/tr>\n<tr>\n<td class=\"name\">M\u00fccevherler:<\/td>\n<td class=\"value\">Beyaz Elmaslar<\/td>\n<\/tr>\n<tr>\n<td class=\"name\">M\u00fccevher Say\u0131s\u0131:<\/td>\n<td class=\"value\">46<\/td>\n<\/tr>\n<tr>\n<td class=\"name\">M\u00fccevher A\u011f\u0131rl\u0131\u011f\u0131:<\/td>\n<td class=\"value\">.133 ct.<\/td>\n<\/tr>\n<tr>\n<td class=\"space\" colspan=\"2\"><\/td>\n<\/tr>\n<\/tbody>\n<\/table>\n<\/div>\n<div class=\"col-xs-12 col-md-6\">\n<table>\n<tbody>\n<tr>\n<td colspan=\"2\">\n<h4 class=\"head\">HAREKET<\/h4>\n<\/td>\n<\/tr>\n<tr>\n<td class=\"name\">Tip:<\/td>\n<td class=\"value\">\u0130svi\u00e7re Kuvars (Pille \u00c7al\u0131\u015fan)<\/td>\n<\/tr>\n<tr>\n<td class=\"name\">Kalibre:<\/td>\n<td class=\"value\">153<\/td>\n<\/tr>\n<tr>\n<td class=\"name\">Men\u015fe \u00dclke:<\/td>\n<td class=\"value\">\u0130svi\u00e7re'de \u00fcretilmi\u015ftir<\/td>\n<\/tr>\n<tr>\n<td class=\"name\">Ta\u00e7:<\/td>\n<td class=\"value\">\u00c7ekme ve \u0130tme Tac\u0131<\/td>\n<\/tr>\n<tr>\n<td class=\"space\" colspan=\"2\"><\/td>\n<\/tr>\n<tr>\n<td colspan=\"2\">\n<h4 class=\"head\">BAND<\/h4>\n<\/td>\n<\/tr>\n<tr>\n<td class=\"name\">Bant Tipi:<\/td>\n<td class=\"value\">Bilezik<\/td>\n<\/tr>\n<tr>\n<td class=\"name\">Bant Kaplama:<\/td>\n<td class=\"value\">Cilal\u0131<\/td>\n<\/tr>\n<tr>\n<td class=\"name\">Bant Malzemesi:<\/td>\n<td class=\"value\">Paslanmaz \u00c7elik ve Seramik<\/td>\n<\/tr>\n<tr>\n<td class=\"name\">Bant Rengi:<\/td>\n<td class=\"value\">Siyah ve G\u00fcm\u00fc\u015f<\/td>\n<\/tr>\n<tr>\n<td class=\"name\">Geni\u015flik:<\/td>\n<td class=\"value\">19 mm<\/td>\n<\/tr>\n<tr>\n<td class=\"name\">Uzunluk:<\/td>\n<td class=\"value\">6,5 in\u00e7<\/td>\n<\/tr>\n<tr>\n<td class=\"name\">Toka:<\/td>\n<td class=\"value\">Basma D\u00fc\u011fmeli Titanyum \u00c7ift Katlan\u0131r Toka<\/td>\n<\/tr>\n<tr>\n<td class=\"space\" colspan=\"2\"><\/td>\n<\/tr>\n<tr>\n<td colspan=\"2\">\n<h4 class=\"head\">GEMSTONE<\/h4>\n<\/td>\n<\/tr>\n<tr>\n<td class=\"name\">De\u011ferli ta\u015flar:<\/td>\n<td class=\"value\">Beyaz Elmaslar<\/td>\n<\/tr>\n<tr>\n<td class=\"name\">Toplam Miktar:<\/td>\n<td class=\"value\">52<\/td>\n<\/tr>\n<tr>\n<td class=\"name\">Toplam Karat A\u011f\u0131rl\u0131\u011f\u0131:<\/td>\n<td class=\"value\">.15 ctw.<\/td>\n<\/tr>\n<\/tbody>\n<\/table>\n<\/div>","protected":false},"featured_media":297630,"comment_status":"closed","ping_status":"closed","template":"","meta":{"_eb_attr":"","_crsspst_to_jayantr4sg-hostcom":false},"product_brand":[],"product_cat":[1559,1788,1207,1574],"product_tag":[],"class_list":{"0":"post-291755","1":"product","2":"type-product","3":"status-publish","4":"has-post-thumbnail","6":"product_cat-birthday-gifts","7":"product_cat-ladies-watches","8":"product_cat-watches","9":"product_cat-womens-jewellery","11":"first","12":"outofstock","13":"sale","14":"taxable","15":"shipping-taxable","16":"product-type-simple","17":"add-to-wishlist-before_image"},"yoast_head":"<!-- This site is optimized with the Yoast SEO plugin v27.3 - https:\/\/yoast.com\/product\/yoast-seo-wordpress\/ -->\n<title>Rado Integral Ladies Watch - PureJewels UK<\/title>\n<meta name=\"robots\" content=\"noindex, follow\" \/>\n<meta property=\"og:locale\" content=\"tr_TR\" \/>\n<meta property=\"og:type\" content=\"article\" \/>\n<meta property=\"og:title\" content=\"Rado Integral Ladies Watch - PureJewels UK\" \/>\n<meta property=\"og:description\" content=\"Authorised Rado London Stockist  Model No\u00a0 R20759759     CASE    Shape: Rectangular   Finish: Polished   Material: Stainless Steel   Width: 19 mm without crown   Case Length with Lugs: 30 mm   Water Resistance: 30 m (100 feet)   Crystal: Sapphire Crystal Scratch Resistant   Thickness: 6 mm   Case Back: Screw-In Closed       DIAL    Color: Black   Hands: Silver Tone Hands   Markers: Diamond Hour Markers   Gems: White Diamonds   Gemstone Count: 6   Gems Weight: .017 ct.       BEZEL    Attributes: Mirror Effect   Material: Stainless Steel   Type: Diamond Bezel   Gems: White Diamonds   Gems Count: 46   Gems Weight: .133 ct.             MOVEMENT    Type: Swiss Quartz (Battery-Powered)   Caliber: 153   Country Of Origin: Made in Switzerland   Crown: Pull and Push Crown       BAND    Band Type: Bracelet   Band Finish: Polished   Band Material: Stainless Steel and Ceramic   Band Color: Black and Silver   Width: 19 mm   Length: 6.5 inches   Clasp: Titanium Double Folding Clasp with Push Button       GEMSTONE    Gemstones: White Diamonds   Total Quantity: 52   Total Carat Weight: .15 ctw.\" \/>\n<meta property=\"og:url\" content=\"https:\/\/www.purejewels.com\/tr\/urun\/integral\/\" \/>\n<meta property=\"og:site_name\" content=\"PureJewels UK\" \/>\n<meta property=\"article:modified_time\" content=\"2022-05-20T13:08:00+00:00\" \/>\n<meta property=\"og:image\" content=\"https:\/\/www.purejewels.com\/wp-content\/uploads\/2017\/12\/xR20759759.png\" \/>\n\t<meta property=\"og:image:width\" content=\"1000\" \/>\n\t<meta property=\"og:image:height\" content=\"1000\" \/>\n\t<meta property=\"og:image:type\" content=\"image\/png\" \/>\n<meta name=\"twitter:card\" content=\"summary_large_image\" \/>\n<script type=\"application\/ld+json\" class=\"yoast-schema-graph\">{\"@context\":\"https:\\\/\\\/schema.org\",\"@graph\":[{\"@type\":[\"WebPage\",\"ItemPage\"],\"@id\":\"https:\\\/\\\/www.purejewels.com\\\/product\\\/integral\\\/\",\"url\":\"https:\\\/\\\/www.purejewels.com\\\/product\\\/integral\\\/\",\"name\":\"Rado Integral Ladies Watch - PureJewels UK\",\"isPartOf\":{\"@id\":\"https:\\\/\\\/www.purejewels.com\\\/#website\"},\"primaryImageOfPage\":{\"@id\":\"https:\\\/\\\/www.purejewels.com\\\/product\\\/integral\\\/#primaryimage\"},\"image\":{\"@id\":\"https:\\\/\\\/www.purejewels.com\\\/product\\\/integral\\\/#primaryimage\"},\"thumbnailUrl\":\"https:\\\/\\\/static.purejewels.com\\\/wp-content\\\/uploads\\\/2017\\\/12\\\/xR20759759.png\",\"datePublished\":\"2017-11-18T17:47:18+00:00\",\"dateModified\":\"2022-05-20T13:08:00+00:00\",\"breadcrumb\":{\"@id\":\"https:\\\/\\\/www.purejewels.com\\\/product\\\/integral\\\/#breadcrumb\"},\"inLanguage\":\"tr\",\"potentialAction\":[{\"@type\":\"ReadAction\",\"target\":[\"https:\\\/\\\/www.purejewels.com\\\/product\\\/integral\\\/\"]}]},{\"@type\":\"ImageObject\",\"inLanguage\":\"tr\",\"@id\":\"https:\\\/\\\/www.purejewels.com\\\/product\\\/integral\\\/#primaryimage\",\"url\":\"https:\\\/\\\/static.purejewels.com\\\/wp-content\\\/uploads\\\/2017\\\/12\\\/xR20759759.png\",\"contentUrl\":\"https:\\\/\\\/static.purejewels.com\\\/wp-content\\\/uploads\\\/2017\\\/12\\\/xR20759759.png\",\"width\":1000,\"height\":1000,\"caption\":\"xR20759759\"},{\"@type\":\"BreadcrumbList\",\"@id\":\"https:\\\/\\\/www.purejewels.com\\\/product\\\/integral\\\/#breadcrumb\",\"itemListElement\":[{\"@type\":\"ListItem\",\"position\":1,\"name\":\"Home\",\"item\":\"https:\\\/\\\/www.purejewels.com\\\/\"},{\"@type\":\"ListItem\",\"position\":2,\"name\":\"Shop\",\"item\":\"https:\\\/\\\/www.purejewels.com\\\/shop\\\/\"},{\"@type\":\"ListItem\",\"position\":3,\"name\":\"Rado Integral Ladies Watch\"}]},{\"@type\":\"WebSite\",\"@id\":\"https:\\\/\\\/www.purejewels.com\\\/#website\",\"url\":\"https:\\\/\\\/www.purejewels.com\\\/\",\"name\":\"PureJewels UK\",\"description\":\"Share the Love\",\"publisher\":{\"@id\":\"https:\\\/\\\/www.purejewels.com\\\/#organization\"},\"potentialAction\":[{\"@type\":\"SearchAction\",\"target\":{\"@type\":\"EntryPoint\",\"urlTemplate\":\"https:\\\/\\\/www.purejewels.com\\\/?s={search_term_string}\"},\"query-input\":{\"@type\":\"PropertyValueSpecification\",\"valueRequired\":true,\"valueName\":\"search_term_string\"}}],\"inLanguage\":\"tr\"},{\"@type\":\"Organization\",\"@id\":\"https:\\\/\\\/www.purejewels.com\\\/#organization\",\"name\":\"PureJewels UK\",\"url\":\"https:\\\/\\\/www.purejewels.com\\\/\",\"logo\":{\"@type\":\"ImageObject\",\"inLanguage\":\"tr\",\"@id\":\"https:\\\/\\\/www.purejewels.com\\\/#\\\/schema\\\/logo\\\/image\\\/\",\"url\":\"https:\\\/\\\/static.purejewels.com\\\/wp-content\\\/uploads\\\/2020\\\/11\\\/Logo-PJ-New-1.png\",\"contentUrl\":\"https:\\\/\\\/static.purejewels.com\\\/wp-content\\\/uploads\\\/2020\\\/11\\\/Logo-PJ-New-1.png\",\"width\":150,\"height\":80,\"caption\":\"PureJewels UK\"},\"image\":{\"@id\":\"https:\\\/\\\/www.purejewels.com\\\/#\\\/schema\\\/logo\\\/image\\\/\"}}]}<\/script>\n<!-- \/ Yoast SEO plugin. -->","yoast_head_json":{"title":"Rado Integral Bayan Saat - PureJewels UK","robots":{"index":"noindex","follow":"follow"},"og_locale":"tr_TR","og_type":"article","og_title":"Rado Integral Ladies Watch - PureJewels UK","og_description":"Authorised Rado London Stockist  Model No\u00a0 R20759759     CASE    Shape: Rectangular   Finish: Polished   Material: Stainless Steel   Width: 19 mm without crown   Case Length with Lugs: 30 mm   Water Resistance: 30 m (100 feet)   Crystal: Sapphire Crystal Scratch Resistant   Thickness: 6 mm   Case Back: Screw-In Closed       DIAL    Color: Black   Hands: Silver Tone Hands   Markers: Diamond Hour Markers   Gems: White Diamonds   Gemstone Count: 6   Gems Weight: .017 ct.       BEZEL    Attributes: Mirror Effect   Material: Stainless Steel   Type: Diamond Bezel   Gems: White Diamonds   Gems Count: 46   Gems Weight: .133 ct.             MOVEMENT    Type: Swiss Quartz (Battery-Powered)   Caliber: 153   Country Of Origin: Made in Switzerland   Crown: Pull and Push Crown       BAND    Band Type: Bracelet   Band Finish: Polished   Band Material: Stainless Steel and Ceramic   Band Color: Black and Silver   Width: 19 mm   Length: 6.5 inches   Clasp: Titanium Double Folding Clasp with Push Button       GEMSTONE    Gemstones: White Diamonds   Total Quantity: 52   Total Carat Weight: .15 ctw.","og_url":"https:\/\/www.purejewels.com\/tr\/urun\/integral\/","og_site_name":"PureJewels UK","article_modified_time":"2022-05-20T13:08:00+00:00","og_image":[{"width":1000,"height":1000,"url":"https:\/\/www.purejewels.com\/wp-content\/uploads\/2017\/12\/xR20759759.png","type":"image\/png"}],"twitter_card":"summary_large_image","schema":{"@context":"https:\/\/schema.org","@graph":[{"@type":["WebPage","ItemPage"],"@id":"https:\/\/www.purejewels.com\/product\/integral\/","url":"https:\/\/www.purejewels.com\/product\/integral\/","name":"Rado Integral Bayan Saat - PureJewels UK","isPartOf":{"@id":"https:\/\/www.purejewels.com\/#website"},"primaryImageOfPage":{"@id":"https:\/\/www.purejewels.com\/product\/integral\/#primaryimage"},"image":{"@id":"https:\/\/www.purejewels.com\/product\/integral\/#primaryimage"},"thumbnailUrl":"https:\/\/static.purejewels.com\/wp-content\/uploads\/2017\/12\/xR20759759.png","datePublished":"2017-11-18T17:47:18+00:00","dateModified":"2022-05-20T13:08:00+00:00","breadcrumb":{"@id":"https:\/\/www.purejewels.com\/product\/integral\/#breadcrumb"},"inLanguage":"tr","potentialAction":[{"@type":"ReadAction","target":["https:\/\/www.purejewels.com\/product\/integral\/"]}]},{"@type":"ImageObject","inLanguage":"tr","@id":"https:\/\/www.purejewels.com\/product\/integral\/#primaryimage","url":"https:\/\/static.purejewels.com\/wp-content\/uploads\/2017\/12\/xR20759759.png","contentUrl":"https:\/\/static.purejewels.com\/wp-content\/uploads\/2017\/12\/xR20759759.png","width":1000,"height":1000,"caption":"xR20759759"},{"@type":"BreadcrumbList","@id":"https:\/\/www.purejewels.com\/product\/integral\/#breadcrumb","itemListElement":[{"@type":"ListItem","position":1,"name":"Home","item":"https:\/\/www.purejewels.com\/"},{"@type":"ListItem","position":2,"name":"Shop","item":"https:\/\/www.purejewels.com\/shop\/"},{"@type":"ListItem","position":3,"name":"Rado Integral Ladies Watch"}]},{"@type":"WebSite","@id":"https:\/\/www.purejewels.com\/#website","url":"https:\/\/www.purejewels.com\/","name":"PureJewels \u0130ngiltere","description":"Sevgiyi Payla\u015f\u0131n","publisher":{"@id":"https:\/\/www.purejewels.com\/#organization"},"potentialAction":[{"@type":"SearchAction","target":{"@type":"EntryPoint","urlTemplate":"https:\/\/www.purejewels.com\/?s={search_term_string}"},"query-input":{"@type":"PropertyValueSpecification","valueRequired":true,"valueName":"search_term_string"}}],"inLanguage":"tr"},{"@type":"Organization","@id":"https:\/\/www.purejewels.com\/#organization","name":"PureJewels \u0130ngiltere","url":"https:\/\/www.purejewels.com\/","logo":{"@type":"ImageObject","inLanguage":"tr","@id":"https:\/\/www.purejewels.com\/#\/schema\/logo\/image\/","url":"https:\/\/static.purejewels.com\/wp-content\/uploads\/2020\/11\/Logo-PJ-New-1.png","contentUrl":"https:\/\/static.purejewels.com\/wp-content\/uploads\/2020\/11\/Logo-PJ-New-1.png","width":150,"height":80,"caption":"PureJewels UK"},"image":{"@id":"https:\/\/www.purejewels.com\/#\/schema\/logo\/image\/"}}]}},"_links":{"self":[{"href":"https:\/\/www.purejewels.com\/tr\/wp-json\/wp\/v2\/product\/291755","targetHints":{"allow":["GET"]}}],"collection":[{"href":"https:\/\/www.purejewels.com\/tr\/wp-json\/wp\/v2\/product"}],"about":[{"href":"https:\/\/www.purejewels.com\/tr\/wp-json\/wp\/v2\/types\/product"}],"replies":[{"embeddable":true,"href":"https:\/\/www.purejewels.com\/tr\/wp-json\/wp\/v2\/comments?post=291755"}],"version-history":[{"count":0,"href":"https:\/\/www.purejewels.com\/tr\/wp-json\/wp\/v2\/product\/291755\/revisions"}],"wp:featuredmedia":[{"embeddable":true,"href":"https:\/\/www.purejewels.com\/tr\/wp-json\/wp\/v2\/media\/297630"}],"wp:attachment":[{"href":"https:\/\/www.purejewels.com\/tr\/wp-json\/wp\/v2\/media?parent=291755"}],"wp:term":[{"taxonomy":"product_brand","embeddable":true,"href":"https:\/\/www.purejewels.com\/tr\/wp-json\/wp\/v2\/product_brand?post=291755"},{"taxonomy":"product_cat","embeddable":true,"href":"https:\/\/www.purejewels.com\/tr\/wp-json\/wp\/v2\/product_cat?post=291755"},{"taxonomy":"product_tag","embeddable":true,"href":"https:\/\/www.purejewels.com\/tr\/wp-json\/wp\/v2\/product_tag?post=291755"}],"curies":[{"name":"wp","href":"https:\/\/api.w.org\/{rel}","templated":true}]}}