{"id":291756,"date":"2017-11-18T17:47:18","date_gmt":"2017-11-18T17:47:18","guid":{"rendered":"https:\/\/www.purejewels.com\/product\/centrix\/"},"modified":"2022-05-20T14:08:14","modified_gmt":"2022-05-20T13:08:14","slug":"centrix","status":"publish","type":"product","link":"https:\/\/www.purejewels.com\/tr\/product\/centrix\/","title":{"rendered":"Rado Centrix A\u00e7\u0131k Kalp Kad\u0131n Saati"},"content":{"rendered":"<p>Rado Centrix A\u00e7\u0131k Kalp Kad\u0131n Saati<\/p>\n<p>Model no R30246712<\/p>\n<p>Yetkili Rado Londra Stok\u00e7usuyuz<\/p>\n<p>T\u00fcm Rado kad\u0131n saatleri bir sunum kutusu ile birlikte gelir<\/p>\n<p>T\u00fcm fiyatlara KDV ve \u0130ngiltere'de \u00fccretsiz teslimat dahildir<\/p>\n<table class=\"field-group-format group_watch_features_display\">\n<tbody>\n<tr>\n<th class=\"field-label\">BOYUT<\/th>\n<td class=\"field-content\">\n<div class=\"field field-name-field-watch-dimensions field-type-text field-label-hidden\">\n<div class=\"field-items\">\n<div class=\"field-item even\">33.0<\/div>\n<\/div>\n<\/div>\n<\/td>\n<\/tr>\n<tr>\n<th class=\"field-label\">HAREKET<\/th>\n<td class=\"field-content\">\n<div class=\"field field-name-field-watch-movement field-type-taxonomy-term-reference field-label-hidden\">\n<div class=\"field-items\">\n<div class=\"field-item even\">Otomatik<\/div>\n<\/div>\n<\/div>\n<\/td>\n<\/tr>\n<tr>\n<th class=\"field-label\">KASA &amp; BEZEL<\/th>\n<td class=\"field-content\">\n<div class=\"field field-name-field-watch-case field-type-text field-label-hidden\">\n<div class=\"field-items\">\n<div class=\"field-item even\">Paslanmaz \u00e7elik \/ PVD<\/div>\n<\/div>\n<\/div>\n<\/td>\n<\/tr>\n<tr>\n<th class=\"field-label field-label-hidden\"><\/th>\n<td class=\"field-content\">\n<div class=\"field field-name-field-watch-case-transparent field-type-text field-label-hidden\">\n<div class=\"field-items\">\n<div class=\"field-item even\">\u015eeffaf safir kasa arkas\u0131<\/div>\n<\/div>\n<\/div>\n<\/td>\n<\/tr>\n<tr>\n<th class=\"field-label\"><a href=\"https:\/\/www.purejewels.com\/tr\/product-category\/22ct-gold-jewellery\/gold-bracelet\/\">B\u0130LEKL\u0130K<\/a><\/th>\n<td class=\"field-content\">\n<div class=\"field field-name-field-watches-bracelet field-type-text field-label-hidden\">\n<div class=\"field-items\">\n<div class=\"field-item even\">Y\u00fcksek teknoloji seramik, Paslanmaz \u00e7elik \/ PVD<\/div>\n<\/div>\n<\/div>\n<\/td>\n<\/tr>\n<tr>\n<th class=\"field-label\">DIAL<\/th>\n<td class=\"field-content\">\n<div class=\"field field-name-field-watch-dial field-type-taxonomy-term-reference field-label-hidden\">\n<div class=\"field-items\">\n<div class=\"field-item even\">Karanl\u0131k<\/div>\n<\/div>\n<\/div>\n<\/td>\n<\/tr>\n<tr>\n<th class=\"field-label\">KR\u0130STAL<\/th>\n<td class=\"field-content\">\n<div class=\"field field-name-field-watch-crystal field-type-text field-label-hidden\">\n<div class=\"field-items\">\n<div class=\"field-item even\">Safir kristal<\/div>\n<\/div>\n<\/div>\n<\/td>\n<\/tr>\n<tr>\n<th class=\"field-label\">SUYA DAYANIKLILIK<\/th>\n<td class=\"field-content\">\n<div class=\"field field-name-field-watch-water-resistance field-type-text field-label-hidden\">\n<div class=\"field-items\">\n<div class=\"field-item even\">Suya dayan\u0131kl\u0131 3 bar (30 m)<\/div>\n<\/div>\n<\/div>\n<\/td>\n<\/tr>\n<tr>\n<th class=\"field-label\">M\u00dcCEVHERLER<\/th>\n<td class=\"field-content\">\n<div class=\"field field-name-field-watch-case-diamonds field-type-text field-label-hidden\">\n<div class=\"field-items\">\n<div class=\"field-item even\">7 p\u0131rlanta, 0,027 karat 5 p\u0131rlanta, 0,010 karat<\/div>\n<\/div>\n<\/div>\n<\/td>\n<\/tr>\n<\/tbody>\n<\/table>","protected":false},"excerpt":{"rendered":"<p>Rado Centrix A\u00e7\u0131k Kalp Kad\u0131n Saati<\/p>\n<p>Model no R30246712<\/p>\n<p>Yetkili Rado Londra Stok\u00e7usuyuz<\/p>\n<p>T\u00fcm Rado kad\u0131n saatleri bir sunum kutusu ile birlikte gelir<\/p>\n<p>T\u00fcm fiyatlara KDV ve \u0130ngiltere'de \u00fccretsiz teslimat dahildir<\/p>\n<table class=\"field-group-format group_watch_features_display\">\n<tbody>\n<tr>\n<th class=\"field-label\">BOYUT<\/th>\n<td class=\"field-content\">\n<div class=\"field field-name-field-watch-dimensions field-type-text field-label-hidden\">\n<div class=\"field-items\">\n<div class=\"field-item even\">33.0<\/div>\n<\/div>\n<\/div>\n<\/td>\n<\/tr>\n<tr>\n<th class=\"field-label\">HAREKET<\/th>\n<td class=\"field-content\">\n<div class=\"field field-name-field-watch-movement field-type-taxonomy-term-reference field-label-hidden\">\n<div class=\"field-items\">\n<div class=\"field-item even\">Otomatik<\/div>\n<\/div>\n<\/div>\n<\/td>\n<\/tr>\n<tr>\n<th class=\"field-label\">KASA &amp; BEZEL<\/th>\n<td class=\"field-content\">\n<div class=\"field field-name-field-watch-case field-type-text field-label-hidden\">\n<div class=\"field-items\">\n<div class=\"field-item even\">Paslanmaz \u00e7elik \/ PVD<\/div>\n<\/div>\n<\/div>\n<\/td>\n<\/tr>\n<tr>\n<th class=\"field-label field-label-hidden\"><\/th>\n<td class=\"field-content\">\n<div class=\"field field-name-field-watch-case-transparent field-type-text field-label-hidden\">\n<div class=\"field-items\">\n<div class=\"field-item even\">\u015eeffaf safir kasa arkas\u0131<\/div>\n<\/div>\n<\/div>\n<\/td>\n<\/tr>\n<tr>\n<th class=\"field-label\">B\u0130LEKL\u0130K<\/th>\n<td class=\"field-content\">\n<div class=\"field field-name-field-watches-bracelet field-type-text field-label-hidden\">\n<div class=\"field-items\">\n<div class=\"field-item even\">Y\u00fcksek teknoloji seramik, Paslanmaz \u00e7elik \/ PVD<\/div>\n<\/div>\n<\/div>\n<\/td>\n<\/tr>\n<tr>\n<th class=\"field-label\">DIAL<\/th>\n<td class=\"field-content\">\n<div class=\"field field-name-field-watch-dial field-type-taxonomy-term-reference field-label-hidden\">\n<div class=\"field-items\">\n<div class=\"field-item even\">Karanl\u0131k<\/div>\n<\/div>\n<\/div>\n<\/td>\n<\/tr>\n<tr>\n<th class=\"field-label\">KR\u0130STAL<\/th>\n<td class=\"field-content\">\n<div class=\"field field-name-field-watch-crystal field-type-text field-label-hidden\">\n<div class=\"field-items\">\n<div class=\"field-item even\">Safir kristal<\/div>\n<\/div>\n<\/div>\n<\/td>\n<\/tr>\n<tr>\n<th class=\"field-label\">SUYA DAYANIKLILIK<\/th>\n<td class=\"field-content\">\n<div class=\"field field-name-field-watch-water-resistance field-type-text field-label-hidden\">\n<div class=\"field-items\">\n<div class=\"field-item even\">Suya dayan\u0131kl\u0131 3 bar (30 m)<\/div>\n<\/div>\n<\/div>\n<\/td>\n<\/tr>\n<tr>\n<th class=\"field-label\">M\u00dcCEVHERLER<\/th>\n<td class=\"field-content\">\n<div class=\"field field-name-field-watch-case-diamonds field-type-text field-label-hidden\">\n<div class=\"field-items\">\n<div class=\"field-item even\">7 p\u0131rlanta, 0,027 karat 5 p\u0131rlanta, 0,010 karat<\/div>\n<\/div>\n<\/div>\n<\/td>\n<\/tr>\n<\/tbody>\n<\/table>","protected":false},"featured_media":297631,"comment_status":"closed","ping_status":"closed","template":"","meta":{"_eb_attr":"","_crsspst_to_jayantr4sg-hostcom":false},"product_brand":[],"product_cat":[1559,1788,1573,1574],"product_tag":[],"class_list":{"0":"post-291756","1":"product","2":"type-product","3":"status-publish","4":"has-post-thumbnail","6":"product_cat-birthday-gifts","7":"product_cat-ladies-watches","8":"product_cat-wedding-gifts","9":"product_cat-womens-jewellery","11":"first","12":"outofstock","13":"taxable","14":"shipping-taxable","15":"product-type-simple","16":"add-to-wishlist-before_image"},"yoast_head":"<!-- This site is optimized with the Yoast SEO plugin v27.3 - https:\/\/yoast.com\/product\/yoast-seo-wordpress\/ -->\n<title>Centrix Automatic Diamonds Open Heart in Yellow<\/title>\n<meta name=\"robots\" content=\"noindex, follow\" \/>\n<meta property=\"og:locale\" content=\"tr_TR\" \/>\n<meta property=\"og:type\" content=\"article\" \/>\n<meta property=\"og:title\" content=\"Centrix Automatic Diamonds Open Heart in Yellow\" \/>\n<meta property=\"og:description\" content=\"Rado Centrix Open Heart Women Watch  Model no\u00a0R30246712  We are Authorised Rado London Stockist  All Rado watches for women Comes with a presentation Box  All price include Vat and free delivery in Uk    SIZE    33.0     MOVEMENT    Automatic     CASE &amp; BEZEL    Stainless steel \/ PVD         Transparent sapphire case back     BRACELET    High-tech ceramic, Stainless steel \/ PVD     DIAL    Dark     CRYSTAL    Sapphire crystal     WATER RESISTANCE    Water-resistant 3 bar (30 m)     JEWELS    7 diamonds, 0.027 carat 5 diamonds, 0.010 carat\" \/>\n<meta property=\"og:url\" content=\"https:\/\/www.purejewels.com\/tr\/urun\/centrix\/\" \/>\n<meta property=\"og:site_name\" content=\"PureJewels UK\" \/>\n<meta property=\"article:modified_time\" content=\"2022-05-20T13:08:14+00:00\" \/>\n<meta property=\"og:image\" content=\"https:\/\/www.purejewels.com\/wp-content\/uploads\/2017\/12\/xR30246712.png\" \/>\n\t<meta property=\"og:image:width\" content=\"1000\" \/>\n\t<meta property=\"og:image:height\" content=\"1000\" \/>\n\t<meta property=\"og:image:type\" content=\"image\/png\" \/>\n<meta name=\"twitter:card\" content=\"summary_large_image\" \/>\n<script type=\"application\/ld+json\" class=\"yoast-schema-graph\">{\"@context\":\"https:\\\/\\\/schema.org\",\"@graph\":[{\"@type\":[\"WebPage\",\"ItemPage\"],\"@id\":\"https:\\\/\\\/www.purejewels.com\\\/product\\\/centrix\\\/\",\"url\":\"https:\\\/\\\/www.purejewels.com\\\/product\\\/centrix\\\/\",\"name\":\"Centrix Automatic Diamonds Open Heart in Yellow\",\"isPartOf\":{\"@id\":\"https:\\\/\\\/www.purejewels.com\\\/#website\"},\"primaryImageOfPage\":{\"@id\":\"https:\\\/\\\/www.purejewels.com\\\/product\\\/centrix\\\/#primaryimage\"},\"image\":{\"@id\":\"https:\\\/\\\/www.purejewels.com\\\/product\\\/centrix\\\/#primaryimage\"},\"thumbnailUrl\":\"https:\\\/\\\/static.purejewels.com\\\/wp-content\\\/uploads\\\/2017\\\/12\\\/xR30246712.png\",\"datePublished\":\"2017-11-18T17:47:18+00:00\",\"dateModified\":\"2022-05-20T13:08:14+00:00\",\"breadcrumb\":{\"@id\":\"https:\\\/\\\/www.purejewels.com\\\/product\\\/centrix\\\/#breadcrumb\"},\"inLanguage\":\"tr\",\"potentialAction\":[{\"@type\":\"ReadAction\",\"target\":[\"https:\\\/\\\/www.purejewels.com\\\/product\\\/centrix\\\/\"]}]},{\"@type\":\"ImageObject\",\"inLanguage\":\"tr\",\"@id\":\"https:\\\/\\\/www.purejewels.com\\\/product\\\/centrix\\\/#primaryimage\",\"url\":\"https:\\\/\\\/static.purejewels.com\\\/wp-content\\\/uploads\\\/2017\\\/12\\\/xR30246712.png\",\"contentUrl\":\"https:\\\/\\\/static.purejewels.com\\\/wp-content\\\/uploads\\\/2017\\\/12\\\/xR30246712.png\",\"width\":1000,\"height\":1000,\"caption\":\"xR30246712\"},{\"@type\":\"BreadcrumbList\",\"@id\":\"https:\\\/\\\/www.purejewels.com\\\/product\\\/centrix\\\/#breadcrumb\",\"itemListElement\":[{\"@type\":\"ListItem\",\"position\":1,\"name\":\"Home\",\"item\":\"https:\\\/\\\/www.purejewels.com\\\/\"},{\"@type\":\"ListItem\",\"position\":2,\"name\":\"Shop\",\"item\":\"https:\\\/\\\/www.purejewels.com\\\/shop\\\/\"},{\"@type\":\"ListItem\",\"position\":3,\"name\":\"Rado Centrix Open Heart Women Watch\"}]},{\"@type\":\"WebSite\",\"@id\":\"https:\\\/\\\/www.purejewels.com\\\/#website\",\"url\":\"https:\\\/\\\/www.purejewels.com\\\/\",\"name\":\"PureJewels UK\",\"description\":\"Share the Love\",\"publisher\":{\"@id\":\"https:\\\/\\\/www.purejewels.com\\\/#organization\"},\"potentialAction\":[{\"@type\":\"SearchAction\",\"target\":{\"@type\":\"EntryPoint\",\"urlTemplate\":\"https:\\\/\\\/www.purejewels.com\\\/?s={search_term_string}\"},\"query-input\":{\"@type\":\"PropertyValueSpecification\",\"valueRequired\":true,\"valueName\":\"search_term_string\"}}],\"inLanguage\":\"tr\"},{\"@type\":\"Organization\",\"@id\":\"https:\\\/\\\/www.purejewels.com\\\/#organization\",\"name\":\"PureJewels UK\",\"url\":\"https:\\\/\\\/www.purejewels.com\\\/\",\"logo\":{\"@type\":\"ImageObject\",\"inLanguage\":\"tr\",\"@id\":\"https:\\\/\\\/www.purejewels.com\\\/#\\\/schema\\\/logo\\\/image\\\/\",\"url\":\"https:\\\/\\\/static.purejewels.com\\\/wp-content\\\/uploads\\\/2020\\\/11\\\/Logo-PJ-New-1.png\",\"contentUrl\":\"https:\\\/\\\/static.purejewels.com\\\/wp-content\\\/uploads\\\/2020\\\/11\\\/Logo-PJ-New-1.png\",\"width\":150,\"height\":80,\"caption\":\"PureJewels UK\"},\"image\":{\"@id\":\"https:\\\/\\\/www.purejewels.com\\\/#\\\/schema\\\/logo\\\/image\\\/\"}}]}<\/script>\n<!-- \/ Yoast SEO plugin. -->","yoast_head_json":{"title":"Centrix Otomatik P\u0131rlantal\u0131 A\u00e7\u0131k Kalp Sar\u0131","robots":{"index":"noindex","follow":"follow"},"og_locale":"tr_TR","og_type":"article","og_title":"Centrix Automatic Diamonds Open Heart in Yellow","og_description":"Rado Centrix Open Heart Women Watch  Model no\u00a0R30246712  We are Authorised Rado London Stockist  All Rado watches for women Comes with a presentation Box  All price include Vat and free delivery in Uk    SIZE    33.0     MOVEMENT    Automatic     CASE &amp; BEZEL    Stainless steel \/ PVD         Transparent sapphire case back     BRACELET    High-tech ceramic, Stainless steel \/ PVD     DIAL    Dark     CRYSTAL    Sapphire crystal     WATER RESISTANCE    Water-resistant 3 bar (30 m)     JEWELS    7 diamonds, 0.027 carat 5 diamonds, 0.010 carat","og_url":"https:\/\/www.purejewels.com\/tr\/urun\/centrix\/","og_site_name":"PureJewels UK","article_modified_time":"2022-05-20T13:08:14+00:00","og_image":[{"width":1000,"height":1000,"url":"https:\/\/www.purejewels.com\/wp-content\/uploads\/2017\/12\/xR30246712.png","type":"image\/png"}],"twitter_card":"summary_large_image","schema":{"@context":"https:\/\/schema.org","@graph":[{"@type":["WebPage","ItemPage"],"@id":"https:\/\/www.purejewels.com\/product\/centrix\/","url":"https:\/\/www.purejewels.com\/product\/centrix\/","name":"Centrix Otomatik P\u0131rlantal\u0131 A\u00e7\u0131k Kalp Sar\u0131","isPartOf":{"@id":"https:\/\/www.purejewels.com\/#website"},"primaryImageOfPage":{"@id":"https:\/\/www.purejewels.com\/product\/centrix\/#primaryimage"},"image":{"@id":"https:\/\/www.purejewels.com\/product\/centrix\/#primaryimage"},"thumbnailUrl":"https:\/\/static.purejewels.com\/wp-content\/uploads\/2017\/12\/xR30246712.png","datePublished":"2017-11-18T17:47:18+00:00","dateModified":"2022-05-20T13:08:14+00:00","breadcrumb":{"@id":"https:\/\/www.purejewels.com\/product\/centrix\/#breadcrumb"},"inLanguage":"tr","potentialAction":[{"@type":"ReadAction","target":["https:\/\/www.purejewels.com\/product\/centrix\/"]}]},{"@type":"ImageObject","inLanguage":"tr","@id":"https:\/\/www.purejewels.com\/product\/centrix\/#primaryimage","url":"https:\/\/static.purejewels.com\/wp-content\/uploads\/2017\/12\/xR30246712.png","contentUrl":"https:\/\/static.purejewels.com\/wp-content\/uploads\/2017\/12\/xR30246712.png","width":1000,"height":1000,"caption":"xR30246712"},{"@type":"BreadcrumbList","@id":"https:\/\/www.purejewels.com\/product\/centrix\/#breadcrumb","itemListElement":[{"@type":"ListItem","position":1,"name":"Home","item":"https:\/\/www.purejewels.com\/"},{"@type":"ListItem","position":2,"name":"Shop","item":"https:\/\/www.purejewels.com\/shop\/"},{"@type":"ListItem","position":3,"name":"Rado Centrix Open Heart Women Watch"}]},{"@type":"WebSite","@id":"https:\/\/www.purejewels.com\/#website","url":"https:\/\/www.purejewels.com\/","name":"PureJewels \u0130ngiltere","description":"Sevgiyi Payla\u015f\u0131n","publisher":{"@id":"https:\/\/www.purejewels.com\/#organization"},"potentialAction":[{"@type":"SearchAction","target":{"@type":"EntryPoint","urlTemplate":"https:\/\/www.purejewels.com\/?s={search_term_string}"},"query-input":{"@type":"PropertyValueSpecification","valueRequired":true,"valueName":"search_term_string"}}],"inLanguage":"tr"},{"@type":"Organization","@id":"https:\/\/www.purejewels.com\/#organization","name":"PureJewels \u0130ngiltere","url":"https:\/\/www.purejewels.com\/","logo":{"@type":"ImageObject","inLanguage":"tr","@id":"https:\/\/www.purejewels.com\/#\/schema\/logo\/image\/","url":"https:\/\/static.purejewels.com\/wp-content\/uploads\/2020\/11\/Logo-PJ-New-1.png","contentUrl":"https:\/\/static.purejewels.com\/wp-content\/uploads\/2020\/11\/Logo-PJ-New-1.png","width":150,"height":80,"caption":"PureJewels UK"},"image":{"@id":"https:\/\/www.purejewels.com\/#\/schema\/logo\/image\/"}}]}},"_links":{"self":[{"href":"https:\/\/www.purejewels.com\/tr\/wp-json\/wp\/v2\/product\/291756","targetHints":{"allow":["GET"]}}],"collection":[{"href":"https:\/\/www.purejewels.com\/tr\/wp-json\/wp\/v2\/product"}],"about":[{"href":"https:\/\/www.purejewels.com\/tr\/wp-json\/wp\/v2\/types\/product"}],"replies":[{"embeddable":true,"href":"https:\/\/www.purejewels.com\/tr\/wp-json\/wp\/v2\/comments?post=291756"}],"version-history":[{"count":0,"href":"https:\/\/www.purejewels.com\/tr\/wp-json\/wp\/v2\/product\/291756\/revisions"}],"wp:featuredmedia":[{"embeddable":true,"href":"https:\/\/www.purejewels.com\/tr\/wp-json\/wp\/v2\/media\/297631"}],"wp:attachment":[{"href":"https:\/\/www.purejewels.com\/tr\/wp-json\/wp\/v2\/media?parent=291756"}],"wp:term":[{"taxonomy":"product_brand","embeddable":true,"href":"https:\/\/www.purejewels.com\/tr\/wp-json\/wp\/v2\/product_brand?post=291756"},{"taxonomy":"product_cat","embeddable":true,"href":"https:\/\/www.purejewels.com\/tr\/wp-json\/wp\/v2\/product_cat?post=291756"},{"taxonomy":"product_tag","embeddable":true,"href":"https:\/\/www.purejewels.com\/tr\/wp-json\/wp\/v2\/product_tag?post=291756"}],"curies":[{"name":"wp","href":"https:\/\/api.w.org\/{rel}","templated":true}]}}