{"id":291757,"date":"2017-11-18T17:47:19","date_gmt":"2017-11-18T17:47:19","guid":{"rendered":"https:\/\/www.purejewels.com\/product\/centrix-2\/"},"modified":"2022-05-20T14:05:43","modified_gmt":"2022-05-20T13:05:43","slug":"centrix-2","status":"publish","type":"product","link":"https:\/\/www.purejewels.com\/tr\/product\/centrix-2\/","title":{"rendered":"Rado Centrix Erkek Saati"},"content":{"rendered":"<p>Yetkili Rado Londra Stok\u00e7usu<\/p>\n<p>Model no R30554103<\/p>\n<table class=\"field-group-format group_watch_features_display\">\n<tbody>\n<tr>\n<th class=\"field-label\">BOYUT<\/th>\n<td class=\"field-content\">\n<div class=\"field field-name-field-watch-dimensions field-type-text field-label-hidden\">\n<div class=\"field-items\">\n<div class=\"field-item even\">38.0<\/div>\n<\/div>\n<\/div>\n<\/td>\n<\/tr>\n<tr>\n<th class=\"field-label\">HAREKET<\/th>\n<td class=\"field-content\">\n<div class=\"field field-name-field-watch-movement field-type-taxonomy-term-reference field-label-hidden\">\n<div class=\"field-items\">\n<div class=\"field-item even\">Kuvars<\/div>\n<\/div>\n<\/div>\n<\/td>\n<\/tr>\n<tr>\n<th class=\"field-label\">KASA &amp; BEZEL<\/th>\n<td class=\"field-content\">\n<div class=\"field field-name-field-watch-case field-type-text field-label-hidden\">\n<div class=\"field-items\">\n<div class=\"field-item even\">Paslanmaz \u00e7elik \/ PVD<\/div>\n<\/div>\n<\/div>\n<\/td>\n<\/tr>\n<tr>\n<th class=\"field-label\"><a href=\"https:\/\/www.purejewels.com\/tr\/product-category\/22ct-gold-jewellery\/gold-bracelet\/\">B\u0130LEKL\u0130K<\/a><\/th>\n<td class=\"field-content\">\n<div class=\"field field-name-field-watches-bracelet field-type-text field-label-hidden\">\n<div class=\"field-items\">\n<div class=\"field-item even\">Paslanmaz \u00e7elik \/ PVD, Paslanmaz \u00e7elik<\/div>\n<\/div>\n<\/div>\n<\/td>\n<\/tr>\n<tr>\n<th class=\"field-label\">DIAL<\/th>\n<td class=\"field-content\">\n<div class=\"field field-name-field-watch-dial field-type-taxonomy-term-reference field-label-hidden\">\n<div class=\"field-items\">\n<div class=\"field-item even\">I\u015f\u0131k<\/div>\n<\/div>\n<\/div>\n<\/td>\n<\/tr>\n<tr>\n<th class=\"field-label\">KR\u0130STAL<\/th>\n<td class=\"field-content\">\n<div class=\"field field-name-field-watch-crystal field-type-text field-label-hidden\">\n<div class=\"field-items\">\n<div class=\"field-item even\">Safir kristal<\/div>\n<\/div>\n<\/div>\n<\/td>\n<\/tr>\n<tr>\n<th class=\"field-label\">SUYA DAYANIKLILIK<\/th>\n<td class=\"field-content\">\n<div class=\"field field-name-field-watch-water-resistance field-type-text field-label-hidden\">\n<div class=\"field-items\">\n<div class=\"field-item even\">Suya dayan\u0131kl\u0131 3 bar (30 m)<\/div>\n<\/div>\n<\/div>\n<\/td>\n<\/tr>\n<\/tbody>\n<\/table>","protected":false},"excerpt":{"rendered":"<p>Yetkili Rado Londra Stok\u00e7usu<\/p>\n<table class=\"field-group-format group_watch_features_display\">\n<tbody>\n<tr>\n<th class=\"field-label\">BOYUT<\/th>\n<td class=\"field-content\">\n<div class=\"field field-name-field-watch-dimensions field-type-text field-label-hidden\">\n<div class=\"field-items\">\n<div class=\"field-item even\">38.0<\/div>\n<\/div>\n<\/div>\n<\/td>\n<\/tr>\n<tr>\n<th class=\"field-label\">HAREKET<\/th>\n<td class=\"field-content\">\n<div class=\"field field-name-field-watch-movement field-type-taxonomy-term-reference field-label-hidden\">\n<div class=\"field-items\">\n<div class=\"field-item even\">Kuvars<\/div>\n<\/div>\n<\/div>\n<\/td>\n<\/tr>\n<tr>\n<th class=\"field-label\">KASA &amp; BEZEL<\/th>\n<td class=\"field-content\">\n<div class=\"field field-name-field-watch-case field-type-text field-label-hidden\">\n<div class=\"field-items\">\n<div class=\"field-item even\">Paslanmaz \u00e7elik \/ PVD<\/div>\n<\/div>\n<\/div>\n<\/td>\n<\/tr>\n<tr>\n<th class=\"field-label\">B\u0130LEKL\u0130K<\/th>\n<td class=\"field-content\">\n<div class=\"field field-name-field-watches-bracelet field-type-text field-label-hidden\">\n<div class=\"field-items\">\n<div class=\"field-item even\">Paslanmaz \u00e7elik \/ PVD, Paslanmaz \u00e7elik<\/div>\n<\/div>\n<\/div>\n<\/td>\n<\/tr>\n<tr>\n<th class=\"field-label\">DIAL<\/th>\n<td class=\"field-content\">\n<div class=\"field field-name-field-watch-dial field-type-taxonomy-term-reference field-label-hidden\">\n<div class=\"field-items\">\n<div class=\"field-item even\">I\u015f\u0131k<\/div>\n<\/div>\n<\/div>\n<\/td>\n<\/tr>\n<tr>\n<th class=\"field-label\">KR\u0130STAL<\/th>\n<td class=\"field-content\">\n<div class=\"field field-name-field-watch-crystal field-type-text field-label-hidden\">\n<div class=\"field-items\">\n<div class=\"field-item even\">Safir kristal<\/div>\n<\/div>\n<\/div>\n<\/td>\n<\/tr>\n<tr>\n<th class=\"field-label\">SUYA DAYANIKLILIK<\/th>\n<td class=\"field-content\">\n<div class=\"field field-name-field-watch-water-resistance field-type-text field-label-hidden\">\n<div class=\"field-items\">\n<div class=\"field-item even\">Suya dayan\u0131kl\u0131 3 bar (30 m)<\/div>\n<\/div>\n<\/div>\n<\/td>\n<\/tr>\n<\/tbody>\n<\/table>","protected":false},"featured_media":297634,"comment_status":"closed","ping_status":"closed","template":"","meta":{"_eb_attr":"","_crsspst_to_jayantr4sg-hostcom":false},"product_brand":[],"product_cat":[1789,1572],"product_tag":[],"class_list":{"0":"post-291757","1":"product","2":"type-product","3":"status-publish","4":"has-post-thumbnail","6":"product_cat-gents-watches","7":"product_cat-mens-jewellery","9":"first","10":"outofstock","11":"featured","12":"taxable","13":"shipping-taxable","14":"product-type-simple","15":"add-to-wishlist-before_image"},"yoast_head":"<!-- This site is optimized with the Yoast SEO plugin v27.3 - https:\/\/yoast.com\/product\/yoast-seo-wordpress\/ -->\n<title>Rado Centrix R30554103 from PureJewels.com Jewellery<\/title>\n<meta name=\"robots\" content=\"noindex, follow\" \/>\n<meta property=\"og:locale\" content=\"tr_TR\" \/>\n<meta property=\"og:type\" content=\"article\" \/>\n<meta property=\"og:title\" content=\"Rado Centrix R30554103 from PureJewels.com Jewellery\" \/>\n<meta property=\"og:description\" content=\"Authorised Rado London Stockist    SIZE    38.0     MOVEMENT    Quartz     CASE &amp; BEZEL    Stainless steel \/ PVD     BRACELET    Stainless steel \/ PVD, Stainless steel     DIAL    Light     CRYSTAL    Sapphire crystal     WATER RESISTANCE    Water-resistant 3 bar (30 m)\" \/>\n<meta property=\"og:url\" content=\"https:\/\/www.purejewels.com\/tr\/urun\/centrix-2\/\" \/>\n<meta property=\"og:site_name\" content=\"PureJewels UK\" \/>\n<meta property=\"article:modified_time\" content=\"2022-05-20T13:05:43+00:00\" \/>\n<meta property=\"og:image\" content=\"https:\/\/www.purejewels.com\/wp-content\/uploads\/2017\/12\/xR30554103.png\" \/>\n\t<meta property=\"og:image:width\" content=\"1000\" \/>\n\t<meta property=\"og:image:height\" content=\"1000\" \/>\n\t<meta property=\"og:image:type\" content=\"image\/png\" \/>\n<meta name=\"twitter:card\" content=\"summary_large_image\" \/>\n<script type=\"application\/ld+json\" class=\"yoast-schema-graph\">{\"@context\":\"https:\\\/\\\/schema.org\",\"@graph\":[{\"@type\":[\"WebPage\",\"ItemPage\"],\"@id\":\"https:\\\/\\\/www.purejewels.com\\\/product\\\/centrix-2\\\/\",\"url\":\"https:\\\/\\\/www.purejewels.com\\\/product\\\/centrix-2\\\/\",\"name\":\"Rado Centrix R30554103 from PureJewels.com Jewellery\",\"isPartOf\":{\"@id\":\"https:\\\/\\\/www.purejewels.com\\\/#website\"},\"primaryImageOfPage\":{\"@id\":\"https:\\\/\\\/www.purejewels.com\\\/product\\\/centrix-2\\\/#primaryimage\"},\"image\":{\"@id\":\"https:\\\/\\\/www.purejewels.com\\\/product\\\/centrix-2\\\/#primaryimage\"},\"thumbnailUrl\":\"https:\\\/\\\/static.purejewels.com\\\/wp-content\\\/uploads\\\/2017\\\/12\\\/xR30554103.png\",\"datePublished\":\"2017-11-18T17:47:19+00:00\",\"dateModified\":\"2022-05-20T13:05:43+00:00\",\"breadcrumb\":{\"@id\":\"https:\\\/\\\/www.purejewels.com\\\/product\\\/centrix-2\\\/#breadcrumb\"},\"inLanguage\":\"tr\",\"potentialAction\":[{\"@type\":\"ReadAction\",\"target\":[\"https:\\\/\\\/www.purejewels.com\\\/product\\\/centrix-2\\\/\"]}]},{\"@type\":\"ImageObject\",\"inLanguage\":\"tr\",\"@id\":\"https:\\\/\\\/www.purejewels.com\\\/product\\\/centrix-2\\\/#primaryimage\",\"url\":\"https:\\\/\\\/static.purejewels.com\\\/wp-content\\\/uploads\\\/2017\\\/12\\\/xR30554103.png\",\"contentUrl\":\"https:\\\/\\\/static.purejewels.com\\\/wp-content\\\/uploads\\\/2017\\\/12\\\/xR30554103.png\",\"width\":1000,\"height\":1000,\"caption\":\"xR30554103\"},{\"@type\":\"BreadcrumbList\",\"@id\":\"https:\\\/\\\/www.purejewels.com\\\/product\\\/centrix-2\\\/#breadcrumb\",\"itemListElement\":[{\"@type\":\"ListItem\",\"position\":1,\"name\":\"Home\",\"item\":\"https:\\\/\\\/www.purejewels.com\\\/\"},{\"@type\":\"ListItem\",\"position\":2,\"name\":\"Shop\",\"item\":\"https:\\\/\\\/www.purejewels.com\\\/shop\\\/\"},{\"@type\":\"ListItem\",\"position\":3,\"name\":\"Rado Centrix Mens Watch\"}]},{\"@type\":\"WebSite\",\"@id\":\"https:\\\/\\\/www.purejewels.com\\\/#website\",\"url\":\"https:\\\/\\\/www.purejewels.com\\\/\",\"name\":\"PureJewels UK\",\"description\":\"Share the Love\",\"publisher\":{\"@id\":\"https:\\\/\\\/www.purejewels.com\\\/#organization\"},\"potentialAction\":[{\"@type\":\"SearchAction\",\"target\":{\"@type\":\"EntryPoint\",\"urlTemplate\":\"https:\\\/\\\/www.purejewels.com\\\/?s={search_term_string}\"},\"query-input\":{\"@type\":\"PropertyValueSpecification\",\"valueRequired\":true,\"valueName\":\"search_term_string\"}}],\"inLanguage\":\"tr\"},{\"@type\":\"Organization\",\"@id\":\"https:\\\/\\\/www.purejewels.com\\\/#organization\",\"name\":\"PureJewels UK\",\"url\":\"https:\\\/\\\/www.purejewels.com\\\/\",\"logo\":{\"@type\":\"ImageObject\",\"inLanguage\":\"tr\",\"@id\":\"https:\\\/\\\/www.purejewels.com\\\/#\\\/schema\\\/logo\\\/image\\\/\",\"url\":\"https:\\\/\\\/static.purejewels.com\\\/wp-content\\\/uploads\\\/2020\\\/11\\\/Logo-PJ-New-1.png\",\"contentUrl\":\"https:\\\/\\\/static.purejewels.com\\\/wp-content\\\/uploads\\\/2020\\\/11\\\/Logo-PJ-New-1.png\",\"width\":150,\"height\":80,\"caption\":\"PureJewels UK\"},\"image\":{\"@id\":\"https:\\\/\\\/www.purejewels.com\\\/#\\\/schema\\\/logo\\\/image\\\/\"}}]}<\/script>\n<!-- \/ Yoast SEO plugin. -->","yoast_head_json":{"title":"PureJewels.com Jewellery'den Rado Centrix R30554103","robots":{"index":"noindex","follow":"follow"},"og_locale":"tr_TR","og_type":"article","og_title":"Rado Centrix R30554103 from PureJewels.com Jewellery","og_description":"Authorised Rado London Stockist    SIZE    38.0     MOVEMENT    Quartz     CASE &amp; BEZEL    Stainless steel \/ PVD     BRACELET    Stainless steel \/ PVD, Stainless steel     DIAL    Light     CRYSTAL    Sapphire crystal     WATER RESISTANCE    Water-resistant 3 bar (30 m)","og_url":"https:\/\/www.purejewels.com\/tr\/urun\/centrix-2\/","og_site_name":"PureJewels UK","article_modified_time":"2022-05-20T13:05:43+00:00","og_image":[{"width":1000,"height":1000,"url":"https:\/\/www.purejewels.com\/wp-content\/uploads\/2017\/12\/xR30554103.png","type":"image\/png"}],"twitter_card":"summary_large_image","schema":{"@context":"https:\/\/schema.org","@graph":[{"@type":["WebPage","ItemPage"],"@id":"https:\/\/www.purejewels.com\/product\/centrix-2\/","url":"https:\/\/www.purejewels.com\/product\/centrix-2\/","name":"PureJewels.com Jewellery'den Rado Centrix R30554103","isPartOf":{"@id":"https:\/\/www.purejewels.com\/#website"},"primaryImageOfPage":{"@id":"https:\/\/www.purejewels.com\/product\/centrix-2\/#primaryimage"},"image":{"@id":"https:\/\/www.purejewels.com\/product\/centrix-2\/#primaryimage"},"thumbnailUrl":"https:\/\/static.purejewels.com\/wp-content\/uploads\/2017\/12\/xR30554103.png","datePublished":"2017-11-18T17:47:19+00:00","dateModified":"2022-05-20T13:05:43+00:00","breadcrumb":{"@id":"https:\/\/www.purejewels.com\/product\/centrix-2\/#breadcrumb"},"inLanguage":"tr","potentialAction":[{"@type":"ReadAction","target":["https:\/\/www.purejewels.com\/product\/centrix-2\/"]}]},{"@type":"ImageObject","inLanguage":"tr","@id":"https:\/\/www.purejewels.com\/product\/centrix-2\/#primaryimage","url":"https:\/\/static.purejewels.com\/wp-content\/uploads\/2017\/12\/xR30554103.png","contentUrl":"https:\/\/static.purejewels.com\/wp-content\/uploads\/2017\/12\/xR30554103.png","width":1000,"height":1000,"caption":"xR30554103"},{"@type":"BreadcrumbList","@id":"https:\/\/www.purejewels.com\/product\/centrix-2\/#breadcrumb","itemListElement":[{"@type":"ListItem","position":1,"name":"Home","item":"https:\/\/www.purejewels.com\/"},{"@type":"ListItem","position":2,"name":"Shop","item":"https:\/\/www.purejewels.com\/shop\/"},{"@type":"ListItem","position":3,"name":"Rado Centrix Mens Watch"}]},{"@type":"WebSite","@id":"https:\/\/www.purejewels.com\/#website","url":"https:\/\/www.purejewels.com\/","name":"PureJewels \u0130ngiltere","description":"Sevgiyi Payla\u015f\u0131n","publisher":{"@id":"https:\/\/www.purejewels.com\/#organization"},"potentialAction":[{"@type":"SearchAction","target":{"@type":"EntryPoint","urlTemplate":"https:\/\/www.purejewels.com\/?s={search_term_string}"},"query-input":{"@type":"PropertyValueSpecification","valueRequired":true,"valueName":"search_term_string"}}],"inLanguage":"tr"},{"@type":"Organization","@id":"https:\/\/www.purejewels.com\/#organization","name":"PureJewels \u0130ngiltere","url":"https:\/\/www.purejewels.com\/","logo":{"@type":"ImageObject","inLanguage":"tr","@id":"https:\/\/www.purejewels.com\/#\/schema\/logo\/image\/","url":"https:\/\/static.purejewels.com\/wp-content\/uploads\/2020\/11\/Logo-PJ-New-1.png","contentUrl":"https:\/\/static.purejewels.com\/wp-content\/uploads\/2020\/11\/Logo-PJ-New-1.png","width":150,"height":80,"caption":"PureJewels UK"},"image":{"@id":"https:\/\/www.purejewels.com\/#\/schema\/logo\/image\/"}}]}},"_links":{"self":[{"href":"https:\/\/www.purejewels.com\/tr\/wp-json\/wp\/v2\/product\/291757","targetHints":{"allow":["GET"]}}],"collection":[{"href":"https:\/\/www.purejewels.com\/tr\/wp-json\/wp\/v2\/product"}],"about":[{"href":"https:\/\/www.purejewels.com\/tr\/wp-json\/wp\/v2\/types\/product"}],"replies":[{"embeddable":true,"href":"https:\/\/www.purejewels.com\/tr\/wp-json\/wp\/v2\/comments?post=291757"}],"version-history":[{"count":0,"href":"https:\/\/www.purejewels.com\/tr\/wp-json\/wp\/v2\/product\/291757\/revisions"}],"wp:featuredmedia":[{"embeddable":true,"href":"https:\/\/www.purejewels.com\/tr\/wp-json\/wp\/v2\/media\/297634"}],"wp:attachment":[{"href":"https:\/\/www.purejewels.com\/tr\/wp-json\/wp\/v2\/media?parent=291757"}],"wp:term":[{"taxonomy":"product_brand","embeddable":true,"href":"https:\/\/www.purejewels.com\/tr\/wp-json\/wp\/v2\/product_brand?post=291757"},{"taxonomy":"product_cat","embeddable":true,"href":"https:\/\/www.purejewels.com\/tr\/wp-json\/wp\/v2\/product_cat?post=291757"},{"taxonomy":"product_tag","embeddable":true,"href":"https:\/\/www.purejewels.com\/tr\/wp-json\/wp\/v2\/product_tag?post=291757"}],"curies":[{"name":"wp","href":"https:\/\/api.w.org\/{rel}","templated":true}]}}