{"id":297638,"date":"2017-12-02T14:35:33","date_gmt":"2017-12-02T14:35:33","guid":{"rendered":"https:\/\/www.purejewels.com\/product\/pearl-earstud\/"},"modified":"2025-12-18T04:36:45","modified_gmt":"2025-12-18T04:36:45","slug":"inci-kulaklik","status":"publish","type":"product","link":"https:\/\/www.purejewels.com\/tr\/product\/pearl-earstud\/","title":{"rendered":"18 ayar alt\u0131n Japon Akoya inci k\u00fcpe"},"content":{"rendered":"<p data-start=\"243\" data-end=\"525\">Zamans\u0131z zarafet, bu zarif \u00fcr\u00fcnlerde Japon i\u015f\u00e7ili\u011fiyle bulu\u015fuyor. <a href=\"https:\/\/www.purejewels.com\/tr\/product\/18ct-white-gold-khanda-sikh-religious-pendant-6226\/\">18ct<\/a> Alt\u0131n Japon Akoya \u0130nci K\u00fcpe. Ola\u011fan\u00fcst\u00fc parlakl\u0131\u011f\u0131, simetrisi ve do\u011fal \u0131\u015f\u0131lt\u0131s\u0131 nedeniyle \u00f6zenle se\u00e7ilen her bir Akoya inci, zarif ve \u00e7ok y\u00f6nl\u00fc bir g\u00f6r\u00fcn\u00fcm yaratmak i\u00e7in s\u0131cak 18 ayar alt\u0131nla i\u015flenmi\u015ftir.<\/p>\n<p data-start=\"527\" data-end=\"800\">Ayna gibi parlakl\u0131\u011f\u0131 ve zarif g\u00f6r\u00fcn\u00fcm\u00fcyle tan\u0131nan Akoya incileri, sofistike bir tarz\u0131n simgesidir \u2014 g\u00fcnl\u00fck \u015f\u0131kl\u0131k veya anlaml\u0131 bir hediye i\u00e7in idealdir. Tek ba\u015f\u0131na veya di\u011fer inci tak\u0131larla birlikte tak\u0131ld\u0131\u011f\u0131nda, bu k\u00fcpeler safl\u0131\u011f\u0131, zarafeti ve kal\u0131c\u0131 g\u00fczelli\u011fi kutlar.<\/p>\n<p data-start=\"802\" data-end=\"960\">Her bir \u00e7ift, orijinalli\u011fi i\u00e7in damgal\u0131d\u0131r ve \u00f6zel anlar\u0131n\u0131z\u0131 sade bir l\u00fcksle ta\u00e7land\u0131rmaya haz\u0131r, PureJewels imzal\u0131 sunum kutumuzda teslim edilir.<\/p>","protected":false},"excerpt":{"rendered":"<p>Narin bir \u0131\u015f\u0131lt\u0131ya sahip olan bu 18 ayar alt\u0131n saplama k\u00fcpeler, ayna gibi parlakl\u0131\u011f\u0131 ve m\u00fckemmel yuvarlakl\u0131\u011f\u0131yla \u00fcnl\u00fc birinci s\u0131n\u0131f Japon Akoya incileriyle s\u00fcslenmi\u015ftir. Her m\u00fccevher koleksiyonunun vazge\u00e7ilmez klasi\u011fi olan bu k\u00fcpeler, zarif, rafine ve do\u011fal bir \u015f\u0131kl\u0131\u011fa sahiptir.<\/p>\n<ul>\n<li>Japon Akoya \u0130nci Kulak \u00c7\u0131t\u00e7\u0131t<\/li>\n<li>18ct M\u00fccevherat<\/li>\n<li>SKU 25795<\/li>\n<li>T\u00fcm fiyatlara KDV dahildir<\/li>\n<li>T\u00fcm \u00dcr\u00fcnlerimiz Londra Tahlil Ofisi Taraf\u0131ndan Damgalanm\u0131\u015ft\u0131r<\/li>\n<li>T\u00fcm Setler Sunum Kutusu ile Birlikte Gelir<\/li>\n<li>Teslimat Dahil<\/li>\n<li>Bu \u00fcr\u00fcn\u00fcn videosu i\u00e7in bize ula\u015f\u0131n \/ bizimle canl\u0131 sohbet edin<\/li>\n<\/ul>","protected":false},"featured_media":313176,"comment_status":"closed","ping_status":"closed","template":"","meta":{"_eb_attr":"","_crsspst_to_jayantr4sg-hostcom":false},"product_brand":[],"product_cat":[1559,1576,1254,1577,1569],"product_tag":[66],"class_list":{"0":"post-297638","1":"product","2":"type-product","3":"status-publish","4":"has-post-thumbnail","6":"product_cat-birthday-gifts","7":"product_cat-childrens-jewellery","8":"product_cat-gold-earrings","9":"product_cat-stud-earrings","10":"product_cat-valentine-day-gifts","11":"product_tag-earrings","13":"first","14":"outofstock","15":"taxable","16":"shipping-taxable","17":"product-type-simple","18":"add-to-wishlist-before_image"},"yoast_head":"<!-- This site is optimized with the Yoast SEO plugin v27.6 - https:\/\/yoast.com\/product\/yoast-seo-wordpress\/ -->\n<title>Elegant Akoya Pearl Earrings in 18ct Gold \u2013 Timeless Luxury<\/title>\n<meta name=\"description\" content=\"Shop elegant 18ct Gold Japanese Akoya Pearl Stud Earrings at PureJewels. Timeless, radiant, and perfect for everyday luxury or gifting. Free UK delivery.\" \/>\n<meta name=\"robots\" content=\"index, follow, max-snippet:-1, max-image-preview:large, max-video-preview:-1\" \/>\n<link rel=\"canonical\" href=\"https:\/\/www.purejewels.com\/tr\/urun\/inci-kulaklik\/\" \/>\n<meta property=\"og:locale\" content=\"tr_TR\" \/>\n<meta property=\"og:type\" content=\"article\" \/>\n<meta property=\"og:title\" content=\"Elegant Akoya Pearl Earrings in 18ct Gold \u2013 Timeless Luxury\" \/>\n<meta property=\"og:description\" content=\"Shop elegant 18ct Gold Japanese Akoya Pearl Stud Earrings at PureJewels. Timeless, radiant, and perfect for everyday luxury or gifting. Free UK delivery.\" \/>\n<meta property=\"og:url\" content=\"https:\/\/www.purejewels.com\/tr\/urun\/inci-kulaklik\/\" \/>\n<meta property=\"og:site_name\" content=\"PureJewels UK\" \/>\n<meta property=\"article:modified_time\" content=\"2025-12-18T04:36:45+00:00\" \/>\n<meta property=\"og:image\" content=\"https:\/\/static.purejewels.com\/wp-content\/uploads\/2020\/03\/137481052.png\" \/>\n\t<meta property=\"og:image:width\" content=\"1000\" \/>\n\t<meta property=\"og:image:height\" content=\"1000\" \/>\n\t<meta property=\"og:image:type\" content=\"image\/png\" \/>\n<meta name=\"twitter:card\" content=\"summary_large_image\" \/>\n<meta name=\"twitter:label1\" content=\"Tahmini okuma s\u00fcresi\" \/>\n\t<meta name=\"twitter:data1\" content=\"1 dakika\" \/>\n<script type=\"application\/ld+json\" class=\"yoast-schema-graph\">{\"@context\":\"https:\\\/\\\/schema.org\",\"@graph\":[{\"@type\":[\"WebPage\",\"ItemPage\"],\"@id\":\"https:\\\/\\\/www.purejewels.com\\\/product\\\/pearl-earstud\\\/\",\"url\":\"https:\\\/\\\/www.purejewels.com\\\/product\\\/pearl-earstud\\\/\",\"name\":\"Elegant Akoya Pearl Earrings in 18ct Gold \u2013 Timeless Luxury\",\"isPartOf\":{\"@id\":\"https:\\\/\\\/www.purejewels.com\\\/#website\"},\"primaryImageOfPage\":{\"@id\":\"https:\\\/\\\/www.purejewels.com\\\/product\\\/pearl-earstud\\\/#primaryimage\"},\"image\":{\"@id\":\"https:\\\/\\\/www.purejewels.com\\\/product\\\/pearl-earstud\\\/#primaryimage\"},\"thumbnailUrl\":\"https:\\\/\\\/static.purejewels.com\\\/wp-content\\\/uploads\\\/2020\\\/03\\\/137481052.png\",\"datePublished\":\"2017-12-02T14:35:33+00:00\",\"dateModified\":\"2025-12-18T04:36:45+00:00\",\"description\":\"Shop elegant 18ct Gold Japanese Akoya Pearl Stud Earrings at PureJewels. Timeless, radiant, and perfect for everyday luxury or gifting. Free UK delivery.\",\"breadcrumb\":{\"@id\":\"https:\\\/\\\/www.purejewels.com\\\/product\\\/pearl-earstud\\\/#breadcrumb\"},\"inLanguage\":\"tr\",\"potentialAction\":[{\"@type\":\"ReadAction\",\"target\":[\"https:\\\/\\\/www.purejewels.com\\\/product\\\/pearl-earstud\\\/\"]}]},{\"@type\":\"ImageObject\",\"inLanguage\":\"tr\",\"@id\":\"https:\\\/\\\/www.purejewels.com\\\/product\\\/pearl-earstud\\\/#primaryimage\",\"url\":\"https:\\\/\\\/static.purejewels.com\\\/wp-content\\\/uploads\\\/2020\\\/03\\\/137481052.png\",\"contentUrl\":\"https:\\\/\\\/static.purejewels.com\\\/wp-content\\\/uploads\\\/2020\\\/03\\\/137481052.png\",\"width\":1000,\"height\":1000,\"caption\":\"Japanese Akoya Pearl Ear stud18ct JewelleryAll prices include VATAll Our Products are Hallmarked by London Assay OfficeAll Sets Comes With Presentation BoxDelivery IncludedContact us\\\/live chat with us for the video of\u00a0 this product\"},{\"@type\":\"BreadcrumbList\",\"@id\":\"https:\\\/\\\/www.purejewels.com\\\/product\\\/pearl-earstud\\\/#breadcrumb\",\"itemListElement\":[{\"@type\":\"ListItem\",\"position\":1,\"name\":\"Home\",\"item\":\"https:\\\/\\\/www.purejewels.com\\\/\"},{\"@type\":\"ListItem\",\"position\":2,\"name\":\"Shop\",\"item\":\"https:\\\/\\\/www.purejewels.com\\\/shop\\\/\"},{\"@type\":\"ListItem\",\"position\":3,\"name\":\"18ct Gold Japanese Akoya Pearl Stud Earrings\"}]},{\"@type\":\"WebSite\",\"@id\":\"https:\\\/\\\/www.purejewels.com\\\/#website\",\"url\":\"https:\\\/\\\/www.purejewels.com\\\/\",\"name\":\"PureJewels UK\",\"description\":\"Share the Love\",\"publisher\":{\"@id\":\"https:\\\/\\\/www.purejewels.com\\\/#organization\"},\"potentialAction\":[{\"@type\":\"SearchAction\",\"target\":{\"@type\":\"EntryPoint\",\"urlTemplate\":\"https:\\\/\\\/www.purejewels.com\\\/?s={search_term_string}\"},\"query-input\":{\"@type\":\"PropertyValueSpecification\",\"valueRequired\":true,\"valueName\":\"search_term_string\"}}],\"inLanguage\":\"tr\"},{\"@type\":\"Organization\",\"@id\":\"https:\\\/\\\/www.purejewels.com\\\/#organization\",\"name\":\"PureJewels UK\",\"url\":\"https:\\\/\\\/www.purejewels.com\\\/\",\"logo\":{\"@type\":\"ImageObject\",\"inLanguage\":\"tr\",\"@id\":\"https:\\\/\\\/www.purejewels.com\\\/#\\\/schema\\\/logo\\\/image\\\/\",\"url\":\"https:\\\/\\\/static.purejewels.com\\\/wp-content\\\/uploads\\\/2020\\\/11\\\/Logo-PJ-New-1.png\",\"contentUrl\":\"https:\\\/\\\/static.purejewels.com\\\/wp-content\\\/uploads\\\/2020\\\/11\\\/Logo-PJ-New-1.png\",\"width\":150,\"height\":80,\"caption\":\"PureJewels UK\"},\"image\":{\"@id\":\"https:\\\/\\\/www.purejewels.com\\\/#\\\/schema\\\/logo\\\/image\\\/\"}}]}<\/script>\n<!-- \/ Yoast SEO plugin. -->","yoast_head_json":{"title":"18 ayar alt\u0131n zarif Akoya inci k\u00fcpeler \u2013 Zamans\u0131z l\u00fcks","description":"PureJewels'da zarif 18 ayar alt\u0131n Japon Akoya inci k\u00fcpe sat\u0131n al\u0131n. Zamans\u0131z, \u0131\u015f\u0131lt\u0131l\u0131 ve g\u00fcnl\u00fck l\u00fcks veya hediye i\u00e7in m\u00fckemmel. \u0130ngiltere'ye \u00fccretsiz teslimat.","robots":{"index":"index","follow":"follow","max-snippet":"max-snippet:-1","max-image-preview":"max-image-preview:large","max-video-preview":"max-video-preview:-1"},"canonical":"https:\/\/www.purejewels.com\/tr\/urun\/inci-kulaklik\/","og_locale":"tr_TR","og_type":"article","og_title":"Elegant Akoya Pearl Earrings in 18ct Gold \u2013 Timeless Luxury","og_description":"Shop elegant 18ct Gold Japanese Akoya Pearl Stud Earrings at PureJewels. Timeless, radiant, and perfect for everyday luxury or gifting. Free UK delivery.","og_url":"https:\/\/www.purejewels.com\/tr\/urun\/inci-kulaklik\/","og_site_name":"PureJewels UK","article_modified_time":"2025-12-18T04:36:45+00:00","og_image":[{"width":1000,"height":1000,"url":"https:\/\/static.purejewels.com\/wp-content\/uploads\/2020\/03\/137481052.png","type":"image\/png"}],"twitter_card":"summary_large_image","twitter_misc":{"Tahmini okuma s\u00fcresi":"1 dakika"},"schema":{"@context":"https:\/\/schema.org","@graph":[{"@type":["WebPage","ItemPage"],"@id":"https:\/\/www.purejewels.com\/product\/pearl-earstud\/","url":"https:\/\/www.purejewels.com\/product\/pearl-earstud\/","name":"18 ayar alt\u0131n zarif Akoya inci k\u00fcpeler \u2013 Zamans\u0131z l\u00fcks","isPartOf":{"@id":"https:\/\/www.purejewels.com\/#website"},"primaryImageOfPage":{"@id":"https:\/\/www.purejewels.com\/product\/pearl-earstud\/#primaryimage"},"image":{"@id":"https:\/\/www.purejewels.com\/product\/pearl-earstud\/#primaryimage"},"thumbnailUrl":"https:\/\/static.purejewels.com\/wp-content\/uploads\/2020\/03\/137481052.png","datePublished":"2017-12-02T14:35:33+00:00","dateModified":"2025-12-18T04:36:45+00:00","description":"PureJewels'da zarif 18 ayar alt\u0131n Japon Akoya inci k\u00fcpe sat\u0131n al\u0131n. Zamans\u0131z, \u0131\u015f\u0131lt\u0131l\u0131 ve g\u00fcnl\u00fck l\u00fcks veya hediye i\u00e7in m\u00fckemmel. \u0130ngiltere'ye \u00fccretsiz teslimat.","breadcrumb":{"@id":"https:\/\/www.purejewels.com\/product\/pearl-earstud\/#breadcrumb"},"inLanguage":"tr","potentialAction":[{"@type":"ReadAction","target":["https:\/\/www.purejewels.com\/product\/pearl-earstud\/"]}]},{"@type":"ImageObject","inLanguage":"tr","@id":"https:\/\/www.purejewels.com\/product\/pearl-earstud\/#primaryimage","url":"https:\/\/static.purejewels.com\/wp-content\/uploads\/2020\/03\/137481052.png","contentUrl":"https:\/\/static.purejewels.com\/wp-content\/uploads\/2020\/03\/137481052.png","width":1000,"height":1000,"caption":"Japanese Akoya Pearl Ear stud18ct JewelleryAll prices include VATAll Our Products are Hallmarked by London Assay OfficeAll Sets Comes With Presentation BoxDelivery IncludedContact us\/live chat with us for the video of\u00a0 this product"},{"@type":"BreadcrumbList","@id":"https:\/\/www.purejewels.com\/product\/pearl-earstud\/#breadcrumb","itemListElement":[{"@type":"ListItem","position":1,"name":"Home","item":"https:\/\/www.purejewels.com\/"},{"@type":"ListItem","position":2,"name":"Shop","item":"https:\/\/www.purejewels.com\/shop\/"},{"@type":"ListItem","position":3,"name":"18ct Gold Japanese Akoya Pearl Stud Earrings"}]},{"@type":"WebSite","@id":"https:\/\/www.purejewels.com\/#website","url":"https:\/\/www.purejewels.com\/","name":"PureJewels \u0130ngiltere","description":"Sevgiyi Payla\u015f\u0131n","publisher":{"@id":"https:\/\/www.purejewels.com\/#organization"},"potentialAction":[{"@type":"SearchAction","target":{"@type":"EntryPoint","urlTemplate":"https:\/\/www.purejewels.com\/?s={search_term_string}"},"query-input":{"@type":"PropertyValueSpecification","valueRequired":true,"valueName":"search_term_string"}}],"inLanguage":"tr"},{"@type":"Organization","@id":"https:\/\/www.purejewels.com\/#organization","name":"PureJewels \u0130ngiltere","url":"https:\/\/www.purejewels.com\/","logo":{"@type":"ImageObject","inLanguage":"tr","@id":"https:\/\/www.purejewels.com\/#\/schema\/logo\/image\/","url":"https:\/\/static.purejewels.com\/wp-content\/uploads\/2020\/11\/Logo-PJ-New-1.png","contentUrl":"https:\/\/static.purejewels.com\/wp-content\/uploads\/2020\/11\/Logo-PJ-New-1.png","width":150,"height":80,"caption":"PureJewels UK"},"image":{"@id":"https:\/\/www.purejewels.com\/#\/schema\/logo\/image\/"}}]}},"_links":{"self":[{"href":"https:\/\/www.purejewels.com\/tr\/wp-json\/wp\/v2\/product\/297638","targetHints":{"allow":["GET"]}}],"collection":[{"href":"https:\/\/www.purejewels.com\/tr\/wp-json\/wp\/v2\/product"}],"about":[{"href":"https:\/\/www.purejewels.com\/tr\/wp-json\/wp\/v2\/types\/product"}],"replies":[{"embeddable":true,"href":"https:\/\/www.purejewels.com\/tr\/wp-json\/wp\/v2\/comments?post=297638"}],"version-history":[{"count":2,"href":"https:\/\/www.purejewels.com\/tr\/wp-json\/wp\/v2\/product\/297638\/revisions"}],"predecessor-version":[{"id":423356,"href":"https:\/\/www.purejewels.com\/tr\/wp-json\/wp\/v2\/product\/297638\/revisions\/423356"}],"wp:featuredmedia":[{"embeddable":true,"href":"https:\/\/www.purejewels.com\/tr\/wp-json\/wp\/v2\/media\/313176"}],"wp:attachment":[{"href":"https:\/\/www.purejewels.com\/tr\/wp-json\/wp\/v2\/media?parent=297638"}],"wp:term":[{"taxonomy":"product_brand","embeddable":true,"href":"https:\/\/www.purejewels.com\/tr\/wp-json\/wp\/v2\/product_brand?post=297638"},{"taxonomy":"product_cat","embeddable":true,"href":"https:\/\/www.purejewels.com\/tr\/wp-json\/wp\/v2\/product_cat?post=297638"},{"taxonomy":"product_tag","embeddable":true,"href":"https:\/\/www.purejewels.com\/tr\/wp-json\/wp\/v2\/product_tag?post=297638"}],"curies":[{"name":"wp","href":"https:\/\/api.w.org\/{rel}","templated":true}]}}