{"id":297652,"date":"2017-12-02T14:35:35","date_gmt":"2017-12-02T14:35:35","guid":{"rendered":"https:\/\/www.purejewels.com\/product\/22ct-gold-cz-earrings-3\/"},"modified":"2026-01-06T06:58:18","modified_gmt":"2026-01-06T06:58:18","slug":"22-ayar-altin-cz-kupe-3","status":"publish","type":"product","link":"https:\/\/www.purejewels.com\/tr\/product\/22ct-gold-cz-earrings-3\/","title":{"rendered":"22 ayar alt\u0131n z\u00fcmr\u00fct ye\u015fili damla \u015feklinde CZ damla k\u00fcpeler"},"content":{"rendered":"<p><strong>Tasar\u0131m:<\/strong><br \/>\nBu damla \u015feklindeki k\u00fcpelerde zarafet ve asil bir \u00e7ekicilik bir araya geliyor. Canl\u0131 z\u00fcmr\u00fct ye\u015fili ta\u015f, g\u00f6z kama\u015ft\u0131r\u0131c\u0131 k\u00fcbik zirkonlarla \u00e7evrili olarak merkezde yer al\u0131yor. Damlan\u0131n \u00fczerindeki yuvarlak CZ ta\u015fl\u0131 saplama, l\u00fcks cazibesini daha da art\u0131r\u0131yor.<\/p>\n<p><strong>\u0130\u015f\u00e7ilik:<\/strong><br \/>\nGeleneksel detaylara \u00f6zen g\u00f6sterilerek tasarlanan bu k\u00fcpeler, zamans\u0131z ve aile yadigar\u0131 gibi bir g\u00f6r\u00fcn\u00fcm kazand\u0131ran antik alt\u0131n tonlu bir kaplamaya sahiptir. \u0130nce i\u015f\u00e7ilik ve simetrik tasar\u0131m, ustalar\u0131n uzmanl\u0131k becerisini yans\u0131tmaktad\u0131r.<\/p>\n<p><strong>Stil:<\/strong><br \/>\nEtnik ve resmi k\u0131yafetler i\u00e7in m\u00fckemmel bir e\u015flik\u00e7i olan bu k\u00fcpeler, d\u00fc\u011f\u00fcnler, bayramlar veya \u00e7arp\u0131c\u0131 ak\u015fam k\u0131yafetleri i\u00e7in idealdir. Vintage havas\u0131, her t\u00fcrl\u00fc k\u0131yafete karakter ve sofistike bir hava katar.<\/p>","protected":false},"excerpt":{"rendered":"<p>Vintage esintili bu damla \u015feklindeki k\u00fcpeler, parlak CZ ta\u015flarla \u00e7evrili z\u00fcmr\u00fct ye\u015fili ta\u015flar ve antik alt\u0131n kaplama ile gelenek ve ihti\u015fam\u0131 m\u00fckemmel bir \u015fekilde harmanl\u0131yor.<\/p>\n<ul>\n<li>Ye\u015fil K\u00fcbik Zirkonya ile S\u00fcslenmi\u015f 22 Ayar Alt\u0131n G\u00f6zya\u015f\u0131 Damlas\u0131 \u015eeklinde K\u00fcpe<\/li>\n<li>A\u011f\u0131rl\u0131k: 2,7 grms<\/li>\n<li>T\u00fcm fiyatlara KDV dahildir<\/li>\n<li>Londra Tahlil Ofisi Taraf\u0131ndan Damgalanm\u0131\u015f 22 Ayar Alt\u0131n<\/li>\n<li>Sunum Kutusu ile Birlikte Gelir<\/li>\n<li>Teslimat Dahil<\/li>\n<li>Stok durumu ve stokta bulunan benzer tasar\u0131mlar\u0131n daha fazla g\u00f6r\u00fcnt\u00fcs\u00fc i\u00e7in bizimle canl\u0131 sohbet edin<\/li>\n<\/ul>","protected":false},"featured_media":309518,"comment_status":"closed","ping_status":"closed","template":"","meta":{"_eb_attr":"","_crsspst_to_jayantr4sg-hostcom":false},"product_brand":[],"product_cat":[1685,1229,1574],"product_tag":[],"class_list":{"0":"post-297652","1":"product","2":"type-product","3":"status-publish","4":"has-post-thumbnail","6":"product_cat-drop-earrings","7":"product_cat-22ct-gold-jewellery","8":"product_cat-womens-jewellery","10":"first","11":"outofstock","12":"taxable","13":"shipping-taxable","14":"product-type-simple","15":"add-to-wishlist-before_image"},"yoast_head":"<!-- This site is optimized with the Yoast SEO plugin v27.5 - https:\/\/yoast.com\/product\/yoast-seo-wordpress\/ -->\n<title>Vintage Emerald Teardrop Earrings | Drop Earrings with CZ<\/title>\n<meta name=\"description\" content=\"Add timeless elegance to your look with emerald green teardrop earrings, framed in cubic zirconia and antique gold finish. Perfect for weddings or evening glam.\" \/>\n<meta name=\"robots\" content=\"index, follow, max-snippet:-1, max-image-preview:large, max-video-preview:-1\" \/>\n<link rel=\"canonical\" href=\"https:\/\/www.purejewels.com\/tr\/urun\/22-ayar-altin-cz-kupe-3\/\" \/>\n<meta property=\"og:locale\" content=\"tr_TR\" \/>\n<meta property=\"og:type\" content=\"article\" \/>\n<meta property=\"og:title\" content=\"Vintage Emerald Teardrop Earrings | Drop Earrings with CZ\" \/>\n<meta property=\"og:description\" content=\"Add timeless elegance to your look with emerald green teardrop earrings, framed in cubic zirconia and antique gold finish. Perfect for weddings or evening glam.\" \/>\n<meta property=\"og:url\" content=\"https:\/\/www.purejewels.com\/tr\/urun\/22-ayar-altin-cz-kupe-3\/\" \/>\n<meta property=\"og:site_name\" content=\"PureJewels UK\" \/>\n<meta property=\"article:modified_time\" content=\"2026-01-06T06:58:18+00:00\" \/>\n<meta property=\"og:image\" content=\"https:\/\/static.purejewels.com\/wp-content\/uploads\/2017\/12\/27038_1.png\" \/>\n\t<meta property=\"og:image:width\" content=\"1000\" \/>\n\t<meta property=\"og:image:height\" content=\"1000\" \/>\n\t<meta property=\"og:image:type\" content=\"image\/png\" \/>\n<meta name=\"twitter:card\" content=\"summary_large_image\" \/>\n<meta name=\"twitter:label1\" content=\"Tahmini okuma s\u00fcresi\" \/>\n\t<meta name=\"twitter:data1\" content=\"1 dakika\" \/>\n<script type=\"application\/ld+json\" class=\"yoast-schema-graph\">{\"@context\":\"https:\\\/\\\/schema.org\",\"@graph\":[{\"@type\":[\"WebPage\",\"ItemPage\"],\"@id\":\"https:\\\/\\\/www.purejewels.com\\\/product\\\/22ct-gold-cz-earrings-3\\\/\",\"url\":\"https:\\\/\\\/www.purejewels.com\\\/product\\\/22ct-gold-cz-earrings-3\\\/\",\"name\":\"Vintage Emerald Teardrop Earrings | Drop Earrings with CZ\",\"isPartOf\":{\"@id\":\"https:\\\/\\\/www.purejewels.com\\\/#website\"},\"primaryImageOfPage\":{\"@id\":\"https:\\\/\\\/www.purejewels.com\\\/product\\\/22ct-gold-cz-earrings-3\\\/#primaryimage\"},\"image\":{\"@id\":\"https:\\\/\\\/www.purejewels.com\\\/product\\\/22ct-gold-cz-earrings-3\\\/#primaryimage\"},\"thumbnailUrl\":\"https:\\\/\\\/static.purejewels.com\\\/wp-content\\\/uploads\\\/2017\\\/12\\\/27038_1.png\",\"datePublished\":\"2017-12-02T14:35:35+00:00\",\"dateModified\":\"2026-01-06T06:58:18+00:00\",\"description\":\"Add timeless elegance to your look with emerald green teardrop earrings, framed in cubic zirconia and antique gold finish. Perfect for weddings or evening glam.\",\"breadcrumb\":{\"@id\":\"https:\\\/\\\/www.purejewels.com\\\/product\\\/22ct-gold-cz-earrings-3\\\/#breadcrumb\"},\"inLanguage\":\"tr\",\"potentialAction\":[{\"@type\":\"ReadAction\",\"target\":[\"https:\\\/\\\/www.purejewels.com\\\/product\\\/22ct-gold-cz-earrings-3\\\/\"]}]},{\"@type\":\"ImageObject\",\"inLanguage\":\"tr\",\"@id\":\"https:\\\/\\\/www.purejewels.com\\\/product\\\/22ct-gold-cz-earrings-3\\\/#primaryimage\",\"url\":\"https:\\\/\\\/static.purejewels.com\\\/wp-content\\\/uploads\\\/2017\\\/12\\\/27038_1.png\",\"contentUrl\":\"https:\\\/\\\/static.purejewels.com\\\/wp-content\\\/uploads\\\/2017\\\/12\\\/27038_1.png\",\"width\":1000,\"height\":1000,\"caption\":\"27038_1\"},{\"@type\":\"BreadcrumbList\",\"@id\":\"https:\\\/\\\/www.purejewels.com\\\/product\\\/22ct-gold-cz-earrings-3\\\/#breadcrumb\",\"itemListElement\":[{\"@type\":\"ListItem\",\"position\":1,\"name\":\"Home\",\"item\":\"https:\\\/\\\/www.purejewels.com\\\/\"},{\"@type\":\"ListItem\",\"position\":2,\"name\":\"Shop\",\"item\":\"https:\\\/\\\/www.purejewels.com\\\/shop\\\/\"},{\"@type\":\"ListItem\",\"position\":3,\"name\":\"22ct Gold Emerald Green Teardrop CZ Drop Earrings\"}]},{\"@type\":\"WebSite\",\"@id\":\"https:\\\/\\\/www.purejewels.com\\\/#website\",\"url\":\"https:\\\/\\\/www.purejewels.com\\\/\",\"name\":\"PureJewels UK\",\"description\":\"Share the Love\",\"publisher\":{\"@id\":\"https:\\\/\\\/www.purejewels.com\\\/#organization\"},\"potentialAction\":[{\"@type\":\"SearchAction\",\"target\":{\"@type\":\"EntryPoint\",\"urlTemplate\":\"https:\\\/\\\/www.purejewels.com\\\/?s={search_term_string}\"},\"query-input\":{\"@type\":\"PropertyValueSpecification\",\"valueRequired\":true,\"valueName\":\"search_term_string\"}}],\"inLanguage\":\"tr\"},{\"@type\":\"Organization\",\"@id\":\"https:\\\/\\\/www.purejewels.com\\\/#organization\",\"name\":\"PureJewels UK\",\"url\":\"https:\\\/\\\/www.purejewels.com\\\/\",\"logo\":{\"@type\":\"ImageObject\",\"inLanguage\":\"tr\",\"@id\":\"https:\\\/\\\/www.purejewels.com\\\/#\\\/schema\\\/logo\\\/image\\\/\",\"url\":\"https:\\\/\\\/static.purejewels.com\\\/wp-content\\\/uploads\\\/2020\\\/11\\\/Logo-PJ-New-1.png\",\"contentUrl\":\"https:\\\/\\\/static.purejewels.com\\\/wp-content\\\/uploads\\\/2020\\\/11\\\/Logo-PJ-New-1.png\",\"width\":150,\"height\":80,\"caption\":\"PureJewels UK\"},\"image\":{\"@id\":\"https:\\\/\\\/www.purejewels.com\\\/#\\\/schema\\\/logo\\\/image\\\/\"}}]}<\/script>\n<!-- \/ Yoast SEO plugin. -->","yoast_head_json":{"title":"Vintage Z\u00fcmr\u00fct Damla K\u00fcpe | CZ ile Damla K\u00fcpe","description":"Z\u00fcmr\u00fct ye\u015fili damla k\u00fcpelerle, k\u00fcbik zirkon ve antik alt\u0131n kaplama \u00e7er\u00e7eveli, zamans\u0131z bir zarafet kat\u0131n. D\u00fc\u011f\u00fcnler veya ak\u015fam \u015f\u0131kl\u0131\u011f\u0131 i\u00e7in m\u00fckemmeldir.","robots":{"index":"index","follow":"follow","max-snippet":"max-snippet:-1","max-image-preview":"max-image-preview:large","max-video-preview":"max-video-preview:-1"},"canonical":"https:\/\/www.purejewels.com\/tr\/urun\/22-ayar-altin-cz-kupe-3\/","og_locale":"tr_TR","og_type":"article","og_title":"Vintage Emerald Teardrop Earrings | Drop Earrings with CZ","og_description":"Add timeless elegance to your look with emerald green teardrop earrings, framed in cubic zirconia and antique gold finish. Perfect for weddings or evening glam.","og_url":"https:\/\/www.purejewels.com\/tr\/urun\/22-ayar-altin-cz-kupe-3\/","og_site_name":"PureJewels UK","article_modified_time":"2026-01-06T06:58:18+00:00","og_image":[{"width":1000,"height":1000,"url":"https:\/\/static.purejewels.com\/wp-content\/uploads\/2017\/12\/27038_1.png","type":"image\/png"}],"twitter_card":"summary_large_image","twitter_misc":{"Tahmini okuma s\u00fcresi":"1 dakika"},"schema":{"@context":"https:\/\/schema.org","@graph":[{"@type":["WebPage","ItemPage"],"@id":"https:\/\/www.purejewels.com\/product\/22ct-gold-cz-earrings-3\/","url":"https:\/\/www.purejewels.com\/product\/22ct-gold-cz-earrings-3\/","name":"Vintage Z\u00fcmr\u00fct Damla K\u00fcpe | CZ ile Damla K\u00fcpe","isPartOf":{"@id":"https:\/\/www.purejewels.com\/#website"},"primaryImageOfPage":{"@id":"https:\/\/www.purejewels.com\/product\/22ct-gold-cz-earrings-3\/#primaryimage"},"image":{"@id":"https:\/\/www.purejewels.com\/product\/22ct-gold-cz-earrings-3\/#primaryimage"},"thumbnailUrl":"https:\/\/static.purejewels.com\/wp-content\/uploads\/2017\/12\/27038_1.png","datePublished":"2017-12-02T14:35:35+00:00","dateModified":"2026-01-06T06:58:18+00:00","description":"Z\u00fcmr\u00fct ye\u015fili damla k\u00fcpelerle, k\u00fcbik zirkon ve antik alt\u0131n kaplama \u00e7er\u00e7eveli, zamans\u0131z bir zarafet kat\u0131n. D\u00fc\u011f\u00fcnler veya ak\u015fam \u015f\u0131kl\u0131\u011f\u0131 i\u00e7in m\u00fckemmeldir.","breadcrumb":{"@id":"https:\/\/www.purejewels.com\/product\/22ct-gold-cz-earrings-3\/#breadcrumb"},"inLanguage":"tr","potentialAction":[{"@type":"ReadAction","target":["https:\/\/www.purejewels.com\/product\/22ct-gold-cz-earrings-3\/"]}]},{"@type":"ImageObject","inLanguage":"tr","@id":"https:\/\/www.purejewels.com\/product\/22ct-gold-cz-earrings-3\/#primaryimage","url":"https:\/\/static.purejewels.com\/wp-content\/uploads\/2017\/12\/27038_1.png","contentUrl":"https:\/\/static.purejewels.com\/wp-content\/uploads\/2017\/12\/27038_1.png","width":1000,"height":1000,"caption":"27038_1"},{"@type":"BreadcrumbList","@id":"https:\/\/www.purejewels.com\/product\/22ct-gold-cz-earrings-3\/#breadcrumb","itemListElement":[{"@type":"ListItem","position":1,"name":"Home","item":"https:\/\/www.purejewels.com\/"},{"@type":"ListItem","position":2,"name":"Shop","item":"https:\/\/www.purejewels.com\/shop\/"},{"@type":"ListItem","position":3,"name":"22ct Gold Emerald Green Teardrop CZ Drop Earrings"}]},{"@type":"WebSite","@id":"https:\/\/www.purejewels.com\/#website","url":"https:\/\/www.purejewels.com\/","name":"PureJewels \u0130ngiltere","description":"Sevgiyi Payla\u015f\u0131n","publisher":{"@id":"https:\/\/www.purejewels.com\/#organization"},"potentialAction":[{"@type":"SearchAction","target":{"@type":"EntryPoint","urlTemplate":"https:\/\/www.purejewels.com\/?s={search_term_string}"},"query-input":{"@type":"PropertyValueSpecification","valueRequired":true,"valueName":"search_term_string"}}],"inLanguage":"tr"},{"@type":"Organization","@id":"https:\/\/www.purejewels.com\/#organization","name":"PureJewels \u0130ngiltere","url":"https:\/\/www.purejewels.com\/","logo":{"@type":"ImageObject","inLanguage":"tr","@id":"https:\/\/www.purejewels.com\/#\/schema\/logo\/image\/","url":"https:\/\/static.purejewels.com\/wp-content\/uploads\/2020\/11\/Logo-PJ-New-1.png","contentUrl":"https:\/\/static.purejewels.com\/wp-content\/uploads\/2020\/11\/Logo-PJ-New-1.png","width":150,"height":80,"caption":"PureJewels UK"},"image":{"@id":"https:\/\/www.purejewels.com\/#\/schema\/logo\/image\/"}}]}},"_links":{"self":[{"href":"https:\/\/www.purejewels.com\/tr\/wp-json\/wp\/v2\/product\/297652","targetHints":{"allow":["GET"]}}],"collection":[{"href":"https:\/\/www.purejewels.com\/tr\/wp-json\/wp\/v2\/product"}],"about":[{"href":"https:\/\/www.purejewels.com\/tr\/wp-json\/wp\/v2\/types\/product"}],"replies":[{"embeddable":true,"href":"https:\/\/www.purejewels.com\/tr\/wp-json\/wp\/v2\/comments?post=297652"}],"version-history":[{"count":2,"href":"https:\/\/www.purejewels.com\/tr\/wp-json\/wp\/v2\/product\/297652\/revisions"}],"predecessor-version":[{"id":423690,"href":"https:\/\/www.purejewels.com\/tr\/wp-json\/wp\/v2\/product\/297652\/revisions\/423690"}],"wp:featuredmedia":[{"embeddable":true,"href":"https:\/\/www.purejewels.com\/tr\/wp-json\/wp\/v2\/media\/309518"}],"wp:attachment":[{"href":"https:\/\/www.purejewels.com\/tr\/wp-json\/wp\/v2\/media?parent=297652"}],"wp:term":[{"taxonomy":"product_brand","embeddable":true,"href":"https:\/\/www.purejewels.com\/tr\/wp-json\/wp\/v2\/product_brand?post=297652"},{"taxonomy":"product_cat","embeddable":true,"href":"https:\/\/www.purejewels.com\/tr\/wp-json\/wp\/v2\/product_cat?post=297652"},{"taxonomy":"product_tag","embeddable":true,"href":"https:\/\/www.purejewels.com\/tr\/wp-json\/wp\/v2\/product_tag?post=297652"}],"curies":[{"name":"wp","href":"https:\/\/api.w.org\/{rel}","templated":true}]}}