{"id":297653,"date":"2017-12-02T14:35:35","date_gmt":"2017-12-02T14:35:35","guid":{"rendered":"https:\/\/www.purejewels.com\/product\/22ct-gold-cz-earrings-4\/"},"modified":"2026-01-06T06:58:18","modified_gmt":"2026-01-06T06:58:18","slug":"22-ayar-altin-cz-kupe-4","status":"publish","type":"product","link":"https:\/\/www.purejewels.com\/tr\/product\/22ct-gold-cz-earrings-4\/","title":{"rendered":"Z\u00fcmr\u00fct ve CZ ile \u00dc\u00e7l\u00fc Halo Damla K\u00fcpeler"},"content":{"rendered":"<p><strong>Tasar\u0131m:<\/strong><br \/>\nBunlar <a href=\"https:\/\/www.purejewels.com\/tr\/product-category\/22ct-gold-jewellery\/gold-earrings\/\">K\u00fcpeler<\/a> \u00dc\u00e7 katmanl\u0131 dairesel damla tasar\u0131m\u0131na sahip olan bu kolye, her bir katmanda canl\u0131 z\u00fcmr\u00fct ye\u015fili bir ta\u015f\u0131n ortas\u0131nda, berrak CZ ta\u015flarla \u00e7evrili bir hale yer almaktad\u0131r. Zarif bir \u015fekilde as\u0131l\u0131 duran katmanl\u0131 tasar\u0131m, ak\u0131c\u0131l\u0131k ve hareketlilik katmaktad\u0131r.<\/p>\n<p><strong>\u0130\u015f\u00e7ilik:<\/strong><br \/>\nHassas bir \u015fekilde el i\u015f\u00e7ili\u011fi ile \u00fcretilen her bir par\u00e7a, koyu metal ile ta\u015flar\u0131n parlakl\u0131\u011f\u0131 aras\u0131ndaki kontrast\u0131 vurgulayan antik alt\u0131n kaplama ile s\u00fcslenmi\u015ftir. Simetri ve sa\u011flam ba\u011flant\u0131lar, birinci s\u0131n\u0131f detaylar\u0131 yans\u0131tmaktad\u0131r.<\/p>\n<p><strong>Stil:<\/strong><br \/>\n\u00d6zel g\u00fcnler, kokteyl partileri veya geleneksel k\u0131yafetler i\u00e7in ideal olan bu k\u00fcpeler, vintage cazibeyi \u00e7a\u011fda\u015f bir tarzla harmanl\u0131yor. Uzun \u015fekli boynu uzat\u0131r ve her k\u0131yafete \u00e7arp\u0131c\u0131 bir \u0131\u015f\u0131lt\u0131 katar.<\/p>","protected":false},"excerpt":{"rendered":"<p>Z\u00fcmr\u00fct ye\u015fili ta\u015flar ve \u0131\u015f\u0131lt\u0131l\u0131 k\u00fcbik zirkonlardan olu\u015fan g\u00f6z kama\u015ft\u0131r\u0131c\u0131 bir kaskad olan bu \u00fc\u00e7l\u00fc damla k\u00fcpeler, vintage sofistike tarz\u0131 modern bir glamour dokunu\u015fuyla birle\u015ftiriyor.<\/p>\n<ul>\n<li>Ye\u015fil K\u00fcbik Zirkonya ile s\u00fcslenmi\u015f 22 Ayar Alt\u0131n G\u00f6zya\u015f\u0131 Damlas\u0131 \u015eeklinde K\u00fcpe<\/li>\n<li>A\u011f\u0131rl\u0131k: 2,5 g<\/li>\n<li>T\u00fcm fiyatlara KDV dahildir<\/li>\n<li>T\u00fcm \u00fcr\u00fcnlerimiz London Assay Office taraf\u0131ndan damgalanm\u0131\u015ft\u0131r<\/li>\n<li>Sunum Kutusu ile Birlikte Gelir<\/li>\n<li>Teslimat Dahil<\/li>\n<li>Stok durumu ve stokta bulunan benzer tasar\u0131mlar\u0131n daha fazla g\u00f6r\u00fcnt\u00fcs\u00fc i\u00e7in bizimle canl\u0131 sohbet edin<\/li>\n<\/ul>","protected":false},"featured_media":309519,"comment_status":"closed","ping_status":"closed","template":"","meta":{"_eb_attr":"","_crsspst_to_jayantr4sg-hostcom":false},"product_brand":[],"product_cat":[1685,1229,1574],"product_tag":[],"class_list":{"0":"post-297653","1":"product","2":"type-product","3":"status-publish","4":"has-post-thumbnail","6":"product_cat-drop-earrings","7":"product_cat-22ct-gold-jewellery","8":"product_cat-womens-jewellery","10":"first","11":"outofstock","12":"taxable","13":"shipping-taxable","14":"product-type-simple","15":"add-to-wishlist-before_image"},"yoast_head":"<!-- This site is optimized with the Yoast SEO plugin v27.5 - https:\/\/yoast.com\/product\/yoast-seo-wordpress\/ -->\n<title>Antique Triple Drop Earrings with Emerald Green Stones<\/title>\n<meta name=\"description\" content=\"Grace your ears with timeless beauty\u2014emerald green stones encircled by sparkling CZs in a triple-drop antique gold earring design. Perfect for festive and formal looks.\" \/>\n<meta name=\"robots\" content=\"index, follow, max-snippet:-1, max-image-preview:large, max-video-preview:-1\" \/>\n<link rel=\"canonical\" href=\"https:\/\/www.purejewels.com\/tr\/urun\/22-ayar-altin-cz-kupe-4\/\" \/>\n<meta property=\"og:locale\" content=\"tr_TR\" \/>\n<meta property=\"og:type\" content=\"article\" \/>\n<meta property=\"og:title\" content=\"Antique Triple Drop Earrings with Emerald Green Stones\" \/>\n<meta property=\"og:description\" content=\"Grace your ears with timeless beauty\u2014emerald green stones encircled by sparkling CZs in a triple-drop antique gold earring design. Perfect for festive and formal looks.\" \/>\n<meta property=\"og:url\" content=\"https:\/\/www.purejewels.com\/tr\/urun\/22-ayar-altin-cz-kupe-4\/\" \/>\n<meta property=\"og:site_name\" content=\"PureJewels UK\" \/>\n<meta property=\"article:modified_time\" content=\"2026-01-06T06:58:18+00:00\" \/>\n<meta property=\"og:image\" content=\"https:\/\/static.purejewels.com\/wp-content\/uploads\/2017\/12\/27041_1.png\" \/>\n\t<meta property=\"og:image:width\" content=\"1000\" \/>\n\t<meta property=\"og:image:height\" content=\"1000\" \/>\n\t<meta property=\"og:image:type\" content=\"image\/png\" \/>\n<meta name=\"twitter:card\" content=\"summary_large_image\" \/>\n<meta name=\"twitter:label1\" content=\"Tahmini okuma s\u00fcresi\" \/>\n\t<meta name=\"twitter:data1\" content=\"1 dakika\" \/>\n<script type=\"application\/ld+json\" class=\"yoast-schema-graph\">{\"@context\":\"https:\\\/\\\/schema.org\",\"@graph\":[{\"@type\":[\"WebPage\",\"ItemPage\"],\"@id\":\"https:\\\/\\\/www.purejewels.com\\\/product\\\/22ct-gold-cz-earrings-4\\\/\",\"url\":\"https:\\\/\\\/www.purejewels.com\\\/product\\\/22ct-gold-cz-earrings-4\\\/\",\"name\":\"Antique Triple Drop Earrings with Emerald Green Stones\",\"isPartOf\":{\"@id\":\"https:\\\/\\\/www.purejewels.com\\\/#website\"},\"primaryImageOfPage\":{\"@id\":\"https:\\\/\\\/www.purejewels.com\\\/product\\\/22ct-gold-cz-earrings-4\\\/#primaryimage\"},\"image\":{\"@id\":\"https:\\\/\\\/www.purejewels.com\\\/product\\\/22ct-gold-cz-earrings-4\\\/#primaryimage\"},\"thumbnailUrl\":\"https:\\\/\\\/static.purejewels.com\\\/wp-content\\\/uploads\\\/2017\\\/12\\\/27041_1.png\",\"datePublished\":\"2017-12-02T14:35:35+00:00\",\"dateModified\":\"2026-01-06T06:58:18+00:00\",\"description\":\"Grace your ears with timeless beauty\u2014emerald green stones encircled by sparkling CZs in a triple-drop antique gold earring design. Perfect for festive and formal looks.\",\"breadcrumb\":{\"@id\":\"https:\\\/\\\/www.purejewels.com\\\/product\\\/22ct-gold-cz-earrings-4\\\/#breadcrumb\"},\"inLanguage\":\"tr\",\"potentialAction\":[{\"@type\":\"ReadAction\",\"target\":[\"https:\\\/\\\/www.purejewels.com\\\/product\\\/22ct-gold-cz-earrings-4\\\/\"]}]},{\"@type\":\"ImageObject\",\"inLanguage\":\"tr\",\"@id\":\"https:\\\/\\\/www.purejewels.com\\\/product\\\/22ct-gold-cz-earrings-4\\\/#primaryimage\",\"url\":\"https:\\\/\\\/static.purejewels.com\\\/wp-content\\\/uploads\\\/2017\\\/12\\\/27041_1.png\",\"contentUrl\":\"https:\\\/\\\/static.purejewels.com\\\/wp-content\\\/uploads\\\/2017\\\/12\\\/27041_1.png\",\"width\":1000,\"height\":1000,\"caption\":\"27041_1\"},{\"@type\":\"BreadcrumbList\",\"@id\":\"https:\\\/\\\/www.purejewels.com\\\/product\\\/22ct-gold-cz-earrings-4\\\/#breadcrumb\",\"itemListElement\":[{\"@type\":\"ListItem\",\"position\":1,\"name\":\"Home\",\"item\":\"https:\\\/\\\/www.purejewels.com\\\/\"},{\"@type\":\"ListItem\",\"position\":2,\"name\":\"Shop\",\"item\":\"https:\\\/\\\/www.purejewels.com\\\/shop\\\/\"},{\"@type\":\"ListItem\",\"position\":3,\"name\":\"Triple Halo Drop Earrings with Emerald and CZ\"}]},{\"@type\":\"WebSite\",\"@id\":\"https:\\\/\\\/www.purejewels.com\\\/#website\",\"url\":\"https:\\\/\\\/www.purejewels.com\\\/\",\"name\":\"PureJewels UK\",\"description\":\"Share the Love\",\"publisher\":{\"@id\":\"https:\\\/\\\/www.purejewels.com\\\/#organization\"},\"potentialAction\":[{\"@type\":\"SearchAction\",\"target\":{\"@type\":\"EntryPoint\",\"urlTemplate\":\"https:\\\/\\\/www.purejewels.com\\\/?s={search_term_string}\"},\"query-input\":{\"@type\":\"PropertyValueSpecification\",\"valueRequired\":true,\"valueName\":\"search_term_string\"}}],\"inLanguage\":\"tr\"},{\"@type\":\"Organization\",\"@id\":\"https:\\\/\\\/www.purejewels.com\\\/#organization\",\"name\":\"PureJewels UK\",\"url\":\"https:\\\/\\\/www.purejewels.com\\\/\",\"logo\":{\"@type\":\"ImageObject\",\"inLanguage\":\"tr\",\"@id\":\"https:\\\/\\\/www.purejewels.com\\\/#\\\/schema\\\/logo\\\/image\\\/\",\"url\":\"https:\\\/\\\/static.purejewels.com\\\/wp-content\\\/uploads\\\/2020\\\/11\\\/Logo-PJ-New-1.png\",\"contentUrl\":\"https:\\\/\\\/static.purejewels.com\\\/wp-content\\\/uploads\\\/2020\\\/11\\\/Logo-PJ-New-1.png\",\"width\":150,\"height\":80,\"caption\":\"PureJewels UK\"},\"image\":{\"@id\":\"https:\\\/\\\/www.purejewels.com\\\/#\\\/schema\\\/logo\\\/image\\\/\"}}]}<\/script>\n<!-- \/ Yoast SEO plugin. -->","yoast_head_json":{"title":"Z\u00fcmr\u00fct Ye\u015fili Ta\u015fl\u0131 Antika \u00dc\u00e7l\u00fc Damla K\u00fcpe","description":"Zamans\u0131z g\u00fczellikle kulaklar\u0131n\u0131z\u0131 s\u00fcsleyin \u2014 \u00fc\u00e7l\u00fc damla antik alt\u0131n k\u00fcpe tasar\u0131m\u0131nda, parlak CZ'lerle \u00e7evrili z\u00fcmr\u00fct ye\u015fili ta\u015flar. \u015eenlikli ve resmi g\u00f6r\u00fcn\u00fcmler i\u00e7in m\u00fckemmeldir.","robots":{"index":"index","follow":"follow","max-snippet":"max-snippet:-1","max-image-preview":"max-image-preview:large","max-video-preview":"max-video-preview:-1"},"canonical":"https:\/\/www.purejewels.com\/tr\/urun\/22-ayar-altin-cz-kupe-4\/","og_locale":"tr_TR","og_type":"article","og_title":"Antique Triple Drop Earrings with Emerald Green Stones","og_description":"Grace your ears with timeless beauty\u2014emerald green stones encircled by sparkling CZs in a triple-drop antique gold earring design. Perfect for festive and formal looks.","og_url":"https:\/\/www.purejewels.com\/tr\/urun\/22-ayar-altin-cz-kupe-4\/","og_site_name":"PureJewels UK","article_modified_time":"2026-01-06T06:58:18+00:00","og_image":[{"width":1000,"height":1000,"url":"https:\/\/static.purejewels.com\/wp-content\/uploads\/2017\/12\/27041_1.png","type":"image\/png"}],"twitter_card":"summary_large_image","twitter_misc":{"Tahmini okuma s\u00fcresi":"1 dakika"},"schema":{"@context":"https:\/\/schema.org","@graph":[{"@type":["WebPage","ItemPage"],"@id":"https:\/\/www.purejewels.com\/product\/22ct-gold-cz-earrings-4\/","url":"https:\/\/www.purejewels.com\/product\/22ct-gold-cz-earrings-4\/","name":"Z\u00fcmr\u00fct Ye\u015fili Ta\u015fl\u0131 Antika \u00dc\u00e7l\u00fc Damla K\u00fcpe","isPartOf":{"@id":"https:\/\/www.purejewels.com\/#website"},"primaryImageOfPage":{"@id":"https:\/\/www.purejewels.com\/product\/22ct-gold-cz-earrings-4\/#primaryimage"},"image":{"@id":"https:\/\/www.purejewels.com\/product\/22ct-gold-cz-earrings-4\/#primaryimage"},"thumbnailUrl":"https:\/\/static.purejewels.com\/wp-content\/uploads\/2017\/12\/27041_1.png","datePublished":"2017-12-02T14:35:35+00:00","dateModified":"2026-01-06T06:58:18+00:00","description":"Zamans\u0131z g\u00fczellikle kulaklar\u0131n\u0131z\u0131 s\u00fcsleyin \u2014 \u00fc\u00e7l\u00fc damla antik alt\u0131n k\u00fcpe tasar\u0131m\u0131nda, parlak CZ'lerle \u00e7evrili z\u00fcmr\u00fct ye\u015fili ta\u015flar. \u015eenlikli ve resmi g\u00f6r\u00fcn\u00fcmler i\u00e7in m\u00fckemmeldir.","breadcrumb":{"@id":"https:\/\/www.purejewels.com\/product\/22ct-gold-cz-earrings-4\/#breadcrumb"},"inLanguage":"tr","potentialAction":[{"@type":"ReadAction","target":["https:\/\/www.purejewels.com\/product\/22ct-gold-cz-earrings-4\/"]}]},{"@type":"ImageObject","inLanguage":"tr","@id":"https:\/\/www.purejewels.com\/product\/22ct-gold-cz-earrings-4\/#primaryimage","url":"https:\/\/static.purejewels.com\/wp-content\/uploads\/2017\/12\/27041_1.png","contentUrl":"https:\/\/static.purejewels.com\/wp-content\/uploads\/2017\/12\/27041_1.png","width":1000,"height":1000,"caption":"27041_1"},{"@type":"BreadcrumbList","@id":"https:\/\/www.purejewels.com\/product\/22ct-gold-cz-earrings-4\/#breadcrumb","itemListElement":[{"@type":"ListItem","position":1,"name":"Home","item":"https:\/\/www.purejewels.com\/"},{"@type":"ListItem","position":2,"name":"Shop","item":"https:\/\/www.purejewels.com\/shop\/"},{"@type":"ListItem","position":3,"name":"Triple Halo Drop Earrings with Emerald and CZ"}]},{"@type":"WebSite","@id":"https:\/\/www.purejewels.com\/#website","url":"https:\/\/www.purejewels.com\/","name":"PureJewels \u0130ngiltere","description":"Sevgiyi Payla\u015f\u0131n","publisher":{"@id":"https:\/\/www.purejewels.com\/#organization"},"potentialAction":[{"@type":"SearchAction","target":{"@type":"EntryPoint","urlTemplate":"https:\/\/www.purejewels.com\/?s={search_term_string}"},"query-input":{"@type":"PropertyValueSpecification","valueRequired":true,"valueName":"search_term_string"}}],"inLanguage":"tr"},{"@type":"Organization","@id":"https:\/\/www.purejewels.com\/#organization","name":"PureJewels \u0130ngiltere","url":"https:\/\/www.purejewels.com\/","logo":{"@type":"ImageObject","inLanguage":"tr","@id":"https:\/\/www.purejewels.com\/#\/schema\/logo\/image\/","url":"https:\/\/static.purejewels.com\/wp-content\/uploads\/2020\/11\/Logo-PJ-New-1.png","contentUrl":"https:\/\/static.purejewels.com\/wp-content\/uploads\/2020\/11\/Logo-PJ-New-1.png","width":150,"height":80,"caption":"PureJewels UK"},"image":{"@id":"https:\/\/www.purejewels.com\/#\/schema\/logo\/image\/"}}]}},"_links":{"self":[{"href":"https:\/\/www.purejewels.com\/tr\/wp-json\/wp\/v2\/product\/297653","targetHints":{"allow":["GET"]}}],"collection":[{"href":"https:\/\/www.purejewels.com\/tr\/wp-json\/wp\/v2\/product"}],"about":[{"href":"https:\/\/www.purejewels.com\/tr\/wp-json\/wp\/v2\/types\/product"}],"replies":[{"embeddable":true,"href":"https:\/\/www.purejewels.com\/tr\/wp-json\/wp\/v2\/comments?post=297653"}],"version-history":[{"count":2,"href":"https:\/\/www.purejewels.com\/tr\/wp-json\/wp\/v2\/product\/297653\/revisions"}],"predecessor-version":[{"id":423693,"href":"https:\/\/www.purejewels.com\/tr\/wp-json\/wp\/v2\/product\/297653\/revisions\/423693"}],"wp:featuredmedia":[{"embeddable":true,"href":"https:\/\/www.purejewels.com\/tr\/wp-json\/wp\/v2\/media\/309519"}],"wp:attachment":[{"href":"https:\/\/www.purejewels.com\/tr\/wp-json\/wp\/v2\/media?parent=297653"}],"wp:term":[{"taxonomy":"product_brand","embeddable":true,"href":"https:\/\/www.purejewels.com\/tr\/wp-json\/wp\/v2\/product_brand?post=297653"},{"taxonomy":"product_cat","embeddable":true,"href":"https:\/\/www.purejewels.com\/tr\/wp-json\/wp\/v2\/product_cat?post=297653"},{"taxonomy":"product_tag","embeddable":true,"href":"https:\/\/www.purejewels.com\/tr\/wp-json\/wp\/v2\/product_tag?post=297653"}],"curies":[{"name":"wp","href":"https:\/\/api.w.org\/{rel}","templated":true}]}}