{"id":297654,"date":"2017-12-02T14:35:35","date_gmt":"2017-12-02T14:35:35","guid":{"rendered":"https:\/\/www.purejewels.com\/product\/22ct-gold-cz-earrings-5\/"},"modified":"2026-01-06T06:58:19","modified_gmt":"2026-01-06T06:58:19","slug":"22-ayar-altin-cz-kupe-5","status":"publish","type":"product","link":"https:\/\/www.purejewels.com\/tr\/product\/22ct-gold-cz-earrings-5\/","title":{"rendered":"22 ayar alt\u0131n damla \u015feklinde CZ gelin k\u00fcpeleri"},"content":{"rendered":"<p>Bu 22 ayar alt\u0131n damla \u015feklinde CZ gelin k\u00fcpeleri, hayat\u0131n en de\u011ferli anlar\u0131na \u0131\u015f\u0131lt\u0131l\u0131 bir parlakl\u0131k katmak i\u00e7in tasarlanm\u0131\u015ft\u0131r. \u00c7arp\u0131c\u0131 damla motifiyle tasarlanan k\u00fcpelerin ortas\u0131, s\u0131cak sar\u0131 alt\u0131n tonunda par\u0131ldayan ta\u015flarla g\u00fczelce kaplan\u0131rken, kontrast olu\u015fturan daha koyu renkli kenarlar\u0131 derinlik ve belirginlik katmaktad\u0131r. Her bir k\u00fcpeyi ta\u00e7land\u0131ran \u00fc\u00e7 parlak ta\u015f, k\u00fcpelere \u015f\u0131k bir hava katmaktad\u0131r.<\/p>\n<p>L\u00fcks 22 ayar alt\u0131nla \u00f6zenle i\u015flenmi\u015f ve y\u00fcksek kaliteli k\u00fcbik zirkonlarla ustaca tasarlanm\u0131\u015f bu k\u00fcpeler, \u00e7a\u011fda\u015f bir dokunu\u015fla zamans\u0131z bir gelin esteti\u011fini yans\u0131t\u0131yor. Her bir \u00e7ift, alt\u0131n safl\u0131\u011f\u0131n\u0131 ve orijinalli\u011fini onaylayan Birle\u015fik Krall\u0131k'ta ba\u011f\u0131ms\u0131z olarak damgalanm\u0131\u015ft\u0131r, b\u00f6ylece tam bir g\u00fcvenle kutlama yapabilirsiniz.<\/p>\n<p>D\u00fc\u011f\u00fcn resepsiyonlar\u0131 ve bayram kutlamalar\u0131 i\u00e7in m\u00fckemmel olan bu k\u00fcpeler, tek ba\u015f\u0131na tak\u0131ld\u0131\u011f\u0131nda b\u00fcy\u00fcleyici bir etki yarat\u0131r. Uygun CZ tak\u0131lar veya klasik alt\u0131n kolye ile kombinleyerek, \u00f6zel g\u00fcnler i\u00e7in g\u00f6r\u00fcn\u00fcm\u00fcn\u00fcz\u00fc tamamlayabilirsiniz. Ayr\u0131ca, \u00f6zel bir d\u00f6n\u00fcm noktas\u0131n\u0131 kutlayan birine d\u00fc\u015f\u00fcnceli bir hediye olarak da idealdir.<\/p>","protected":false},"excerpt":{"rendered":"<p>Bu 22 ayar alt\u0131n damla \u015feklinde CZ gelin k\u00fcpeleri, hayat\u0131n en de\u011ferli anlar\u0131na \u0131\u015f\u0131lt\u0131l\u0131 bir parlakl\u0131k katmak i\u00e7in tasarlanm\u0131\u015ft\u0131r. Tasar\u0131m<\/p>","protected":false},"featured_media":297673,"comment_status":"closed","ping_status":"closed","template":"","meta":{"_eb_attr":"","_crsspst_to_jayantr4sg-hostcom":false},"product_brand":[],"product_cat":[1685,1229,1574],"product_tag":[],"class_list":{"0":"post-297654","1":"product","2":"type-product","3":"status-publish","4":"has-post-thumbnail","6":"product_cat-drop-earrings","7":"product_cat-22ct-gold-jewellery","8":"product_cat-womens-jewellery","10":"first","11":"outofstock","12":"taxable","13":"shipping-taxable","14":"product-type-simple","15":"add-to-wishlist-before_image"},"yoast_head":"<!-- This site is optimized with the Yoast SEO plugin v27.5 - https:\/\/yoast.com\/product\/yoast-seo-wordpress\/ -->\n<title>22ct Teardrop CZ Bridal Earrings | PureJewels UK | Buy Online<\/title>\n<meta name=\"description\" content=\"Discover 22ct Gold Teardrop CZ Bridal Earrings at PureJewels UK. Featuring brilliant cubic zirconia in a two-tone gold finish these earrings are perfect for weddings.\" \/>\n<meta name=\"robots\" content=\"index, follow, max-snippet:-1, max-image-preview:large, max-video-preview:-1\" \/>\n<link rel=\"canonical\" href=\"https:\/\/www.purejewels.com\/tr\/urun\/22-ayar-altin-cz-kupe-5\/\" \/>\n<meta property=\"og:locale\" content=\"tr_TR\" \/>\n<meta property=\"og:type\" content=\"article\" \/>\n<meta property=\"og:title\" content=\"22ct Teardrop CZ Bridal Earrings | PureJewels UK | Buy Online\" \/>\n<meta property=\"og:description\" content=\"Discover 22ct Gold Teardrop CZ Bridal Earrings at PureJewels UK. Featuring brilliant cubic zirconia in a two-tone gold finish these earrings are perfect for weddings.\" \/>\n<meta property=\"og:url\" content=\"https:\/\/www.purejewels.com\/tr\/urun\/22-ayar-altin-cz-kupe-5\/\" \/>\n<meta property=\"og:site_name\" content=\"PureJewels UK\" \/>\n<meta property=\"article:modified_time\" content=\"2026-01-06T06:58:19+00:00\" \/>\n<meta property=\"og:image\" content=\"https:\/\/static.purejewels.com\/wp-content\/uploads\/2017\/12\/27018-1.png\" \/>\n\t<meta property=\"og:image:width\" content=\"1000\" \/>\n\t<meta property=\"og:image:height\" content=\"1000\" \/>\n\t<meta property=\"og:image:type\" content=\"image\/png\" \/>\n<meta name=\"twitter:card\" content=\"summary_large_image\" \/>\n<meta name=\"twitter:label1\" content=\"Tahmini okuma s\u00fcresi\" \/>\n\t<meta name=\"twitter:data1\" content=\"1 dakika\" \/>\n<script type=\"application\/ld+json\" class=\"yoast-schema-graph\">{\"@context\":\"https:\\\/\\\/schema.org\",\"@graph\":[{\"@type\":[\"WebPage\",\"ItemPage\"],\"@id\":\"https:\\\/\\\/www.purejewels.com\\\/product\\\/22ct-gold-cz-earrings-5\\\/\",\"url\":\"https:\\\/\\\/www.purejewels.com\\\/product\\\/22ct-gold-cz-earrings-5\\\/\",\"name\":\"22ct Teardrop CZ Bridal Earrings | PureJewels UK | Buy Online\",\"isPartOf\":{\"@id\":\"https:\\\/\\\/www.purejewels.com\\\/#website\"},\"primaryImageOfPage\":{\"@id\":\"https:\\\/\\\/www.purejewels.com\\\/product\\\/22ct-gold-cz-earrings-5\\\/#primaryimage\"},\"image\":{\"@id\":\"https:\\\/\\\/www.purejewels.com\\\/product\\\/22ct-gold-cz-earrings-5\\\/#primaryimage\"},\"thumbnailUrl\":\"https:\\\/\\\/static.purejewels.com\\\/wp-content\\\/uploads\\\/2017\\\/12\\\/27018-1.png\",\"datePublished\":\"2017-12-02T14:35:35+00:00\",\"dateModified\":\"2026-01-06T06:58:19+00:00\",\"description\":\"Discover 22ct Gold Teardrop CZ Bridal Earrings at PureJewels UK. Featuring brilliant cubic zirconia in a two-tone gold finish these earrings are perfect for weddings.\",\"breadcrumb\":{\"@id\":\"https:\\\/\\\/www.purejewels.com\\\/product\\\/22ct-gold-cz-earrings-5\\\/#breadcrumb\"},\"inLanguage\":\"tr\",\"potentialAction\":[{\"@type\":\"ReadAction\",\"target\":[\"https:\\\/\\\/www.purejewels.com\\\/product\\\/22ct-gold-cz-earrings-5\\\/\"]}]},{\"@type\":\"ImageObject\",\"inLanguage\":\"tr\",\"@id\":\"https:\\\/\\\/www.purejewels.com\\\/product\\\/22ct-gold-cz-earrings-5\\\/#primaryimage\",\"url\":\"https:\\\/\\\/static.purejewels.com\\\/wp-content\\\/uploads\\\/2017\\\/12\\\/27018-1.png\",\"contentUrl\":\"https:\\\/\\\/static.purejewels.com\\\/wp-content\\\/uploads\\\/2017\\\/12\\\/27018-1.png\",\"width\":1000,\"height\":1000,\"caption\":\"27018-1\"},{\"@type\":\"BreadcrumbList\",\"@id\":\"https:\\\/\\\/www.purejewels.com\\\/product\\\/22ct-gold-cz-earrings-5\\\/#breadcrumb\",\"itemListElement\":[{\"@type\":\"ListItem\",\"position\":1,\"name\":\"Home\",\"item\":\"https:\\\/\\\/www.purejewels.com\\\/\"},{\"@type\":\"ListItem\",\"position\":2,\"name\":\"Shop\",\"item\":\"https:\\\/\\\/www.purejewels.com\\\/shop\\\/\"},{\"@type\":\"ListItem\",\"position\":3,\"name\":\"22ct Gold Teardrop CZ Bridal Earrings\"}]},{\"@type\":\"WebSite\",\"@id\":\"https:\\\/\\\/www.purejewels.com\\\/#website\",\"url\":\"https:\\\/\\\/www.purejewels.com\\\/\",\"name\":\"PureJewels UK\",\"description\":\"Share the Love\",\"publisher\":{\"@id\":\"https:\\\/\\\/www.purejewels.com\\\/#organization\"},\"potentialAction\":[{\"@type\":\"SearchAction\",\"target\":{\"@type\":\"EntryPoint\",\"urlTemplate\":\"https:\\\/\\\/www.purejewels.com\\\/?s={search_term_string}\"},\"query-input\":{\"@type\":\"PropertyValueSpecification\",\"valueRequired\":true,\"valueName\":\"search_term_string\"}}],\"inLanguage\":\"tr\"},{\"@type\":\"Organization\",\"@id\":\"https:\\\/\\\/www.purejewels.com\\\/#organization\",\"name\":\"PureJewels UK\",\"url\":\"https:\\\/\\\/www.purejewels.com\\\/\",\"logo\":{\"@type\":\"ImageObject\",\"inLanguage\":\"tr\",\"@id\":\"https:\\\/\\\/www.purejewels.com\\\/#\\\/schema\\\/logo\\\/image\\\/\",\"url\":\"https:\\\/\\\/static.purejewels.com\\\/wp-content\\\/uploads\\\/2020\\\/11\\\/Logo-PJ-New-1.png\",\"contentUrl\":\"https:\\\/\\\/static.purejewels.com\\\/wp-content\\\/uploads\\\/2020\\\/11\\\/Logo-PJ-New-1.png\",\"width\":150,\"height\":80,\"caption\":\"PureJewels UK\"},\"image\":{\"@id\":\"https:\\\/\\\/www.purejewels.com\\\/#\\\/schema\\\/logo\\\/image\\\/\"}}]}<\/script>\n<!-- \/ Yoast SEO plugin. -->","yoast_head_json":{"title":"22 ayar Damla CZ Gelin K\u00fcpeleri | PureJewels UK | Online Sat\u0131n Al","description":"PureJewels UK'de 22 ayar alt\u0131n damla \u015feklinde CZ gelin k\u00fcpelerini ke\u015ffedin. \u0130ki tonlu alt\u0131n kaplamal\u0131 parlak k\u00fcbik zirkonya ile s\u00fcslenmi\u015f bu k\u00fcpeler d\u00fc\u011f\u00fcnler i\u00e7in m\u00fckemmeldir.","robots":{"index":"index","follow":"follow","max-snippet":"max-snippet:-1","max-image-preview":"max-image-preview:large","max-video-preview":"max-video-preview:-1"},"canonical":"https:\/\/www.purejewels.com\/tr\/urun\/22-ayar-altin-cz-kupe-5\/","og_locale":"tr_TR","og_type":"article","og_title":"22ct Teardrop CZ Bridal Earrings | PureJewels UK | Buy Online","og_description":"Discover 22ct Gold Teardrop CZ Bridal Earrings at PureJewels UK. Featuring brilliant cubic zirconia in a two-tone gold finish these earrings are perfect for weddings.","og_url":"https:\/\/www.purejewels.com\/tr\/urun\/22-ayar-altin-cz-kupe-5\/","og_site_name":"PureJewels UK","article_modified_time":"2026-01-06T06:58:19+00:00","og_image":[{"width":1000,"height":1000,"url":"https:\/\/static.purejewels.com\/wp-content\/uploads\/2017\/12\/27018-1.png","type":"image\/png"}],"twitter_card":"summary_large_image","twitter_misc":{"Tahmini okuma s\u00fcresi":"1 dakika"},"schema":{"@context":"https:\/\/schema.org","@graph":[{"@type":["WebPage","ItemPage"],"@id":"https:\/\/www.purejewels.com\/product\/22ct-gold-cz-earrings-5\/","url":"https:\/\/www.purejewels.com\/product\/22ct-gold-cz-earrings-5\/","name":"22 ayar Damla CZ Gelin K\u00fcpeleri | PureJewels UK | Online Sat\u0131n Al","isPartOf":{"@id":"https:\/\/www.purejewels.com\/#website"},"primaryImageOfPage":{"@id":"https:\/\/www.purejewels.com\/product\/22ct-gold-cz-earrings-5\/#primaryimage"},"image":{"@id":"https:\/\/www.purejewels.com\/product\/22ct-gold-cz-earrings-5\/#primaryimage"},"thumbnailUrl":"https:\/\/static.purejewels.com\/wp-content\/uploads\/2017\/12\/27018-1.png","datePublished":"2017-12-02T14:35:35+00:00","dateModified":"2026-01-06T06:58:19+00:00","description":"PureJewels UK'de 22 ayar alt\u0131n damla \u015feklinde CZ gelin k\u00fcpelerini ke\u015ffedin. \u0130ki tonlu alt\u0131n kaplamal\u0131 parlak k\u00fcbik zirkonya ile s\u00fcslenmi\u015f bu k\u00fcpeler d\u00fc\u011f\u00fcnler i\u00e7in m\u00fckemmeldir.","breadcrumb":{"@id":"https:\/\/www.purejewels.com\/product\/22ct-gold-cz-earrings-5\/#breadcrumb"},"inLanguage":"tr","potentialAction":[{"@type":"ReadAction","target":["https:\/\/www.purejewels.com\/product\/22ct-gold-cz-earrings-5\/"]}]},{"@type":"ImageObject","inLanguage":"tr","@id":"https:\/\/www.purejewels.com\/product\/22ct-gold-cz-earrings-5\/#primaryimage","url":"https:\/\/static.purejewels.com\/wp-content\/uploads\/2017\/12\/27018-1.png","contentUrl":"https:\/\/static.purejewels.com\/wp-content\/uploads\/2017\/12\/27018-1.png","width":1000,"height":1000,"caption":"27018-1"},{"@type":"BreadcrumbList","@id":"https:\/\/www.purejewels.com\/product\/22ct-gold-cz-earrings-5\/#breadcrumb","itemListElement":[{"@type":"ListItem","position":1,"name":"Home","item":"https:\/\/www.purejewels.com\/"},{"@type":"ListItem","position":2,"name":"Shop","item":"https:\/\/www.purejewels.com\/shop\/"},{"@type":"ListItem","position":3,"name":"22ct Gold Teardrop CZ Bridal Earrings"}]},{"@type":"WebSite","@id":"https:\/\/www.purejewels.com\/#website","url":"https:\/\/www.purejewels.com\/","name":"PureJewels \u0130ngiltere","description":"Sevgiyi Payla\u015f\u0131n","publisher":{"@id":"https:\/\/www.purejewels.com\/#organization"},"potentialAction":[{"@type":"SearchAction","target":{"@type":"EntryPoint","urlTemplate":"https:\/\/www.purejewels.com\/?s={search_term_string}"},"query-input":{"@type":"PropertyValueSpecification","valueRequired":true,"valueName":"search_term_string"}}],"inLanguage":"tr"},{"@type":"Organization","@id":"https:\/\/www.purejewels.com\/#organization","name":"PureJewels \u0130ngiltere","url":"https:\/\/www.purejewels.com\/","logo":{"@type":"ImageObject","inLanguage":"tr","@id":"https:\/\/www.purejewels.com\/#\/schema\/logo\/image\/","url":"https:\/\/static.purejewels.com\/wp-content\/uploads\/2020\/11\/Logo-PJ-New-1.png","contentUrl":"https:\/\/static.purejewels.com\/wp-content\/uploads\/2020\/11\/Logo-PJ-New-1.png","width":150,"height":80,"caption":"PureJewels UK"},"image":{"@id":"https:\/\/www.purejewels.com\/#\/schema\/logo\/image\/"}}]}},"_links":{"self":[{"href":"https:\/\/www.purejewels.com\/tr\/wp-json\/wp\/v2\/product\/297654","targetHints":{"allow":["GET"]}}],"collection":[{"href":"https:\/\/www.purejewels.com\/tr\/wp-json\/wp\/v2\/product"}],"about":[{"href":"https:\/\/www.purejewels.com\/tr\/wp-json\/wp\/v2\/types\/product"}],"replies":[{"embeddable":true,"href":"https:\/\/www.purejewels.com\/tr\/wp-json\/wp\/v2\/comments?post=297654"}],"version-history":[{"count":2,"href":"https:\/\/www.purejewels.com\/tr\/wp-json\/wp\/v2\/product\/297654\/revisions"}],"predecessor-version":[{"id":422490,"href":"https:\/\/www.purejewels.com\/tr\/wp-json\/wp\/v2\/product\/297654\/revisions\/422490"}],"wp:featuredmedia":[{"embeddable":true,"href":"https:\/\/www.purejewels.com\/tr\/wp-json\/wp\/v2\/media\/297673"}],"wp:attachment":[{"href":"https:\/\/www.purejewels.com\/tr\/wp-json\/wp\/v2\/media?parent=297654"}],"wp:term":[{"taxonomy":"product_brand","embeddable":true,"href":"https:\/\/www.purejewels.com\/tr\/wp-json\/wp\/v2\/product_brand?post=297654"},{"taxonomy":"product_cat","embeddable":true,"href":"https:\/\/www.purejewels.com\/tr\/wp-json\/wp\/v2\/product_cat?post=297654"},{"taxonomy":"product_tag","embeddable":true,"href":"https:\/\/www.purejewels.com\/tr\/wp-json\/wp\/v2\/product_tag?post=297654"}],"curies":[{"name":"wp","href":"https:\/\/api.w.org\/{rel}","templated":true}]}}