{"id":298031,"date":"2017-12-16T13:31:41","date_gmt":"2017-12-16T13:31:41","guid":{"rendered":"https:\/\/www.purejewels.com\/product\/22ct-gold-filigree-earrings-2\/"},"modified":"2026-01-06T06:58:19","modified_gmt":"2026-01-06T06:58:19","slug":"22-ayar-altin-telkari-kupe-2","status":"publish","type":"product","link":"https:\/\/www.purejewels.com\/tr\/product\/22ct-gold-filigree-earrings-2\/","title":{"rendered":"22 ayar alt\u0131n telkari sallant\u0131l\u0131 k\u00fcpeler"},"content":{"rendered":"<p><strong>Tasar\u0131m:<\/strong><\/p>\n<p>Bu k\u00fcpeler, ince alt\u0131n tellerin b\u00fck\u00fcl\u00fcp \u00e7i\u00e7ek ve geometrik motifler halinde k\u0131vr\u0131lmas\u0131yla olu\u015fturulan zarif telkari deseniyle vurgulanan geleneksel sark\u0131k silueti ile dikkat \u00e7ekiyor. Simetrik \u015fekilleri ve taban\u0131ndaki damla \u015feklindeki boncuklar, tasar\u0131ma zarif bir hareket ve denge kat\u0131yor.<\/p>\n<p><strong>\u0130\u015f\u00e7ilik:<\/strong><\/p>\n<p>Saf 22 ayar alt\u0131nla titizlikle el i\u015f\u00e7ili\u011fi ile \u00fcretilen k\u00fcpeler, ola\u011fan\u00fcst\u00fc hassasiyet ve sabit eller gerektiren bir teknik olan klasik telkari sanat\u0131n\u0131 sergiliyor. Tel i\u015f\u00e7ili\u011fi temiz, s\u0131k\u0131 ve par\u00e7an\u0131n \u00fc\u00e7 boyutlu derinli\u011fini art\u0131ran ince gran\u00fcllerle dikkat \u00e7ekiyor ve zanaatkarlar\u0131n m\u00fckemmelli\u011fini kutluyor.<\/p>\n<p><strong>Stil:<\/strong><\/p>\n<p>Bu k\u00fcpeler, bayramlar, d\u00fc\u011f\u00fcnler ve geleneksel etkinlikler i\u00e7in m\u00fckemmel bir se\u00e7imdir. Hafif yap\u0131lar\u0131 rahatl\u0131k sa\u011flarken, s\u00fcsl\u00fc detaylar\u0131 ise g\u00f6z al\u0131c\u0131 bir aksesuar olmalar\u0131n\u0131 garanti eder. Sari, lehenga veya salwar tak\u0131m gibi etnik k\u0131yafetlerle kombinleyerek geleneksel g\u00f6r\u00fcn\u00fcm\u00fcn\u00fcz\u00fc kraliyet cazibesiyle zenginle\u015ftirin.<\/p>","protected":false},"excerpt":{"rendered":"<p>22 ayar alt\u0131nla el i\u015f\u00e7ili\u011fi ile \u00fcretilen bu geleneksel telkari sallant\u0131l\u0131 k\u00fcpeler, ince tel i\u015f\u00e7ili\u011fi ve zarif etnik tasar\u0131m\u0131yla zamans\u0131z bir \u015f\u0131kl\u0131k sunar.<\/p>\n<ul>\n<li>\u00a022 Ayar Alt\u0131n Telkari K\u00fcpe<\/li>\n<li>A\u011f\u0131rl\u0131k.7.5 grms<\/li>\n<li>London Assay Office taraf\u0131ndan damgalanm\u0131\u015ft\u0131r<\/li>\n<li>Sunum Kutusu ile Birlikte Gelir<\/li>\n<li>Teslimat Dahil<\/li>\n<li>T\u00fcm fiyatlara KDV dahildir<\/li>\n<li>Stok durumu ve stokta bulunan benzer tasar\u0131mlar\u0131n daha fazla g\u00f6r\u00fcnt\u00fcs\u00fc i\u00e7in bizimle canl\u0131 sohbet edin<\/li>\n<\/ul>","protected":false},"featured_media":298025,"comment_status":"closed","ping_status":"closed","template":"","meta":{"_eb_attr":"","_crsspst_to_jayantr4sg-hostcom":true},"product_brand":[],"product_cat":[1685],"product_tag":[],"class_list":{"0":"post-298031","1":"product","2":"type-product","3":"status-publish","4":"has-post-thumbnail","6":"product_cat-drop-earrings","8":"first","9":"outofstock","10":"taxable","11":"shipping-taxable","12":"product-type-simple","13":"add-to-wishlist-before_image"},"yoast_head":"<!-- This site is optimized with the Yoast SEO plugin v27.5 - https:\/\/yoast.com\/product\/yoast-seo-wordpress\/ -->\n<title>22ct Gold Filigree Earrings | Traditional Dangle Design online at UK<\/title>\n<meta name=\"description\" content=\"Discover handcrafted 22ct gold filigree earrings with classic dangle style and ornate detailing. Perfect for cultural elegance and festive charm.\" \/>\n<meta name=\"robots\" content=\"index, follow, max-snippet:-1, max-image-preview:large, max-video-preview:-1\" \/>\n<link rel=\"canonical\" href=\"https:\/\/www.purejewels.com\/tr\/urun\/22-ayar-altin-telkari-kupe-2\/\" \/>\n<meta property=\"og:locale\" content=\"tr_TR\" \/>\n<meta property=\"og:type\" content=\"article\" \/>\n<meta property=\"og:title\" content=\"22ct Gold Filigree Earrings | Traditional Dangle Design online at UK\" \/>\n<meta property=\"og:description\" content=\"Discover handcrafted 22ct gold filigree earrings with classic dangle style and ornate detailing. Perfect for cultural elegance and festive charm.\" \/>\n<meta property=\"og:url\" content=\"https:\/\/www.purejewels.com\/tr\/urun\/22-ayar-altin-telkari-kupe-2\/\" \/>\n<meta property=\"og:site_name\" content=\"PureJewels UK\" \/>\n<meta property=\"article:modified_time\" content=\"2026-01-06T06:58:19+00:00\" \/>\n<meta property=\"og:image\" content=\"https:\/\/static.purejewels.com\/wp-content\/uploads\/2017\/12\/26274_1-copy-1.png\" \/>\n\t<meta property=\"og:image:width\" content=\"1000\" \/>\n\t<meta property=\"og:image:height\" content=\"1000\" \/>\n\t<meta property=\"og:image:type\" content=\"image\/png\" \/>\n<meta name=\"twitter:card\" content=\"summary_large_image\" \/>\n<meta name=\"twitter:label1\" content=\"Tahmini okuma s\u00fcresi\" \/>\n\t<meta name=\"twitter:data1\" content=\"1 dakika\" \/>\n<script type=\"application\/ld+json\" class=\"yoast-schema-graph\">{\"@context\":\"https:\\\/\\\/schema.org\",\"@graph\":[{\"@type\":[\"WebPage\",\"ItemPage\"],\"@id\":\"https:\\\/\\\/www.purejewels.com\\\/product\\\/22ct-gold-filigree-earrings-2\\\/\",\"url\":\"https:\\\/\\\/www.purejewels.com\\\/product\\\/22ct-gold-filigree-earrings-2\\\/\",\"name\":\"22ct Gold Filigree Earrings | Traditional Dangle Design online at UK\",\"isPartOf\":{\"@id\":\"https:\\\/\\\/www.purejewels.com\\\/#website\"},\"primaryImageOfPage\":{\"@id\":\"https:\\\/\\\/www.purejewels.com\\\/product\\\/22ct-gold-filigree-earrings-2\\\/#primaryimage\"},\"image\":{\"@id\":\"https:\\\/\\\/www.purejewels.com\\\/product\\\/22ct-gold-filigree-earrings-2\\\/#primaryimage\"},\"thumbnailUrl\":\"https:\\\/\\\/static.purejewels.com\\\/wp-content\\\/uploads\\\/2017\\\/12\\\/26274_1-copy-1.png\",\"datePublished\":\"2017-12-16T13:31:41+00:00\",\"dateModified\":\"2026-01-06T06:58:19+00:00\",\"description\":\"Discover handcrafted 22ct gold filigree earrings with classic dangle style and ornate detailing. Perfect for cultural elegance and festive charm.\",\"breadcrumb\":{\"@id\":\"https:\\\/\\\/www.purejewels.com\\\/product\\\/22ct-gold-filigree-earrings-2\\\/#breadcrumb\"},\"inLanguage\":\"tr\",\"potentialAction\":[{\"@type\":\"ReadAction\",\"target\":[\"https:\\\/\\\/www.purejewels.com\\\/product\\\/22ct-gold-filigree-earrings-2\\\/\"]}]},{\"@type\":\"ImageObject\",\"inLanguage\":\"tr\",\"@id\":\"https:\\\/\\\/www.purejewels.com\\\/product\\\/22ct-gold-filigree-earrings-2\\\/#primaryimage\",\"url\":\"https:\\\/\\\/static.purejewels.com\\\/wp-content\\\/uploads\\\/2017\\\/12\\\/26274_1-copy-1.png\",\"contentUrl\":\"https:\\\/\\\/static.purejewels.com\\\/wp-content\\\/uploads\\\/2017\\\/12\\\/26274_1-copy-1.png\",\"width\":1000,\"height\":1000,\"caption\":\"26274_1 copy\"},{\"@type\":\"BreadcrumbList\",\"@id\":\"https:\\\/\\\/www.purejewels.com\\\/product\\\/22ct-gold-filigree-earrings-2\\\/#breadcrumb\",\"itemListElement\":[{\"@type\":\"ListItem\",\"position\":1,\"name\":\"Home\",\"item\":\"https:\\\/\\\/www.purejewels.com\\\/\"},{\"@type\":\"ListItem\",\"position\":2,\"name\":\"Shop\",\"item\":\"https:\\\/\\\/www.purejewels.com\\\/shop\\\/\"},{\"@type\":\"ListItem\",\"position\":3,\"name\":\"22ct Gold Filigree Dangle Earrings\"}]},{\"@type\":\"WebSite\",\"@id\":\"https:\\\/\\\/www.purejewels.com\\\/#website\",\"url\":\"https:\\\/\\\/www.purejewels.com\\\/\",\"name\":\"PureJewels UK\",\"description\":\"Share the Love\",\"publisher\":{\"@id\":\"https:\\\/\\\/www.purejewels.com\\\/#organization\"},\"potentialAction\":[{\"@type\":\"SearchAction\",\"target\":{\"@type\":\"EntryPoint\",\"urlTemplate\":\"https:\\\/\\\/www.purejewels.com\\\/?s={search_term_string}\"},\"query-input\":{\"@type\":\"PropertyValueSpecification\",\"valueRequired\":true,\"valueName\":\"search_term_string\"}}],\"inLanguage\":\"tr\"},{\"@type\":\"Organization\",\"@id\":\"https:\\\/\\\/www.purejewels.com\\\/#organization\",\"name\":\"PureJewels UK\",\"url\":\"https:\\\/\\\/www.purejewels.com\\\/\",\"logo\":{\"@type\":\"ImageObject\",\"inLanguage\":\"tr\",\"@id\":\"https:\\\/\\\/www.purejewels.com\\\/#\\\/schema\\\/logo\\\/image\\\/\",\"url\":\"https:\\\/\\\/static.purejewels.com\\\/wp-content\\\/uploads\\\/2020\\\/11\\\/Logo-PJ-New-1.png\",\"contentUrl\":\"https:\\\/\\\/static.purejewels.com\\\/wp-content\\\/uploads\\\/2020\\\/11\\\/Logo-PJ-New-1.png\",\"width\":150,\"height\":80,\"caption\":\"PureJewels UK\"},\"image\":{\"@id\":\"https:\\\/\\\/www.purejewels.com\\\/#\\\/schema\\\/logo\\\/image\\\/\"}}]}<\/script>\n<!-- \/ Yoast SEO plugin. -->","yoast_head_json":{"title":"22 ayar alt\u0131n telkari k\u00fcpeler | Geleneksel sark\u0131t tasar\u0131m online olarak \u0130ngiltere'de","description":"Klasik sark\u0131k stil ve s\u00fcsl\u00fc detaylara sahip, el yap\u0131m\u0131 22 ayar alt\u0131n telkari k\u00fcpeleri ke\u015ffedin. K\u00fclt\u00fcrel zarafet ve \u015fenlikli bir cazibe i\u00e7in m\u00fckemmeldir.","robots":{"index":"index","follow":"follow","max-snippet":"max-snippet:-1","max-image-preview":"max-image-preview:large","max-video-preview":"max-video-preview:-1"},"canonical":"https:\/\/www.purejewels.com\/tr\/urun\/22-ayar-altin-telkari-kupe-2\/","og_locale":"tr_TR","og_type":"article","og_title":"22ct Gold Filigree Earrings | Traditional Dangle Design online at UK","og_description":"Discover handcrafted 22ct gold filigree earrings with classic dangle style and ornate detailing. Perfect for cultural elegance and festive charm.","og_url":"https:\/\/www.purejewels.com\/tr\/urun\/22-ayar-altin-telkari-kupe-2\/","og_site_name":"PureJewels UK","article_modified_time":"2026-01-06T06:58:19+00:00","og_image":[{"width":1000,"height":1000,"url":"https:\/\/static.purejewels.com\/wp-content\/uploads\/2017\/12\/26274_1-copy-1.png","type":"image\/png"}],"twitter_card":"summary_large_image","twitter_misc":{"Tahmini okuma s\u00fcresi":"1 dakika"},"schema":{"@context":"https:\/\/schema.org","@graph":[{"@type":["WebPage","ItemPage"],"@id":"https:\/\/www.purejewels.com\/product\/22ct-gold-filigree-earrings-2\/","url":"https:\/\/www.purejewels.com\/product\/22ct-gold-filigree-earrings-2\/","name":"22 ayar alt\u0131n telkari k\u00fcpeler | Geleneksel sark\u0131t tasar\u0131m online olarak \u0130ngiltere'de","isPartOf":{"@id":"https:\/\/www.purejewels.com\/#website"},"primaryImageOfPage":{"@id":"https:\/\/www.purejewels.com\/product\/22ct-gold-filigree-earrings-2\/#primaryimage"},"image":{"@id":"https:\/\/www.purejewels.com\/product\/22ct-gold-filigree-earrings-2\/#primaryimage"},"thumbnailUrl":"https:\/\/static.purejewels.com\/wp-content\/uploads\/2017\/12\/26274_1-copy-1.png","datePublished":"2017-12-16T13:31:41+00:00","dateModified":"2026-01-06T06:58:19+00:00","description":"Klasik sark\u0131k stil ve s\u00fcsl\u00fc detaylara sahip, el yap\u0131m\u0131 22 ayar alt\u0131n telkari k\u00fcpeleri ke\u015ffedin. K\u00fclt\u00fcrel zarafet ve \u015fenlikli bir cazibe i\u00e7in m\u00fckemmeldir.","breadcrumb":{"@id":"https:\/\/www.purejewels.com\/product\/22ct-gold-filigree-earrings-2\/#breadcrumb"},"inLanguage":"tr","potentialAction":[{"@type":"ReadAction","target":["https:\/\/www.purejewels.com\/product\/22ct-gold-filigree-earrings-2\/"]}]},{"@type":"ImageObject","inLanguage":"tr","@id":"https:\/\/www.purejewels.com\/product\/22ct-gold-filigree-earrings-2\/#primaryimage","url":"https:\/\/static.purejewels.com\/wp-content\/uploads\/2017\/12\/26274_1-copy-1.png","contentUrl":"https:\/\/static.purejewels.com\/wp-content\/uploads\/2017\/12\/26274_1-copy-1.png","width":1000,"height":1000,"caption":"26274_1 copy"},{"@type":"BreadcrumbList","@id":"https:\/\/www.purejewels.com\/product\/22ct-gold-filigree-earrings-2\/#breadcrumb","itemListElement":[{"@type":"ListItem","position":1,"name":"Home","item":"https:\/\/www.purejewels.com\/"},{"@type":"ListItem","position":2,"name":"Shop","item":"https:\/\/www.purejewels.com\/shop\/"},{"@type":"ListItem","position":3,"name":"22ct Gold Filigree Dangle Earrings"}]},{"@type":"WebSite","@id":"https:\/\/www.purejewels.com\/#website","url":"https:\/\/www.purejewels.com\/","name":"PureJewels \u0130ngiltere","description":"Sevgiyi Payla\u015f\u0131n","publisher":{"@id":"https:\/\/www.purejewels.com\/#organization"},"potentialAction":[{"@type":"SearchAction","target":{"@type":"EntryPoint","urlTemplate":"https:\/\/www.purejewels.com\/?s={search_term_string}"},"query-input":{"@type":"PropertyValueSpecification","valueRequired":true,"valueName":"search_term_string"}}],"inLanguage":"tr"},{"@type":"Organization","@id":"https:\/\/www.purejewels.com\/#organization","name":"PureJewels \u0130ngiltere","url":"https:\/\/www.purejewels.com\/","logo":{"@type":"ImageObject","inLanguage":"tr","@id":"https:\/\/www.purejewels.com\/#\/schema\/logo\/image\/","url":"https:\/\/static.purejewels.com\/wp-content\/uploads\/2020\/11\/Logo-PJ-New-1.png","contentUrl":"https:\/\/static.purejewels.com\/wp-content\/uploads\/2020\/11\/Logo-PJ-New-1.png","width":150,"height":80,"caption":"PureJewels UK"},"image":{"@id":"https:\/\/www.purejewels.com\/#\/schema\/logo\/image\/"}}]}},"_links":{"self":[{"href":"https:\/\/www.purejewels.com\/tr\/wp-json\/wp\/v2\/product\/298031","targetHints":{"allow":["GET"]}}],"collection":[{"href":"https:\/\/www.purejewels.com\/tr\/wp-json\/wp\/v2\/product"}],"about":[{"href":"https:\/\/www.purejewels.com\/tr\/wp-json\/wp\/v2\/types\/product"}],"replies":[{"embeddable":true,"href":"https:\/\/www.purejewels.com\/tr\/wp-json\/wp\/v2\/comments?post=298031"}],"version-history":[{"count":3,"href":"https:\/\/www.purejewels.com\/tr\/wp-json\/wp\/v2\/product\/298031\/revisions"}],"predecessor-version":[{"id":423819,"href":"https:\/\/www.purejewels.com\/tr\/wp-json\/wp\/v2\/product\/298031\/revisions\/423819"}],"wp:featuredmedia":[{"embeddable":true,"href":"https:\/\/www.purejewels.com\/tr\/wp-json\/wp\/v2\/media\/298025"}],"wp:attachment":[{"href":"https:\/\/www.purejewels.com\/tr\/wp-json\/wp\/v2\/media?parent=298031"}],"wp:term":[{"taxonomy":"product_brand","embeddable":true,"href":"https:\/\/www.purejewels.com\/tr\/wp-json\/wp\/v2\/product_brand?post=298031"},{"taxonomy":"product_cat","embeddable":true,"href":"https:\/\/www.purejewels.com\/tr\/wp-json\/wp\/v2\/product_cat?post=298031"},{"taxonomy":"product_tag","embeddable":true,"href":"https:\/\/www.purejewels.com\/tr\/wp-json\/wp\/v2\/product_tag?post=298031"}],"curies":[{"name":"wp","href":"https:\/\/api.w.org\/{rel}","templated":true}]}}