{"id":298036,"date":"2017-12-16T13:31:42","date_gmt":"2017-12-16T13:31:42","guid":{"rendered":"https:\/\/www.purejewels.com\/product\/22ct-gold-filigree-earrings-7\/"},"modified":"2026-01-06T06:58:21","modified_gmt":"2026-01-06T06:58:21","slug":"22-ayar-altin-telkari-kupe-7","status":"publish","type":"product","link":"https:\/\/www.purejewels.com\/tr\/product\/22ct-gold-filigree-earrings-7\/","title":{"rendered":"22 ayar alt\u0131n telkari k\u00fcpeler, sarkan boncuklu"},"content":{"rendered":"<p><strong>Tasar\u0131m:<\/strong><\/p>\n<p>Bu k\u00fcpeler, karma\u015f\u0131k telkari desenlerle s\u00fcslenmi\u015f, trapez \u015feklindeki kubbe tasar\u0131m\u0131ndan esinlenerek tasarlanm\u0131\u015ft\u0131r. \u00d6n k\u0131sm\u0131, zarif gran\u00fclasyon ve geleneksel motiflerle zenginle\u015ftirilmi\u015ftir. \u00dc\u00e7 adet basamakl\u0131 boncuk k\u00fcmesi ile vurgulanm\u0131\u015f tasar\u0131m, par\u00e7aya hareket, ritim ve \u00e7ekicilik katmaktad\u0131r.<\/p>\n<p><strong>\u0130\u015f\u00e7ilik:<\/strong><\/p>\n<p>22 ayar sar\u0131 alt\u0131ndan \u00fcretilen bu k\u00fcpeler, geleneksel Hint telkari i\u015f\u00e7ili\u011fini yans\u0131t\u0131yor. Her bir \u00e7ift, usta zanaatkarlar taraf\u0131ndan el i\u015f\u00e7ili\u011fi ile \u00fcretiliyor ve gran\u00fcl dokular\u0131n detaylar\u0131nda ve p\u00fcr\u00fczs\u00fcz boncuk i\u015f\u00e7ili\u011finde hassasiyet sa\u011flan\u0131yor. Alt\u0131n boncuklar, her hareketle do\u011fal bir \u015fekilde sallanabilmeleri i\u00e7in g\u00fcvenli bir \u015fekilde as\u0131l\u0131d\u0131r.<\/p>\n<p><strong>Stil:<\/strong><\/p>\n<p>Bayramlar, tap\u0131nak t\u00f6renleri veya geleneksel kutlamalar i\u00e7in m\u00fckemmel olan bu k\u00fcpeler, vintage Hint esteti\u011fini yans\u0131t\u0131yor. Karma\u015f\u0131k kubbe \u015fekli ve ritmik boncuk detaylar\u0131, ipek sari, lehenga veya klasik salwar tak\u0131mlar\u0131yla kombinlemek i\u00e7in ideal.<\/p>","protected":false},"excerpt":{"rendered":"<p>22 ayar alt\u0131nla \u00f6zenle el i\u015f\u00e7ili\u011fi ile \u00fcretilen bu telkari k\u00fcpeler, geleneksel kubbe silueti ile dikkat \u00e7eker. \u0130nce detaylar ve k\u00fcme boncuk damlalar\u0131 ile vurgulanan bu k\u00fcpeler, zamans\u0131z etnik zarafet sunar.<\/p>\n<ul>\n<li>22 ayar alt\u0131n geleneksel telkari k\u00fcpe<\/li>\n<li>A\u011f\u0131rl\u0131k 6,7 gms<\/li>\n<li>SKU 16583<\/li>\n<li>T\u00fcm fiyatlara KDV dahildir<\/li>\n<li>Londra Tahlil Ofisi Taraf\u0131ndan Damgalanm\u0131\u015f 22 Ayar Alt\u0131n<\/li>\n<li>Sunum Kutusu ile Birlikte Gelir<\/li>\n<li>Teslimat Dahil<\/li>\n<li>Bu \u00dcr\u00fcn\u00fcn Daha Fazla Resim ve Videosu \u0130\u00e7in Whatsapp'tan Bizimle Canl\u0131 Sohbet Edin<\/li>\n<\/ul>","protected":false},"featured_media":309509,"comment_status":"closed","ping_status":"closed","template":"","meta":{"_eb_attr":"","_crsspst_to_jayantr4sg-hostcom":true},"product_brand":[],"product_cat":[1685,1229,1573,1574],"product_tag":[],"class_list":{"0":"post-298036","1":"product","2":"type-product","3":"status-publish","4":"has-post-thumbnail","6":"product_cat-drop-earrings","7":"product_cat-22ct-gold-jewellery","8":"product_cat-wedding-gifts","9":"product_cat-womens-jewellery","11":"first","12":"outofstock","13":"taxable","14":"shipping-taxable","15":"product-type-simple","16":"add-to-wishlist-before_image"},"yoast_head":"<!-- This site is optimized with the Yoast SEO plugin v27.5 - https:\/\/yoast.com\/product\/yoast-seo-wordpress\/ -->\n<title>22ct Gold Dome Filigree Earrings with Beaded Drops online at UK<\/title>\n<meta name=\"description\" content=\"Elegant 22ct gold filigree earrings featuring a dome-inspired design with intricate textures and cascading bead drops. A perfect blend of tradition and detail.\" \/>\n<meta name=\"robots\" content=\"index, follow, max-snippet:-1, max-image-preview:large, max-video-preview:-1\" \/>\n<link rel=\"canonical\" href=\"https:\/\/www.purejewels.com\/tr\/urun\/22-ayar-altin-telkari-kupe-7\/\" \/>\n<meta property=\"og:locale\" content=\"tr_TR\" \/>\n<meta property=\"og:type\" content=\"article\" \/>\n<meta property=\"og:title\" content=\"22ct Gold Dome Filigree Earrings with Beaded Drops online at UK\" \/>\n<meta property=\"og:description\" content=\"Elegant 22ct gold filigree earrings featuring a dome-inspired design with intricate textures and cascading bead drops. A perfect blend of tradition and detail.\" \/>\n<meta property=\"og:url\" content=\"https:\/\/www.purejewels.com\/tr\/urun\/22-ayar-altin-telkari-kupe-7\/\" \/>\n<meta property=\"og:site_name\" content=\"PureJewels UK\" \/>\n<meta property=\"article:modified_time\" content=\"2026-01-06T06:58:21+00:00\" \/>\n<meta property=\"og:image\" content=\"https:\/\/static.purejewels.com\/wp-content\/uploads\/2017\/12\/16583_1.png\" \/>\n\t<meta property=\"og:image:width\" content=\"1000\" \/>\n\t<meta property=\"og:image:height\" content=\"1000\" \/>\n\t<meta property=\"og:image:type\" content=\"image\/png\" \/>\n<meta name=\"twitter:card\" content=\"summary_large_image\" \/>\n<meta name=\"twitter:label1\" content=\"Tahmini okuma s\u00fcresi\" \/>\n\t<meta name=\"twitter:data1\" content=\"1 dakika\" \/>\n<script type=\"application\/ld+json\" class=\"yoast-schema-graph\">{\"@context\":\"https:\\\/\\\/schema.org\",\"@graph\":[{\"@type\":[\"WebPage\",\"ItemPage\"],\"@id\":\"https:\\\/\\\/www.purejewels.com\\\/product\\\/22ct-gold-filigree-earrings-7\\\/\",\"url\":\"https:\\\/\\\/www.purejewels.com\\\/product\\\/22ct-gold-filigree-earrings-7\\\/\",\"name\":\"22ct Gold Dome Filigree Earrings with Beaded Drops online at UK\",\"isPartOf\":{\"@id\":\"https:\\\/\\\/www.purejewels.com\\\/#website\"},\"primaryImageOfPage\":{\"@id\":\"https:\\\/\\\/www.purejewels.com\\\/product\\\/22ct-gold-filigree-earrings-7\\\/#primaryimage\"},\"image\":{\"@id\":\"https:\\\/\\\/www.purejewels.com\\\/product\\\/22ct-gold-filigree-earrings-7\\\/#primaryimage\"},\"thumbnailUrl\":\"https:\\\/\\\/static.purejewels.com\\\/wp-content\\\/uploads\\\/2017\\\/12\\\/16583_1.png\",\"datePublished\":\"2017-12-16T13:31:42+00:00\",\"dateModified\":\"2026-01-06T06:58:21+00:00\",\"description\":\"Elegant 22ct gold filigree earrings featuring a dome-inspired design with intricate textures and cascading bead drops. A perfect blend of tradition and detail.\",\"breadcrumb\":{\"@id\":\"https:\\\/\\\/www.purejewels.com\\\/product\\\/22ct-gold-filigree-earrings-7\\\/#breadcrumb\"},\"inLanguage\":\"tr\",\"potentialAction\":[{\"@type\":\"ReadAction\",\"target\":[\"https:\\\/\\\/www.purejewels.com\\\/product\\\/22ct-gold-filigree-earrings-7\\\/\"]}]},{\"@type\":\"ImageObject\",\"inLanguage\":\"tr\",\"@id\":\"https:\\\/\\\/www.purejewels.com\\\/product\\\/22ct-gold-filigree-earrings-7\\\/#primaryimage\",\"url\":\"https:\\\/\\\/static.purejewels.com\\\/wp-content\\\/uploads\\\/2017\\\/12\\\/16583_1.png\",\"contentUrl\":\"https:\\\/\\\/static.purejewels.com\\\/wp-content\\\/uploads\\\/2017\\\/12\\\/16583_1.png\",\"width\":1000,\"height\":1000,\"caption\":\"16583_1\"},{\"@type\":\"BreadcrumbList\",\"@id\":\"https:\\\/\\\/www.purejewels.com\\\/product\\\/22ct-gold-filigree-earrings-7\\\/#breadcrumb\",\"itemListElement\":[{\"@type\":\"ListItem\",\"position\":1,\"name\":\"Home\",\"item\":\"https:\\\/\\\/www.purejewels.com\\\/\"},{\"@type\":\"ListItem\",\"position\":2,\"name\":\"Shop\",\"item\":\"https:\\\/\\\/www.purejewels.com\\\/shop\\\/\"},{\"@type\":\"ListItem\",\"position\":3,\"name\":\"22ct Gold Filigree Earrings with Hanging Beads\"}]},{\"@type\":\"WebSite\",\"@id\":\"https:\\\/\\\/www.purejewels.com\\\/#website\",\"url\":\"https:\\\/\\\/www.purejewels.com\\\/\",\"name\":\"PureJewels UK\",\"description\":\"Share the Love\",\"publisher\":{\"@id\":\"https:\\\/\\\/www.purejewels.com\\\/#organization\"},\"potentialAction\":[{\"@type\":\"SearchAction\",\"target\":{\"@type\":\"EntryPoint\",\"urlTemplate\":\"https:\\\/\\\/www.purejewels.com\\\/?s={search_term_string}\"},\"query-input\":{\"@type\":\"PropertyValueSpecification\",\"valueRequired\":true,\"valueName\":\"search_term_string\"}}],\"inLanguage\":\"tr\"},{\"@type\":\"Organization\",\"@id\":\"https:\\\/\\\/www.purejewels.com\\\/#organization\",\"name\":\"PureJewels UK\",\"url\":\"https:\\\/\\\/www.purejewels.com\\\/\",\"logo\":{\"@type\":\"ImageObject\",\"inLanguage\":\"tr\",\"@id\":\"https:\\\/\\\/www.purejewels.com\\\/#\\\/schema\\\/logo\\\/image\\\/\",\"url\":\"https:\\\/\\\/static.purejewels.com\\\/wp-content\\\/uploads\\\/2020\\\/11\\\/Logo-PJ-New-1.png\",\"contentUrl\":\"https:\\\/\\\/static.purejewels.com\\\/wp-content\\\/uploads\\\/2020\\\/11\\\/Logo-PJ-New-1.png\",\"width\":150,\"height\":80,\"caption\":\"PureJewels UK\"},\"image\":{\"@id\":\"https:\\\/\\\/www.purejewels.com\\\/#\\\/schema\\\/logo\\\/image\\\/\"}}]}<\/script>\n<!-- \/ Yoast SEO plugin. -->","yoast_head_json":{"title":"22 ayar alt\u0131n kubbe filigran k\u00fcpe, boncuklu damlalar ile birlikte \u0130ngiltere'de \u00e7evrimi\u00e7i olarak sat\u0131lmaktad\u0131r.","description":"Kubbe esintili tasar\u0131m\u0131, karma\u015f\u0131k dokular\u0131 ve sarkan boncuklar\u0131 ile zarif 22 ayar alt\u0131n telkari k\u00fcpeler. Gelenek ve detaylar\u0131n m\u00fckemmel bir kar\u0131\u015f\u0131m\u0131.","robots":{"index":"index","follow":"follow","max-snippet":"max-snippet:-1","max-image-preview":"max-image-preview:large","max-video-preview":"max-video-preview:-1"},"canonical":"https:\/\/www.purejewels.com\/tr\/urun\/22-ayar-altin-telkari-kupe-7\/","og_locale":"tr_TR","og_type":"article","og_title":"22ct Gold Dome Filigree Earrings with Beaded Drops online at UK","og_description":"Elegant 22ct gold filigree earrings featuring a dome-inspired design with intricate textures and cascading bead drops. A perfect blend of tradition and detail.","og_url":"https:\/\/www.purejewels.com\/tr\/urun\/22-ayar-altin-telkari-kupe-7\/","og_site_name":"PureJewels UK","article_modified_time":"2026-01-06T06:58:21+00:00","og_image":[{"width":1000,"height":1000,"url":"https:\/\/static.purejewels.com\/wp-content\/uploads\/2017\/12\/16583_1.png","type":"image\/png"}],"twitter_card":"summary_large_image","twitter_misc":{"Tahmini okuma s\u00fcresi":"1 dakika"},"schema":{"@context":"https:\/\/schema.org","@graph":[{"@type":["WebPage","ItemPage"],"@id":"https:\/\/www.purejewels.com\/product\/22ct-gold-filigree-earrings-7\/","url":"https:\/\/www.purejewels.com\/product\/22ct-gold-filigree-earrings-7\/","name":"22 ayar alt\u0131n kubbe filigran k\u00fcpe, boncuklu damlalar ile birlikte \u0130ngiltere'de \u00e7evrimi\u00e7i olarak sat\u0131lmaktad\u0131r.","isPartOf":{"@id":"https:\/\/www.purejewels.com\/#website"},"primaryImageOfPage":{"@id":"https:\/\/www.purejewels.com\/product\/22ct-gold-filigree-earrings-7\/#primaryimage"},"image":{"@id":"https:\/\/www.purejewels.com\/product\/22ct-gold-filigree-earrings-7\/#primaryimage"},"thumbnailUrl":"https:\/\/static.purejewels.com\/wp-content\/uploads\/2017\/12\/16583_1.png","datePublished":"2017-12-16T13:31:42+00:00","dateModified":"2026-01-06T06:58:21+00:00","description":"Kubbe esintili tasar\u0131m\u0131, karma\u015f\u0131k dokular\u0131 ve sarkan boncuklar\u0131 ile zarif 22 ayar alt\u0131n telkari k\u00fcpeler. Gelenek ve detaylar\u0131n m\u00fckemmel bir kar\u0131\u015f\u0131m\u0131.","breadcrumb":{"@id":"https:\/\/www.purejewels.com\/product\/22ct-gold-filigree-earrings-7\/#breadcrumb"},"inLanguage":"tr","potentialAction":[{"@type":"ReadAction","target":["https:\/\/www.purejewels.com\/product\/22ct-gold-filigree-earrings-7\/"]}]},{"@type":"ImageObject","inLanguage":"tr","@id":"https:\/\/www.purejewels.com\/product\/22ct-gold-filigree-earrings-7\/#primaryimage","url":"https:\/\/static.purejewels.com\/wp-content\/uploads\/2017\/12\/16583_1.png","contentUrl":"https:\/\/static.purejewels.com\/wp-content\/uploads\/2017\/12\/16583_1.png","width":1000,"height":1000,"caption":"16583_1"},{"@type":"BreadcrumbList","@id":"https:\/\/www.purejewels.com\/product\/22ct-gold-filigree-earrings-7\/#breadcrumb","itemListElement":[{"@type":"ListItem","position":1,"name":"Home","item":"https:\/\/www.purejewels.com\/"},{"@type":"ListItem","position":2,"name":"Shop","item":"https:\/\/www.purejewels.com\/shop\/"},{"@type":"ListItem","position":3,"name":"22ct Gold Filigree Earrings with Hanging Beads"}]},{"@type":"WebSite","@id":"https:\/\/www.purejewels.com\/#website","url":"https:\/\/www.purejewels.com\/","name":"PureJewels \u0130ngiltere","description":"Sevgiyi Payla\u015f\u0131n","publisher":{"@id":"https:\/\/www.purejewels.com\/#organization"},"potentialAction":[{"@type":"SearchAction","target":{"@type":"EntryPoint","urlTemplate":"https:\/\/www.purejewels.com\/?s={search_term_string}"},"query-input":{"@type":"PropertyValueSpecification","valueRequired":true,"valueName":"search_term_string"}}],"inLanguage":"tr"},{"@type":"Organization","@id":"https:\/\/www.purejewels.com\/#organization","name":"PureJewels \u0130ngiltere","url":"https:\/\/www.purejewels.com\/","logo":{"@type":"ImageObject","inLanguage":"tr","@id":"https:\/\/www.purejewels.com\/#\/schema\/logo\/image\/","url":"https:\/\/static.purejewels.com\/wp-content\/uploads\/2020\/11\/Logo-PJ-New-1.png","contentUrl":"https:\/\/static.purejewels.com\/wp-content\/uploads\/2020\/11\/Logo-PJ-New-1.png","width":150,"height":80,"caption":"PureJewels UK"},"image":{"@id":"https:\/\/www.purejewels.com\/#\/schema\/logo\/image\/"}}]}},"_links":{"self":[{"href":"https:\/\/www.purejewels.com\/tr\/wp-json\/wp\/v2\/product\/298036","targetHints":{"allow":["GET"]}}],"collection":[{"href":"https:\/\/www.purejewels.com\/tr\/wp-json\/wp\/v2\/product"}],"about":[{"href":"https:\/\/www.purejewels.com\/tr\/wp-json\/wp\/v2\/types\/product"}],"replies":[{"embeddable":true,"href":"https:\/\/www.purejewels.com\/tr\/wp-json\/wp\/v2\/comments?post=298036"}],"version-history":[{"count":3,"href":"https:\/\/www.purejewels.com\/tr\/wp-json\/wp\/v2\/product\/298036\/revisions"}],"predecessor-version":[{"id":423855,"href":"https:\/\/www.purejewels.com\/tr\/wp-json\/wp\/v2\/product\/298036\/revisions\/423855"}],"wp:featuredmedia":[{"embeddable":true,"href":"https:\/\/www.purejewels.com\/tr\/wp-json\/wp\/v2\/media\/309509"}],"wp:attachment":[{"href":"https:\/\/www.purejewels.com\/tr\/wp-json\/wp\/v2\/media?parent=298036"}],"wp:term":[{"taxonomy":"product_brand","embeddable":true,"href":"https:\/\/www.purejewels.com\/tr\/wp-json\/wp\/v2\/product_brand?post=298036"},{"taxonomy":"product_cat","embeddable":true,"href":"https:\/\/www.purejewels.com\/tr\/wp-json\/wp\/v2\/product_cat?post=298036"},{"taxonomy":"product_tag","embeddable":true,"href":"https:\/\/www.purejewels.com\/tr\/wp-json\/wp\/v2\/product_tag?post=298036"}],"curies":[{"name":"wp","href":"https:\/\/api.w.org\/{rel}","templated":true}]}}