{"id":298040,"date":"2017-12-16T13:38:28","date_gmt":"2017-12-16T13:38:28","guid":{"rendered":"https:\/\/www.purejewels.com\/product\/christian-bauer-wedding-ring-2\/"},"modified":"2026-02-20T09:41:57","modified_gmt":"2026-02-20T09:41:57","slug":"christian-bauer-alyans-2","status":"publish","type":"product","link":"https:\/\/www.purejewels.com\/tr\/product\/christian-bauer-wedding-ring-2\/","title":{"rendered":"Christian Bauer Alyans Y\u00fcz\u00fck"},"content":{"rendered":"<p><span style=\"font-size: 12pt\">Bir alyans\u0131n g\u00f6steri\u015fli veya karma\u015f\u0131k olmas\u0131 gerekmez: m\u00fckemmel metal ve kusursuz <a href=\"https:\/\/www.purejewels.com\/tr\/a-guide-to-die-stamping\/\">zanaatkarl\u0131k<\/a>ve \u00f6m\u00fcr boyu s\u00fcrecek bir y\u00fcz\u00fc\u011f\u00fcn\u00fcz olacak.\u00a0 <a href=\"https:\/\/www.purejewels.com\/tr\/product-category\/wedding-rings-bands\/wedding-bands\/christian-bauer-brands\/\">Christian Bauer<\/a> <a href=\"https:\/\/www.purejewels.com\/tr\/product-category\/22ct-gold-jewellery\/gold-rings\/\">halkalar<\/a> rahatl\u0131\u011f\u0131 ve tam oturmas\u0131yla \u00fcnl\u00fcd\u00fcr - ve gelecek on y\u0131llar boyunca \u00f6nemli olan da bu olacakt\u0131r.  Kuyumcunun y\u00fczy\u0131ll\u0131k deneyiminden yararlanan bu alyans, bireysel bir dokunu\u015fa sahip sofistike bir tasar\u0131md\u0131r.  Ah\u015fap damarl\u0131 doku (muhtemelen m\u00fccevher st\u00fcdyosunun yak\u0131n\u0131ndaki dramatik ormandan esinlenilmi\u015ftir) yak\u0131ndan ilgi \u00e7eker.  Christian Bauer y\u00fcz\u00fckleri sipari\u015f \u00fczerine \u00fcretilir, bu nedenle sizinkini rezerve etmek isterseniz l\u00fctfen ileti\u015fime ge\u00e7in, size uygunluk konusunda tavsiyelerde bulunal\u0131m.<\/span><\/p>\n<p>&nbsp;<\/p>\n<p>&nbsp;<\/p>\n<p>&nbsp;<\/p>\n<ul>\n<li style=\"list-style-type: none\">\n<ul>\n<li>Londra'da Christian Bauer y\u00fcz\u00fcklerinin yetkili sat\u0131c\u0131s\u0131<\/li>\n<\/ul>\n<\/li>\n<\/ul>\n<p>&nbsp;<\/p>\n<ul>\n<li style=\"list-style-type: none\">\n<ul>\n<li>Erkekler i\u00e7in Christian Bauer Alyans -274460<\/li>\n<\/ul>\n<\/li>\n<\/ul>\n<p>&nbsp;<\/p>\n<ul>\n<li style=\"list-style-type: none\">\n<ul>\n<li>Metal Platin<\/li>\n<\/ul>\n<\/li>\n<\/ul>\n<p>&nbsp;<\/p>\n<ul>\n<li style=\"list-style-type: none\">\n<ul>\n<li>Geni\u015flik: 6,5 mm<\/li>\n<\/ul>\n<\/li>\n<\/ul>\n<p>&nbsp;<\/p>\n<ul>\n<li style=\"list-style-type: none\">\n<ul>\n<li>*Y\u00fcz\u00fc\u011f\u00fcn\u00fcz ki\u015fiye \u00f6zel olarak \u00fcretilir, bu nedenle teslim s\u00fcreleri hakk\u0131nda bilgi almak i\u00e7in bizimle ileti\u015fime ge\u00e7in.<\/li>\n<\/ul>\n<\/li>\n<\/ul>\n<p>&nbsp;<\/p>\n<p>&nbsp;<\/p>\n<p><strong>Neden bir Christian Bauer y\u00fcz\u00fck se\u00e7melisiniz?<\/strong><br \/>\nBir alyans sat\u0131n almak basit bir i\u015f de\u011fildir - ve bir alyans yapmak da \u00f6yle.  Christian Bauer y\u00fcz\u00fckleri g\u00fczel yap\u0131lmalar\u0131 ve rahat tak\u0131lmalar\u0131yla \u00fcnl\u00fcd\u00fcr.  Christian Bauer ayn\u0131 zamanda \u00e7evresel s\u00fcrd\u00fcr\u00fclebilirlik konusunda da bir \u00fcne sahiptir.  Welzheim Orman\u0131 yak\u0131nlar\u0131ndaki modern tesislerinde faaliyet g\u00f6steren kuyumcu, kendi su ar\u0131tma tesislerine sahiptir ve \u00f6nceden \u00e7\u0131kar\u0131lm\u0131\u015f metalleri kullanmak yerine topra\u011fa zarar vermemeyi taahh\u00fct etmektedir.<strong>\u00a0 <\/strong><\/p>\n<p>&nbsp;<\/p>\n<p><strong>PureJewels, Christian Bauer'in Londra'daki yetkili sat\u0131c\u0131s\u0131d\u0131r<\/strong><br \/>\nBu prestijli Alman kuyumcu y\u0131llard\u0131r bize alyans tedarik ediyor ve biz de onlar\u0131 bir\u00e7ok mutlu gelin ve damada satma ayr\u0131cal\u0131\u011f\u0131na sahip olduk.  Tam olarak do\u011fru alyans\u0131 bulman\u0131za yard\u0131mc\u0131 olmak i\u00e7in buraday\u0131z, bu nedenle bir randevu al\u0131n veya sadece u\u011fray\u0131n ve bir se\u00e7im deneyin.  G\u00f6steri salonuna ula\u015fam\u0131yorsan\u0131z, bize Canl\u0131 Sohbet ile ula\u015fabilirsiniz - size stoktaki en yeni Christian Bauer alyanslar\u0131n\u0131n resimlerini g\u00f6sterebilecek bir ma\u011faza dan\u0131\u015fman\u0131 taraf\u0131ndan hizmet verilecektir.<\/p>\n<p>&nbsp;<\/p>\n<p>&nbsp;<\/p>\n<p>&nbsp;<\/p>","protected":false},"excerpt":{"rendered":"<ul>\n<li>Londra'da Christian Bauer y\u00fcz\u00fcklerinin yetkili sat\u0131c\u0131s\u0131<\/li>\n<li>Erkekler i\u00e7in Christian Bauer Alyans -274460<\/li>\n<li>Metal Platin<\/li>\n<li>Geni\u015flik: 6,5 mm<\/li>\n<li>*Y\u00fcz\u00fc\u011f\u00fcn\u00fcz ki\u015fiye \u00f6zel olarak \u00fcretilir, bu nedenle teslim s\u00fcreleri hakk\u0131nda bilgi almak i\u00e7in bizimle ileti\u015fime ge\u00e7in.<\/li>\n<\/ul>","protected":false},"featured_media":315613,"comment_status":"closed","ping_status":"closed","template":"","meta":{"_eb_attr":"","_crsspst_to_jayantr4sg-hostcom":false},"product_brand":[],"product_cat":[238,1572,1800,5293,5294,229,226],"product_tag":[],"class_list":{"0":"post-298040","1":"product","2":"type-product","3":"status-publish","4":"has-post-thumbnail","6":"product_cat-christian-bauer-brands","7":"product_cat-mens-jewellery","8":"product_cat-platinum-bands","9":"product_cat-platinum-wedding-bands-2","10":"product_cat-platinum-wedding-bands-for-men","11":"product_cat-wedding-bands","12":"product_cat-wedding-rings-bands","14":"first","15":"instock","16":"taxable","17":"shipping-taxable","18":"purchasable","19":"product-type-simple","20":"add-to-wishlist-before_image"},"yoast_head":"<!-- This site is optimized with the Yoast SEO plugin v27.5 - https:\/\/yoast.com\/product\/yoast-seo-wordpress\/ -->\n<title>Christian Bauer Wedding Bands \u2013 Timeless Rings | Purejewels UK<\/title>\n<meta name=\"description\" content=\"Shop exquisite Christian Bauer wedding bands in London, UK at Purejewels UK. Timeless craftsmanship and elegance for your special day. Explore now!\" \/>\n<meta name=\"robots\" content=\"index, follow, max-snippet:-1, max-image-preview:large, max-video-preview:-1\" \/>\n<link rel=\"canonical\" href=\"https:\/\/www.purejewels.com\/tr\/urun\/christian-bauer-alyans-2\/\" \/>\n<meta property=\"og:locale\" content=\"tr_TR\" \/>\n<meta property=\"og:type\" content=\"article\" \/>\n<meta property=\"og:title\" content=\"Christian Bauer Wedding Bands \u2013 Timeless Rings | Purejewels UK\" \/>\n<meta property=\"og:description\" content=\"Shop exquisite Christian Bauer wedding bands in London, UK at Purejewels UK. Timeless craftsmanship and elegance for your special day. Explore now!\" \/>\n<meta property=\"og:url\" content=\"https:\/\/www.purejewels.com\/tr\/urun\/christian-bauer-alyans-2\/\" \/>\n<meta property=\"og:site_name\" content=\"PureJewels UK\" \/>\n<meta property=\"article:modified_time\" content=\"2026-02-20T09:41:57+00:00\" \/>\n<meta property=\"og:image\" content=\"https:\/\/static.purejewels.com\/wp-content\/uploads\/2020\/07\/137217210.jpg\" \/>\n\t<meta property=\"og:image:width\" content=\"960\" \/>\n\t<meta property=\"og:image:height\" content=\"960\" \/>\n\t<meta property=\"og:image:type\" content=\"image\/jpeg\" \/>\n<meta name=\"twitter:card\" content=\"summary_large_image\" \/>\n<meta name=\"twitter:label1\" content=\"Tahmini okuma s\u00fcresi\" \/>\n\t<meta name=\"twitter:data1\" content=\"2 dakika\" \/>\n<script type=\"application\/ld+json\" class=\"yoast-schema-graph\">{\"@context\":\"https:\\\/\\\/schema.org\",\"@graph\":[{\"@type\":[\"WebPage\",\"ItemPage\"],\"@id\":\"https:\\\/\\\/www.purejewels.com\\\/product\\\/christian-bauer-wedding-ring-2\\\/\",\"url\":\"https:\\\/\\\/www.purejewels.com\\\/product\\\/christian-bauer-wedding-ring-2\\\/\",\"name\":\"Christian Bauer Wedding Bands \u2013 Timeless Rings | Purejewels UK\",\"isPartOf\":{\"@id\":\"https:\\\/\\\/www.purejewels.com\\\/#website\"},\"primaryImageOfPage\":{\"@id\":\"https:\\\/\\\/www.purejewels.com\\\/product\\\/christian-bauer-wedding-ring-2\\\/#primaryimage\"},\"image\":{\"@id\":\"https:\\\/\\\/www.purejewels.com\\\/product\\\/christian-bauer-wedding-ring-2\\\/#primaryimage\"},\"thumbnailUrl\":\"https:\\\/\\\/static.purejewels.com\\\/wp-content\\\/uploads\\\/2020\\\/07\\\/137217210.jpg\",\"datePublished\":\"2017-12-16T13:38:28+00:00\",\"dateModified\":\"2026-02-20T09:41:57+00:00\",\"description\":\"Shop exquisite Christian Bauer wedding bands in London, UK at Purejewels UK. Timeless craftsmanship and elegance for your special day. Explore now!\",\"breadcrumb\":{\"@id\":\"https:\\\/\\\/www.purejewels.com\\\/product\\\/christian-bauer-wedding-ring-2\\\/#breadcrumb\"},\"inLanguage\":\"tr\",\"potentialAction\":[{\"@type\":\"ReadAction\",\"target\":[\"https:\\\/\\\/www.purejewels.com\\\/product\\\/christian-bauer-wedding-ring-2\\\/\"]}]},{\"@type\":\"ImageObject\",\"inLanguage\":\"tr\",\"@id\":\"https:\\\/\\\/www.purejewels.com\\\/product\\\/christian-bauer-wedding-ring-2\\\/#primaryimage\",\"url\":\"https:\\\/\\\/static.purejewels.com\\\/wp-content\\\/uploads\\\/2020\\\/07\\\/137217210.jpg\",\"contentUrl\":\"https:\\\/\\\/static.purejewels.com\\\/wp-content\\\/uploads\\\/2020\\\/07\\\/137217210.jpg\",\"width\":960,\"height\":960,\"caption\":\"A wedding ring needn\u2019t be flashy or complicated: look for excellent metal and impeccable craftsmanship, and you\u2019ll have a ring to last a lifetime.\u00a0 Christian Bauer rings are renowned for being comfortable and well-fitting \u2013 and in all the decades to come, that\u2019s what will matter.\u00a0 Drawing on the jeweller\u2019s century of experience, this wedding ring is a sophisticated design with a touch of individuality.\u00a0 The wood-grain texture (possibly inspired by the dramatic forest close to the jewellery studio) adds close-up interest.\u00a0 Christian Bauer rings are made to order, so please get in touch if you\u2019d like to reserve yours, and we will advise you on fitting.&nbsp;Authorised stockist of Christian Bauer rings in LondonChristian Bauer Wedding Ring for men \u2013274460Metal: PlatinumWidth: 6.5mm*Your ring is individually made, so contact us to find out about lead times.Why choose a Christian Bauer ring?Buying a wedding ring is no simple task \u2013 and neither is crafting one.\u00a0 Christian Bauer rings are famous for being beautifully made and comfortable to wear.\u00a0 Christian Bauer also has a reputation for environmental sustainability.\u00a0 The jeweller is based in modern premises near the Welzheim Forest, with its own water treatment works and a commitment to disturb no earth, instead using previously-mined metals.\u00a0 PureJewels is an authorised stockist of Christian Bauer in LondonThis prestigious German jeweller has been supplying us with wedding rings for years and we\u2019ve been privileged to sell them to many delighted brides and grooms. \u00a0We\u2019re here to help you find precisely the right wedding ring, so make an appointment or just pop in and try on a selection.\u00a0 If you\u2019re unable to reach the show room then you can reach us by Live Chat \u2013 you\u2019ll be served by an in-store advisor who can show you pictures of the latest Christian Bauer wedding rings in stock.&nbsp;\"},{\"@type\":\"BreadcrumbList\",\"@id\":\"https:\\\/\\\/www.purejewels.com\\\/product\\\/christian-bauer-wedding-ring-2\\\/#breadcrumb\",\"itemListElement\":[{\"@type\":\"ListItem\",\"position\":1,\"name\":\"Home\",\"item\":\"https:\\\/\\\/www.purejewels.com\\\/\"},{\"@type\":\"ListItem\",\"position\":2,\"name\":\"Shop\",\"item\":\"https:\\\/\\\/www.purejewels.com\\\/shop\\\/\"},{\"@type\":\"ListItem\",\"position\":3,\"name\":\"Christian Bauer Wedding Band Ring\"}]},{\"@type\":\"WebSite\",\"@id\":\"https:\\\/\\\/www.purejewels.com\\\/#website\",\"url\":\"https:\\\/\\\/www.purejewels.com\\\/\",\"name\":\"PureJewels UK\",\"description\":\"Share the Love\",\"publisher\":{\"@id\":\"https:\\\/\\\/www.purejewels.com\\\/#organization\"},\"potentialAction\":[{\"@type\":\"SearchAction\",\"target\":{\"@type\":\"EntryPoint\",\"urlTemplate\":\"https:\\\/\\\/www.purejewels.com\\\/?s={search_term_string}\"},\"query-input\":{\"@type\":\"PropertyValueSpecification\",\"valueRequired\":true,\"valueName\":\"search_term_string\"}}],\"inLanguage\":\"tr\"},{\"@type\":\"Organization\",\"@id\":\"https:\\\/\\\/www.purejewels.com\\\/#organization\",\"name\":\"PureJewels UK\",\"url\":\"https:\\\/\\\/www.purejewels.com\\\/\",\"logo\":{\"@type\":\"ImageObject\",\"inLanguage\":\"tr\",\"@id\":\"https:\\\/\\\/www.purejewels.com\\\/#\\\/schema\\\/logo\\\/image\\\/\",\"url\":\"https:\\\/\\\/static.purejewels.com\\\/wp-content\\\/uploads\\\/2020\\\/11\\\/Logo-PJ-New-1.png\",\"contentUrl\":\"https:\\\/\\\/static.purejewels.com\\\/wp-content\\\/uploads\\\/2020\\\/11\\\/Logo-PJ-New-1.png\",\"width\":150,\"height\":80,\"caption\":\"PureJewels UK\"},\"image\":{\"@id\":\"https:\\\/\\\/www.purejewels.com\\\/#\\\/schema\\\/logo\\\/image\\\/\"}}]}<\/script>\n<!-- \/ Yoast SEO plugin. -->","yoast_head_json":{"title":"Christian Bauer Alyanslar - Zamans\u0131z Y\u00fcz\u00fckler | Purejewels UK","description":"Purejewels UK'de Londra, Birle\u015fik Krall\u0131k'taki zarif Christian Bauer alyanslar\u0131n\u0131 sat\u0131n al\u0131n. \u00d6zel g\u00fcn\u00fcn\u00fcz i\u00e7in zamans\u0131z i\u015f\u00e7ilik ve zarafet. \u015eimdi ke\u015ffedin!","robots":{"index":"index","follow":"follow","max-snippet":"max-snippet:-1","max-image-preview":"max-image-preview:large","max-video-preview":"max-video-preview:-1"},"canonical":"https:\/\/www.purejewels.com\/tr\/urun\/christian-bauer-alyans-2\/","og_locale":"tr_TR","og_type":"article","og_title":"Christian Bauer Wedding Bands \u2013 Timeless Rings | Purejewels UK","og_description":"Shop exquisite Christian Bauer wedding bands in London, UK at Purejewels UK. Timeless craftsmanship and elegance for your special day. Explore now!","og_url":"https:\/\/www.purejewels.com\/tr\/urun\/christian-bauer-alyans-2\/","og_site_name":"PureJewels UK","article_modified_time":"2026-02-20T09:41:57+00:00","og_image":[{"width":960,"height":960,"url":"https:\/\/static.purejewels.com\/wp-content\/uploads\/2020\/07\/137217210.jpg","type":"image\/jpeg"}],"twitter_card":"summary_large_image","twitter_misc":{"Tahmini okuma s\u00fcresi":"2 dakika"},"schema":{"@context":"https:\/\/schema.org","@graph":[{"@type":["WebPage","ItemPage"],"@id":"https:\/\/www.purejewels.com\/product\/christian-bauer-wedding-ring-2\/","url":"https:\/\/www.purejewels.com\/product\/christian-bauer-wedding-ring-2\/","name":"Christian Bauer Alyanslar - Zamans\u0131z Y\u00fcz\u00fckler | Purejewels UK","isPartOf":{"@id":"https:\/\/www.purejewels.com\/#website"},"primaryImageOfPage":{"@id":"https:\/\/www.purejewels.com\/product\/christian-bauer-wedding-ring-2\/#primaryimage"},"image":{"@id":"https:\/\/www.purejewels.com\/product\/christian-bauer-wedding-ring-2\/#primaryimage"},"thumbnailUrl":"https:\/\/static.purejewels.com\/wp-content\/uploads\/2020\/07\/137217210.jpg","datePublished":"2017-12-16T13:38:28+00:00","dateModified":"2026-02-20T09:41:57+00:00","description":"Purejewels UK'de Londra, Birle\u015fik Krall\u0131k'taki zarif Christian Bauer alyanslar\u0131n\u0131 sat\u0131n al\u0131n. \u00d6zel g\u00fcn\u00fcn\u00fcz i\u00e7in zamans\u0131z i\u015f\u00e7ilik ve zarafet. \u015eimdi ke\u015ffedin!","breadcrumb":{"@id":"https:\/\/www.purejewels.com\/product\/christian-bauer-wedding-ring-2\/#breadcrumb"},"inLanguage":"tr","potentialAction":[{"@type":"ReadAction","target":["https:\/\/www.purejewels.com\/product\/christian-bauer-wedding-ring-2\/"]}]},{"@type":"ImageObject","inLanguage":"tr","@id":"https:\/\/www.purejewels.com\/product\/christian-bauer-wedding-ring-2\/#primaryimage","url":"https:\/\/static.purejewels.com\/wp-content\/uploads\/2020\/07\/137217210.jpg","contentUrl":"https:\/\/static.purejewels.com\/wp-content\/uploads\/2020\/07\/137217210.jpg","width":960,"height":960,"caption":"A wedding ring needn\u2019t be flashy or complicated: look for excellent metal and impeccable craftsmanship, and you\u2019ll have a ring to last a lifetime.\u00a0 Christian Bauer rings are renowned for being comfortable and well-fitting \u2013 and in all the decades to come, that\u2019s what will matter.\u00a0 Drawing on the jeweller\u2019s century of experience, this wedding ring is a sophisticated design with a touch of individuality.\u00a0 The wood-grain texture (possibly inspired by the dramatic forest close to the jewellery studio) adds close-up interest.\u00a0 Christian Bauer rings are made to order, so please get in touch if you\u2019d like to reserve yours, and we will advise you on fitting.&nbsp;Authorised stockist of Christian Bauer rings in LondonChristian Bauer Wedding Ring for men \u2013274460Metal: PlatinumWidth: 6.5mm*Your ring is individually made, so contact us to find out about lead times.Why choose a Christian Bauer ring?Buying a wedding ring is no simple task \u2013 and neither is crafting one.\u00a0 Christian Bauer rings are famous for being beautifully made and comfortable to wear.\u00a0 Christian Bauer also has a reputation for environmental sustainability.\u00a0 The jeweller is based in modern premises near the Welzheim Forest, with its own water treatment works and a commitment to disturb no earth, instead using previously-mined metals.\u00a0 PureJewels is an authorised stockist of Christian Bauer in LondonThis prestigious German jeweller has been supplying us with wedding rings for years and we\u2019ve been privileged to sell them to many delighted brides and grooms. \u00a0We\u2019re here to help you find precisely the right wedding ring, so make an appointment or just pop in and try on a selection.\u00a0 If you\u2019re unable to reach the show room then you can reach us by Live Chat \u2013 you\u2019ll be served by an in-store advisor who can show you pictures of the latest Christian Bauer wedding rings in stock.&nbsp;"},{"@type":"BreadcrumbList","@id":"https:\/\/www.purejewels.com\/product\/christian-bauer-wedding-ring-2\/#breadcrumb","itemListElement":[{"@type":"ListItem","position":1,"name":"Home","item":"https:\/\/www.purejewels.com\/"},{"@type":"ListItem","position":2,"name":"Shop","item":"https:\/\/www.purejewels.com\/shop\/"},{"@type":"ListItem","position":3,"name":"Christian Bauer Wedding Band Ring"}]},{"@type":"WebSite","@id":"https:\/\/www.purejewels.com\/#website","url":"https:\/\/www.purejewels.com\/","name":"PureJewels \u0130ngiltere","description":"Sevgiyi Payla\u015f\u0131n","publisher":{"@id":"https:\/\/www.purejewels.com\/#organization"},"potentialAction":[{"@type":"SearchAction","target":{"@type":"EntryPoint","urlTemplate":"https:\/\/www.purejewels.com\/?s={search_term_string}"},"query-input":{"@type":"PropertyValueSpecification","valueRequired":true,"valueName":"search_term_string"}}],"inLanguage":"tr"},{"@type":"Organization","@id":"https:\/\/www.purejewels.com\/#organization","name":"PureJewels \u0130ngiltere","url":"https:\/\/www.purejewels.com\/","logo":{"@type":"ImageObject","inLanguage":"tr","@id":"https:\/\/www.purejewels.com\/#\/schema\/logo\/image\/","url":"https:\/\/static.purejewels.com\/wp-content\/uploads\/2020\/11\/Logo-PJ-New-1.png","contentUrl":"https:\/\/static.purejewels.com\/wp-content\/uploads\/2020\/11\/Logo-PJ-New-1.png","width":150,"height":80,"caption":"PureJewels UK"},"image":{"@id":"https:\/\/www.purejewels.com\/#\/schema\/logo\/image\/"}}]}},"_links":{"self":[{"href":"https:\/\/www.purejewels.com\/tr\/wp-json\/wp\/v2\/product\/298040","targetHints":{"allow":["GET"]}}],"collection":[{"href":"https:\/\/www.purejewels.com\/tr\/wp-json\/wp\/v2\/product"}],"about":[{"href":"https:\/\/www.purejewels.com\/tr\/wp-json\/wp\/v2\/types\/product"}],"replies":[{"embeddable":true,"href":"https:\/\/www.purejewels.com\/tr\/wp-json\/wp\/v2\/comments?post=298040"}],"version-history":[{"count":1,"href":"https:\/\/www.purejewels.com\/tr\/wp-json\/wp\/v2\/product\/298040\/revisions"}],"predecessor-version":[{"id":387676,"href":"https:\/\/www.purejewels.com\/tr\/wp-json\/wp\/v2\/product\/298040\/revisions\/387676"}],"wp:featuredmedia":[{"embeddable":true,"href":"https:\/\/www.purejewels.com\/tr\/wp-json\/wp\/v2\/media\/315613"}],"wp:attachment":[{"href":"https:\/\/www.purejewels.com\/tr\/wp-json\/wp\/v2\/media?parent=298040"}],"wp:term":[{"taxonomy":"product_brand","embeddable":true,"href":"https:\/\/www.purejewels.com\/tr\/wp-json\/wp\/v2\/product_brand?post=298040"},{"taxonomy":"product_cat","embeddable":true,"href":"https:\/\/www.purejewels.com\/tr\/wp-json\/wp\/v2\/product_cat?post=298040"},{"taxonomy":"product_tag","embeddable":true,"href":"https:\/\/www.purejewels.com\/tr\/wp-json\/wp\/v2\/product_tag?post=298040"}],"curies":[{"name":"wp","href":"https:\/\/api.w.org\/{rel}","templated":true}]}}