{"id":298042,"date":"2017-12-16T13:38:29","date_gmt":"2017-12-16T13:38:29","guid":{"rendered":"https:\/\/www.purejewels.com\/product\/christian-bauer-wedding-ring-4\/"},"modified":"2025-03-26T12:48:57","modified_gmt":"2025-03-26T12:48:57","slug":"christian-bauer-alyans-4","status":"publish","type":"product","link":"https:\/\/www.purejewels.com\/tr\/product\/christian-bauer-wedding-ring-4\/","title":{"rendered":"Christian Bauer Alyans Y\u00fcz\u00fck"},"content":{"rendered":"<p>D\u00fc\u011f\u00fcn\u00fcn\u00fcz herkesi memnun edecek \u015fekilde tasarlanm\u0131\u015f olabilir, ancak y\u00fcz\u00fc\u011f\u00fcn\u00fcz\u00fcn \u00f6yle olmas\u0131 gerekmez.  Christian Bauer'in kendine \u00f6zg\u00fc dokulu d\u00fc\u011f\u00fcnlerinden birine \u00f6rnek olan bu kumlanm\u0131\u015f kordonu deneyin <a href=\"https:\/\/www.purejewels.com\/tr\/product-category\/22ct-gold-jewellery\/gold-rings\/\">halkalar<\/a> Erkekler i\u00e7in.  Almanya'daki Welzheim Orman\u0131 yak\u0131nlar\u0131nda bulunan <a href=\"https:\/\/www.purejewels.com\/tr\/product-category\/wedding-rings-bands\/wedding-bands\/christian-bauer-brands\/\">Christian Bauer<\/a> etiketi organik dokulardan ilham al\u0131yor.  Bu \u00e7arp\u0131c\u0131 platin kordon, yivli kenar\u0131 ile kumlanm\u0131\u015f bir etkiye sahiptir.  Her bir alyans tasar\u0131m\u0131n\u0131 ger\u00e7ekle\u015ftirmek i\u00e7in teknolojiyi ve eski moda el i\u015f\u00e7ili\u011fini kullanan CB at\u00f6lyesindeki yetenekli kuyumcular taraf\u0131ndan \u00fcretilmi\u015ftir.   Christian Bauer alyanslar\u0131n\u0131n \u00f6nceden \u00e7\u0131kar\u0131lm\u0131\u015f metaller kullan\u0131larak \u00fcretildi\u011fini ve \u00e7evresel etkiyi en aza indirdi\u011fini de belirtmek gerekir.  *Stokta yok mu?  Christian Bauer alyanslar\u0131 \u00f6l\u00e7\u00fcye g\u00f6re sipari\u015f edilir.  L\u00fctfen Canl\u0131 Sohbet \u00fczerinden bizimle ileti\u015fime ge\u00e7in.<\/p>\n<p>&nbsp;<\/p>\n<ul>\n<li style=\"list-style-type: none\">\n<ul>\n<li>Yetkili Christian Bauer Londra Stok\u00e7usu<\/li>\n<\/ul>\n<\/li>\n<\/ul>\n<p>&nbsp;<\/p>\n<ul>\n<li style=\"list-style-type: none\">\n<ul>\n<li>Erkek platin alyans<\/li>\n<\/ul>\n<\/li>\n<\/ul>\n<p>&nbsp;<\/p>\n<ul>\n<li style=\"list-style-type: none\">\n<ul>\n<li>Zil numaras\u0131 274468<\/li>\n<\/ul>\n<\/li>\n<\/ul>\n<p>&nbsp;<\/p>\n<ul>\n<li style=\"list-style-type: none\">\n<ul>\n<li>Metal Platin<\/li>\n<\/ul>\n<\/li>\n<\/ul>\n<p>&nbsp;<\/p>\n<ul>\n<li style=\"list-style-type: none\">\n<ul>\n<li>Geni\u015flik: 7,0 mm<\/li>\n<\/ul>\n<\/li>\n<\/ul>\n<p>&nbsp;<\/p>\n<ul>\n<li style=\"list-style-type: none\">\n<ul>\n<li>*Sipari\u015f vermek i\u00e7in Canl\u0131 Sohbet'i a\u00e7\u0131n.<\/li>\n<\/ul>\n<\/li>\n<\/ul>\n<p>&nbsp;<\/p>\n<p>&nbsp;<\/p>\n<h2><strong>Christian Bauer alyans se\u00e7imi<br \/>\n<\/strong><\/h2>\n<p>&nbsp;<\/p>\n<p>Christian Bauer alyanslar\u0131 ola\u011fan\u00fcst\u00fcd\u00fcr.  Bu y\u00fczden onlar\u0131 uzun y\u0131llard\u0131r stokluyoruz.  Deneyim ve yetenekle tasarlanm\u0131\u015flard\u0131r; size konfor, uyum ve stil sunarlar.  Almanya'n\u0131n k\u0131rsal b\u00f6lgelerinde yerle\u015fik olan marka, son teknoloji \u00fcr\u00fcn\u00fc, \u00e7evre dostu bir tesiste faaliyet g\u00f6steriyor.  M\u00fccevher yap\u0131m\u0131nda teknolojiyi benimsemi\u015f olsalar da, kuyumcular\u0131 hala i\u015fin \u00e7o\u011funu elle yap\u0131yor.  \u00d6m\u00fcr boyu s\u00fcrecek bir yat\u0131r\u0131m oldu\u011fu i\u00e7in, Christian Bauer alyans\u0131n\u0131n her kuru\u015funa de\u011fece\u011fini d\u00fc\u015f\u00fcn\u00fcyoruz.  \u0130yi bir fiyata Christian Bauer alyans ar\u0131yorsan\u0131z, bize ne yapabilece\u011fimizi sorun...<\/p>\n<p>&nbsp;<\/p>\n<p>&nbsp;<\/p>\n<p>&nbsp;<\/p>","protected":false},"excerpt":{"rendered":"<ul>\n<li>Yetkili Christian Bauer Londra Stok\u00e7usu<\/li>\n<li>Erkek platin alyans<\/li>\n<li>Zil numaras\u0131 274468<\/li>\n<li>Metal Platin<\/li>\n<li>Geni\u015flik: 7,0 mm<\/li>\n<li>*Sipari\u015f vermek i\u00e7in Canl\u0131 Sohbet'i a\u00e7\u0131n.<\/li>\n<\/ul>","protected":false},"featured_media":315611,"comment_status":"closed","ping_status":"closed","template":"","meta":{"_eb_attr":"","_crsspst_to_jayantr4sg-hostcom":false},"product_brand":[],"product_cat":[238,1572,1800,5293,5294,229],"product_tag":[],"class_list":{"0":"post-298042","1":"product","2":"type-product","3":"status-publish","4":"has-post-thumbnail","6":"product_cat-christian-bauer-brands","7":"product_cat-mens-jewellery","8":"product_cat-platinum-bands","9":"product_cat-platinum-wedding-bands-2","10":"product_cat-platinum-wedding-bands-for-men","11":"product_cat-wedding-bands","13":"first","14":"instock","15":"taxable","16":"shipping-taxable","17":"purchasable","18":"product-type-simple","19":"add-to-wishlist-before_image"},"yoast_head":"<!-- This site is optimized with the Yoast SEO plugin v27.5 - https:\/\/yoast.com\/product\/yoast-seo-wordpress\/ -->\n<title>Plain Platinum Wedding Band | Purejewels.Com<\/title>\n<meta name=\"description\" content=\"Platinum Wedding Bands His And Hers | Shop Latest Platinum Wedding Bands | Certified Jewellery In London | Fast Shipping\" \/>\n<meta name=\"robots\" content=\"index, follow, max-snippet:-1, max-image-preview:large, max-video-preview:-1\" \/>\n<link rel=\"canonical\" href=\"https:\/\/www.purejewels.com\/tr\/urun\/christian-bauer-alyans-4\/\" \/>\n<meta property=\"og:locale\" content=\"tr_TR\" \/>\n<meta property=\"og:type\" content=\"article\" \/>\n<meta property=\"og:title\" content=\"Plain Platinum Wedding Band | Purejewels.Com\" \/>\n<meta property=\"og:description\" content=\"Platinum Wedding Bands His And Hers | Shop Latest Platinum Wedding Bands | Certified Jewellery In London | Fast Shipping\" \/>\n<meta property=\"og:url\" content=\"https:\/\/www.purejewels.com\/tr\/urun\/christian-bauer-alyans-4\/\" \/>\n<meta property=\"og:site_name\" content=\"PureJewels UK\" \/>\n<meta property=\"article:modified_time\" content=\"2025-03-26T12:48:57+00:00\" \/>\n<meta property=\"og:image\" content=\"https:\/\/www.purejewels.com\/wp-content\/uploads\/2020\/07\/137217214.jpg\" \/>\n\t<meta property=\"og:image:width\" content=\"960\" \/>\n\t<meta property=\"og:image:height\" content=\"960\" \/>\n\t<meta property=\"og:image:type\" content=\"image\/jpeg\" \/>\n<meta name=\"twitter:card\" content=\"summary_large_image\" \/>\n<meta name=\"twitter:label1\" content=\"Tahmini okuma s\u00fcresi\" \/>\n\t<meta name=\"twitter:data1\" content=\"1 dakika\" \/>\n<script type=\"application\/ld+json\" class=\"yoast-schema-graph\">{\"@context\":\"https:\\\/\\\/schema.org\",\"@graph\":[{\"@type\":[\"WebPage\",\"ItemPage\"],\"@id\":\"https:\\\/\\\/www.purejewels.com\\\/product\\\/christian-bauer-wedding-ring-4\\\/\",\"url\":\"https:\\\/\\\/www.purejewels.com\\\/product\\\/christian-bauer-wedding-ring-4\\\/\",\"name\":\"Plain Platinum Wedding Band | Purejewels.Com\",\"isPartOf\":{\"@id\":\"https:\\\/\\\/www.purejewels.com\\\/#website\"},\"primaryImageOfPage\":{\"@id\":\"https:\\\/\\\/www.purejewels.com\\\/product\\\/christian-bauer-wedding-ring-4\\\/#primaryimage\"},\"image\":{\"@id\":\"https:\\\/\\\/www.purejewels.com\\\/product\\\/christian-bauer-wedding-ring-4\\\/#primaryimage\"},\"thumbnailUrl\":\"https:\\\/\\\/static.purejewels.com\\\/wp-content\\\/uploads\\\/2020\\\/07\\\/137217214.jpg\",\"datePublished\":\"2017-12-16T13:38:29+00:00\",\"dateModified\":\"2025-03-26T12:48:57+00:00\",\"description\":\"Platinum Wedding Bands His And Hers | Shop Latest Platinum Wedding Bands | Certified Jewellery In London | Fast Shipping\",\"breadcrumb\":{\"@id\":\"https:\\\/\\\/www.purejewels.com\\\/product\\\/christian-bauer-wedding-ring-4\\\/#breadcrumb\"},\"inLanguage\":\"tr\",\"potentialAction\":[{\"@type\":\"ReadAction\",\"target\":[\"https:\\\/\\\/www.purejewels.com\\\/product\\\/christian-bauer-wedding-ring-4\\\/\"]}]},{\"@type\":\"ImageObject\",\"inLanguage\":\"tr\",\"@id\":\"https:\\\/\\\/www.purejewels.com\\\/product\\\/christian-bauer-wedding-ring-4\\\/#primaryimage\",\"url\":\"https:\\\/\\\/static.purejewels.com\\\/wp-content\\\/uploads\\\/2020\\\/07\\\/137217214.jpg\",\"contentUrl\":\"https:\\\/\\\/static.purejewels.com\\\/wp-content\\\/uploads\\\/2020\\\/07\\\/137217214.jpg\",\"width\":960,\"height\":960,\"caption\":\"Your wedding may be designed to please everybody, but your ring needn\u2019t be.\u00a0 Try this sandblasted band \u2013 an example of one of Christian Bauer\u2019s distinctive textured weddings rings for men.\u00a0 Based near the Welzheim Forest in Germany, the Christian Bauer label draws inspiration from organic textures.\u00a0 This striking platinum band has a sandblasted effect with grooved edge.\u00a0 It has been crafted by the skilled jewellers at the CB workshop, who use technology and old-fashioned handiwork to realise each wedding ring design.\u00a0\u00a0 It\u2019s also worth noting that Christian Bauer wedding rings are made using previously-mined metals, minimising the environmental impact.\u00a0 *Out of stock?\u00a0 Christian Bauer wedding rings are ordered to size.\u00a0 Please contact us via Live Chat.Authorised Christian Bauer London StockistMen\u2019s platinum wedding ringRing number 274468Metal: PlatinumWidth: 7.0 mm*Open Live Chat to order.Choosing a Christian Bauer wedding ringChristian Bauer wedding rings are exceptional.\u00a0 That\u2019s why we have been stocking them for many years.\u00a0 They\u2019re designed with experience and flair; bringing you comfort, fit, and style.\u00a0 The brand is based in rural Germany, operating from a state-of-the-art, eco-friendly premises.\u00a0 Although they\u2019ve embraced technology in jewellery-making, their jewellers still do a lot of the work by hand.\u00a0 Because it\u2019s a lifetime investment, we think that a Christian Bauer wedding ring is worth every penny.\u00a0 If you\u2019re looking for a Christian Bauer wedding ring at a good price, ask us what we can do\u2026&nbsp;\"},{\"@type\":\"BreadcrumbList\",\"@id\":\"https:\\\/\\\/www.purejewels.com\\\/product\\\/christian-bauer-wedding-ring-4\\\/#breadcrumb\",\"itemListElement\":[{\"@type\":\"ListItem\",\"position\":1,\"name\":\"Home\",\"item\":\"https:\\\/\\\/www.purejewels.com\\\/\"},{\"@type\":\"ListItem\",\"position\":2,\"name\":\"Shop\",\"item\":\"https:\\\/\\\/www.purejewels.com\\\/shop\\\/\"},{\"@type\":\"ListItem\",\"position\":3,\"name\":\"Christian Bauer Wedding Band Ring\"}]},{\"@type\":\"WebSite\",\"@id\":\"https:\\\/\\\/www.purejewels.com\\\/#website\",\"url\":\"https:\\\/\\\/www.purejewels.com\\\/\",\"name\":\"PureJewels UK\",\"description\":\"Share the Love\",\"publisher\":{\"@id\":\"https:\\\/\\\/www.purejewels.com\\\/#organization\"},\"potentialAction\":[{\"@type\":\"SearchAction\",\"target\":{\"@type\":\"EntryPoint\",\"urlTemplate\":\"https:\\\/\\\/www.purejewels.com\\\/?s={search_term_string}\"},\"query-input\":{\"@type\":\"PropertyValueSpecification\",\"valueRequired\":true,\"valueName\":\"search_term_string\"}}],\"inLanguage\":\"tr\"},{\"@type\":\"Organization\",\"@id\":\"https:\\\/\\\/www.purejewels.com\\\/#organization\",\"name\":\"PureJewels UK\",\"url\":\"https:\\\/\\\/www.purejewels.com\\\/\",\"logo\":{\"@type\":\"ImageObject\",\"inLanguage\":\"tr\",\"@id\":\"https:\\\/\\\/www.purejewels.com\\\/#\\\/schema\\\/logo\\\/image\\\/\",\"url\":\"https:\\\/\\\/static.purejewels.com\\\/wp-content\\\/uploads\\\/2020\\\/11\\\/Logo-PJ-New-1.png\",\"contentUrl\":\"https:\\\/\\\/static.purejewels.com\\\/wp-content\\\/uploads\\\/2020\\\/11\\\/Logo-PJ-New-1.png\",\"width\":150,\"height\":80,\"caption\":\"PureJewels UK\"},\"image\":{\"@id\":\"https:\\\/\\\/www.purejewels.com\\\/#\\\/schema\\\/logo\\\/image\\\/\"}}]}<\/script>\n<!-- \/ Yoast SEO plugin. -->","yoast_head_json":{"title":"Sade Platin Alyans | Purejewels.Com","description":"Platin Alyanslar Erkek ve K\u0131z | Son Platin Alyanslar\u0131 Sat\u0131n Al\u0131n | Londra'da Sertifikal\u0131 M\u00fccevherler | H\u0131zl\u0131 Kargo","robots":{"index":"index","follow":"follow","max-snippet":"max-snippet:-1","max-image-preview":"max-image-preview:large","max-video-preview":"max-video-preview:-1"},"canonical":"https:\/\/www.purejewels.com\/tr\/urun\/christian-bauer-alyans-4\/","og_locale":"tr_TR","og_type":"article","og_title":"Plain Platinum Wedding Band | Purejewels.Com","og_description":"Platinum Wedding Bands His And Hers | Shop Latest Platinum Wedding Bands | Certified Jewellery In London | Fast Shipping","og_url":"https:\/\/www.purejewels.com\/tr\/urun\/christian-bauer-alyans-4\/","og_site_name":"PureJewels UK","article_modified_time":"2025-03-26T12:48:57+00:00","og_image":[{"width":960,"height":960,"url":"https:\/\/www.purejewels.com\/wp-content\/uploads\/2020\/07\/137217214.jpg","type":"image\/jpeg"}],"twitter_card":"summary_large_image","twitter_misc":{"Tahmini okuma s\u00fcresi":"1 dakika"},"schema":{"@context":"https:\/\/schema.org","@graph":[{"@type":["WebPage","ItemPage"],"@id":"https:\/\/www.purejewels.com\/product\/christian-bauer-wedding-ring-4\/","url":"https:\/\/www.purejewels.com\/product\/christian-bauer-wedding-ring-4\/","name":"Sade Platin Alyans | Purejewels.Com","isPartOf":{"@id":"https:\/\/www.purejewels.com\/#website"},"primaryImageOfPage":{"@id":"https:\/\/www.purejewels.com\/product\/christian-bauer-wedding-ring-4\/#primaryimage"},"image":{"@id":"https:\/\/www.purejewels.com\/product\/christian-bauer-wedding-ring-4\/#primaryimage"},"thumbnailUrl":"https:\/\/static.purejewels.com\/wp-content\/uploads\/2020\/07\/137217214.jpg","datePublished":"2017-12-16T13:38:29+00:00","dateModified":"2025-03-26T12:48:57+00:00","description":"Platin Alyanslar Erkek ve K\u0131z | Son Platin Alyanslar\u0131 Sat\u0131n Al\u0131n | Londra'da Sertifikal\u0131 M\u00fccevherler | H\u0131zl\u0131 Kargo","breadcrumb":{"@id":"https:\/\/www.purejewels.com\/product\/christian-bauer-wedding-ring-4\/#breadcrumb"},"inLanguage":"tr","potentialAction":[{"@type":"ReadAction","target":["https:\/\/www.purejewels.com\/product\/christian-bauer-wedding-ring-4\/"]}]},{"@type":"ImageObject","inLanguage":"tr","@id":"https:\/\/www.purejewels.com\/product\/christian-bauer-wedding-ring-4\/#primaryimage","url":"https:\/\/static.purejewels.com\/wp-content\/uploads\/2020\/07\/137217214.jpg","contentUrl":"https:\/\/static.purejewels.com\/wp-content\/uploads\/2020\/07\/137217214.jpg","width":960,"height":960,"caption":"Your wedding may be designed to please everybody, but your ring needn\u2019t be.\u00a0 Try this sandblasted band \u2013 an example of one of Christian Bauer\u2019s distinctive textured weddings rings for men.\u00a0 Based near the Welzheim Forest in Germany, the Christian Bauer label draws inspiration from organic textures.\u00a0 This striking platinum band has a sandblasted effect with grooved edge.\u00a0 It has been crafted by the skilled jewellers at the CB workshop, who use technology and old-fashioned handiwork to realise each wedding ring design.\u00a0\u00a0 It\u2019s also worth noting that Christian Bauer wedding rings are made using previously-mined metals, minimising the environmental impact.\u00a0 *Out of stock?\u00a0 Christian Bauer wedding rings are ordered to size.\u00a0 Please contact us via Live Chat.Authorised Christian Bauer London StockistMen\u2019s platinum wedding ringRing number 274468Metal: PlatinumWidth: 7.0 mm*Open Live Chat to order.Choosing a Christian Bauer wedding ringChristian Bauer wedding rings are exceptional.\u00a0 That\u2019s why we have been stocking them for many years.\u00a0 They\u2019re designed with experience and flair; bringing you comfort, fit, and style.\u00a0 The brand is based in rural Germany, operating from a state-of-the-art, eco-friendly premises.\u00a0 Although they\u2019ve embraced technology in jewellery-making, their jewellers still do a lot of the work by hand.\u00a0 Because it\u2019s a lifetime investment, we think that a Christian Bauer wedding ring is worth every penny.\u00a0 If you\u2019re looking for a Christian Bauer wedding ring at a good price, ask us what we can do\u2026&nbsp;"},{"@type":"BreadcrumbList","@id":"https:\/\/www.purejewels.com\/product\/christian-bauer-wedding-ring-4\/#breadcrumb","itemListElement":[{"@type":"ListItem","position":1,"name":"Home","item":"https:\/\/www.purejewels.com\/"},{"@type":"ListItem","position":2,"name":"Shop","item":"https:\/\/www.purejewels.com\/shop\/"},{"@type":"ListItem","position":3,"name":"Christian Bauer Wedding Band Ring"}]},{"@type":"WebSite","@id":"https:\/\/www.purejewels.com\/#website","url":"https:\/\/www.purejewels.com\/","name":"PureJewels \u0130ngiltere","description":"Sevgiyi Payla\u015f\u0131n","publisher":{"@id":"https:\/\/www.purejewels.com\/#organization"},"potentialAction":[{"@type":"SearchAction","target":{"@type":"EntryPoint","urlTemplate":"https:\/\/www.purejewels.com\/?s={search_term_string}"},"query-input":{"@type":"PropertyValueSpecification","valueRequired":true,"valueName":"search_term_string"}}],"inLanguage":"tr"},{"@type":"Organization","@id":"https:\/\/www.purejewels.com\/#organization","name":"PureJewels \u0130ngiltere","url":"https:\/\/www.purejewels.com\/","logo":{"@type":"ImageObject","inLanguage":"tr","@id":"https:\/\/www.purejewels.com\/#\/schema\/logo\/image\/","url":"https:\/\/static.purejewels.com\/wp-content\/uploads\/2020\/11\/Logo-PJ-New-1.png","contentUrl":"https:\/\/static.purejewels.com\/wp-content\/uploads\/2020\/11\/Logo-PJ-New-1.png","width":150,"height":80,"caption":"PureJewels UK"},"image":{"@id":"https:\/\/www.purejewels.com\/#\/schema\/logo\/image\/"}}]}},"_links":{"self":[{"href":"https:\/\/www.purejewels.com\/tr\/wp-json\/wp\/v2\/product\/298042","targetHints":{"allow":["GET"]}}],"collection":[{"href":"https:\/\/www.purejewels.com\/tr\/wp-json\/wp\/v2\/product"}],"about":[{"href":"https:\/\/www.purejewels.com\/tr\/wp-json\/wp\/v2\/types\/product"}],"replies":[{"embeddable":true,"href":"https:\/\/www.purejewels.com\/tr\/wp-json\/wp\/v2\/comments?post=298042"}],"version-history":[{"count":1,"href":"https:\/\/www.purejewels.com\/tr\/wp-json\/wp\/v2\/product\/298042\/revisions"}],"predecessor-version":[{"id":390332,"href":"https:\/\/www.purejewels.com\/tr\/wp-json\/wp\/v2\/product\/298042\/revisions\/390332"}],"wp:featuredmedia":[{"embeddable":true,"href":"https:\/\/www.purejewels.com\/tr\/wp-json\/wp\/v2\/media\/315611"}],"wp:attachment":[{"href":"https:\/\/www.purejewels.com\/tr\/wp-json\/wp\/v2\/media?parent=298042"}],"wp:term":[{"taxonomy":"product_brand","embeddable":true,"href":"https:\/\/www.purejewels.com\/tr\/wp-json\/wp\/v2\/product_brand?post=298042"},{"taxonomy":"product_cat","embeddable":true,"href":"https:\/\/www.purejewels.com\/tr\/wp-json\/wp\/v2\/product_cat?post=298042"},{"taxonomy":"product_tag","embeddable":true,"href":"https:\/\/www.purejewels.com\/tr\/wp-json\/wp\/v2\/product_tag?post=298042"}],"curies":[{"name":"wp","href":"https:\/\/api.w.org\/{rel}","templated":true}]}}