{"id":298043,"date":"2017-12-16T13:38:29","date_gmt":"2017-12-16T13:38:29","guid":{"rendered":"https:\/\/www.purejewels.com\/product\/christian-bauer-wedding-ring-5\/"},"modified":"2024-09-12T07:27:39","modified_gmt":"2024-09-12T06:27:39","slug":"christian-bauer-alyans-5","status":"publish","type":"product","link":"https:\/\/www.purejewels.com\/tr\/product\/christian-bauer-wedding-ring-5\/","title":{"rendered":"Christian Bauer Alyans Y\u00fcz\u00fck"},"content":{"rendered":"<p>Har vurup harman savurun: Alyans\u0131n\u0131z i\u00e7in b\u00fct\u00e7e ay\u0131rman\u0131n zaman\u0131 de\u011fil.  Bu l\u00fcks alyans <a href=\"https:\/\/www.purejewels.com\/tr\/product-category\/wedding-rings-bands\/wedding-bands\/christian-bauer-brands\/\">Christian Bauer<\/a> inan\u0131lmaz bir i\u015f\u00e7ilik sergiliyor.  Kumlanm\u0131\u015f dokusu, yivli kenar\u0131ndaki pembe alt\u0131n \u0131\u015f\u0131lt\u0131s\u0131yla birle\u015ferek onu dikkat \u00e7ekici ve bireysel bir y\u00fcz\u00fck haline getiriyor.  Dikkat \u00e7ekmeyi seviyorsan\u0131z bunu her g\u00fcn giymek isteyeceksiniz... Ne kadar \u015fansl\u0131s\u0131n\u0131z, \u00e7\u00fcnk\u00fc ama\u00e7 da bu.  Christian Bauer d\u00fc\u011f\u00fcn <a href=\"https:\/\/www.purejewels.com\/tr\/product-category\/22ct-gold-jewellery\/gold-rings\/\">halkalar<\/a> \u00e7evreyi korumak i\u00e7in \u00f6nceden \u00e7\u0131kar\u0131lm\u0131\u015f metallerden \u00fcretilmi\u015ftir.  *Christian Bauer alyans\u0131n\u0131z \u00f6l\u00e7\u00fcye g\u00f6re sipari\u015f edilir.  Fiyat ve sipari\u015f i\u00e7in l\u00fctfen bizimle ileti\u015fime ge\u00e7in.<\/p>\n<ul>\n<li>Yetkili Christian Bauer Londra Stok\u00e7usu<\/li>\n<li>Erkek platin alyans<\/li>\n<li>Grup numaras\u0131.  274469<\/li>\n<li>Metal Platin, 750 Pembe Alt\u0131n<\/li>\n<li>Geni\u015flik: 7,0 mm<\/li>\n<li>T\u00fcm Koleksiyonumuzu ke\u015ffetmek i\u00e7in bize ula\u015f\u0131n \/ bizimle sohbet edin <strong>Christian Bauer <a href=\"https:\/\/www.purejewels.com\/tr\/product\/mens-22ct-gold-wedding-ring-33852\/\">nikah y\u00fcz\u00fckleri<\/a><\/strong>.<\/li>\n<\/ul>\n<p>&nbsp;<\/p>\n<h2><strong>Christian Bauer pembe alt\u0131n alyans<br \/>\n<\/strong><\/h2>\n<p>S\u0131cak, romantik pembe alt\u0131n (bak\u0131r dokunu\u015fuyla yap\u0131lm\u0131\u015f) alyans\u0131n\u0131za \u015f\u0131k ve l\u00fcks bir ektir.  T\u00fcm y\u00fcz\u00fc\u011f\u00fc daha yumu\u015fak bir metal olan pembe alt\u0131ndan yapmak yerine platin kullanmak, alyans\u0131n\u0131z\u0131n g\u00fc\u00e7l\u00fc ve dayan\u0131kl\u0131 olmas\u0131n\u0131 sa\u011flar.    Christian Bauer tan\u0131tmay\u0131 seviyor <a href=\"https:\/\/www.purejewels.com\/tr\/precious-metals-in-jewelry-making\/\">renkli alt\u0131n<\/a> platin alyanslara ilgi ve \u0131\u015f\u0131lt\u0131 katmak i\u00e7in - en yeni tasar\u0131mlar\u0131 g\u00f6rmek i\u00e7in gelin.  Alman marka taraf\u0131ndan kullan\u0131lan t\u00fcm metaller, d\u00fcnya \u00fczerindeki etkiyi en aza indirmek i\u00e7in madenden \u00e7\u0131kar\u0131lm\u0131yor, geri kazan\u0131l\u0131yor.  Y\u00fcz\u00fc\u011f\u00fcn\u00fcz ustal\u0131kla yap\u0131l\u0131r ve elle tamamlan\u0131r.<\/p>\n<p>&nbsp;<\/p>","protected":false},"excerpt":{"rendered":"<ul>\n<li>Yetkili Christian Bauer Londra Stok\u00e7usu<\/li>\n<li>Erkek platin alyans<\/li>\n<li>Grup numaras\u0131.  274469<\/li>\n<li>Metal Platin, 750 Pembe Alt\u0131n<\/li>\n<li>Geni\u015flik: 7,0 mm<\/li>\n<li>Cinsiyet: Erkek<\/li>\n<li>T\u00fcm Koleksiyonumuzu ke\u015ffetmek i\u00e7in bize ula\u015f\u0131n \/ bizimle sohbet edin\u00a0<strong>Christian Bauer alyanslar\u0131<\/strong>.<\/li>\n<\/ul>","protected":false},"featured_media":315609,"comment_status":"closed","ping_status":"closed","template":"","meta":{"_eb_attr":"","_crsspst_to_jayantr4sg-hostcom":false},"product_brand":[],"product_cat":[238,1572,1800,5293,5294,229,226],"product_tag":[],"class_list":{"0":"post-298043","1":"product","2":"type-product","3":"status-publish","4":"has-post-thumbnail","6":"product_cat-christian-bauer-brands","7":"product_cat-mens-jewellery","8":"product_cat-platinum-bands","9":"product_cat-platinum-wedding-bands-2","10":"product_cat-platinum-wedding-bands-for-men","11":"product_cat-wedding-bands","12":"product_cat-wedding-rings-bands","14":"first","15":"instock","16":"taxable","17":"shipping-taxable","18":"purchasable","19":"product-type-simple","20":"add-to-wishlist-before_image"},"yoast_head":"<!-- This site is optimized with the Yoast SEO plugin v27.5 - https:\/\/yoast.com\/product\/yoast-seo-wordpress\/ -->\n<title>Platinum And Gold Wedding Band | PureJewels.com<\/title>\n<meta name=\"description\" content=\"Matching Platinum Wedding Bands | Order Bands &amp; Rings Online In London | Explore Fine Jewellery Online | Quick Delivery\" \/>\n<meta name=\"robots\" content=\"index, follow, max-snippet:-1, max-image-preview:large, max-video-preview:-1\" \/>\n<link rel=\"canonical\" href=\"https:\/\/www.purejewels.com\/tr\/urun\/christian-bauer-alyans-5\/\" \/>\n<meta property=\"og:locale\" content=\"tr_TR\" \/>\n<meta property=\"og:type\" content=\"article\" \/>\n<meta property=\"og:title\" content=\"Platinum And Gold Wedding Band | PureJewels.com\" \/>\n<meta property=\"og:description\" content=\"Matching Platinum Wedding Bands | Order Bands &amp; Rings Online In London | Explore Fine Jewellery Online | Quick Delivery\" \/>\n<meta property=\"og:url\" content=\"https:\/\/www.purejewels.com\/tr\/urun\/christian-bauer-alyans-5\/\" \/>\n<meta property=\"og:site_name\" content=\"PureJewels UK\" \/>\n<meta property=\"article:modified_time\" content=\"2024-09-12T06:27:39+00:00\" \/>\n<meta property=\"og:image\" content=\"https:\/\/www.purejewels.com\/wp-content\/uploads\/2020\/07\/137217216.jpg\" \/>\n\t<meta property=\"og:image:width\" content=\"960\" \/>\n\t<meta property=\"og:image:height\" content=\"960\" \/>\n\t<meta property=\"og:image:type\" content=\"image\/jpeg\" \/>\n<meta name=\"twitter:card\" content=\"summary_large_image\" \/>\n<meta name=\"twitter:label1\" content=\"Tahmini okuma s\u00fcresi\" \/>\n\t<meta name=\"twitter:data1\" content=\"1 dakika\" \/>\n<script type=\"application\/ld+json\" class=\"yoast-schema-graph\">{\"@context\":\"https:\\\/\\\/schema.org\",\"@graph\":[{\"@type\":[\"WebPage\",\"ItemPage\"],\"@id\":\"https:\\\/\\\/www.purejewels.com\\\/product\\\/christian-bauer-wedding-ring-5\\\/\",\"url\":\"https:\\\/\\\/www.purejewels.com\\\/product\\\/christian-bauer-wedding-ring-5\\\/\",\"name\":\"Platinum And Gold Wedding Band | PureJewels.com\",\"isPartOf\":{\"@id\":\"https:\\\/\\\/www.purejewels.com\\\/#website\"},\"primaryImageOfPage\":{\"@id\":\"https:\\\/\\\/www.purejewels.com\\\/product\\\/christian-bauer-wedding-ring-5\\\/#primaryimage\"},\"image\":{\"@id\":\"https:\\\/\\\/www.purejewels.com\\\/product\\\/christian-bauer-wedding-ring-5\\\/#primaryimage\"},\"thumbnailUrl\":\"https:\\\/\\\/static.purejewels.com\\\/wp-content\\\/uploads\\\/2020\\\/07\\\/137217216.jpg\",\"datePublished\":\"2017-12-16T13:38:29+00:00\",\"dateModified\":\"2024-09-12T06:27:39+00:00\",\"description\":\"Matching Platinum Wedding Bands | Order Bands & Rings Online In London | Explore Fine Jewellery Online | Quick Delivery\",\"breadcrumb\":{\"@id\":\"https:\\\/\\\/www.purejewels.com\\\/product\\\/christian-bauer-wedding-ring-5\\\/#breadcrumb\"},\"inLanguage\":\"tr\",\"potentialAction\":[{\"@type\":\"ReadAction\",\"target\":[\"https:\\\/\\\/www.purejewels.com\\\/product\\\/christian-bauer-wedding-ring-5\\\/\"]}]},{\"@type\":\"ImageObject\",\"inLanguage\":\"tr\",\"@id\":\"https:\\\/\\\/www.purejewels.com\\\/product\\\/christian-bauer-wedding-ring-5\\\/#primaryimage\",\"url\":\"https:\\\/\\\/static.purejewels.com\\\/wp-content\\\/uploads\\\/2020\\\/07\\\/137217216.jpg\",\"contentUrl\":\"https:\\\/\\\/static.purejewels.com\\\/wp-content\\\/uploads\\\/2020\\\/07\\\/137217216.jpg\",\"width\":960,\"height\":960,\"caption\":\"Splash out: your wedding ring is no time to spare the budget.\u00a0 This luxurious wedding ring from Christian Bauer showcases incredible workmanship.\u00a0 The sandblasted texture, combined with a flash of rose gold on the grooved edge, makes it a noteworthy and individual ring.\u00a0 If you like to stand out then you\u2019ll want to wear this every day\u2026 how fortunate, because that\u2019s the idea.\u00a0 Christian Bauer wedding rings are crafted from previously-mined metals to conserve the environment.\u00a0 *Your Christian Bauer wedding ring is ordered to size.\u00a0 Please contact us for the price and to place an order.Authorised Christian Bauer London StockistMen\u2019s platinum wedding ringBand number.\u00a0 274469Metal: Platinum, 750 Rose GoldWidth: 7.0 mmContact us \\\/ chat with us to explore our entire Collection of Christian Bauer wedding bands.&nbsp;Christian Bauer rose gold wedding ringWarm, romantic rose gold (made with a touch of copper) is a stylish and luxurious addition to your wedding ring.\u00a0 Rather than making the whole ring in rose gold \u2013 which is a softer metal \u2013 using platinum ensures that your wedding ring will be strong and resilient.\u00a0 \u00a0\u00a0Christian Bauer likes to introduce coloured gold to add interest and sparkle to platinum wedding rings \u2013 come in to view all the latest designs.\u00a0 All of the metals used by the German brand are recovered, not mined, to minimise the impact on the earth.\u00a0 Your ring is expertly made and finished by hand.&nbsp;\"},{\"@type\":\"BreadcrumbList\",\"@id\":\"https:\\\/\\\/www.purejewels.com\\\/product\\\/christian-bauer-wedding-ring-5\\\/#breadcrumb\",\"itemListElement\":[{\"@type\":\"ListItem\",\"position\":1,\"name\":\"Home\",\"item\":\"https:\\\/\\\/www.purejewels.com\\\/\"},{\"@type\":\"ListItem\",\"position\":2,\"name\":\"Shop\",\"item\":\"https:\\\/\\\/www.purejewels.com\\\/shop\\\/\"},{\"@type\":\"ListItem\",\"position\":3,\"name\":\"Christian Bauer Wedding Band Ring\"}]},{\"@type\":\"WebSite\",\"@id\":\"https:\\\/\\\/www.purejewels.com\\\/#website\",\"url\":\"https:\\\/\\\/www.purejewels.com\\\/\",\"name\":\"PureJewels UK\",\"description\":\"Share the Love\",\"publisher\":{\"@id\":\"https:\\\/\\\/www.purejewels.com\\\/#organization\"},\"potentialAction\":[{\"@type\":\"SearchAction\",\"target\":{\"@type\":\"EntryPoint\",\"urlTemplate\":\"https:\\\/\\\/www.purejewels.com\\\/?s={search_term_string}\"},\"query-input\":{\"@type\":\"PropertyValueSpecification\",\"valueRequired\":true,\"valueName\":\"search_term_string\"}}],\"inLanguage\":\"tr\"},{\"@type\":\"Organization\",\"@id\":\"https:\\\/\\\/www.purejewels.com\\\/#organization\",\"name\":\"PureJewels UK\",\"url\":\"https:\\\/\\\/www.purejewels.com\\\/\",\"logo\":{\"@type\":\"ImageObject\",\"inLanguage\":\"tr\",\"@id\":\"https:\\\/\\\/www.purejewels.com\\\/#\\\/schema\\\/logo\\\/image\\\/\",\"url\":\"https:\\\/\\\/static.purejewels.com\\\/wp-content\\\/uploads\\\/2020\\\/11\\\/Logo-PJ-New-1.png\",\"contentUrl\":\"https:\\\/\\\/static.purejewels.com\\\/wp-content\\\/uploads\\\/2020\\\/11\\\/Logo-PJ-New-1.png\",\"width\":150,\"height\":80,\"caption\":\"PureJewels UK\"},\"image\":{\"@id\":\"https:\\\/\\\/www.purejewels.com\\\/#\\\/schema\\\/logo\\\/image\\\/\"}}]}<\/script>\n<!-- \/ Yoast SEO plugin. -->","yoast_head_json":{"title":"Platin ve Alt\u0131n Alyans | PureJewels.com","description":"E\u015fle\u015fen Platin Alyanslar | Londra'da Online Alyans ve Y\u00fcz\u00fck Sipari\u015fi Verin | Online M\u00fccevherleri Ke\u015ffedin | H\u0131zl\u0131 Teslimat","robots":{"index":"index","follow":"follow","max-snippet":"max-snippet:-1","max-image-preview":"max-image-preview:large","max-video-preview":"max-video-preview:-1"},"canonical":"https:\/\/www.purejewels.com\/tr\/urun\/christian-bauer-alyans-5\/","og_locale":"tr_TR","og_type":"article","og_title":"Platinum And Gold Wedding Band | PureJewels.com","og_description":"Matching Platinum Wedding Bands | Order Bands & Rings Online In London | Explore Fine Jewellery Online | Quick Delivery","og_url":"https:\/\/www.purejewels.com\/tr\/urun\/christian-bauer-alyans-5\/","og_site_name":"PureJewels UK","article_modified_time":"2024-09-12T06:27:39+00:00","og_image":[{"width":960,"height":960,"url":"https:\/\/www.purejewels.com\/wp-content\/uploads\/2020\/07\/137217216.jpg","type":"image\/jpeg"}],"twitter_card":"summary_large_image","twitter_misc":{"Tahmini okuma s\u00fcresi":"1 dakika"},"schema":{"@context":"https:\/\/schema.org","@graph":[{"@type":["WebPage","ItemPage"],"@id":"https:\/\/www.purejewels.com\/product\/christian-bauer-wedding-ring-5\/","url":"https:\/\/www.purejewels.com\/product\/christian-bauer-wedding-ring-5\/","name":"Platin ve Alt\u0131n Alyans | PureJewels.com","isPartOf":{"@id":"https:\/\/www.purejewels.com\/#website"},"primaryImageOfPage":{"@id":"https:\/\/www.purejewels.com\/product\/christian-bauer-wedding-ring-5\/#primaryimage"},"image":{"@id":"https:\/\/www.purejewels.com\/product\/christian-bauer-wedding-ring-5\/#primaryimage"},"thumbnailUrl":"https:\/\/static.purejewels.com\/wp-content\/uploads\/2020\/07\/137217216.jpg","datePublished":"2017-12-16T13:38:29+00:00","dateModified":"2024-09-12T06:27:39+00:00","description":"E\u015fle\u015fen Platin Alyanslar | Londra'da Online Alyans ve Y\u00fcz\u00fck Sipari\u015fi Verin | Online M\u00fccevherleri Ke\u015ffedin | H\u0131zl\u0131 Teslimat","breadcrumb":{"@id":"https:\/\/www.purejewels.com\/product\/christian-bauer-wedding-ring-5\/#breadcrumb"},"inLanguage":"tr","potentialAction":[{"@type":"ReadAction","target":["https:\/\/www.purejewels.com\/product\/christian-bauer-wedding-ring-5\/"]}]},{"@type":"ImageObject","inLanguage":"tr","@id":"https:\/\/www.purejewels.com\/product\/christian-bauer-wedding-ring-5\/#primaryimage","url":"https:\/\/static.purejewels.com\/wp-content\/uploads\/2020\/07\/137217216.jpg","contentUrl":"https:\/\/static.purejewels.com\/wp-content\/uploads\/2020\/07\/137217216.jpg","width":960,"height":960,"caption":"Splash out: your wedding ring is no time to spare the budget.\u00a0 This luxurious wedding ring from Christian Bauer showcases incredible workmanship.\u00a0 The sandblasted texture, combined with a flash of rose gold on the grooved edge, makes it a noteworthy and individual ring.\u00a0 If you like to stand out then you\u2019ll want to wear this every day\u2026 how fortunate, because that\u2019s the idea.\u00a0 Christian Bauer wedding rings are crafted from previously-mined metals to conserve the environment.\u00a0 *Your Christian Bauer wedding ring is ordered to size.\u00a0 Please contact us for the price and to place an order.Authorised Christian Bauer London StockistMen\u2019s platinum wedding ringBand number.\u00a0 274469Metal: Platinum, 750 Rose GoldWidth: 7.0 mmContact us \/ chat with us to explore our entire Collection of Christian Bauer wedding bands.&nbsp;Christian Bauer rose gold wedding ringWarm, romantic rose gold (made with a touch of copper) is a stylish and luxurious addition to your wedding ring.\u00a0 Rather than making the whole ring in rose gold \u2013 which is a softer metal \u2013 using platinum ensures that your wedding ring will be strong and resilient.\u00a0 \u00a0\u00a0Christian Bauer likes to introduce coloured gold to add interest and sparkle to platinum wedding rings \u2013 come in to view all the latest designs.\u00a0 All of the metals used by the German brand are recovered, not mined, to minimise the impact on the earth.\u00a0 Your ring is expertly made and finished by hand.&nbsp;"},{"@type":"BreadcrumbList","@id":"https:\/\/www.purejewels.com\/product\/christian-bauer-wedding-ring-5\/#breadcrumb","itemListElement":[{"@type":"ListItem","position":1,"name":"Home","item":"https:\/\/www.purejewels.com\/"},{"@type":"ListItem","position":2,"name":"Shop","item":"https:\/\/www.purejewels.com\/shop\/"},{"@type":"ListItem","position":3,"name":"Christian Bauer Wedding Band Ring"}]},{"@type":"WebSite","@id":"https:\/\/www.purejewels.com\/#website","url":"https:\/\/www.purejewels.com\/","name":"PureJewels \u0130ngiltere","description":"Sevgiyi Payla\u015f\u0131n","publisher":{"@id":"https:\/\/www.purejewels.com\/#organization"},"potentialAction":[{"@type":"SearchAction","target":{"@type":"EntryPoint","urlTemplate":"https:\/\/www.purejewels.com\/?s={search_term_string}"},"query-input":{"@type":"PropertyValueSpecification","valueRequired":true,"valueName":"search_term_string"}}],"inLanguage":"tr"},{"@type":"Organization","@id":"https:\/\/www.purejewels.com\/#organization","name":"PureJewels \u0130ngiltere","url":"https:\/\/www.purejewels.com\/","logo":{"@type":"ImageObject","inLanguage":"tr","@id":"https:\/\/www.purejewels.com\/#\/schema\/logo\/image\/","url":"https:\/\/static.purejewels.com\/wp-content\/uploads\/2020\/11\/Logo-PJ-New-1.png","contentUrl":"https:\/\/static.purejewels.com\/wp-content\/uploads\/2020\/11\/Logo-PJ-New-1.png","width":150,"height":80,"caption":"PureJewels UK"},"image":{"@id":"https:\/\/www.purejewels.com\/#\/schema\/logo\/image\/"}}]}},"_links":{"self":[{"href":"https:\/\/www.purejewels.com\/tr\/wp-json\/wp\/v2\/product\/298043","targetHints":{"allow":["GET"]}}],"collection":[{"href":"https:\/\/www.purejewels.com\/tr\/wp-json\/wp\/v2\/product"}],"about":[{"href":"https:\/\/www.purejewels.com\/tr\/wp-json\/wp\/v2\/types\/product"}],"replies":[{"embeddable":true,"href":"https:\/\/www.purejewels.com\/tr\/wp-json\/wp\/v2\/comments?post=298043"}],"version-history":[{"count":1,"href":"https:\/\/www.purejewels.com\/tr\/wp-json\/wp\/v2\/product\/298043\/revisions"}],"predecessor-version":[{"id":371762,"href":"https:\/\/www.purejewels.com\/tr\/wp-json\/wp\/v2\/product\/298043\/revisions\/371762"}],"wp:featuredmedia":[{"embeddable":true,"href":"https:\/\/www.purejewels.com\/tr\/wp-json\/wp\/v2\/media\/315609"}],"wp:attachment":[{"href":"https:\/\/www.purejewels.com\/tr\/wp-json\/wp\/v2\/media?parent=298043"}],"wp:term":[{"taxonomy":"product_brand","embeddable":true,"href":"https:\/\/www.purejewels.com\/tr\/wp-json\/wp\/v2\/product_brand?post=298043"},{"taxonomy":"product_cat","embeddable":true,"href":"https:\/\/www.purejewels.com\/tr\/wp-json\/wp\/v2\/product_cat?post=298043"},{"taxonomy":"product_tag","embeddable":true,"href":"https:\/\/www.purejewels.com\/tr\/wp-json\/wp\/v2\/product_tag?post=298043"}],"curies":[{"name":"wp","href":"https:\/\/api.w.org\/{rel}","templated":true}]}}