{"id":298044,"date":"2017-12-16T13:38:29","date_gmt":"2017-12-16T13:38:29","guid":{"rendered":"https:\/\/www.purejewels.com\/product\/christian-bauer-wedding-ring-6\/"},"modified":"2024-09-12T07:26:46","modified_gmt":"2024-09-12T06:26:46","slug":"christian-bauer-alyans-274461","status":"publish","type":"product","link":"https:\/\/www.purejewels.com\/tr\/product\/christian-bauer-wedding-ring-274461\/","title":{"rendered":"Christian Bauer Alyans Y\u00fcz\u00fck"},"content":{"rendered":"<h3>\u0130lham kayna\u011f\u0131<\/h3>\n<p>G\u00fczel ba\u011f\u0131n\u0131zdan esinlenerek, bu <a href=\"https:\/\/www.purejewels.com\/tr\/product-category\/wedding-rings-bands\/wedding-bands\/christian-bauer-brands\/\">Christian Bauer<\/a> <strong>d\u00fc\u011f\u00fcn bandi<\/strong> nadir ve l\u00fcks bir hazine gibidir, bu da onu sevgiliniz i\u00e7in m\u00fckemmel bir m\u00fccevher haline getirir. Usta karigarlar\u0131m\u0131z taraf\u0131ndan de\u011ferli bir \u015fekilde el i\u015f\u00e7ili\u011fiyle \u00fcretilmi\u015ftir ve s\u00fcsleyen ki\u015fi kadar g\u00fczel ve kendinden ge\u00e7mi\u015f olmas\u0131 i\u00e7in m\u00fckemmel bir \u015fekilde detayland\u0131r\u0131lm\u0131\u015ft\u0131r.<\/p>\n<h3>Tasar\u0131m<\/h3>\n<p>Klasik bant safl\u0131k, g\u00fc\u00e7 ve ger\u00e7ek a\u015fk\u0131 simgeleyen platinden oyulmu\u015ftur. Ger\u00e7ek a\u015fk ba\u011f\u0131n\u0131za benzer \u015fekilde, platin nadir bulunur ve en zorlu zaman ve ko\u015fullarda bile parlakl\u0131\u011f\u0131n\u0131 ve g\u00fcc\u00fcn\u00fc korudu\u011fu i\u00e7in a\u015fk\u0131n sonsuz dayan\u0131kl\u0131l\u0131\u011f\u0131n\u0131 temsil eder. Bu Christian Bauer <strong>platin y\u00fcz\u00fck<\/strong> \u00f6zenle parlat\u0131lm\u0131\u015f ve \u00e7ift ton verilmi\u015ftir. Kordon, elle zarif bir \u015fekilde dokuland\u0131r\u0131lm\u0131\u015f klasik platin kordon ile g\u00fczel bir \u015fekilde haz\u0131rlanm\u0131\u015ft\u0131r. Bu Platin kordon, p\u00fcr\u00fczs\u00fcz ve ipeksi bir y\u00fczey verilmi\u015f olan iki ince pembe alt\u0131n kordon aras\u0131nda yer almaktad\u0131r.<\/p>\n<h3>De\u011ferli<\/h3>\n<p>Bu Christian Bauer <a href=\"https:\/\/www.purejewels.com\/tr\/product-category\/22ct-gold-jewellery\/gold-rings\/\">halkalar<\/a> Her zaman klasik ve eskimeyen bir dokunu\u015fa sahip olan bu m\u00fccevherler, bir kez tak\u0131ld\u0131\u011f\u0131nda yak\u0131\u015f\u0131kl\u0131 ellerinin sofistikeli\u011fini art\u0131racak ve ger\u00e7ek ve ebedi a\u015fk\u0131n\u0131z\u0131n saf ba\u011f\u0131n\u0131 simgeleyecektir. Bu de\u011ferli biblo, siz uzaktayken bile ona bug\u00fcn ve her zaman s\u0131cak ve sevildi\u011fini hissettirecek bir m\u00fccevher par\u00e7as\u0131d\u0131r. Bu \u00f6zel m\u00fccevhere sahip olmak i\u00e7in canl\u0131 sohbet arac\u0131l\u0131\u011f\u0131yla istedi\u011finiz boyutta rezervasyon yapt\u0131rabilir veya daha fazla se\u00e7enek i\u00e7in bizden randevu alabilirsiniz.<\/p>","protected":false},"excerpt":{"rendered":"<ul>\n<li>Yetkili Christian Bauer Londra Stok\u00e7usu<\/li>\n<li>Erkek platin alyans<\/li>\n<li>Zil numaras\u0131 274461<\/li>\n<li>Metal Platin, 750 Pembe Alt\u0131n<\/li>\n<li>Geni\u015flik: 6,5 mm<\/li>\n<li>Cinsiyet: Erkek<\/li>\n<li>\"Platin Alyanslardan olu\u015fan se\u00e7kin koleksiyonumuzu ke\u015ffetmek i\u00e7in bizimle ileti\u015fime ge\u00e7in \/ sohbet edin<\/li>\n<\/ul>","protected":false},"featured_media":315608,"comment_status":"closed","ping_status":"closed","template":"","meta":{"_eb_attr":"","_crsspst_to_jayantr4sg-hostcom":false},"product_brand":[],"product_cat":[238,1572,1800,5293,5294,229,226],"product_tag":[],"class_list":{"0":"post-298044","1":"product","2":"type-product","3":"status-publish","4":"has-post-thumbnail","6":"product_cat-christian-bauer-brands","7":"product_cat-mens-jewellery","8":"product_cat-platinum-bands","9":"product_cat-platinum-wedding-bands-2","10":"product_cat-platinum-wedding-bands-for-men","11":"product_cat-wedding-bands","12":"product_cat-wedding-rings-bands","14":"first","15":"instock","16":"taxable","17":"shipping-taxable","18":"purchasable","19":"product-type-simple","20":"add-to-wishlist-before_image"},"yoast_head":"<!-- This site is optimized with the Yoast SEO plugin v27.5 - https:\/\/yoast.com\/product\/yoast-seo-wordpress\/ -->\n<title>Platinum And Gold Wedding Band Online | PureJewels.com<\/title>\n<meta name=\"description\" content=\"Platinum Male Wedding Band | Order Platinum Bands Online In London | Hallmarked Jewellery | Quick Delivery\" \/>\n<meta name=\"robots\" content=\"index, follow, max-snippet:-1, max-image-preview:large, max-video-preview:-1\" \/>\n<link rel=\"canonical\" href=\"https:\/\/www.purejewels.com\/tr\/urun\/christian-bauer-alyans-274461\/\" \/>\n<meta property=\"og:locale\" content=\"tr_TR\" \/>\n<meta property=\"og:type\" content=\"article\" \/>\n<meta property=\"og:title\" content=\"Platinum And Gold Wedding Band Online | PureJewels.com\" \/>\n<meta property=\"og:description\" content=\"Platinum Male Wedding Band | Order Platinum Bands Online In London | Hallmarked Jewellery | Quick Delivery\" \/>\n<meta property=\"og:url\" content=\"https:\/\/www.purejewels.com\/tr\/urun\/christian-bauer-alyans-274461\/\" \/>\n<meta property=\"og:site_name\" content=\"PureJewels UK\" \/>\n<meta property=\"article:modified_time\" content=\"2024-09-12T06:26:46+00:00\" \/>\n<meta property=\"og:image\" content=\"https:\/\/www.purejewels.com\/wp-content\/uploads\/2020\/07\/137217212.jpg\" \/>\n\t<meta property=\"og:image:width\" content=\"960\" \/>\n\t<meta property=\"og:image:height\" content=\"960\" \/>\n\t<meta property=\"og:image:type\" content=\"image\/jpeg\" \/>\n<meta name=\"twitter:card\" content=\"summary_large_image\" \/>\n<meta name=\"twitter:label1\" content=\"Tahmini okuma s\u00fcresi\" \/>\n\t<meta name=\"twitter:data1\" content=\"1 dakika\" \/>\n<script type=\"application\/ld+json\" class=\"yoast-schema-graph\">{\"@context\":\"https:\\\/\\\/schema.org\",\"@graph\":[{\"@type\":[\"WebPage\",\"ItemPage\"],\"@id\":\"https:\\\/\\\/www.purejewels.com\\\/product\\\/christian-bauer-wedding-ring-274461\\\/\",\"url\":\"https:\\\/\\\/www.purejewels.com\\\/product\\\/christian-bauer-wedding-ring-274461\\\/\",\"name\":\"Platinum And Gold Wedding Band Online | PureJewels.com\",\"isPartOf\":{\"@id\":\"https:\\\/\\\/www.purejewels.com\\\/#website\"},\"primaryImageOfPage\":{\"@id\":\"https:\\\/\\\/www.purejewels.com\\\/product\\\/christian-bauer-wedding-ring-274461\\\/#primaryimage\"},\"image\":{\"@id\":\"https:\\\/\\\/www.purejewels.com\\\/product\\\/christian-bauer-wedding-ring-274461\\\/#primaryimage\"},\"thumbnailUrl\":\"https:\\\/\\\/static.purejewels.com\\\/wp-content\\\/uploads\\\/2020\\\/07\\\/137217212.jpg\",\"datePublished\":\"2017-12-16T13:38:29+00:00\",\"dateModified\":\"2024-09-12T06:26:46+00:00\",\"description\":\"Platinum Male Wedding Band | Order Platinum Bands Online In London | Hallmarked Jewellery | Quick Delivery\",\"breadcrumb\":{\"@id\":\"https:\\\/\\\/www.purejewels.com\\\/product\\\/christian-bauer-wedding-ring-274461\\\/#breadcrumb\"},\"inLanguage\":\"tr\",\"potentialAction\":[{\"@type\":\"ReadAction\",\"target\":[\"https:\\\/\\\/www.purejewels.com\\\/product\\\/christian-bauer-wedding-ring-274461\\\/\"]}]},{\"@type\":\"ImageObject\",\"inLanguage\":\"tr\",\"@id\":\"https:\\\/\\\/www.purejewels.com\\\/product\\\/christian-bauer-wedding-ring-274461\\\/#primaryimage\",\"url\":\"https:\\\/\\\/static.purejewels.com\\\/wp-content\\\/uploads\\\/2020\\\/07\\\/137217212.jpg\",\"contentUrl\":\"https:\\\/\\\/static.purejewels.com\\\/wp-content\\\/uploads\\\/2020\\\/07\\\/137217212.jpg\",\"width\":960,\"height\":960,\"caption\":\"Christian Bauer wedding bands are beautifully engineered.\u00a0 Here\u2019s a distinctive men\u2019s band from the German label, blending an organic rippled texture with polished bands of rose gold.\u00a0 The workmanship is extraordinary; we have stocked Christian Bauer wedding bands for many years and continue to be impressed with their innovative approach.\u00a0 You\u2019ll be pleased with the fit and comfort of this wedding ring, particularly when you start receiving compliments on your choice\u2026 *Christian Bauer wedding bands are ordered to size, so please open Live Chat to enquire about prices and availability.Authorised Christian Bauer London StockistMen\u2019s platinum wedding ringRing number 274461Metal: Platinum, 750 Rose GoldWidth: 6.5 mm\\\"Contact us \\\/ chat with us to explore our exquisite collection of Wedding Platinum Rings&nbsp;Christian Bauer men\u2019s textured wedding bandA textured wedding band is an interesting and unusual choice that really makes a statement.\u00a0 Christian Bauer crafts a range of textures on its wedding bands, from sandblasted circles to precision-cut edges and wavy, organic rings.\u00a0 The brand is also known for using coloured golds in a unique way.\u00a0 This ring contrasts both texture and colour, and is perfect for wearing all by itself.\u00a0\u00a0 If it\u2019s the only jewellery you\u2019re likely to wear then this wedding band is striking enough to take all the attention.\"},{\"@type\":\"BreadcrumbList\",\"@id\":\"https:\\\/\\\/www.purejewels.com\\\/product\\\/christian-bauer-wedding-ring-274461\\\/#breadcrumb\",\"itemListElement\":[{\"@type\":\"ListItem\",\"position\":1,\"name\":\"Home\",\"item\":\"https:\\\/\\\/www.purejewels.com\\\/\"},{\"@type\":\"ListItem\",\"position\":2,\"name\":\"Shop\",\"item\":\"https:\\\/\\\/www.purejewels.com\\\/shop\\\/\"},{\"@type\":\"ListItem\",\"position\":3,\"name\":\"Christian Bauer Wedding Band Ring\"}]},{\"@type\":\"WebSite\",\"@id\":\"https:\\\/\\\/www.purejewels.com\\\/#website\",\"url\":\"https:\\\/\\\/www.purejewels.com\\\/\",\"name\":\"PureJewels UK\",\"description\":\"Share the Love\",\"publisher\":{\"@id\":\"https:\\\/\\\/www.purejewels.com\\\/#organization\"},\"potentialAction\":[{\"@type\":\"SearchAction\",\"target\":{\"@type\":\"EntryPoint\",\"urlTemplate\":\"https:\\\/\\\/www.purejewels.com\\\/?s={search_term_string}\"},\"query-input\":{\"@type\":\"PropertyValueSpecification\",\"valueRequired\":true,\"valueName\":\"search_term_string\"}}],\"inLanguage\":\"tr\"},{\"@type\":\"Organization\",\"@id\":\"https:\\\/\\\/www.purejewels.com\\\/#organization\",\"name\":\"PureJewels UK\",\"url\":\"https:\\\/\\\/www.purejewels.com\\\/\",\"logo\":{\"@type\":\"ImageObject\",\"inLanguage\":\"tr\",\"@id\":\"https:\\\/\\\/www.purejewels.com\\\/#\\\/schema\\\/logo\\\/image\\\/\",\"url\":\"https:\\\/\\\/static.purejewels.com\\\/wp-content\\\/uploads\\\/2020\\\/11\\\/Logo-PJ-New-1.png\",\"contentUrl\":\"https:\\\/\\\/static.purejewels.com\\\/wp-content\\\/uploads\\\/2020\\\/11\\\/Logo-PJ-New-1.png\",\"width\":150,\"height\":80,\"caption\":\"PureJewels UK\"},\"image\":{\"@id\":\"https:\\\/\\\/www.purejewels.com\\\/#\\\/schema\\\/logo\\\/image\\\/\"}}]}<\/script>\n<!-- \/ Yoast SEO plugin. -->","yoast_head_json":{"title":"Platin ve Alt\u0131n Alyans Online | PureJewels.com","description":"Platin Erkek Alyans | Londra'da Online Platin Alyans Sipari\u015fi | Hallmarked Jewellery | H\u0131zl\u0131 Teslimat","robots":{"index":"index","follow":"follow","max-snippet":"max-snippet:-1","max-image-preview":"max-image-preview:large","max-video-preview":"max-video-preview:-1"},"canonical":"https:\/\/www.purejewels.com\/tr\/urun\/christian-bauer-alyans-274461\/","og_locale":"tr_TR","og_type":"article","og_title":"Platinum And Gold Wedding Band Online | PureJewels.com","og_description":"Platinum Male Wedding Band | Order Platinum Bands Online In London | Hallmarked Jewellery | Quick Delivery","og_url":"https:\/\/www.purejewels.com\/tr\/urun\/christian-bauer-alyans-274461\/","og_site_name":"PureJewels UK","article_modified_time":"2024-09-12T06:26:46+00:00","og_image":[{"width":960,"height":960,"url":"https:\/\/www.purejewels.com\/wp-content\/uploads\/2020\/07\/137217212.jpg","type":"image\/jpeg"}],"twitter_card":"summary_large_image","twitter_misc":{"Tahmini okuma s\u00fcresi":"1 dakika"},"schema":{"@context":"https:\/\/schema.org","@graph":[{"@type":["WebPage","ItemPage"],"@id":"https:\/\/www.purejewels.com\/product\/christian-bauer-wedding-ring-274461\/","url":"https:\/\/www.purejewels.com\/product\/christian-bauer-wedding-ring-274461\/","name":"Platin ve Alt\u0131n Alyans Online | PureJewels.com","isPartOf":{"@id":"https:\/\/www.purejewels.com\/#website"},"primaryImageOfPage":{"@id":"https:\/\/www.purejewels.com\/product\/christian-bauer-wedding-ring-274461\/#primaryimage"},"image":{"@id":"https:\/\/www.purejewels.com\/product\/christian-bauer-wedding-ring-274461\/#primaryimage"},"thumbnailUrl":"https:\/\/static.purejewels.com\/wp-content\/uploads\/2020\/07\/137217212.jpg","datePublished":"2017-12-16T13:38:29+00:00","dateModified":"2024-09-12T06:26:46+00:00","description":"Platin Erkek Alyans | Londra'da Online Platin Alyans Sipari\u015fi | Hallmarked Jewellery | H\u0131zl\u0131 Teslimat","breadcrumb":{"@id":"https:\/\/www.purejewels.com\/product\/christian-bauer-wedding-ring-274461\/#breadcrumb"},"inLanguage":"tr","potentialAction":[{"@type":"ReadAction","target":["https:\/\/www.purejewels.com\/product\/christian-bauer-wedding-ring-274461\/"]}]},{"@type":"ImageObject","inLanguage":"tr","@id":"https:\/\/www.purejewels.com\/product\/christian-bauer-wedding-ring-274461\/#primaryimage","url":"https:\/\/static.purejewels.com\/wp-content\/uploads\/2020\/07\/137217212.jpg","contentUrl":"https:\/\/static.purejewels.com\/wp-content\/uploads\/2020\/07\/137217212.jpg","width":960,"height":960,"caption":"Christian Bauer wedding bands are beautifully engineered.\u00a0 Here\u2019s a distinctive men\u2019s band from the German label, blending an organic rippled texture with polished bands of rose gold.\u00a0 The workmanship is extraordinary; we have stocked Christian Bauer wedding bands for many years and continue to be impressed with their innovative approach.\u00a0 You\u2019ll be pleased with the fit and comfort of this wedding ring, particularly when you start receiving compliments on your choice\u2026 *Christian Bauer wedding bands are ordered to size, so please open Live Chat to enquire about prices and availability.Authorised Christian Bauer London StockistMen\u2019s platinum wedding ringRing number 274461Metal: Platinum, 750 Rose GoldWidth: 6.5 mm\"Contact us \/ chat with us to explore our exquisite collection of Wedding Platinum Rings&nbsp;Christian Bauer men\u2019s textured wedding bandA textured wedding band is an interesting and unusual choice that really makes a statement.\u00a0 Christian Bauer crafts a range of textures on its wedding bands, from sandblasted circles to precision-cut edges and wavy, organic rings.\u00a0 The brand is also known for using coloured golds in a unique way.\u00a0 This ring contrasts both texture and colour, and is perfect for wearing all by itself.\u00a0\u00a0 If it\u2019s the only jewellery you\u2019re likely to wear then this wedding band is striking enough to take all the attention."},{"@type":"BreadcrumbList","@id":"https:\/\/www.purejewels.com\/product\/christian-bauer-wedding-ring-274461\/#breadcrumb","itemListElement":[{"@type":"ListItem","position":1,"name":"Home","item":"https:\/\/www.purejewels.com\/"},{"@type":"ListItem","position":2,"name":"Shop","item":"https:\/\/www.purejewels.com\/shop\/"},{"@type":"ListItem","position":3,"name":"Christian Bauer Wedding Band Ring"}]},{"@type":"WebSite","@id":"https:\/\/www.purejewels.com\/#website","url":"https:\/\/www.purejewels.com\/","name":"PureJewels \u0130ngiltere","description":"Sevgiyi Payla\u015f\u0131n","publisher":{"@id":"https:\/\/www.purejewels.com\/#organization"},"potentialAction":[{"@type":"SearchAction","target":{"@type":"EntryPoint","urlTemplate":"https:\/\/www.purejewels.com\/?s={search_term_string}"},"query-input":{"@type":"PropertyValueSpecification","valueRequired":true,"valueName":"search_term_string"}}],"inLanguage":"tr"},{"@type":"Organization","@id":"https:\/\/www.purejewels.com\/#organization","name":"PureJewels \u0130ngiltere","url":"https:\/\/www.purejewels.com\/","logo":{"@type":"ImageObject","inLanguage":"tr","@id":"https:\/\/www.purejewels.com\/#\/schema\/logo\/image\/","url":"https:\/\/static.purejewels.com\/wp-content\/uploads\/2020\/11\/Logo-PJ-New-1.png","contentUrl":"https:\/\/static.purejewels.com\/wp-content\/uploads\/2020\/11\/Logo-PJ-New-1.png","width":150,"height":80,"caption":"PureJewels UK"},"image":{"@id":"https:\/\/www.purejewels.com\/#\/schema\/logo\/image\/"}}]}},"_links":{"self":[{"href":"https:\/\/www.purejewels.com\/tr\/wp-json\/wp\/v2\/product\/298044","targetHints":{"allow":["GET"]}}],"collection":[{"href":"https:\/\/www.purejewels.com\/tr\/wp-json\/wp\/v2\/product"}],"about":[{"href":"https:\/\/www.purejewels.com\/tr\/wp-json\/wp\/v2\/types\/product"}],"replies":[{"embeddable":true,"href":"https:\/\/www.purejewels.com\/tr\/wp-json\/wp\/v2\/comments?post=298044"}],"version-history":[{"count":1,"href":"https:\/\/www.purejewels.com\/tr\/wp-json\/wp\/v2\/product\/298044\/revisions"}],"predecessor-version":[{"id":371761,"href":"https:\/\/www.purejewels.com\/tr\/wp-json\/wp\/v2\/product\/298044\/revisions\/371761"}],"wp:featuredmedia":[{"embeddable":true,"href":"https:\/\/www.purejewels.com\/tr\/wp-json\/wp\/v2\/media\/315608"}],"wp:attachment":[{"href":"https:\/\/www.purejewels.com\/tr\/wp-json\/wp\/v2\/media?parent=298044"}],"wp:term":[{"taxonomy":"product_brand","embeddable":true,"href":"https:\/\/www.purejewels.com\/tr\/wp-json\/wp\/v2\/product_brand?post=298044"},{"taxonomy":"product_cat","embeddable":true,"href":"https:\/\/www.purejewels.com\/tr\/wp-json\/wp\/v2\/product_cat?post=298044"},{"taxonomy":"product_tag","embeddable":true,"href":"https:\/\/www.purejewels.com\/tr\/wp-json\/wp\/v2\/product_tag?post=298044"}],"curies":[{"name":"wp","href":"https:\/\/api.w.org\/{rel}","templated":true}]}}