{"id":298048,"date":"2017-12-16T13:38:29","date_gmt":"2017-12-16T13:38:29","guid":{"rendered":"https:\/\/www.purejewels.com\/product\/christian-bauer-wedding-ring-10\/"},"modified":"2020-12-21T17:54:28","modified_gmt":"2020-12-21T17:54:28","slug":"christian-bauer-alyans-10","status":"publish","type":"product","link":"https:\/\/www.purejewels.com\/tr\/product\/christian-bauer-wedding-ring-10\/","title":{"rendered":"Christian Bauer Alyans"},"content":{"rendered":"<h2>Christian Bauer Alyanslar<\/h2>\n<p>Daha fazla \u0131\u015f\u0131lt\u0131 katmaya kar\u015f\u0131 koyamayanlar i\u00e7in... i\u015fte c\u00f6mert\u00e7e elmaslarla kapl\u0131 l\u00fcks yeni Christian Bauer alyans.  Hi\u00e7bir masraftan ka\u00e7\u0131nmayan kuyumcu, g\u00f6z kama\u015ft\u0131r\u0131c\u0131 kenarl\u0131\u011f\u0131 olu\u015fturmak i\u00e7in neredeyse yar\u0131m karat p\u0131rlanta se\u00e7ti.  Ni\u015fan y\u00fcz\u00fc\u011f\u00fcn\u00fcz\u00fc en iyisi i\u00e7in saklamak ama yine de g\u00fcnl\u00fck olarak g\u00f6z kama\u015ft\u0131rmak istiyorsan\u0131z kesinlikle m\u00fckemmel.  5,5 mm'lik bu ince alyans, g\u00f6mme ta\u015flar\u0131yla rahat ve pratik (siz g\u00f6z kama\u015ft\u0131rmakla me\u015fgulken bile) kalmaya devam ediyor.  *Christian Bauer alyans m\u0131 d\u00fc\u015f\u00fcn\u00fcyorsunuz?  Ola\u011fan\u00fcst\u00fc bir se\u00e7im.  Kuyumcu hakk\u0131nda daha fazla bilgiyi a\u015fa\u011f\u0131da bulabilirsiniz.  Sipari\u015f vermek veya teslim s\u00fcrelerini \u00f6\u011frenmek i\u00e7in Canl\u0131 Sohbet'i a\u00e7\u0131n ve an\u0131nda bir ma\u011faza dan\u0131\u015fman\u0131yla konu\u015fun.*<\/p>\n<ul>\n<li>Yetkili Christian Bauer Londra Stok\u00e7usu<\/li>\n<li>Christian Bauer p\u0131rlanta alyans - 246621<\/li>\n<li>Geni\u015flik: 5,5 mm<\/li>\n<li>Ta\u015flar: 38 Parlak kesim p\u0131rlanta<\/li>\n<li>A\u011f\u0131rl\u0131k: 0,42 ct<\/li>\n<li>*Bedeninizi sipari\u015f etmek i\u00e7in Canl\u0131 Sohbet'i kullan\u0131n veya bizi aray\u0131n.<\/li>\n<\/ul>\n<h2><strong>Christian Bauer alyans se\u00e7imi<\/strong><\/h2>\n<p>Her otantik Christian Bauer alyans\u0131n\u0131n arkas\u0131na damgalanm\u0131\u015f olan Alman K\u00f6knar\u0131, markan\u0131n do\u011fal malzemelere olan sevgisini ve m\u00fckemmelli\u011fe olan ba\u011fl\u0131l\u0131\u011f\u0131n\u0131 temsil eder.  100 y\u0131l\u0131 a\u015fk\u0131n bir s\u00fcre \u00f6nce kurulan aile \u015firketi, Almanya'n\u0131n k\u0131rsal kesimindeki \u00e7evre dostu at\u00f6lyesinde \u00e7al\u0131\u015fan m\u00fckemmel m\u00fccevher ustalar\u0131ndan olu\u015fan bir ekip yeti\u015ftirmi\u015ftir.  Her y\u00fcz\u00fck \u00f6nceden \u00e7\u0131kar\u0131lm\u0131\u015f metallerden yap\u0131l\u0131r ve her p\u0131rlanta \u00f6zenle se\u00e7ilir ve titizlikle yerle\u015ftirilir.  PureJewels, Christian Bauer d\u00fc\u011f\u00fcn <a href=\"https:\/\/www.purejewels.com\/tr\/product-category\/22ct-gold-jewellery\/gold-rings\/\">halkalar<\/a> Ancak her halkadaki beceri ve kalite bizi etkilemeye devam ediyor.<\/p>","protected":false},"excerpt":{"rendered":"<p>Christian Bauer Alyanslar Daha fazla \u0131\u015f\u0131lt\u0131 katmaya kar\u015f\u0131 koyamayanlar i\u00e7in... i\u015fte l\u00fcks yeni Christian Bauer d\u00fc\u011f\u00fcn y\u00fcz\u00fckleri<\/p>","protected":false},"featured_media":315604,"comment_status":"open","ping_status":"closed","template":"","meta":{"_eb_attr":"","_crsspst_to_jayantr4sg-hostcom":false},"product_brand":[],"product_cat":[238,236,1533,229],"product_tag":[],"class_list":{"0":"post-298048","1":"product","2":"type-product","3":"status-publish","4":"has-post-thumbnail","6":"product_cat-christian-bauer-brands","7":"product_cat-collections","8":"product_cat-diamond-jewellery-set","9":"product_cat-wedding-bands","11":"first","12":"outofstock","13":"taxable","14":"shipping-taxable","15":"product-type-simple","16":"add-to-wishlist-before_image"},"yoast_head":"<!-- This site is optimized with the Yoast SEO plugin v27.5 - https:\/\/yoast.com\/product\/yoast-seo-wordpress\/ -->\n<title>Christian Bauer Wedding Ring - PureJewels UK<\/title>\n<meta name=\"robots\" content=\"index, follow, max-snippet:-1, max-image-preview:large, max-video-preview:-1\" \/>\n<link rel=\"canonical\" href=\"https:\/\/www.purejewels.com\/tr\/urun\/christian-bauer-alyans-10\/\" \/>\n<meta property=\"og:locale\" content=\"tr_TR\" \/>\n<meta property=\"og:type\" content=\"article\" \/>\n<meta property=\"og:title\" content=\"Christian Bauer Wedding Ring - PureJewels UK\" \/>\n<meta property=\"og:description\" content=\"Christian Bauer Wedding Rings For those who can\u2019t resist adding more sparkle\u2026 here is a luxurious new Christian Bauer wedding\" \/>\n<meta property=\"og:url\" content=\"https:\/\/www.purejewels.com\/tr\/urun\/christian-bauer-alyans-10\/\" \/>\n<meta property=\"og:site_name\" content=\"PureJewels UK\" \/>\n<meta property=\"article:modified_time\" content=\"2020-12-21T17:54:28+00:00\" \/>\n<meta property=\"og:image\" content=\"https:\/\/www.purejewels.com\/wp-content\/uploads\/2020\/07\/137217218.jpg\" \/>\n\t<meta property=\"og:image:width\" content=\"600\" \/>\n\t<meta property=\"og:image:height\" content=\"600\" \/>\n\t<meta property=\"og:image:type\" content=\"image\/jpeg\" \/>\n<meta name=\"twitter:card\" content=\"summary_large_image\" \/>\n<meta name=\"twitter:label1\" content=\"Tahmini okuma s\u00fcresi\" \/>\n\t<meta name=\"twitter:data1\" content=\"1 dakika\" \/>\n<script type=\"application\/ld+json\" class=\"yoast-schema-graph\">{\"@context\":\"https:\\\/\\\/schema.org\",\"@graph\":[{\"@type\":[\"WebPage\",\"ItemPage\"],\"@id\":\"https:\\\/\\\/www.purejewels.com\\\/product\\\/christian-bauer-wedding-ring-10\\\/\",\"url\":\"https:\\\/\\\/www.purejewels.com\\\/product\\\/christian-bauer-wedding-ring-10\\\/\",\"name\":\"Christian Bauer Wedding Ring - PureJewels UK\",\"isPartOf\":{\"@id\":\"https:\\\/\\\/www.purejewels.com\\\/#website\"},\"primaryImageOfPage\":{\"@id\":\"https:\\\/\\\/www.purejewels.com\\\/product\\\/christian-bauer-wedding-ring-10\\\/#primaryimage\"},\"image\":{\"@id\":\"https:\\\/\\\/www.purejewels.com\\\/product\\\/christian-bauer-wedding-ring-10\\\/#primaryimage\"},\"thumbnailUrl\":\"https:\\\/\\\/static.purejewels.com\\\/wp-content\\\/uploads\\\/2020\\\/07\\\/137217218.jpg\",\"datePublished\":\"2017-12-16T13:38:29+00:00\",\"dateModified\":\"2020-12-21T17:54:28+00:00\",\"breadcrumb\":{\"@id\":\"https:\\\/\\\/www.purejewels.com\\\/product\\\/christian-bauer-wedding-ring-10\\\/#breadcrumb\"},\"inLanguage\":\"tr\",\"potentialAction\":[{\"@type\":\"ReadAction\",\"target\":[\"https:\\\/\\\/www.purejewels.com\\\/product\\\/christian-bauer-wedding-ring-10\\\/\"]}]},{\"@type\":\"ImageObject\",\"inLanguage\":\"tr\",\"@id\":\"https:\\\/\\\/www.purejewels.com\\\/product\\\/christian-bauer-wedding-ring-10\\\/#primaryimage\",\"url\":\"https:\\\/\\\/static.purejewels.com\\\/wp-content\\\/uploads\\\/2020\\\/07\\\/137217218.jpg\",\"contentUrl\":\"https:\\\/\\\/static.purejewels.com\\\/wp-content\\\/uploads\\\/2020\\\/07\\\/137217218.jpg\",\"width\":600,\"height\":600},{\"@type\":\"BreadcrumbList\",\"@id\":\"https:\\\/\\\/www.purejewels.com\\\/product\\\/christian-bauer-wedding-ring-10\\\/#breadcrumb\",\"itemListElement\":[{\"@type\":\"ListItem\",\"position\":1,\"name\":\"Home\",\"item\":\"https:\\\/\\\/www.purejewels.com\\\/\"},{\"@type\":\"ListItem\",\"position\":2,\"name\":\"Shop\",\"item\":\"https:\\\/\\\/www.purejewels.com\\\/shop\\\/\"},{\"@type\":\"ListItem\",\"position\":3,\"name\":\"Christian Bauer Wedding Ring\"}]},{\"@type\":\"WebSite\",\"@id\":\"https:\\\/\\\/www.purejewels.com\\\/#website\",\"url\":\"https:\\\/\\\/www.purejewels.com\\\/\",\"name\":\"PureJewels UK\",\"description\":\"Share the Love\",\"publisher\":{\"@id\":\"https:\\\/\\\/www.purejewels.com\\\/#organization\"},\"potentialAction\":[{\"@type\":\"SearchAction\",\"target\":{\"@type\":\"EntryPoint\",\"urlTemplate\":\"https:\\\/\\\/www.purejewels.com\\\/?s={search_term_string}\"},\"query-input\":{\"@type\":\"PropertyValueSpecification\",\"valueRequired\":true,\"valueName\":\"search_term_string\"}}],\"inLanguage\":\"tr\"},{\"@type\":\"Organization\",\"@id\":\"https:\\\/\\\/www.purejewels.com\\\/#organization\",\"name\":\"PureJewels UK\",\"url\":\"https:\\\/\\\/www.purejewels.com\\\/\",\"logo\":{\"@type\":\"ImageObject\",\"inLanguage\":\"tr\",\"@id\":\"https:\\\/\\\/www.purejewels.com\\\/#\\\/schema\\\/logo\\\/image\\\/\",\"url\":\"https:\\\/\\\/static.purejewels.com\\\/wp-content\\\/uploads\\\/2020\\\/11\\\/Logo-PJ-New-1.png\",\"contentUrl\":\"https:\\\/\\\/static.purejewels.com\\\/wp-content\\\/uploads\\\/2020\\\/11\\\/Logo-PJ-New-1.png\",\"width\":150,\"height\":80,\"caption\":\"PureJewels UK\"},\"image\":{\"@id\":\"https:\\\/\\\/www.purejewels.com\\\/#\\\/schema\\\/logo\\\/image\\\/\"}}]}<\/script>\n<!-- \/ Yoast SEO plugin. -->","yoast_head_json":{"title":"Christian Bauer Alyans - PureJewels UK","robots":{"index":"index","follow":"follow","max-snippet":"max-snippet:-1","max-image-preview":"max-image-preview:large","max-video-preview":"max-video-preview:-1"},"canonical":"https:\/\/www.purejewels.com\/tr\/urun\/christian-bauer-alyans-10\/","og_locale":"tr_TR","og_type":"article","og_title":"Christian Bauer Wedding Ring - PureJewels UK","og_description":"Christian Bauer Wedding Rings For those who can\u2019t resist adding more sparkle\u2026 here is a luxurious new Christian Bauer wedding","og_url":"https:\/\/www.purejewels.com\/tr\/urun\/christian-bauer-alyans-10\/","og_site_name":"PureJewels UK","article_modified_time":"2020-12-21T17:54:28+00:00","og_image":[{"width":600,"height":600,"url":"https:\/\/www.purejewels.com\/wp-content\/uploads\/2020\/07\/137217218.jpg","type":"image\/jpeg"}],"twitter_card":"summary_large_image","twitter_misc":{"Tahmini okuma s\u00fcresi":"1 dakika"},"schema":{"@context":"https:\/\/schema.org","@graph":[{"@type":["WebPage","ItemPage"],"@id":"https:\/\/www.purejewels.com\/product\/christian-bauer-wedding-ring-10\/","url":"https:\/\/www.purejewels.com\/product\/christian-bauer-wedding-ring-10\/","name":"Christian Bauer Alyans - PureJewels UK","isPartOf":{"@id":"https:\/\/www.purejewels.com\/#website"},"primaryImageOfPage":{"@id":"https:\/\/www.purejewels.com\/product\/christian-bauer-wedding-ring-10\/#primaryimage"},"image":{"@id":"https:\/\/www.purejewels.com\/product\/christian-bauer-wedding-ring-10\/#primaryimage"},"thumbnailUrl":"https:\/\/static.purejewels.com\/wp-content\/uploads\/2020\/07\/137217218.jpg","datePublished":"2017-12-16T13:38:29+00:00","dateModified":"2020-12-21T17:54:28+00:00","breadcrumb":{"@id":"https:\/\/www.purejewels.com\/product\/christian-bauer-wedding-ring-10\/#breadcrumb"},"inLanguage":"tr","potentialAction":[{"@type":"ReadAction","target":["https:\/\/www.purejewels.com\/product\/christian-bauer-wedding-ring-10\/"]}]},{"@type":"ImageObject","inLanguage":"tr","@id":"https:\/\/www.purejewels.com\/product\/christian-bauer-wedding-ring-10\/#primaryimage","url":"https:\/\/static.purejewels.com\/wp-content\/uploads\/2020\/07\/137217218.jpg","contentUrl":"https:\/\/static.purejewels.com\/wp-content\/uploads\/2020\/07\/137217218.jpg","width":600,"height":600},{"@type":"BreadcrumbList","@id":"https:\/\/www.purejewels.com\/product\/christian-bauer-wedding-ring-10\/#breadcrumb","itemListElement":[{"@type":"ListItem","position":1,"name":"Home","item":"https:\/\/www.purejewels.com\/"},{"@type":"ListItem","position":2,"name":"Shop","item":"https:\/\/www.purejewels.com\/shop\/"},{"@type":"ListItem","position":3,"name":"Christian Bauer Wedding Ring"}]},{"@type":"WebSite","@id":"https:\/\/www.purejewels.com\/#website","url":"https:\/\/www.purejewels.com\/","name":"PureJewels \u0130ngiltere","description":"Sevgiyi Payla\u015f\u0131n","publisher":{"@id":"https:\/\/www.purejewels.com\/#organization"},"potentialAction":[{"@type":"SearchAction","target":{"@type":"EntryPoint","urlTemplate":"https:\/\/www.purejewels.com\/?s={search_term_string}"},"query-input":{"@type":"PropertyValueSpecification","valueRequired":true,"valueName":"search_term_string"}}],"inLanguage":"tr"},{"@type":"Organization","@id":"https:\/\/www.purejewels.com\/#organization","name":"PureJewels \u0130ngiltere","url":"https:\/\/www.purejewels.com\/","logo":{"@type":"ImageObject","inLanguage":"tr","@id":"https:\/\/www.purejewels.com\/#\/schema\/logo\/image\/","url":"https:\/\/static.purejewels.com\/wp-content\/uploads\/2020\/11\/Logo-PJ-New-1.png","contentUrl":"https:\/\/static.purejewels.com\/wp-content\/uploads\/2020\/11\/Logo-PJ-New-1.png","width":150,"height":80,"caption":"PureJewels UK"},"image":{"@id":"https:\/\/www.purejewels.com\/#\/schema\/logo\/image\/"}}]}},"_links":{"self":[{"href":"https:\/\/www.purejewels.com\/tr\/wp-json\/wp\/v2\/product\/298048","targetHints":{"allow":["GET"]}}],"collection":[{"href":"https:\/\/www.purejewels.com\/tr\/wp-json\/wp\/v2\/product"}],"about":[{"href":"https:\/\/www.purejewels.com\/tr\/wp-json\/wp\/v2\/types\/product"}],"replies":[{"embeddable":true,"href":"https:\/\/www.purejewels.com\/tr\/wp-json\/wp\/v2\/comments?post=298048"}],"version-history":[{"count":0,"href":"https:\/\/www.purejewels.com\/tr\/wp-json\/wp\/v2\/product\/298048\/revisions"}],"wp:featuredmedia":[{"embeddable":true,"href":"https:\/\/www.purejewels.com\/tr\/wp-json\/wp\/v2\/media\/315604"}],"wp:attachment":[{"href":"https:\/\/www.purejewels.com\/tr\/wp-json\/wp\/v2\/media?parent=298048"}],"wp:term":[{"taxonomy":"product_brand","embeddable":true,"href":"https:\/\/www.purejewels.com\/tr\/wp-json\/wp\/v2\/product_brand?post=298048"},{"taxonomy":"product_cat","embeddable":true,"href":"https:\/\/www.purejewels.com\/tr\/wp-json\/wp\/v2\/product_cat?post=298048"},{"taxonomy":"product_tag","embeddable":true,"href":"https:\/\/www.purejewels.com\/tr\/wp-json\/wp\/v2\/product_tag?post=298048"}],"curies":[{"name":"wp","href":"https:\/\/api.w.org\/{rel}","templated":true}]}}